{"id":6867,"date":"2021-08-06T13:58:34","date_gmt":"2021-08-06T13:58:34","guid":{"rendered":"https:\/\/bozita.com\/pl\/zycie-z-kotem\/zabawy-dla-kota\/zabawy-dla-kota\/"},"modified":"2022-09-29T07:03:34","modified_gmt":"2022-09-29T07:03:34","slug":"zabawy-dla-kota","status":"publish","type":"page","link":"https:\/\/bozita.com\/pl\/zycie-z-kotem\/zabawy-dla-kota\/zabawy-dla-kota\/","title":{"rendered":"Zabawy dla kota idealnym sposobem jego aktywizacji"},"content":{"rendered":"\t\t<section class=\"small-hero\">\n\t\t\t<div class=\"container\">\n\t\t\t\t<h5>Knowledge<\/h5><h1 class=\"small-hero-title\">ZABAWY DLA KOTA<\/h1><p><p>Kot jest drapie\u017cnikiem z instynktem \u0142owieckim, kt\u00f3ry nale\u017cy zaspokoi\u0107 stymuluj\u0105c zar\u00f3wno jego fizyczn\u0105, jak i umys\u0142ow\u0105 aktywno\u015b\u0107.<\/p>\n<\/p>\t\t\t<\/div>\n\t\t\t<\/div>\n\t\t<\/section>\n\t\n\n\t<div class=\"text-box-warp\">\n\t\t<div class=\"container\">\n\t\t\t<div class=\"text-content\">\n\t\t\t\t<p><strong>Kot, kt\u00f3remu nie zapewni si\u0119 wystarczaj\u0105cej ilo\u015bci bod\u017ac\u00f3w, cz\u0119sto reaguje stresem, co mo\u017ce objawia\u0107 si\u0119 niewyt\u0142umaczalnym miauczeniem, przesadnym myciem sier\u015bci czy za\u0142atwianiem si\u0119 poza kuwet\u0105. Aktywizacja kota ma ogromne znaczenie, zw\u0142aszcza w przypadku zwierz\u0105t \u017cyj\u0105cych w domu. W\u00a0wi\u0119kszo\u015bci przypadk\u00f3w nie mog\u0105 one samodzielnie zaspokoi\u0107 swojego instynktu \u0142owieckiego i potrzebuj\u0105 w tym celu pomocy opiekun\u00f3w.<\/strong><\/p>\n<h2>STYMULUJ\u0104CE OTOCZENIE ROZRUSZA KOTA<\/h2>\n<p>Wszystkie koty potrzebuj\u0105 stymulacji i obowi\u0105zkiem ka\u017cdego w\u0142a\u015bciciela jest odpowiednie urozmaicenie otoczenia kota. Oznacza to, \u017ce koty \u017cyj\u0105ce w domu r\u00f3wnie\u017c potrzebuj\u0105 wyzwa\u0144 \u2013 na przyk\u0142ad w postaci podwy\u017cszonych legowisk i miejsc do siedzenia, drzewek lub s\u0142upk\u00f3w do drapania czy kryj\u00f3wek. Koty domowe potrzebuj\u0105 zar\u00f3wno fizycznej, jak i\u00a0umys\u0142owej aktywno\u015bci.<\/p>\n<h2>TW\u00d3J KOT POTRAFI STYMULOWA\u0106 SI\u0118 SAM<\/h2>\n<p>Aktywizacja kota polega mi\u0119dzy innymi na tym, aby zach\u0119ci\u0107 go do samodzielnej zabawy. To ca\u0142kiem proste. Istnieje mn\u00f3stwo zabawek dla kota \u2013 mo\u017cesz kupi\u0107 je w sklepie lub wykona\u0107 z przedmiot\u00f3w dost\u0119pnych w domu takich jak kartony czy rolki po papierze toaletowym. W obu przypadkach zabawki te wspaniale nadaj\u0105 si\u0119 do stymulacji zar\u00f3wno kota mieszkaj\u0105cego w domu, jak i na zewn\u0105trz. Ponadto pami\u0119taj, aby zawsze mie\u0107 kota na oku podczas zabawy z k\u0142\u0119bkiem we\u0142ny, sznurkiem oraz innymi rzeczami, w kt\u00f3re mo\u017ce si\u0119 zapl\u0105ta\u0107 lub kt\u00f3re mo\u017ce po\u0142kn\u0105\u0107.<\/p>\n<p>Jedzenie zawsze stanowi doskona\u0142\u0105 zach\u0119t\u0119 do zabawy. Pochowaj przysmaki w r\u00f3\u017cnych zakamarkach, aby Tw\u00f3j kot m\u00f3g\u0142 ich poszuka\u0107, jak drapie\u017cnik szukaj\u0105cy \u0142upu na wolno\u015bci. Po\u0142\u00f3\u017c kilka smako\u0142yk\u00f3w na szczycie drzewka do drapania, pod sto\u0142em lub za fotelem i\u00a0pozw\u00f3l kotu zaj\u0105\u0107 si\u0119 reszt\u0105. Idealnie sprawdzaj\u0105 si\u0119 tak\u017ce interaktywne pojemniki na karm\u0119, kt\u00f3re stanowi\u0105 dla kota doskona\u0142e wyzwanie na co dzie\u0144, stymuluj\u0105ce zar\u00f3wno jego cia\u0142o, jak i umys\u0142. Zosta\u0142y nawet przeprowadzone badania, kt\u00f3re wykaza\u0142y, \u017ce interaktywne pojemniki na karm\u0119 mog\u0105 zwalcza\u0107 stres i leczy\u0107 zwi\u0105zane z nim zaburzenia u kot\u00f3w oraz ps\u00f3w \u017cyj\u0105cych w domach.<\/p>\n<p>Je\u015bli aktywizacja i zach\u0119cenie kota do zabawy z u\u017cyciem interaktywnych zabawek sprawia Ci trudno\u015bci, mo\u017cesz si\u0119gn\u0105\u0107 po kocimi\u0119tk\u0119. Wi\u0119kszo\u015b\u0107 kot\u00f3w reaguje bardzo pozytywnie na substancj\u0119 zawart\u0105 w tym \u201ewabiku na koty\u201d. Podwy\u017cszony nastr\u00f3j sprawi, \u017ce kot bardziej zainteresuje si\u0119 zabaw\u0105.<\/p>\n<h2>BAW SI\u0118 Z KOTEM, ABY WZMOCNI\u0106 WASZ\u0104 WI\u0118\u0179<\/h2>\n<p>Opr\u00f3cz instynktu \u0142owieckiego, koty musz\u0105 zaspokoi\u0107 r\u00f3wnie\u017c swoje potrzeby zwi\u0105zane z\u00a0dzienn\u0105 dawk\u0105 interakcji spo\u0142ecznych. Poszukaj wsp\u00f3lnych zabaw, kt\u00f3re pozwol\u0105 Ci zach\u0119ci\u0107 kota do codziennego ruchu i wzmocni\u0105 Wasz\u0105 wi\u0119\u017a.<\/p>\n<p>Agility to trening przeznaczony dla kot\u00f3w o wysokim poziomie aktywno\u015bci. Mo\u017cesz \u0142atwo zbudowa\u0107 tor przeszk\u00f3d z dost\u0119pnych przedmiot\u00f3w takich jak ksi\u0105\u017cki czy krzes\u0142a. Baw si\u0119 z\u00a0kotem, wabi\u0105c go do przej\u015bcia nad, pod lub wok\u00f3\u0142 przeszk\u00f3d.<\/p>\n\t\t\t<\/div>\n\t\t<\/div>\n\t<\/div>\n\n\n\t<section class=\"block section-promos\">\n\t\t<div class=\"container\">\n\t\t\t<div class=\"row\">\n\t\t\t\t\t\t\t\t\t\t<div class=\"col-md-6\">\n\t\t\t\t\t\t\t<div class=\"card\">\n\t\t\t\t\t\t\t\t\t\t\t\t\t\t\t\t\t<img decoding=\"async\" class=\"card-img-top\" src=\"https:\/\/bozita.com\/pl\/wp-content\/uploads\/sites\/9\/2021\/06\/bozita-katt-halsa.jpg\" alt=\"\">\n\t\t\t\t\t\t\t\t\t\t\t\t\t\t\t\t<div class=\"card-body\">\n\t\t\t\t\t\t\t\t\t<h5 class=\"card-title\">Zdrowie kota<\/h5>\n\t\t\t\t\t\t\t\t\t<p class=\"card-text\"><\/p>\n\t\t\t\t\t\t\t\t\t\t\t\t\t\t\t\t\t\t\t<a target=\"\" href=\"https:\/\/bozita.com\/pl\/zycie-z-kotem\/zdrowie-kota\/\" class=\"btn btn-white\">Zdrowie kota<\/a>\n\t\t\t\t\t\t\t\t\t\t\t\t\t\t\t\t\t\t<\/div>\n\t\t\t\t\t\t\t<\/div>\n\t\t\t\t\t\t<\/div>\n\t\t\t\t\t\t\t\t\t\t\t\t<div class=\"col-md-6\">\n\t\t\t\t\t\t\t<div class=\"card\">\n\t\t\t\t\t\t\t\t\t\t\t\t\t\t\t\t\t<img decoding=\"async\" class=\"card-img-top\" src=\"https:\/\/bozita.com\/pl\/wp-content\/uploads\/sites\/9\/2021\/06\/bozita-nutrition-kost-katt.jpg\" alt=\"\">\n\t\t\t\t\t\t\t\t\t\t\t\t\t\t\t\t<div class=\"card-body\">\n\t\t\t\t\t\t\t\t\t<h5 class=\"card-title\">Zywienie i dieta<\/h5>\n\t\t\t\t\t\t\t\t\t<p class=\"card-text\"><\/p>\n\t\t\t\t\t\t\t\t\t\t\t\t\t\t\t\t\t\t\t<a target=\"\" href=\"https:\/\/bozita.com\/pl\/karma-dla-kotow\/zywienie-i-dieta\/\" class=\"btn btn-white\">Zywienie i dieta<\/a>\n\t\t\t\t\t\t\t\t\t\t\t\t\t\t\t\t\t\t<\/div>\n\t\t\t\t\t\t\t<\/div>\n\t\t\t\t\t\t<\/div>\n\t\t\t\t\t\t\t\t\t\t\t\t<div class=\"col-md-6\">\n\t\t\t\t\t\t\t<div class=\"card\">\n\t\t\t\t\t\t\t\t\t\t\t\t\t\t\t\t\t<img decoding=\"async\" class=\"card-img-top\" src=\"https:\/\/bozita.com\/pl\/wp-content\/uploads\/sites\/9\/2021\/06\/bozita-katt-utveckling.jpg\" alt=\"\">\n\t\t\t\t\t\t\t\t\t\t\t\t\t\t\t\t<div class=\"card-body\">\n\t\t\t\t\t\t\t\t\t<h5 class=\"card-title\">Rozwoj kotow<\/h5>\n\t\t\t\t\t\t\t\t\t<p class=\"card-text\"><\/p>\n\t\t\t\t\t\t\t\t\t\t\t\t\t\t\t\t\t\t\t<a target=\"\" href=\"https:\/\/bozita.com\/pl\/zycie-z-kotem\/rozwoj-kotow\/\" class=\"btn btn-white\">Rozwoj kotow<\/a>\n\t\t\t\t\t\t\t\t\t\t\t\t\t\t\t\t\t\t<\/div>\n\t\t\t\t\t\t\t<\/div>\n\t\t\t\t\t\t<\/div>\n\t\t\t\t\t\t\t\t\t\t\t\t<div class=\"col-md-6\">\n\t\t\t\t\t\t\t<div class=\"card\">\n\t\t\t\t\t\t\t\t\t\t\t\t\t\t\t\t\t<img decoding=\"async\" class=\"card-img-top\" src=\"https:\/\/bozita.com\/pl\/wp-content\/uploads\/sites\/9\/2021\/08\/buying-cat-promo-kitten.jpg\" alt=\"\">\n\t\t\t\t\t\t\t\t\t\t\t\t\t\t\t\t<div class=\"card-body\">\n\t\t\t\t\t\t\t\t\t<h5 class=\"card-title\">Kupno kota<\/h5>\n\t\t\t\t\t\t\t\t\t<p class=\"card-text\"><\/p>\n\t\t\t\t\t\t\t\t\t\t\t\t\t\t\t\t\t\t\t<a target=\"\" href=\"https:\/\/bozita.com\/pl\/zycie-z-kotem\/kupno-kota\/\" class=\"btn btn-white\">Kupno kota<\/a>\n\t\t\t\t\t\t\t\t\t\t\t\t\t\t\t\t\t\t<\/div>\n\t\t\t\t\t\t\t<\/div>\n\t\t\t\t\t\t<\/div>\n\t\t\t\t\t\t\t\t\t<\/div>\n\t\t<\/div>\n\t<\/section>\n","protected":false},"excerpt":{"rendered":"","protected":false},"author":1,"featured_media":6868,"parent":6858,"menu_order":0,"comment_status":"closed","ping_status":"closed","template":"guternberg.php","meta":{"footnotes":""},"acf":[],"yoast_head":"<!-- This site is optimized with the Yoast SEO plugin v21.3 - https:\/\/yoast.com\/wordpress\/plugins\/seo\/ -->\n<title>Zabawy dla kota idealnym sposobem jego aktywizacji | Bozita Polska<\/title>\n<meta name=\"description\" content=\"Stymuluj aktywno\u015b\u0107 - zar\u00f3wno umys\u0142ow\u0105, jak i fizyczn\u0105 - swojego kota. Zabawa z kotem podobnie jak ruch jest niezb\u0119dna dla zdrowia, zw\u0142aszcza domowego kota.\" \/>\n<meta name=\"robots\" content=\"index, follow, max-snippet:-1, max-image-preview:large, max-video-preview:-1\" \/>\n<link rel=\"canonical\" href=\"https:\/\/bozita.com\/pl\/zycie-z-kotem\/zabawy-dla-kota\/zabawy-dla-kota\/\" \/>\n<meta property=\"og:locale\" content=\"pl_PL\" \/>\n<meta property=\"og:type\" content=\"article\" \/>\n<meta property=\"og:title\" content=\"Zabawy dla kota idealnym sposobem jego aktywizacji | Bozita Polska\" \/>\n<meta property=\"og:description\" content=\"Stymuluj aktywno\u015b\u0107 - zar\u00f3wno umys\u0142ow\u0105, jak i fizyczn\u0105 - swojego kota. Zabawa z kotem podobnie jak ruch jest niezb\u0119dna dla zdrowia, zw\u0142aszcza domowego kota.\" \/>\n<meta property=\"og:url\" content=\"https:\/\/bozita.com\/pl\/zycie-z-kotem\/zabawy-dla-kota\/zabawy-dla-kota\/\" \/>\n<meta property=\"og:site_name\" content=\"Bozita Polska\" \/>\n<meta property=\"article:modified_time\" content=\"2022-09-29T07:03:34+00:00\" \/>\n<meta property=\"og:image\" content=\"https:\/\/bozita.com\/pl\/wp-content\/uploads\/sites\/9\/2021\/08\/bozita-aktivera-innekatt.jpg\" \/>\n\t<meta property=\"og:image:width\" content=\"800\" \/>\n\t<meta property=\"og:image:height\" content=\"534\" \/>\n\t<meta property=\"og:image:type\" content=\"image\/jpeg\" \/>\n<meta name=\"twitter:card\" content=\"summary_large_image\" \/>\n<!-- \/ Yoast SEO plugin. -->","yoast_head_json":{"title":"Zabawy dla kota idealnym sposobem jego aktywizacji | Bozita Polska","description":"Stymuluj aktywno\u015b\u0107 - zar\u00f3wno umys\u0142ow\u0105, jak i fizyczn\u0105 - swojego kota. Zabawa z kotem podobnie jak ruch jest niezb\u0119dna dla zdrowia, zw\u0142aszcza domowego kota.","robots":{"index":"index","follow":"follow","max-snippet":"max-snippet:-1","max-image-preview":"max-image-preview:large","max-video-preview":"max-video-preview:-1"},"canonical":"https:\/\/bozita.com\/pl\/zycie-z-kotem\/zabawy-dla-kota\/zabawy-dla-kota\/","og_locale":"pl_PL","og_type":"article","og_title":"Zabawy dla kota idealnym sposobem jego aktywizacji | Bozita Polska","og_description":"Stymuluj aktywno\u015b\u0107 - zar\u00f3wno umys\u0142ow\u0105, jak i fizyczn\u0105 - swojego kota. Zabawa z kotem podobnie jak ruch jest niezb\u0119dna dla zdrowia, zw\u0142aszcza domowego kota.","og_url":"https:\/\/bozita.com\/pl\/zycie-z-kotem\/zabawy-dla-kota\/zabawy-dla-kota\/","og_site_name":"Bozita Polska","article_modified_time":"2022-09-29T07:03:34+00:00","og_image":[{"width":800,"height":534,"url":"https:\/\/bozita.com\/pl\/wp-content\/uploads\/sites\/9\/2021\/08\/bozita-aktivera-innekatt.jpg","type":"image\/jpeg"}],"twitter_card":"summary_large_image","schema":{"@context":"https:\/\/schema.org","@graph":[{"@type":"WebPage","@id":"https:\/\/bozita.com\/pl\/zycie-z-kotem\/zabawy-dla-kota\/zabawy-dla-kota\/","url":"https:\/\/bozita.com\/pl\/zycie-z-kotem\/zabawy-dla-kota\/zabawy-dla-kota\/","name":"Zabawy dla kota idealnym sposobem jego aktywizacji | Bozita Polska","isPartOf":{"@id":"https:\/\/bozita.com\/pl\/#website"},"datePublished":"2021-08-06T13:58:34+00:00","dateModified":"2022-09-29T07:03:34+00:00","description":"Stymuluj aktywno\u015b\u0107 - zar\u00f3wno umys\u0142ow\u0105, jak i fizyczn\u0105 - swojego kota. Zabawa z kotem podobnie jak ruch jest niezb\u0119dna dla zdrowia, zw\u0142aszcza domowego kota.","breadcrumb":{"@id":"https:\/\/bozita.com\/pl\/zycie-z-kotem\/zabawy-dla-kota\/zabawy-dla-kota\/#breadcrumb"},"inLanguage":"pl-PL","potentialAction":[{"@type":"ReadAction","target":["https:\/\/bozita.com\/pl\/zycie-z-kotem\/zabawy-dla-kota\/zabawy-dla-kota\/"]}]},{"@type":"BreadcrumbList","@id":"https:\/\/bozita.com\/pl\/zycie-z-kotem\/zabawy-dla-kota\/zabawy-dla-kota\/#breadcrumb","itemListElement":[{"@type":"ListItem","position":1,"name":"Home","item":"https:\/\/bozita.com\/pl\/"},{"@type":"ListItem","position":2,"name":"Kupno kota i \u017cycie z nim. Porady dla pocz\u0105tkuj\u0105cych","item":"https:\/\/bozita.com\/pl\/zycie-z-kotem\/"},{"@type":"ListItem","position":3,"name":"Zabawy dla kota","item":"https:\/\/bozita.com\/pl\/zycie-z-kotem\/zabawy-dla-kota\/"},{"@type":"ListItem","position":4,"name":"Zabawy dla kota idealnym sposobem jego aktywizacji"}]},{"@type":"WebSite","@id":"https:\/\/bozita.com\/pl\/#website","url":"https:\/\/bozita.com\/pl\/","name":"Bozita Polska","description":"","potentialAction":[{"@type":"SearchAction","target":{"@type":"EntryPoint","urlTemplate":"https:\/\/bozita.com\/pl\/?s={search_term_string}"},"query-input":"required name=search_term_string"}],"inLanguage":"pl-PL"}]}},"_links":{"self":[{"href":"https:\/\/bozita.com\/pl\/wp-json\/wp\/v2\/pages\/6867"}],"collection":[{"href":"https:\/\/bozita.com\/pl\/wp-json\/wp\/v2\/pages"}],"about":[{"href":"https:\/\/bozita.com\/pl\/wp-json\/wp\/v2\/types\/page"}],"author":[{"embeddable":true,"href":"https:\/\/bozita.com\/pl\/wp-json\/wp\/v2\/users\/1"}],"replies":[{"embeddable":true,"href":"https:\/\/bozita.com\/pl\/wp-json\/wp\/v2\/comments?post=6867"}],"version-history":[{"count":3,"href":"https:\/\/bozita.com\/pl\/wp-json\/wp\/v2\/pages\/6867\/revisions"}],"predecessor-version":[{"id":9514,"href":"https:\/\/bozita.com\/pl\/wp-json\/wp\/v2\/pages\/6867\/revisions\/9514"}],"up":[{"embeddable":true,"href":"https:\/\/bozita.com\/pl\/wp-json\/wp\/v2\/pages\/6858"}],"wp:featuredmedia":[{"embeddable":true,"href":"https:\/\/bozita.com\/pl\/wp-json\/wp\/v2\/media\/6868"}],"wp:attachment":[{"href":"https:\/\/bozita.com\/pl\/wp-json\/wp\/v2\/media?parent=6867"}],"curies":[{"name":"wp","href":"https:\/\/api.w.org\/{rel}","templated":true}]}}