{"id":6876,"date":"2021-06-20T21:23:57","date_gmt":"2021-06-20T21:23:57","guid":{"rendered":"https:\/\/bozita.com\/pl\/karma-dla-psow\/zywienie-i-dieta\/co-i-jak-czesto-powinien-jesc-szczeniak\/"},"modified":"2022-10-24T11:30:23","modified_gmt":"2022-10-24T11:30:23","slug":"co-i-jak-czesto-powinien-jesc-szczeniak","status":"publish","type":"page","link":"https:\/\/bozita.com\/pl\/karma-dla-psow\/zywienie-i-dieta\/co-i-jak-czesto-powinien-jesc-szczeniak\/","title":{"rendered":"Karma dla szczeniaka &#8211; Co powinien je\u015b\u0107 szczeniak?"},"content":{"rendered":"\t\t<section class=\"small-hero\">\n\t\t\t<div class=\"container\">\n\t\t\t\t<h1 class=\"small-hero-title\">CO I JAK CZ\u0118STO POWINIEN JE\u015a\u0106 SZCZENIAK?<\/h1>\t\t\t<\/div>\n\t\t\t<\/div>\n\t\t<\/section>\n\t\n\n\t<div class=\"text-box-warp\">\n\t\t<div class=\"container\">\n\t\t\t<div class=\"text-content\">\n\t\t\t\t<p><strong>Jaka karma dla szczeniaka b\u0119dzie odpowiednia dla Twojego czworonoga? W jakich ilo\u015bciach i jak cz\u0119sto powinien je\u015b\u0107 Tw\u00f3j ulubieniec? To tylko kilka z wielu rzeczy, o kt\u00f3rych musisz my\u015ble\u0107 jako nowy w\u0142a\u015bciciel psa. Rosn\u0105ce szczeni\u0119 powinno otrzymywa\u0107 po\u017cywienie dopasowane do jego etapu \u017cycia i wzrostu, czyli po prostu dobr\u0105 karm\u0119 dla szczeni\u0105t. Wtedy mo\u017cesz mie\u0107 pewno\u015b\u0107, \u017ce otrzymuje ono odpowiednie sk\u0142adniki od\u017cywcze, w odpowiedniej ilo\u015bci.<\/strong><\/p>\n<h2>KARMA DLA SZCZENIAKA &#8211; JAK\u0104 NAJLEPIEJ WYBRA\u0106?<\/h2>\n<p>Psy potrzebuj\u0105 karmy dopasowanej do danego etapu \u017cycia. Zaleca si\u0119 podawanie szczeni\u0119tom specjalnie przygotowanej karmy, poniewa\u017c potrzeby rosn\u0105cego psa s\u0105 inne ni\u017c potrzeby doros\u0142ego czworonoga. Szczeniak musi w kr\u00f3tkim czasie rozwin\u0105\u0107 szkielet, mi\u0119\u015bnie, organy i tkanki, dlatego te\u017c potrzebuje odpowiednio zbilansowanej diety.<\/p>\n<p>Karma dla szczeniaka posiada odpowiedni\u0105 ilo\u015b\u0107 bia\u0142ka, t\u0142uszcz\u00f3w i kalorii, a tak\u017ce dawk\u0119 wapnia i fosforu. Dzi\u0119ki takiej karmie mo\u017cesz mie\u0107 pewno\u015b\u0107, \u017ce Tw\u00f3j szczeniak otrzymuje wystarczaj\u0105c\u0105 ilo\u015b\u0107 sk\u0142adnik\u00f3w od\u017cywczych w prawid\u0142owej dawce i wyro\u015bnie na zdrowego psa.<\/p>\n<p>Du\u017ce rasy ps\u00f3w rosn\u0105 w inny spos\u00f3b przez co s\u0105 cz\u0119\u015bciej nara\u017cone na zaburzenia wzrostu ko\u015bci, je\u015bli ich karma zawiera zbyt du\u017co kalorii, wapnia i fosforu. W\u0142a\u015bnie dlatego istniej\u0105 karmy specjalnie dopasowane do potrzeb tych ras.<\/p>\n<h2>ILO\u015a\u0106 KARMY I CZ\u0118STOTLIWO\u015a\u0106 KARMIENIA<\/h2>\n<p>Ilo\u015b\u0107 karmy zale\u017cy od obecnej wagi szczeni\u0119cia, jego wagi docelowej jako doros\u0142ego psa oraz poziomu codziennej aktywno\u015bci. Zwr\u00f3\u0107 uwag\u0119 na tabel\u0119 \u017cywienia znajduj\u0105c\u0105 si\u0119 na wi\u0119kszo\u015bci opakowa\u0144 karm. To dobra wskaz\u00f3wka na temat ilo\u015bci karmy potrzebnej szczeni\u0119tom.<\/p>\n<p>Najbardziej intensywny okres rozwoju szczeni\u0105t przypada zazwyczaj mi\u0119dzy 3 i 6 miesi\u0105cem \u017cycia. Potrzebuj\u0105 one wtedy najwi\u0119cej kalorii w stosunku do wagi, nawet do 50% zapotrzebowania doros\u0142ego psa. Jednak \u017co\u0142\u0105dek szczeni\u0119cia jest jeszcze ma\u0142y, a jego uk\u0142ad pokarmowy nie jest w pe\u0142ni rozwini\u0119ty. Dlatego mo\u017cna z powodzeniem podzieli\u0107 dzienn\u0105 dawk\u0119 karmy na kilka mniejszych posi\u0142k\u00f3w, oko\u0142o 4-5, aby szczeniak otrzyma\u0142o odpowiedni\u0105 ilo\u015b\u0107 kalorii nie odczuwaj\u0105c problem\u00f3w \u017co\u0142\u0105dkowych. Mo\u017cesz te\u017c rozmi\u0119kczy\u0107 karm\u0119 wod\u0105, aby by\u0142a \u0142atwiejsza do gryzienia i przetrawienia. Oko\u0142o 8 miesi\u0105ca \u017cycia szczeni\u0119cia mo\u017cesz zmniejszy\u0107 ilo\u015b\u0107 mniejszych posi\u0142k\u00f3w do dw\u00f3ch dziennie.<\/p>\n<p>Szczeniaki nie powinny mie\u0107 du\u017cej ilo\u015bci tkanki t\u0142uszczowej, poniewa\u017c mo\u017ce ona wp\u0142ywa\u0107 negatywnie na ich nierozwini\u0119te ko\u015bci. Szczeni\u0119 z nadwag\u0105 jest nara\u017cone na takie ryzyko tak\u017ce w doros\u0142ym wieku. \u017bebra psa nie powinny by\u0107 widoczne, ale wyczuwalne przy delikatnym dotyku.<\/p>\n<p>Je\u017celi Tw\u00f3j pies jest weso\u0142y, zdrowy i ma zdrow\u0105 sier\u015b\u0107, oznacza to, \u017ce karma, kt\u00f3r\u0105 mu podajesz spe\u0142nia swoj\u0105 funkcj\u0119.<\/p>\n<h2>KIEDY KARMA DLA SZCZENIAKA POWINNA ZOSTA\u0106 ZMIENIONA NA KARM\u0118 DLA DOROS\u0141YCH PS\u00d3W?<\/h2>\n<p>Moment przej\u015bcia z karmy dla szczeniaka na karm\u0119 dla doros\u0142ych ps\u00f3w zale\u017cy od rasy psa. Zmiana powinna mie\u0107 miejsce, gdy pies osi\u0105gnie swoj\u0105 docelow\u0105 doros\u0142\u0105 wag\u0119. Rasy miniaturowe i ma\u0142e osi\u0105gaj\u0105 j\u0105 oko\u0142o 8-12 miesi\u0105ca \u017cycia. Rasy du\u017ce rosn\u0105 d\u0142u\u017cej, do 12-15 miesi\u0105ca, a rasy olbrzymie nawet do 18-24 miesi\u0105ca.<\/p>\n<h2>DLACZEGO KARMA DLA SZCZENIAKA NIE POWINNA BY\u0106 ZBYT WCZE\u015aNIE ZMIENIANA?<\/h2>\n<p>W pierwszych chwilach po przyje\u017adzie do Twojego domu dawaj szczeniakowi karm\u0119, kt\u00f3r\u0105 dostawa\u0142 w swoim poprzednim domu np. u hodowcy. Roz\u0142\u0105ka z mam\u0105 i nowe miejsce to wystarczaj\u0105co du\u017ce zmiany. Je\u015bli zmienisz karm\u0119 zbyt wcze\u015bnie istnieje ryzyko, \u017ce stres wp\u0142ynie negatywnie na \u017co\u0142\u0105dek i jelita szczeniaka.<\/p>\n<h2>POWOLI ZMIENIAJ KARM\u0118<\/h2>\n<p>Przy zmianie karmy dla psa nale\u017cy pami\u0119ta\u0107, aby robi\u0107 to stopniowo. Rozpocznij od podawania nowej karmy w ma\u0142ych ilo\u015bciach razem ze star\u0105 i powoli zwi\u0119kszaj jej ilo\u015b\u0107 a\u017c ca\u0142kowicie zast\u0105pi podawan\u0105 wcze\u015bniej karm\u0119.<\/p>\n\t\t\t<\/div>\n\t\t<\/div>\n\t<\/div>\n\n\n<section class=\"block product-promos\">\n\t<div class=\"container\">\n\t\t<div class=\"row align-items-center\">\n\t\t\t<div class=\"col-md-5\">\n\t\t\t\t<div class=\"prdt__promos-heading\">\n\t\t\t\t\t<h3>\n\t\t\t\t\t\tDOBRA KARMA DLA SZCZENI\u0104T I M\u0141ODYCH PS\u00d3W\t\t\t\t\t<\/h3>\n\t\t\t\t\t\t\t\t\t<\/div>\n\t\t\t<\/div>\n\t\t\t<div class=\"col-md-7\">\n\t\t\t\t\t\t\t\t\t<div class=\"owl-carousel owl-theme product-promo-carousel\">\n\t\t\t\t\t\t\t\t\t\t\t\t\t<a href=\"https:\/\/bozita.com\/pl\/karma-dla-ps\u00f3w\/bozita-robur-mother-puppy\/\">\n\t\t\t\t\t\t\t\t<div class=\"blk__prdt-item\">\n\t\t\t\t\t\t\t\t\t<figure>\n\t\t\t\t\t\t\t\t\t\t<img loading=\"lazy\" decoding=\"async\" width=\"400\" height=\"457\" src=\"https:\/\/bozita.com\/pl\/wp-content\/uploads\/sites\/9\/2021\/06\/2035-bozita-robur-mother-puppy.png\" class=\"attachment-post-thumbnail size-post-thumbnail wp-post-image\" alt=\"Prywatne: BOZITA ROBUR MOTHER &amp; PUPPY\" srcset=\"https:\/\/bozita.com\/pl\/wp-content\/uploads\/sites\/9\/2021\/06\/2035-bozita-robur-mother-puppy.png 400w, https:\/\/bozita.com\/pl\/wp-content\/uploads\/sites\/9\/2021\/06\/2035-bozita-robur-mother-puppy-263x300.png 263w\" sizes=\"(max-width: 400px) 100vw, 400px\" \/>\t\t\t\t\t\t\t\t\t\t\t\t\t\t\t\t\t\t\t<\/figure>\n\t\t\t\t\t\t\t\t\t<h4 class=\"carousel-title\"><\/h4>\n\t\t\t\t\t\t\t\t\t<span class=\"carousel-category\">Prywatne: BOZITA ROBUR MOTHER &amp; PUPPY<\/span>\n\t\t\t\t\t\t\t\t\t  \n\t\t\t\t\t\t\t\t\t<ul class=\"category-list\">\n\t\t\t\t\t\t\t\t\t\t\t\t\t\t\t\t\t\t\t\t\t\t\t<li class=\"svg-image\">\n\t\t\t\t\t\t\t\t\t\t\t\t\t\t<img decoding=\"async\" src=\"https:\/\/bozita.com\/pl\/wp-content\/uploads\/sites\/9\/2021\/06\/icon-wheat-free.svg\" \/>\n\t\t\t\t\t\t\t\t\t\t\t\t\t<\/li>\n\t\t\t\t\t\t\t\t\t\t\t\t\t\t\t\t\t\t\t\t\t\t\t\t\t\t\t\t\t\t\t\t\t\t\t\t<li class=\"svg-image\">\n\t\t\t\t\t\t\t\t\t\t\t\t\t\t<img decoding=\"async\" src=\"https:\/\/bozita.com\/pl\/wp-content\/uploads\/sites\/9\/2021\/06\/icon-flavour-chicken.svg\" \/>\n\t\t\t\t\t\t\t\t\t\t\t\t\t<\/li>\n\t\t\t\t\t\t\t\t\t\t\t\t\t\t\t\t\t\t\t\t\t\t<\/ul>       \n\n\t\t\t\t\t\t\t\t<\/div>\n\t\t\t\t\t\t\t<\/a>\n\t\t\t\t\t\t\t\t\t\t\t\t\t\t\t\t\t\t\t\t<a href=\"https:\/\/bozita.com\/pl\/karma-dla-ps\u00f3w\/bozita-robur-mother-puppy-xl\/\">\n\t\t\t\t\t\t\t\t<div class=\"blk__prdt-item\">\n\t\t\t\t\t\t\t\t\t<figure>\n\t\t\t\t\t\t\t\t\t\t<img loading=\"lazy\" decoding=\"async\" width=\"400\" height=\"457\" src=\"https:\/\/bozita.com\/pl\/wp-content\/uploads\/sites\/9\/2021\/06\/2036-bozita-robur-mother-puppy-xl.png\" class=\"attachment-post-thumbnail size-post-thumbnail wp-post-image\" alt=\"Active &amp; Sterilised z Jagni\u0119cin\u0105\" srcset=\"https:\/\/bozita.com\/pl\/wp-content\/uploads\/sites\/9\/2021\/06\/2036-bozita-robur-mother-puppy-xl.png 400w, https:\/\/bozita.com\/pl\/wp-content\/uploads\/sites\/9\/2021\/06\/2036-bozita-robur-mother-puppy-xl-263x300.png 263w\" sizes=\"(max-width: 400px) 100vw, 400px\" \/>\t\t\t\t\t\t\t\t\t\t\t\t\t\t\t\t\t\t\t<\/figure>\n\t\t\t\t\t\t\t\t\t<h4 class=\"carousel-title\"><\/h4>\n\t\t\t\t\t\t\t\t\t<span class=\"carousel-category\">Prywatne: Bozita Robur Mother &amp; Puppy XL<\/span>\n\t\t\t\t\t\t\t\t\t  \n\t\t\t\t\t\t\t\t\t<ul class=\"category-list\">\n\t\t\t\t\t\t\t\t\t\t\t\t\t\t\t\t\t\t\t\t\t\t\t<li class=\"svg-image\">\n\t\t\t\t\t\t\t\t\t\t\t\t\t\t<img decoding=\"async\" src=\"https:\/\/bozita.com\/pl\/wp-content\/uploads\/sites\/9\/2021\/06\/icon-wheat-free.svg\" \/>\n\t\t\t\t\t\t\t\t\t\t\t\t\t<\/li>\n\t\t\t\t\t\t\t\t\t\t\t\t\t\t\t\t\t\t\t\t\t\t\t\t\t\t\t\t\t\t\t\t\t\t\t\t<li class=\"svg-image\">\n\t\t\t\t\t\t\t\t\t\t\t\t\t\t<img decoding=\"async\" src=\"https:\/\/bozita.com\/pl\/wp-content\/uploads\/sites\/9\/2021\/06\/icon-flavour-chicken.svg\" \/>\n\t\t\t\t\t\t\t\t\t\t\t\t\t<\/li>\n\t\t\t\t\t\t\t\t\t\t\t\t\t\t\t\t\t\t\t\t\t\t<\/ul>       \n\n\t\t\t\t\t\t\t\t<\/div>\n\t\t\t\t\t\t\t<\/a>\n\t\t\t\t\t\t\t\t\t\t\t\t\t\t\t\t\t\t\t\t\t\t\t\t\t\t\t<a href=\"https:\/\/bozita.com\/pl\/karma-dla-ps\u00f3w\/bozita-puppy-and-junior-bez-pszenicy\/\">\n\t\t\t\t\t\t\t\t<div class=\"blk__prdt-item\">\n\t\t\t\t\t\t\t\t\t<figure>\n\t\t\t\t\t\t\t\t\t\t<img loading=\"lazy\" decoding=\"async\" width=\"400\" height=\"400\" src=\"https:\/\/bozita.com\/pl\/wp-content\/uploads\/sites\/9\/2021\/06\/4043-bozita-puppy-junior-wheat-free-12-5-kg.png\" class=\"attachment-post-thumbnail size-post-thumbnail wp-post-image\" alt=\"Bozita Puppy &amp; Junior bez pszenicy\" srcset=\"https:\/\/bozita.com\/pl\/wp-content\/uploads\/sites\/9\/2021\/06\/4043-bozita-puppy-junior-wheat-free-12-5-kg.png 400w, https:\/\/bozita.com\/pl\/wp-content\/uploads\/sites\/9\/2021\/06\/4043-bozita-puppy-junior-wheat-free-12-5-kg-300x300.png 300w, https:\/\/bozita.com\/pl\/wp-content\/uploads\/sites\/9\/2021\/06\/4043-bozita-puppy-junior-wheat-free-12-5-kg-150x150.png 150w\" sizes=\"(max-width: 400px) 100vw, 400px\" \/>\t\t\t\t\t\t\t\t\t\t\t\t\t\t\t\t\t\t\t<\/figure>\n\t\t\t\t\t\t\t\t\t<h4 class=\"carousel-title\"><\/h4>\n\t\t\t\t\t\t\t\t\t<span class=\"carousel-category\">Bozita Puppy &amp; Junior bez pszenicy<\/span>\n\t\t\t\t\t\t\t\t\t  \n\t\t\t\t\t\t\t\t\t<ul class=\"category-list\">\n\t\t\t\t\t\t\t\t\t\t\t\t\t\t\t\t\t\t\t\t\t\t\t<li class=\"svg-image\">\n\t\t\t\t\t\t\t\t\t\t\t\t\t\t<img decoding=\"async\" src=\"https:\/\/bozita.com\/pl\/wp-content\/uploads\/sites\/9\/2021\/06\/icon-wheat-free.svg\" \/>\n\t\t\t\t\t\t\t\t\t\t\t\t\t<\/li>\n\t\t\t\t\t\t\t\t\t\t\t\t\t\t\t\t\t\t\t\t\t\t\t\t\t\t\t\t\t\t\t\t\t\t\t\t<li class=\"svg-image\">\n\t\t\t\t\t\t\t\t\t\t\t\t\t\t<img decoding=\"async\" src=\"https:\/\/bozita.com\/pl\/wp-content\/uploads\/sites\/9\/2021\/06\/icon-flavour-chicken.svg\" \/>\n\t\t\t\t\t\t\t\t\t\t\t\t\t<\/li>\n\t\t\t\t\t\t\t\t\t\t\t\t\t\t\t\t\t\t\t\t\t\t<\/ul>       \n\n\t\t\t\t\t\t\t\t<\/div>\n\t\t\t\t\t\t\t<\/a>\n\t\t\t\t\t\t\t\t\t\t\t\t\t\t\t\t\t\t<\/div>\n\t\t\t\t\t\t\t<\/div>\n\t\t<\/div>\n\t<\/div>\n<\/section>\n<script>\njQuery(document).ready(function($) {\n\tjQuery('.product-promo-carousel').owlCarousel({\n\tloop: true,\n\tmargin: 10,\n\tresponsiveClass: true,\n\tresponsive: {\n\t\t0: {\n\t\titems: 1,\n\t\tnav: true\n\t\t},\n\t\t600: {\n\t\titems: 1,\n\t\tnav: true\n\t\t},\n\t\t1000: {\n\t\titems: 2,\n\t\tnav: true,\n\t\t}\n\t}\n\t})\n\tjQuery(\".owl-prev\").html('<span><<\/span>');\n\tjQuery(\".owl-next\").html('<span>><\/span>');\n\n\tvar slider = jQuery('.promo-slider-list');\n\tslider.owlCarousel();\n\tjQuery('.nextbtn-a').click(function() {\n\tslider.trigger('next.owl.carousel');\n\t})\n\t\/\/ Go to the previous item\n\tjQuery('.prebtn-a').click(function() {\n\tslider.trigger('prev.owl.carousel', [300]);\n\t})\n});\n<\/script>\n\n\n\n\t<section class=\"block related-articles\">\n\t\t<div class=\"container\">\n\t\t\t<h2>Artyku\u0142y powi\u0105zane<\/h2>\n\t\t\t<div class=\"row justify-content-center\">\n\t\t\t\t\t\t\t\t\t\t<div class=\"col-sm-6 col-md-6 col-lg-3\">\n\t\t\t\t\t\t\t\t\t\t\t\t\t\t<div class=\"card \">\n\t\t\t\t\t\t\t\t\t\t\t\t\t\t\t\t\t<img decoding=\"async\"  src=\"https:\/\/bozita.com\/pl\/wp-content\/uploads\/sites\/9\/2021\/08\/bozita-hund-byta-valpfoder-vuxenfoder.jpeg\" alt=\"\">\n\t\t\t\t\t\t\t\t\t\t\t\t\t\t\t\t\t<!-- <img decoding=\"async\" src=\"\n\t\t\t\t\t\t\t\t\t\t\t\t\t\t\t\t\t\t\t\t\" alt=\"\n\t\t\t\t\t\t\t\t\t\t\t\t\t\t\t\t\t\t\t\t\t\t\t\t\t\t\t\"> -->\n\t\t\t\t\t\t\t\t<div class=\"card-body\">\n\t\t\t\t\t\t\t\t\t\t\t\t\t\t\t\t\t\t\t<h6>Zmiana \u017cywienia psa<\/h6>\n\t\t\t\t\t\t\t\t\t\t\t\t\t\t\t\t\t\t\t<a href=\"https:\/\/bozita.com\/pl\/karma-dla-psow\/zywienie-i-dieta\/zmiana-zywienia-psa-od-karmy-dla-szczeniaka-do-karmy-dla-psow\/\">Czytaj wi\u0119cej &nbsp; ><\/a>\n\t\t\t\t\t\t\t\t<\/div>\n\t\t\t\t\t\t\t<\/div>\n\t\t\t\t\t\t<\/div>\n\n\t\t\t\t\t\t\t\t\t\t\t<div class=\"col-sm-6 col-md-6 col-lg-3\">\n\t\t\t\t\t\t\t\t\t\t\t\t\t\t<div class=\"card \">\n\t\t\t\t\t\t\t\t\t\t\t\t\t\t\t\t\t<img decoding=\"async\"  src=\"https:\/\/bozita.com\/pl\/wp-content\/uploads\/sites\/9\/2021\/08\/bozita-utfodring-tik-draktig-digivande.jpeg\" alt=\"\">\n\t\t\t\t\t\t\t\t\t\t\t\t\t\t\t\t\t<!-- <img decoding=\"async\" src=\"\n\t\t\t\t\t\t\t\t\t\t\t\t\t\t\t\t\t\t\t\t\" alt=\"\n\t\t\t\t\t\t\t\t\t\t\t\t\t\t\t\t\t\t\t\t\t\t\t\t\t\t\t\"> -->\n\t\t\t\t\t\t\t\t<div class=\"card-body\">\n\t\t\t\t\t\t\t\t\t\t\t\t\t\t\t\t\t\t\t<h6>Suki w ci\u0105\u017cy i karmi\u0105ce &#8211; od\u017cywanie<\/h6>\n\t\t\t\t\t\t\t\t\t\t\t\t\t\t\t\t\t\t\t<a href=\"https:\/\/bozita.com\/pl\/karma-dla-psow\/zywienie-i-dieta\/czym-powinna-byc-karmiona-suka-w-ciazy\/\">Czytaj wi\u0119cej &nbsp; ><\/a>\n\t\t\t\t\t\t\t\t<\/div>\n\t\t\t\t\t\t\t<\/div>\n\t\t\t\t\t\t<\/div>\n\n\t\t\t\t\t\t\t\t\t\t\t<div class=\"col-sm-6 col-md-6 col-lg-3\">\n\t\t\t\t\t\t\t\t\t\t\t\t\t\t<div class=\"card \">\n\t\t\t\t\t\t\t\t\t\t\t\t\t\t\t\t\t<img decoding=\"async\"  src=\"https:\/\/bozita.com\/pl\/wp-content\/uploads\/sites\/9\/2021\/08\/bozita-hund-borsta-tander-hygien.jpeg\" alt=\"\">\n\t\t\t\t\t\t\t\t\t\t\t\t\t\t\t\t\t<!-- <img decoding=\"async\" src=\"\n\t\t\t\t\t\t\t\t\t\t\t\t\t\t\t\t\t\t\t\t\" alt=\"\n\t\t\t\t\t\t\t\t\t\t\t\t\t\t\t\t\t\t\t\t\t\t\t\t\t\t\t\"> -->\n\t\t\t\t\t\t\t\t<div class=\"card-body\">\n\t\t\t\t\t\t\t\t\t\t\t\t\t\t\t\t\t\t\t<h6>Szczotkowanie z\u0119b\u00f3w | Psie z\u0119by i ich higiena<\/h6>\n\t\t\t\t\t\t\t\t\t\t\t\t\t\t\t\t\t\t\t<a href=\"https:\/\/bozita.com\/pl\/zycie-z-psem\/zdrowie-psa\/higiena-jamy-ustnej-i-szczotkowanie-zebow-psa\/\">Czytaj wi\u0119cej &nbsp; ><\/a>\n\t\t\t\t\t\t\t\t<\/div>\n\t\t\t\t\t\t\t<\/div>\n\t\t\t\t\t\t<\/div>\n\n\t\t\t\t\t\t\t\t\t\t\t\t<\/div>\n\t\t<\/div>\n\t<\/section>\n","protected":false},"excerpt":{"rendered":"","protected":false},"author":1,"featured_media":6706,"parent":6777,"menu_order":0,"comment_status":"closed","ping_status":"closed","template":"guternberg.php","meta":{"footnotes":""},"acf":[],"yoast_head":"<!-- This site is optimized with the Yoast SEO plugin v21.3 - https:\/\/yoast.com\/wordpress\/plugins\/seo\/ -->\n<title>Karma dla szczeniaka - Co powinien je\u015b\u0107 szczeniak? | Bozita Polska<\/title>\n<meta name=\"description\" content=\"Co i jak cz\u0119sto powinno je\u015b\u0107 szczeni\u0119? Dobierz karm\u0119 do wielko\u015bci i aktywno\u015bci Twojego szczeniaka Porady.\" \/>\n<meta name=\"robots\" content=\"index, follow, max-snippet:-1, max-image-preview:large, max-video-preview:-1\" \/>\n<link rel=\"canonical\" href=\"https:\/\/bozita.com\/pl\/karma-dla-psow\/zywienie-i-dieta\/co-i-jak-czesto-powinien-jesc-szczeniak\/\" \/>\n<meta property=\"og:locale\" content=\"pl_PL\" \/>\n<meta property=\"og:type\" content=\"article\" \/>\n<meta property=\"og:title\" content=\"Karma dla szczeniaka - Co powinien je\u015b\u0107 szczeniak? | Bozita Polska\" \/>\n<meta property=\"og:description\" content=\"Co i jak cz\u0119sto powinno je\u015b\u0107 szczeni\u0119? Dobierz karm\u0119 do wielko\u015bci i aktywno\u015bci Twojego szczeniaka Porady.\" \/>\n<meta property=\"og:url\" content=\"https:\/\/bozita.com\/pl\/karma-dla-psow\/zywienie-i-dieta\/co-i-jak-czesto-powinien-jesc-szczeniak\/\" \/>\n<meta property=\"og:site_name\" content=\"Bozita Polska\" \/>\n<meta property=\"article:modified_time\" content=\"2022-10-24T11:30:23+00:00\" \/>\n<meta property=\"og:image\" content=\"https:\/\/bozita.com\/pl\/wp-content\/uploads\/sites\/9\/2021\/06\/bozita-utfodra-valp.jpg\" \/>\n\t<meta property=\"og:image:width\" content=\"1600\" \/>\n\t<meta property=\"og:image:height\" content=\"578\" \/>\n\t<meta property=\"og:image:type\" content=\"image\/jpeg\" \/>\n<meta name=\"twitter:card\" content=\"summary_large_image\" \/>\n<!-- \/ Yoast SEO plugin. -->","yoast_head_json":{"title":"Karma dla szczeniaka - Co powinien je\u015b\u0107 szczeniak? | Bozita Polska","description":"Co i jak cz\u0119sto powinno je\u015b\u0107 szczeni\u0119? Dobierz karm\u0119 do wielko\u015bci i aktywno\u015bci Twojego szczeniaka Porady.","robots":{"index":"index","follow":"follow","max-snippet":"max-snippet:-1","max-image-preview":"max-image-preview:large","max-video-preview":"max-video-preview:-1"},"canonical":"https:\/\/bozita.com\/pl\/karma-dla-psow\/zywienie-i-dieta\/co-i-jak-czesto-powinien-jesc-szczeniak\/","og_locale":"pl_PL","og_type":"article","og_title":"Karma dla szczeniaka - Co powinien je\u015b\u0107 szczeniak? | Bozita Polska","og_description":"Co i jak cz\u0119sto powinno je\u015b\u0107 szczeni\u0119? Dobierz karm\u0119 do wielko\u015bci i aktywno\u015bci Twojego szczeniaka Porady.","og_url":"https:\/\/bozita.com\/pl\/karma-dla-psow\/zywienie-i-dieta\/co-i-jak-czesto-powinien-jesc-szczeniak\/","og_site_name":"Bozita Polska","article_modified_time":"2022-10-24T11:30:23+00:00","og_image":[{"width":1600,"height":578,"url":"https:\/\/bozita.com\/pl\/wp-content\/uploads\/sites\/9\/2021\/06\/bozita-utfodra-valp.jpg","type":"image\/jpeg"}],"twitter_card":"summary_large_image","schema":{"@context":"https:\/\/schema.org","@graph":[{"@type":"WebPage","@id":"https:\/\/bozita.com\/pl\/karma-dla-psow\/zywienie-i-dieta\/co-i-jak-czesto-powinien-jesc-szczeniak\/","url":"https:\/\/bozita.com\/pl\/karma-dla-psow\/zywienie-i-dieta\/co-i-jak-czesto-powinien-jesc-szczeniak\/","name":"Karma dla szczeniaka - Co powinien je\u015b\u0107 szczeniak? | Bozita Polska","isPartOf":{"@id":"https:\/\/bozita.com\/pl\/#website"},"datePublished":"2021-06-20T21:23:57+00:00","dateModified":"2022-10-24T11:30:23+00:00","description":"Co i jak cz\u0119sto powinno je\u015b\u0107 szczeni\u0119? Dobierz karm\u0119 do wielko\u015bci i aktywno\u015bci Twojego szczeniaka Porady.","breadcrumb":{"@id":"https:\/\/bozita.com\/pl\/karma-dla-psow\/zywienie-i-dieta\/co-i-jak-czesto-powinien-jesc-szczeniak\/#breadcrumb"},"inLanguage":"pl-PL","potentialAction":[{"@type":"ReadAction","target":["https:\/\/bozita.com\/pl\/karma-dla-psow\/zywienie-i-dieta\/co-i-jak-czesto-powinien-jesc-szczeniak\/"]}]},{"@type":"BreadcrumbList","@id":"https:\/\/bozita.com\/pl\/karma-dla-psow\/zywienie-i-dieta\/co-i-jak-czesto-powinien-jesc-szczeniak\/#breadcrumb","itemListElement":[{"@type":"ListItem","position":1,"name":"Home","item":"https:\/\/bozita.com\/pl\/"},{"@type":"ListItem","position":2,"name":"Karma dla ps\u00f3w","item":"https:\/\/bozita.com\/pl\/karma-dla-psow\/"},{"@type":"ListItem","position":3,"name":"\u017bywienie i dieta","item":"https:\/\/bozita.com\/pl\/karma-dla-psow\/zywienie-i-dieta\/"},{"@type":"ListItem","position":4,"name":"Karma dla szczeniaka &#8211; Co powinien je\u015b\u0107 szczeniak?"}]},{"@type":"WebSite","@id":"https:\/\/bozita.com\/pl\/#website","url":"https:\/\/bozita.com\/pl\/","name":"Bozita Polska","description":"","potentialAction":[{"@type":"SearchAction","target":{"@type":"EntryPoint","urlTemplate":"https:\/\/bozita.com\/pl\/?s={search_term_string}"},"query-input":"required name=search_term_string"}],"inLanguage":"pl-PL"}]}},"_links":{"self":[{"href":"https:\/\/bozita.com\/pl\/wp-json\/wp\/v2\/pages\/6876"}],"collection":[{"href":"https:\/\/bozita.com\/pl\/wp-json\/wp\/v2\/pages"}],"about":[{"href":"https:\/\/bozita.com\/pl\/wp-json\/wp\/v2\/types\/page"}],"author":[{"embeddable":true,"href":"https:\/\/bozita.com\/pl\/wp-json\/wp\/v2\/users\/1"}],"replies":[{"embeddable":true,"href":"https:\/\/bozita.com\/pl\/wp-json\/wp\/v2\/comments?post=6876"}],"version-history":[{"count":9,"href":"https:\/\/bozita.com\/pl\/wp-json\/wp\/v2\/pages\/6876\/revisions"}],"predecessor-version":[{"id":9692,"href":"https:\/\/bozita.com\/pl\/wp-json\/wp\/v2\/pages\/6876\/revisions\/9692"}],"up":[{"embeddable":true,"href":"https:\/\/bozita.com\/pl\/wp-json\/wp\/v2\/pages\/6777"}],"wp:featuredmedia":[{"embeddable":true,"href":"https:\/\/bozita.com\/pl\/wp-json\/wp\/v2\/media\/6706"}],"wp:attachment":[{"href":"https:\/\/bozita.com\/pl\/wp-json\/wp\/v2\/media?parent=6876"}],"curies":[{"name":"wp","href":"https:\/\/api.w.org\/{rel}","templated":true}]}}