{"id":9926,"date":"2023-07-25T12:09:26","date_gmt":"2023-07-25T12:09:26","guid":{"rendered":"https:\/\/bozita.com\/pl\/?page_id=9926"},"modified":"2025-11-20T10:31:04","modified_gmt":"2025-11-20T10:31:04","slug":"nasza-filozofia","status":"publish","type":"page","link":"https:\/\/bozita.com\/pl\/nasza-filozofia\/","title":{"rendered":"Nasza filozofia"},"content":{"rendered":"<section class=\"small-hero-with-gradient-overlay version-1\">\n\t\t\t\t\t\t\t\t<img decoding=\"async\" class=\"background-image\" src=\"https:\/\/bozita.com\/pl\/wp-content\/uploads\/sites\/9\/2023\/07\/bozita-our-philosophy-hero.jpg\" alt=\"\">\n\t\t\t\t\t\t\t\n\t\t<div class=\"overlay\">\n\t\t\t<div class=\"container\">\n\t\t\t\t<div class=\"row\">\n\t\t\t\t<div class=\"col-md-6 col-lg-4 text-center\">\n\t\t\t\t\t\t\t\t\t\t\t\t\t<img decoding=\"async\" class=\"image\" src=\"https:\/\/bozita.com\/pl\/wp-content\/uploads\/sites\/9\/2023\/07\/Our-Philosophy-Compass_Complete.svg\" alt=\"\">\n\t\t\t\t\t\t\t\t\t\t\t\t<\/div>\n\t\t\t\t\t<div class=\"col-md-6 col-lg-8\">\n\t\t\t\t\t\t<h5>KOMPAS BOZITA<\/h5><h1>Nasza filozofia<\/h1><p><h4><span class=\"HwtZe\" lang=\"pl\"><span class=\"jCAhz ChMk0b\"><span class=\"ryNqvb\">Nasz\u0105 filozofi\u0105 jest, aby Bozita by\u0142a r\u00f3wnie dobra dla zwierz\u0105t i \u015brodowiska.<\/span><\/span><\/span><\/h4>\n<p><span class=\"HwtZe\" lang=\"pl\"><span class=\"jCAhz ChMk0b\"><span class=\"ryNqvb\">Stworzyli\u015bmy kompas, aby u\u0142atwi\u0107 Ci znalezienie produkt\u00f3w, kt\u00f3re s\u0105 r\u00f3wnie dobre dla Twojego zwierzaka, jak i dla naszego \u015brodowiska.<\/span><\/span><\/span> Kompas wskazuje drog\u0119 i zawiera pi\u0119\u0107 warto\u015bci i zasad, kt\u00f3re sprawiaj\u0105, \u017ce karmy Bozita s\u0105 pe\u0142nowarto\u015bciowe i konkurencyjne: zr\u00f3wnowa\u017cony rozw\u00f3j, szacunek dla zwierz\u0105t, zdrowe\u00a0 od\u017cywianie, przejrzyste sk\u0142adniki oraz produkcja w Szwecji. Ambisj\u0105 Bozity jest bycie przyjaznym dla naszych zwierz\u0105t, jak i dla \u015brodowiska w kt\u00f3rym \u017cyjemy.<\/p>\n<\/p>\t\t\t\t\t<\/div>               \n\t\t\t\t<\/div>\n\t\t\t<\/div>\n\t\t<\/div>\n\t<\/section>\n\t\t\n\n\n\t<section class=\"block two-column-image-with-textbox \">\n\t\t<div class=\"container\">\n\t\t\t\t\t\t\t\t<div class=\"mb-5 no-gutters row align-items-center \n\t\t\t\t\t\t\t\t\t\t\t\t\t\t\t\t\t\t\t\t\t\t\t\">\n\t\t\t\t\t\t<div class=\"col-md-6\">\n\t\t\t\t\t\t\t\t\t\t\t\t\t\t\t\t<figure>\n\t\t\t\t\t\t\t\t\t\t\t\t\t\t\t\t\t\t\t\t\t<img decoding=\"async\" class=\"\" src=\"https:\/\/bozita.com\/pl\/wp-content\/uploads\/sites\/9\/2023\/07\/bozita-our-philosophy-made-in-sweden.jpg\" alt=\"\">\n\t\t\t\t\t\t\t\t\t\t\t\t\t\t\t\t\t\t\t\t\t\t\t\t\t\t\t\t\t\t\t<img decoding=\"async\" class=\"logo\" src=\"https:\/\/bozita.com\/pl\/wp-content\/uploads\/sites\/9\/2023\/07\/Our-Philosophy-Compass_Made-In-Sweden.svg\" alt=\"\">\n\t\t\t\t\t\t\t\t\t\t\t\t\t\t\t\t\t\t\t<\/figure>\n\t\t\t\t\t\t\t\t\t\t\t\t\t\t\t<\/div>\n\t\t\t\t\t\t<div class=\"col-md-6\">\n\t\t\t\t\t\t\t<div class=\"content-wrap\">\n\t\t\t\t\t\t\t\t<h2>Made in Sweden <\/h2><p><p><strong><span class=\"HwtZe\" lang=\"pl\"><span class=\"jCAhz ChMk0b\"><span class=\"ryNqvb\">Nasza kuchnia w V\u00e5rg\u00e5rda dzia\u0142a w zgodzie z natur\u0105, a nasza produkcja od dawna posiada certyfikat \u017cywno\u015bci.<\/span><\/span><\/span><\/strong><\/p>\n<p>Receptury produkt\u00f3w zosta\u0142y skrupulatnie opracowane, aby\u015bmy mieli pewno\u015b\u0107, \u017ce nasze karmy zawieraj\u0105 wszystkie sk\u0142adniki od\u017cywcze, kt\u00f3rych potrzebuj\u0105 Wasze psy i koty. Nasze karmy zawieraj\u0105 g\u0142\u00f3wnie szwedzkie sk\u0142adniki, co oznacza wiele korzy\u015bci jako\u015bciowych dla w\u0142a\u015bcicieli zwierz\u0105t. Nie u\u017cywamy sztucznych konserwant\u00f3w ani barwnik\u00f3w, a nasze surowce posiadaj\u0105 certyfikaty produkt\u00f3w wolnych od GMO i BSE. Nasze karmy to wysokiej jako\u015bci \u017cywno\u015b\u0107, bez zb\u0119dnych dodatk\u00f3w.<\/p>\n <\/p>\t\t\t\t\t\t\t\t\t<a target=\"\" href=\"https:\/\/bozita.com\/pl\/nasza-filozofia\/made-in-sweden\/\" class=\"btn btn-white\">Przeczytaj wi\u0119cej<\/a>\n\t\t\t\t\t\t\t\t\t\t\t\t\t\t\t\t<\/div>\n\t\t\t\t\t\t<\/div>\n\t\t\t\t\t<\/div>\n\t\t\t\t\t\t\t\t\t\t<div class=\"mb-5 no-gutters row align-items-center \n\t\t\t\t\tflex-row-reverse\t\t\t\t\t\t\t\t\t\t\t\t\t\t\t\t\t\t\">\n\t\t\t\t\t\t<div class=\"col-md-6\">\n\t\t\t\t\t\t\t\t\t\t\t\t\t\t\t\t<figure>\n\t\t\t\t\t\t\t\t\t\t\t\t\t\t\t\t\t\t\t\t\t<img decoding=\"async\" class=\"\" src=\"https:\/\/bozita.com\/pl\/wp-content\/uploads\/sites\/9\/2023\/07\/bozita-our-philosophy-pure-ingredients.jpg\" alt=\"\">\n\t\t\t\t\t\t\t\t\t\t\t\t\t\t\t\t\t\t\t\t\t\t\t\t\t\t\t\t\t\t\t<img decoding=\"async\" class=\"logo\" src=\"https:\/\/bozita.com\/pl\/wp-content\/uploads\/sites\/9\/2023\/07\/Our-Philosophy-Compass_Pure-Ingredients.svg\" alt=\"\">\n\t\t\t\t\t\t\t\t\t\t\t\t\t\t\t\t\t\t\t<\/figure>\n\t\t\t\t\t\t\t\t\t\t\t\t\t\t\t<\/div>\n\t\t\t\t\t\t<div class=\"col-md-6\">\n\t\t\t\t\t\t\t<div class=\"content-wrap\">\n\t\t\t\t\t\t\t\t<h2>Pure Ingredients <\/h2><p><p><strong><span class=\"HwtZe\" lang=\"pl\"><span class=\"jCAhz ChMk0b\"><span class=\"ryNqvb\">Ka\u017cdy w\u0142a\u015bciciel czworonoga wie, \u017ce naturalne sk\u0142adniki s\u0105 najlepsze.<\/span><\/span><\/span><\/strong><\/p>\n<p><span class=\"HwtZe\" lang=\"pl\"><span class=\"jCAhz ChMk0b\"><span class=\"ryNqvb\">Dlatego bardzo dbamy o to, aby u\u017cywa\u0107 najlepszych \u015bwie\u017cych surowc\u00f3w, pochodz\u0105cych ze szwedzkich \u017ar\u00f3de\u0142.<\/span><\/span> Posiadamy unikalne w skali \u015bwiata prawo dotycz\u0105ce dobrostanu zwierz\u0105t. Szwedzkie przepisy nale\u017c\u0105 do najsurowszych na \u015bwiecie.<\/span><\/p>\n <\/p>\t\t\t\t\t\t\t\t\t<a target=\"\" href=\"https:\/\/bozita.com\/pl\/nasza-filozofia\/przejrzyste-skladniki\/\" class=\"btn btn-white\">Przeczytaj wi\u0119cej<\/a>\n\t\t\t\t\t\t\t\t\t\t\t\t\t\t\t\t<\/div>\n\t\t\t\t\t\t<\/div>\n\t\t\t\t\t<\/div>\n\t\t\t\t\t\t\t\t\t\t<div class=\"mb-5 no-gutters row align-items-center \n\t\t\t\t\t\t\t\t\t\t\t\t\t\t\t\t\t\t\t\t\t\t\t\">\n\t\t\t\t\t\t<div class=\"col-md-6\">\n\t\t\t\t\t\t\t\t\t\t\t\t\t\t\t\t<figure>\n\t\t\t\t\t\t\t\t\t\t\t\t\t\t\t\t\t\t\t\t\t<img decoding=\"async\" class=\"\" src=\"https:\/\/bozita.com\/pl\/wp-content\/uploads\/sites\/9\/2023\/07\/bozita-our-philosophy-sustainable-at-heart.jpg\" alt=\"\">\n\t\t\t\t\t\t\t\t\t\t\t\t\t\t\t\t\t\t\t\t\t\t\t\t\t\t\t\t\t\t\t<img decoding=\"async\" class=\"logo\" src=\"https:\/\/bozita.com\/pl\/wp-content\/uploads\/sites\/9\/2023\/07\/Our-Philosophy-Compass_Sustainable-At-Heart.svg\" alt=\"\">\n\t\t\t\t\t\t\t\t\t\t\t\t\t\t\t\t\t\t\t<\/figure>\n\t\t\t\t\t\t\t\t\t\t\t\t\t\t\t<\/div>\n\t\t\t\t\t\t<div class=\"col-md-6\">\n\t\t\t\t\t\t\t<div class=\"content-wrap\">\n\t\t\t\t\t\t\t\t<h2>Sustainable At Heart <\/h2><p><p><strong><span class=\"HwtZe\" lang=\"pl\"><span class=\"jCAhz ChMk0b\"><span class=\"ryNqvb\">Zbudowali\u015bmy nasz\u0105 dzia\u0142alno\u015b\u0107 na trwa\u0142ych relacjach &#8211; i to rozci\u0105ga si\u0119 na nasz\u0105 korelacje ze \u015bwiatem przyrody.<\/span><\/span><\/span><\/strong><\/p>\n<p>Produkcja w naszej kuchni V\u00e5rg\u00e5rda jest zasilana energi\u0105 odnawialn\u0105 w 100%. Ci\u0119\u017cko pracujemy, aby ograniczy\u0107 potencjalne odpady i wszystkie przekszta\u0142cane s\u0105 w biogaz. Korzystamy r\u00f3wnie\u017c z transportu certyfikowanego ekologicznie, poniewa\u017c wszystko, co robimy, jest zgodne<br \/>\nz zasadami zr\u00f3wnowa\u017conego rozwoju.<\/p>\n <\/p>\t\t\t\t\t\t\t\t\t<a target=\"\" href=\"https:\/\/bozita.com\/pl\/nasza-filozofia\/zrownowazony-rozwoj-w-sercu\/\" class=\"btn btn-white\">Przeczytaj wi\u0119cej<\/a>\n\t\t\t\t\t\t\t\t\t\t\t\t\t\t\t\t<\/div>\n\t\t\t\t\t\t<\/div>\n\t\t\t\t\t<\/div>\n\t\t\t\t\t\t\t\t\t\t<div class=\"mb-5 no-gutters row align-items-center \n\t\t\t\t\tflex-row-reverse\t\t\t\t\t\t\t\t\t\t\t\t\t\t\t\t\t\t\">\n\t\t\t\t\t\t<div class=\"col-md-6\">\n\t\t\t\t\t\t\t\t\t\t\t\t\t\t\t\t<figure>\n\t\t\t\t\t\t\t\t\t\t\t\t\t\t\t\t\t\t\t\t\t<img decoding=\"async\" class=\"\" src=\"https:\/\/bozita.com\/pl\/wp-content\/uploads\/sites\/9\/2023\/07\/bozita-our-philosophy-wholesome-nutrition.jpg\" alt=\"\">\n\t\t\t\t\t\t\t\t\t\t\t\t\t\t\t\t\t\t\t\t\t\t\t\t\t\t\t\t\t\t\t<img decoding=\"async\" class=\"logo\" src=\"https:\/\/bozita.com\/pl\/wp-content\/uploads\/sites\/9\/2023\/07\/Our-Philosophy-Compass_Wholesome-Nutrition.svg\" alt=\"\">\n\t\t\t\t\t\t\t\t\t\t\t\t\t\t\t\t\t\t\t<\/figure>\n\t\t\t\t\t\t\t\t\t\t\t\t\t\t\t<\/div>\n\t\t\t\t\t\t<div class=\"col-md-6\">\n\t\t\t\t\t\t\t<div class=\"content-wrap\">\n\t\t\t\t\t\t\t\t<h2>Wholesome Nutrition <\/h2><p><p><strong><span class=\"HwtZe\" lang=\"pl\"><span class=\"jCAhz ChMk0b\"><span class=\"ryNqvb\">W\u0142a\u015bciwe \u017cywienie ma kluczowe znaczenie dla naszego dobrego samopoczucia, to samo dotyczy zwierz\u0105t.<\/span><\/span><\/span><\/strong><\/p>\n<p>RECEPTURY PRODUKT\u00d3W BOZITA zosta\u0142y skrupulatnie opracowane przez technolog\u00f3w \u017cywienia zwierz\u0105t, aby\u015bmy mieli pewno\u015b\u0107, \u017ce nasze karmy s\u0105 niezaprzeczalnie dobre, posiadaj\u0105 wszystkie niezb\u0119dne sk\u0142adniki od\u017cywcze, bia\u0142ko, t\u0142uszcz, minera\u0142y i witaminy, kt\u00f3rych potrzebuje Tw\u00f3j pies i kot.<\/p>\n <\/p>\t\t\t\t\t\t\t\t\t<a target=\"\" href=\"https:\/\/bozita.com\/pl\/nasza-filozofia\/zdrowe-odzywianie\/\" class=\"btn btn-white\">Przeczytaj wi\u0119cej<\/a>\n\t\t\t\t\t\t\t\t\t\t\t\t\t\t\t\t<\/div>\n\t\t\t\t\t\t<\/div>\n\t\t\t\t\t<\/div>\n\t\t\t\t\t\t\t\t\t\t<div class=\"mb-5 no-gutters row align-items-center \n\t\t\t\t\t\t\t\t\t\t\t\t\t\t\t\t\t\t\t\t\t\t\t\">\n\t\t\t\t\t\t<div class=\"col-md-6\">\n\t\t\t\t\t\t\t\t\t\t\t\t\t\t\t\t<figure>\n\t\t\t\t\t\t\t\t\t\t\t\t\t\t\t\t\t\t\t\t\t<img decoding=\"async\" class=\"\" src=\"https:\/\/bozita.com\/pl\/wp-content\/uploads\/sites\/9\/2023\/07\/bozita-our-philosophy-respect-for-animals.jpg\" alt=\"\">\n\t\t\t\t\t\t\t\t\t\t\t\t\t\t\t\t\t\t\t\t\t\t\t\t\t\t\t\t\t\t\t<img decoding=\"async\" class=\"logo\" src=\"https:\/\/bozita.com\/pl\/wp-content\/uploads\/sites\/9\/2023\/07\/Our-Philosophy-Compass_Respect-For-Animals.svg\" alt=\"\">\n\t\t\t\t\t\t\t\t\t\t\t\t\t\t\t\t\t\t\t<\/figure>\n\t\t\t\t\t\t\t\t\t\t\t\t\t\t\t<\/div>\n\t\t\t\t\t\t<div class=\"col-md-6\">\n\t\t\t\t\t\t\t<div class=\"content-wrap\">\n\t\t\t\t\t\t\t\t<h2>Respect For Animals <\/h2><p><p><strong><span class=\"HwtZe\" lang=\"pl\"><span class=\"jCAhz ChMk0b\"><span class=\"ryNqvb\">Rozumiemy, jak cenne s\u0105 zwierz\u0119ta: bez nich nasza firma nie mog\u0142aby istnie\u0107.<\/span><\/span><\/span><\/strong><\/p>\n<p><span class=\"HwtZe\" lang=\"pl\"><span class=\"jCAhz ChMk0b\"><span class=\"ryNqvb\">Dlatego w naszych produktach wykorzystujemy sk\u0142adniki ze szwedzkiej dzikiej natury oraz wsp\u00f3\u0142pracujemy z producentami, kt\u00f3rzy podzielaj\u0105 nasz\u0105 filozofi\u0119.<\/span><\/span> Wszystko robimy z dba\u0142o\u015bci\u0105 o godno\u015b\u0107 zwierz\u0105t, zapewniaj\u0105c im po\u017cywienie, kt\u00f3rego potrzebuj\u0105.\u00a0<\/span><\/p>\n <\/p>\t\t\t\t\t\t\t\t\t<a target=\"\" href=\"https:\/\/bozita.com\/pl\/nasza-filozofia\/szacunek-dla-zwierzat\/\" class=\"btn btn-white\">Przeczytaj wi\u0119cej<\/a>\n\t\t\t\t\t\t\t\t\t\t\t\t\t\t\t\t<\/div>\n\t\t\t\t\t\t<\/div>\n\t\t\t\t\t<\/div>\n\t\t\t\t\t\t\t<\/div>\n\t<\/section>\n\n\n\t<section class=\"block discover-our-product\">\n\t\t<div class=\"container\">\n\t\t\t\t\t\t\t<h5>\n\t\t\t\t\tNATURALNA SZWEDZKA JOKO\u015a\u0106\t\t\t\t<\/h5>\n\t\t\t\t\t\t\t\t\t\t\t<h2>\n\t\t\t\t\tOdkryj Nasze Produkty\t\t\t\t<\/h2>\n\n\t\t\t\t\t\t\t\n\t\t\t<div class=\"row align-items-center\">\n\t\t\t\t<div class=\"col-md-6\">\n\t\t\t\t\t<div class=\"\">\n\t\t\t\t\t\t\t\t\t\t\t\t<img decoding=\"async\" src=\"https:\/\/bozita.com\/pl\/wp-content\/uploads\/sites\/9\/2025\/11\/CatDogCompass.png\" alt=\"\">\n\t\t\t\t\t\t\t\t\t\t\t<\/div>\n\t\t\t\t<\/div>\n\t\t\t\t<div class=\"col-md-6\">\n\t\t\t\t\t<h3>Naturalna szwedzka jako\u015b\u0107 to dla nas co\u015b wi\u0119cej ni\u017c tylko miska z karm\u0105. To spos\u00f3b w jaki my\u015blimy i dzia\u0142amy.<\/h3>\n<p>W ci\u0105gu ostatnich stu lat nauczyli\u015bmy si\u0119, \u017ce spos\u00f3b produkcji karmy dla ps\u00f3w i kot\u00f3w jest nie tylko tak samo wa\u017cny jak smak, ale jest r\u00f3wnie\u017c istotn\u0105 cz\u0119\u015bci\u0105 smaku. Dzi\u0119ki naturalnym sk\u0142adnikom pochodz\u0105cym ze znanych na ca\u0142ym \u015bwiecie szwedzkich gospodarstw oraz wieloletniemu procesowi produkcji, produkujemy karm\u0119 dla ps\u00f3w i kot\u00f3w, kt\u00f3ra w pe\u0142ni oddaje istot\u0119 szwedzkiej natury \u2013 to w\u0142a\u015bnie nazywamy Naturaln\u0105 Szwedzk\u0105 Jako\u015bci\u0105.<\/p>\n\t\t\t\t\t<div class=\"cta-button\">\n\t\t\t\t\t\t\t\t\t\t\t\t\t<a target=\"\" href=\"https:\/\/bozita.com\/pl\/karma-dla-psow\/\" class=\"btn btn-primary\">\n\t\t\t\t\t\t\t\tOFERTA KARM DLA PS\u00d3W\t\t\t\t\t\t\t<\/a>\n\t\t\t\t\t\t\t\t\t\t\t\t\t\t\t\t\t\t\t\t<a target=\"\" href=\"https:\/\/bozita.com\/pl\/karma-dla-kotow\/\" class=\"btn btn-primary\">\n\t\t\t\t\t\t\t\tOFERTA KARM DLA KOT\u00d3W\t\t\t\t\t\t\t<\/a>\n\t\t\t\t\t\t\t\t\t\t\t\t<\/div>\n\t\t\t\t<\/div>\n\t\t\t<\/div>\n\t\t<\/div>\n\t<\/section>\n","protected":false},"excerpt":{"rendered":"","protected":false},"author":1,"featured_media":0,"parent":0,"menu_order":0,"comment_status":"closed","ping_status":"closed","template":"guternberg.php","meta":{"footnotes":""},"acf":[],"yoast_head":"<!-- This site is optimized with the Yoast SEO plugin v21.3 - https:\/\/yoast.com\/wordpress\/plugins\/seo\/ -->\n<title>Nasza filozofia | Bozita Polska<\/title>\n<meta name=\"robots\" content=\"index, follow, max-snippet:-1, max-image-preview:large, max-video-preview:-1\" \/>\n<link rel=\"canonical\" href=\"https:\/\/bozita.com\/pl\/nasza-filozofia\/\" \/>\n<meta property=\"og:locale\" content=\"pl_PL\" \/>\n<meta property=\"og:type\" content=\"article\" \/>\n<meta property=\"og:title\" content=\"Nasza filozofia | Bozita Polska\" \/>\n<meta property=\"og:url\" content=\"https:\/\/bozita.com\/pl\/nasza-filozofia\/\" \/>\n<meta property=\"og:site_name\" content=\"Bozita Polska\" \/>\n<meta property=\"article:modified_time\" content=\"2025-11-20T10:31:04+00:00\" \/>\n<meta name=\"twitter:card\" content=\"summary_large_image\" \/>\n<!-- \/ Yoast SEO plugin. -->","yoast_head_json":{"title":"Nasza filozofia | Bozita Polska","robots":{"index":"index","follow":"follow","max-snippet":"max-snippet:-1","max-image-preview":"max-image-preview:large","max-video-preview":"max-video-preview:-1"},"canonical":"https:\/\/bozita.com\/pl\/nasza-filozofia\/","og_locale":"pl_PL","og_type":"article","og_title":"Nasza filozofia | Bozita Polska","og_url":"https:\/\/bozita.com\/pl\/nasza-filozofia\/","og_site_name":"Bozita Polska","article_modified_time":"2025-11-20T10:31:04+00:00","twitter_card":"summary_large_image","schema":{"@context":"https:\/\/schema.org","@graph":[{"@type":"WebPage","@id":"https:\/\/bozita.com\/pl\/nasza-filozofia\/","url":"https:\/\/bozita.com\/pl\/nasza-filozofia\/","name":"Nasza filozofia | Bozita Polska","isPartOf":{"@id":"https:\/\/bozita.com\/pl\/#website"},"datePublished":"2023-07-25T12:09:26+00:00","dateModified":"2025-11-20T10:31:04+00:00","breadcrumb":{"@id":"https:\/\/bozita.com\/pl\/nasza-filozofia\/#breadcrumb"},"inLanguage":"pl-PL","potentialAction":[{"@type":"ReadAction","target":["https:\/\/bozita.com\/pl\/nasza-filozofia\/"]}]},{"@type":"BreadcrumbList","@id":"https:\/\/bozita.com\/pl\/nasza-filozofia\/#breadcrumb","itemListElement":[{"@type":"ListItem","position":1,"name":"Home","item":"https:\/\/bozita.com\/pl\/"},{"@type":"ListItem","position":2,"name":"Nasza filozofia"}]},{"@type":"WebSite","@id":"https:\/\/bozita.com\/pl\/#website","url":"https:\/\/bozita.com\/pl\/","name":"Bozita Polska","description":"","potentialAction":[{"@type":"SearchAction","target":{"@type":"EntryPoint","urlTemplate":"https:\/\/bozita.com\/pl\/?s={search_term_string}"},"query-input":"required name=search_term_string"}],"inLanguage":"pl-PL"}]}},"_links":{"self":[{"href":"https:\/\/bozita.com\/pl\/wp-json\/wp\/v2\/pages\/9926"}],"collection":[{"href":"https:\/\/bozita.com\/pl\/wp-json\/wp\/v2\/pages"}],"about":[{"href":"https:\/\/bozita.com\/pl\/wp-json\/wp\/v2\/types\/page"}],"author":[{"embeddable":true,"href":"https:\/\/bozita.com\/pl\/wp-json\/wp\/v2\/users\/1"}],"replies":[{"embeddable":true,"href":"https:\/\/bozita.com\/pl\/wp-json\/wp\/v2\/comments?post=9926"}],"version-history":[{"count":20,"href":"https:\/\/bozita.com\/pl\/wp-json\/wp\/v2\/pages\/9926\/revisions"}],"predecessor-version":[{"id":11986,"href":"https:\/\/bozita.com\/pl\/wp-json\/wp\/v2\/pages\/9926\/revisions\/11986"}],"wp:attachment":[{"href":"https:\/\/bozita.com\/pl\/wp-json\/wp\/v2\/media?parent=9926"}],"curies":[{"name":"wp","href":"https:\/\/api.w.org\/{rel}","templated":true}]}}