{"id":9974,"date":"2023-07-25T14:10:31","date_gmt":"2023-07-25T14:10:31","guid":{"rendered":"https:\/\/bozita.com\/pl\/?page_id=9974"},"modified":"2025-05-20T11:07:51","modified_gmt":"2025-05-20T11:07:51","slug":"made-in-sweden","status":"publish","type":"page","link":"https:\/\/bozita.com\/pl\/nasza-filozofia\/made-in-sweden\/","title":{"rendered":"Made in Sweden"},"content":{"rendered":"\t<section class=\"small-hero-with-gradient-overlay\">\n\t\t\t\t\t\t\t\t<img decoding=\"async\" class=\"background-image\" src=\"https:\/\/bozita.com\/pl\/wp-content\/uploads\/sites\/9\/2023\/07\/bozita-our-philosophy-made-in-sweden-hero.jpg\" alt=\"\">\n\t\t\t\t\t\t\t\n\t\t<div class=\"overlay\">\n\t\t\t<div class=\"container\">\n\t\t\t\t<div class=\"row flex-column-reverse flex-md-row\">\n\t\t\t\t\t<div class=\"col-md-6 col-lg-6\">\n\t\t\t\t\t\t<h5>KOMPAS BOZITA <\/h5><h1>Made in Sweden<\/h1><p><p><strong><span class=\"HwtZe\" lang=\"pl\"><span class=\"jCAhz ChMk0b\"><span class=\"ryNqvb\">Bozita jest i zawsze b\u0119dzie dumn\u0105 szwedzk\u0105 mark\u0105.\u00a0<\/span><\/span><\/span><\/strong><\/p>\n<p><span class=\"HwtZe\" lang=\"pl\"><span class=\"jCAhz ChMk0b\"><span class=\"ryNqvb\">Nasze sk\u0142adniki dobieramy z najwi\u0119ksz\u0105 staranno\u015bci\u0105 i u\u017cywamy najwy\u017cszej jako\u015bci \u015bwie\u017cych szwedzkich sk\u0142adnik\u00f3w. Posiadamy unikalne w skali \u015bwiata prawo dotycz\u0105ce dobrostanu zwierz\u0105t. Szwedzkie przepisy nale\u017c\u0105 do najsurowszych na \u015bwiecie. Mamy ponad 100-letnie do\u015bwiadczenie w przygotowywaniu karm dla ps\u00f3w i kot\u00f3w, szanujemy przyrod\u0119 i zwierz\u0119ta oraz kierujemy si\u0119 naszymi szwedzkimi warto\u015bciami. <\/span><\/span>\u00a0<\/span><\/p>\n<\/p>\t\t\t\t\t<\/div>\n\t\t\t\t\t<div class=\"d-none d-lg-block col-lg-1\"><\/div>\n\t\t\t\t\t<div class=\"col-md-6 col-lg-5 text-left\">\n\t\t\t\t\t\t\t\t\t\t\t\t\t<img decoding=\"async\" class=\"image\" src=\"https:\/\/bozita.com\/pl\/wp-content\/uploads\/sites\/9\/2023\/07\/Our-Philosophy-Compass_Made-In-Sweden.svg\" alt=\"\">\n\t\t\t\t\t\t\t\t\t\t\t\t<\/div>\n\t\t\t\t<\/div>\n\t\t\t<\/div>\n\t\t<\/div>\n\t<\/section>\n\t\t\n\n\t\t\t\t<section class=\"ingredient-wrap\">\n\t\t\t\t<div class=\"container\">\n\t\t\t\t\t<div class=\"row\">\n\t\t\t\t\t\t<div class=\"col-lg-2\"><\/div>\n\t\t\t\t\t\t<div class=\"col-lg-8\">\n\t\t\t\t\t\t\t\t\t\t\t\t\t\t\t<h5>\n\t\t\t\t\t\t\t\t\tNATURALNE SK\u0141ADNIKI\t\t\t\t\t\t\t\t<\/h5>\n\t\t\t\t\t\t\t\t\n\t\t\t\t\t\t\t\t\t\t\t\t\t\t\t<h2>\n\t\t\t\t\t\t\t\t\tNATURALNY SPOS\u00d3B NA DOBRE SAMOPOCZUCIE\t\t\t\t\t\t\t\t<\/h2>\n\t\t\t\t\t\t\t\t\n\t\t\t\t\t\t\t<p><strong>Nasza kuchnia w V\u00e5rg\u00e5rda dzia\u0142a w harmonii z natur\u0105, a nasza produkcja i surowce, kt\u00f3rych u\u017cywamy podlegaj\u0105 \u015bcis\u0142ej kontroli zgodnie z certyfikatem \u017cywno\u015bci.<\/strong><\/p>\n<p><span class=\"HwtZe\" lang=\"pl\"><span class=\"jCAhz ChMk0b\"><span class=\"ryNqvb\">W\u0142a\u015bciciele zwierz\u0105t mog\u0105 mie\u0107 pewno\u015b\u0107, \u017ce nasze produkty s\u0105 bezpieczne dla ich pupili. <\/span><\/span><\/span>Mamy ponad 100-letnie do\u015bwiadczenie w przygotowywaniu karm dla ps\u00f3w i kot\u00f3w, szanujemy przyrod\u0119 i zwierz\u0119ta oraz kierujemy si\u0119 naszymi szwedzkimi warto\u015bciami. Nie u\u017cywamy sztucznych konserwant\u00f3w ani barwnik\u00f3w, a nasze surowce posiadaj\u0105 certyfikaty produkt\u00f3w wolnych od GMO i BSE.<\/p>\n\t\t\t\t\t\t<\/div>\n\t\t\t\t\t<\/div>\n\t\t\t\t\t<div class=\"media \">\n\t\t\t\t\t\t<img loading=\"lazy\" decoding=\"async\" width=\"808\" height=\"540\" src=\"https:\/\/bozita.com\/pl\/wp-content\/uploads\/sites\/9\/2023\/07\/bozita-our-philosophy-made-in-sweden-why-sweden.jpg\" class=\"attachment-full size-full\" alt=\"Made in Sweden\" srcset=\"https:\/\/bozita.com\/pl\/wp-content\/uploads\/sites\/9\/2023\/07\/bozita-our-philosophy-made-in-sweden-why-sweden.jpg 808w, https:\/\/bozita.com\/pl\/wp-content\/uploads\/sites\/9\/2023\/07\/bozita-our-philosophy-made-in-sweden-why-sweden-300x200.jpg 300w, https:\/\/bozita.com\/pl\/wp-content\/uploads\/sites\/9\/2023\/07\/bozita-our-philosophy-made-in-sweden-why-sweden-768x513.jpg 768w\" sizes=\"(max-width: 808px) 100vw, 808px\" \/>\t\t\t\t\t\t<div class=\"media-body\">\n\t\t\t\t\t\t\t<h4><span class=\"HwtZe\" lang=\"pl\"><span class=\"jCAhz ChMk0b\"><span class=\"ryNqvb\">DLACZEGO SZWECJA?<\/span><\/span><\/span><\/h4>\n<p><span class=\"HwtZe\" lang=\"pl\"><span class=\"jCAhz ChMk0b\"><span class=\"ryNqvb\">Nigdzie nie ma takiego miejsca jak Szwecja.<\/span><\/span> <span class=\"jCAhz ChMk0b\"><span class=\"ryNqvb\">Szwecja zanana jest ze swojej bogatej fauny, czystej wody i \u015bwie\u017cego powietrza.<\/span><\/span>\u00a0<span class=\"jCAhz ChMk0b\"><span class=\"ryNqvb\">Produkuj\u0105c tutaj nasze karmy, jeste\u015bmy w stanie uchwyci\u0107 cz\u0119\u015b\u0107 tej esencji.<\/span><\/span> Uwielb<span class=\"jCAhz ChMk0b\"><span class=\"ryNqvb\">iamy my\u015ble\u0107, \u017ce Tw\u00f3j zwierzak mo\u017ce tego spr\u00f3bowa\u0107.\u00a0<\/span><\/span><\/span><\/p>\n\t\t\t\t\t\t\t\n\t\t\t\t\t\t<\/div>\n\t\t\t\t\t<\/div>\n\t\t\t\t<\/div>\n\n\t\t\t<\/section>\n\n\t\t\t\t\n\n\t<section class=\"block discover-our-product\">\n\t\t<div class=\"container\">\n\t\t\t\t\t\t\t<h5>\n\t\t\t\t\tNATURALNA SZWEDZKA JOKO\u015a\u0106\t\t\t\t<\/h5>\n\t\t\t\t\t\t\t\t\t\t\t<h2>\n\t\t\t\t\tOdkryj Nasze Produkty\t\t\t\t<\/h2>\n\n\t\t\t\t\t\t\t\n\t\t\t<div class=\"row align-items-center\">\n\t\t\t\t<div class=\"col-md-6\">\n\t\t\t\t\t<div class=\"\">\n\t\t\t\t\t\t\t\t\t\t\t\t<img decoding=\"async\" src=\"https:\/\/bozita.com\/pl\/wp-content\/uploads\/sites\/9\/2025\/05\/Produkty-CatDog_web_800x700.jpg\" alt=\"\">\n\t\t\t\t\t\t\t\t\t\t\t<\/div>\n\t\t\t\t<\/div>\n\t\t\t\t<div class=\"col-md-6\">\n\t\t\t\t\t<p><strong>Naturalna szwedzka jako\u015b\u0107 to dla nas co\u015b wi\u0119cej ni\u017c tylko miska z karm\u0105. To spos\u00f3b w jaki my\u015blimy i dzia\u0142amy.<\/strong><\/p>\n<p>W ci\u0105gu ostatnich stu lat nauczyli\u015bmy si\u0119, \u017ce spos\u00f3b produkcji karmy dla ps\u00f3w i kot\u00f3w jest nie tylko tak samo wa\u017cny jak smak, ale jest r\u00f3wnie\u017c istotn\u0105 cz\u0119\u015bci\u0105 smaku. Dzi\u0119ki naturalnym sk\u0142adnikom pochodz\u0105cym ze znanych na ca\u0142ym \u015bwiecie szwedzkich gospodarstw oraz wieloletniemu procesowi produkcji, produkujemy karm\u0119 dla ps\u00f3w i kot\u00f3w, kt\u00f3ra w pe\u0142ni oddaje istot\u0119 szwedzkiej natury \u2013 to w\u0142a\u015bnie nazywamy Naturaln\u0105 Szwedzk\u0105 Jako\u015bci\u0105.<\/p>\n\t\t\t\t\t<div class=\"cta-button\">\n\t\t\t\t\t\t\t\t\t\t\t\t\t<a target=\"\" href=\"https:\/\/bozita.com\/pl\/karma-dla-psow\/\" class=\"btn btn-primary\">\n\t\t\t\t\t\t\t\tOFERTA KARM DLA PS\u00d3W\t\t\t\t\t\t\t<\/a>\n\t\t\t\t\t\t\t\t\t\t\t\t\t\t\t\t\t\t\t\t<a target=\"\" href=\"https:\/\/bozita.com\/pl\/karma-dla-kotow\/\" class=\"btn btn-primary\">\n\t\t\t\t\t\t\t\tOFERTA KARM DLA KOT\u00d3W\t\t\t\t\t\t\t<\/a>\n\t\t\t\t\t\t\t\t\t\t\t\t<\/div>\n\t\t\t\t<\/div>\n\t\t\t<\/div>\n\t\t<\/div>\n\t<\/section>\n","protected":false},"excerpt":{"rendered":"","protected":false},"author":1,"featured_media":0,"parent":9926,"menu_order":0,"comment_status":"closed","ping_status":"closed","template":"guternberg.php","meta":{"footnotes":""},"acf":[],"yoast_head":"<!-- This site is optimized with the Yoast SEO plugin v21.3 - https:\/\/yoast.com\/wordpress\/plugins\/seo\/ -->\n<title>Made in Sweden | Bozita Polska<\/title>\n<meta name=\"robots\" content=\"index, follow, max-snippet:-1, max-image-preview:large, max-video-preview:-1\" \/>\n<link rel=\"canonical\" href=\"https:\/\/bozita.com\/pl\/nasza-filozofia\/made-in-sweden\/\" \/>\n<meta property=\"og:locale\" content=\"pl_PL\" \/>\n<meta property=\"og:type\" content=\"article\" \/>\n<meta property=\"og:title\" content=\"Made in Sweden | Bozita Polska\" \/>\n<meta property=\"og:url\" content=\"https:\/\/bozita.com\/pl\/nasza-filozofia\/made-in-sweden\/\" \/>\n<meta property=\"og:site_name\" content=\"Bozita Polska\" \/>\n<meta property=\"article:modified_time\" content=\"2025-05-20T11:07:51+00:00\" \/>\n<meta name=\"twitter:card\" content=\"summary_large_image\" \/>\n<!-- \/ Yoast SEO plugin. -->","yoast_head_json":{"title":"Made in Sweden | Bozita Polska","robots":{"index":"index","follow":"follow","max-snippet":"max-snippet:-1","max-image-preview":"max-image-preview:large","max-video-preview":"max-video-preview:-1"},"canonical":"https:\/\/bozita.com\/pl\/nasza-filozofia\/made-in-sweden\/","og_locale":"pl_PL","og_type":"article","og_title":"Made in Sweden | Bozita Polska","og_url":"https:\/\/bozita.com\/pl\/nasza-filozofia\/made-in-sweden\/","og_site_name":"Bozita Polska","article_modified_time":"2025-05-20T11:07:51+00:00","twitter_card":"summary_large_image","schema":{"@context":"https:\/\/schema.org","@graph":[{"@type":"WebPage","@id":"https:\/\/bozita.com\/pl\/nasza-filozofia\/made-in-sweden\/","url":"https:\/\/bozita.com\/pl\/nasza-filozofia\/made-in-sweden\/","name":"Made in Sweden | Bozita Polska","isPartOf":{"@id":"https:\/\/bozita.com\/pl\/#website"},"datePublished":"2023-07-25T14:10:31+00:00","dateModified":"2025-05-20T11:07:51+00:00","breadcrumb":{"@id":"https:\/\/bozita.com\/pl\/nasza-filozofia\/made-in-sweden\/#breadcrumb"},"inLanguage":"pl-PL","potentialAction":[{"@type":"ReadAction","target":["https:\/\/bozita.com\/pl\/nasza-filozofia\/made-in-sweden\/"]}]},{"@type":"BreadcrumbList","@id":"https:\/\/bozita.com\/pl\/nasza-filozofia\/made-in-sweden\/#breadcrumb","itemListElement":[{"@type":"ListItem","position":1,"name":"Home","item":"https:\/\/bozita.com\/pl\/"},{"@type":"ListItem","position":2,"name":"Nasza filozofia","item":"https:\/\/bozita.com\/pl\/nasza-filozofia\/"},{"@type":"ListItem","position":3,"name":"Made in Sweden"}]},{"@type":"WebSite","@id":"https:\/\/bozita.com\/pl\/#website","url":"https:\/\/bozita.com\/pl\/","name":"Bozita Polska","description":"","potentialAction":[{"@type":"SearchAction","target":{"@type":"EntryPoint","urlTemplate":"https:\/\/bozita.com\/pl\/?s={search_term_string}"},"query-input":"required name=search_term_string"}],"inLanguage":"pl-PL"}]}},"_links":{"self":[{"href":"https:\/\/bozita.com\/pl\/wp-json\/wp\/v2\/pages\/9974"}],"collection":[{"href":"https:\/\/bozita.com\/pl\/wp-json\/wp\/v2\/pages"}],"about":[{"href":"https:\/\/bozita.com\/pl\/wp-json\/wp\/v2\/types\/page"}],"author":[{"embeddable":true,"href":"https:\/\/bozita.com\/pl\/wp-json\/wp\/v2\/users\/1"}],"replies":[{"embeddable":true,"href":"https:\/\/bozita.com\/pl\/wp-json\/wp\/v2\/comments?post=9974"}],"version-history":[{"count":11,"href":"https:\/\/bozita.com\/pl\/wp-json\/wp\/v2\/pages\/9974\/revisions"}],"predecessor-version":[{"id":11729,"href":"https:\/\/bozita.com\/pl\/wp-json\/wp\/v2\/pages\/9974\/revisions\/11729"}],"up":[{"embeddable":true,"href":"https:\/\/bozita.com\/pl\/wp-json\/wp\/v2\/pages\/9926"}],"wp:attachment":[{"href":"https:\/\/bozita.com\/pl\/wp-json\/wp\/v2\/media?parent=9974"}],"curies":[{"name":"wp","href":"https:\/\/api.w.org\/{rel}","templated":true}]}}