{"id":9982,"date":"2023-07-25T14:23:29","date_gmt":"2023-07-25T14:23:29","guid":{"rendered":"https:\/\/bozita.com\/pl\/?page_id=9982"},"modified":"2025-05-20T11:06:00","modified_gmt":"2025-05-20T11:06:00","slug":"zrownowazony-rozwoj-w-sercu","status":"publish","type":"page","link":"https:\/\/bozita.com\/pl\/nasza-filozofia\/zrownowazony-rozwoj-w-sercu\/","title":{"rendered":"ZR\u00d3WNOWA\u017bONY ROZW\u00d3J W SERCU"},"content":{"rendered":"\t<section class=\"small-hero-with-gradient-overlay\">\n\t\t\t\t\t\t\t\t<img decoding=\"async\" class=\"background-image\" src=\"https:\/\/bozita.com\/pl\/wp-content\/uploads\/sites\/9\/2023\/07\/bozita-our-philosophy-sustainable-at-heart-hero.jpg\" alt=\"\">\n\t\t\t\t\t\t\t\n\t\t<div class=\"overlay\">\n\t\t\t<div class=\"container\">\n\t\t\t\t<div class=\"row flex-column-reverse flex-md-row\">\n\t\t\t\t\t<div class=\"col-md-6 col-lg-6\">\n\t\t\t\t\t\t<h5>KOMPAS BOZITA <\/h5><h1>Sustainable At Heart<\/h1><p><p><strong><span class=\"HwtZe\" lang=\"pl\"><span class=\"jCAhz ChMk0b\"><span class=\"ryNqvb\">Zbudowali\u015bmy nasz\u0105 dzia\u0142alno\u015b\u0107 na trwa\u0142ych relacjach \u2013 i to rozci\u0105ga si\u0119 na nasz\u0105 korelacje ze \u015bwiatem przyrody.<\/span><\/span><\/span><\/strong><\/p>\n<p><span class=\"HwtZe\" lang=\"pl\"><span class=\"jCAhz ChMk0b\"><span class=\"ryNqvb\">Wszystko, co robimy, ma wbudowan\u0105 zasad\u0119 zr\u00f3wnowa\u017conego rozwoju<\/span><\/span><\/span>. Od sk\u0142adnik\u00f3w, kt\u00f3re pozyskujemy do opakowa\u0144, kt\u00f3re zapewniamy. Naszym celem jest pozostawienie tylko pozytywnego wp\u0142ywu na \u015bwiat, kt\u00f3ry chcemy utrzyma\u0107 dla przysz\u0142ych pokole\u0144.<\/p>\n<\/p>\t\t\t\t\t<\/div>\n\t\t\t\t\t<div class=\"d-none d-lg-block col-lg-1\"><\/div>\n\t\t\t\t\t<div class=\"col-md-6 col-lg-5 text-center\">\n\t\t\t\t\t\t\t\t\t\t\t\t\t<img decoding=\"async\" class=\"image\" src=\"https:\/\/bozita.com\/pl\/wp-content\/uploads\/sites\/9\/2023\/07\/Our-Philosophy-Compass_Sustainable-At-Heart.svg\" alt=\"\">\n\t\t\t\t\t\t\t\t\t\t\t\t<\/div>\n\t\t\t\t<\/div>\n\t\t\t<\/div>\n\t\t<\/div>\n\t<\/section>\n\t\t\n\n\t\t\t\t<section class=\"ingredient-wrap\">\n\t\t\t\t<div class=\"container\">\n\t\t\t\t\t<div class=\"row\">\n\t\t\t\t\t\t<div class=\"col-lg-2\"><\/div>\n\t\t\t\t\t\t<div class=\"col-lg-8\">\n\t\t\t\t\t\t\t\t\t\t\t\t\t\t\t<h5>\n\t\t\t\t\t\t\t\t\tEKOLOGICZNE PROCESY\t\t\t\t\t\t\t\t<\/h5>\n\t\t\t\t\t\t\t\t\n\t\t\t\t\t\t\t\t\t\t\t\t\t\t\t<h2>\n\t\t\t\t\t\t\t\t\tW HARMONII Z NATUR\u0104\t\t\t\t\t\t\t\t<\/h2>\n\t\t\t\t\t\t\t\t\n\t\t\t\t\t\t\t<p><strong><span class=\"HwtZe\" lang=\"pl\"><span class=\"jCAhz ChMk0b\"><span class=\"ryNqvb\">Ca\u0142y nasz \u0142a\u0144cuch dostaw zosta\u0142 zorganizowany w celu ograniczenia wp\u0142ywu na klimat.<\/span><\/span><\/span><\/strong><\/p>\n<p><span class=\"HwtZe\" lang=\"pl\"><span class=\"jCAhz ChMk0b\"><span class=\"ryNqvb\">Nasza kuchnia jest zasilana w 100% energi\u0105 odnawialn\u0105.<\/span><\/span> <span class=\"jCAhz ChMk0b\"><span class=\"ryNqvb\">Trzy czwarte pochodzi z pary z V\u00e5rg\u00e5rda \u00c5ngfabrik, a ostatnia \u0107wiartka pochodzi z energii wodnej \u2013 najbardziej ekologicznego rodzaju energii elektrycznej.<\/span><\/span> Wszystkie <span class=\"jCAhz ChMk0b\"><span class=\"ryNqvb\">odpady z naszej produkcji s\u0105 przetwarzane w biogaz, kt\u00f3ry zasila autobusy miejskie i \u015bmieciarki.<\/span><\/span> Korzystamy r\u00f3wnie\u017c z transportu certyfikowanego ekologicznie, poniewa\u017c wszystko, co robimy, jest zgodne z zasadami zr\u00f3wnowa\u017conego rozwoju.<\/span><\/p>\n\t\t\t\t\t\t<\/div>\n\t\t\t\t\t<\/div>\n\t\t\t\t\t<div class=\"media \">\n\t\t\t\t\t\t<img loading=\"lazy\" decoding=\"async\" width=\"600\" height=\"400\" src=\"https:\/\/bozita.com\/pl\/wp-content\/uploads\/sites\/9\/2023\/07\/bozita-our-philosophy-sustainable-at-heart-harmony.jpg\" class=\"attachment-full size-full\" alt=\"ZR\u00d3WNOWA\u017bONY ROZW\u00d3J W SERCU\" srcset=\"https:\/\/bozita.com\/pl\/wp-content\/uploads\/sites\/9\/2023\/07\/bozita-our-philosophy-sustainable-at-heart-harmony.jpg 600w, https:\/\/bozita.com\/pl\/wp-content\/uploads\/sites\/9\/2023\/07\/bozita-our-philosophy-sustainable-at-heart-harmony-300x200.jpg 300w\" sizes=\"(max-width: 600px) 100vw, 600px\" \/>\t\t\t\t\t\t<div class=\"media-body\">\n\t\t\t\t\t\t\t<h4><span class=\"HwtZe\" lang=\"pl\"><span class=\"jCAhz ChMk0b\"><span class=\"ryNqvb\">PRZYJAZNE\u00a0<\/span><\/span><\/span><span class=\"HwtZe\" lang=\"pl\"><span class=\"jCAhz ChMk0b\"><span class=\"ryNqvb\">DLA KLIMATU\u00a0<\/span><\/span><\/span><span class=\"HwtZe\" lang=\"pl\"><span class=\"jCAhz ChMk0b\"><span class=\"ryNqvb\">OPAKOWANIA\u00a0<\/span><\/span><\/span><\/h4>\n<p><span class=\"HwtZe\" lang=\"pl\"><span class=\"jCAhz ChMk0b\"><span class=\"ryNqvb\">Ka\u017cde opakowanie, kt\u00f3rego u\u017cywamy, jest przyjazne dla \u015brodowiska.<\/span><\/span> <span class=\"jCAhz ChMk0b\"><span class=\"ryNqvb\">Dotyczy to kartonu, plastiku i Tetra Recart\u00ae \u2014 przyjaznych dla \u015brodowiska opakowa\u0144, kt\u00f3re mo\u017cna \u0142atwo otworzy\u0107 i ponownie zamkn\u0105\u0107, a tak\u017ce wydajnie zapakowa\u0107, zmniejszaj\u0105c potrzeby zwi\u0105zane z transportem.<\/span><\/span> <span class=\"jCAhz ChMk0b\"><span class=\"ryNqvb\">Materia\u0142, z kt\u00f3rego wykonany jest nasz Tetra Recart\u00ae posiada oznaczenie FSC.<\/span><\/span><\/span><\/p>\n\t\t\t\t\t\t\t\t\t\t\t\t\t\t\t<a class=\"btn btn-primary\" href=\"https:\/\/bozita.com\/pl\/nasza-karma-dla-psow-i-kotow\/ekologiczne-opakowanie\/\" target=\"_self\">Przeczytaj wi\u0119cej<\/a>\n\t\t\t\t\t\t\t\n\t\t\t\t\t\t<\/div>\n\t\t\t\t\t<\/div>\n\t\t\t\t<\/div>\n\n\t\t\t<\/section>\n\n\t\t\t\t\t\t\t<section class=\"product-wrap \">\n\t\t\t\t<div class=\"container\">\n\t\t\t\t\t\n\t\t\t\t\t\t\t\t\t\t\t<h2 class=\"heading\">\n\t\t\t\t\t\t\tPRZEJRZYSTE SK\u0141ADNIKI\t\t\t\t\t\t<\/h2>\n\t\t\t\t\t\t\t\t\t\t\t<ul>\n<li><strong><span class=\"HwtZe\" lang=\"pl\"><span class=\"jCAhz ChMk0b\"><span class=\"ryNqvb\">Starannie dobrane sk\u0142adniki \u2013 <\/span><\/span><\/span><\/strong><span class=\"HwtZe\" lang=\"pl\"><span class=\"jCAhz ChMk0b\"><span class=\"ryNqvb\">T<\/span><\/span><\/span><span class=\"HwtZe\" lang=\"pl\"><span class=\"jCAhz ChMk0b\"><span class=\"ryNqvb\">am, gdzie to mo\u017cliwe, wybieramy sk\u0142adniki ze szwedzkich gospodarstw i w\u00f3d.<\/span><\/span><\/span><\/li>\n<li><strong><span class=\"HwtZe\" lang=\"pl\"><span class=\"jCAhz ChMk0b\"><span class=\"ryNqvb\">Surowe przepisy dotycz\u0105ce ochrony zwierz\u0105t<\/span><\/span><\/span><\/strong> \u2013 <span class=\"HwtZe\" lang=\"pl\"><span class=\"jCAhz ChMk0b\"><span class=\"ryNqvb\">Szwedzkie przepisy dotycz\u0105ce dobrostanu zwierz\u0105t nale\u017c\u0105 do najsurowszych na \u015bwiecie.<\/span><\/span><\/span><\/li>\n<li><strong>Bez hormon\u00f3w wzrostu<\/strong> \u2013 Stosowanie hormon\u00f3w wzrostu jest w Szwecji surowo zabronione.<\/li>\n<li><strong><span class=\"HwtZe\" lang=\"pl\"><span class=\"jCAhz ChMk0b\"><span class=\"ryNqvb\">Gwarantowana jako\u015b\u0107<\/span><\/span><\/span><\/strong> \u2013 Wed\u0142ug \u015awiatowej Organizacji Zdrowia Zwierz\u0105t Szwecja jest jednym z pierwszsych kraj\u00f3w na \u015bwiecie sklasyfikowanych jako wolne od BSE.<\/li>\n<\/ul>\n\t\t\t\t\t\n\t\t\t\t<\/div>\n\t\t\t<\/section>\n\t\t\t\n\n\t<section class=\"block discover-our-product\">\n\t\t<div class=\"container\">\n\t\t\t\t\t\t\t<h5>\n\t\t\t\t\tNATURALNA SZWEDZKA JOKO\u015a\u0106\t\t\t\t<\/h5>\n\t\t\t\t\t\t\t\t\t\t\t<h2>\n\t\t\t\t\tOdkryj Nasze Produkty\t\t\t\t<\/h2>\n\n\t\t\t\t\t\t\t\n\t\t\t<div class=\"row align-items-center\">\n\t\t\t\t<div class=\"col-md-6\">\n\t\t\t\t\t<div class=\"\">\n\t\t\t\t\t\t\t\t\t\t\t\t<img decoding=\"async\" src=\"https:\/\/bozita.com\/pl\/wp-content\/uploads\/sites\/9\/2025\/05\/Produkty-CatDog_web_800x700.jpg\" alt=\"\">\n\t\t\t\t\t\t\t\t\t\t\t<\/div>\n\t\t\t\t<\/div>\n\t\t\t\t<div class=\"col-md-6\">\n\t\t\t\t\t<p><strong>Naturalna szwedzka jako\u015b\u0107 to dla nas co\u015b wi\u0119cej ni\u017c tylko miska z karm\u0105. To spos\u00f3b w jaki my\u015blimy i dzia\u0142amy.<\/strong><\/p>\n<p>W ci\u0105gu ostatnich stu lat nauczyli\u015bmy si\u0119, \u017ce spos\u00f3b produkcji karmy dla ps\u00f3w i kot\u00f3w jest nie tylko tak samo wa\u017cny jak smak, ale jest r\u00f3wnie\u017c istotn\u0105 cz\u0119\u015bci\u0105 smaku. Dzi\u0119ki naturalnym sk\u0142adnikom pochodz\u0105cym ze znanych na ca\u0142ym \u015bwiecie szwedzkich gospodarstw oraz wieloletniemu procesowi produkcji, produkujemy karm\u0119 dla ps\u00f3w i kot\u00f3w, kt\u00f3ra w pe\u0142ni oddaje istot\u0119 szwedzkiej natury \u2013 to w\u0142a\u015bnie nazywamy Naturaln\u0105 Szwedzk\u0105 Jako\u015bci\u0105.<\/p>\n\t\t\t\t\t<div class=\"cta-button\">\n\t\t\t\t\t\t\t\t\t\t\t\t\t<a target=\"\" href=\"https:\/\/bozita.com\/pl\/karma-dla-psow\/\" class=\"btn btn-primary\">\n\t\t\t\t\t\t\t\tOFERTA KARM DLA PS\u00d3W\t\t\t\t\t\t\t<\/a>\n\t\t\t\t\t\t\t\t\t\t\t\t\t\t\t\t\t\t\t\t<a target=\"\" href=\"https:\/\/bozita.com\/pl\/karma-dla-kotow\/\" class=\"btn btn-primary\">\n\t\t\t\t\t\t\t\tOFERTA KARM DLA KOT\u00d3W\t\t\t\t\t\t\t<\/a>\n\t\t\t\t\t\t\t\t\t\t\t\t<\/div>\n\t\t\t\t<\/div>\n\t\t\t<\/div>\n\t\t<\/div>\n\t<\/section>\n","protected":false},"excerpt":{"rendered":"","protected":false},"author":1,"featured_media":0,"parent":9926,"menu_order":0,"comment_status":"closed","ping_status":"closed","template":"guternberg.php","meta":{"footnotes":""},"acf":[],"yoast_head":"<!-- This site is optimized with the Yoast SEO plugin v21.3 - https:\/\/yoast.com\/wordpress\/plugins\/seo\/ -->\n<title>ZR\u00d3WNOWA\u017bONY ROZW\u00d3J W SERCU | Bozita Polska<\/title>\n<meta name=\"robots\" content=\"index, follow, max-snippet:-1, max-image-preview:large, max-video-preview:-1\" \/>\n<link rel=\"canonical\" href=\"https:\/\/bozita.com\/pl\/nasza-filozofia\/zrownowazony-rozwoj-w-sercu\/\" \/>\n<meta property=\"og:locale\" content=\"pl_PL\" \/>\n<meta property=\"og:type\" content=\"article\" \/>\n<meta property=\"og:title\" content=\"ZR\u00d3WNOWA\u017bONY ROZW\u00d3J W SERCU | Bozita Polska\" \/>\n<meta property=\"og:url\" content=\"https:\/\/bozita.com\/pl\/nasza-filozofia\/zrownowazony-rozwoj-w-sercu\/\" \/>\n<meta property=\"og:site_name\" content=\"Bozita Polska\" \/>\n<meta property=\"article:modified_time\" content=\"2025-05-20T11:06:00+00:00\" \/>\n<meta name=\"twitter:card\" content=\"summary_large_image\" \/>\n<!-- \/ Yoast SEO plugin. -->","yoast_head_json":{"title":"ZR\u00d3WNOWA\u017bONY ROZW\u00d3J W SERCU | Bozita Polska","robots":{"index":"index","follow":"follow","max-snippet":"max-snippet:-1","max-image-preview":"max-image-preview:large","max-video-preview":"max-video-preview:-1"},"canonical":"https:\/\/bozita.com\/pl\/nasza-filozofia\/zrownowazony-rozwoj-w-sercu\/","og_locale":"pl_PL","og_type":"article","og_title":"ZR\u00d3WNOWA\u017bONY ROZW\u00d3J W SERCU | Bozita Polska","og_url":"https:\/\/bozita.com\/pl\/nasza-filozofia\/zrownowazony-rozwoj-w-sercu\/","og_site_name":"Bozita Polska","article_modified_time":"2025-05-20T11:06:00+00:00","twitter_card":"summary_large_image","schema":{"@context":"https:\/\/schema.org","@graph":[{"@type":"WebPage","@id":"https:\/\/bozita.com\/pl\/nasza-filozofia\/zrownowazony-rozwoj-w-sercu\/","url":"https:\/\/bozita.com\/pl\/nasza-filozofia\/zrownowazony-rozwoj-w-sercu\/","name":"ZR\u00d3WNOWA\u017bONY ROZW\u00d3J W SERCU | Bozita Polska","isPartOf":{"@id":"https:\/\/bozita.com\/pl\/#website"},"datePublished":"2023-07-25T14:23:29+00:00","dateModified":"2025-05-20T11:06:00+00:00","breadcrumb":{"@id":"https:\/\/bozita.com\/pl\/nasza-filozofia\/zrownowazony-rozwoj-w-sercu\/#breadcrumb"},"inLanguage":"pl-PL","potentialAction":[{"@type":"ReadAction","target":["https:\/\/bozita.com\/pl\/nasza-filozofia\/zrownowazony-rozwoj-w-sercu\/"]}]},{"@type":"BreadcrumbList","@id":"https:\/\/bozita.com\/pl\/nasza-filozofia\/zrownowazony-rozwoj-w-sercu\/#breadcrumb","itemListElement":[{"@type":"ListItem","position":1,"name":"Home","item":"https:\/\/bozita.com\/pl\/"},{"@type":"ListItem","position":2,"name":"Nasza filozofia","item":"https:\/\/bozita.com\/pl\/nasza-filozofia\/"},{"@type":"ListItem","position":3,"name":"ZR\u00d3WNOWA\u017bONY ROZW\u00d3J W SERCU"}]},{"@type":"WebSite","@id":"https:\/\/bozita.com\/pl\/#website","url":"https:\/\/bozita.com\/pl\/","name":"Bozita Polska","description":"","potentialAction":[{"@type":"SearchAction","target":{"@type":"EntryPoint","urlTemplate":"https:\/\/bozita.com\/pl\/?s={search_term_string}"},"query-input":"required name=search_term_string"}],"inLanguage":"pl-PL"}]}},"_links":{"self":[{"href":"https:\/\/bozita.com\/pl\/wp-json\/wp\/v2\/pages\/9982"}],"collection":[{"href":"https:\/\/bozita.com\/pl\/wp-json\/wp\/v2\/pages"}],"about":[{"href":"https:\/\/bozita.com\/pl\/wp-json\/wp\/v2\/types\/page"}],"author":[{"embeddable":true,"href":"https:\/\/bozita.com\/pl\/wp-json\/wp\/v2\/users\/1"}],"replies":[{"embeddable":true,"href":"https:\/\/bozita.com\/pl\/wp-json\/wp\/v2\/comments?post=9982"}],"version-history":[{"count":17,"href":"https:\/\/bozita.com\/pl\/wp-json\/wp\/v2\/pages\/9982\/revisions"}],"predecessor-version":[{"id":11727,"href":"https:\/\/bozita.com\/pl\/wp-json\/wp\/v2\/pages\/9982\/revisions\/11727"}],"up":[{"embeddable":true,"href":"https:\/\/bozita.com\/pl\/wp-json\/wp\/v2\/pages\/9926"}],"wp:attachment":[{"href":"https:\/\/bozita.com\/pl\/wp-json\/wp\/v2\/media?parent=9982"}],"curies":[{"name":"wp","href":"https:\/\/api.w.org\/{rel}","templated":true}]}}