{"id":9989,"date":"2023-07-26T01:36:45","date_gmt":"2023-07-26T01:36:45","guid":{"rendered":"https:\/\/bozita.com\/pl\/?page_id=9989"},"modified":"2025-05-20T11:08:51","modified_gmt":"2025-05-20T11:08:51","slug":"przejrzyste-skladniki","status":"publish","type":"page","link":"https:\/\/bozita.com\/pl\/nasza-filozofia\/przejrzyste-skladniki\/","title":{"rendered":"PRZEJRZYSTE SK\u0141ADNIKI"},"content":{"rendered":"\t<section class=\"small-hero-with-gradient-overlay\">\n\t\t\t\t\t\t\t\t<img decoding=\"async\" class=\"background-image\" src=\"https:\/\/bozita.com\/pl\/wp-content\/uploads\/sites\/9\/2023\/07\/bozita-our-philosophy-pure-ingredients-hero.jpg\" alt=\"\">\n\t\t\t\t\t\t\t\n\t\t<div class=\"overlay\">\n\t\t\t<div class=\"container\">\n\t\t\t\t<div class=\"row flex-column-reverse flex-md-row\">\n\t\t\t\t\t<div class=\"col-md-6 col-lg-6\">\n\t\t\t\t\t\t<h5>KOMPAS BOZITA <\/h5><h1>Pure Ingredients<\/h1><p><p><strong><span class=\"HwtZe\" lang=\"pl\"><span class=\"jCAhz ChMk0b\"><span class=\"ryNqvb\">Ka\u017cdy w\u0142a\u015bciciel czworonoga wie, \u017ce naturalne sk\u0142adniki s\u0105 najlepsze.<\/span><\/span><\/span><\/strong><\/p>\n<p>Wiemy, \u017ce nasi klienci ufaj\u0105, \u017ce dostarczamy \u017cywno\u015b\u0107, kt\u00f3ra jest w 100% bezpieczna, zdrowa i smaczna. Naturalne jest najlepsze, wie o tym ka\u017cdy pies, kot oraz troskliwy cz\u0142owiek.<\/p>\n<\/p>\t\t\t\t\t<\/div>\n\t\t\t\t\t<div class=\"d-none d-lg-block col-lg-1\"><\/div>\n\t\t\t\t\t<div class=\"col-md-6 col-lg-5 text-center\">\n\t\t\t\t\t\t\t\t\t\t\t\t\t<img decoding=\"async\" class=\"image\" src=\"https:\/\/bozita.com\/pl\/wp-content\/uploads\/sites\/9\/2023\/07\/Our-Philosophy-Compass_Pure-Ingredients.svg\" alt=\"\">\n\t\t\t\t\t\t\t\t\t\t\t\t<\/div>\n\t\t\t\t<\/div>\n\t\t\t<\/div>\n\t\t<\/div>\n\t<\/section>\n\t\t\n\n\t\t\t\t<section class=\"ingredient-wrap\">\n\t\t\t\t<div class=\"container\">\n\t\t\t\t\t<div class=\"row\">\n\t\t\t\t\t\t<div class=\"col-lg-2\"><\/div>\n\t\t\t\t\t\t<div class=\"col-lg-8\">\n\t\t\t\t\t\t\t\t\t\t\t\t\t\t\t<h5>\n\t\t\t\t\t\t\t\t\tSTARANNIE DOBRANE SK\u0141ADNIKI\t\t\t\t\t\t\t\t<\/h5>\n\t\t\t\t\t\t\t\t\n\t\t\t\t\t\t\t\t\t\t\t\t\t\t\t<h2>\n\t\t\t\t\t\t\t\t\tJESTE\u015a TYM CO JESZ\t\t\t\t\t\t\t\t<\/h2>\n\t\t\t\t\t\t\t\t\n\t\t\t\t\t\t\t<p><strong><span class=\"HwtZe\" lang=\"pl\"><span class=\"jCAhz ChMk0b\"><span class=\"ryNqvb\">Jedzenie to nie tylko paliwo.<\/span><\/span> <span class=\"jCAhz ChMk0b\"><span class=\"ryNqvb\">To budulec naszego istnienia.<\/span><\/span><\/span><\/strong><\/p>\n<p><span class=\"HwtZe\" lang=\"pl\"><span class=\"jCAhz ChMk0b\"><span class=\"ryNqvb\">To, co dostarczasz do swojego organizmu, wp\u0142ywa na to, jak si\u0119 czujesz.<\/span><\/span> <span class=\"jCAhz ChMk0b\"><span class=\"ryNqvb\">Nasz\u0105 misj\u0105 jest zapewnienie, \u017ce ka\u017cdy kot i pies otrzymuje najwy\u017cszej jako\u015bci karm\u0119, aby zapewni\u0107 im d\u0142ugie i zdrowe \u017cycie.<\/span><\/span><\/span><\/p>\n<p><span class=\"HwtZe\" lang=\"pl\"><span class=\"jCAhz ChMk0b\"><span class=\"ryNqvb\">Nasze sk\u0142adniki pozyskujemy od szwedzkich rolnik\u00f3w, kt\u00f3rzy podzielaja nasz\u0105 filozofi\u0119.<\/span><\/span> <span class=\"jCAhz ChMk0b\"><span class=\"ryNqvb\">Oznacza to, \u017ce nasze karmy s\u0105 produkowane zgodnie z przepisami UE, dzi\u0119ki czemu wszystko, co trafia do karmy Twojego zwierzaka, przyczynia si\u0119 do jego dobrego samopoczucia.<\/span><\/span><\/span><\/p>\n\t\t\t\t\t\t<\/div>\n\t\t\t\t\t<\/div>\n\t\t\t\t\t<div class=\"media features-list\">\n\t\t\t\t\t\t<img loading=\"lazy\" decoding=\"async\" width=\"695\" height=\"580\" src=\"https:\/\/bozita.com\/pl\/wp-content\/uploads\/sites\/9\/2023\/07\/bozita-our-philosophy-respect-for-animals.jpg\" class=\"attachment-full size-full\" alt=\"Nasza filozofia\" srcset=\"https:\/\/bozita.com\/pl\/wp-content\/uploads\/sites\/9\/2023\/07\/bozita-our-philosophy-respect-for-animals.jpg 695w, https:\/\/bozita.com\/pl\/wp-content\/uploads\/sites\/9\/2023\/07\/bozita-our-philosophy-respect-for-animals-300x250.jpg 300w\" sizes=\"(max-width: 695px) 100vw, 695px\" \/>\t\t\t\t\t\t<div class=\"media-body\">\n\t\t\t\t\t\t\t\t\t\t\t\t\t\t\t\t\t<div class=\"media\">\n\t\t\t\t\t\t\t\t\t\t\t<div class=\"icon-warp\">\n\t\t\t\t\t\t\t\t\t\t\t\t\t\t\t\t\t\t\t\t\t\t\t\t<img decoding=\"async\" class=\"mr-3\" src=\"https:\/\/bozita.com\/pl\/wp-content\/uploads\/sites\/9\/2023\/07\/FeatureIcon-Dark-CarefullySelected.svg\" alt=\"\">\n\t\t\t\t\t\t\t\t\t\t\t\t\t\t\t\t\t\t\t\t\t\t\t<\/div>\n\t\t\t\t\t\t\t\t\t\t\t<div class=\"media-body\">\n\t\t\t\t\t\t\t\t\t\t\t\t<h6 class=\"mt-0\">\n\t\t\t\t\t\t\t\t\t\t\t\tSTARANNIE DOBRANE SUROWCE\t\t\t\t\t\t\t\t\t\t\t\t<\/h6>\n\t\t\t\t\t\t\t\t\t\t\t\t<p>\n\t\t\t\t\t\t\t\t\t\t\t\tWybieramy surowce ze szwedzkich gospodarstw i w\u00f3d.\t\t\t\t\t\t\t\t\t\t\t\t<\/p>\n\t\t\t\t\t\t\t\t\t\t\t<\/div>\n\t\t\t\t\t\t\t\t\t\t<\/div>\n\t\t\t\t\t\t\t\t\t\t\t\t\t\t\t\t\t\t\t\t<div class=\"media\">\n\t\t\t\t\t\t\t\t\t\t\t<div class=\"icon-warp\">\n\t\t\t\t\t\t\t\t\t\t\t\t\t\t\t\t\t\t\t\t\t\t\t\t<img decoding=\"async\" class=\"mr-3\" src=\"https:\/\/bozita.com\/pl\/wp-content\/uploads\/sites\/9\/2023\/07\/FeatureIcon-Dark-RenewableEnergy.svg\" alt=\"\">\n\t\t\t\t\t\t\t\t\t\t\t\t\t\t\t\t\t\t\t\t\t\t\t<\/div>\n\t\t\t\t\t\t\t\t\t\t\t<div class=\"media-body\">\n\t\t\t\t\t\t\t\t\t\t\t\t<h6 class=\"mt-0\">\n\t\t\t\t\t\t\t\t\t\t\t\tNASZA FABRYKA JEST W 100% ZASILANA ENERGI\u0104 ODNAWIALN\u0104\t\t\t\t\t\t\t\t\t\t\t\t<\/h6>\n\t\t\t\t\t\t\t\t\t\t\t\t<p>\n\t\t\t\t\t\t\t\t\t\t\t\tWszystkie odpady z naszej produkcji przekszta\u0142cane s\u0105 w biogaz.\t\t\t\t\t\t\t\t\t\t\t\t<\/p>\n\t\t\t\t\t\t\t\t\t\t\t<\/div>\n\t\t\t\t\t\t\t\t\t\t<\/div>\n\t\t\t\t\t\t\t\t\t\t\t\t\t\t\t\t\t\t\t\t<div class=\"media\">\n\t\t\t\t\t\t\t\t\t\t\t<div class=\"icon-warp\">\n\t\t\t\t\t\t\t\t\t\t\t\t\t\t\t\t\t\t\t\t\t\t\t\t<img decoding=\"async\" class=\"mr-3\" src=\"https:\/\/bozita.com\/pl\/wp-content\/uploads\/sites\/9\/2023\/07\/FeatureIcon-Dark-AnimalProtectionLaws.svg\" alt=\"\">\n\t\t\t\t\t\t\t\t\t\t\t\t\t\t\t\t\t\t\t\t\t\t\t<\/div>\n\t\t\t\t\t\t\t\t\t\t\t<div class=\"media-body\">\n\t\t\t\t\t\t\t\t\t\t\t\t<h6 class=\"mt-0\">\n\t\t\t\t\t\t\t\t\t\t\t\tUNIKATOWE W SKALI \u015aWIATA PRAWO DOTYCZ\u0104CE DOBROSTANU ZWIERZ\u0104T\t\t\t\t\t\t\t\t\t\t\t\t<\/h6>\n\t\t\t\t\t\t\t\t\t\t\t\t<p>\n\t\t\t\t\t\t\t\t\t\t\t\tWszystkie kraje nordyckie przestrzegaj\u0105 prawodawstwa UE.\t\t\t\t\t\t\t\t\t\t\t\t<\/p>\n\t\t\t\t\t\t\t\t\t\t\t<\/div>\n\t\t\t\t\t\t\t\t\t\t<\/div>\n\t\t\t\t\t\t\t\t\t\t\t\t\t\t\t\t\t\t\t\t<div class=\"media\">\n\t\t\t\t\t\t\t\t\t\t\t<div class=\"icon-warp\">\n\t\t\t\t\t\t\t\t\t\t\t\t\t\t\t\t\t\t\t\t\t\t\t\t<img decoding=\"async\" class=\"mr-3\" src=\"https:\/\/bozita.com\/pl\/wp-content\/uploads\/sites\/9\/2023\/07\/FeatureIcon-Dark-NoGrowthHormones.svg\" alt=\"\">\n\t\t\t\t\t\t\t\t\t\t\t\t\t\t\t\t\t\t\t\t\t\t\t<\/div>\n\t\t\t\t\t\t\t\t\t\t\t<div class=\"media-body\">\n\t\t\t\t\t\t\t\t\t\t\t\t<h6 class=\"mt-0\">\n\t\t\t\t\t\t\t\t\t\t\t\tBEZ HORMON\u00d3W WZROSTU\t\t\t\t\t\t\t\t\t\t\t\t<\/h6>\n\t\t\t\t\t\t\t\t\t\t\t\t<p>\n\t\t\t\t\t\t\t\t\t\t\t\tU\u017cywanie hormon\u00f3w wzrostu w Szewcji jest surowo zabronione.\t\t\t\t\t\t\t\t\t\t\t\t<\/p>\n\t\t\t\t\t\t\t\t\t\t\t<\/div>\n\t\t\t\t\t\t\t\t\t\t<\/div>\n\t\t\t\t\t\t\t\t\t\t\t\t\t\t\t\t\t\t\t\t<div class=\"media\">\n\t\t\t\t\t\t\t\t\t\t\t<div class=\"icon-warp\">\n\t\t\t\t\t\t\t\t\t\t\t\t\t\t\t\t\t\t\t\t\t\t\t\t<img decoding=\"async\" class=\"mr-3\" src=\"https:\/\/bozita.com\/pl\/wp-content\/uploads\/sites\/9\/2023\/07\/FeatureIcon-Dark-GuaranteedQuality.svg\" alt=\"\">\n\t\t\t\t\t\t\t\t\t\t\t\t\t\t\t\t\t\t\t\t\t\t\t<\/div>\n\t\t\t\t\t\t\t\t\t\t\t<div class=\"media-body\">\n\t\t\t\t\t\t\t\t\t\t\t\t<h6 class=\"mt-0\">\n\t\t\t\t\t\t\t\t\t\t\t\tGWARANCJA JAKO\u015aCI\t\t\t\t\t\t\t\t\t\t\t\t<\/h6>\n\t\t\t\t\t\t\t\t\t\t\t\t<p>\n\t\t\t\t\t\t\t\t\t\t\t\tWed\u0142ug \u015awiatowej Organizacji Zdrowia Zwierz\u0105t Szwecja jest jednym z pierwszych kraj\u00f3w wolnych od BSE na \u015bwiecie.\t\t\t\t\t\t\t\t\t\t\t\t<\/p>\n\t\t\t\t\t\t\t\t\t\t\t<\/div>\n\t\t\t\t\t\t\t\t\t\t<\/div>\n\t\t\t\t\t\t\t\t\t\t\t\t\t\t\t\t\t\n\t\t\t\t\t\t<\/div>\n\t\t\t\t\t<\/div>\n\t\t\t\t<\/div>\n\n\t\t\t<\/section>\n\n\t\t\t\t\n\n\t<section class=\"block discover-our-product\">\n\t\t<div class=\"container\">\n\t\t\t\t\t\t\t<h5>\n\t\t\t\t\tNATURALNA SZWEDZKA JOKO\u015a\u0106\t\t\t\t<\/h5>\n\t\t\t\t\t\t\t\t\t\t\t<h2>\n\t\t\t\t\tOdkryj Nasze Produkty\t\t\t\t<\/h2>\n\n\t\t\t\t\t\t\t\n\t\t\t<div class=\"row align-items-center\">\n\t\t\t\t<div class=\"col-md-6\">\n\t\t\t\t\t<div class=\"\">\n\t\t\t\t\t\t\t\t\t\t\t\t<img decoding=\"async\" src=\"https:\/\/bozita.com\/pl\/wp-content\/uploads\/sites\/9\/2025\/05\/Produkty-CatDog_web_800x700.jpg\" alt=\"\">\n\t\t\t\t\t\t\t\t\t\t\t<\/div>\n\t\t\t\t<\/div>\n\t\t\t\t<div class=\"col-md-6\">\n\t\t\t\t\t<p><strong>Naturalna szwedzka jako\u015b\u0107 to dla nas co\u015b wi\u0119cej ni\u017c tylko miska z karm\u0105. To spos\u00f3b w jaki my\u015blimy i dzia\u0142amy.<\/strong><\/p>\n<p>W ci\u0105gu ostatnich stu lat nauczyli\u015bmy si\u0119, \u017ce spos\u00f3b produkcji karmy dla ps\u00f3w i kot\u00f3w jest nie tylko tak samo wa\u017cny jak smak, ale jest r\u00f3wnie\u017c istotn\u0105 cz\u0119\u015bci\u0105 smaku. Dzi\u0119ki naturalnym sk\u0142adnikom pochodz\u0105cym ze znanych na ca\u0142ym \u015bwiecie szwedzkich gospodarstw oraz wieloletniemu procesowi produkcji, produkujemy karm\u0119 dla ps\u00f3w i kot\u00f3w, kt\u00f3ra w pe\u0142ni oddaje istot\u0119 szwedzkiej natury \u2013 to w\u0142a\u015bnie nazywamy Naturaln\u0105 Szwedzk\u0105 Jako\u015bci\u0105.<\/p>\n\t\t\t\t\t<div class=\"cta-button\">\n\t\t\t\t\t\t\t\t\t\t\t\t\t<a target=\"\" href=\"https:\/\/bozita.com\/pl\/karma-dla-psow\/bozita-sucha-karma-dla-psow\/\" class=\"btn btn-primary\">\n\t\t\t\t\t\t\t\tOFERTA KARM DLA PS\u00d3W\t\t\t\t\t\t\t<\/a>\n\t\t\t\t\t\t\t\t\t\t\t\t\t\t\t\t\t\t\t\t<a target=\"\" href=\"https:\/\/bozita.com\/pl\/karma-dla-kotow\/\" class=\"btn btn-primary\">\n\t\t\t\t\t\t\t\tOFERTA KARM DLA KOT\u00d3W\t\t\t\t\t\t\t<\/a>\n\t\t\t\t\t\t\t\t\t\t\t\t<\/div>\n\t\t\t\t<\/div>\n\t\t\t<\/div>\n\t\t<\/div>\n\t<\/section>\n","protected":false},"excerpt":{"rendered":"","protected":false},"author":1,"featured_media":0,"parent":9926,"menu_order":0,"comment_status":"closed","ping_status":"closed","template":"guternberg.php","meta":{"footnotes":""},"acf":[],"yoast_head":"<!-- This site is optimized with the Yoast SEO plugin v21.3 - https:\/\/yoast.com\/wordpress\/plugins\/seo\/ -->\n<title>PRZEJRZYSTE SK\u0141ADNIKI | Bozita Polska<\/title>\n<meta name=\"robots\" content=\"index, follow, max-snippet:-1, max-image-preview:large, max-video-preview:-1\" \/>\n<link rel=\"canonical\" href=\"https:\/\/bozita.com\/pl\/nasza-filozofia\/przejrzyste-skladniki\/\" \/>\n<meta property=\"og:locale\" content=\"pl_PL\" \/>\n<meta property=\"og:type\" content=\"article\" \/>\n<meta property=\"og:title\" content=\"PRZEJRZYSTE SK\u0141ADNIKI | Bozita Polska\" \/>\n<meta property=\"og:url\" content=\"https:\/\/bozita.com\/pl\/nasza-filozofia\/przejrzyste-skladniki\/\" \/>\n<meta property=\"og:site_name\" content=\"Bozita Polska\" \/>\n<meta property=\"article:modified_time\" content=\"2025-05-20T11:08:51+00:00\" \/>\n<meta name=\"twitter:card\" content=\"summary_large_image\" \/>\n<!-- \/ Yoast SEO plugin. -->","yoast_head_json":{"title":"PRZEJRZYSTE SK\u0141ADNIKI | Bozita Polska","robots":{"index":"index","follow":"follow","max-snippet":"max-snippet:-1","max-image-preview":"max-image-preview:large","max-video-preview":"max-video-preview:-1"},"canonical":"https:\/\/bozita.com\/pl\/nasza-filozofia\/przejrzyste-skladniki\/","og_locale":"pl_PL","og_type":"article","og_title":"PRZEJRZYSTE SK\u0141ADNIKI | Bozita Polska","og_url":"https:\/\/bozita.com\/pl\/nasza-filozofia\/przejrzyste-skladniki\/","og_site_name":"Bozita Polska","article_modified_time":"2025-05-20T11:08:51+00:00","twitter_card":"summary_large_image","schema":{"@context":"https:\/\/schema.org","@graph":[{"@type":"WebPage","@id":"https:\/\/bozita.com\/pl\/nasza-filozofia\/przejrzyste-skladniki\/","url":"https:\/\/bozita.com\/pl\/nasza-filozofia\/przejrzyste-skladniki\/","name":"PRZEJRZYSTE SK\u0141ADNIKI | Bozita Polska","isPartOf":{"@id":"https:\/\/bozita.com\/pl\/#website"},"datePublished":"2023-07-26T01:36:45+00:00","dateModified":"2025-05-20T11:08:51+00:00","breadcrumb":{"@id":"https:\/\/bozita.com\/pl\/nasza-filozofia\/przejrzyste-skladniki\/#breadcrumb"},"inLanguage":"pl-PL","potentialAction":[{"@type":"ReadAction","target":["https:\/\/bozita.com\/pl\/nasza-filozofia\/przejrzyste-skladniki\/"]}]},{"@type":"BreadcrumbList","@id":"https:\/\/bozita.com\/pl\/nasza-filozofia\/przejrzyste-skladniki\/#breadcrumb","itemListElement":[{"@type":"ListItem","position":1,"name":"Home","item":"https:\/\/bozita.com\/pl\/"},{"@type":"ListItem","position":2,"name":"Nasza filozofia","item":"https:\/\/bozita.com\/pl\/nasza-filozofia\/"},{"@type":"ListItem","position":3,"name":"PRZEJRZYSTE SK\u0141ADNIKI"}]},{"@type":"WebSite","@id":"https:\/\/bozita.com\/pl\/#website","url":"https:\/\/bozita.com\/pl\/","name":"Bozita Polska","description":"","potentialAction":[{"@type":"SearchAction","target":{"@type":"EntryPoint","urlTemplate":"https:\/\/bozita.com\/pl\/?s={search_term_string}"},"query-input":"required name=search_term_string"}],"inLanguage":"pl-PL"}]}},"_links":{"self":[{"href":"https:\/\/bozita.com\/pl\/wp-json\/wp\/v2\/pages\/9989"}],"collection":[{"href":"https:\/\/bozita.com\/pl\/wp-json\/wp\/v2\/pages"}],"about":[{"href":"https:\/\/bozita.com\/pl\/wp-json\/wp\/v2\/types\/page"}],"author":[{"embeddable":true,"href":"https:\/\/bozita.com\/pl\/wp-json\/wp\/v2\/users\/1"}],"replies":[{"embeddable":true,"href":"https:\/\/bozita.com\/pl\/wp-json\/wp\/v2\/comments?post=9989"}],"version-history":[{"count":22,"href":"https:\/\/bozita.com\/pl\/wp-json\/wp\/v2\/pages\/9989\/revisions"}],"predecessor-version":[{"id":11731,"href":"https:\/\/bozita.com\/pl\/wp-json\/wp\/v2\/pages\/9989\/revisions\/11731"}],"up":[{"embeddable":true,"href":"https:\/\/bozita.com\/pl\/wp-json\/wp\/v2\/pages\/9926"}],"wp:attachment":[{"href":"https:\/\/bozita.com\/pl\/wp-json\/wp\/v2\/media?parent=9989"}],"curies":[{"name":"wp","href":"https:\/\/api.w.org\/{rel}","templated":true}]}}