{"id":103,"date":"2021-05-25T23:54:06","date_gmt":"2021-05-25T23:54:06","guid":{"rendered":"https:\/\/bozita.com\/se\/?page_id=103"},"modified":"2025-01-10T07:59:04","modified_gmt":"2025-01-10T07:59:04","slug":"kontakta-oss","status":"publish","type":"page","link":"https:\/\/bozita.com\/se\/kontakta-oss\/","title":{"rendered":"V\u00e4lkommen att kontakta oss"},"content":{"rendered":"\t\t<section class=\"small-hero\">\n\t\t\t<div class=\"container\">\n\t\t\t\t<h1 class=\"small-hero-title\">V\u00e4lkommen att kontakta oss<\/h1>\t\t\t<\/div>\n\t\t\t<\/div>\n\t\t<\/section>\n\t\n\n\t<div class=\"text-box-warp\">\n\t\t<div class=\"container\">\n\t\t\t<div class=\"text-content\">\n\t\t\t\t<p>Bozita\/Partner in Pet Food Nordics AB<br \/>\nDoggyv\u00e4gen 1<br \/>\n447 84 V\u00e5rg\u00e5rda<\/p>\n<p>Tel: <a href=\"tel:+46771646400\">0771-64 64 00<\/a><br \/>\nMail: <a href=\"mailto:info@bozita.se\">info@bozita.se<\/a><\/p>\n\t\t\t<\/div>\n\t\t<\/div>\n\t<\/div>\n\n\n\t<section class=\"block section-promos\">\n\t\t<div class=\"container\">\n\t\t\t<div class=\"row\">\n\t\t\t\t\t\t\t\t\t\t<div class=\" col-md-6 condensed_V1\">\n\t\t\t\t\t\t\t<div class=\"card\">\n\t\t\t\t\t\t\t\t\t\t\t\t\t\t\t\t\t<img decoding=\"async\" class=\"card-img-top\" src=\"https:\/\/bozita.com\/se\/wp-content\/uploads\/sites\/5\/2021\/06\/bozita-breeders-club-dog-cat.jpeg\" alt=\"\">\n\t\t\t\t\t\t\t\t\t\t\t\t\t\t\t\t<div class=\"card-body\">\n\t\t\t\t\t\t\t\t\t<h5 class=\"card-title\">F\u00f6r uppf\u00f6dare<\/h5>\n\t\t\t\t\t\t\t\t\t<p class=\"card-text\">Om du \u00e4r hund- eller kattuppf\u00f6dare med minst en valp-\/kattungekull vart tredje \u00e5r kan du bli medlem i v\u00e5r klubb f\u00f6r uppf\u00f6dare, bozita breeders club.<\/p>\n\t\t\t\t\t\t\t\t\t\t\t\t\t\t\t\t\t\t\t<a target=\"\" href=\"https:\/\/bozita.com\/se\/bozita-breeders-club\/\" class=\"btn btn-white\">Bozita Breeders Club<\/a>\n\t\t\t\t\t\t\t\t\t\t\t\t\t\t\t\t\t\t<\/div>\n\t\t\t\t\t\t\t<\/div>\n\t\t\t\t\t\t<\/div>\n\t\t\t\t\t\t\t\t\t<\/div>\n\t\t<\/div>\n\t<\/section>\n","protected":false},"excerpt":{"rendered":"","protected":false},"author":4,"featured_media":3497,"parent":0,"menu_order":0,"comment_status":"closed","ping_status":"closed","template":"guternberg.php","meta":{"footnotes":""},"acf":[],"yoast_head":"<!-- This site is optimized with the Yoast SEO plugin v21.3 - https:\/\/yoast.com\/wordpress\/plugins\/seo\/ -->\n<title>Kontaktuppgifter till hund- och kattmatstillverkaren Bozita | Bozita<\/title>\n<meta name=\"description\" content=\"Hitta adress, telefonnummer och e-postadress till Bozita i V\u00e5rg\u00e5rda.\" \/>\n<meta name=\"robots\" content=\"index, follow, max-snippet:-1, max-image-preview:large, max-video-preview:-1\" \/>\n<link rel=\"canonical\" href=\"https:\/\/bozita.com\/se\/kontakta-oss\/\" \/>\n<meta property=\"og:locale\" content=\"sv_SE\" \/>\n<meta property=\"og:type\" content=\"article\" \/>\n<meta property=\"og:title\" content=\"Kontaktuppgifter till hund- och kattmatstillverkaren Bozita | Bozita\" \/>\n<meta property=\"og:description\" content=\"Hitta adress, telefonnummer och e-postadress till Bozita i V\u00e5rg\u00e5rda.\" \/>\n<meta property=\"og:url\" content=\"https:\/\/bozita.com\/se\/kontakta-oss\/\" \/>\n<meta property=\"og:site_name\" content=\"Bozita Sverige\" \/>\n<meta property=\"article:modified_time\" content=\"2025-01-10T07:59:04+00:00\" \/>\n<meta property=\"og:image\" content=\"https:\/\/bozita.com\/se\/wp-content\/uploads\/sites\/5\/2021\/08\/bozita_swedish-natural-quality.jpg\" \/>\n\t<meta property=\"og:image:width\" content=\"800\" \/>\n\t<meta property=\"og:image:height\" content=\"533\" \/>\n\t<meta property=\"og:image:type\" content=\"image\/jpeg\" \/>\n<meta name=\"twitter:card\" content=\"summary_large_image\" \/>\n<!-- \/ Yoast SEO plugin. -->","yoast_head_json":{"title":"Kontaktuppgifter till hund- och kattmatstillverkaren Bozita | Bozita","description":"Hitta adress, telefonnummer och e-postadress till Bozita i V\u00e5rg\u00e5rda.","robots":{"index":"index","follow":"follow","max-snippet":"max-snippet:-1","max-image-preview":"max-image-preview:large","max-video-preview":"max-video-preview:-1"},"canonical":"https:\/\/bozita.com\/se\/kontakta-oss\/","og_locale":"sv_SE","og_type":"article","og_title":"Kontaktuppgifter till hund- och kattmatstillverkaren Bozita | Bozita","og_description":"Hitta adress, telefonnummer och e-postadress till Bozita i V\u00e5rg\u00e5rda.","og_url":"https:\/\/bozita.com\/se\/kontakta-oss\/","og_site_name":"Bozita Sverige","article_modified_time":"2025-01-10T07:59:04+00:00","og_image":[{"width":800,"height":533,"url":"https:\/\/bozita.com\/se\/wp-content\/uploads\/sites\/5\/2021\/08\/bozita_swedish-natural-quality.jpg","type":"image\/jpeg"}],"twitter_card":"summary_large_image","schema":{"@context":"https:\/\/schema.org","@graph":[{"@type":"WebPage","@id":"https:\/\/bozita.com\/se\/kontakta-oss\/","url":"https:\/\/bozita.com\/se\/kontakta-oss\/","name":"Kontaktuppgifter till hund- och kattmatstillverkaren Bozita | Bozita","isPartOf":{"@id":"https:\/\/bozita.com\/se\/#website"},"datePublished":"2021-05-25T23:54:06+00:00","dateModified":"2025-01-10T07:59:04+00:00","description":"Hitta adress, telefonnummer och e-postadress till Bozita i V\u00e5rg\u00e5rda.","breadcrumb":{"@id":"https:\/\/bozita.com\/se\/kontakta-oss\/#breadcrumb"},"inLanguage":"sv-SE","potentialAction":[{"@type":"ReadAction","target":["https:\/\/bozita.com\/se\/kontakta-oss\/"]}]},{"@type":"BreadcrumbList","@id":"https:\/\/bozita.com\/se\/kontakta-oss\/#breadcrumb","itemListElement":[{"@type":"ListItem","position":1,"name":"Home","item":"https:\/\/bozita.com\/se\/"},{"@type":"ListItem","position":2,"name":"V\u00e4lkommen att kontakta oss"}]},{"@type":"WebSite","@id":"https:\/\/bozita.com\/se\/#website","url":"https:\/\/bozita.com\/se\/","name":"Bozita Sverige","description":"","potentialAction":[{"@type":"SearchAction","target":{"@type":"EntryPoint","urlTemplate":"https:\/\/bozita.com\/se\/?s={search_term_string}"},"query-input":"required name=search_term_string"}],"inLanguage":"sv-SE"}]}},"_links":{"self":[{"href":"https:\/\/bozita.com\/se\/wp-json\/wp\/v2\/pages\/103"}],"collection":[{"href":"https:\/\/bozita.com\/se\/wp-json\/wp\/v2\/pages"}],"about":[{"href":"https:\/\/bozita.com\/se\/wp-json\/wp\/v2\/types\/page"}],"author":[{"embeddable":true,"href":"https:\/\/bozita.com\/se\/wp-json\/wp\/v2\/users\/4"}],"replies":[{"embeddable":true,"href":"https:\/\/bozita.com\/se\/wp-json\/wp\/v2\/comments?post=103"}],"version-history":[{"count":29,"href":"https:\/\/bozita.com\/se\/wp-json\/wp\/v2\/pages\/103\/revisions"}],"predecessor-version":[{"id":11067,"href":"https:\/\/bozita.com\/se\/wp-json\/wp\/v2\/pages\/103\/revisions\/11067"}],"wp:featuredmedia":[{"embeddable":true,"href":"https:\/\/bozita.com\/se\/wp-json\/wp\/v2\/media\/3497"}],"wp:attachment":[{"href":"https:\/\/bozita.com\/se\/wp-json\/wp\/v2\/media?parent=103"}],"curies":[{"name":"wp","href":"https:\/\/api.w.org\/{rel}","templated":true}]}}