{"id":109,"date":"2021-05-25T23:55:09","date_gmt":"2021-05-25T23:55:09","guid":{"rendered":"https:\/\/bozita.com\/se\/?page_id=109"},"modified":"2023-11-09T11:17:22","modified_gmt":"2023-11-09T11:17:22","slug":"hitta-butik","status":"publish","type":"page","link":"https:\/\/bozita.com\/se\/hitta-butik\/","title":{"rendered":"Hitta butik"},"content":{"rendered":"","protected":false},"excerpt":{"rendered":"","protected":false},"author":4,"featured_media":3497,"parent":0,"menu_order":0,"comment_status":"closed","ping_status":"closed","template":"template-locations.php","meta":{"footnotes":""},"acf":[],"yoast_head":"<!-- This site is optimized with the Yoast SEO plugin v21.3 - https:\/\/yoast.com\/wordpress\/plugins\/seo\/ -->\n<title>Hitta n\u00e4rmsta butik som s\u00e4ljer Bozita | Bozita<\/title>\n<meta name=\"description\" content=\"S\u00f6k och hitta vilka butiker n\u00e4rmast dig som s\u00e4ljer Bozitas hundfoder och kattfoder.\" \/>\n<meta name=\"robots\" content=\"index, follow, max-snippet:-1, max-image-preview:large, max-video-preview:-1\" \/>\n<link rel=\"canonical\" href=\"https:\/\/bozita.com\/se\/hitta-butik\/\" \/>\n<meta property=\"og:locale\" content=\"sv_SE\" \/>\n<meta property=\"og:type\" content=\"article\" \/>\n<meta property=\"og:title\" content=\"Hitta n\u00e4rmsta butik som s\u00e4ljer Bozita | Bozita\" \/>\n<meta property=\"og:description\" content=\"S\u00f6k och hitta vilka butiker n\u00e4rmast dig som s\u00e4ljer Bozitas hundfoder och kattfoder.\" \/>\n<meta property=\"og:url\" content=\"https:\/\/bozita.com\/se\/hitta-butik\/\" \/>\n<meta property=\"og:site_name\" content=\"Bozita Sverige\" \/>\n<meta property=\"article:modified_time\" content=\"2023-11-09T11:17:22+00:00\" \/>\n<meta property=\"og:image\" content=\"https:\/\/bozita.com\/se\/wp-content\/uploads\/sites\/5\/2021\/08\/bozita_swedish-natural-quality.jpg\" \/>\n\t<meta property=\"og:image:width\" content=\"800\" \/>\n\t<meta property=\"og:image:height\" content=\"533\" \/>\n\t<meta property=\"og:image:type\" content=\"image\/jpeg\" \/>\n<meta name=\"twitter:card\" content=\"summary_large_image\" \/>\n<!-- \/ Yoast SEO plugin. -->","yoast_head_json":{"title":"Hitta n\u00e4rmsta butik som s\u00e4ljer Bozita | Bozita","description":"S\u00f6k och hitta vilka butiker n\u00e4rmast dig som s\u00e4ljer Bozitas hundfoder och kattfoder.","robots":{"index":"index","follow":"follow","max-snippet":"max-snippet:-1","max-image-preview":"max-image-preview:large","max-video-preview":"max-video-preview:-1"},"canonical":"https:\/\/bozita.com\/se\/hitta-butik\/","og_locale":"sv_SE","og_type":"article","og_title":"Hitta n\u00e4rmsta butik som s\u00e4ljer Bozita | Bozita","og_description":"S\u00f6k och hitta vilka butiker n\u00e4rmast dig som s\u00e4ljer Bozitas hundfoder och kattfoder.","og_url":"https:\/\/bozita.com\/se\/hitta-butik\/","og_site_name":"Bozita Sverige","article_modified_time":"2023-11-09T11:17:22+00:00","og_image":[{"width":800,"height":533,"url":"https:\/\/bozita.com\/se\/wp-content\/uploads\/sites\/5\/2021\/08\/bozita_swedish-natural-quality.jpg","type":"image\/jpeg"}],"twitter_card":"summary_large_image","schema":{"@context":"https:\/\/schema.org","@graph":[{"@type":"WebPage","@id":"https:\/\/bozita.com\/se\/hitta-butik\/","url":"https:\/\/bozita.com\/se\/hitta-butik\/","name":"Hitta n\u00e4rmsta butik som s\u00e4ljer Bozita | Bozita","isPartOf":{"@id":"https:\/\/bozita.com\/se\/#website"},"datePublished":"2021-05-25T23:55:09+00:00","dateModified":"2023-11-09T11:17:22+00:00","description":"S\u00f6k och hitta vilka butiker n\u00e4rmast dig som s\u00e4ljer Bozitas hundfoder och kattfoder.","breadcrumb":{"@id":"https:\/\/bozita.com\/se\/hitta-butik\/#breadcrumb"},"inLanguage":"sv-SE","potentialAction":[{"@type":"ReadAction","target":["https:\/\/bozita.com\/se\/hitta-butik\/"]}]},{"@type":"BreadcrumbList","@id":"https:\/\/bozita.com\/se\/hitta-butik\/#breadcrumb","itemListElement":[{"@type":"ListItem","position":1,"name":"Home","item":"https:\/\/bozita.com\/se\/"},{"@type":"ListItem","position":2,"name":"Hitta butik"}]},{"@type":"WebSite","@id":"https:\/\/bozita.com\/se\/#website","url":"https:\/\/bozita.com\/se\/","name":"Bozita Sverige","description":"","potentialAction":[{"@type":"SearchAction","target":{"@type":"EntryPoint","urlTemplate":"https:\/\/bozita.com\/se\/?s={search_term_string}"},"query-input":"required name=search_term_string"}],"inLanguage":"sv-SE"}]}},"_links":{"self":[{"href":"https:\/\/bozita.com\/se\/wp-json\/wp\/v2\/pages\/109"}],"collection":[{"href":"https:\/\/bozita.com\/se\/wp-json\/wp\/v2\/pages"}],"about":[{"href":"https:\/\/bozita.com\/se\/wp-json\/wp\/v2\/types\/page"}],"author":[{"embeddable":true,"href":"https:\/\/bozita.com\/se\/wp-json\/wp\/v2\/users\/4"}],"replies":[{"embeddable":true,"href":"https:\/\/bozita.com\/se\/wp-json\/wp\/v2\/comments?post=109"}],"version-history":[{"count":20,"href":"https:\/\/bozita.com\/se\/wp-json\/wp\/v2\/pages\/109\/revisions"}],"predecessor-version":[{"id":9776,"href":"https:\/\/bozita.com\/se\/wp-json\/wp\/v2\/pages\/109\/revisions\/9776"}],"wp:featuredmedia":[{"embeddable":true,"href":"https:\/\/bozita.com\/se\/wp-json\/wp\/v2\/media\/3497"}],"wp:attachment":[{"href":"https:\/\/bozita.com\/se\/wp-json\/wp\/v2\/media?parent=109"}],"curies":[{"name":"wp","href":"https:\/\/api.w.org\/{rel}","templated":true}]}}