{"id":10933,"date":"2024-12-02T09:01:30","date_gmt":"2024-12-02T09:01:30","guid":{"rendered":"https:\/\/bozita.com\/se\/?page_id=10933"},"modified":"2025-12-10T07:43:46","modified_gmt":"2025-12-10T07:43:46","slug":"tavling","status":"publish","type":"page","link":"https:\/\/bozita.com\/se\/tavling\/","title":{"rendered":"T\u00e4vling"},"content":{"rendered":"<section class=\"small-hero-with-gradient-overlay version-1\">\n\t\t\t\t\t\t\t\t<img decoding=\"async\" class=\"background-image\" src=\"https:\/\/bozita.com\/se\/wp-content\/uploads\/sites\/5\/2025\/11\/DSC01654-scaled.jpg\" alt=\"\">\n\t\t\t\t\t\t\t\n\t\t<div class=\"overlay\">\n\t\t\t<div class=\"container\">\n\t\t\t\t<div class=\"row\">\n\t\t\t\t<div class=\"col-md-6 col-lg-4 text-left\">\n\t\t\t\t\t\t\t\t\t\t\t<\/div>\n\t\t\t\t\t<div class=\"col-md-6 col-lg-8\">\n\t\t\t\t\t\t<h5>Nu ska det snurras!<\/h5><h1>Ange din mejladress<\/h1><p><p>N\u00e4r du har fyllt i din e-postadress kommer du till en bekr\u00e4ftelsesida. Visa upp den f\u00f6r en i personalen, den fungerar n\u00e4mligen som din biljett f\u00f6r att snurra p\u00e5 hjulet.<\/p>\n<p>Ett snurr per person!<\/p>\n<\/p>\t\t\t\t\t<\/div>               \n\t\t\t\t<\/div>\n\t\t\t<\/div>\n\t\t<\/div>\n\t<\/section>\n\t\t\n\n\n<section class=\"block contact-form\">\n\t<div class=\"container\">\n\t\t<div class=\"form\">\n\t\t\t<h2><\/h2>\n\n\t\t\t\n\t\t\t<p id='gf_text'><\/p>\n\t\t\t\n\t\t\t<script type=\"text\/javascript\">var gform;gform||(document.addEventListener(\"gform_main_scripts_loaded\",function(){gform.scriptsLoaded=!0}),window.addEventListener(\"DOMContentLoaded\",function(){gform.domLoaded=!0}),gform={domLoaded:!1,scriptsLoaded:!1,initializeOnLoaded:function(o){gform.domLoaded&&gform.scriptsLoaded?o():!gform.domLoaded&&gform.scriptsLoaded?window.addEventListener(\"DOMContentLoaded\",o):document.addEventListener(\"gform_main_scripts_loaded\",o)},hooks:{action:{},filter:{}},addAction:function(o,n,r,t){gform.addHook(\"action\",o,n,r,t)},addFilter:function(o,n,r,t){gform.addHook(\"filter\",o,n,r,t)},doAction:function(o){gform.doHook(\"action\",o,arguments)},applyFilters:function(o){return gform.doHook(\"filter\",o,arguments)},removeAction:function(o,n){gform.removeHook(\"action\",o,n)},removeFilter:function(o,n,r){gform.removeHook(\"filter\",o,n,r)},addHook:function(o,n,r,t,i){null==gform.hooks[o][n]&&(gform.hooks[o][n]=[]);var e=gform.hooks[o][n];null==i&&(i=n+\"_\"+e.length),gform.hooks[o][n].push({tag:i,callable:r,priority:t=null==t?10:t})},doHook:function(n,o,r){var t;if(r=Array.prototype.slice.call(r,1),null!=gform.hooks[n][o]&&((o=gform.hooks[n][o]).sort(function(o,n){return o.priority-n.priority}),o.forEach(function(o){\"function\"!=typeof(t=o.callable)&&(t=window[t]),\"action\"==n?t.apply(null,r):r[0]=t.apply(null,r)})),\"filter\"==n)return r[0]},removeHook:function(o,n,t,i){var r;null!=gform.hooks[o][n]&&(r=(r=gform.hooks[o][n]).filter(function(o,n,r){return!!(null!=i&&i!=o.tag||null!=t&&t!=o.priority)}),gform.hooks[o][n]=r)}});<\/script>\n                <div class='gf_browser_gecko gform_wrapper gravity-theme gform-theme--no-framework' data-form-theme='gravity-theme' data-form-index='0' id='gform_wrapper_8' ><style>#gform_wrapper_8[data-form-index=\"0\"].gform-theme,[data-parent-form=\"8_0\"]{--gform-theme-color-primary: #204ce5;--gform-theme-color-primary-rgb: 32, 76, 229;--gform-theme-color-primary-contrast: #fff;--gform-theme-color-primary-contrast-rgb: 255, 255, 255;--gform-theme-color-primary-darker: #001AB3;--gform-theme-color-primary-lighter: #527EFF;--gform-theme-color-secondary: #fff;--gform-theme-color-secondary-rgb: 255, 255, 255;--gform-theme-color-secondary-contrast: #112337;--gform-theme-color-secondary-contrast-rgb: 17, 35, 55;--gform-theme-color-secondary-darker: #F5F5F5;--gform-theme-color-secondary-lighter: #FFFFFF;--gform-theme-color-outside-control-light: rgba(17, 35, 55, 0.1);--gform-theme-color-outside-control-light-rgb: 17, 35, 55;--gform-theme-color-outside-control-light-darker: rgba(104, 110, 119, 0.35);--gform-theme-color-outside-control-light-lighter: #F5F5F5;--gform-theme-color-outside-control-dark: #585e6a;--gform-theme-color-outside-control-dark-rgb: 88, 94, 106;--gform-theme-color-outside-control-dark-darker: #112337;--gform-theme-color-outside-control-dark-lighter: rgba(17, 35, 55, 0.65);--gform-theme-color-inside-control: #fff;--gform-theme-color-inside-control-rgb: 255, 255, 255;--gform-theme-color-inside-control-contrast: #112337;--gform-theme-color-inside-control-contrast-rgb: 17, 35, 55;--gform-theme-color-inside-control-darker: #F5F5F5;--gform-theme-color-inside-control-lighter: #FFFFFF;--gform-theme-color-inside-control-primary: #204ce5;--gform-theme-color-inside-control-primary-rgb: 32, 76, 229;--gform-theme-color-inside-control-primary-contrast: #fff;--gform-theme-color-inside-control-primary-contrast-rgb: 255, 255, 255;--gform-theme-color-inside-control-primary-darker: #001AB3;--gform-theme-color-inside-control-primary-lighter: #527EFF;--gform-theme-color-inside-control-light: rgba(17, 35, 55, 0.1);--gform-theme-color-inside-control-light-rgb: 17, 35, 55;--gform-theme-color-inside-control-light-darker: rgba(104, 110, 119, 0.35);--gform-theme-color-inside-control-light-lighter: #F5F5F5;--gform-theme-color-inside-control-dark: #585e6a;--gform-theme-color-inside-control-dark-rgb: 88, 94, 106;--gform-theme-color-inside-control-dark-darker: #112337;--gform-theme-color-inside-control-dark-lighter: rgba(17, 35, 55, 0.65);--gform-theme-border-radius: 3px;--gform-theme-font-size-secondary: 14px;--gform-theme-font-size-tertiary: 13px;--gform-theme-icon-control-number: url(\"data:image\/svg+xml,%3Csvg width='8' height='14' viewBox='0 0 8 14' fill='none' xmlns='http:\/\/www.w3.org\/2000\/svg'%3E%3Cpath fill-rule='evenodd' clip-rule='evenodd' d='M4 0C4.26522 5.96046e-08 4.51957 0.105357 4.70711 0.292893L7.70711 3.29289C8.09763 3.68342 8.09763 4.31658 7.70711 4.70711C7.31658 5.09763 6.68342 5.09763 6.29289 4.70711L4 2.41421L1.70711 4.70711C1.31658 5.09763 0.683417 5.09763 0.292893 4.70711C-0.0976311 4.31658 -0.097631 3.68342 0.292893 3.29289L3.29289 0.292893C3.48043 0.105357 3.73478 0 4 0ZM0.292893 9.29289C0.683417 8.90237 1.31658 8.90237 1.70711 9.29289L4 11.5858L6.29289 9.29289C6.68342 8.90237 7.31658 8.90237 7.70711 9.29289C8.09763 9.68342 8.09763 10.3166 7.70711 10.7071L4.70711 13.7071C4.31658 14.0976 3.68342 14.0976 3.29289 13.7071L0.292893 10.7071C-0.0976311 10.3166 -0.0976311 9.68342 0.292893 9.29289Z' fill='rgba(17, 35, 55, 0.65)'\/%3E%3C\/svg%3E\");--gform-theme-icon-control-select: url(\"data:image\/svg+xml,%3Csvg width='10' height='6' viewBox='0 0 10 6' fill='none' xmlns='http:\/\/www.w3.org\/2000\/svg'%3E%3Cpath fill-rule='evenodd' clip-rule='evenodd' d='M0.292893 0.292893C0.683417 -0.097631 1.31658 -0.097631 1.70711 0.292893L5 3.58579L8.29289 0.292893C8.68342 -0.0976311 9.31658 -0.0976311 9.70711 0.292893C10.0976 0.683417 10.0976 1.31658 9.70711 1.70711L5.70711 5.70711C5.31658 6.09763 4.68342 6.09763 4.29289 5.70711L0.292893 1.70711C-0.0976311 1.31658 -0.0976311 0.683418 0.292893 0.292893Z' fill='rgba(17, 35, 55, 0.65)'\/%3E%3C\/svg%3E\");--gform-theme-icon-control-search: url(\"data:image\/svg+xml,%3Csvg version='1.1' xmlns='http:\/\/www.w3.org\/2000\/svg' width='640' height='640'%3E%3Cpath d='M256 128c-70.692 0-128 57.308-128 128 0 70.691 57.308 128 128 128 70.691 0 128-57.309 128-128 0-70.692-57.309-128-128-128zM64 256c0-106.039 85.961-192 192-192s192 85.961 192 192c0 41.466-13.146 79.863-35.498 111.248l154.125 154.125c12.496 12.496 12.496 32.758 0 45.254s-32.758 12.496-45.254 0L367.248 412.502C335.862 434.854 297.467 448 256 448c-106.039 0-192-85.962-192-192z' fill='rgba(17, 35, 55, 0.65)'\/%3E%3C\/svg%3E\");--gform-theme-control-border-color: #686e77;--gform-theme-control-size: var(--gform-theme-control-size-md);--gform-theme-control-label-color-primary: #112337;--gform-theme-control-label-color-secondary: #112337;--gform-theme-control-choice-size: var(--gform-theme-control-choice-size-md);--gform-theme-control-checkbox-check-size: var(--gform-theme-control-checkbox-check-size-md);--gform-theme-control-radio-check-size: var(--gform-theme-control-radio-check-size-md);--gform-theme-control-button-font-size: var(--gform-theme-control-button-font-size-md);--gform-theme-control-button-padding-inline: var(--gform-theme-control-button-padding-inline-md);--gform-theme-control-button-size: var(--gform-theme-control-button-size-md);--gform-theme-control-button-border-color-secondary: #686e77;--gform-theme-control-file-button-background-color-hover: #EBEBEB;--gform-theme-field-page-steps-number-color: rgba(17, 35, 55, 0.8);}<\/style><div id='gf_8' class='gform_anchor' tabindex='-1'><\/div><form method='post' enctype='multipart\/form-data' target='gform_ajax_frame_8' id='gform_8'  action='\/se\/wp-json\/wp\/v2\/pages\/10933#gf_8' data-formid='8' >\n                        <div class='gform-body gform_body'><div id='gform_fields_8' class='gform_fields top_label form_sublabel_below description_below'><div id=\"field_8_3\"  class=\"gfield gfield--type-email gfield--width-full gfield_contains_required field_sublabel_below gfield--no-description field_description_below gfield_visibility_visible\"  data-js-reload=\"field_8_3\"><label class='gfield_label gform-field-label' for='input_8_3' >Mejladress<span class=\"gfield_required\"><span class=\"gfield_required gfield_required_text\">(Obligatoriskt)<\/span><\/span><\/label><div class='ginput_container ginput_container_email'>\n                            <input name='input_3' id='input_8_3' type='text' value='' class='large'    aria-required=\"true\" aria-invalid=\"false\"  \/>\n                        <\/div><\/div><fieldset id=\"field_8_4\"  class=\"gfield gfield--type-consent gfield--type-choice gfield--input-type-consent gfield--width-full field_sublabel_below gfield--no-description field_description_below gfield_visibility_visible\"  data-js-reload=\"field_8_4\"><legend class='gfield_label gform-field-label gfield_label_before_complex'  >Nyfiken p\u00e5 v\u00e5ra nyhetsbrev?<\/legend><div class='ginput_container ginput_container_consent'><input name='input_4.1' id='input_8_4_1' type='checkbox' value='1'    aria-invalid=\"false\"   \/> <label class=\"gform-field-label gform-field-label--type-inline gfield_consent_label\" for='input_8_4_1' >Jag godk\u00e4nner att Bozita skickar nyhetsbrev till mig.<\/label><input type='hidden' name='input_4.2' value='Jag godk\u00e4nner att Bozita skickar nyhetsbrev till mig.' class='gform_hidden' \/><input type='hidden' name='input_4.3' value='12' class='gform_hidden' \/><\/div><\/fieldset><div id=\"field_8_5\"  class=\"gfield gfield--type-captcha field_sublabel_below gfield--no-description field_description_below hidden_label gfield_visibility_visible\"  data-js-reload=\"field_8_5\"><label class='gfield_label gform-field-label' for='input_8_5' >CAPTCHA<\/label><div id='input_8_5' class='ginput_container ginput_recaptcha' data-sitekey='6Lc3-K4bAAAAAHXypaPBDyjDv6kls6xpN6aXHrif'  data-theme='light' data-tabindex='0'  data-badge=''><\/div><\/div><div id=\"field_8_6\"  class=\"gfield gfield--type-honeypot gform_validation_container field_sublabel_below gfield--has-description field_description_below gfield_visibility_visible\"  data-js-reload=\"field_8_6\"><label class='gfield_label gform-field-label' for='input_8_6' >Name<\/label><div class='ginput_container'><input name='input_6' id='input_8_6' type='text' value='' \/><\/div><div class='gfield_description' id='gfield_description_8_6'>Detta f\u00e4lt anv\u00e4nds f\u00f6r validerings\u00e4ndam\u00e5l och ska l\u00e4mnas of\u00f6r\u00e4ndrat.<\/div><\/div><\/div><\/div>\n        <div class='gform_footer top_label'> <input type='submit' id='gform_submit_button_8' class='gform_button button' value='BEKR\u00c4FTA'  onclick='if(window[\"gf_submitting_8\"]){return false;}  window[\"gf_submitting_8\"]=true;  ' onkeypress='if( event.keyCode == 13 ){ if(window[\"gf_submitting_8\"]){return false;} window[\"gf_submitting_8\"]=true;  jQuery(\"#gform_8\").trigger(\"submit\",[true]); }' \/> <input type='hidden' name='gform_ajax' value='form_id=8&amp;title=&amp;description=&amp;tabindex=-1&amp;theme=data-form-theme=&#039;gravity-theme&#039;' \/>\n            <input type='hidden' class='gform_hidden' name='is_submit_8' value='1' \/>\n            <input type='hidden' class='gform_hidden' name='gform_submit' value='8' \/>\n            \n            <input type='hidden' class='gform_hidden' name='gform_unique_id' value='' \/>\n            <input type='hidden' class='gform_hidden' name='state_8' value='WyJ7XCI0LjFcIjpcIjI5MzRmZjBiZWU4YzQwM2IzMzE3ZWI3NzMxYmU4ZDJmXCIsXCI0LjJcIjpcIjZhZjA1ZmRmOWVhYWI3NzU2ZDg5YWQ4YzY4ZTM0Zjg0XCIsXCI0LjNcIjpcIjUzZmM3NWY2ZDRkYmUzM2RjZGZmMDJlOTZmN2U4MTgzXCJ9IiwiNGM5N2YzNDc0ZjE1Yzc4NzU2NDg5NmZiY2RmMTQxMGYiXQ==' \/>\n            <input type='hidden' class='gform_hidden' name='gform_target_page_number_8' id='gform_target_page_number_8' value='0' \/>\n            <input type='hidden' class='gform_hidden' name='gform_source_page_number_8' id='gform_source_page_number_8' value='1' \/>\n            <input type='hidden' name='gform_field_values' value='' \/>\n            \n        <\/div>\n                        <p style=\"display: none !important;\"><label>&#916;<textarea name=\"ak_hp_textarea\" cols=\"45\" rows=\"8\" maxlength=\"100\"><\/textarea><\/label><input type=\"hidden\" id=\"ak_js_1\" name=\"ak_js\" value=\"15\"\/><script>document.getElementById( \"ak_js_1\" ).setAttribute( \"value\", ( new Date() ).getTime() );<\/script><\/p><\/form>\n                        <\/div>\n\t\t                <iframe style='display:none;width:0px;height:0px;' src='about:blank' name='gform_ajax_frame_8' id='gform_ajax_frame_8' title='Denna iframe inneh\u00e5ller logiken som beh\u00f6vs f\u00f6r att hantera Gravity Forms med Ajax-st\u00f6d.'><\/iframe>\n\t\t                <script>\ngform.initializeOnLoaded( function() {gformInitSpinner( 8, 'https:\/\/bozita.com\/se\/wp-content\/plugins\/gravityforms\/images\/spinner.svg', true );jQuery('#gform_ajax_frame_8').on('load',function(){var contents = jQuery(this).contents().find('*').html();var is_postback = contents.indexOf('GF_AJAX_POSTBACK') >= 0;if(!is_postback){return;}var form_content = jQuery(this).contents().find('#gform_wrapper_8');var is_confirmation = jQuery(this).contents().find('#gform_confirmation_wrapper_8').length > 0;var is_redirect = contents.indexOf('gformRedirect(){') >= 0;var is_form = form_content.length > 0 && ! is_redirect && ! is_confirmation;var mt = parseInt(jQuery('html').css('margin-top'), 10) + parseInt(jQuery('body').css('margin-top'), 10) + 100;if(is_form){jQuery('#gform_wrapper_8').html(form_content.html());if(form_content.hasClass('gform_validation_error')){jQuery('#gform_wrapper_8').addClass('gform_validation_error');} else {jQuery('#gform_wrapper_8').removeClass('gform_validation_error');}setTimeout( function() { \/* delay the scroll by 50 milliseconds to fix a bug in chrome *\/ jQuery(document).scrollTop(jQuery('#gform_wrapper_8').offset().top - mt); }, 50 );if(window['gformInitDatepicker']) {gformInitDatepicker();}if(window['gformInitPriceFields']) {gformInitPriceFields();}var current_page = jQuery('#gform_source_page_number_8').val();gformInitSpinner( 8, 'https:\/\/bozita.com\/se\/wp-content\/plugins\/gravityforms\/images\/spinner.svg', true );jQuery(document).trigger('gform_page_loaded', [8, current_page]);window['gf_submitting_8'] = false;}else if(!is_redirect){var confirmation_content = jQuery(this).contents().find('.GF_AJAX_POSTBACK').html();if(!confirmation_content){confirmation_content = contents;}setTimeout(function(){jQuery('#gform_wrapper_8').replaceWith(confirmation_content);jQuery(document).scrollTop(jQuery('#gf_8').offset().top - mt);jQuery(document).trigger('gform_confirmation_loaded', [8]);window['gf_submitting_8'] = false;wp.a11y.speak(jQuery('#gform_confirmation_message_8').text());}, 50);}else{jQuery('#gform_8').append(contents);if(window['gformRedirect']) {gformRedirect();}}jQuery(document).trigger('gform_post_render', [8, current_page]);gform.utils.trigger({ event: 'gform\/postRender', native: false, data: { formId: 8, currentPage: current_page } });} );} );\n<\/script>\n\t\t<\/div>\n\t<\/div>\n<\/section>\n<script>\n\tvar formName = 'T\u00e4vling';\n\tjQuery( \".ginput_container_select\" ).append( \"<i class='fas fa-caret-down'><\/i>\" );\n<\/script>\n","protected":false},"excerpt":{"rendered":"","protected":false},"author":34,"featured_media":0,"parent":0,"menu_order":0,"comment_status":"closed","ping_status":"closed","template":"guternberg.php","meta":{"footnotes":""},"acf":[],"yoast_head":"<!-- This site is optimized with the Yoast SEO plugin v21.3 - https:\/\/yoast.com\/wordpress\/plugins\/seo\/ -->\n<title>T\u00e4vling - Bozita Sverige<\/title>\n<meta name=\"robots\" content=\"index, follow, max-snippet:-1, max-image-preview:large, max-video-preview:-1\" \/>\n<link rel=\"canonical\" href=\"https:\/\/bozita.com\/se\/tavling\/\" \/>\n<meta property=\"og:locale\" content=\"sv_SE\" \/>\n<meta property=\"og:type\" content=\"article\" \/>\n<meta property=\"og:title\" content=\"T\u00e4vling - Bozita Sverige\" \/>\n<meta property=\"og:url\" content=\"https:\/\/bozita.com\/se\/tavling\/\" \/>\n<meta property=\"og:site_name\" content=\"Bozita Sverige\" \/>\n<meta property=\"article:modified_time\" content=\"2025-12-10T07:43:46+00:00\" \/>\n<meta name=\"twitter:card\" content=\"summary_large_image\" \/>\n<!-- \/ Yoast SEO plugin. -->","yoast_head_json":{"title":"T\u00e4vling - Bozita Sverige","robots":{"index":"index","follow":"follow","max-snippet":"max-snippet:-1","max-image-preview":"max-image-preview:large","max-video-preview":"max-video-preview:-1"},"canonical":"https:\/\/bozita.com\/se\/tavling\/","og_locale":"sv_SE","og_type":"article","og_title":"T\u00e4vling - Bozita Sverige","og_url":"https:\/\/bozita.com\/se\/tavling\/","og_site_name":"Bozita Sverige","article_modified_time":"2025-12-10T07:43:46+00:00","twitter_card":"summary_large_image","schema":{"@context":"https:\/\/schema.org","@graph":[{"@type":"WebPage","@id":"https:\/\/bozita.com\/se\/tavling\/","url":"https:\/\/bozita.com\/se\/tavling\/","name":"T\u00e4vling - Bozita Sverige","isPartOf":{"@id":"https:\/\/bozita.com\/se\/#website"},"datePublished":"2024-12-02T09:01:30+00:00","dateModified":"2025-12-10T07:43:46+00:00","breadcrumb":{"@id":"https:\/\/bozita.com\/se\/tavling\/#breadcrumb"},"inLanguage":"sv-SE","potentialAction":[{"@type":"ReadAction","target":["https:\/\/bozita.com\/se\/tavling\/"]}]},{"@type":"BreadcrumbList","@id":"https:\/\/bozita.com\/se\/tavling\/#breadcrumb","itemListElement":[{"@type":"ListItem","position":1,"name":"Home","item":"https:\/\/bozita.com\/se\/"},{"@type":"ListItem","position":2,"name":"T\u00e4vling"}]},{"@type":"WebSite","@id":"https:\/\/bozita.com\/se\/#website","url":"https:\/\/bozita.com\/se\/","name":"Bozita Sverige","description":"","potentialAction":[{"@type":"SearchAction","target":{"@type":"EntryPoint","urlTemplate":"https:\/\/bozita.com\/se\/?s={search_term_string}"},"query-input":"required name=search_term_string"}],"inLanguage":"sv-SE"}]}},"_links":{"self":[{"href":"https:\/\/bozita.com\/se\/wp-json\/wp\/v2\/pages\/10933"}],"collection":[{"href":"https:\/\/bozita.com\/se\/wp-json\/wp\/v2\/pages"}],"about":[{"href":"https:\/\/bozita.com\/se\/wp-json\/wp\/v2\/types\/page"}],"author":[{"embeddable":true,"href":"https:\/\/bozita.com\/se\/wp-json\/wp\/v2\/users\/34"}],"replies":[{"embeddable":true,"href":"https:\/\/bozita.com\/se\/wp-json\/wp\/v2\/comments?post=10933"}],"version-history":[{"count":42,"href":"https:\/\/bozita.com\/se\/wp-json\/wp\/v2\/pages\/10933\/revisions"}],"predecessor-version":[{"id":12177,"href":"https:\/\/bozita.com\/se\/wp-json\/wp\/v2\/pages\/10933\/revisions\/12177"}],"wp:attachment":[{"href":"https:\/\/bozita.com\/se\/wp-json\/wp\/v2\/media?parent=10933"}],"curies":[{"name":"wp","href":"https:\/\/api.w.org\/{rel}","templated":true}]}}