{"id":11227,"date":"2025-03-27T13:29:12","date_gmt":"2025-03-27T13:29:12","guid":{"rendered":"https:\/\/bozita.com\/se\/?page_id=11227"},"modified":"2025-03-27T13:32:59","modified_gmt":"2025-03-27T13:32:59","slug":"kattmynta","status":"publish","type":"page","link":"https:\/\/bozita.com\/se\/katt\/fakta-info\/kattmynta\/","title":{"rendered":"Kattmynta"},"content":{"rendered":"\t\t<section class=\"small-hero\">\n\t\t\t<div class=\"container\">\n\t\t\t\t<h1 class=\"small-hero-title\">Kattmynta<\/h1><p><p><span style=\"font-weight: 400\">Kattmynta, \u00f6rten som f\u00e5r m\u00e5nga katter att bete sig lekfullt och euforiskt. Men vad \u00e4r det egentligen som g\u00f6r denna v\u00e4xt s\u00e5 oemotst\u00e5ndlig f\u00f6r katter? Vi g\u00e5r igenom vad kattmynta \u00e4r, varf\u00f6r katter \u00e4lskar den och hur du kan anv\u00e4nda den p\u00e5 ett s\u00e4kert s\u00e4tt f\u00f6r din katt.<\/span><\/p>\n<\/p>\t\t\t<\/div>\n\t\t\t<\/div>\n\t\t<\/section>\n\t\n\n\t<div class=\"text-box-warp\">\n\t\t<div class=\"container\">\n\t\t\t<div class=\"text-content\">\n\t\t\t\t<h2 style=\"text-align: left\"><strong>Vad \u00e4r kattmynta?<\/strong><\/h2>\n<p style=\"text-align: left\"><span style=\"font-weight: 400\">Kattmynta (Nepeta cataria) \u00e4r en kransblommig v\u00e4xt som \u00e4r k\u00e4nd f\u00f6r sin unika p\u00e5verkan p\u00e5 katter. V\u00e4xten inneh\u00e5ller \u00e4mnet nepetalakton, vilket stimulerar katters sinnen och kan ge dem ett tillf\u00e4lligt rus.<\/span><\/p>\n<p><span style=\"font-weight: 400\">Kattmynta v\u00e4xer vilt i Europa, Asien och Sydafrika och har l\u00e4nge anv\u00e4nts b\u00e5de inom kattprodukter och traditionell \u00f6rtmedicin. I Sverige blommar v\u00e4xten under sommaren, och \u00e4r en fridlyst v\u00e4xt. Katt\u00e4gare anv\u00e4nder kattmynta huvudsakligen f\u00f6r att aktivera sina katter, uppmuntra lek och f\u00f6rb\u00e4ttra deras v\u00e4lbefinnande.<\/span><\/p>\n<h2><b>Varf\u00f6r gillar katter kattmynta?<\/b><\/h2>\n<p><span style=\"font-weight: 400\">Katter dras till kattmynta p\u00e5 grund av nepetalakton, ett \u00e4mne som finns i bladen och stj\u00e4lkarna. N\u00e4r en katt kommer i kontakt med kattmynta genom att lukta, tugga eller gnugga sig mot v\u00e4xten, stimuleras deras nervsystem. Detta leder ofta till euforiska reaktioner s\u00e5som rullande, jamande och en pl\u00f6tslig \u00f6kning av aktivitet.<\/span><\/p>\n<h2><b>Vad har kattmynta f\u00f6r effekt p\u00e5 katter?<\/b><\/h2>\n<p><span style=\"font-weight: 400\">Effekten av kattmynta varierar fr\u00e5n katt till katt. Vissa blir extatiska och lekfulla, medan andra kan bli lugna och avslappnade. Vanliga reaktioner kan vara:<\/span><\/p>\n<ul>\n<li style=\"font-weight: 400\"><span style=\"font-weight: 400\">\u00d6kad lekfullhet och energi<\/span><\/li>\n<li style=\"font-weight: 400\"><span style=\"font-weight: 400\">Rullande och gnidande sig mot f\u00f6rem\u00e5l<\/span><\/li>\n<li style=\"font-weight: 400\"><span style=\"font-weight: 400\">Jamande och spinnande<\/span><\/li>\n<li style=\"font-weight: 400\"><span style=\"font-weight: 400\">Tillf\u00e4llig avslappning efter den initiala stimulansen<\/span><\/li>\n<\/ul>\n<p><span style=\"font-weight: 400\">Effekten varar vanligtvis i cirka 5\u201315 minuter, efter s\u00e5 blir katten blir immun mot kattmyntans p\u00e5verkan i upp till ett par timmar. Intressant nog \u00e4r inte alla katter k\u00e4nsliga f\u00f6r kattmynta \u2013 det uppskattas att ungef\u00e4r en tredjedel av alla katter inte alls reagerar p\u00e5 kattmynta. <\/span><\/p>\n<h2><b>Ge kattmynta till katten<\/b><\/h2>\n<p><span style=\"font-weight: 400\">Att ge kattmynta till din katt kan vara ett utm\u00e4rkt s\u00e4tt att stimulera aktivitet och lek. H\u00e4r \u00e4r n\u00e5gra tips p\u00e5 hur du kan ge kattmynta till din katt:<\/span><\/p>\n<ul>\n<li style=\"font-weight: 400\"><b>Torkad kattmynta<\/b><span style=\"font-weight: 400\"> \u2013 Str\u00f6 lite p\u00e5 kattens kl\u00f6sbr\u00e4da, leksaker eller i en leksakstunnel.<\/span><\/li>\n<li style=\"font-weight: 400\"><b>Kattmyntaleksaker<\/b><span style=\"font-weight: 400\"> \u2013 M\u00e5nga kattprodukter inneh\u00e5ller torkad kattmynta f\u00f6r att locka katten att leka mer.<\/span><\/li>\n<li style=\"font-weight: 400\"><b>Spray med kattmynta<\/b><span style=\"font-weight: 400\"> \u2013 Perfekt f\u00f6r att fr\u00e4scha upp gamla leksaker eller m\u00f6bler som du vill att katten ska anv\u00e4nda.<\/span><\/li>\n<li style=\"font-weight: 400\"><b>F\u00e4rsk kattmynta<\/b><span style=\"font-weight: 400\"> \u2013 Om du har en egen kattmyntaplanta kan du plocka f\u00e4rska blad och l\u00e5ta katten njuta av den naturliga doften.<\/span><\/li>\n<\/ul>\n<p><span style=\"font-weight: 400\">T\u00e4nk p\u00e5 att ge kattmynta med m\u00e5tta. En \u00f6veranv\u00e4ndning av \u00f6rten kan minska kattens reaktion p\u00e5 den, samt leda till dregel, tr\u00f6tthet, samt orolighet hos katter.<\/span><\/p>\n<h2><b>Kan kattmynta vara farligt?<\/b><\/h2>\n<p><span style=\"font-weight: 400\">Kattmynta \u00e4r generellt sett ofarligt f\u00f6r katter, men \u00f6verdriven konsumtion kan orsaka milda magproblem som kr\u00e4kningar eller diarr\u00e9. F\u00f6r att undvika detta b\u00f6r du begr\u00e4nsa m\u00e4ngden din katt f\u00e5r och h\u00e5lla ett \u00f6ga p\u00e5 hur den reagerar.<\/span><\/p>\n<p><span style=\"font-weight: 400\">Om din katt visar tecken p\u00e5 \u00f6verdriven hyperaktivitet eller obehag, kan det vara bra att minska m\u00e4ngden kattmynta eller endast anv\u00e4nda det vid s\u00e4rskilda tillf\u00e4llen. Kattungar och \u00e4ldre katter kan vara mindre mottagliga f\u00f6r kattmyntans effekt, vilket \u00e4r helt normalt.<\/span><\/p>\n<h3><b>Sammanfattning<\/b><\/h3>\n<p><span style=\"font-weight: 400\">Kattmynta \u00e4r en fantastisk och naturlig stimulans f\u00f6r m\u00e5nga katter. Oavsett om du vill aktivera din katt, bel\u00f6na den eller hj\u00e4lpa den att slappna av, kan kattmynta vara ett utm\u00e4rkt verktyg. Som med allt annat b\u00f6r det anv\u00e4ndas med m\u00e5tta f\u00f6r att s\u00e4kerst\u00e4lla kattens v\u00e4lm\u00e5ende och njutning.<\/span><\/p>\n\t\t\t<\/div>\n\t\t<\/div>\n\t<\/div>\n\n\n\n\t<section class=\"block related-articles\">\n\t\t<div class=\"container\">\n\t\t\t<h2>Relaterade artiklar<\/h2>\n\t\t\t<div class=\"row justify-content-center\">\n\t\t\t\t\t\t\t\t\t\t<div class=\"col-sm-6 col-md-6 col-lg-3\">\n\t\t\t\t\t\t\t\t\t\t\t\t\t\t<div class=\"card \">\n\t\t\t\t\t\t\t\t\t\t\t\t\t\t\t\t\t<img decoding=\"async\"  src=\"https:\/\/bozita.com\/se\/wp-content\/uploads\/sites\/5\/2021\/08\/bozita-katt-rumsren-ga-pa-ladan.jpg\" alt=\"\">\n\t\t\t\t\t\t\t\t\t\t\t\t\t\t\t\t\t<!-- <img decoding=\"async\" src=\"\n\t\t\t\t\t\t\t\t\t\t\t\t\t\t\t\t\t\t\t\t\" alt=\"\n\t\t\t\t\t\t\t\t\t\t\t\t\t\t\t\t\t\t\t\t\t\t\t\t\t\t\t\"> -->\n\t\t\t\t\t\t\t\t<div class=\"card-body\">\n\t\t\t\t\t\t\t\t\t\t\t\t\t\t\t\t\t\t\t<h6>Hur f\u00e5r man en katt rumsren?<\/h6>\n\t\t\t\t\t\t\t\t\t\t\t\t\t\t\t\t\t\t\t<a href=\"https:\/\/bozita.com\/se\/katt\/kopa-katt\/hur-far-man-en-katt-rumsren\/\">L\u00e4s mer &nbsp; ><\/a>\n\t\t\t\t\t\t\t\t<\/div>\n\t\t\t\t\t\t\t<\/div>\n\t\t\t\t\t\t<\/div>\n\n\t\t\t\t\t\t\t\t\t\t\t<div class=\"col-sm-6 col-md-6 col-lg-3\">\n\t\t\t\t\t\t\t\t\t\t\t\t\t\t<div class=\"card \">\n\t\t\t\t\t\t\t\t\t\t\t\t\t\t\t\t\t<img decoding=\"async\"  src=\"https:\/\/bozita.com\/se\/wp-content\/uploads\/sites\/5\/2021\/08\/bozita-lamna-katt-ensam.jpg\" alt=\"\">\n\t\t\t\t\t\t\t\t\t\t\t\t\t\t\t\t\t<!-- <img decoding=\"async\" src=\"\n\t\t\t\t\t\t\t\t\t\t\t\t\t\t\t\t\t\t\t\t\" alt=\"\n\t\t\t\t\t\t\t\t\t\t\t\t\t\t\t\t\t\t\t\t\t\t\t\t\t\t\t\"> -->\n\t\t\t\t\t\t\t\t<div class=\"card-body\">\n\t\t\t\t\t\t\t\t\t\t\t\t\t\t\t\t\t\t\t<h6>Hur l\u00e4nge kan man l\u00e4mna en katt ensam?<\/h6>\n\t\t\t\t\t\t\t\t\t\t\t\t\t\t\t\t\t\t\t<a href=\"https:\/\/bozita.com\/se\/katt\/kopa-katt\/hur-lange-kan-man-lamna-en-katt-ensam\/\">L\u00e4s mer &nbsp; ><\/a>\n\t\t\t\t\t\t\t\t<\/div>\n\t\t\t\t\t\t\t<\/div>\n\t\t\t\t\t\t<\/div>\n\n\t\t\t\t\t\t\t\t\t\t\t<div class=\"col-sm-6 col-md-6 col-lg-3\">\n\t\t\t\t\t\t\t\t\t\t\t\t\t\t<div class=\"card \">\n\t\t\t\t\t\t\t\t\t\t\t\t\t\t\t\t\t<img decoding=\"async\"  src=\"https:\/\/bozita.com\/se\/wp-content\/uploads\/sites\/5\/2021\/08\/bozita_swedish-natural-quality.jpg\" alt=\"\">\n\t\t\t\t\t\t\t\t\t\t\t\t\t\t\t\t\t<!-- <img decoding=\"async\" src=\"\n\t\t\t\t\t\t\t\t\t\t\t\t\t\t\t\t\t\t\t\t\" alt=\"\n\t\t\t\t\t\t\t\t\t\t\t\t\t\t\t\t\t\t\t\t\t\t\t\t\t\t\t\"> -->\n\t\t\t\t\t\t\t\t<div class=\"card-body\">\n\t\t\t\t\t\t\t\t\t\t\t\t\t\t\t\t\t\t\t<h6>N\u00e4r kan man sl\u00e4ppa ut kattungen f\u00f6rsta g\u00e5ngen?<\/h6>\n\t\t\t\t\t\t\t\t\t\t\t\t\t\t\t\t\t\t\t<a href=\"https:\/\/bozita.com\/se\/katt\/kopa-katt\/nar-kan-man-slappa-ut-kattungen-forsta-gangen\/\">L\u00e4s mer &nbsp; ><\/a>\n\t\t\t\t\t\t\t\t<\/div>\n\t\t\t\t\t\t\t<\/div>\n\t\t\t\t\t\t<\/div>\n\n\t\t\t\t\t\t\t\t\t\t\t\t<\/div>\n\t\t<\/div>\n\t<\/section>\n","protected":false},"excerpt":{"rendered":"","protected":false},"author":40,"featured_media":11236,"parent":11214,"menu_order":0,"comment_status":"closed","ping_status":"closed","template":"guternberg.php","meta":{"footnotes":""},"acf":[],"yoast_head":"<!-- This site is optimized with the Yoast SEO plugin v21.3 - https:\/\/yoast.com\/wordpress\/plugins\/seo\/ -->\n<title>Kattmynta - Vad \u00e4r det och varf\u00f6r gillar katter det? | Bozita<\/title>\n<meta name=\"description\" content=\"Ta reda p\u00e5 varf\u00f6r katter \u00e4lskar kattmynta! L\u00e4r dig om dess effekt, hur du kan ge den till din katt och om den \u00e4r s\u00e4ker att anv\u00e4nda. L\u00e4s mer!\" \/>\n<meta name=\"robots\" content=\"index, follow, max-snippet:-1, max-image-preview:large, max-video-preview:-1\" \/>\n<link rel=\"canonical\" href=\"https:\/\/bozita.com\/se\/katt\/fakta-info\/kattmynta\/\" \/>\n<meta property=\"og:locale\" content=\"sv_SE\" \/>\n<meta property=\"og:type\" content=\"article\" \/>\n<meta property=\"og:title\" content=\"Kattmynta - Vad \u00e4r det och varf\u00f6r gillar katter det? | Bozita\" \/>\n<meta property=\"og:description\" content=\"Ta reda p\u00e5 varf\u00f6r katter \u00e4lskar kattmynta! L\u00e4r dig om dess effekt, hur du kan ge den till din katt och om den \u00e4r s\u00e4ker att anv\u00e4nda. L\u00e4s mer!\" \/>\n<meta property=\"og:url\" content=\"https:\/\/bozita.com\/se\/katt\/fakta-info\/kattmynta\/\" \/>\n<meta property=\"og:site_name\" content=\"Bozita Sverige\" \/>\n<meta property=\"article:modified_time\" content=\"2025-03-27T13:32:59+00:00\" \/>\n<meta property=\"og:image\" content=\"https:\/\/bozita.com\/se\/wp-content\/uploads\/sites\/5\/2025\/03\/kattmedkattmyntautomhus-1024x683.jpg\" \/>\n\t<meta property=\"og:image:width\" content=\"1024\" \/>\n\t<meta property=\"og:image:height\" content=\"683\" \/>\n\t<meta property=\"og:image:type\" content=\"image\/jpeg\" \/>\n<meta name=\"twitter:card\" content=\"summary_large_image\" \/>\n<!-- \/ Yoast SEO plugin. -->","yoast_head_json":{"title":"Kattmynta - Vad \u00e4r det och varf\u00f6r gillar katter det? | Bozita","description":"Ta reda p\u00e5 varf\u00f6r katter \u00e4lskar kattmynta! L\u00e4r dig om dess effekt, hur du kan ge den till din katt och om den \u00e4r s\u00e4ker att anv\u00e4nda. L\u00e4s mer!","robots":{"index":"index","follow":"follow","max-snippet":"max-snippet:-1","max-image-preview":"max-image-preview:large","max-video-preview":"max-video-preview:-1"},"canonical":"https:\/\/bozita.com\/se\/katt\/fakta-info\/kattmynta\/","og_locale":"sv_SE","og_type":"article","og_title":"Kattmynta - Vad \u00e4r det och varf\u00f6r gillar katter det? | Bozita","og_description":"Ta reda p\u00e5 varf\u00f6r katter \u00e4lskar kattmynta! L\u00e4r dig om dess effekt, hur du kan ge den till din katt och om den \u00e4r s\u00e4ker att anv\u00e4nda. L\u00e4s mer!","og_url":"https:\/\/bozita.com\/se\/katt\/fakta-info\/kattmynta\/","og_site_name":"Bozita Sverige","article_modified_time":"2025-03-27T13:32:59+00:00","og_image":[{"width":1024,"height":683,"url":"https:\/\/bozita.com\/se\/wp-content\/uploads\/sites\/5\/2025\/03\/kattmedkattmyntautomhus-1024x683.jpg","type":"image\/jpeg"}],"twitter_card":"summary_large_image","schema":{"@context":"https:\/\/schema.org","@graph":[{"@type":"WebPage","@id":"https:\/\/bozita.com\/se\/katt\/fakta-info\/kattmynta\/","url":"https:\/\/bozita.com\/se\/katt\/fakta-info\/kattmynta\/","name":"Kattmynta - Vad \u00e4r det och varf\u00f6r gillar katter det? | Bozita","isPartOf":{"@id":"https:\/\/bozita.com\/se\/#website"},"datePublished":"2025-03-27T13:29:12+00:00","dateModified":"2025-03-27T13:32:59+00:00","description":"Ta reda p\u00e5 varf\u00f6r katter \u00e4lskar kattmynta! L\u00e4r dig om dess effekt, hur du kan ge den till din katt och om den \u00e4r s\u00e4ker att anv\u00e4nda. L\u00e4s mer!","breadcrumb":{"@id":"https:\/\/bozita.com\/se\/katt\/fakta-info\/kattmynta\/#breadcrumb"},"inLanguage":"sv-SE","potentialAction":[{"@type":"ReadAction","target":["https:\/\/bozita.com\/se\/katt\/fakta-info\/kattmynta\/"]}]},{"@type":"BreadcrumbList","@id":"https:\/\/bozita.com\/se\/katt\/fakta-info\/kattmynta\/#breadcrumb","itemListElement":[{"@type":"ListItem","position":1,"name":"Home","item":"https:\/\/bozita.com\/se\/"},{"@type":"ListItem","position":2,"name":"Livet med katt","item":"https:\/\/bozita.com\/se\/katt\/"},{"@type":"ListItem","position":3,"name":"Fakta info katt","item":"https:\/\/bozita.com\/se\/katt\/fakta-info\/"},{"@type":"ListItem","position":4,"name":"Kattmynta"}]},{"@type":"WebSite","@id":"https:\/\/bozita.com\/se\/#website","url":"https:\/\/bozita.com\/se\/","name":"Bozita Sverige","description":"","potentialAction":[{"@type":"SearchAction","target":{"@type":"EntryPoint","urlTemplate":"https:\/\/bozita.com\/se\/?s={search_term_string}"},"query-input":"required name=search_term_string"}],"inLanguage":"sv-SE"}]}},"_links":{"self":[{"href":"https:\/\/bozita.com\/se\/wp-json\/wp\/v2\/pages\/11227"}],"collection":[{"href":"https:\/\/bozita.com\/se\/wp-json\/wp\/v2\/pages"}],"about":[{"href":"https:\/\/bozita.com\/se\/wp-json\/wp\/v2\/types\/page"}],"author":[{"embeddable":true,"href":"https:\/\/bozita.com\/se\/wp-json\/wp\/v2\/users\/40"}],"replies":[{"embeddable":true,"href":"https:\/\/bozita.com\/se\/wp-json\/wp\/v2\/comments?post=11227"}],"version-history":[{"count":15,"href":"https:\/\/bozita.com\/se\/wp-json\/wp\/v2\/pages\/11227\/revisions"}],"predecessor-version":[{"id":11922,"href":"https:\/\/bozita.com\/se\/wp-json\/wp\/v2\/pages\/11227\/revisions\/11922"}],"up":[{"embeddable":true,"href":"https:\/\/bozita.com\/se\/wp-json\/wp\/v2\/pages\/11214"}],"wp:featuredmedia":[{"embeddable":true,"href":"https:\/\/bozita.com\/se\/wp-json\/wp\/v2\/media\/11236"}],"wp:attachment":[{"href":"https:\/\/bozita.com\/se\/wp-json\/wp\/v2\/media?parent=11227"}],"curies":[{"name":"wp","href":"https:\/\/api.w.org\/{rel}","templated":true}]}}