{"id":11240,"date":"2025-03-27T13:30:17","date_gmt":"2025-03-27T13:30:17","guid":{"rendered":"https:\/\/bozita.com\/se\/?page_id=11240"},"modified":"2025-03-27T13:36:09","modified_gmt":"2025-03-27T13:36:09","slug":"katters-livslangd","status":"publish","type":"page","link":"https:\/\/bozita.com\/se\/katt\/fakta-info\/katters-livslangd\/","title":{"rendered":"Hur gammal blir en katt?"},"content":{"rendered":"\t\t<section class=\"small-hero\">\n\t\t\t<div class=\"container\">\n\t\t\t\t<h1 class=\"small-hero-title\">Hur gammal blir en katt?<\/h1><p><p><span style=\"font-weight: 400\">Som katt\u00e4gare vill man s\u00e5klart att ens katt ska leva ett l\u00e5ngt och h\u00e4lsosamt liv. Men hur gammal kan en katt egentligen bli. H\u00e4r g\u00e5r vi igenom hur l\u00e4nge en katt i regel lever, samt vilka faktorer som kan p\u00e5verka livsl\u00e4ngden. <\/span><\/p>\n<\/p>\t\t\t<\/div>\n\t\t\t<\/div>\n\t\t<\/section>\n\t\n\n\t<div class=\"text-box-warp\">\n\t\t<div class=\"container\">\n\t\t\t<div class=\"text-content\">\n\t\t\t\t<h2><b>Genomsnittlig livsl\u00e4ngd hos katter<\/b><\/h2>\n<p><span style=\"font-weight: 400\">En frisk huskatt lever i genomsnitt mellan <\/span><b>12 och 18 \u00e5r<\/b><span style=\"font-weight: 400\">, men vissa katter kan bli \u00f6ver 20 \u00e5r gamla. I s\u00e4llsynta fall finns det katter som har levt l\u00e5ngt \u00f6ver 30 \u00e5r \u2013 v\u00e4rldens \u00e4ldsta katt, Cr\u00e8me Puff, blev hela 38 \u00e5r.\u00a0 Men en s\u00e5dan livsl\u00e4ngd \u00e4r inget man kan r\u00e4kna med.<\/span><\/p>\n<p><span style=\"font-weight: 400\">Ras och genetik spelar en stor roll i livsl\u00e4ngden. Vissa raskatter, s\u00e5som siameser och burmeser, har ofta l\u00e4ngre livsl\u00e4ngd \u00e4n andra raser. Blandraser tenderar ocks\u00e5 att vara mer l\u00e5nglivade tack vare en st\u00f6rre genetisk variation, vilket kan minska risken f\u00f6r att \u00e4rftliga sjukdomar f\u00f6rs vidare till katten.<\/span><\/p>\n<h2><b>Vad p\u00e5verkar en katts livsl\u00e4ngd?<\/b><\/h2>\n<p><span style=\"font-weight: 400\">Det finns flera faktorer som p\u00e5verkar hur l\u00e4nge en katt lever, s\u00e5 som:<\/span><\/p>\n<ul>\n<li style=\"font-weight: 400\"><b>Kost och n\u00e4ring<\/b><span style=\"font-weight: 400\"> \u2013 En balanserad och n\u00e4ringsrik kost \u00e4r s\u00e5klart viktigt f\u00f6r kattens h\u00e4lsa. Katter som f\u00e5r h\u00f6gkvalitativt foder och r\u00e4tt m\u00e4ngd mat har st\u00f6rre chans att leva l\u00e4ngre.<\/span><\/li>\n<li style=\"font-weight: 400\"><b>Veterin\u00e4rv\u00e5rd<\/b><span style=\"font-weight: 400\"> \u2013 Vaccination och regelbundna kontroller av din katts h\u00e4lsa hj\u00e4lper till att uppt\u00e4cka och f\u00f6rebygga sjukdomar i tid.<\/span><\/li>\n<li style=\"font-weight: 400\"><b>Sterilisering\/kastrering<\/b><span style=\"font-weight: 400\"> \u2013 Kastrerade och steriliserade katter lever oftast l\u00e4ngre, eftersom ingreppet minskar risken f\u00f6r vissa sjukdomar relaterade till \u00e4ggstockar och livmoder. Kastrering tar \u00e4ven bort risken f\u00f6r o\u00f6nskade dr\u00e4ktigheter som kan inneb\u00e4ra komplikationer.<\/span><\/li>\n<li style=\"font-weight: 400\"><b>Milj\u00f6 och s\u00e4kerhet<\/b><span style=\"font-weight: 400\"> \u2013 En trygg och stimulerande milj\u00f6 minskar risken f\u00f6r skador, stress och sjukdomar.<\/span><\/li>\n<li style=\"font-weight: 400\"><b>Genetik och ras<\/b><span style=\"font-weight: 400\"> \u2013 Vissa kattraser \u00e4r mer ben\u00e4gna att utveckla \u00e4rftliga sjukdomar, vilket kan p\u00e5verka livsl\u00e4ngden.<\/span><\/li>\n<\/ul>\n<h2><b>Utekatter &amp; innekatter \u2013 Livsl\u00e4ngd<\/b><\/h2>\n<p><span style=\"font-weight: 400\">Livsstilen har en stor p\u00e5verkan p\u00e5 en katts livsl\u00e4ngd. Generellt sett lever innekatter l\u00e4ngre \u00e4n utekatter d\u00e5 de har mindre riskfaktorer runtom sig.<\/span><\/p>\n<ul>\n<li style=\"font-weight: 400\"><b>Innekatter har en medellivsl\u00e4ngd p\u00e5 12\u201318 \u00e5r<\/b><span style=\"font-weight: 400\">, men m\u00e5nga kan bli \u00f6ver 20 \u00e5r gamla. De lever i en s\u00e4ker milj\u00f6 d\u00e4r de \u00e4r skyddade fr\u00e5n faror som trafik, rovdjur och smittsamma sjukdomar.<\/span><\/li>\n<li style=\"font-weight: 400\"><b>Utekatter lever ofta kortare liv, i snitt 5\u201310 \u00e5r<\/b><span style=\"font-weight: 400\">, eftersom de uts\u00e4tts f\u00f6r st\u00f6rre risker s\u00e5som bilolyckor, br\u00e5k med andra djur och exponering f\u00f6r sjukdomar.<\/span><\/li>\n<\/ul>\n<p><span style=\"font-weight: 400\">Om du har en utekatt kan du \u00f6ka dess chanser att leva l\u00e4ngre genom att:<\/span><\/p>\n<ul>\n<li style=\"font-weight: 400\"><span style=\"font-weight: 400\">H\u00e5lla den vaccinerad och regelbundet avmaskad.<\/span><\/li>\n<li style=\"font-weight: 400\"><span style=\"font-weight: 400\">Skapa en trygg utemilj\u00f6, exempelvis genom en inh\u00e4gnad kattg\u00e5rd.<\/span><\/li>\n<li style=\"font-weight: 400\"><span style=\"font-weight: 400\">Se till att katten \u00e4r ID-m\u00e4rkt och registrerad f\u00f6r att l\u00e4tt kunna \u00e5terfinnas vid ett eventuellt f\u00f6rsvinnande.<\/span><\/li>\n<\/ul>\n<h3><b>Sammanfattning<\/b><\/h3>\n<p><span style=\"font-weight: 400\">Hur gammal en katt blir beror p\u00e5 m\u00e5nga faktorer, men med r\u00e4tt sk\u00f6tsel och en s\u00e4ker milj\u00f6 kan du ge din katt b\u00e4sta m\u00f6jliga f\u00f6ruts\u00e4ttningar f\u00f6r ett l\u00e5ngt och lyckligt liv. Oavsett om du har en innekatt eller en utekatt \u00e4r god omsorg nyckeln till att din fyrbenta v\u00e4n lever ett l\u00e5ngt liv.<\/span><\/p>\n\t\t\t<\/div>\n\t\t<\/div>\n\t<\/div>\n\n\n\n\t<section class=\"block related-articles\">\n\t\t<div class=\"container\">\n\t\t\t<h2>Relaterade artiklar<\/h2>\n\t\t\t<div class=\"row justify-content-center\">\n\t\t\t\t\t\t\t\t\t\t<div class=\"col-sm-6 col-md-6 col-lg-3\">\n\t\t\t\t\t\t\t\t\t\t\t\t\t\t<div class=\"card \">\n\t\t\t\t\t\t\t\t\t\t\t\t\t\t\t\t\t<img decoding=\"async\"  src=\"https:\/\/bozita.com\/se\/wp-content\/uploads\/sites\/5\/2021\/08\/bozita-katt-rumsren-ga-pa-ladan.jpg\" alt=\"\">\n\t\t\t\t\t\t\t\t\t\t\t\t\t\t\t\t\t<!-- <img decoding=\"async\" src=\"\n\t\t\t\t\t\t\t\t\t\t\t\t\t\t\t\t\t\t\t\t\" alt=\"\n\t\t\t\t\t\t\t\t\t\t\t\t\t\t\t\t\t\t\t\t\t\t\t\t\t\t\t\"> -->\n\t\t\t\t\t\t\t\t<div class=\"card-body\">\n\t\t\t\t\t\t\t\t\t\t\t\t\t\t\t\t\t\t\t<h6>Hur f\u00e5r man en katt rumsren?<\/h6>\n\t\t\t\t\t\t\t\t\t\t\t\t\t\t\t\t\t\t\t<a href=\"https:\/\/bozita.com\/se\/katt\/kopa-katt\/hur-far-man-en-katt-rumsren\/\">L\u00e4s mer &nbsp; ><\/a>\n\t\t\t\t\t\t\t\t<\/div>\n\t\t\t\t\t\t\t<\/div>\n\t\t\t\t\t\t<\/div>\n\n\t\t\t\t\t\t\t\t\t\t\t<div class=\"col-sm-6 col-md-6 col-lg-3\">\n\t\t\t\t\t\t\t\t\t\t\t\t\t\t<div class=\"card \">\n\t\t\t\t\t\t\t\t\t\t\t\t\t\t\t\t\t<img decoding=\"async\"  src=\"https:\/\/bozita.com\/se\/wp-content\/uploads\/sites\/5\/2021\/08\/bozita-lamna-katt-ensam.jpg\" alt=\"\">\n\t\t\t\t\t\t\t\t\t\t\t\t\t\t\t\t\t<!-- <img decoding=\"async\" src=\"\n\t\t\t\t\t\t\t\t\t\t\t\t\t\t\t\t\t\t\t\t\" alt=\"\n\t\t\t\t\t\t\t\t\t\t\t\t\t\t\t\t\t\t\t\t\t\t\t\t\t\t\t\"> -->\n\t\t\t\t\t\t\t\t<div class=\"card-body\">\n\t\t\t\t\t\t\t\t\t\t\t\t\t\t\t\t\t\t\t<h6>Hur l\u00e4nge kan man l\u00e4mna en katt ensam?<\/h6>\n\t\t\t\t\t\t\t\t\t\t\t\t\t\t\t\t\t\t\t<a href=\"https:\/\/bozita.com\/se\/katt\/kopa-katt\/hur-lange-kan-man-lamna-en-katt-ensam\/\">L\u00e4s mer &nbsp; ><\/a>\n\t\t\t\t\t\t\t\t<\/div>\n\t\t\t\t\t\t\t<\/div>\n\t\t\t\t\t\t<\/div>\n\n\t\t\t\t\t\t\t\t\t\t\t<div class=\"col-sm-6 col-md-6 col-lg-3\">\n\t\t\t\t\t\t\t\t\t\t\t\t\t\t<div class=\"card \">\n\t\t\t\t\t\t\t\t\t\t\t\t\t\t\t\t\t<img decoding=\"async\"  src=\"https:\/\/bozita.com\/se\/wp-content\/uploads\/sites\/5\/2021\/08\/bozita_swedish-natural-quality.jpg\" alt=\"\">\n\t\t\t\t\t\t\t\t\t\t\t\t\t\t\t\t\t<!-- <img decoding=\"async\" src=\"\n\t\t\t\t\t\t\t\t\t\t\t\t\t\t\t\t\t\t\t\t\" alt=\"\n\t\t\t\t\t\t\t\t\t\t\t\t\t\t\t\t\t\t\t\t\t\t\t\t\t\t\t\"> -->\n\t\t\t\t\t\t\t\t<div class=\"card-body\">\n\t\t\t\t\t\t\t\t\t\t\t\t\t\t\t\t\t\t\t<h6>N\u00e4r kan man sl\u00e4ppa ut kattungen f\u00f6rsta g\u00e5ngen?<\/h6>\n\t\t\t\t\t\t\t\t\t\t\t\t\t\t\t\t\t\t\t<a href=\"https:\/\/bozita.com\/se\/katt\/kopa-katt\/nar-kan-man-slappa-ut-kattungen-forsta-gangen\/\">L\u00e4s mer &nbsp; ><\/a>\n\t\t\t\t\t\t\t\t<\/div>\n\t\t\t\t\t\t\t<\/div>\n\t\t\t\t\t\t<\/div>\n\n\t\t\t\t\t\t\t\t\t\t\t\t<\/div>\n\t\t<\/div>\n\t<\/section>\n","protected":false},"excerpt":{"rendered":"","protected":false},"author":40,"featured_media":11242,"parent":11214,"menu_order":0,"comment_status":"closed","ping_status":"closed","template":"guternberg.php","meta":{"footnotes":""},"acf":[],"yoast_head":"<!-- This site is optimized with the Yoast SEO plugin v21.3 - https:\/\/yoast.com\/wordpress\/plugins\/seo\/ -->\n<title>Hur gammal blir en katt? - S\u00e5 l\u00e4nge lever katter | Bozita<\/title>\n<meta name=\"description\" content=\"Hur gammal blir en katt? L\u00e4s om katters genomsnittliga livsl\u00e4ngd, och hur det skiljer sig mellan inne- och utekatter.\" \/>\n<meta name=\"robots\" content=\"index, follow, max-snippet:-1, max-image-preview:large, max-video-preview:-1\" \/>\n<link rel=\"canonical\" href=\"https:\/\/bozita.com\/se\/katt\/fakta-info\/katters-livslangd\/\" \/>\n<meta property=\"og:locale\" content=\"sv_SE\" \/>\n<meta property=\"og:type\" content=\"article\" \/>\n<meta property=\"og:title\" content=\"Hur gammal blir en katt? - S\u00e5 l\u00e4nge lever katter | Bozita\" \/>\n<meta property=\"og:description\" content=\"Hur gammal blir en katt? L\u00e4s om katters genomsnittliga livsl\u00e4ngd, och hur det skiljer sig mellan inne- och utekatter.\" \/>\n<meta property=\"og:url\" content=\"https:\/\/bozita.com\/se\/katt\/fakta-info\/katters-livslangd\/\" \/>\n<meta property=\"og:site_name\" content=\"Bozita Sverige\" \/>\n<meta property=\"article:modified_time\" content=\"2025-03-27T13:36:09+00:00\" \/>\n<meta property=\"og:image\" content=\"https:\/\/bozita.com\/se\/wp-content\/uploads\/sites\/5\/2025\/03\/gammal-katt-bozita.jpg\" \/>\n\t<meta property=\"og:image:width\" content=\"2121\" \/>\n\t<meta property=\"og:image:height\" content=\"1414\" \/>\n\t<meta property=\"og:image:type\" content=\"image\/jpeg\" \/>\n<meta name=\"twitter:card\" content=\"summary_large_image\" \/>\n<!-- \/ Yoast SEO plugin. -->","yoast_head_json":{"title":"Hur gammal blir en katt? - S\u00e5 l\u00e4nge lever katter | Bozita","description":"Hur gammal blir en katt? L\u00e4s om katters genomsnittliga livsl\u00e4ngd, och hur det skiljer sig mellan inne- och utekatter.","robots":{"index":"index","follow":"follow","max-snippet":"max-snippet:-1","max-image-preview":"max-image-preview:large","max-video-preview":"max-video-preview:-1"},"canonical":"https:\/\/bozita.com\/se\/katt\/fakta-info\/katters-livslangd\/","og_locale":"sv_SE","og_type":"article","og_title":"Hur gammal blir en katt? - S\u00e5 l\u00e4nge lever katter | Bozita","og_description":"Hur gammal blir en katt? L\u00e4s om katters genomsnittliga livsl\u00e4ngd, och hur det skiljer sig mellan inne- och utekatter.","og_url":"https:\/\/bozita.com\/se\/katt\/fakta-info\/katters-livslangd\/","og_site_name":"Bozita Sverige","article_modified_time":"2025-03-27T13:36:09+00:00","og_image":[{"width":2121,"height":1414,"url":"https:\/\/bozita.com\/se\/wp-content\/uploads\/sites\/5\/2025\/03\/gammal-katt-bozita.jpg","type":"image\/jpeg"}],"twitter_card":"summary_large_image","schema":{"@context":"https:\/\/schema.org","@graph":[{"@type":"WebPage","@id":"https:\/\/bozita.com\/se\/katt\/fakta-info\/katters-livslangd\/","url":"https:\/\/bozita.com\/se\/katt\/fakta-info\/katters-livslangd\/","name":"Hur gammal blir en katt? - S\u00e5 l\u00e4nge lever katter | Bozita","isPartOf":{"@id":"https:\/\/bozita.com\/se\/#website"},"datePublished":"2025-03-27T13:30:17+00:00","dateModified":"2025-03-27T13:36:09+00:00","description":"Hur gammal blir en katt? L\u00e4s om katters genomsnittliga livsl\u00e4ngd, och hur det skiljer sig mellan inne- och utekatter.","breadcrumb":{"@id":"https:\/\/bozita.com\/se\/katt\/fakta-info\/katters-livslangd\/#breadcrumb"},"inLanguage":"sv-SE","potentialAction":[{"@type":"ReadAction","target":["https:\/\/bozita.com\/se\/katt\/fakta-info\/katters-livslangd\/"]}]},{"@type":"BreadcrumbList","@id":"https:\/\/bozita.com\/se\/katt\/fakta-info\/katters-livslangd\/#breadcrumb","itemListElement":[{"@type":"ListItem","position":1,"name":"Home","item":"https:\/\/bozita.com\/se\/"},{"@type":"ListItem","position":2,"name":"Livet med katt","item":"https:\/\/bozita.com\/se\/katt\/"},{"@type":"ListItem","position":3,"name":"Fakta info katt","item":"https:\/\/bozita.com\/se\/katt\/fakta-info\/"},{"@type":"ListItem","position":4,"name":"Hur gammal blir en katt?"}]},{"@type":"WebSite","@id":"https:\/\/bozita.com\/se\/#website","url":"https:\/\/bozita.com\/se\/","name":"Bozita Sverige","description":"","potentialAction":[{"@type":"SearchAction","target":{"@type":"EntryPoint","urlTemplate":"https:\/\/bozita.com\/se\/?s={search_term_string}"},"query-input":"required name=search_term_string"}],"inLanguage":"sv-SE"}]}},"_links":{"self":[{"href":"https:\/\/bozita.com\/se\/wp-json\/wp\/v2\/pages\/11240"}],"collection":[{"href":"https:\/\/bozita.com\/se\/wp-json\/wp\/v2\/pages"}],"about":[{"href":"https:\/\/bozita.com\/se\/wp-json\/wp\/v2\/types\/page"}],"author":[{"embeddable":true,"href":"https:\/\/bozita.com\/se\/wp-json\/wp\/v2\/users\/40"}],"replies":[{"embeddable":true,"href":"https:\/\/bozita.com\/se\/wp-json\/wp\/v2\/comments?post=11240"}],"version-history":[{"count":16,"href":"https:\/\/bozita.com\/se\/wp-json\/wp\/v2\/pages\/11240\/revisions"}],"predecessor-version":[{"id":11295,"href":"https:\/\/bozita.com\/se\/wp-json\/wp\/v2\/pages\/11240\/revisions\/11295"}],"up":[{"embeddable":true,"href":"https:\/\/bozita.com\/se\/wp-json\/wp\/v2\/pages\/11214"}],"wp:featuredmedia":[{"embeddable":true,"href":"https:\/\/bozita.com\/se\/wp-json\/wp\/v2\/media\/11242"}],"wp:attachment":[{"href":"https:\/\/bozita.com\/se\/wp-json\/wp\/v2\/media?parent=11240"}],"curies":[{"name":"wp","href":"https:\/\/api.w.org\/{rel}","templated":true}]}}