{"id":113,"date":"2021-05-25T23:55:45","date_gmt":"2021-05-25T23:55:45","guid":{"rendered":"https:\/\/bozita.com\/se\/?page_id=113"},"modified":"2025-01-17T06:03:18","modified_gmt":"2025-01-17T06:03:18","slug":"cookiepolicy","status":"publish","type":"page","link":"https:\/\/bozita.com\/se\/cookiepolicy\/","title":{"rendered":"Om Cookies"},"content":{"rendered":"\t\t<section class=\"small-hero\">\n\t\t\t<div class=\"container\">\n\t\t\t\t<h5>Policy<\/h5><h1 class=\"small-hero-title\">Cookies<\/h1>\t\t\t<\/div>\n\t\t\t<\/div>\n\t\t<\/section>\n\t\n\n\t<div class=\"text-box-warp\">\n\t\t<div class=\"container\">\n\t\t\t<div class=\"text-content\">\n\t\t\t\t<p>Denna cookie policy beskriver hur Partner in Pet Food Nordics AB, organisationsnummer 556055\u20135129 med adress Doggyv\u00e4gen 1, 447 91 V\u00e5rg\u00e5rda (\u201d<strong>vi<\/strong>\u201d, \u201d<strong>oss<\/strong>\u201d eller\u00a0<strong>Partner in Pet Food Nordics AB<\/strong>) anv\u00e4nder cookies p\u00e5\u00a0<a href=\"http:\/\/bozita.com\/se\/\">bozita.com\/se\/<\/a>\u00a0 campaign.bozita.se,\u00a0<a href=\"http:\/\/www.doggy.se\/\">www.doggy.se<\/a>\u00a0,\u00a0<a href=\"http:\/\/www.mjau.se\/\">www.mjau.se<\/a>\u00a0,\u00a0<a href=\"http:\/\/www.doggyab.se\/\">www.doggyab.se<\/a> , www.ppfnordics.se, kattkorkortet.mjau.se (\u201d<strong>Hemsidan<\/strong>\u201d).<\/p>\n<p><strong>1. VAD \u00c4R EN COOKIE?<\/strong><\/p>\n<p>Cookies \u00e4r sm\u00e5 textfiler som sparas i minnet p\u00e5 din dator eller mobila enhet n\u00e4r du bes\u00f6ker v\u00e5r Hemsida. Cookies hj\u00e4lper en webbleverant\u00f6r att identifiera din enhet och\/eller din webbl\u00e4sare n\u00e4sta g\u00e5ng du bes\u00f6ker en hemsida, ge tillg\u00e5ng till s\u00e4rskilda funktioner p\u00e5 hemsidan och\/eller profilera ditt surfm\u00f6nster. Det finns andra typer av teknologier som pixel-taggar, trackers och liknande tekniker som fungerar p\u00e5 samma s\u00e4tt som cookies. I syfte att undvika missf\u00f6rst\u00e5nd kommer vi att i denna Cookie Policy anv\u00e4nda uttrycket \u201dcookies\u201d f\u00f6r just cookies och liknande teknik.<\/p>\n<p><strong>2. VILKA SORTERS COOKIES ANV\u00c4NDER VI?<\/strong><\/p>\n<p>Vi anv\u00e4nder oss av f\u00f6ljande cookies:<\/p>\n<p><strong>Strikt n\u00f6dv\u00e4ndiga cookies<\/strong>\u00a0\u2013 Dessa cookies \u00e4r strikt n\u00f6dv\u00e4ndiga i syfte att g\u00f6ra det m\u00f6jligt f\u00f6r dig att surfa runt p\u00e5 Hemsidan och utnyttja funktionerna. Hemsidan kommer inte kunna fungera utan dessa cookies. F\u00f6r strikt n\u00f6dv\u00e4ndiga cookies beh\u00f6ver vi inte ditt samtycke eftersom de tillhandah\u00e5ller tj\u00e4nster du specifikt har fr\u00e5gat efter och som annars inte kan tillhandah\u00e5llas.<\/p>\n<p><strong>Funktionscookies<\/strong>\u00a0\u2013 Dessa cookies \u00e4r n\u00f6dv\u00e4ndiga f\u00f6r vissa av Hemsidans funktioner och till\u00e5ter Hemsidan att komma ih\u00e5g dina val, s\u00e5som ditt anv\u00e4ndarnamn, spr\u00e5k eller den region du befinner dig i. Vissa delar av Hemsidan fungerar inte korrekt utan dessa cookies. Det kan vara s\u00e5 att de till\u00e5ts automatiskt genom din webbl\u00e4sare och du kan genom dina webbl\u00e4sarinst\u00e4llningar anpassa mottagandet av cookies.<\/p>\n<p><strong>Prestandacookies<\/strong>\u00a0\u2013 Dessa cookies anv\u00e4nds i syfte f\u00f6r oss att analysera Hemsidans prestanda och design f\u00f6r att identifiera eventuella fel. Dessutom m\u00f6jligg\u00f6r dessa cookies f\u00f6r oss att f\u00f6rst\u00e5 om du har bes\u00f6kt Hemsidan f\u00f6rut, vilka sidor p\u00e5 Hemsidan som bes\u00f6kare bes\u00f6ker mest frekvent och hur mycket tid som bes\u00f6kare i genomsnitt spenderar p\u00e5 Hemsidan. Det kan vara s\u00e5 att de till\u00e5ts automatiskt genom din webbl\u00e4sare och du kan genom dina webbl\u00e4sarinst\u00e4llningar anpassa mottagandet av cookies.<\/p>\n<p><strong>Marknadsf\u00f6ringscookies (s.k. advertising cookies)<\/strong>\u00a0\u2013 Dessa cookies anv\u00e4nds f\u00f6r att sp\u00e5ra dig under ditt bes\u00f6k p\u00e5 Hemsidan i syfte att visa relevant marknadsf\u00f6ring f\u00f6r dig som anv\u00e4ndare. Det kan vara s\u00e5 att de till\u00e5ts automatiskt genom din webbl\u00e4sare och du kan genom dina webbl\u00e4sarinst\u00e4llningar anpassa mottagandet av cookies.<\/p>\n<p>Vi anv\u00e4nder ocks\u00e5 cookies fr\u00e5n tredje part. Det inneb\u00e4r att tredje parter har skapat dessa cookies och att dessa cookies sparas p\u00e5 din enhet och webbl\u00e4sare genom v\u00e5r Hemsida. Detta g\u00f6r vi f\u00f6r att m\u00e4ta och f\u00f6lja marknadsf\u00f6ringsprestanda.<\/p>\n<p><strong>3. INFORMATION OM V\u00c5RA COOKIES<\/strong><\/p>\n<p>Vi anv\u00e4nder f\u00f6ljande cookies f\u00f6r nedanst\u00e5ende syften:<\/p>\n<div class=\"form-container\">\n<p><script id=\"CookieDeclaration\" src=\"https:\/\/consent.cookiebot.com\/78b85fce-4155-426b-b5ba-ca8fd119b8e1\/cd.js\" type=\"text\/javascript\" async><\/script><strong>4. INFORMATION OM TREDJE PARTS COOKIES<\/strong><\/p>\n<p>Vi anv\u00e4nder cookies fr\u00e5n tredje part f\u00f6r att sp\u00e5ra hur du anv\u00e4nder v\u00e5r hemsida, f\u00f6r att till exempel kunna se vilka sidor du bes\u00f6ker och hur l\u00e4nge du \u00e4r p\u00e5 varje sida. Det hj\u00e4lper oss att f\u00e5 en b\u00e4ttre f\u00f6rst\u00e5else av hur folk anv\u00e4nder v\u00e5r sida och hur de kommer in p\u00e5 den, vilket i sin tur hj\u00e4lper oss att skapa b\u00e4ttre kampanjer.<\/p>\n<p><strong>5. DITT SAMTYCKE TILL V\u00c5RT ANV\u00c4NDANDE AV COOKIES<\/strong><\/p>\n<p>Genom att klicka p\u00e5 \u201dTill\u00e5t alla cookies\u201d p\u00e5 v\u00e5r cookie-banner p\u00e5 v\u00e5r Hemsida samtycker du till v\u00e5rt anv\u00e4ndande av cookies.<\/p>\n<p>Den personuppgiftsbehandling som sker genom cookies baseras p\u00e5 ditt samtycke som laglig grund f\u00f6r behandlingen. Vi anv\u00e4nder anonyma cookies f\u00f6r att tillhandah\u00e5lla grundl\u00e4ggande webbplatsfunktionalitet. F\u00f6r att kunna tillhandah\u00e5lla riktig statistik, inb\u00e4ddad video, personligt inneh\u00e5ll och annonser och sociala mediefunktioner, beh\u00f6ver vi ditt godk\u00e4nnande enligt lag. Detta beror p\u00e5 att information om din anv\u00e4ndning av v\u00e5r webbplats kommer att delas med v\u00e5ra sociala medier, reklam- och analyspartners som kan kombinera den med annan information som du har gett dem eller som de har samlat in fr\u00e5n din anv\u00e4ndning av deras tj\u00e4nster.<\/p>\n<p>Om du inte samtycker, eller g\u00f6r ingenting, f\u00f6rblir denna banner p\u00e5 plats och ingen sp\u00e5rning intr\u00e4ffar.<\/p>\n<p>Eftersom cookies sparas till din enhet och till den webbl\u00e4sare som du anv\u00e4nder f\u00f6r att bes\u00f6ka Hemsidan, m\u00e5ste du hantera cookies separat p\u00e5 alla dina enheter och webbl\u00e4sare som du anv\u00e4nder f\u00f6r att bes\u00f6ka en hemsida.<\/p>\n<p><strong>6. PERSONUPPGIFTSBEHANDLING SOM SKER VIA COOKIES<\/strong><\/p>\n<p>I enlighet med tabellerna ovan (se punkt 3 och 4) har vi f\u00f6ljande syften och lagliga grunder f\u00f6r personuppgiftsbehandling som sker via cookies:<\/p>\n<ul>\n<li>Prestanda och funktionalitet. Vi analyserar Hemsidans prestanda och design f\u00f6r att identifiera eventuella fel. Personuppgifter som behandlas inom ramen f\u00f6r detta syfte grundas p\u00e5 baserat p\u00e5 v\u00e5rt ber\u00e4ttigade intresse att s\u00e4kra och f\u00f6rb\u00e4ttra Hemsidans funktionalitet.<\/li>\n<li>Marknadsf\u00f6ring. Vi behandlar vissa personuppgifter s\u00e5 som IP-adress och emailadress f\u00f6r att sp\u00e5ra dig under ditt bes\u00f6k p\u00e5 Hemsidan i syfte att visa relevant marknadsf\u00f6ring f\u00f6r dig som anv\u00e4ndare. Personuppgifter som behandlas inom ramen f\u00f6r detta syfte grundas p\u00e5 v\u00e5rt ber\u00e4ttigade intresse av att kunna marknadsf\u00f6ra v\u00e5ra produkter och tj\u00e4nster som vi tror att du kan vara intresserad av.<\/li>\n<\/ul>\n<p>Om du vill l\u00e4sa mer om dina r\u00e4ttigheter och hur vi behandlar dina personuppgifter, kan du l\u00e4sa v\u00e5r\u00a0<a href=\"https:\/\/www.doggyab.se\/om-oss\/integritetspolicy\/\">integritetspolicy.<\/a><\/p>\n<p><strong>7. KONTAKTA OSS<\/strong><\/p>\n<p>Om du har fr\u00e5gor ang\u00e5ende v\u00e5r Cookie Policy kan du kontakta oss h\u00e4r:\u00a0<a href=\"mailto:dataprotection@doggy.se\">dataprotection@doggy.se<\/a><\/p>\n<\/div>\n\t\t\t<\/div>\n\t\t<\/div>\n\t<\/div>\n","protected":false},"excerpt":{"rendered":"","protected":false},"author":4,"featured_media":3511,"parent":0,"menu_order":0,"comment_status":"closed","ping_status":"closed","template":"guternberg.php","meta":{"footnotes":""},"acf":[],"yoast_head":"<!-- This site is optimized with the Yoast SEO plugin v21.3 - https:\/\/yoast.com\/wordpress\/plugins\/seo\/ -->\n<title>Cookies p\u00e5 bozita.se | Bozita<\/title>\n<meta name=\"description\" content=\"L\u00e4s mer om vilka cookies som anv\u00e4nds p\u00e5 bozita.se, vad de anv\u00e4nds till och hur du kan undvika cookies om du vill.\" \/>\n<meta name=\"robots\" content=\"index, follow, max-snippet:-1, max-image-preview:large, max-video-preview:-1\" \/>\n<link rel=\"canonical\" href=\"https:\/\/bozita.com\/se\/cookiepolicy\/\" \/>\n<meta property=\"og:locale\" content=\"sv_SE\" \/>\n<meta property=\"og:type\" content=\"article\" \/>\n<meta property=\"og:title\" content=\"Cookies p\u00e5 bozita.se | Bozita\" \/>\n<meta property=\"og:description\" content=\"L\u00e4s mer om vilka cookies som anv\u00e4nds p\u00e5 bozita.se, vad de anv\u00e4nds till och hur du kan undvika cookies om du vill.\" \/>\n<meta property=\"og:url\" content=\"https:\/\/bozita.com\/se\/cookiepolicy\/\" \/>\n<meta property=\"og:site_name\" content=\"Bozita Sverige\" \/>\n<meta property=\"article:modified_time\" content=\"2025-01-17T06:03:18+00:00\" \/>\n<meta property=\"og:image\" content=\"https:\/\/bozita.com\/se\/wp-content\/uploads\/sites\/5\/2021\/08\/bozita-introducera-katt-till-nytt-hem.jpg\" \/>\n\t<meta property=\"og:image:width\" content=\"800\" \/>\n\t<meta property=\"og:image:height\" content=\"533\" \/>\n\t<meta property=\"og:image:type\" content=\"image\/jpeg\" \/>\n<meta name=\"twitter:card\" content=\"summary_large_image\" \/>\n<!-- \/ Yoast SEO plugin. -->","yoast_head_json":{"title":"Cookies p\u00e5 bozita.se | Bozita","description":"L\u00e4s mer om vilka cookies som anv\u00e4nds p\u00e5 bozita.se, vad de anv\u00e4nds till och hur du kan undvika cookies om du vill.","robots":{"index":"index","follow":"follow","max-snippet":"max-snippet:-1","max-image-preview":"max-image-preview:large","max-video-preview":"max-video-preview:-1"},"canonical":"https:\/\/bozita.com\/se\/cookiepolicy\/","og_locale":"sv_SE","og_type":"article","og_title":"Cookies p\u00e5 bozita.se | Bozita","og_description":"L\u00e4s mer om vilka cookies som anv\u00e4nds p\u00e5 bozita.se, vad de anv\u00e4nds till och hur du kan undvika cookies om du vill.","og_url":"https:\/\/bozita.com\/se\/cookiepolicy\/","og_site_name":"Bozita Sverige","article_modified_time":"2025-01-17T06:03:18+00:00","og_image":[{"width":800,"height":533,"url":"https:\/\/bozita.com\/se\/wp-content\/uploads\/sites\/5\/2021\/08\/bozita-introducera-katt-till-nytt-hem.jpg","type":"image\/jpeg"}],"twitter_card":"summary_large_image","schema":{"@context":"https:\/\/schema.org","@graph":[{"@type":"WebPage","@id":"https:\/\/bozita.com\/se\/cookiepolicy\/","url":"https:\/\/bozita.com\/se\/cookiepolicy\/","name":"Cookies p\u00e5 bozita.se | Bozita","isPartOf":{"@id":"https:\/\/bozita.com\/se\/#website"},"datePublished":"2021-05-25T23:55:45+00:00","dateModified":"2025-01-17T06:03:18+00:00","description":"L\u00e4s mer om vilka cookies som anv\u00e4nds p\u00e5 bozita.se, vad de anv\u00e4nds till och hur du kan undvika cookies om du vill.","breadcrumb":{"@id":"https:\/\/bozita.com\/se\/cookiepolicy\/#breadcrumb"},"inLanguage":"sv-SE","potentialAction":[{"@type":"ReadAction","target":["https:\/\/bozita.com\/se\/cookiepolicy\/"]}]},{"@type":"BreadcrumbList","@id":"https:\/\/bozita.com\/se\/cookiepolicy\/#breadcrumb","itemListElement":[{"@type":"ListItem","position":1,"name":"Home","item":"https:\/\/bozita.com\/se\/"},{"@type":"ListItem","position":2,"name":"Om Cookies"}]},{"@type":"WebSite","@id":"https:\/\/bozita.com\/se\/#website","url":"https:\/\/bozita.com\/se\/","name":"Bozita Sverige","description":"","potentialAction":[{"@type":"SearchAction","target":{"@type":"EntryPoint","urlTemplate":"https:\/\/bozita.com\/se\/?s={search_term_string}"},"query-input":"required name=search_term_string"}],"inLanguage":"sv-SE"}]}},"_links":{"self":[{"href":"https:\/\/bozita.com\/se\/wp-json\/wp\/v2\/pages\/113"}],"collection":[{"href":"https:\/\/bozita.com\/se\/wp-json\/wp\/v2\/pages"}],"about":[{"href":"https:\/\/bozita.com\/se\/wp-json\/wp\/v2\/types\/page"}],"author":[{"embeddable":true,"href":"https:\/\/bozita.com\/se\/wp-json\/wp\/v2\/users\/4"}],"replies":[{"embeddable":true,"href":"https:\/\/bozita.com\/se\/wp-json\/wp\/v2\/comments?post=113"}],"version-history":[{"count":30,"href":"https:\/\/bozita.com\/se\/wp-json\/wp\/v2\/pages\/113\/revisions"}],"predecessor-version":[{"id":11081,"href":"https:\/\/bozita.com\/se\/wp-json\/wp\/v2\/pages\/113\/revisions\/11081"}],"wp:featuredmedia":[{"embeddable":true,"href":"https:\/\/bozita.com\/se\/wp-json\/wp\/v2\/media\/3511"}],"wp:attachment":[{"href":"https:\/\/bozita.com\/se\/wp-json\/wp\/v2\/media?parent=113"}],"curies":[{"name":"wp","href":"https:\/\/api.w.org\/{rel}","templated":true}]}}