{"id":1132,"date":"2021-06-19T21:11:16","date_gmt":"2021-06-19T21:11:16","guid":{"rendered":"https:\/\/bozita.com\/se\/?page_id=1132"},"modified":"2021-08-26T13:31:44","modified_gmt":"2021-08-26T13:31:44","slug":"valj-hundras","status":"publish","type":"page","link":"https:\/\/bozita.com\/se\/hund\/kopa-hund\/valj-hundras\/","title":{"rendered":"Olika hundraser &#8211; vilken hundras ska jag v\u00e4lja?"},"content":{"rendered":"\t\t<section class=\"small-hero\">\n\t\t\t<div class=\"container\">\n\t\t\t\t<h1 class=\"small-hero-title\">Olika hundraser &#8211; vilken hundras ska jag v\u00e4lja?<\/h1>\t\t\t<\/div>\n\t\t\t<\/div>\n\t\t<\/section>\n\t\n\n\t<div class=\"text-box-warp\">\n\t\t<div class=\"container\">\n\t\t\t<div class=\"text-content\">\n\t\t\t\t<p>G\u00e5r du i valptankar? Att bli hund\u00e4gare \u00e4r fantastiskt men det \u00e4r ocks\u00e5 ett stort \u00e5tagande. Under m\u00e5nga \u00e5r fram\u00f6ver har du en ny v\u00e4n vid din sida som \u00e4r beroende av dig f\u00f6r att kunna leva ett bra liv. S\u00e5 ha inte f\u00f6r br\u00e5ttom med att best\u00e4mma dig f\u00f6r vilken hund som ska bli din. Det finns m\u00e5nga olika hundraser med olika egenskaper. Se till att v\u00e4lja hundras med omsorg.<\/p>\n<h2>L\u00c4S P\u00c5 OM OLIKA HUNDRASER<\/h2>\n<p>Olika hundraser har olika egenskaper och behov som ska matchas med sin \u00e4gare. I Sverige finns det fler \u00e4n 300 raser att v\u00e4lja bland. En del har tydliga jaktinstinkter, andra \u00e4r rena s\u00e4llskapshundar. Somliga kr\u00e4ver mycket motion och kluriga aktiviteter medan andra kr\u00e4ver mindre stimulans. Innan du skrider till verket \u00e4r ett tips att fundera p\u00e5 vad som \u00e4r viktigt f\u00f6r dig \u2013 och vad du klarar av. Hur ser din boendesituation ut? Hur aktiv \u00e4r du? Har du erfarenhet av hundar?<\/p>\n<p>N\u00e4r du gjort det finns det massor av information om hundrasers olika egenskaper. Du kan l\u00e4sa mer p\u00e5 Svenska Kennelklubbens sajt kopahund.se, p\u00e5 rasklubbar f\u00f6r respektive ras eller g\u00e5 p\u00e5 en hundutst\u00e4llning d\u00e4r du kan bekanta dig med rasen live.<\/p>\n<ul>\n<li><a href=\"https:\/\/www.skk.se\/sv\/kopahund\/\" target=\"_blank\" rel=\"noopener\">kopahund.se<\/a><\/li>\n<li><a title=\"Hundrasguiden\" href=\"https:\/\/www.skk.se\/sv\/hundraser\/\" target=\"_blank\" rel=\"noopener\">L\u00e4s mer om olika hundraser p\u00e5 Svenska kennelklubbens sajt<\/a><\/li>\n<\/ul>\n<h2>POPUL\u00c4RA HUNDRASER &#8211; DE VANLIGASTE HUNDRASERNA I SVERIGE 2020<\/h2>\n<p>De fem vanligaste raserna i Sverige 2020 var labrador retriever, tysk sch\u00e4ferhund, golden retriever, jack russel terrier och j\u00e4mthund. Labrador retriever har toppat listan sedan 2010!<\/p>\n<p><strong>S\u00e5 h\u00e4r ser listan ut \u00f6ver de 5 mest popul\u00e4ra hundraserna:<\/strong><\/p>\n<ol>\n<li>Labrador retriever 33 195<\/li>\n<li>Tysk sch\u00e4ferhund 31 340<\/li>\n<li>Golden retriever 26 564<\/li>\n<li>Jack russel terrier 23 245<\/li>\n<li>J\u00e4mthund 18 508<\/li>\n<\/ol>\n<p><em>Siffrorna kommer fr\u00e5n <a title=\"Jordbruksverkets hundregister\" href=\"https:\/\/jordbruksverket.se\/e-tjanster-databaser-och-appar\/e-tjanster-och-databaser-djur\/hundregistret\/statistik-ur-hundregistret\" target=\"_blank\" rel=\"noopener\">Jordbruksverkets hundregister<\/a> och anger totalt antal registrerade hundar per ras i Sverige.<\/em><\/p>\n<p>Andra popul\u00e4ra hundraser som hamnar h\u00f6gt p\u00e5 listan \u00e4r border collie, cavalier king charles spaniel, chihuahua, cocker spaniel, fransk bulldog, dv\u00e4rg pudel, rottweiler och shetland sheepdog.<\/p>\n\t\t\t<\/div>\n\t\t<\/div>\n\t<\/div>\n\n\n\n\t<section class=\"block related-articles\">\n\t\t<div class=\"container\">\n\t\t\t<h2>Relaterade artiklar<\/h2>\n\t\t\t<div class=\"row justify-content-center\">\n\t\t\t\t\t\t\t\t\t\t<div class=\"col-sm-6 col-md-6 col-lg-3\">\n\t\t\t\t\t\t\t\t\t\t\t\t\t\t<div class=\"card \">\n\t\t\t\t\t\t\t\t\t\t\t\t\t\t\t\t\t<img decoding=\"async\"  src=\"https:\/\/bozita.com\/se\/wp-content\/uploads\/sites\/5\/2021\/07\/bozita-hundens-utveckling-stadier.jpeg\" alt=\"\">\n\t\t\t\t\t\t\t\t\t\t\t\t\t\t\t\t\t<!-- <img decoding=\"async\" src=\"\n\t\t\t\t\t\t\t\t\t\t\t\t\t\t\t\t\t\t\t\t\" alt=\"\n\t\t\t\t\t\t\t\t\t\t\t\t\t\t\t\t\t\t\t\t\t\t\t\t\t\t\t\"> -->\n\t\t\t\t\t\t\t\t<div class=\"card-body\">\n\t\t\t\t\t\t\t\t\t\t\t\t\t\t\t\t\t\t\t<h6>Valpens utveckling &#8211; fr\u00e5n valp till vuxen hund<\/h6>\n\t\t\t\t\t\t\t\t\t\t\t\t\t\t\t\t\t\t\t<a href=\"https:\/\/bozita.com\/se\/hund\/hundens-utveckling\/valpens-utveckling-fran-valp-till-vuxen-hund\/\">L\u00e4s mer &nbsp; ><\/a>\n\t\t\t\t\t\t\t\t<\/div>\n\t\t\t\t\t\t\t<\/div>\n\t\t\t\t\t\t<\/div>\n\n\t\t\t\t\t\t\t\t\t\t\t<div class=\"col-sm-6 col-md-6 col-lg-3\">\n\t\t\t\t\t\t\t\t\t\t\t\t\t\t<div class=\"card \">\n\t\t\t\t\t\t\t\t\t\t\t\t\t\t\t\t\t<img decoding=\"async\"  src=\"https:\/\/bozita.com\/se\/wp-content\/uploads\/sites\/5\/2021\/06\/bozita-utfodra-valp.jpg\" alt=\"\">\n\t\t\t\t\t\t\t\t\t\t\t\t\t\t\t\t\t<!-- <img decoding=\"async\" src=\"\n\t\t\t\t\t\t\t\t\t\t\t\t\t\t\t\t\t\t\t\t\" alt=\"\n\t\t\t\t\t\t\t\t\t\t\t\t\t\t\t\t\t\t\t\t\t\t\t\t\t\t\t\"> -->\n\t\t\t\t\t\t\t\t<div class=\"card-body\">\n\t\t\t\t\t\t\t\t\t\t\t\t\t\t\t\t\t\t\t<h6>Hur mycket ska en valp \u00e4ta och vad \u00e4r b\u00e4sta valpfodret?<\/h6>\n\t\t\t\t\t\t\t\t\t\t\t\t\t\t\t\t\t\t\t<a href=\"https:\/\/bozita.com\/se\/hundfoder\/nutrition-och-kost\/utfodring-av-valp\/\">L\u00e4s mer &nbsp; ><\/a>\n\t\t\t\t\t\t\t\t<\/div>\n\t\t\t\t\t\t\t<\/div>\n\t\t\t\t\t\t<\/div>\n\n\t\t\t\t\t\t\t\t\t\t\t<div class=\"col-sm-6 col-md-6 col-lg-3\">\n\t\t\t\t\t\t\t\t\t\t\t\t\t\t<div class=\"card \">\n\t\t\t\t\t\t\t\t\t\t\t\t\t\t\t\t\t<img decoding=\"async\"  src=\"https:\/\/bozita.com\/se\/wp-content\/uploads\/sites\/5\/2021\/07\/bozita-hundvalp-ensam-trana.jpeg\" alt=\"\">\n\t\t\t\t\t\t\t\t\t\t\t\t\t\t\t\t\t<!-- <img decoding=\"async\" src=\"\n\t\t\t\t\t\t\t\t\t\t\t\t\t\t\t\t\t\t\t\t\" alt=\"\n\t\t\t\t\t\t\t\t\t\t\t\t\t\t\t\t\t\t\t\t\t\t\t\t\t\t\t\"> -->\n\t\t\t\t\t\t\t\t<div class=\"card-body\">\n\t\t\t\t\t\t\t\t\t\t\t\t\t\t\t\t\t\t\t<h6>Ensamhetstr\u00e4ning valp &#8211; l\u00e4ra hunden vara ensam<\/h6>\n\t\t\t\t\t\t\t\t\t\t\t\t\t\t\t\t\t\t\t<a href=\"https:\/\/bozita.com\/se\/hund\/hundens-utveckling\/lara-hund-vara-ensam\/\">L\u00e4s mer &nbsp; ><\/a>\n\t\t\t\t\t\t\t\t<\/div>\n\t\t\t\t\t\t\t<\/div>\n\t\t\t\t\t\t<\/div>\n\n\t\t\t\t\t\t\t\t\t\t\t\t<\/div>\n\t\t<\/div>\n\t<\/section>\n","protected":false},"excerpt":{"rendered":"","protected":false},"author":1,"featured_media":3497,"parent":55,"menu_order":0,"comment_status":"closed","ping_status":"closed","template":"guternberg.php","meta":{"footnotes":""},"acf":[],"yoast_head":"<!-- This site is optimized with the Yoast SEO plugin v21.3 - https:\/\/yoast.com\/wordpress\/plugins\/seo\/ -->\n<title>Olika hundraser - vilken hundras ska jag v\u00e4lja? | Bozita<\/title>\n<meta name=\"description\" content=\"L\u00e4s p\u00e5 om olika hundraser n\u00e4r du ska hitta r\u00e4tt hundras. Vanliga hundraser, ovanliga och popul\u00e4ra hundraser. Ta reda p\u00e5 vilken hund som passar just dig.\" \/>\n<meta name=\"robots\" content=\"index, follow, max-snippet:-1, max-image-preview:large, max-video-preview:-1\" \/>\n<link rel=\"canonical\" href=\"https:\/\/bozita.com\/se\/hund\/kopa-hund\/valj-hundras\/\" \/>\n<meta property=\"og:locale\" content=\"sv_SE\" \/>\n<meta property=\"og:type\" content=\"article\" \/>\n<meta property=\"og:title\" content=\"Olika hundraser - vilken hundras ska jag v\u00e4lja? | Bozita\" \/>\n<meta property=\"og:description\" content=\"L\u00e4s p\u00e5 om olika hundraser n\u00e4r du ska hitta r\u00e4tt hundras. Vanliga hundraser, ovanliga och popul\u00e4ra hundraser. Ta reda p\u00e5 vilken hund som passar just dig.\" \/>\n<meta property=\"og:url\" content=\"https:\/\/bozita.com\/se\/hund\/kopa-hund\/valj-hundras\/\" \/>\n<meta property=\"og:site_name\" content=\"Bozita Sverige\" \/>\n<meta property=\"article:modified_time\" content=\"2021-08-26T13:31:44+00:00\" \/>\n<meta property=\"og:image\" content=\"https:\/\/bozita.com\/se\/wp-content\/uploads\/sites\/5\/2021\/08\/bozita_swedish-natural-quality.jpg\" \/>\n\t<meta property=\"og:image:width\" content=\"800\" \/>\n\t<meta property=\"og:image:height\" content=\"533\" \/>\n\t<meta property=\"og:image:type\" content=\"image\/jpeg\" \/>\n<meta name=\"twitter:card\" content=\"summary_large_image\" \/>\n<!-- \/ Yoast SEO plugin. -->","yoast_head_json":{"title":"Olika hundraser - vilken hundras ska jag v\u00e4lja? | Bozita","description":"L\u00e4s p\u00e5 om olika hundraser n\u00e4r du ska hitta r\u00e4tt hundras. Vanliga hundraser, ovanliga och popul\u00e4ra hundraser. Ta reda p\u00e5 vilken hund som passar just dig.","robots":{"index":"index","follow":"follow","max-snippet":"max-snippet:-1","max-image-preview":"max-image-preview:large","max-video-preview":"max-video-preview:-1"},"canonical":"https:\/\/bozita.com\/se\/hund\/kopa-hund\/valj-hundras\/","og_locale":"sv_SE","og_type":"article","og_title":"Olika hundraser - vilken hundras ska jag v\u00e4lja? | Bozita","og_description":"L\u00e4s p\u00e5 om olika hundraser n\u00e4r du ska hitta r\u00e4tt hundras. Vanliga hundraser, ovanliga och popul\u00e4ra hundraser. Ta reda p\u00e5 vilken hund som passar just dig.","og_url":"https:\/\/bozita.com\/se\/hund\/kopa-hund\/valj-hundras\/","og_site_name":"Bozita Sverige","article_modified_time":"2021-08-26T13:31:44+00:00","og_image":[{"width":800,"height":533,"url":"https:\/\/bozita.com\/se\/wp-content\/uploads\/sites\/5\/2021\/08\/bozita_swedish-natural-quality.jpg","type":"image\/jpeg"}],"twitter_card":"summary_large_image","schema":{"@context":"https:\/\/schema.org","@graph":[{"@type":"WebPage","@id":"https:\/\/bozita.com\/se\/hund\/kopa-hund\/valj-hundras\/","url":"https:\/\/bozita.com\/se\/hund\/kopa-hund\/valj-hundras\/","name":"Olika hundraser - vilken hundras ska jag v\u00e4lja? | Bozita","isPartOf":{"@id":"https:\/\/bozita.com\/se\/#website"},"datePublished":"2021-06-19T21:11:16+00:00","dateModified":"2021-08-26T13:31:44+00:00","description":"L\u00e4s p\u00e5 om olika hundraser n\u00e4r du ska hitta r\u00e4tt hundras. Vanliga hundraser, ovanliga och popul\u00e4ra hundraser. Ta reda p\u00e5 vilken hund som passar just dig.","breadcrumb":{"@id":"https:\/\/bozita.com\/se\/hund\/kopa-hund\/valj-hundras\/#breadcrumb"},"inLanguage":"sv-SE","potentialAction":[{"@type":"ReadAction","target":["https:\/\/bozita.com\/se\/hund\/kopa-hund\/valj-hundras\/"]}]},{"@type":"BreadcrumbList","@id":"https:\/\/bozita.com\/se\/hund\/kopa-hund\/valj-hundras\/#breadcrumb","itemListElement":[{"@type":"ListItem","position":1,"name":"Home","item":"https:\/\/bozita.com\/se\/"},{"@type":"ListItem","position":2,"name":"Livet med hund","item":"https:\/\/bozita.com\/se\/hund\/"},{"@type":"ListItem","position":3,"name":"K\u00f6pa hund","item":"https:\/\/bozita.com\/se\/hund\/kopa-hund\/"},{"@type":"ListItem","position":4,"name":"Olika hundraser &#8211; vilken hundras ska jag v\u00e4lja?"}]},{"@type":"WebSite","@id":"https:\/\/bozita.com\/se\/#website","url":"https:\/\/bozita.com\/se\/","name":"Bozita Sverige","description":"","potentialAction":[{"@type":"SearchAction","target":{"@type":"EntryPoint","urlTemplate":"https:\/\/bozita.com\/se\/?s={search_term_string}"},"query-input":"required name=search_term_string"}],"inLanguage":"sv-SE"}]}},"_links":{"self":[{"href":"https:\/\/bozita.com\/se\/wp-json\/wp\/v2\/pages\/1132"}],"collection":[{"href":"https:\/\/bozita.com\/se\/wp-json\/wp\/v2\/pages"}],"about":[{"href":"https:\/\/bozita.com\/se\/wp-json\/wp\/v2\/types\/page"}],"author":[{"embeddable":true,"href":"https:\/\/bozita.com\/se\/wp-json\/wp\/v2\/users\/1"}],"replies":[{"embeddable":true,"href":"https:\/\/bozita.com\/se\/wp-json\/wp\/v2\/comments?post=1132"}],"version-history":[{"count":9,"href":"https:\/\/bozita.com\/se\/wp-json\/wp\/v2\/pages\/1132\/revisions"}],"predecessor-version":[{"id":4015,"href":"https:\/\/bozita.com\/se\/wp-json\/wp\/v2\/pages\/1132\/revisions\/4015"}],"up":[{"embeddable":true,"href":"https:\/\/bozita.com\/se\/wp-json\/wp\/v2\/pages\/55"}],"wp:featuredmedia":[{"embeddable":true,"href":"https:\/\/bozita.com\/se\/wp-json\/wp\/v2\/media\/3497"}],"wp:attachment":[{"href":"https:\/\/bozita.com\/se\/wp-json\/wp\/v2\/media?parent=1132"}],"curies":[{"name":"wp","href":"https:\/\/api.w.org\/{rel}","templated":true}]}}