{"id":11396,"date":"2025-04-30T11:15:46","date_gmt":"2025-04-30T11:15:46","guid":{"rendered":"https:\/\/bozita.com\/se\/?page_id=11396"},"modified":"2025-06-30T05:58:38","modified_gmt":"2025-06-30T05:58:38","slug":"postbiotics-go","status":"publish","type":"page","link":"https:\/\/bozita.com\/se\/postbiotics-go\/","title":{"rendered":"Postbiotics"},"content":{"rendered":"\n\t\t<section class=\"small-hero-with-image\">\n\t\t\t\t\t\t\t<img decoding=\"async\" class=\"background-image\" src=\"https:\/\/bozita.com\/se\/wp-content\/uploads\/sites\/5\/2025\/04\/Postbiotics-heroimage-scaled.jpg\" alt=\"\">\n\t\t\t\t\t\t\t<div class=\"overlay-v1 overlay-bg\">\n\t\t\t\t<div class=\"container\">\n\t\t\t\t\t<div class=\"row\">\n\t\t\t\t\t\t<div class=\"col-md-6 col-lg-5\">\n\t\t\t\t\t\t\t<h1>F\u00f6rsta och enda varum\u00e4rket i Europa med postbiotika i hund- och kattfoder!<\/h1><p><p>Nya Bozita med\u00a0<strong>postbiotika<\/strong>\u00a0&#8211; f\u00f6r att ge din hund och katt ett \u00e4nnu b\u00e4ttre st\u00f6d f\u00f6r h\u00e4lsa och v\u00e4lm\u00e5ende!<\/p>\n<\/p>\t\t\t\t\t\t<\/div>\n\t\t\t\t\t<\/div>\n\t\t\t\t<\/div>\n\t\t\t<\/div>\n\t\t<\/section>\n\t\t\n\n\t<div class=\"text-box-warp\">\n\t\t<div class=\"container\">\n\t\t\t<div class=\"text-content\">\n\t\t\t\t<h5>Men vad \u00e4r postbiotika egentligen, och varf\u00f6r \u00e4r det s\u00e5 bra?<\/h5>\n<h5>Vad g\u00f6r postbiotika f\u00f6r hundens och kattens h\u00e4lsa?<\/h5>\n<p>Forskning visar att postbiotika har flera positiva effekter p\u00e5 b\u00e5de v\u00e4lm\u00e5ende och h\u00e4lsa. H\u00e4r \u00e4r n\u00e5gra exempel:<\/p>\n<h2>Optimerar immunf\u00f6rsvaret<\/h2>\n<p>Postbiotika kan hj\u00e4lpa immunf\u00f6rsvaret att reagera snabbare och mer effektivt genom att f\u00f6rb\u00e4ttra immuncellernas f\u00f6rm\u00e5ga att uppt\u00e4cka bakterier och virus.<\/p>\n<h2>Fr\u00e4mjar en h\u00e4lsosam tarmflora<\/h2>\n<p>En balanserad tarmflora \u00e4r viktig f\u00f6r matsm\u00e4ltning, n\u00e4ringsupptag och allm\u00e4nt v\u00e4lm\u00e5ende. Postbiotika hj\u00e4lper till att skapa en h\u00e4lsosam balans i tarmen \u2013 vilket ocks\u00e5 kan bidra till mindre lukt fr\u00e5n avf\u00f6ringen.<\/p>\n<h2>\u00d6kar energi och vitalitet<\/h2>\n<p>Studier visar att hundar som f\u00e5r postbiotika i sin kost ofta \u00e4r mer aktiva, piggare och har b\u00e4ttre r\u00f6rlighet \u2013 de springer till och med snabbare!<\/p>\n<h2>S\u00e5 h\u00e4nger det ihop \u2013 pre-, pro- och postbiotika:<\/h2>\n<ul>\n<li><strong>Prebiotika<\/strong>\u00a0\u2013 Fibrer som fungerar som mat f\u00f6r goda bakterier i tarmen. (Finns sedan l\u00e4nge tillsatt i t ex Bozita Robur torrfoder f\u00f6r hund!)<\/li>\n<li><strong>Probiotika<\/strong>\u00a0\u2013 Levande goda bakterier som st\u00f6djer en h\u00e4lsosam matsm\u00e4ltning och tarmflora. (Finns naturligt i tarmen!)<\/li>\n<li><strong>Postbiotika<\/strong> \u2013 De nyttiga \u00e4mnen som bildas n\u00e4r probiotiska bakterier bryter ner prebiotika och andra n\u00e4rings\u00e4mnen i tarmen.<\/li>\n<\/ul>\n<p>&nbsp;<\/p>\n<p><strong>NYHET!<\/strong> Nu har vi tillsatt postbiotika i utvalda produkter fr\u00e5n Bozita!<\/p>\n<h2>Med andra ord:<\/h2>\n<p>Postbiotika \u00e4r resultatet av samspelet mellan probiotika och prebiotika \u2013 och det \u00e4r just de h\u00e4r n\u00e4ringsrika f\u00f6reningarna vi tillsatt f\u00f6r att ge din hund och katt extra st\u00f6d f\u00f6r ett aktivt och h\u00e4lsosamt liv!<\/p>\n\t\t\t<\/div>\n\t\t<\/div>\n\t<\/div>\n\n\n<section class=\"block product-promos\">\n\t<div class=\"container\">\n\t\t<div class=\"row align-items-center\">\n\t\t\t<div class=\"col-md-5\">\n\t\t\t\t<div class=\"prdt__promos-heading\">\n\t\t\t\t\t<h3>\n\t\t\t\t\t\tBra mat genom hela livet\t\t\t\t\t<\/h3>\n\t\t\t\t\t\t\t\t\t<\/div>\n\t\t\t<\/div>\n\t\t\t<div class=\"col-md-7\">\n\t\t\t\t\t\t\t\t\t<div class=\"owl-carousel owl-theme product-promo-carousel\">\n\t\t\t\t\t\t\t\t\t\t\t\t\t<a href=\"https:\/\/bozita.com\/se\/hundfoder\/bozita-robur-active-performance\/\">\n\t\t\t\t\t\t\t\t<div class=\"blk__prdt-item\">\n\t\t\t\t\t\t\t\t\t<figure>\n\t\t\t\t\t\t\t\t\t\t<img loading=\"lazy\" decoding=\"async\" width=\"1300\" height=\"1300\" src=\"https:\/\/bozita.com\/se\/wp-content\/uploads\/sites\/5\/2025\/05\/Bozita-Dog-Robur-Adult-Active-Performance-Reindeer.png\" class=\"attachment-post-thumbnail size-post-thumbnail wp-post-image\" alt=\"ROBUR ACTIVE PERFORMANCE\" srcset=\"https:\/\/bozita.com\/se\/wp-content\/uploads\/sites\/5\/2025\/05\/Bozita-Dog-Robur-Adult-Active-Performance-Reindeer.png 1300w, https:\/\/bozita.com\/se\/wp-content\/uploads\/sites\/5\/2025\/05\/Bozita-Dog-Robur-Adult-Active-Performance-Reindeer-300x300.png 300w, https:\/\/bozita.com\/se\/wp-content\/uploads\/sites\/5\/2025\/05\/Bozita-Dog-Robur-Adult-Active-Performance-Reindeer-1024x1024.png 1024w, https:\/\/bozita.com\/se\/wp-content\/uploads\/sites\/5\/2025\/05\/Bozita-Dog-Robur-Adult-Active-Performance-Reindeer-150x150.png 150w, https:\/\/bozita.com\/se\/wp-content\/uploads\/sites\/5\/2025\/05\/Bozita-Dog-Robur-Adult-Active-Performance-Reindeer-768x768.png 768w\" sizes=\"(max-width: 1300px) 100vw, 1300px\" \/>\t\t\t\t\t\t\t\t\t\t\t\t\t\t\t\t\t\t\t\t\t<div class=\"thumbnail-badge left\" style=\"background-image: url(https:\/\/bozita.com\/se\/wp-content\/uploads\/sites\/5\/2024\/04\/bozita-blue-badge.png);\">\n\t\t\t\t\t\t\t\t\t\t\t\t<span>Ny design<\/span>\t\t\t\t\t\t\t\t\t\t\t<\/div>\n\t\t\t\t\t\t\t\t\t\t\t\t\t\t\t\t\t\t\t\t<\/figure>\n\t\t\t\t\t\t\t\t\t<h4 class=\"carousel-title\"><\/h4>\n\t\t\t\t\t\t\t\t\t<span class=\"carousel-category\">ROBUR ACTIVE PERFORMANCE<\/span>\n\t\t\t\t\t\t\t\t\t  \n\t\t\t\t\t\t\t\t\t<ul class=\"category-list\">\n\t\t\t\t\t\t\t\t\t\t\t\t\t\t\t\t\t\t\t\t\t\t\t<li class=\"svg-image\">\n\t\t\t\t\t\t\t\t\t\t\t\t\t\t<img decoding=\"async\" src=\"https:\/\/bozita.com\/se\/wp-content\/uploads\/sites\/5\/2021\/06\/icon-wheat-free.svg\" \/>\n\t\t\t\t\t\t\t\t\t\t\t\t\t<\/li>\n\t\t\t\t\t\t\t\t\t\t\t\t\t\t\t\t\t\t\t\t\t\t\t\t\t\t\t\t\t\t\t\t\t\t\t\t<li class=\"svg-image\">\n\t\t\t\t\t\t\t\t\t\t\t\t\t\t<img decoding=\"async\" src=\"https:\/\/bozita.com\/se\/wp-content\/uploads\/sites\/5\/2021\/06\/icon-flavour-reindeer.svg\" \/>\n\t\t\t\t\t\t\t\t\t\t\t\t\t<\/li>\n\t\t\t\t\t\t\t\t\t\t\t\t\t\t\t\t\t\t\t\t\t\t<\/ul>       \n\n\t\t\t\t\t\t\t\t<\/div>\n\t\t\t\t\t\t\t<\/a>\n\t\t\t\t\t\t\t\t\t\t\t\t\t\t\t\t\t\t\t\t<a href=\"https:\/\/bozita.com\/se\/hundfoder\/bozita-robur-adult-maintenance\/\">\n\t\t\t\t\t\t\t\t<div class=\"blk__prdt-item\">\n\t\t\t\t\t\t\t\t\t<figure>\n\t\t\t\t\t\t\t\t\t\t<img loading=\"lazy\" decoding=\"async\" width=\"800\" height=\"800\" src=\"https:\/\/bozita.com\/se\/wp-content\/uploads\/sites\/5\/2025\/05\/Bozita-Dog-Robur-Adult-Maintenance.png\" class=\"attachment-post-thumbnail size-post-thumbnail wp-post-image\" alt=\"ROBUR ADULT MAINTENANCE\" srcset=\"https:\/\/bozita.com\/se\/wp-content\/uploads\/sites\/5\/2025\/05\/Bozita-Dog-Robur-Adult-Maintenance.png 800w, https:\/\/bozita.com\/se\/wp-content\/uploads\/sites\/5\/2025\/05\/Bozita-Dog-Robur-Adult-Maintenance-300x300.png 300w, https:\/\/bozita.com\/se\/wp-content\/uploads\/sites\/5\/2025\/05\/Bozita-Dog-Robur-Adult-Maintenance-150x150.png 150w, https:\/\/bozita.com\/se\/wp-content\/uploads\/sites\/5\/2025\/05\/Bozita-Dog-Robur-Adult-Maintenance-768x768.png 768w\" sizes=\"(max-width: 800px) 100vw, 800px\" \/>\t\t\t\t\t\t\t\t\t\t\t\t\t\t\t\t\t\t\t\t\t<div class=\"thumbnail-badge left\" style=\"background-image: url(https:\/\/bozita.com\/se\/wp-content\/uploads\/sites\/5\/2024\/04\/bozita-blue-badge.png);\">\n\t\t\t\t\t\t\t\t\t\t\t\t<span>Ny design<\/span>\t\t\t\t\t\t\t\t\t\t\t<\/div>\n\t\t\t\t\t\t\t\t\t\t\t\t\t\t\t\t\t\t\t\t<\/figure>\n\t\t\t\t\t\t\t\t\t<h4 class=\"carousel-title\"><\/h4>\n\t\t\t\t\t\t\t\t\t<span class=\"carousel-category\">ROBUR ADULT MAINTENANCE<\/span>\n\t\t\t\t\t\t\t\t\t  \n\t\t\t\t\t\t\t\t\t<ul class=\"category-list\">\n\t\t\t\t\t\t\t\t\t\t\t\t\t\t\t\t\t\t\t\t\t\t\t<li class=\"svg-image\">\n\t\t\t\t\t\t\t\t\t\t\t\t\t\t<img decoding=\"async\" src=\"https:\/\/bozita.com\/se\/wp-content\/uploads\/sites\/5\/2021\/06\/icon-wheat-free.svg\" \/>\n\t\t\t\t\t\t\t\t\t\t\t\t\t<\/li>\n\t\t\t\t\t\t\t\t\t\t\t\t\t\t\t\t\t\t\t\t\t\t\t\t\t\t\t\t\t\t\t\t\t\t\t\t<li class=\"svg-image\">\n\t\t\t\t\t\t\t\t\t\t\t\t\t\t<img decoding=\"async\" src=\"https:\/\/bozita.com\/se\/wp-content\/uploads\/sites\/5\/2021\/06\/icon-flavour-chicken.svg\" \/>\n\t\t\t\t\t\t\t\t\t\t\t\t\t<\/li>\n\t\t\t\t\t\t\t\t\t\t\t\t\t\t\t\t\t\t\t\t\t\t<\/ul>       \n\n\t\t\t\t\t\t\t\t<\/div>\n\t\t\t\t\t\t\t<\/a>\n\t\t\t\t\t\t\t\t\t\t\t\t\t\t\t\t\t\t\t\t\t\t\t\t\t\t\t<a href=\"https:\/\/bozita.com\/se\/hundfoder\/bozita-robur-mother-puppy\/\">\n\t\t\t\t\t\t\t\t<div class=\"blk__prdt-item\">\n\t\t\t\t\t\t\t\t\t<figure>\n\t\t\t\t\t\t\t\t\t\t<img loading=\"lazy\" decoding=\"async\" width=\"1300\" height=\"1300\" src=\"https:\/\/bozita.com\/se\/wp-content\/uploads\/sites\/5\/2025\/05\/Bozita-Dog-Robur-Puppy-Junior.png\" class=\"attachment-post-thumbnail size-post-thumbnail wp-post-image\" alt=\"ROBUR PUPPY &amp; JUNIOR\" srcset=\"https:\/\/bozita.com\/se\/wp-content\/uploads\/sites\/5\/2025\/05\/Bozita-Dog-Robur-Puppy-Junior.png 1300w, https:\/\/bozita.com\/se\/wp-content\/uploads\/sites\/5\/2025\/05\/Bozita-Dog-Robur-Puppy-Junior-300x300.png 300w, https:\/\/bozita.com\/se\/wp-content\/uploads\/sites\/5\/2025\/05\/Bozita-Dog-Robur-Puppy-Junior-1024x1024.png 1024w, https:\/\/bozita.com\/se\/wp-content\/uploads\/sites\/5\/2025\/05\/Bozita-Dog-Robur-Puppy-Junior-150x150.png 150w, https:\/\/bozita.com\/se\/wp-content\/uploads\/sites\/5\/2025\/05\/Bozita-Dog-Robur-Puppy-Junior-768x768.png 768w\" sizes=\"(max-width: 1300px) 100vw, 1300px\" \/>\t\t\t\t\t\t\t\t\t\t\t\t\t\t\t\t\t\t\t\t\t<div class=\"thumbnail-badge left\" style=\"background-image: url(https:\/\/bozita.com\/se\/wp-content\/uploads\/sites\/5\/2024\/04\/bozita-blue-badge.png);\">\n\t\t\t\t\t\t\t\t\t\t\t\t<span>Ny design<\/span>\t\t\t\t\t\t\t\t\t\t\t<\/div>\n\t\t\t\t\t\t\t\t\t\t\t\t\t\t\t\t\t\t\t\t<\/figure>\n\t\t\t\t\t\t\t\t\t<h4 class=\"carousel-title\"><\/h4>\n\t\t\t\t\t\t\t\t\t<span class=\"carousel-category\">ROBUR PUPPY &amp; JUNIOR<\/span>\n\t\t\t\t\t\t\t\t\t  \n\t\t\t\t\t\t\t\t\t<ul class=\"category-list\">\n\t\t\t\t\t\t\t\t\t\t\t\t\t\t\t\t\t\t\t\t\t\t\t<li class=\"svg-image\">\n\t\t\t\t\t\t\t\t\t\t\t\t\t\t<img decoding=\"async\" src=\"https:\/\/bozita.com\/se\/wp-content\/uploads\/sites\/5\/2021\/06\/icon-wheat-free.svg\" \/>\n\t\t\t\t\t\t\t\t\t\t\t\t\t<\/li>\n\t\t\t\t\t\t\t\t\t\t\t\t\t\t\t\t\t\t\t\t\t\t\t\t\t\t\t\t\t\t\t\t\t\t\t\t<li class=\"svg-image\">\n\t\t\t\t\t\t\t\t\t\t\t\t\t\t<img decoding=\"async\" src=\"https:\/\/bozita.com\/se\/wp-content\/uploads\/sites\/5\/2021\/06\/icon-flavour-chicken.svg\" \/>\n\t\t\t\t\t\t\t\t\t\t\t\t\t<\/li>\n\t\t\t\t\t\t\t\t\t\t\t\t\t\t\t\t\t\t\t\t\t\t<\/ul>       \n\n\t\t\t\t\t\t\t\t<\/div>\n\t\t\t\t\t\t\t<\/a>\n\t\t\t\t\t\t\t\t\t\t\t\t\t\t\t\t\t\t\t\t<a href=\"https:\/\/bozita.com\/se\/hundfoder\/bozita-robur-senior\/\">\n\t\t\t\t\t\t\t\t<div class=\"blk__prdt-item\">\n\t\t\t\t\t\t\t\t\t<figure>\n\t\t\t\t\t\t\t\t\t\t<img loading=\"lazy\" decoding=\"async\" width=\"800\" height=\"800\" src=\"https:\/\/bozita.com\/se\/wp-content\/uploads\/sites\/5\/2025\/05\/Bozita-Dog-Robur-Adult-Senior.png\" class=\"attachment-post-thumbnail size-post-thumbnail wp-post-image\" alt=\"ROBUR SENIOR\" srcset=\"https:\/\/bozita.com\/se\/wp-content\/uploads\/sites\/5\/2025\/05\/Bozita-Dog-Robur-Adult-Senior.png 800w, https:\/\/bozita.com\/se\/wp-content\/uploads\/sites\/5\/2025\/05\/Bozita-Dog-Robur-Adult-Senior-300x300.png 300w, https:\/\/bozita.com\/se\/wp-content\/uploads\/sites\/5\/2025\/05\/Bozita-Dog-Robur-Adult-Senior-150x150.png 150w, https:\/\/bozita.com\/se\/wp-content\/uploads\/sites\/5\/2025\/05\/Bozita-Dog-Robur-Adult-Senior-768x768.png 768w\" sizes=\"(max-width: 800px) 100vw, 800px\" \/>\t\t\t\t\t\t\t\t\t\t\t\t\t\t\t\t\t\t\t\t\t<div class=\"thumbnail-badge left\" style=\"background-image: url(https:\/\/bozita.com\/se\/wp-content\/uploads\/sites\/5\/2024\/04\/bozita-blue-badge.png);\">\n\t\t\t\t\t\t\t\t\t\t\t\t<span>Ny design<\/span>\t\t\t\t\t\t\t\t\t\t\t<\/div>\n\t\t\t\t\t\t\t\t\t\t\t\t\t\t\t\t\t\t\t\t<\/figure>\n\t\t\t\t\t\t\t\t\t<h4 class=\"carousel-title\"><\/h4>\n\t\t\t\t\t\t\t\t\t<span class=\"carousel-category\">ROBUR SENIOR<\/span>\n\t\t\t\t\t\t\t\t\t  \n\t\t\t\t\t\t\t\t\t<ul class=\"category-list\">\n\t\t\t\t\t\t\t\t\t\t\t\t\t\t\t\t\t\t\t\t\t\t\t<li class=\"svg-image\">\n\t\t\t\t\t\t\t\t\t\t\t\t\t\t<img decoding=\"async\" src=\"https:\/\/bozita.com\/se\/wp-content\/uploads\/sites\/5\/2021\/06\/icon-wheat-free.svg\" \/>\n\t\t\t\t\t\t\t\t\t\t\t\t\t<\/li>\n\t\t\t\t\t\t\t\t\t\t\t\t\t\t\t\t\t\t\t\t\t\t\t\t\t\t\t\t\t\t\t\t\t\t\t\t<li class=\"svg-image\">\n\t\t\t\t\t\t\t\t\t\t\t\t\t\t<img decoding=\"async\" src=\"https:\/\/bozita.com\/se\/wp-content\/uploads\/sites\/5\/2021\/06\/icon-flavour-chicken.svg\" \/>\n\t\t\t\t\t\t\t\t\t\t\t\t\t<\/li>\n\t\t\t\t\t\t\t\t\t\t\t\t\t\t\t\t\t\t\t\t\t\t<\/ul>       \n\n\t\t\t\t\t\t\t\t<\/div>\n\t\t\t\t\t\t\t<\/a>\n\t\t\t\t\t\t\t\t\t\t\t\t\t\t\t\t\t\t<\/div>\n\t\t\t\t\t\t\t<\/div>\n\t\t<\/div>\n\t<\/div>\n<\/section>\n<script>\njQuery(document).ready(function($) {\n\tjQuery('.product-promo-carousel').owlCarousel({\n\tloop: true,\n\tmargin: 10,\n\tresponsiveClass: true,\n\tresponsive: {\n\t\t0: {\n\t\titems: 1,\n\t\tnav: true\n\t\t},\n\t\t600: {\n\t\titems: 1,\n\t\tnav: true\n\t\t},\n\t\t1000: {\n\t\titems: 2,\n\t\tnav: true,\n\t\t}\n\t}\n\t})\n\tjQuery(\".owl-prev\").html('<span><<\/span>');\n\tjQuery(\".owl-next\").html('<span>><\/span>');\n\n\tvar slider = jQuery('.promo-slider-list');\n\tslider.owlCarousel();\n\tjQuery('.nextbtn-a').click(function() {\n\tslider.trigger('next.owl.carousel');\n\t})\n\t\/\/ Go to the previous item\n\tjQuery('.prebtn-a').click(function() {\n\tslider.trigger('prev.owl.carousel', [300]);\n\t})\n});\n<\/script>\n\n\n\n\t<section class=\"block explore-other-topics\">\n\t<div class=\"container\">\n\t\t<h2>UTFORSKA ANDRA KATEGORIER<\/h2>\n\t\t<div class=\"row\">\n\t\t\t\t\t\t\t\t<div class=\"col-md-6 col-lg-3\">\n\t\t\t\t\t\t\t\t\t\t\t\t\t<h6>Nutrition och kost<\/h6>\n\t\t\t\t\t\t\t\t\t\t\t\t\t<div class=\"card \">\n\t\t\t\t\t\t\t<img loading=\"lazy\" decoding=\"async\" width=\"800\" height=\"537\" src=\"https:\/\/bozita.com\/se\/wp-content\/uploads\/sites\/5\/2021\/06\/bozita-nutrition-kost.jpg\" class=\"attachment-post-thumbnail size-post-thumbnail wp-post-image\" alt=\"Springande f\u00e5gelhund\" srcset=\"https:\/\/bozita.com\/se\/wp-content\/uploads\/sites\/5\/2021\/06\/bozita-nutrition-kost.jpg 800w, https:\/\/bozita.com\/se\/wp-content\/uploads\/sites\/5\/2021\/06\/bozita-nutrition-kost-300x201.jpg 300w, https:\/\/bozita.com\/se\/wp-content\/uploads\/sites\/5\/2021\/06\/bozita-nutrition-kost-768x516.jpg 768w\" sizes=\"(max-width: 800px) 100vw, 800px\" \/>\n\t\t\t\t\t\t\t\t\t\t\t\t\t\t<div class=\"card-body\">\n\t\t\t\t\t\t\t\t\n\t\t\t\t\t\t\t\t\t\t\t\t\t\t\t\t\t<ul>\n\t\t\t\t\t\t\t\t\t\t\t\t\t\t\t\t\t\t\t\t\t<li><a href=\"https:\/\/bozita.com\/se\/hundfoder\/nutrition-och-kost\/byta-fran-valpfoder-till-vuxenfoder\/\">Byta fr\u00e5n valpfoder till vuxenfoder<\/a><\/li>\n\t\t\t\t\t\t\t\t\t\t\t\t\t\t\t\t\t\t\t\t\t\t<li><a href=\"https:\/\/bozita.com\/se\/hundfoder\/nutrition-och-kost\/draktiga-och-digivande-tikar\/\">Foder till dr\u00e4ktiga och digivande tikar<\/a><\/li>\n\t\t\t\t\t\t\t\t\t\t\t\t\t\t\t\t\t\t\t\t\t\t<li><a href=\"https:\/\/bozita.com\/se\/hundfoder\/nutrition-och-kost\/utfodring-av-valp\/\">Hur mycket ska en valp \u00e4ta och vad \u00e4r b\u00e4sta valpfodret?<\/a><\/li>\n\t\t\t\t\t\t\t\t\t\t\t\t\t\t\t\t\t\t\t\t<\/ul>\n\t\t\t\t\t\t\t\t\t\t\t\t\t\t\t\t<a target=\"\" href=\"https:\/\/bozita.com\/se\/hundfoder\/nutrition-och-kost\/\" class=\"btn btn-primary\">More Articles<\/a>\n\t\t\t\t\t\t\t<\/div>\n\t\t\t\t\t\t<\/div>\n\t\t\t\t\t<\/div>\n\t\t\t\t\t\t\t\t\t\t<div class=\"col-md-6 col-lg-3\">\n\t\t\t\t\t\t\t\t\t\t\t\t\t<h6>Hundens h\u00e4lsa<\/h6>\n\t\t\t\t\t\t\t\t\t\t\t\t\t<div class=\"card \">\n\t\t\t\t\t\t\t<img loading=\"lazy\" decoding=\"async\" width=\"2560\" height=\"1707\" src=\"https:\/\/bozita.com\/se\/wp-content\/uploads\/sites\/5\/2025\/10\/doggyinomhus-scaled.jpg\" class=\"attachment-post-thumbnail size-post-thumbnail wp-post-image\" alt=\"Hundens h\u00e4lsa\" srcset=\"https:\/\/bozita.com\/se\/wp-content\/uploads\/sites\/5\/2025\/10\/doggyinomhus-scaled.jpg 2560w, https:\/\/bozita.com\/se\/wp-content\/uploads\/sites\/5\/2025\/10\/doggyinomhus-300x200.jpg 300w, https:\/\/bozita.com\/se\/wp-content\/uploads\/sites\/5\/2025\/10\/doggyinomhus-1024x683.jpg 1024w, https:\/\/bozita.com\/se\/wp-content\/uploads\/sites\/5\/2025\/10\/doggyinomhus-768x512.jpg 768w, https:\/\/bozita.com\/se\/wp-content\/uploads\/sites\/5\/2025\/10\/doggyinomhus-1536x1024.jpg 1536w, https:\/\/bozita.com\/se\/wp-content\/uploads\/sites\/5\/2025\/10\/doggyinomhus-2048x1365.jpg 2048w\" sizes=\"(max-width: 2560px) 100vw, 2560px\" \/>\n\t\t\t\t\t\t\t\t\t\t\t\t\t\t<div class=\"card-body\">\n\t\t\t\t\t\t\t\t\n\t\t\t\t\t\t\t\t\t\t\t\t\t\t\t\t\t<ul>\n\t\t\t\t\t\t\t\t\t\t\t\t\t\t\t\t\t\t\t\t\t<li><a href=\"https:\/\/bozita.com\/se\/hund\/hundens-halsa\/algblomning\/\">Algblomning hund &#8211; det h\u00e4r beh\u00f6ver du veta<\/a><\/li>\n\t\t\t\t\t\t\t\t\t\t\t\t\t\t\t\t\t\t\t\t\t\t<li><a href=\"https:\/\/bozita.com\/se\/hund\/hundens-halsa\/nar-tappar-valpar-tander\/\">N\u00e4r tappar valpar t\u00e4nder?<\/a><\/li>\n\t\t\t\t\t\t\t\t\t\t\t\t\t\t\t\t\t\t\t\t\t\t<li><a href=\"https:\/\/bozita.com\/se\/hund\/hundens-halsa\/valpning\/\">Valpning<\/a><\/li>\n\t\t\t\t\t\t\t\t\t\t\t\t\t\t\t\t\t\t\t\t<\/ul>\n\t\t\t\t\t\t\t\t\t\t\t\t\t\t\t\t<a target=\"\" href=\"https:\/\/bozita.com\/se\/hund\/hundens-halsa\/\" class=\"btn btn-primary\">More Articles<\/a>\n\t\t\t\t\t\t\t<\/div>\n\t\t\t\t\t\t<\/div>\n\t\t\t\t\t<\/div>\n\t\t\t\t\t\t\t\t\t\t<div class=\"col-md-6 col-lg-3\">\n\t\t\t\t\t\t\t\t\t\t\t\t\t<h6>Aktivera din hund<\/h6>\n\t\t\t\t\t\t\t\t\t\t\t\t\t<div class=\"card \">\n\t\t\t\t\t\t\t<img loading=\"lazy\" decoding=\"async\" width=\"800\" height=\"531\" src=\"https:\/\/bozita.com\/se\/wp-content\/uploads\/sites\/5\/2021\/06\/bozita-aktivera-hund.jpg\" class=\"attachment-post-thumbnail size-post-thumbnail wp-post-image\" alt=\"Livet med hund\" srcset=\"https:\/\/bozita.com\/se\/wp-content\/uploads\/sites\/5\/2021\/06\/bozita-aktivera-hund.jpg 800w, https:\/\/bozita.com\/se\/wp-content\/uploads\/sites\/5\/2021\/06\/bozita-aktivera-hund-300x199.jpg 300w, https:\/\/bozita.com\/se\/wp-content\/uploads\/sites\/5\/2021\/06\/bozita-aktivera-hund-768x510.jpg 768w\" sizes=\"(max-width: 800px) 100vw, 800px\" \/>\n\t\t\t\t\t\t\t\t\t\t\t\t\t\t<div class=\"card-body\">\n\t\t\t\t\t\t\t\t\n\t\t\t\t\t\t\t\t\t\t\t\t\t\t\t\t\t<ul>\n\t\t\t\t\t\t\t\t\t\t\t\t\t\t\t\t\t\t\t\t\t<li><a href=\"https:\/\/bozita.com\/se\/hund\/aktivera-hunden\/forbattra-samspelet-med-din-hund-med-hjalp-av-aktiviteter-och-kurser\/\">Hundkurser och aktiviteter<\/a><\/li>\n\t\t\t\t\t\t\t\t\t\t\t\t\t\t\t\t\t\t\t\t\t\t<li><a href=\"https:\/\/bozita.com\/se\/hund\/aktivera-hunden\/syns-i-morkret-med-reflexer\/\">Reflexer hund &#8211; en billig livf\u00f6rs\u00e4kring<\/a><\/li>\n\t\t\t\t\t\t\t\t\t\t\t\t\t\t\t\t\t\t\t\t\t\t<li><a href=\"https:\/\/bozita.com\/se\/hund\/aktivera-hunden\/balanstrana-med-hund\/\">Balanstr\u00e4ning med hund<\/a><\/li>\n\t\t\t\t\t\t\t\t\t\t\t\t\t\t\t\t\t\t\t\t<\/ul>\n\t\t\t\t\t\t\t\t\t\t\t\t\t\t\t\t<a target=\"\" href=\"https:\/\/bozita.com\/se\/hund\/aktivera-hunden\/\" class=\"btn btn-primary\">More Articles<\/a>\n\t\t\t\t\t\t\t<\/div>\n\t\t\t\t\t\t<\/div>\n\t\t\t\t\t<\/div>\n\t\t\t\t\t\t\t\t\t\t<div class=\"col-md-6 col-lg-3\">\n\t\t\t\t\t\t\t\t\t\t\t\t\t<h6>K\u00f6pa hund<\/h6>\n\t\t\t\t\t\t\t\t\t\t\t\t\t<div class=\"card \">\n\t\t\t\t\t\t\t<img loading=\"lazy\" decoding=\"async\" width=\"800\" height=\"532\" src=\"https:\/\/bozita.com\/se\/wp-content\/uploads\/sites\/5\/2021\/06\/bozita-kopa-hund.jpg\" class=\"attachment-post-thumbnail size-post-thumbnail wp-post-image\" alt=\"Livet med hund\" srcset=\"https:\/\/bozita.com\/se\/wp-content\/uploads\/sites\/5\/2021\/06\/bozita-kopa-hund.jpg 800w, https:\/\/bozita.com\/se\/wp-content\/uploads\/sites\/5\/2021\/06\/bozita-kopa-hund-300x200.jpg 300w, https:\/\/bozita.com\/se\/wp-content\/uploads\/sites\/5\/2021\/06\/bozita-kopa-hund-768x511.jpg 768w\" sizes=\"(max-width: 800px) 100vw, 800px\" \/>\n\t\t\t\t\t\t\t\t\t\t\t\t\t\t<div class=\"card-body\">\n\t\t\t\t\t\t\t\t\n\t\t\t\t\t\t\t\t\t\t\t\t\t\t\t\t\t<ul>\n\t\t\t\t\t\t\t\t\t\t\t\t\t\t\t\t\t\t\t\t\t<li><a href=\"https:\/\/bozita.com\/se\/hund\/kopa-hund\/valj-hundras\/\">Olika hundraser &#8211; vilken hundras ska jag v\u00e4lja?<\/a><\/li>\n\t\t\t\t\t\t\t\t\t\t\t\t\t\t\t\t\t\t\t\t<\/ul>\n\t\t\t\t\t\t\t\t\t\t\t\t\t\t\t\t<a target=\"\" href=\"https:\/\/bozita.com\/se\/hund\/kopa-hund\/\" class=\"btn btn-primary\">More Articles<\/a>\n\t\t\t\t\t\t\t<\/div>\n\t\t\t\t\t\t<\/div>\n\t\t\t\t\t<\/div>\n\t\t\t\t\t\t\t<\/div>\n\t<\/div>\n<\/section>\n","protected":false},"excerpt":{"rendered":"","protected":false},"author":1,"featured_media":0,"parent":0,"menu_order":0,"comment_status":"closed","ping_status":"closed","template":"guternberg.php","meta":{"footnotes":""},"acf":[],"yoast_head":"<!-- This site is optimized with the Yoast SEO plugin v21.3 - https:\/\/yoast.com\/wordpress\/plugins\/seo\/ -->\n<title>Postbiotics - Bozita Sverige<\/title>\n<meta name=\"robots\" content=\"index, follow, max-snippet:-1, max-image-preview:large, max-video-preview:-1\" \/>\n<link rel=\"canonical\" href=\"https:\/\/bozita.com\/se\/postbiotics-go\/\" \/>\n<meta property=\"og:locale\" content=\"sv_SE\" \/>\n<meta property=\"og:type\" content=\"article\" \/>\n<meta property=\"og:title\" content=\"Postbiotics - Bozita Sverige\" \/>\n<meta property=\"og:url\" content=\"https:\/\/bozita.com\/se\/postbiotics-go\/\" \/>\n<meta property=\"og:site_name\" content=\"Bozita Sverige\" \/>\n<meta property=\"article:modified_time\" content=\"2025-06-30T05:58:38+00:00\" \/>\n<meta name=\"twitter:card\" content=\"summary_large_image\" \/>\n<!-- \/ Yoast SEO plugin. -->","yoast_head_json":{"title":"Postbiotics - Bozita Sverige","robots":{"index":"index","follow":"follow","max-snippet":"max-snippet:-1","max-image-preview":"max-image-preview:large","max-video-preview":"max-video-preview:-1"},"canonical":"https:\/\/bozita.com\/se\/postbiotics-go\/","og_locale":"sv_SE","og_type":"article","og_title":"Postbiotics - Bozita Sverige","og_url":"https:\/\/bozita.com\/se\/postbiotics-go\/","og_site_name":"Bozita Sverige","article_modified_time":"2025-06-30T05:58:38+00:00","twitter_card":"summary_large_image","schema":{"@context":"https:\/\/schema.org","@graph":[{"@type":"WebPage","@id":"https:\/\/bozita.com\/se\/postbiotics-go\/","url":"https:\/\/bozita.com\/se\/postbiotics-go\/","name":"Postbiotics - Bozita Sverige","isPartOf":{"@id":"https:\/\/bozita.com\/se\/#website"},"datePublished":"2025-04-30T11:15:46+00:00","dateModified":"2025-06-30T05:58:38+00:00","breadcrumb":{"@id":"https:\/\/bozita.com\/se\/postbiotics-go\/#breadcrumb"},"inLanguage":"sv-SE","potentialAction":[{"@type":"ReadAction","target":["https:\/\/bozita.com\/se\/postbiotics-go\/"]}]},{"@type":"BreadcrumbList","@id":"https:\/\/bozita.com\/se\/postbiotics-go\/#breadcrumb","itemListElement":[{"@type":"ListItem","position":1,"name":"Home","item":"https:\/\/bozita.com\/se\/"},{"@type":"ListItem","position":2,"name":"Postbiotics"}]},{"@type":"WebSite","@id":"https:\/\/bozita.com\/se\/#website","url":"https:\/\/bozita.com\/se\/","name":"Bozita Sverige","description":"","potentialAction":[{"@type":"SearchAction","target":{"@type":"EntryPoint","urlTemplate":"https:\/\/bozita.com\/se\/?s={search_term_string}"},"query-input":"required name=search_term_string"}],"inLanguage":"sv-SE"}]}},"_links":{"self":[{"href":"https:\/\/bozita.com\/se\/wp-json\/wp\/v2\/pages\/11396"}],"collection":[{"href":"https:\/\/bozita.com\/se\/wp-json\/wp\/v2\/pages"}],"about":[{"href":"https:\/\/bozita.com\/se\/wp-json\/wp\/v2\/types\/page"}],"author":[{"embeddable":true,"href":"https:\/\/bozita.com\/se\/wp-json\/wp\/v2\/users\/1"}],"replies":[{"embeddable":true,"href":"https:\/\/bozita.com\/se\/wp-json\/wp\/v2\/comments?post=11396"}],"version-history":[{"count":7,"href":"https:\/\/bozita.com\/se\/wp-json\/wp\/v2\/pages\/11396\/revisions"}],"predecessor-version":[{"id":11643,"href":"https:\/\/bozita.com\/se\/wp-json\/wp\/v2\/pages\/11396\/revisions\/11643"}],"wp:attachment":[{"href":"https:\/\/bozita.com\/se\/wp-json\/wp\/v2\/media?parent=11396"}],"curies":[{"name":"wp","href":"https:\/\/api.w.org\/{rel}","templated":true}]}}