{"id":11416,"date":"2025-05-08T08:22:44","date_gmt":"2025-05-08T08:22:44","guid":{"rendered":"https:\/\/bozita.com\/se\/?page_id=11416"},"modified":"2025-05-08T08:22:45","modified_gmt":"2025-05-08T08:22:45","slug":"varfor-ater-hund-gras","status":"publish","type":"page","link":"https:\/\/bozita.com\/se\/hund\/hundens-halsa\/varfor-ater-hund-gras\/","title":{"rendered":"Varf\u00f6r \u00e4ter hund gr\u00e4s"},"content":{"rendered":"\n\t\t<section class=\"small-hero-with-image\">\n\t\t\t\t\t\t\t<img decoding=\"async\" class=\"background-image\" src=\"https:\/\/bozita.com\/se\/wp-content\/uploads\/sites\/5\/2025\/05\/hundatergras.jpg\" alt=\"little Jack Russell Terrier dog is eating grass in a meadow. Dog in a spring meadow\">\n\t\t\t\t\t\t\t<div class=\"overlay-v1 overlay-bg\">\n\t\t\t\t<div class=\"container\">\n\t\t\t\t\t<div class=\"row\">\n\t\t\t\t\t\t<div class=\"col-md-6 col-lg-5\">\n\t\t\t\t\t\t\t<h5>Kunskap<\/h5><h1>Hund \u00e4ter gr\u00e4s<\/h1><p><p><span style=\"font-weight: 500\">Det \u00e4r vanligt att hundar \u00e4ter gr\u00e4s \u2013 och det \u00e4r oftast helt ofarligt. \u00c4ven om det kan verka konstigt f\u00f6r oss m\u00e4nniskor, \u00e4r det ett naturligt beteende hos m\u00e5nga hundar. <\/span><\/p>\n<\/p>\t\t\t\t\t\t<\/div>\n\t\t\t\t\t<\/div>\n\t\t\t\t<\/div>\n\t\t\t<\/div>\n\t\t<\/section>\n\t\t\n\n\t<div class=\"text-box-warp\">\n\t\t<div class=\"container\">\n\t\t\t<div class=\"text-content\">\n\t\t\t\t<h2><b>Varf\u00f6r \u00e4ter hundar gr\u00e4s?<\/b><\/h2>\n<p><span style=\"font-weight: 500\">Det finns flera teorier om varf\u00f6r hundar \u00e4ter gr\u00e4s, men ingen sj\u00e4lvklar f\u00f6rklaring. Det kan vara b\u00e5de ett naturligt beteende hos hunden, men \u00e4ven ett tecken p\u00e5 n\u00e5got annat.<\/span><\/p>\n<p><span style=\"font-weight: 500\">Orsaker till att din hund \u00e4ter gr\u00e4s:<\/span><\/p>\n<ul>\n<li style=\"font-weight: 400\"><b>Matsm\u00e4ltning<\/b><span style=\"font-weight: 500\">: Vissa hundar \u00e4ter gr\u00e4s n\u00e4r de har ont i magen eller k\u00e4nner sig illam\u00e5ende, gr\u00e4set kan hj\u00e4lpa dem att kr\u00e4kas.<\/span><span style=\"font-weight: 500\">\n<p><\/span><\/li>\n<li style=\"font-weight: 400\"><b>Brist p\u00e5 viktiga n\u00e4rings\u00e4mnen:<\/b><span style=\"font-weight: 500\"> I vissa fall kan gr\u00e4s\u00e4tande vara ett tecken p\u00e5 n\u00e4ringsbrist, framf\u00f6rallt brist p\u00e5 fibrer.<\/span><span style=\"font-weight: 500\">\n<p><\/span><\/li>\n<li style=\"font-weight: 400\"><b>Nyfikenhet eller vana<\/b><span style=\"font-weight: 500\">: Hundar, och framf\u00f6rallt valpar \u00e4r nyfikna av sig och smakar p\u00e5 det mesta, inklusive gr\u00e4s.<\/span><span style=\"font-weight: 500\">\n<p><\/span><\/li>\n<li style=\"font-weight: 400\"><b>Stress eller tristess:<\/b><span style=\"font-weight: 500\"> Precis som vissa m\u00e4nniskor kan bita p\u00e5 naglarna, s\u00e5 kan hundar \u00e4ta gr\u00e4s av vana eller vid oro.<\/span><span style=\"font-weight: 500\">\n<p><\/span><\/li>\n<li style=\"font-weight: 400\"><b>Hunden tycker det smakar gott: <\/b><span style=\"font-weight: 500\">Vissa hundar gillar helt enkelt smaken och konsistensen av gr\u00e4s.<\/span><\/li>\n<\/ul>\n<p>&nbsp;<\/p>\n<h2><b>\u00c4r det vanligt att en hund \u00e4ter gr\u00e4s?<\/b><\/h2>\n<p><span style=\"font-weight: 500\">Ja, det \u00e4r v\u00e4ldigt vanligt att hundar \u00e4ter gr\u00e4s ibland. Unders\u00f6kningar visar att upp till 70% av alla hundar g\u00f6r det regelbundet, och de flesta \u00e4r helt friska. Det \u00e4r allts\u00e5 ett normalt beteende och i de flesta fall inget att oroa sig f\u00f6r. Men var uppm\u00e4rksam om din hund visar andra tecken p\u00e5 sjukdom.<\/span><\/p>\n<p><span style=\"font-weight: 500\">Gr\u00e4s\u00e4tandet \u00e4r vanligare under v\u00e5r och sommar n\u00e4r f\u00e4rskt gr\u00e4s finns tillg\u00e4ngligt, och det f\u00f6rekommer hos hundar i alla \u00e5ldrar och raser, men \u00e4r vanligare hos valpar eller yngre hundar.<\/span><\/p>\n<p>&nbsp;<\/p>\n<h2><b>\u00c4r det farligt om hunden \u00e4ter gr\u00e4s?<\/b><\/h2>\n<p><span style=\"font-weight: 500\">I de flesta fall \u00e4r det inte farligt alls. Men det finns n\u00e5gra undantag d\u00e4r det kan vara farligt f\u00f6r hunden, eller att det \u00e4r ett tecken p\u00e5 att hunden m\u00e5r d\u00e5ligt.<\/span><\/p>\n<h4><span style=\"font-weight: 500\">N\u00e4r det kan vara farligt f\u00f6r hunden att \u00e4ta gr\u00e4s:<\/span><\/h4>\n<ul>\n<li style=\"font-weight: 400\"><b>Om gr\u00e4set \u00e4r besprutat<\/b><span style=\"font-weight: 500\">: Gr\u00e4s som behandlats med bek\u00e4mpningsmedel, g\u00f6dningsmedel eller andra kemikalier kan vara giftigt f\u00f6r hunden.<\/span><span style=\"font-weight: 500\">\n<p><\/span><\/li>\n<li style=\"font-weight: 400\"><b>Om hunden \u00e4ter stora m\u00e4ngder ofta:<\/b><span style=\"font-weight: 500\"> Det kan leda till magbesv\u00e4r eller vara ett tecken p\u00e5 ett underliggande problem.<\/span><span style=\"font-weight: 500\">\n<p><\/span><\/li>\n<li style=\"font-weight: 400\"><b>Om hunden kr\u00e4ks ofta efter\u00e5t<\/b><span style=\"font-weight: 500\">: Detta kan signalera att n\u00e5got inte st\u00e5r r\u00e4tt till hos hunden, och att du b\u00f6r kontakta en veterin\u00e4r.<\/span><span style=\"font-weight: 500\">\n<p><\/span><\/li>\n<li style=\"font-weight: 400\"><b>Om det finns parasiter i gr\u00e4set<\/b><span style=\"font-weight: 500\">: Ibland kan hundar f\u00e5 i sig parasiter via f\u00f6rorenat gr\u00e4s eller jord.<\/span><span style=\"font-weight: 500\">\n<p><\/span><\/li>\n<\/ul>\n<p><span style=\"font-weight: 500\">Sammanfattningsvis s\u00e5 kan man s\u00e4ga att s\u00e5 l\u00e4nge din hund \u00e4ter sm\u00e5 m\u00e4ngder gr\u00e4s och m\u00e5r bra efter\u00e5t, \u00e4r det inget att oroa sig f\u00f6r.<\/span><\/p>\n<p>&nbsp;<\/p>\n<h2><b>F\u00e5 hunden att sluta \u00e4ta gr\u00e4s<\/b><\/h2>\n<p><span style=\"font-weight: 500\">Om du vill f\u00e5 din hund att sluta \u00e4ta gr\u00e4s \u2013 Om du anser att hunden g\u00f6r det f\u00f6r ofta, eller p\u00e5 platser d\u00e4r gr\u00e4set kan vara besprutat \u2013 finns det flera saker du kan g\u00f6ra.<\/span><\/p>\n<ul>\n<li style=\"font-weight: 400\"><b>Se \u00f6ver kosten:<\/b><span style=\"font-weight: 500\"> S\u00e4kerst\u00e4ll att din hund f\u00e5r i sig tillr\u00e4ckligt med fibrer och n\u00e4rings\u00e4mnen. R\u00e5dg\u00f6r med veterin\u00e4r vid behov.<\/span><span style=\"font-weight: 500\">\n<p><\/span><\/li>\n<li style=\"font-weight: 400\"><b>Aktivera hunden mentalt och fysiskt:<\/b><span style=\"font-weight: 500\"> En uttr\u00e5kad eller ostimulerad hund kan leda till gr\u00e4s\u00e4tande \u2013 fler promenader, leksaker eller mentala aktiviteter kan hj\u00e4lpa.<\/span><span style=\"font-weight: 500\">\n<p><\/span><\/li>\n<li style=\"font-weight: 400\"><b>Tr\u00e4na bort beteendet:<\/b><span style=\"font-weight: 500\"> Anv\u00e4nd positiv f\u00f6rst\u00e4rkning f\u00f6r att bel\u00f6na annat beteende och led bort n\u00e4r hunden n\u00e4rmar sig gr\u00e4s.<\/span><span style=\"font-weight: 500\">\n<p><\/span><\/li>\n<\/ul>\n<p><span style=\"font-weight: 500\">Om beteendet forts\u00e4tter trots f\u00f6r\u00e4ndringar, eller om din hund visar andra symtom (t.ex. tr\u00f6tthet, magproblem eller viktnedg\u00e5ng), b\u00f6r du kontakta en veterin\u00e4r.<\/span><\/p>\n\t\t\t<\/div>\n\t\t<\/div>\n\t<\/div>\n\n\n\n\t<section class=\"block related-articles\">\n\t\t<div class=\"container\">\n\t\t\t<h2><\/h2>\n\t\t\t<div class=\"row justify-content-center\">\n\t\t\t\t\t\t\t<\/div>\n\t\t<\/div>\n\t<\/section>\n\n\n\n\t<section class=\"block related-articles\">\n\t\t<div class=\"container\">\n\t\t\t<h2>Relaterade artiklar<\/h2>\n\t\t\t<div class=\"row justify-content-center\">\n\t\t\t\t\t\t\t\t\t\t<div class=\"col-sm-6 col-md-6 col-lg-3\">\n\t\t\t\t\t\t\t\t\t\t\t\t\t\t<div class=\"card \">\n\t\t\t\t\t\t\t\t\t\t\t\t\t\t\t\t\t<img decoding=\"async\"  src=\"https:\/\/bozita.com\/se\/wp-content\/uploads\/sites\/5\/2021\/07\/bozita-hund-vaccinera.jpeg\" alt=\"\">\n\t\t\t\t\t\t\t\t\t\t\t\t\t\t\t\t\t<!-- <img decoding=\"async\" src=\"\n\t\t\t\t\t\t\t\t\t\t\t\t\t\t\t\t\t\t\t\t\" alt=\"\n\t\t\t\t\t\t\t\t\t\t\t\t\t\t\t\t\t\t\t\t\t\t\t\t\t\t\t\"> -->\n\t\t\t\t\t\t\t\t<div class=\"card-body\">\n\t\t\t\t\t\t\t\t\t\t\t\t\t\t\t\t\t\t\t<h6>Vaccination av hund och valp<\/h6>\n\t\t\t\t\t\t\t\t\t\t\t\t\t\t\t\t\t\t\t<a href=\"https:\/\/bozita.com\/se\/hund\/hundens-halsa\/vaccinera-hund\/\">L\u00e4s mer &nbsp; ><\/a>\n\t\t\t\t\t\t\t\t<\/div>\n\t\t\t\t\t\t\t<\/div>\n\t\t\t\t\t\t<\/div>\n\n\t\t\t\t\t\t\t\t\t\t\t<div class=\"col-sm-6 col-md-6 col-lg-3\">\n\t\t\t\t\t\t\t\t\t\t\t\t\t\t<div class=\"card \">\n\t\t\t\t\t\t\t\t\t\t\t\t\t\t\t\t\t<img decoding=\"async\"  src=\"https:\/\/bozita.com\/se\/wp-content\/uploads\/sites\/5\/2021\/07\/bozita-hund-borsta-tander-hygien.jpeg\" alt=\"\">\n\t\t\t\t\t\t\t\t\t\t\t\t\t\t\t\t\t<!-- <img decoding=\"async\" src=\"\n\t\t\t\t\t\t\t\t\t\t\t\t\t\t\t\t\t\t\t\t\" alt=\"\n\t\t\t\t\t\t\t\t\t\t\t\t\t\t\t\t\t\t\t\t\t\t\t\t\t\t\t\"> -->\n\t\t\t\t\t\t\t\t<div class=\"card-body\">\n\t\t\t\t\t\t\t\t\t\t\t\t\t\t\t\t\t\t\t<h6>Tandsten hos hund &#8211; hundens t\u00e4nder<\/h6>\n\t\t\t\t\t\t\t\t\t\t\t\t\t\t\t\t\t\t\t<a href=\"https:\/\/bozita.com\/se\/hund\/hundens-halsa\/hundens-munhygien-tander-tandborstning\/\">L\u00e4s mer &nbsp; ><\/a>\n\t\t\t\t\t\t\t\t<\/div>\n\t\t\t\t\t\t\t<\/div>\n\t\t\t\t\t\t<\/div>\n\n\t\t\t\t\t\t\t\t\t\t\t<div class=\"col-sm-6 col-md-6 col-lg-3\">\n\t\t\t\t\t\t\t\t\t\t\t\t\t\t<div class=\"card \">\n\t\t\t\t\t\t\t\t\t\t\t\t\t\t\t\t\t<img decoding=\"async\"  src=\"https:\/\/bozita.com\/se\/wp-content\/uploads\/sites\/5\/2021\/07\/bozita-algblomning-algforgiftning.jpeg\" alt=\"\">\n\t\t\t\t\t\t\t\t\t\t\t\t\t\t\t\t\t<!-- <img decoding=\"async\" src=\"\n\t\t\t\t\t\t\t\t\t\t\t\t\t\t\t\t\t\t\t\t\" alt=\"\n\t\t\t\t\t\t\t\t\t\t\t\t\t\t\t\t\t\t\t\t\t\t\t\t\t\t\t\"> -->\n\t\t\t\t\t\t\t\t<div class=\"card-body\">\n\t\t\t\t\t\t\t\t\t\t\t\t\t\t\t\t\t\t\t<h6>Algblomning hund &#8211; det h\u00e4r beh\u00f6ver du veta<\/h6>\n\t\t\t\t\t\t\t\t\t\t\t\t\t\t\t\t\t\t\t<a href=\"https:\/\/bozita.com\/se\/hund\/hundens-halsa\/algblomning\/\">L\u00e4s mer &nbsp; ><\/a>\n\t\t\t\t\t\t\t\t<\/div>\n\t\t\t\t\t\t\t<\/div>\n\t\t\t\t\t\t<\/div>\n\n\t\t\t\t\t\t\t\t\t\t\t\t<\/div>\n\t\t<\/div>\n\t<\/section>\n","protected":false},"excerpt":{"rendered":"","protected":false},"author":40,"featured_media":11466,"parent":59,"menu_order":0,"comment_status":"closed","ping_status":"closed","template":"guternberg.php","meta":{"footnotes":""},"acf":[],"yoast_head":"<!-- This site is optimized with the Yoast SEO plugin v21.3 - https:\/\/yoast.com\/wordpress\/plugins\/seo\/ -->\n<title>Varf\u00f6r \u00e4ter hundar gr\u00e4s? Kan det vara farligt? | Bozita<\/title>\n<meta name=\"description\" content=\"\u00c4ter din hund gr\u00e4s? Vi g\u00e5r igenom varf\u00f6r hundar g\u00f6r det, om det \u00e4r farligt och hur du kan f\u00e5 din hund att sluta. En komplett guide f\u00f6r oroliga hund\u00e4gare.\" \/>\n<meta name=\"robots\" content=\"index, follow, max-snippet:-1, max-image-preview:large, max-video-preview:-1\" \/>\n<link rel=\"canonical\" href=\"https:\/\/bozita.com\/se\/hund\/hundens-halsa\/varfor-ater-hund-gras\/\" \/>\n<meta property=\"og:locale\" content=\"sv_SE\" \/>\n<meta property=\"og:type\" content=\"article\" \/>\n<meta property=\"og:title\" content=\"Varf\u00f6r \u00e4ter hundar gr\u00e4s? Kan det vara farligt? | Bozita\" \/>\n<meta property=\"og:description\" content=\"\u00c4ter din hund gr\u00e4s? Vi g\u00e5r igenom varf\u00f6r hundar g\u00f6r det, om det \u00e4r farligt och hur du kan f\u00e5 din hund att sluta. En komplett guide f\u00f6r oroliga hund\u00e4gare.\" \/>\n<meta property=\"og:url\" content=\"https:\/\/bozita.com\/se\/hund\/hundens-halsa\/varfor-ater-hund-gras\/\" \/>\n<meta property=\"og:site_name\" content=\"Bozita Sverige\" \/>\n<meta property=\"article:modified_time\" content=\"2025-05-08T08:22:45+00:00\" \/>\n<meta property=\"og:image\" content=\"https:\/\/bozita.com\/se\/wp-content\/uploads\/sites\/5\/2025\/05\/hundatergras.jpg\" \/>\n\t<meta property=\"og:image:width\" content=\"2119\" \/>\n\t<meta property=\"og:image:height\" content=\"1415\" \/>\n\t<meta property=\"og:image:type\" content=\"image\/jpeg\" \/>\n<meta name=\"twitter:card\" content=\"summary_large_image\" \/>\n<!-- \/ Yoast SEO plugin. -->","yoast_head_json":{"title":"Varf\u00f6r \u00e4ter hundar gr\u00e4s? Kan det vara farligt? | Bozita","description":"\u00c4ter din hund gr\u00e4s? Vi g\u00e5r igenom varf\u00f6r hundar g\u00f6r det, om det \u00e4r farligt och hur du kan f\u00e5 din hund att sluta. En komplett guide f\u00f6r oroliga hund\u00e4gare.","robots":{"index":"index","follow":"follow","max-snippet":"max-snippet:-1","max-image-preview":"max-image-preview:large","max-video-preview":"max-video-preview:-1"},"canonical":"https:\/\/bozita.com\/se\/hund\/hundens-halsa\/varfor-ater-hund-gras\/","og_locale":"sv_SE","og_type":"article","og_title":"Varf\u00f6r \u00e4ter hundar gr\u00e4s? Kan det vara farligt? | Bozita","og_description":"\u00c4ter din hund gr\u00e4s? Vi g\u00e5r igenom varf\u00f6r hundar g\u00f6r det, om det \u00e4r farligt och hur du kan f\u00e5 din hund att sluta. En komplett guide f\u00f6r oroliga hund\u00e4gare.","og_url":"https:\/\/bozita.com\/se\/hund\/hundens-halsa\/varfor-ater-hund-gras\/","og_site_name":"Bozita Sverige","article_modified_time":"2025-05-08T08:22:45+00:00","og_image":[{"width":2119,"height":1415,"url":"https:\/\/bozita.com\/se\/wp-content\/uploads\/sites\/5\/2025\/05\/hundatergras.jpg","type":"image\/jpeg"}],"twitter_card":"summary_large_image","schema":{"@context":"https:\/\/schema.org","@graph":[{"@type":"WebPage","@id":"https:\/\/bozita.com\/se\/hund\/hundens-halsa\/varfor-ater-hund-gras\/","url":"https:\/\/bozita.com\/se\/hund\/hundens-halsa\/varfor-ater-hund-gras\/","name":"Varf\u00f6r \u00e4ter hundar gr\u00e4s? Kan det vara farligt? | Bozita","isPartOf":{"@id":"https:\/\/bozita.com\/se\/#website"},"datePublished":"2025-05-08T08:22:44+00:00","dateModified":"2025-05-08T08:22:45+00:00","description":"\u00c4ter din hund gr\u00e4s? Vi g\u00e5r igenom varf\u00f6r hundar g\u00f6r det, om det \u00e4r farligt och hur du kan f\u00e5 din hund att sluta. En komplett guide f\u00f6r oroliga hund\u00e4gare.","breadcrumb":{"@id":"https:\/\/bozita.com\/se\/hund\/hundens-halsa\/varfor-ater-hund-gras\/#breadcrumb"},"inLanguage":"sv-SE","potentialAction":[{"@type":"ReadAction","target":["https:\/\/bozita.com\/se\/hund\/hundens-halsa\/varfor-ater-hund-gras\/"]}]},{"@type":"BreadcrumbList","@id":"https:\/\/bozita.com\/se\/hund\/hundens-halsa\/varfor-ater-hund-gras\/#breadcrumb","itemListElement":[{"@type":"ListItem","position":1,"name":"Home","item":"https:\/\/bozita.com\/se\/"},{"@type":"ListItem","position":2,"name":"Livet med hund","item":"https:\/\/bozita.com\/se\/hund\/"},{"@type":"ListItem","position":3,"name":"Hundens h\u00e4lsa","item":"https:\/\/bozita.com\/se\/hund\/hundens-halsa\/"},{"@type":"ListItem","position":4,"name":"Varf\u00f6r \u00e4ter hund gr\u00e4s"}]},{"@type":"WebSite","@id":"https:\/\/bozita.com\/se\/#website","url":"https:\/\/bozita.com\/se\/","name":"Bozita Sverige","description":"","potentialAction":[{"@type":"SearchAction","target":{"@type":"EntryPoint","urlTemplate":"https:\/\/bozita.com\/se\/?s={search_term_string}"},"query-input":"required name=search_term_string"}],"inLanguage":"sv-SE"}]}},"_links":{"self":[{"href":"https:\/\/bozita.com\/se\/wp-json\/wp\/v2\/pages\/11416"}],"collection":[{"href":"https:\/\/bozita.com\/se\/wp-json\/wp\/v2\/pages"}],"about":[{"href":"https:\/\/bozita.com\/se\/wp-json\/wp\/v2\/types\/page"}],"author":[{"embeddable":true,"href":"https:\/\/bozita.com\/se\/wp-json\/wp\/v2\/users\/40"}],"replies":[{"embeddable":true,"href":"https:\/\/bozita.com\/se\/wp-json\/wp\/v2\/comments?post=11416"}],"version-history":[{"count":13,"href":"https:\/\/bozita.com\/se\/wp-json\/wp\/v2\/pages\/11416\/revisions"}],"predecessor-version":[{"id":11469,"href":"https:\/\/bozita.com\/se\/wp-json\/wp\/v2\/pages\/11416\/revisions\/11469"}],"up":[{"embeddable":true,"href":"https:\/\/bozita.com\/se\/wp-json\/wp\/v2\/pages\/59"}],"wp:featuredmedia":[{"embeddable":true,"href":"https:\/\/bozita.com\/se\/wp-json\/wp\/v2\/media\/11466"}],"wp:attachment":[{"href":"https:\/\/bozita.com\/se\/wp-json\/wp\/v2\/media?parent=11416"}],"curies":[{"name":"wp","href":"https:\/\/api.w.org\/{rel}","templated":true}]}}