{"id":11478,"date":"2025-05-08T11:57:02","date_gmt":"2025-05-08T11:57:02","guid":{"rendered":"https:\/\/bozita.com\/se\/?page_id=11478"},"modified":"2025-05-08T12:10:20","modified_gmt":"2025-05-08T12:10:20","slug":"hur-lange-far-en-hund-vara-ensam","status":"publish","type":"page","link":"https:\/\/bozita.com\/se\/hund\/fakta-info\/hur-lange-far-en-hund-vara-ensam\/","title":{"rendered":"Hur l\u00e4nge f\u00e5r en hund vara ensam?"},"content":{"rendered":"\n\t\t<section class=\"small-hero-with-image\">\n\t\t\t\t\t\t\t<img decoding=\"async\" class=\"background-image\" src=\"https:\/\/bozita.com\/se\/wp-content\/uploads\/sites\/5\/2025\/05\/hundhemmasjalv.jpg\" alt=\"\">\n\t\t\t\t\t\t\t<div class=\"overlay-v1 overlay-bg\">\n\t\t\t\t<div class=\"container\">\n\t\t\t\t\t<div class=\"row\">\n\t\t\t\t\t\t<div class=\"col-md-6 col-lg-5\">\n\t\t\t\t\t\t\t<h5>Kunskap<\/h5><h1>Hur l\u00e4nge f\u00e5r en hund vara ensam?<\/h1><p><p><b>En hund f\u00e5r enligt svensk lag inte l\u00e4mnas ensam f\u00f6r l\u00e4nge \u2013 och i praktiken b\u00f6r den inte vara ensam mer \u00e4n 4\u20136 timmar i str\u00e4ck.<\/b><span style=\"font-weight: 500\"> Hur l\u00e4nge just <\/span><i><span style=\"font-weight: 500\">din<\/span><\/i><span style=\"font-weight: 500\"> hund kan vara ensam beror p\u00e5 \u00e5lder, ras, vana och hur du ensamhetstr\u00e4nat hunden.<\/span><\/p>\n<\/p>\t\t\t\t\t\t<\/div>\n\t\t\t\t\t<\/div>\n\t\t\t\t<\/div>\n\t\t\t<\/div>\n\t\t<\/section>\n\t\t\n\n\t<div class=\"text-box-warp\">\n\t\t<div class=\"container\">\n\t\t\t<div class=\"text-content\">\n\t\t\t\t<h2><b>Hur l\u00e4nge kan du l\u00e4mna hunden ensam?<\/b><\/h2>\n<p><span style=\"font-weight: 500\">Som generell tumregel b\u00f6r en vuxen, van hund inte vara ensam mer \u00e4n 4\u20136 timmar i str\u00e4ck. F\u00f6r valpar, \u00e4ldre hundar och hundar med separations\u00e5ngest g\u00e4ller \u00e4nnu kortare tid \u2013 ibland bara n\u00e5gon timme.<\/span><\/p>\n<ul>\n<li style=\"font-weight: 400\"><b>Valpar (upp till 6 m\u00e5nader)<\/b><span style=\"font-weight: 500\">: Valpar b\u00f6r inte l\u00e4mnas ensamma mer \u00e4n 1\u20132 timmar \u00e5t g\u00e5ngen.<\/span><\/li>\n<li style=\"font-weight: 400\"><b>Vuxen hund<\/b><span style=\"font-weight: 500\">: En vuxen hund kan l\u00e4mnas ensam en l\u00e4ngre tid, men max 4\u20136 timmar.<\/span><\/li>\n<li style=\"font-weight: 400\"><b>Seniorhundar: <\/b><span style=\"font-weight: 500\">Beroende p\u00e5 h\u00e4lsotillst\u00e5nd kan en seniorhund vara ensam en l\u00e4ngre stund, men ofta kortare \u00e4n vuxna hundar.<\/span><span style=\"font-weight: 500\">\n<p><\/span><\/li>\n<\/ul>\n<p><span style=\"font-weight: 500\">Det \u00e4r ocks\u00e5 viktigt med hur ofta du l\u00e4mnar hunden ensam. En hund som \u00e4r ensam 6 timmar varje dag m\u00e5r inte lika bra som en som \u00e4r ensam 6 timmar n\u00e5gon g\u00e5ng per \u00e5r.<\/span><\/p>\n<p>&nbsp;<\/p>\n<h2><b>Vad s\u00e4ger lagen om att l\u00e4mna en hund ensam?<\/b><\/h2>\n<p><span style=\"font-weight: 500\">Enligt Jordbruksverkets f\u00f6reskrifter f\u00e5r en hund inte l\u00e4mnas ensam utan tillsyn en l\u00e4ngre tid. Det finns ingen exakt tidsgr\u00e4ns i lagen, men det st\u00e5r tydligt att hundar ska ha daglig social kontakt med m\u00e4nniskor.<\/span><\/p>\n<p><span style=\"font-weight: 500\">Enligt lag ska:<\/span><\/p>\n<ul>\n<li style=\"font-weight: 500\"><span style=\"font-weight: 500\">Hunden ha tillsyn minst var sj\u00e4tte timme dagtid.<\/span><span style=\"font-weight: 500\">\n<p><\/span><\/li>\n<li style=\"font-weight: 500\"><span style=\"font-weight: 500\">Hunden ha tillg\u00e5ng till stimulans, vatten och r\u00f6relse.<\/span><span style=\"font-weight: 500\">\n<p><\/span><\/li>\n<li style=\"font-weight: 500\"><span style=\"font-weight: 500\">Valpar och unga hundar ska inte l\u00e4mnas ensamma mer \u00e4n korta stunder.<\/span><span style=\"font-weight: 500\">\n<p><\/span><\/li>\n<\/ul>\n<p><span style=\"font-weight: 500\">Att bryta mot dessa regler kan r\u00e4knas som djurpl\u00e5geri eller bristande djurh\u00e5llning.<\/span><\/p>\n<h2><b>Hur p\u00e5verkas en hund av att l\u00e4mnas ensam?<\/b><\/h2>\n<p><span style=\"font-weight: 500\">Hundar \u00e4r flockdjur av naturen och trivs b\u00e4st tillsammans med m\u00e4nniskor eller andra djur. N\u00e4r en hund l\u00e4mnas ensam under l\u00e4ngre perioder kan det d\u00e4rf\u00f6r p\u00e5verka b\u00e5de dess psykiska och fysiska v\u00e4lm\u00e5ende negativt. Vissa hundar klarar av att vara sj\u00e4lva en stund efter r\u00e4tt tr\u00e4ning, medan andra snabbt kan utveckla stressrelaterade problem.<\/span><\/p>\n<p><span style=\"font-weight: 500\">En av de vanligaste konsekvenserna av ensamhet \u00e4r separations\u00e5ngest. Det kan yttra sig genom att hunden sk\u00e4ller, ylar, f\u00f6rst\u00f6r m\u00f6bler eller kissar inomhus n\u00e4r den \u00e4r ensam. F\u00f6rutom beteendeproblem kan l\u00e5ngvarig ensamhet leda till att hunden blir deprimerad eller nedst\u00e4md. En hund som tidigare varit glad och aktiv kan pl\u00f6tsligt verka passiv och ointresserad av aktiviteter den tidigare tyckt om.\u00a0<\/span><\/p>\n<p><span style=\"font-weight: 500\">Ensamhet inneb\u00e4r inte bara psykisk p\u00e5verkan; en hund som \u00e4r ensam f\u00f6r mycket kan ocks\u00e5 f\u00e5 brist p\u00e5 fysisk och mental stimulans. Utan tillr\u00e4cklig aktivering riskerar hunden att bli uttr\u00e5kad, vilket i sin tur kan leda till destruktivt beteende eller \u00f6verdrivet slickande och bitande p\u00e5 sig sj\u00e4lv.<\/span><\/p>\n<p><span style=\"font-weight: 500\">D\u00e4rf\u00f6r \u00e4r det viktigt att du som hund\u00e4gare ser till att ensamhetstiden h\u00e5lls s\u00e5 kort som m\u00f6jligt och att din hund f\u00e5r b\u00e5de fysisk motion och social kontakt varje dag. Det \u00e4r \u00e4ven viktigt att l\u00e4ra hunden att vara ensam gradvis och ge den en trygg plats att vila p\u00e5 n\u00e4r du \u00e4r borta fr\u00e5n hemmet.<\/span><\/p>\n<p>&nbsp;<\/p>\n<h2><b>Att t\u00e4nka p\u00e5 n\u00e4r du l\u00e4mnar hunden ensam<\/b><\/h2>\n<p><span style=\"font-weight: 500\">Om du m\u00e5ste l\u00e4mna din hund ensam ibland, finns det ett par saker du kan g\u00f6ra f\u00f6r att minska risken f\u00f6r stress och oro hos din hund.<\/span><\/p>\n<p><span style=\"font-weight: 500\">Tips f\u00f6r att l\u00e4mna hunden ensam:<\/span><\/p>\n<ul>\n<li style=\"font-weight: 400\"><b>Motionera innan du g\u00e5<\/b><span style=\"font-weight: 500\">r: En tr\u00f6tt hund \u00e4r en lugn hund.<\/span><span style=\"font-weight: 500\">\n<p><\/span><\/li>\n<li style=\"font-weight: 400\"><b>Skapa en trygg plats:<\/b><span style=\"font-weight: 500\"> T.ex. en b\u00e4dd i ett tyst rum.<\/span><span style=\"font-weight: 500\">\n<p><\/span><\/li>\n<li style=\"font-weight: 400\"><b>Aktiveringsleksaker<\/b><span style=\"font-weight: 500\">: Som en fylld kong eller godisspridare.<\/span><span style=\"font-weight: 500\">\n<p><\/span><\/li>\n<li style=\"font-weight: 400\"><b>Tr\u00e4na ensamhet gradvis<\/b><span style=\"font-weight: 500\">: B\u00f6rja med korta stunder och \u00f6ka tiden l\u00e5ngsamt.<\/span><span style=\"font-weight: 500\">\n<p><\/span><\/li>\n<li style=\"font-weight: 400\"><b>\u00d6verv\u00e4g hundvakt<\/b><span style=\"font-weight: 500\">: Om du \u00e4r borta ofta eller l\u00e4nge.<\/span><span style=\"font-weight: 500\">\n<p><\/span><\/li>\n<\/ul>\n<p><span style=\"font-weight: 500\">Undvik att g\u00f6ra stor sak av att du g\u00e5r \u2013 h\u00e5ll avskedet lugnt och kort och bygg inte upp det f\u00f6r stort i hundens \u00f6gon.<\/span><\/p>\n\t\t\t<\/div>\n\t\t<\/div>\n\t<\/div>\n\n\n\n\t<section class=\"block related-articles\">\n\t\t<div class=\"container\">\n\t\t\t<h2><\/h2>\n\t\t\t<div class=\"row justify-content-center\">\n\t\t\t\t\t\t\t<\/div>\n\t\t<\/div>\n\t<\/section>\n\n\n\n\t<section class=\"block related-articles\">\n\t\t<div class=\"container\">\n\t\t\t<h2>Relaterade artiklar<\/h2>\n\t\t\t<div class=\"row justify-content-center\">\n\t\t\t\t\t\t\t\t\t\t<div class=\"col-sm-6 col-md-6 col-lg-3\">\n\t\t\t\t\t\t\t\t\t\t\t\t\t\t<div class=\"card \">\n\t\t\t\t\t\t\t\t\t\t\t\t\t\t\t\t\t<img decoding=\"async\"  src=\"https:\/\/bozita.com\/se\/wp-content\/uploads\/sites\/5\/2021\/07\/bozita-hund-borsta-tander-hygien.jpeg\" alt=\"\">\n\t\t\t\t\t\t\t\t\t\t\t\t\t\t\t\t\t<!-- <img decoding=\"async\" src=\"\n\t\t\t\t\t\t\t\t\t\t\t\t\t\t\t\t\t\t\t\t\" alt=\"\n\t\t\t\t\t\t\t\t\t\t\t\t\t\t\t\t\t\t\t\t\t\t\t\t\t\t\t\"> -->\n\t\t\t\t\t\t\t\t<div class=\"card-body\">\n\t\t\t\t\t\t\t\t\t\t\t\t\t\t\t\t\t\t\t<h6>Tandsten hos hund &#8211; hundens t\u00e4nder<\/h6>\n\t\t\t\t\t\t\t\t\t\t\t\t\t\t\t\t\t\t\t<a href=\"https:\/\/bozita.com\/se\/hund\/hundens-halsa\/hundens-munhygien-tander-tandborstning\/\">L\u00e4s mer &nbsp; ><\/a>\n\t\t\t\t\t\t\t\t<\/div>\n\t\t\t\t\t\t\t<\/div>\n\t\t\t\t\t\t<\/div>\n\n\t\t\t\t\t\t\t\t\t\t\t<div class=\"col-sm-6 col-md-6 col-lg-3\">\n\t\t\t\t\t\t\t\t\t\t\t\t\t\t<div class=\"card \">\n\t\t\t\t\t\t\t\t\t\t\t\t\t\t\t\t\t<img decoding=\"async\"  src=\"https:\/\/bozita.com\/se\/wp-content\/uploads\/sites\/5\/2021\/07\/bozita-algblomning-algforgiftning.jpeg\" alt=\"\">\n\t\t\t\t\t\t\t\t\t\t\t\t\t\t\t\t\t<!-- <img decoding=\"async\" src=\"\n\t\t\t\t\t\t\t\t\t\t\t\t\t\t\t\t\t\t\t\t\" alt=\"\n\t\t\t\t\t\t\t\t\t\t\t\t\t\t\t\t\t\t\t\t\t\t\t\t\t\t\t\"> -->\n\t\t\t\t\t\t\t\t<div class=\"card-body\">\n\t\t\t\t\t\t\t\t\t\t\t\t\t\t\t\t\t\t\t<h6>Algblomning hund &#8211; det h\u00e4r beh\u00f6ver du veta<\/h6>\n\t\t\t\t\t\t\t\t\t\t\t\t\t\t\t\t\t\t\t<a href=\"https:\/\/bozita.com\/se\/hund\/hundens-halsa\/algblomning\/\">L\u00e4s mer &nbsp; ><\/a>\n\t\t\t\t\t\t\t\t<\/div>\n\t\t\t\t\t\t\t<\/div>\n\t\t\t\t\t\t<\/div>\n\n\t\t\t\t\t\t\t\t\t\t\t<div class=\"col-sm-6 col-md-6 col-lg-3\">\n\t\t\t\t\t\t\t\t\t\t\t\t\t\t<div class=\"card \">\n\t\t\t\t\t\t\t\t\t\t\t\t\t\t\t\t\t<img decoding=\"async\"  src=\"https:\/\/bozita.com\/se\/wp-content\/uploads\/sites\/5\/2025\/05\/hundraknaalder-scaled.jpg\" alt=\"\">\n\t\t\t\t\t\t\t\t\t\t\t\t\t\t\t\t\t<!-- <img decoding=\"async\" src=\"\n\t\t\t\t\t\t\t\t\t\t\t\t\t\t\t\t\t\t\t\t\" alt=\"\n\t\t\t\t\t\t\t\t\t\t\t\t\t\t\t\t\t\t\t\t\t\t\t\t\t\t\t\"> -->\n\t\t\t\t\t\t\t\t<div class=\"card-body\">\n\t\t\t\t\t\t\t\t\t\t\t\t\t\t\t\t\t\t\t<h6>Hund\u00e5r till m\u00e4nnisko\u00e5r<\/h6>\n\t\t\t\t\t\t\t\t\t\t\t\t\t\t\t\t\t\t\t<a href=\"https:\/\/bozita.com\/se\/hund\/fakta-info\/hundar-till-manniskoar\/\">L\u00e4s mer &nbsp; ><\/a>\n\t\t\t\t\t\t\t\t<\/div>\n\t\t\t\t\t\t\t<\/div>\n\t\t\t\t\t\t<\/div>\n\n\t\t\t\t\t\t\t\t\t\t\t\t<\/div>\n\t\t<\/div>\n\t<\/section>\n","protected":false},"excerpt":{"rendered":"","protected":false},"author":40,"featured_media":11484,"parent":11470,"menu_order":0,"comment_status":"closed","ping_status":"closed","template":"guternberg.php","meta":{"footnotes":""},"acf":[],"yoast_head":"<!-- This site is optimized with the Yoast SEO plugin v21.3 - https:\/\/yoast.com\/wordpress\/plugins\/seo\/ -->\n<title>Avmaskning hund och valp \u2013 allt du beh\u00f6ver veta | Bozita<\/title>\n<meta name=\"description\" content=\"Det h\u00e4r g\u00e4ller vid avmaskning av hund och valp. L\u00e4s mer om symptom p\u00e5 att din hund f\u00e5tt mask (spolmask, bandmask, dv\u00e4rgbandmask), smittspridning, m.m.\" \/>\n<meta name=\"robots\" content=\"index, follow, max-snippet:-1, max-image-preview:large, max-video-preview:-1\" \/>\n<link rel=\"canonical\" href=\"https:\/\/bozita.com\/se\/hund\/fakta-info\/hur-lange-far-en-hund-vara-ensam\/\" \/>\n<meta property=\"og:locale\" content=\"sv_SE\" \/>\n<meta property=\"og:type\" content=\"article\" \/>\n<meta property=\"og:title\" content=\"Avmaskning hund och valp \u2013 allt du beh\u00f6ver veta | Bozita\" \/>\n<meta property=\"og:description\" content=\"Det h\u00e4r g\u00e4ller vid avmaskning av hund och valp. L\u00e4s mer om symptom p\u00e5 att din hund f\u00e5tt mask (spolmask, bandmask, dv\u00e4rgbandmask), smittspridning, m.m.\" \/>\n<meta property=\"og:url\" content=\"https:\/\/bozita.com\/se\/hund\/fakta-info\/hur-lange-far-en-hund-vara-ensam\/\" \/>\n<meta property=\"og:site_name\" content=\"Bozita Sverige\" \/>\n<meta property=\"article:modified_time\" content=\"2025-05-08T12:10:20+00:00\" \/>\n<meta property=\"og:image\" content=\"https:\/\/bozita.com\/se\/wp-content\/uploads\/sites\/5\/2025\/05\/hundhemmasjalv-1.jpg\" \/>\n\t<meta property=\"og:image:width\" content=\"2121\" \/>\n\t<meta property=\"og:image:height\" content=\"1414\" \/>\n\t<meta property=\"og:image:type\" content=\"image\/jpeg\" \/>\n<meta name=\"twitter:card\" content=\"summary_large_image\" \/>\n<!-- \/ Yoast SEO plugin. -->","yoast_head_json":{"title":"Avmaskning hund och valp \u2013 allt du beh\u00f6ver veta | Bozita","description":"Det h\u00e4r g\u00e4ller vid avmaskning av hund och valp. L\u00e4s mer om symptom p\u00e5 att din hund f\u00e5tt mask (spolmask, bandmask, dv\u00e4rgbandmask), smittspridning, m.m.","robots":{"index":"index","follow":"follow","max-snippet":"max-snippet:-1","max-image-preview":"max-image-preview:large","max-video-preview":"max-video-preview:-1"},"canonical":"https:\/\/bozita.com\/se\/hund\/fakta-info\/hur-lange-far-en-hund-vara-ensam\/","og_locale":"sv_SE","og_type":"article","og_title":"Avmaskning hund och valp \u2013 allt du beh\u00f6ver veta | Bozita","og_description":"Det h\u00e4r g\u00e4ller vid avmaskning av hund och valp. L\u00e4s mer om symptom p\u00e5 att din hund f\u00e5tt mask (spolmask, bandmask, dv\u00e4rgbandmask), smittspridning, m.m.","og_url":"https:\/\/bozita.com\/se\/hund\/fakta-info\/hur-lange-far-en-hund-vara-ensam\/","og_site_name":"Bozita Sverige","article_modified_time":"2025-05-08T12:10:20+00:00","og_image":[{"width":2121,"height":1414,"url":"https:\/\/bozita.com\/se\/wp-content\/uploads\/sites\/5\/2025\/05\/hundhemmasjalv-1.jpg","type":"image\/jpeg"}],"twitter_card":"summary_large_image","schema":{"@context":"https:\/\/schema.org","@graph":[{"@type":"WebPage","@id":"https:\/\/bozita.com\/se\/hund\/fakta-info\/hur-lange-far-en-hund-vara-ensam\/","url":"https:\/\/bozita.com\/se\/hund\/fakta-info\/hur-lange-far-en-hund-vara-ensam\/","name":"Avmaskning hund och valp \u2013 allt du beh\u00f6ver veta | Bozita","isPartOf":{"@id":"https:\/\/bozita.com\/se\/#website"},"datePublished":"2025-05-08T11:57:02+00:00","dateModified":"2025-05-08T12:10:20+00:00","description":"Det h\u00e4r g\u00e4ller vid avmaskning av hund och valp. L\u00e4s mer om symptom p\u00e5 att din hund f\u00e5tt mask (spolmask, bandmask, dv\u00e4rgbandmask), smittspridning, m.m.","breadcrumb":{"@id":"https:\/\/bozita.com\/se\/hund\/fakta-info\/hur-lange-far-en-hund-vara-ensam\/#breadcrumb"},"inLanguage":"sv-SE","potentialAction":[{"@type":"ReadAction","target":["https:\/\/bozita.com\/se\/hund\/fakta-info\/hur-lange-far-en-hund-vara-ensam\/"]}]},{"@type":"BreadcrumbList","@id":"https:\/\/bozita.com\/se\/hund\/fakta-info\/hur-lange-far-en-hund-vara-ensam\/#breadcrumb","itemListElement":[{"@type":"ListItem","position":1,"name":"Home","item":"https:\/\/bozita.com\/se\/"},{"@type":"ListItem","position":2,"name":"Livet med hund","item":"https:\/\/bozita.com\/se\/hund\/"},{"@type":"ListItem","position":3,"name":"Fakta info hund","item":"https:\/\/bozita.com\/se\/hund\/fakta-info\/"},{"@type":"ListItem","position":4,"name":"Hur l\u00e4nge f\u00e5r en hund vara ensam?"}]},{"@type":"WebSite","@id":"https:\/\/bozita.com\/se\/#website","url":"https:\/\/bozita.com\/se\/","name":"Bozita Sverige","description":"","potentialAction":[{"@type":"SearchAction","target":{"@type":"EntryPoint","urlTemplate":"https:\/\/bozita.com\/se\/?s={search_term_string}"},"query-input":"required name=search_term_string"}],"inLanguage":"sv-SE"}]}},"_links":{"self":[{"href":"https:\/\/bozita.com\/se\/wp-json\/wp\/v2\/pages\/11478"}],"collection":[{"href":"https:\/\/bozita.com\/se\/wp-json\/wp\/v2\/pages"}],"about":[{"href":"https:\/\/bozita.com\/se\/wp-json\/wp\/v2\/types\/page"}],"author":[{"embeddable":true,"href":"https:\/\/bozita.com\/se\/wp-json\/wp\/v2\/users\/40"}],"replies":[{"embeddable":true,"href":"https:\/\/bozita.com\/se\/wp-json\/wp\/v2\/comments?post=11478"}],"version-history":[{"count":9,"href":"https:\/\/bozita.com\/se\/wp-json\/wp\/v2\/pages\/11478\/revisions"}],"predecessor-version":[{"id":11506,"href":"https:\/\/bozita.com\/se\/wp-json\/wp\/v2\/pages\/11478\/revisions\/11506"}],"up":[{"embeddable":true,"href":"https:\/\/bozita.com\/se\/wp-json\/wp\/v2\/pages\/11470"}],"wp:featuredmedia":[{"embeddable":true,"href":"https:\/\/bozita.com\/se\/wp-json\/wp\/v2\/media\/11484"}],"wp:attachment":[{"href":"https:\/\/bozita.com\/se\/wp-json\/wp\/v2\/media?parent=11478"}],"curies":[{"name":"wp","href":"https:\/\/api.w.org\/{rel}","templated":true}]}}