{"id":1161,"date":"2021-06-20T09:17:13","date_gmt":"2021-06-20T09:17:13","guid":{"rendered":"https:\/\/bozita.com\/se\/?page_id=1161"},"modified":"2022-06-20T09:45:01","modified_gmt":"2022-06-20T09:45:01","slug":"forbattra-samspelet-med-din-hund-med-hjalp-av-aktiviteter-och-kurser","status":"publish","type":"page","link":"https:\/\/bozita.com\/se\/hund\/aktivera-hunden\/forbattra-samspelet-med-din-hund-med-hjalp-av-aktiviteter-och-kurser\/","title":{"rendered":"Hundkurser och aktiviteter"},"content":{"rendered":"\t\t<section class=\"small-hero\">\n\t\t\t<div class=\"container\">\n\t\t\t\t<h1 class=\"small-hero-title\">Hundkurser och aktiviteter<\/h1>\t\t\t<\/div>\n\t\t\t<\/div>\n\t\t<\/section>\n\t\n\n\t<div class=\"text-box-warp\">\n\t\t<div class=\"container\">\n\t\t\t<div class=\"text-content\">\n\t\t\t\t<p><strong>Vare sig du har t\u00e4nkt dig att t\u00e4vla\/delta i prov med din hund eller inte \u00e4r hundkurser och utbildningar ett bra s\u00e4tt att arbeta fram ett harmoniskt samspel mellan dig och din hund och hitta aktiviteter som \u00e4r b\u00e5de fysiskt och mentalt stimulerande. Kanske vill du prova p\u00e5 agility eller rallylydnad med din hund, eller s\u00e5 fokuserar du p\u00e5 koppeltr\u00e4ning och allm\u00e4nlydnad. H\u00e4r f\u00f6ljer n\u00e5gra aktivitetsid\u00e9er och information om var du kan hitta l\u00e4mpliga hundkurser.<\/strong><\/p>\n<h2>S\u00c5 HITTAR DU AKTIVITETER OCH HUNDKURSER<\/h2>\n<p>Ett bra s\u00e4tt att hitta aktiviteter och l\u00e4mpliga hundkurser, valpkurser och hundutbildningar \u00e4r att s\u00f6ka i Brukshundsklubbens kursutbud eller p\u00e5 lokala l\u00e4nsklubbars och ras- och specialklubbars webbsajter. Det finns ocks\u00e5 m\u00e5nga bra frist\u00e5ende lokala hundinstrukt\u00f6rer och klubbar \u00f6ver hela landet. Se dock till att vara noga med att kontrollera att den kurs du v\u00e4ljer verkligen leds av en instrukt\u00f6r med r\u00e4tt kvalifikationer. Du kan h\u00f6ra dig f\u00f6r hos andra hund\u00e4gare eller bes\u00f6ka instrukt\u00f6ren f\u00f6r att f\u00e5 tips om vilken kurs som passar dig och din hund b\u00e4st. Det \u00e4r ibland l\u00e5nga k\u00f6er till kurserna och sv\u00e5rt att f\u00e5 plats s\u00e5 planera g\u00e4rna l\u00e5ngt innan du har t\u00e4nkt att starta kursen.<\/p>\n<ul>\n<li>Hitta kurs via <a title=\"Brukshundsklubben, kurser\" href=\"https:\/\/www.brukshundklubben.se\/kurser\/kurskalender\/\" target=\"_blank\" rel=\"noopener\">Brukshundsklubben<\/a><\/li>\n<li>Hitta kurs via <a title=\"Svenska kennelklubben, l\u00e4nsklubbar\" href=\"https:\/\/www.skk.se\/sv\/medlem\/medlem-i-lansklubb\/lankar-till-lansklubbar\/\" target=\"_blank\" rel=\"noopener\">Svenska kennelklubbens l\u00e4nsklubbar<\/a><\/li>\n<li>Hitta kurs via <a title=\"Svenska kennelklubben, ras- och specialklubbar\" href=\"https:\/\/www.skk.se\/sv\/medlem\/medlem-i-special-och-rasklubb\/Lankar-till-ras--och-specialklubbar\/\" target=\"_blank\" rel=\"noopener\">Svenska kennelklubbens ras- och specialklubbar<\/a><\/li>\n<\/ul>\n<h2>G\u00c5 P\u00c5 VALPKURSER MED DIN VALP<\/h2>\n<p>Man brukar s\u00e4ga att en valp b\u00f6r vara runt 4 m\u00e5nader gammal innan man tar med den p\u00e5 hundkurser eller valpkurser. D\u00e5 \u00e4r den mogen nog f\u00f6r att kunna ta in och hantera allting som h\u00e4nder omkring den.<\/p>\n<p>Valpen m\u00e5ste \u00e4ven vara vaccinerad innan du kan p\u00e5b\u00f6rja en valpkurs. Grundvaccinering g\u00f6rs n\u00e4r valpen \u00e4r 7\u20138 veckor med en p\u00e5fyllning vid 12 veckors \u00e5lder.<\/p>\n<p><strong>Vidare l\u00e4sning<\/strong><\/p>\n<ul>\n<li><a title=\"Vaccinera hund\" href=\"https:\/\/bozita.com\/se\/hund\/hundens-halsa\/vaccinera-hund\/\">Vaccination av hundar<\/a><\/li>\n<\/ul>\n<h2>F\u00d6RSLAG P\u00c5 AKTIVITETER F\u00d6R HUNDAR<\/h2>\n<h3>VALPKURSER<\/h3>\n<p>Att g\u00e5 en valpkurs \u00e4r ett ypperligt s\u00e4tt f\u00f6r dig och hunden att l\u00e4gga grunden f\u00f6r ett bra samarbete och v\u00e4lfungerande vardagslydnad, vare sig du \u00e4r nyb\u00f6rjare eller erfaren hund\u00e4gare. Din valp tr\u00e4ffar b\u00e5de nya m\u00e4nniskor och nya hundar, och dessutom i en ny milj\u00f6. Du tr\u00e4ffar ocks\u00e5 andra hund\u00e4gare under hundkurserna som du kan utbyta erfarenheter med.<\/p>\n<h3>KOPPELTR\u00c4NING<\/h3>\n<p>Att kunna g\u00e5 fint i koppel utan att dra \u00e4r i det n\u00e4rmaste en n\u00f6dv\u00e4ndig egenskap f\u00f6r alla hundar. I vissa milj\u00f6er och under vissa tider p\u00e5 \u00e5ret \u00e4r det till och med lag p\u00e5 att hunden m\u00e5ste vara kopplad.<\/p>\n<p>Koppeltr\u00e4ning kan man b\u00f6rja med tidigt i hundens liv. N\u00e4r den \u00e4r valp har den l\u00e4ttare f\u00f6r att l\u00e4ra och \u00e4r dessutom mindre och mer l\u00e4tthanterlig. Viss koppeltr\u00e4ning ing\u00e5r i de flesta valpkurser, men det finns ocks\u00e5 hundkurser som fokuserar enbart p\u00e5 just koppeltr\u00e4ning.<\/p>\n<p>Kom ih\u00e5g att en hund aldrig f\u00e5r f\u00f6rf\u00f6lja vilt om det inte \u00e4r jaktperiod och hunden \u00e4r en arbetande jakthund. Du ska ha s\u00e5 pass kontroll \u00f6ver din hund att den kommer vid inkallning. Om det skulle bli r\u00e4ttsliga f\u00f6ljder kan din hund f\u00e5 koppeltv\u00e5ng \u00e5ret runt.<\/p>\n<h3>HUNDKURSER I LYDNAD<\/h3>\n<p>Lydnadskurser finns b\u00e5de f\u00f6r dig som vill tr\u00e4na lydnad f\u00f6r en harmonisk och v\u00e4lfungerande vardag (allm\u00e4nlydnad) och hundkurser f\u00f6r dig som vill t\u00e4vla i lydnad med din hund (t\u00e4vlingslydnad).<\/p>\n<p>Hundkurser i allm\u00e4nlydnad inneb\u00e4r att man \u00f6var p\u00e5 sitt, ligg, stanna kvar, inkallning, kontakt och koppelg\u00e5ende samtidigt som man fokuserar p\u00e5 att utveckla en god kontakt och relation mellan hund\u00e4gare och hund.<\/p>\n<p>T\u00e4vlingslydnad kr\u00e4ver i regel en del f\u00f6rkunskaper (exempelvis avklarad hundkurs i allm\u00e4nlydnad). H\u00e4r fokuserar man p\u00e5 finputsning av moment som ing\u00e5r i olika lydnadsklasser och genomg\u00e5ng av t\u00e4vlingsregler. \u00c4ven h\u00e4r jobbar man med kontakten mellan hund och f\u00f6rare.<\/p>\n<h3>SP\u00c5RA OCH S\u00d6KA<\/h3>\n<p>Hundens n\u00e4sa \u00e4r enormt mycket mer sofistikerad \u00e4n m\u00e4nniskans. Redan vid ungef\u00e4r 5 m\u00e5naders \u00e5lder \u00f6kar en valps intresse f\u00f6r dofter och den b\u00f6rjar f\u00f6lja olika sp\u00e5r. Att tr\u00e4na upp sp\u00e5rf\u00f6rm\u00e5gan \u00e4r b\u00e5de roligt och nyttigt, oavsett om du har t\u00e4vlings- eller jaktambitioner eller om ni bara g\u00f6r det f\u00f6r n\u00f6jes skull. En riktigt rolig hundkurs som ger b\u00e5de fysisk och mental stimulans och \u00e4r ett relativt enkelt s\u00e4tt att aktivera hunden, \u00e4ven inomhus. N\u00e5gra exempel p\u00e5 hundkurser inom sp\u00e5ra och s\u00f6ka \u00e4r persons\u00f6k, viltsp\u00e5r, apportering och nosework.<\/p>\n<h3>RALLYLYDNAD<\/h3>\n<p>Rallylydnad b\u00f6rjade utvecklas under 2000-talet och har snabbt blivit en favorit. Den g\u00e5r ut p\u00e5 att hund och f\u00f6rare ska ta sig igenom en bana med skyltar som illustrerar olika moment som ska utf\u00f6ras, till exempel att hunden ska ligga ner och f\u00f6raren ska g\u00e5 runt hunden f\u00f6r att sedan forts\u00e4tta till n\u00e4sta skylt. Hur fort det g\u00e5r \u00e4r mindre viktigt, fokus ligger ist\u00e4llet p\u00e5 bra kontakt mellan hund och f\u00f6rare och p\u00e5 att ha kul tillsammans!<\/p>\n<p>Sporten rallylydnad st\u00e4ller egentligen inga s\u00e4rskilda krav p\u00e5 fysisk form och d\u00e4rf\u00f6r kan alla hundar delta, unga som gamla, riktigt sm\u00e5 som riktigt stora. D\u00e4remot beh\u00f6ver hunden besitta grundkunskaper som att s\u00e4tta sig, l\u00e4gga sig och st\u00e4lla sig p\u00e5 kommando innan man kan g\u00e5 kurser. T\u00e4vlingar i rallylydnad \u00e4r \u00f6ppna f\u00f6r alla hundar som fyllt 10 m\u00e5nader.<\/p>\n<h3>AGILITY<\/h3>\n<p>Agility kom till Sverige i mitten av 1980-talet och \u00e4r sedan 1987 en officiell hundsport och publikfavorit. Agility handlar om att p\u00e5 s\u00e5 kort tid som m\u00f6jligt och med s\u00e5 f\u00e5 fel som m\u00f6jligt ta sig igenom en hinderbana med exempelvis slalompinnar, hinder och gungbr\u00e4dor. Det \u00e4r ett bra s\u00e4tt att f\u00e5 god kontakt med sin hund. Det bygger ocks\u00e5 hundens sj\u00e4lvf\u00f6rtroende d\u00e5 man jobbar med att f\u00e5 den att k\u00e4nna sig s\u00e4ker p\u00e5 olika hinder och vilja arbeta sj\u00e4lvst\u00e4ndigt.<\/p>\n<p>Agility \u00e4r en kr\u00e4vande aktivitet, inte minst fysiskt. Innan ni b\u00f6rjar tr\u00e4na p\u00e5 allvar b\u00f6r hunden vara 1 \u00e5r och ha vuxit f\u00e4rdigt s\u00e5 att skelett och muskler \u00e4r redo f\u00f6r p\u00e5frestningen. T\u00e4vlingar i agility \u00e4r \u00f6ppna f\u00f6r alla hundar som fyllt 18 m\u00e5nader.<\/p>\n<h2>F\u00c5 TR\u00c4NINGSTIPS I APPEN DUKTIG HUND!<\/h2>\n<p>Du kan ocks\u00e5 ta hj\u00e4lp av appen Duktig hund! f\u00f6r att f\u00e5 aktiveringsid\u00e9er och tips om hur du tr\u00e4nar med din hund. Ett bra komplement till hundkurser och valpkurser. I appen finns \u00f6ver 30 filmer med tr\u00e4nings- och aktiveringstips. Duktig hund! \u00e4r framtagen av Svenska kennelklubben i samarbete med Better Dog Academy och du hittar den i <a title=\"App store, Duktig hund\" href=\"https:\/\/www.apple.com\/se\/ios\/app-store\/\" target=\"_blank\" rel=\"noopener\">App Store<\/a> och i <a title=\"Google Play, Duktig hund\" href=\"https:\/\/play.google.com\/store\/apps?hl=sv\" target=\"_blank\" rel=\"noopener\">Google Play<\/a>.<\/p>\n<p><strong>Vidare l\u00e4sning<\/strong><\/p>\n<ul>\n<li>L\u00e4s mer om hur du kan <a href=\"https:\/\/bozita.com\/se\/hund\/aktivera-hunden\/\">aktivera hunden och olika hundaktiviteter<\/a><\/li>\n<\/ul>\n\t\t\t<\/div>\n\t\t<\/div>\n\t<\/div>\n\n\n\n\t<section class=\"block related-articles\">\n\t\t<div class=\"container\">\n\t\t\t<h2>Relaterade artiklar<\/h2>\n\t\t\t<div class=\"row justify-content-center\">\n\t\t\t\t\t\t\t\t\t\t<div class=\"col-sm-6 col-md-6 col-lg-3\">\n\t\t\t\t\t\t\t\t\t\t\t\t\t\t<div class=\"card \">\n\t\t\t\t\t\t\t\t\t\t\t\t\t\t\t\t\t<img decoding=\"async\"  src=\"https:\/\/bozita.com\/se\/wp-content\/uploads\/sites\/5\/2021\/07\/bozita-hundvalp-miljotraning-socialisering.jpeg\" alt=\"\">\n\t\t\t\t\t\t\t\t\t\t\t\t\t\t\t\t\t<!-- <img decoding=\"async\" src=\"\n\t\t\t\t\t\t\t\t\t\t\t\t\t\t\t\t\t\t\t\t\" alt=\"\n\t\t\t\t\t\t\t\t\t\t\t\t\t\t\t\t\t\t\t\t\t\t\t\t\t\t\t\"> -->\n\t\t\t\t\t\t\t\t<div class=\"card-body\">\n\t\t\t\t\t\t\t\t\t\t\t\t\t\t\t\t\t\t\t<h6>Socialisera valpen &#8211; milj\u00f6tr\u00e4na din hund<\/h6>\n\t\t\t\t\t\t\t\t\t\t\t\t\t\t\t\t\t\t\t<a href=\"https:\/\/bozita.com\/se\/hund\/hundens-utveckling\/miljotrana-hund\/\">L\u00e4s mer &nbsp; ><\/a>\n\t\t\t\t\t\t\t\t<\/div>\n\t\t\t\t\t\t\t<\/div>\n\t\t\t\t\t\t<\/div>\n\n\t\t\t\t\t\t\t\t\t\t\t<div class=\"col-sm-6 col-md-6 col-lg-3\">\n\t\t\t\t\t\t\t\t\t\t\t\t\t\t<div class=\"card \">\n\t\t\t\t\t\t\t\t\t\t\t\t\t\t\t\t\t<img decoding=\"async\"  src=\"https:\/\/bozita.com\/se\/wp-content\/uploads\/sites\/5\/2021\/07\/bozita-vandra-med-hund.jpeg\" alt=\"\">\n\t\t\t\t\t\t\t\t\t\t\t\t\t\t\t\t\t<!-- <img decoding=\"async\" src=\"\n\t\t\t\t\t\t\t\t\t\t\t\t\t\t\t\t\t\t\t\t\" alt=\"\n\t\t\t\t\t\t\t\t\t\t\t\t\t\t\t\t\t\t\t\t\t\t\t\t\t\t\t\"> -->\n\t\t\t\t\t\t\t\t<div class=\"card-body\">\n\t\t\t\t\t\t\t\t\t\t\t\t\t\t\t\t\t\t\t<h6>Vandra med hund<\/h6>\n\t\t\t\t\t\t\t\t\t\t\t\t\t\t\t\t\t\t\t<a href=\"https:\/\/bozita.com\/se\/hund\/aktivera-hunden\/att-tanka-pa-nar-du-vandrar-med-hunden\/\">L\u00e4s mer &nbsp; ><\/a>\n\t\t\t\t\t\t\t\t<\/div>\n\t\t\t\t\t\t\t<\/div>\n\t\t\t\t\t\t<\/div>\n\n\t\t\t\t\t\t\t\t\t\t\t<div class=\"col-sm-6 col-md-6 col-lg-3\">\n\t\t\t\t\t\t\t\t\t\t\t\t\t\t<div class=\"card \">\n\t\t\t\t\t\t\t\t\t\t\t\t\t\t\t\t\t<img decoding=\"async\"  src=\"https:\/\/bozita.com\/se\/wp-content\/uploads\/sites\/5\/2021\/07\/bozita-ta-med-hunden-till-fjallen.jpeg\" alt=\"\">\n\t\t\t\t\t\t\t\t\t\t\t\t\t\t\t\t\t<!-- <img decoding=\"async\" src=\"\n\t\t\t\t\t\t\t\t\t\t\t\t\t\t\t\t\t\t\t\t\" alt=\"\n\t\t\t\t\t\t\t\t\t\t\t\t\t\t\t\t\t\t\t\t\t\t\t\t\t\t\t\"> -->\n\t\t\t\t\t\t\t\t<div class=\"card-body\">\n\t\t\t\t\t\t\t\t\t\t\t\t\t\t\t\t\t\t\t<h6>Semester med hund i fj\u00e4llen<\/h6>\n\t\t\t\t\t\t\t\t\t\t\t\t\t\t\t\t\t\t\t<a href=\"https:\/\/bozita.com\/se\/hund\/aktivera-hunden\/att-tanka-pa-nar-du-tar-med-hunden-pa-fjallsemester\/\">L\u00e4s mer &nbsp; ><\/a>\n\t\t\t\t\t\t\t\t<\/div>\n\t\t\t\t\t\t\t<\/div>\n\t\t\t\t\t\t<\/div>\n\n\t\t\t\t\t\t\t\t\t\t\t\t<\/div>\n\t\t<\/div>\n\t<\/section>\n","protected":false},"excerpt":{"rendered":"","protected":false},"author":1,"featured_media":2001,"parent":61,"menu_order":0,"comment_status":"closed","ping_status":"closed","template":"guternberg.php","meta":{"footnotes":""},"acf":[],"yoast_head":"<!-- This site is optimized with the Yoast SEO plugin v21.3 - https:\/\/yoast.com\/wordpress\/plugins\/seo\/ -->\n<title>S\u00e5 hittar du l\u00e4mpliga hundkurser och valpkurser | Bozita<\/title>\n<meta name=\"description\" content=\"Aktivera dig och din hund med hundkurser, valpkurser och roliga aktiviteter. Prova agility, rallylydnad och f\u00e5 hj\u00e4lp med koppeltr\u00e4ning. S\u00e5 hittar du r\u00e4tt.\" \/>\n<meta name=\"robots\" content=\"index, follow, max-snippet:-1, max-image-preview:large, max-video-preview:-1\" \/>\n<link rel=\"canonical\" href=\"https:\/\/bozita.com\/se\/hund\/aktivera-hunden\/forbattra-samspelet-med-din-hund-med-hjalp-av-aktiviteter-och-kurser\/\" \/>\n<meta property=\"og:locale\" content=\"sv_SE\" \/>\n<meta property=\"og:type\" content=\"article\" \/>\n<meta property=\"og:title\" content=\"S\u00e5 hittar du l\u00e4mpliga hundkurser och valpkurser | Bozita\" \/>\n<meta property=\"og:description\" content=\"Aktivera dig och din hund med hundkurser, valpkurser och roliga aktiviteter. Prova agility, rallylydnad och f\u00e5 hj\u00e4lp med koppeltr\u00e4ning. S\u00e5 hittar du r\u00e4tt.\" \/>\n<meta property=\"og:url\" content=\"https:\/\/bozita.com\/se\/hund\/aktivera-hunden\/forbattra-samspelet-med-din-hund-med-hjalp-av-aktiviteter-och-kurser\/\" \/>\n<meta property=\"og:site_name\" content=\"Bozita Sverige\" \/>\n<meta property=\"article:modified_time\" content=\"2022-06-20T09:45:01+00:00\" \/>\n<meta property=\"og:image\" content=\"https:\/\/bozita.com\/se\/wp-content\/uploads\/sites\/5\/2021\/06\/bozita-smakgaranti-hundmat-kattmat.jpeg\" \/>\n\t<meta property=\"og:image:width\" content=\"800\" \/>\n\t<meta property=\"og:image:height\" content=\"533\" \/>\n\t<meta property=\"og:image:type\" content=\"image\/jpeg\" \/>\n<meta name=\"twitter:card\" content=\"summary_large_image\" \/>\n<!-- \/ Yoast SEO plugin. -->","yoast_head_json":{"title":"S\u00e5 hittar du l\u00e4mpliga hundkurser och valpkurser | Bozita","description":"Aktivera dig och din hund med hundkurser, valpkurser och roliga aktiviteter. Prova agility, rallylydnad och f\u00e5 hj\u00e4lp med koppeltr\u00e4ning. S\u00e5 hittar du r\u00e4tt.","robots":{"index":"index","follow":"follow","max-snippet":"max-snippet:-1","max-image-preview":"max-image-preview:large","max-video-preview":"max-video-preview:-1"},"canonical":"https:\/\/bozita.com\/se\/hund\/aktivera-hunden\/forbattra-samspelet-med-din-hund-med-hjalp-av-aktiviteter-och-kurser\/","og_locale":"sv_SE","og_type":"article","og_title":"S\u00e5 hittar du l\u00e4mpliga hundkurser och valpkurser | Bozita","og_description":"Aktivera dig och din hund med hundkurser, valpkurser och roliga aktiviteter. Prova agility, rallylydnad och f\u00e5 hj\u00e4lp med koppeltr\u00e4ning. S\u00e5 hittar du r\u00e4tt.","og_url":"https:\/\/bozita.com\/se\/hund\/aktivera-hunden\/forbattra-samspelet-med-din-hund-med-hjalp-av-aktiviteter-och-kurser\/","og_site_name":"Bozita Sverige","article_modified_time":"2022-06-20T09:45:01+00:00","og_image":[{"width":800,"height":533,"url":"https:\/\/bozita.com\/se\/wp-content\/uploads\/sites\/5\/2021\/06\/bozita-smakgaranti-hundmat-kattmat.jpeg","type":"image\/jpeg"}],"twitter_card":"summary_large_image","schema":{"@context":"https:\/\/schema.org","@graph":[{"@type":"WebPage","@id":"https:\/\/bozita.com\/se\/hund\/aktivera-hunden\/forbattra-samspelet-med-din-hund-med-hjalp-av-aktiviteter-och-kurser\/","url":"https:\/\/bozita.com\/se\/hund\/aktivera-hunden\/forbattra-samspelet-med-din-hund-med-hjalp-av-aktiviteter-och-kurser\/","name":"S\u00e5 hittar du l\u00e4mpliga hundkurser och valpkurser | Bozita","isPartOf":{"@id":"https:\/\/bozita.com\/se\/#website"},"datePublished":"2021-06-20T09:17:13+00:00","dateModified":"2022-06-20T09:45:01+00:00","description":"Aktivera dig och din hund med hundkurser, valpkurser och roliga aktiviteter. Prova agility, rallylydnad och f\u00e5 hj\u00e4lp med koppeltr\u00e4ning. S\u00e5 hittar du r\u00e4tt.","breadcrumb":{"@id":"https:\/\/bozita.com\/se\/hund\/aktivera-hunden\/forbattra-samspelet-med-din-hund-med-hjalp-av-aktiviteter-och-kurser\/#breadcrumb"},"inLanguage":"sv-SE","potentialAction":[{"@type":"ReadAction","target":["https:\/\/bozita.com\/se\/hund\/aktivera-hunden\/forbattra-samspelet-med-din-hund-med-hjalp-av-aktiviteter-och-kurser\/"]}]},{"@type":"BreadcrumbList","@id":"https:\/\/bozita.com\/se\/hund\/aktivera-hunden\/forbattra-samspelet-med-din-hund-med-hjalp-av-aktiviteter-och-kurser\/#breadcrumb","itemListElement":[{"@type":"ListItem","position":1,"name":"Home","item":"https:\/\/bozita.com\/se\/"},{"@type":"ListItem","position":2,"name":"Livet med hund","item":"https:\/\/bozita.com\/se\/hund\/"},{"@type":"ListItem","position":3,"name":"Aktivera din hund","item":"https:\/\/bozita.com\/se\/hund\/aktivera-hunden\/"},{"@type":"ListItem","position":4,"name":"Hundkurser och aktiviteter"}]},{"@type":"WebSite","@id":"https:\/\/bozita.com\/se\/#website","url":"https:\/\/bozita.com\/se\/","name":"Bozita Sverige","description":"","potentialAction":[{"@type":"SearchAction","target":{"@type":"EntryPoint","urlTemplate":"https:\/\/bozita.com\/se\/?s={search_term_string}"},"query-input":"required name=search_term_string"}],"inLanguage":"sv-SE"}]}},"_links":{"self":[{"href":"https:\/\/bozita.com\/se\/wp-json\/wp\/v2\/pages\/1161"}],"collection":[{"href":"https:\/\/bozita.com\/se\/wp-json\/wp\/v2\/pages"}],"about":[{"href":"https:\/\/bozita.com\/se\/wp-json\/wp\/v2\/types\/page"}],"author":[{"embeddable":true,"href":"https:\/\/bozita.com\/se\/wp-json\/wp\/v2\/users\/1"}],"replies":[{"embeddable":true,"href":"https:\/\/bozita.com\/se\/wp-json\/wp\/v2\/comments?post=1161"}],"version-history":[{"count":21,"href":"https:\/\/bozita.com\/se\/wp-json\/wp\/v2\/pages\/1161\/revisions"}],"predecessor-version":[{"id":7755,"href":"https:\/\/bozita.com\/se\/wp-json\/wp\/v2\/pages\/1161\/revisions\/7755"}],"up":[{"embeddable":true,"href":"https:\/\/bozita.com\/se\/wp-json\/wp\/v2\/pages\/61"}],"wp:featuredmedia":[{"embeddable":true,"href":"https:\/\/bozita.com\/se\/wp-json\/wp\/v2\/media\/2001"}],"wp:attachment":[{"href":"https:\/\/bozita.com\/se\/wp-json\/wp\/v2\/media?parent=1161"}],"curies":[{"name":"wp","href":"https:\/\/api.w.org\/{rel}","templated":true}]}}