{"id":1168,"date":"2021-06-20T09:19:54","date_gmt":"2021-06-20T09:19:54","guid":{"rendered":"https:\/\/bozita.com\/se\/?page_id=1168"},"modified":"2021-08-25T07:46:02","modified_gmt":"2021-08-25T07:46:02","slug":"syns-i-morkret-med-reflexer","status":"publish","type":"page","link":"https:\/\/bozita.com\/se\/hund\/aktivera-hunden\/syns-i-morkret-med-reflexer\/","title":{"rendered":"Reflexer hund &#8211; en billig livf\u00f6rs\u00e4kring"},"content":{"rendered":"\t\t<section class=\"small-hero\">\n\t\t\t<div class=\"container\">\n\t\t\t\t<h1 class=\"small-hero-title\">Reflexer hund &#8211; en billig livf\u00f6rs\u00e4kring<\/h1>\t\t\t<\/div>\n\t\t\t<\/div>\n\t\t<\/section>\n\t\n\n\t<div class=\"text-box-warp\">\n\t\t<div class=\"container\">\n\t\t\t<div class=\"text-content\">\n\t\t\t\t<p>H\u00f6sten f\u00f6r med sig allt m\u00f6rkare hundpromenader. Enligt Agria d\u00f6das eller skadas minst en hund dagligen i trafiken. Detta hade ofta g\u00e5tt att undvika \u2013 bara genom en enkel reflex p\u00e5 hunden.<\/p>\n<h2>REFLEXER HUND OCH \u00c4GARE &#8211; S\u00c5 SYNS NI I M\u00d6RKRET<\/h2>\n<ul>\n<li>Den uppskattade livsl\u00e4ngden f\u00f6r en reflex \u00e4r ungef\u00e4r tre \u00e5r, ibland kortare. Testa reflexerna hemma genom att lysa p\u00e5 dem p\u00e5 avst\u00e5nd och se till att de inte \u00e4r f\u00f6r utslitna. K\u00f6p nya reflexter till hunden och dig sj\u00e4lv om de inte l\u00e4ngre fungerar.<\/li>\n<li>En reflex ska helst sitta p\u00e5 en r\u00f6rlig kroppsdel, g\u00e4rna l\u00e4ngst ner p\u00e5 kroppen, eftersom str\u00e5lkastarljus med halvljus lyser l\u00e4gre \u00e4n helljus.<\/li>\n<li>Anv\u00e4nd g\u00e4rna b\u00e5de lampa och reflex p\u00e5 din hund. Lampan f\u00e5r g\u00e4rna vara blinkande. P\u00e5 s\u00e5 s\u00e4tt syns hunden b\u00e5de om den blir tr\u00e4ffad av ljus och i m\u00f6rker. Du kan ocks\u00e5 l\u00e4ttare h\u00e5lla koll p\u00e5 hunden om den g\u00e5r l\u00f6s utan koppel.<\/li>\n<li>Om din hund har mycket p\u00e4ls \u00e4r det b\u00e4ttre att anv\u00e4nda en reflexv\u00e4st f\u00f6r hundar \u00e4n halsband.<\/li>\n<li>T\u00e4nk p\u00e5 att en reflexv\u00e4st bara syns fr\u00e5n sidan och inte framifr\u00e5n eller bakifr\u00e5n.<\/li>\n<li>Kom ih\u00e5g att sj\u00e4lv anv\u00e4nda reflex! Allra b\u00e4st syns du med en reflexv\u00e4st och lampa.<\/li>\n<\/ul>\n<p>Var r\u00e4dda om er i m\u00f6rkret &#8211; se till att ha bra reflexer p\u00e5 din hund och dig sj\u00e4lv. T\u00e4nk p\u00e5 att ni \u00e4r sv\u00e5ra att se redan n\u00e4r det b\u00f6rjar skymma, och inte bara n\u00e4r det \u00e4r riktigt m\u00f6rkt.<\/p>\n\t\t\t<\/div>\n\t\t<\/div>\n\t<\/div>\n\n\n\n\t<section class=\"block related-articles\">\n\t\t<div class=\"container\">\n\t\t\t<h2>Relaterade artiklar<\/h2>\n\t\t\t<div class=\"row justify-content-center\">\n\t\t\t\t\t\t\t\t\t\t<div class=\"col-sm-6 col-md-6 col-lg-3\">\n\t\t\t\t\t\t\t\t\t\t\t\t\t\t<div class=\"card \">\n\t\t\t\t\t\t\t\t\t\t\t\t\t\t\t\t\t<img decoding=\"async\"  src=\"https:\/\/bozita.com\/se\/wp-content\/uploads\/sites\/5\/2021\/07\/bozita-ta-med-hunde-pa-baten.jpeg\" alt=\"\">\n\t\t\t\t\t\t\t\t\t\t\t\t\t\t\t\t\t<!-- <img decoding=\"async\" src=\"\n\t\t\t\t\t\t\t\t\t\t\t\t\t\t\t\t\t\t\t\t\" alt=\"\n\t\t\t\t\t\t\t\t\t\t\t\t\t\t\t\t\t\t\t\t\t\t\t\t\t\t\t\"> -->\n\t\t\t\t\t\t\t\t<div class=\"card-body\">\n\t\t\t\t\t\t\t\t\t\t\t\t\t\t\t\t\t\t\t<h6>Hund p\u00e5 b\u00e5t \u2013 4 s\u00e4kerhetstips<\/h6>\n\t\t\t\t\t\t\t\t\t\t\t\t\t\t\t\t\t\t\t<a href=\"https:\/\/bozita.com\/se\/hund\/aktivera-hunden\/ta-med-hunden-pa-baten\/\">L\u00e4s mer &nbsp; ><\/a>\n\t\t\t\t\t\t\t\t<\/div>\n\t\t\t\t\t\t\t<\/div>\n\t\t\t\t\t\t<\/div>\n\n\t\t\t\t\t\t\t\t\t\t\t<div class=\"col-sm-6 col-md-6 col-lg-3\">\n\t\t\t\t\t\t\t\t\t\t\t\t\t\t<div class=\"card \">\n\t\t\t\t\t\t\t\t\t\t\t\t\t\t\t\t\t<img decoding=\"async\"  src=\"https:\/\/bozita.com\/se\/wp-content\/uploads\/sites\/5\/2021\/07\/bozita-ta-med-hunden-till-fjallen.jpeg\" alt=\"\">\n\t\t\t\t\t\t\t\t\t\t\t\t\t\t\t\t\t<!-- <img decoding=\"async\" src=\"\n\t\t\t\t\t\t\t\t\t\t\t\t\t\t\t\t\t\t\t\t\" alt=\"\n\t\t\t\t\t\t\t\t\t\t\t\t\t\t\t\t\t\t\t\t\t\t\t\t\t\t\t\"> -->\n\t\t\t\t\t\t\t\t<div class=\"card-body\">\n\t\t\t\t\t\t\t\t\t\t\t\t\t\t\t\t\t\t\t<h6>Semester med hund i fj\u00e4llen<\/h6>\n\t\t\t\t\t\t\t\t\t\t\t\t\t\t\t\t\t\t\t<a href=\"https:\/\/bozita.com\/se\/hund\/aktivera-hunden\/att-tanka-pa-nar-du-tar-med-hunden-pa-fjallsemester\/\">L\u00e4s mer &nbsp; ><\/a>\n\t\t\t\t\t\t\t\t<\/div>\n\t\t\t\t\t\t\t<\/div>\n\t\t\t\t\t\t<\/div>\n\n\t\t\t\t\t\t\t\t\t\t\t<div class=\"col-sm-6 col-md-6 col-lg-3\">\n\t\t\t\t\t\t\t\t\t\t\t\t\t\t<div class=\"card \">\n\t\t\t\t\t\t\t\t\t\t\t\t\t\t\t\t\t<img decoding=\"async\"  src=\"https:\/\/bozita.com\/se\/wp-content\/uploads\/sites\/5\/2021\/07\/bozita-vandra-med-hund.jpeg\" alt=\"\">\n\t\t\t\t\t\t\t\t\t\t\t\t\t\t\t\t\t<!-- <img decoding=\"async\" src=\"\n\t\t\t\t\t\t\t\t\t\t\t\t\t\t\t\t\t\t\t\t\" alt=\"\n\t\t\t\t\t\t\t\t\t\t\t\t\t\t\t\t\t\t\t\t\t\t\t\t\t\t\t\"> -->\n\t\t\t\t\t\t\t\t<div class=\"card-body\">\n\t\t\t\t\t\t\t\t\t\t\t\t\t\t\t\t\t\t\t<h6>Vandra med hund<\/h6>\n\t\t\t\t\t\t\t\t\t\t\t\t\t\t\t\t\t\t\t<a href=\"https:\/\/bozita.com\/se\/hund\/aktivera-hunden\/att-tanka-pa-nar-du-vandrar-med-hunden\/\">L\u00e4s mer &nbsp; ><\/a>\n\t\t\t\t\t\t\t\t<\/div>\n\t\t\t\t\t\t\t<\/div>\n\t\t\t\t\t\t<\/div>\n\n\t\t\t\t\t\t\t\t\t\t\t\t<\/div>\n\t\t<\/div>\n\t<\/section>\n","protected":false},"excerpt":{"rendered":"","protected":false},"author":1,"featured_media":3377,"parent":61,"menu_order":0,"comment_status":"closed","ping_status":"closed","template":"guternberg.php","meta":{"footnotes":""},"acf":[],"yoast_head":"<!-- This site is optimized with the Yoast SEO plugin v21.3 - https:\/\/yoast.com\/wordpress\/plugins\/seo\/ -->\n<title>Reflexer hund - s\u00e5 syns du och din hund i m\u00f6rkret | Bozita<\/title>\n<meta name=\"description\" content=\"Enligt Agria d\u00f6das eller skadas minst en hund dagligen i trafiken. Detta hade ofta g\u00e5tt att undvika genom en enkel reflex till din hund. L\u00e4s v\u00e5ra tips.\" \/>\n<meta name=\"robots\" content=\"index, follow, max-snippet:-1, max-image-preview:large, max-video-preview:-1\" \/>\n<link rel=\"canonical\" href=\"https:\/\/bozita.com\/se\/hund\/aktivera-hunden\/syns-i-morkret-med-reflexer\/\" \/>\n<meta property=\"og:locale\" content=\"sv_SE\" \/>\n<meta property=\"og:type\" content=\"article\" \/>\n<meta property=\"og:title\" content=\"Reflexer hund - s\u00e5 syns du och din hund i m\u00f6rkret | Bozita\" \/>\n<meta property=\"og:description\" content=\"Enligt Agria d\u00f6das eller skadas minst en hund dagligen i trafiken. Detta hade ofta g\u00e5tt att undvika genom en enkel reflex till din hund. L\u00e4s v\u00e5ra tips.\" \/>\n<meta property=\"og:url\" content=\"https:\/\/bozita.com\/se\/hund\/aktivera-hunden\/syns-i-morkret-med-reflexer\/\" \/>\n<meta property=\"og:site_name\" content=\"Bozita Sverige\" \/>\n<meta property=\"article:modified_time\" content=\"2021-08-25T07:46:02+00:00\" \/>\n<meta property=\"og:image\" content=\"https:\/\/bozita.com\/se\/wp-content\/uploads\/sites\/5\/2021\/07\/bozita-hund-reflexer-reflexvast.jpeg\" \/>\n\t<meta property=\"og:image:width\" content=\"800\" \/>\n\t<meta property=\"og:image:height\" content=\"533\" \/>\n\t<meta property=\"og:image:type\" content=\"image\/jpeg\" \/>\n<meta name=\"twitter:card\" content=\"summary_large_image\" \/>\n<!-- \/ Yoast SEO plugin. -->","yoast_head_json":{"title":"Reflexer hund - s\u00e5 syns du och din hund i m\u00f6rkret | Bozita","description":"Enligt Agria d\u00f6das eller skadas minst en hund dagligen i trafiken. Detta hade ofta g\u00e5tt att undvika genom en enkel reflex till din hund. L\u00e4s v\u00e5ra tips.","robots":{"index":"index","follow":"follow","max-snippet":"max-snippet:-1","max-image-preview":"max-image-preview:large","max-video-preview":"max-video-preview:-1"},"canonical":"https:\/\/bozita.com\/se\/hund\/aktivera-hunden\/syns-i-morkret-med-reflexer\/","og_locale":"sv_SE","og_type":"article","og_title":"Reflexer hund - s\u00e5 syns du och din hund i m\u00f6rkret | Bozita","og_description":"Enligt Agria d\u00f6das eller skadas minst en hund dagligen i trafiken. Detta hade ofta g\u00e5tt att undvika genom en enkel reflex till din hund. L\u00e4s v\u00e5ra tips.","og_url":"https:\/\/bozita.com\/se\/hund\/aktivera-hunden\/syns-i-morkret-med-reflexer\/","og_site_name":"Bozita Sverige","article_modified_time":"2021-08-25T07:46:02+00:00","og_image":[{"width":800,"height":533,"url":"https:\/\/bozita.com\/se\/wp-content\/uploads\/sites\/5\/2021\/07\/bozita-hund-reflexer-reflexvast.jpeg","type":"image\/jpeg"}],"twitter_card":"summary_large_image","schema":{"@context":"https:\/\/schema.org","@graph":[{"@type":"WebPage","@id":"https:\/\/bozita.com\/se\/hund\/aktivera-hunden\/syns-i-morkret-med-reflexer\/","url":"https:\/\/bozita.com\/se\/hund\/aktivera-hunden\/syns-i-morkret-med-reflexer\/","name":"Reflexer hund - s\u00e5 syns du och din hund i m\u00f6rkret | Bozita","isPartOf":{"@id":"https:\/\/bozita.com\/se\/#website"},"datePublished":"2021-06-20T09:19:54+00:00","dateModified":"2021-08-25T07:46:02+00:00","description":"Enligt Agria d\u00f6das eller skadas minst en hund dagligen i trafiken. Detta hade ofta g\u00e5tt att undvika genom en enkel reflex till din hund. L\u00e4s v\u00e5ra tips.","breadcrumb":{"@id":"https:\/\/bozita.com\/se\/hund\/aktivera-hunden\/syns-i-morkret-med-reflexer\/#breadcrumb"},"inLanguage":"sv-SE","potentialAction":[{"@type":"ReadAction","target":["https:\/\/bozita.com\/se\/hund\/aktivera-hunden\/syns-i-morkret-med-reflexer\/"]}]},{"@type":"BreadcrumbList","@id":"https:\/\/bozita.com\/se\/hund\/aktivera-hunden\/syns-i-morkret-med-reflexer\/#breadcrumb","itemListElement":[{"@type":"ListItem","position":1,"name":"Home","item":"https:\/\/bozita.com\/se\/"},{"@type":"ListItem","position":2,"name":"Livet med hund","item":"https:\/\/bozita.com\/se\/hund\/"},{"@type":"ListItem","position":3,"name":"Aktivera din hund","item":"https:\/\/bozita.com\/se\/hund\/aktivera-hunden\/"},{"@type":"ListItem","position":4,"name":"Reflexer hund &#8211; en billig livf\u00f6rs\u00e4kring"}]},{"@type":"WebSite","@id":"https:\/\/bozita.com\/se\/#website","url":"https:\/\/bozita.com\/se\/","name":"Bozita Sverige","description":"","potentialAction":[{"@type":"SearchAction","target":{"@type":"EntryPoint","urlTemplate":"https:\/\/bozita.com\/se\/?s={search_term_string}"},"query-input":"required name=search_term_string"}],"inLanguage":"sv-SE"}]}},"_links":{"self":[{"href":"https:\/\/bozita.com\/se\/wp-json\/wp\/v2\/pages\/1168"}],"collection":[{"href":"https:\/\/bozita.com\/se\/wp-json\/wp\/v2\/pages"}],"about":[{"href":"https:\/\/bozita.com\/se\/wp-json\/wp\/v2\/types\/page"}],"author":[{"embeddable":true,"href":"https:\/\/bozita.com\/se\/wp-json\/wp\/v2\/users\/1"}],"replies":[{"embeddable":true,"href":"https:\/\/bozita.com\/se\/wp-json\/wp\/v2\/comments?post=1168"}],"version-history":[{"count":10,"href":"https:\/\/bozita.com\/se\/wp-json\/wp\/v2\/pages\/1168\/revisions"}],"predecessor-version":[{"id":3982,"href":"https:\/\/bozita.com\/se\/wp-json\/wp\/v2\/pages\/1168\/revisions\/3982"}],"up":[{"embeddable":true,"href":"https:\/\/bozita.com\/se\/wp-json\/wp\/v2\/pages\/61"}],"wp:featuredmedia":[{"embeddable":true,"href":"https:\/\/bozita.com\/se\/wp-json\/wp\/v2\/media\/3377"}],"wp:attachment":[{"href":"https:\/\/bozita.com\/se\/wp-json\/wp\/v2\/media?parent=1168"}],"curies":[{"name":"wp","href":"https:\/\/api.w.org\/{rel}","templated":true}]}}