{"id":11700,"date":"2025-10-14T11:34:28","date_gmt":"2025-10-14T11:34:28","guid":{"rendered":"https:\/\/bozita.com\/se\/?page_id=11700"},"modified":"2025-10-14T11:36:19","modified_gmt":"2025-10-14T11:36:19","slug":"valpning","status":"publish","type":"page","link":"https:\/\/bozita.com\/se\/hund\/hundens-halsa\/valpning\/","title":{"rendered":"Valpning"},"content":{"rendered":"\t\t<section class=\"small-hero\">\n\t\t\t<div class=\"container\">\n\t\t\t\t<h1 class=\"small-hero-title\">Valpning &#8211; En trygg steg f\u00f6r steg-guide<\/h1><p><p><span style=\"font-weight: 400\">Att vara med om en valpning \u00e4r en stor h\u00e4ndelse f\u00f6r b\u00e5de tik och uppf\u00f6dare. F\u00f6r att s\u00e4kerst\u00e4lla en trygg och smidig f\u00f6rlossning \u00e4r det viktigt att vara v\u00e4l f\u00f6rberedd. I denna guide g\u00e5r vi igenom valpningens faser, vad som beh\u00f6vs inf\u00f6r, hur du kan hj\u00e4lpa till vid behov och vad som \u00e4r viktigt efter\u00e5t.<\/span><\/p>\n<\/p>\t\t\t<\/div>\n\t\t\t<\/div>\n\t\t<\/section>\n\t\n\n\t<div class=\"text-box-warp\">\n\t\t<div class=\"container\">\n\t\t\t<div class=\"text-content\">\n\t\t\t\t<h2><b>Vad beh\u00f6vs inf\u00f6r valpning?<\/b><\/h2>\n<p><span style=\"font-weight: 400\">Saker du som \u00e4gare kan f\u00f6rbereda och ha n\u00e4ra till hands inf\u00f6r valpning.<\/span><\/p>\n<ul>\n<li style=\"font-weight: 400\"><span style=\"font-weight: 400\">F\u00f6r att skapa en trygg milj\u00f6 f\u00f6r tiken och valparna \u00e4r det viktigt att f\u00f6rbereda en valpl\u00e5da. L\u00e5dan b\u00f6r vara rymlig nog f\u00f6r tiken att r\u00f6ra sig fritt, ha l\u00e5ga kanter s\u00e5 att tiken kan ta sig in och ut, men tillr\u00e4ckligt h\u00f6ga kanter s\u00e5 att inte valparna trillar ut. Fyll botten med tidningspapper, plast- eller vaxduk, en fiberfilt och avsluta med en frott\u00e9handduk eller ett lakan. L\u00e5t tiken v\u00e4nja sig vid l\u00e5dan tv\u00e5 till tre veckor innan.<\/span><\/li>\n<li style=\"font-weight: 400\"><span style=\"font-weight: 400\">Steril sax till att klippa av navelstr\u00e4ngen om tiken inte biter av den sj\u00e4lv.<\/span><\/li>\n<li style=\"font-weight: 400\"><span style=\"font-weight: 400\">Rena handdukar<\/span><\/li>\n<li style=\"font-weight: 400\"><span style=\"font-weight: 400\">Kontaktuppgifter till veterin\u00e4r med jour.<\/span><\/li>\n<\/ul>\n<h2><b>Valpningens tre stadier<\/b><\/h2>\n<h3><b>1. \u00d6ppningsstadiet<\/b><\/h3>\n<p><span style=\"font-weight: 400\">Detta \u00e4r den f\u00f6rsta fasen av valpningen och kan p\u00e5g\u00e5 i upp till 24 timmar. Tecken p\u00e5 att detta stadium har b\u00f6rjat \u00e4r:<\/span><\/p>\n<ul>\n<li style=\"font-weight: 400\"><span style=\"font-weight: 400\">Tikens kroppstemperatur sjunker till under 37 grader.<\/span><\/li>\n<li style=\"font-weight: 400\"><span style=\"font-weight: 400\">Tiken blir rastl\u00f6s och b\u00f6rjar b\u00e4dda.<\/span><\/li>\n<li style=\"font-weight: 400\"><span style=\"font-weight: 400\">Hon slutar ofta att \u00e4ta och kan bli skakig.<\/span><\/li>\n<\/ul>\n<h3><b>2. Utdrivningsstadiet<\/b><\/h3>\n<p><span style=\"font-weight: 400\">N\u00e4r vattnet g\u00e5r (den yttre fosterhinnan spricker) b\u00f6rjar sj\u00e4lva utdrivningen av valparna. Detta stadium varar vanligtvis mellan ett par timmar och upp till tolv timmar, beroende p\u00e5 kullens storlek. Det \u00e4r vanligt att det kan dr\u00f6ja mellan n\u00e5gra minuter upp till ett par timmar mellan varje valp, s\u00e4rskilt om tiken har en stor kull.\u00a0<\/span><\/p>\n<h3><b>3. Efterb\u00f6rd<\/b><\/h3>\n<p><span style=\"font-weight: 400\">Efter att en valp f\u00f6tts kommer moderkakan (efterb\u00f6rden), oftast med varje valp eller 15 minuter efter. Det \u00e4r viktigt att alla moderkakor kommer ut f\u00f6r att f\u00f6rhindra infektioner. R\u00e4kna g\u00e4rna antalet f\u00f6r att s\u00e4kerst\u00e4lla att alla kommit ut. Gr\u00f6nsvarta flytningar \u00e4r normalt hos tiken under och efter valpningen.<\/span><\/p>\n<h2><b>N\u00e4r alla valpar \u00e4r ute<\/b><\/h2>\n<p><span style=\"font-weight: 400\">N\u00e4r valparna har f\u00f6tts brukar tiken sj\u00e4lv ta hand om att reng\u00f6ra dem genom att slicka bort fosterhinnorna. Om hon inte g\u00f6r det kan du hj\u00e4lpa till genom att f\u00f6rsiktigt torka valpen torr med en ren och mjuk handduk, avl\u00e4gsna hinnorna och se till att valpens luftv\u00e4gar \u00e4r fria.<\/span><\/p>\n<p><span style=\"font-weight: 400\">Tiken brukar ocks\u00e5 klippa av navelstr\u00e4ngen sj\u00e4lv, men om det inte sker kan du f\u00f6rsiktigt klippa av den med en steril sax ungef\u00e4r 2 cm fr\u00e5n valpens kropp. Stumpen faller av sig sj\u00e4lv inom n\u00e5gra veckor.<\/span><\/p>\n<p><span style=\"font-weight: 400\">Ofta k\u00e4nner man tydligt n\u00e4r tiken \u00e4r tom efter sista valpen, och d\u00e5 brukar hon sl\u00e5 sig till ro med sina nyf\u00f6dda valpar.\u00a0<\/span><\/p>\n<h2><b>Efter valpningen<\/b><\/h2>\n<p><span style=\"font-weight: 400\">N\u00e4r valparna har b\u00f6rjat dia och f\u00e5tt i sig r\u00e5mj\u00f6lken \u00e4r det bra att f\u00f6rsiktigt kontrollera att alla valpar ser friska ut och beter sig som de ska. Efter denna kontroll \u00e4r det b\u00e4st att l\u00e5ta valparna vara i fred med sin mamma &#8211; undvik att lyfta eller hantera dem mer \u00e4n n\u00f6dv\u00e4ndigt. Valparna b\u00f6r ligga n\u00e4ra tiken f\u00f6r att h\u00e5lla v\u00e4rmen och f\u00e5 n\u00e4ring.\u00a0<\/span><\/p>\n<p><span style=\"font-weight: 400\">Rasta tiken vid ett passande tillf\u00e4lle och passa samtidigt p\u00e5 att reng\u00f6ra valprummet fr\u00e5n smutsiga handdukar och tidningar s\u00e5 att milj\u00f6n \u00e4r ren och trygg.<\/span><\/p>\n<p><span style=\"font-weight: 400\">Att noga f\u00f6lja tiken och valparna under de f\u00f6rsta dagarna \u00e4r avg\u00f6rande f\u00f6r att allt ska g\u00e5 bra. Om tiken verkar sl\u00f6 eller om valparna har sv\u00e5rt att dia b\u00f6r du kontakta veterin\u00e4r f\u00f6r r\u00e5d och hj\u00e4lp.<\/span><\/p>\n\t\t\t<\/div>\n\t\t<\/div>\n\t<\/div>\n\n\n\n<section class=\"block faq\">\n\t<div class=\"container\">\n\n\t\t\t\t\t<div id=\"accordion\" class=\"py-5\">\n\t\t\t\t\n\t\t\t\t\t<div class=\"acc-card border-0 \" style=\"\">\n\t\t\t\t\t\t<div class=\"acc-card-header p-0 border-0\" id=\"heading-1\">\n\t\t\t\t\t\t\t<button class=\"btn btn-link accordion-title collapse\" data-toggle=\"collapse\" data-target=\"#collapse-1\" aria-expanded=\"true\" aria-controls=\"#collapse-{{$cnt}}\">\n\t\t\t\t\t\t\t\t<i class=\"fas fa-sort-down text-center d-flex align-items-center justify-content-center h-100\"><\/i>\n\t\t\t\t\t\t\t\tHur l\u00e5ng tid kan det ta mellan valparna?\t\t\t\t\t\t\t<\/button>\n\t\t\t\t\t\t<\/div>\n\t\t\t\t\t\t<div id=\"collapse-1\" class=\"collapse show collapse-content\" aria-labelledby=\"heading-1\" data-parent=\"#accordion\">\n\t\t\t\t\t\t\t<div class=\"acc-card-body accordion-body\">\n\t\t\t\t\t\t\t\t<p>\n\t\t\t\t\t\t\t\t\tDet \u00e4r vanligt att det kan dr\u00f6ja mellan n\u00e5gra minuter upp till ett par timmar mellan varje valp, s\u00e4rskilt om tiken har en stor kull. \t\t\t\t\t\t\t\t<\/p>\n\t\t\t\t\t\t\t<\/div>\n\t\t\t\t\t\t<\/div>\n\t\t\t\t\t<\/div>\n\n\t\t\t\t\t\n\t\t\t\t\t<div class=\"acc-card border-0 wow fadeInUp\" style=\"visibility: visible; animation-name: fadeInUp;\">\n\t\t\t\t\t\t<div class=\"acc-card-header p-0 border-0\" id=\"heading-2\">\n\t\t\t\t\t\t\t<button class=\"btn btn-link accordion-title border-0 collapsed\" data-toggle=\"collapse\" data-target=\"#collapse-2\" aria-expanded=\"false\" aria-controls=\"#collapse-{{$cnt}}\">\n\t\t\t\t\t\t\t\t<i class=\"fas fa-sort-down text-center d-flex align-items-center justify-content-center h-100\"><\/i>\n\t\t\t\t\t\t\t\t\u00c4r det n\u00f6dv\u00e4ndigt att duscha tiken efter valpning??\t\t\t\t\t\t\t<\/button>\n\t\t\t\t\t\t<\/div>\n\t\t\t\t\t\t<div id=\"collapse-2\" class=\"collapse  collapse-content\" aria-labelledby=\"heading-2\" data-parent=\"#accordion\">\n\t\t\t\t\t\t\t<div class=\"acc-card-body accordion-body\">\n\t\t\t\t\t\t\t\t<p>\n\t\t\t\t\t\t\t\t\tDet \u00e4r inte alltid n\u00f6dv\u00e4ndigt att duscha tiken efter valpning. Om hon \u00e4r ren och inte har n\u00e5gra tecken p\u00e5 infektion kan det vara b\u00e4ttre att l\u00e5ta henne vara. Om du \u00e4nd\u00e5 v\u00e4ljer att duscha henne, anv\u00e4nd ett milt hundschampo och undvik att f\u00e5 vatten i \u00f6ronen eller \u00f6gonen. Se till att hon torkar ordentligt efter\u00e5t.\t\t\t\t\t\t\t\t<\/p>\n\t\t\t\t\t\t\t<\/div>\n\t\t\t\t\t\t<\/div>\n\t\t\t\t\t<\/div>\n\n\t\t\t\t\t\t\t\t<\/div>\n\t\t\t<\/div>\n<\/section>\n\n\n\n\t<section class=\"block related-articles\">\n\t\t<div class=\"container\">\n\t\t\t<h2>Relaterade artiklar<\/h2>\n\t\t\t<div class=\"row justify-content-center\">\n\t\t\t\t\t\t\t\t\t\t<div class=\"col-sm-6 col-md-6 col-lg-3\">\n\t\t\t\t\t\t\t\t\t\t\t\t\t\t<div class=\"card \">\n\t\t\t\t\t\t\t\t\t\t\t\t\t\t\t\t\t<img decoding=\"async\"  src=\"https:\/\/bozita.com\/se\/wp-content\/uploads\/sites\/5\/2021\/06\/bozita-avmaska-hundvalp-hund.jpg\" alt=\"\">\n\t\t\t\t\t\t\t\t\t\t\t\t\t\t\t\t\t<!-- <img decoding=\"async\" src=\"\n\t\t\t\t\t\t\t\t\t\t\t\t\t\t\t\t\t\t\t\t\" alt=\"\n\t\t\t\t\t\t\t\t\t\t\t\t\t\t\t\t\t\t\t\t\t\t\t\t\t\t\t\"> -->\n\t\t\t\t\t\t\t\t<div class=\"card-body\">\n\t\t\t\t\t\t\t\t\t\t\t\t\t\t\t\t\t\t\t<h6>Avmaskning av hund och valp<\/h6>\n\t\t\t\t\t\t\t\t\t\t\t\t\t\t\t\t\t\t\t<a href=\"https:\/\/bozita.com\/se\/hund\/hundens-halsa\/avmaska-hund-valp\/\">L\u00e4s mer &nbsp; ><\/a>\n\t\t\t\t\t\t\t\t<\/div>\n\t\t\t\t\t\t\t<\/div>\n\t\t\t\t\t\t<\/div>\n\n\t\t\t\t\t\t\t\t\t\t\t<div class=\"col-sm-6 col-md-6 col-lg-3\">\n\t\t\t\t\t\t\t\t\t\t\t\t\t\t<div class=\"card \">\n\t\t\t\t\t\t\t\t\t\t\t\t\t\t\t\t\t<img decoding=\"async\"  src=\"https:\/\/bozita.com\/se\/wp-content\/uploads\/sites\/5\/2021\/07\/bozita-hund-vaccinera.jpeg\" alt=\"\">\n\t\t\t\t\t\t\t\t\t\t\t\t\t\t\t\t\t<!-- <img decoding=\"async\" src=\"\n\t\t\t\t\t\t\t\t\t\t\t\t\t\t\t\t\t\t\t\t\" alt=\"\n\t\t\t\t\t\t\t\t\t\t\t\t\t\t\t\t\t\t\t\t\t\t\t\t\t\t\t\"> -->\n\t\t\t\t\t\t\t\t<div class=\"card-body\">\n\t\t\t\t\t\t\t\t\t\t\t\t\t\t\t\t\t\t\t<h6>Vaccination av hund och valp<\/h6>\n\t\t\t\t\t\t\t\t\t\t\t\t\t\t\t\t\t\t\t<a href=\"https:\/\/bozita.com\/se\/hund\/hundens-halsa\/vaccinera-hund\/\">L\u00e4s mer &nbsp; ><\/a>\n\t\t\t\t\t\t\t\t<\/div>\n\t\t\t\t\t\t\t<\/div>\n\t\t\t\t\t\t<\/div>\n\n\t\t\t\t\t\t\t\t\t\t\t<div class=\"col-sm-6 col-md-6 col-lg-3\">\n\t\t\t\t\t\t\t\t\t\t\t\t\t\t<div class=\"card \">\n\t\t\t\t\t\t\t\t\t\t\t\t\t\t\t\t\t<img decoding=\"async\"  src=\"https:\/\/bozita.com\/se\/wp-content\/uploads\/sites\/5\/2021\/07\/bozita-hundens-utveckling-stadier.jpeg\" alt=\"\">\n\t\t\t\t\t\t\t\t\t\t\t\t\t\t\t\t\t<!-- <img decoding=\"async\" src=\"\n\t\t\t\t\t\t\t\t\t\t\t\t\t\t\t\t\t\t\t\t\" alt=\"\n\t\t\t\t\t\t\t\t\t\t\t\t\t\t\t\t\t\t\t\t\t\t\t\t\t\t\t\"> -->\n\t\t\t\t\t\t\t\t<div class=\"card-body\">\n\t\t\t\t\t\t\t\t\t\t\t\t\t\t\t\t\t\t\t<h6>Valpens utveckling &#8211; fr\u00e5n valp till vuxen hund<\/h6>\n\t\t\t\t\t\t\t\t\t\t\t\t\t\t\t\t\t\t\t<a href=\"https:\/\/bozita.com\/se\/hund\/hundens-utveckling\/valpens-utveckling-fran-valp-till-vuxen-hund\/\">L\u00e4s mer &nbsp; ><\/a>\n\t\t\t\t\t\t\t\t<\/div>\n\t\t\t\t\t\t\t<\/div>\n\t\t\t\t\t\t<\/div>\n\n\t\t\t\t\t\t\t\t\t\t\t\t<\/div>\n\t\t<\/div>\n\t<\/section>\n","protected":false},"excerpt":{"rendered":"","protected":false},"author":40,"featured_media":0,"parent":59,"menu_order":0,"comment_status":"closed","ping_status":"closed","template":"guternberg.php","meta":{"footnotes":""},"acf":[],"yoast_head":"<!-- This site is optimized with the Yoast SEO plugin v21.3 - https:\/\/yoast.com\/wordpress\/plugins\/seo\/ -->\n<title>Valpning hund - En trygg steg f\u00f6r steg-guide | Bozita<\/title>\n<meta name=\"description\" content=\"B\u00f6rjar det n\u00e4rma sig valpning? H\u00e4r hittar du en steg f\u00f6r steg-guide som tar dig igenom tiden innan, under och efter f\u00f6rlossningen.\" \/>\n<meta name=\"robots\" content=\"index, follow, max-snippet:-1, max-image-preview:large, max-video-preview:-1\" \/>\n<link rel=\"canonical\" href=\"https:\/\/bozita.com\/se\/hund\/hundens-halsa\/valpning\/\" \/>\n<meta property=\"og:locale\" content=\"sv_SE\" \/>\n<meta property=\"og:type\" content=\"article\" \/>\n<meta property=\"og:title\" content=\"Valpning hund - En trygg steg f\u00f6r steg-guide | Bozita\" \/>\n<meta property=\"og:description\" content=\"B\u00f6rjar det n\u00e4rma sig valpning? H\u00e4r hittar du en steg f\u00f6r steg-guide som tar dig igenom tiden innan, under och efter f\u00f6rlossningen.\" \/>\n<meta property=\"og:url\" content=\"https:\/\/bozita.com\/se\/hund\/hundens-halsa\/valpning\/\" \/>\n<meta property=\"og:site_name\" content=\"Bozita Sverige\" \/>\n<meta property=\"article:modified_time\" content=\"2025-10-14T11:36:19+00:00\" \/>\n<meta name=\"twitter:card\" content=\"summary_large_image\" \/>\n<!-- \/ Yoast SEO plugin. -->","yoast_head_json":{"title":"Valpning hund - En trygg steg f\u00f6r steg-guide | Bozita","description":"B\u00f6rjar det n\u00e4rma sig valpning? H\u00e4r hittar du en steg f\u00f6r steg-guide som tar dig igenom tiden innan, under och efter f\u00f6rlossningen.","robots":{"index":"index","follow":"follow","max-snippet":"max-snippet:-1","max-image-preview":"max-image-preview:large","max-video-preview":"max-video-preview:-1"},"canonical":"https:\/\/bozita.com\/se\/hund\/hundens-halsa\/valpning\/","og_locale":"sv_SE","og_type":"article","og_title":"Valpning hund - En trygg steg f\u00f6r steg-guide | Bozita","og_description":"B\u00f6rjar det n\u00e4rma sig valpning? H\u00e4r hittar du en steg f\u00f6r steg-guide som tar dig igenom tiden innan, under och efter f\u00f6rlossningen.","og_url":"https:\/\/bozita.com\/se\/hund\/hundens-halsa\/valpning\/","og_site_name":"Bozita Sverige","article_modified_time":"2025-10-14T11:36:19+00:00","twitter_card":"summary_large_image","schema":{"@context":"https:\/\/schema.org","@graph":[{"@type":"WebPage","@id":"https:\/\/bozita.com\/se\/hund\/hundens-halsa\/valpning\/","url":"https:\/\/bozita.com\/se\/hund\/hundens-halsa\/valpning\/","name":"Valpning hund - En trygg steg f\u00f6r steg-guide | Bozita","isPartOf":{"@id":"https:\/\/bozita.com\/se\/#website"},"datePublished":"2025-10-14T11:34:28+00:00","dateModified":"2025-10-14T11:36:19+00:00","description":"B\u00f6rjar det n\u00e4rma sig valpning? H\u00e4r hittar du en steg f\u00f6r steg-guide som tar dig igenom tiden innan, under och efter f\u00f6rlossningen.","breadcrumb":{"@id":"https:\/\/bozita.com\/se\/hund\/hundens-halsa\/valpning\/#breadcrumb"},"inLanguage":"sv-SE","potentialAction":[{"@type":"ReadAction","target":["https:\/\/bozita.com\/se\/hund\/hundens-halsa\/valpning\/"]}]},{"@type":"BreadcrumbList","@id":"https:\/\/bozita.com\/se\/hund\/hundens-halsa\/valpning\/#breadcrumb","itemListElement":[{"@type":"ListItem","position":1,"name":"Home","item":"https:\/\/bozita.com\/se\/"},{"@type":"ListItem","position":2,"name":"Livet med hund","item":"https:\/\/bozita.com\/se\/hund\/"},{"@type":"ListItem","position":3,"name":"Hundens h\u00e4lsa","item":"https:\/\/bozita.com\/se\/hund\/hundens-halsa\/"},{"@type":"ListItem","position":4,"name":"Valpning"}]},{"@type":"WebSite","@id":"https:\/\/bozita.com\/se\/#website","url":"https:\/\/bozita.com\/se\/","name":"Bozita Sverige","description":"","potentialAction":[{"@type":"SearchAction","target":{"@type":"EntryPoint","urlTemplate":"https:\/\/bozita.com\/se\/?s={search_term_string}"},"query-input":"required name=search_term_string"}],"inLanguage":"sv-SE"},{"@type":"Person","@id":"https:\/\/bozita.com\/se\/#\/schema\/person\/849750c17ebf5083ddb8ee8f61da8f81","name":"mattiasseo","image":{"@type":"ImageObject","inLanguage":"sv-SE","@id":"https:\/\/bozita.com\/se\/#\/schema\/person\/image\/","url":"https:\/\/secure.gravatar.com\/avatar\/624325a2bf21ae33eaf018c7cbaede3f?s=96&d=mm&r=g","contentUrl":"https:\/\/secure.gravatar.com\/avatar\/624325a2bf21ae33eaf018c7cbaede3f?s=96&d=mm&r=g","caption":"mattiasseo"},"url":"https:\/\/bozita.com\/se\/author\/mattiasseo\/"}]}},"_links":{"self":[{"href":"https:\/\/bozita.com\/se\/wp-json\/wp\/v2\/pages\/11700"}],"collection":[{"href":"https:\/\/bozita.com\/se\/wp-json\/wp\/v2\/pages"}],"about":[{"href":"https:\/\/bozita.com\/se\/wp-json\/wp\/v2\/types\/page"}],"author":[{"embeddable":true,"href":"https:\/\/bozita.com\/se\/wp-json\/wp\/v2\/users\/40"}],"replies":[{"embeddable":true,"href":"https:\/\/bozita.com\/se\/wp-json\/wp\/v2\/comments?post=11700"}],"version-history":[{"count":19,"href":"https:\/\/bozita.com\/se\/wp-json\/wp\/v2\/pages\/11700\/revisions"}],"predecessor-version":[{"id":11966,"href":"https:\/\/bozita.com\/se\/wp-json\/wp\/v2\/pages\/11700\/revisions\/11966"}],"up":[{"embeddable":true,"href":"https:\/\/bozita.com\/se\/wp-json\/wp\/v2\/pages\/59"}],"wp:attachment":[{"href":"https:\/\/bozita.com\/se\/wp-json\/wp\/v2\/media?parent=11700"}],"curies":[{"name":"wp","href":"https:\/\/api.w.org\/{rel}","templated":true}]}}