{"id":1174,"date":"2021-06-20T09:22:15","date_gmt":"2021-06-20T09:22:15","guid":{"rendered":"https:\/\/bozita.com\/se\/?page_id=1174"},"modified":"2021-08-25T07:45:02","modified_gmt":"2021-08-25T07:45:02","slug":"balanstrana-med-hund","status":"publish","type":"page","link":"https:\/\/bozita.com\/se\/hund\/aktivera-hunden\/balanstrana-med-hund\/","title":{"rendered":"Balanstr\u00e4ning med hund"},"content":{"rendered":"\t\t<section class=\"small-hero\">\n\t\t\t<div class=\"container\">\n\t\t\t\t<h5>Kunskap<\/h5><h1 class=\"small-hero-title\">Balanstr\u00e4ning med hund<\/h1><p><p>Mellanpudeln Astrid bor hos en av v\u00e5ra produktutvecklare h\u00e4r p\u00e5 Bozita. Som valp fick Astrid diagnosen patellaluxation, ett tillst\u00e5nd d\u00e4r hundens kn\u00e4n hoppar ur led.<\/p>\n<\/p>\t\t\t<\/div>\n\t\t\t<\/div>\n\t\t<\/section>\n\t\n\n\t<div class=\"text-box-warp\">\n\t\t<div class=\"container\">\n\t\t\t<div class=\"text-content\">\n\t\t\t\t<p>I Astrids fall var en operation n\u00f6dv\u00e4ndig. Med hj\u00e4lp av koordinations- och balanstr\u00e4ning f\u00f6r hundar \u00e4r Astrid idag en frisk hund som \u00e4lskar skogspromenader.<\/p>\n<h2>DIAGNOSEN PATELLALUXATION P\u00c5 HUND<\/h2>\n<p>Astrid \u00e4r en mellanpudel som bor hos en av v\u00e5ra produktutvecklare p\u00e5 Bozita. Redan n\u00e4r Astrid var under \u00e5ret uppt\u00e4ckte de att det var n\u00e5got som inte st\u00e4mde med Astrids bakben d\u00e5 hon hoppade som en groda n\u00e4r hon gick fr\u00e5n sittande till att r\u00f6ra sig fram\u00e5t. Hos veterin\u00e4ren konstaterades det att Astrid hade patellaluxation. Hundar som f\u00e5r patellaluxation drabbas av att deras kn\u00e4n hoppar ur led. I m\u00e5nga fall kan man st\u00e4rka upp musklerna runt leden och p\u00e5 s\u00e5 s\u00e4tt f\u00e5 leden stabil och undvika att den hoppar ur. I Astrids fall var problemet tyv\u00e4rr s\u00e5 stort att en operation rekommenderades.<\/p>\n<h2>REHABILITERING MED BALANSTR\u00c4NING F\u00d6R HUNDAR<\/h2>\n<p>Ett kn\u00e4 opererades i taget och efter det f\u00f6ljde en l\u00e5ng tid av rehabilitering i samr\u00e5d med sjukgymnast och ortoped. Rehabiliteringen bestod av att st\u00e4rka upp och aktivera de sm\u00e5 musklerna runt leden genom mycket koordinationstr\u00e4ning och balanstr\u00e4ning f\u00f6r hund. Allt f\u00f6r att f\u00e5 Astrid att anv\u00e4nda sig av b\u00e5da bakbenen lika mycket d\u00e5 hon g\u00e4rna lade mer vikt p\u00e5 det ena bakbenet. F\u00f6r att f\u00e5 Astrid att aktivera b\u00e5da bakbenen var det mycket tr\u00e4ning i skritt, vattentrask b\u00e5de hos veterin\u00e4r och i sj\u00f6ar och mycket g\u00e5ng i bl\u00e5b\u00e4rsris f\u00f6r att f\u00e5 henne att lyfta p\u00e5 bakbenen ordentligt.<\/p>\n<p>Idag g\u00e5r Astrid utan problem upp p\u00e5 balansplattan, ett utm\u00e4rkt redskap f\u00f6r balanstr\u00e4ning med hund. I b\u00f6rjan var det dock en stor utmaning d\u00e5 hon var v\u00e4ldigt r\u00e4dd om sina tassar och \u00e4r en f\u00f6rsiktig hund i grunden. Nyckeln var att b\u00f6rja med shaping, d\u00e4r man gradvis bel\u00f6nar beteenden som hunden bjuder p\u00e5 f\u00f6r att till slut f\u00e5 ett \u00f6nskat beteende. Det gjorde att Astrid fick t\u00e4nka mer p\u00e5 egen hand, fick st\u00f6rre sj\u00e4lvf\u00f6rtroende och v\u00e5gade mer. Helt pl\u00f6tsligt en dag stod hon med alla tassar p\u00e5 balansplattan och flyttade sig till och med runt p\u00e5 den utan problem.<\/p>\n\t\t\t<\/div>\n\t\t<\/div>\n\t<\/div>\n\n\n<section class=\"block full-section-promo\">\n\t<div class=\"container\">\n\t\t<div class=\"mb-3 row align-items-center \n\t\t\t\t\">\n\t\t\t<div class=\"col-md-6\">\n\t\t\t\t\t\t\t\t\t<img decoding=\"async\" src=\"https:\/\/bozita.com\/se\/wp-content\/uploads\/sites\/5\/2021\/08\/bozita-balanstraning-med-astrid.jpg\" alt=\"\">\n\t\t\t\t\t\n\t\t\t<\/div>\n\t\t\t<div class=\"col-md-6\">\n\t\t\t\t<h2>PATELLALUXATION \u2013 PROBLEMFRI <\/h2><p>Astrid \u00e4r idag 6 \u00e5r och har inga problem med sina kn\u00e4n, men hennes matte m\u00e5ste alltid vara extra vaksam f\u00f6r att uppt\u00e4cka r\u00f6relsest\u00f6rningar och alltid vara f\u00f6rebyggande i sina aktiviteter s\u00e5 l\u00e5ngt det g\u00e5r. Risken f\u00f6r artros \u00e4r lite st\u00f6rre men det \u00e4r inget som syns. Nu \u00e4r hon \u00e4r en pigg hund som \u00e4lskar att springa i skogen. <\/p>\t\t\t\t\t<a target=\"\" href=\"https:\/\/www.skk.se\/sv\/uppfodning\/halsa\/halsoprogram\/patellaluxation\/\" class=\"btn btn-primary\">L\u00e4s mer<\/a>\n\t\t\t\t\t\t\t\t<\/div>\n\t\t<\/div>\n\n\n\t<\/div>\n<\/section>\n\n\n\n\t<section class=\"block related-articles\">\n\t\t<div class=\"container\">\n\t\t\t<h2>Relaterade artiklar<\/h2>\n\t\t\t<div class=\"row justify-content-center\">\n\t\t\t\t\t\t\t\t\t\t<div class=\"col-sm-6 col-md-6 col-lg-3\">\n\t\t\t\t\t\t\t\t\t\t\t\t\t\t<div class=\"card \">\n\t\t\t\t\t\t\t\t\t\t\t\t\t\t\t\t\t<img decoding=\"async\"  src=\"https:\/\/bozita.com\/se\/wp-content\/uploads\/sites\/5\/2021\/06\/bozita-smakgaranti-hundmat-kattmat.jpeg\" alt=\"\">\n\t\t\t\t\t\t\t\t\t\t\t\t\t\t\t\t\t<!-- <img decoding=\"async\" src=\"\n\t\t\t\t\t\t\t\t\t\t\t\t\t\t\t\t\t\t\t\t\" alt=\"\n\t\t\t\t\t\t\t\t\t\t\t\t\t\t\t\t\t\t\t\t\t\t\t\t\t\t\t\"> -->\n\t\t\t\t\t\t\t\t<div class=\"card-body\">\n\t\t\t\t\t\t\t\t\t\t\t\t\t\t\t\t\t\t\t<h6>Hundkurser och aktiviteter<\/h6>\n\t\t\t\t\t\t\t\t\t\t\t\t\t\t\t\t\t\t\t<a href=\"https:\/\/bozita.com\/se\/hund\/aktivera-hunden\/forbattra-samspelet-med-din-hund-med-hjalp-av-aktiviteter-och-kurser\/\">L\u00e4s mer &nbsp; ><\/a>\n\t\t\t\t\t\t\t\t<\/div>\n\t\t\t\t\t\t\t<\/div>\n\t\t\t\t\t\t<\/div>\n\n\t\t\t\t\t\t\t\t\t\t\t<div class=\"col-sm-6 col-md-6 col-lg-3\">\n\t\t\t\t\t\t\t\t\t\t\t\t\t\t<div class=\"card \">\n\t\t\t\t\t\t\t\t\t\t\t\t\t\t\t\t\t<img decoding=\"async\"  src=\"https:\/\/bozita.com\/se\/wp-content\/uploads\/sites\/5\/2021\/07\/bozita-ta-med-hunden-till-fjallen.jpeg\" alt=\"\">\n\t\t\t\t\t\t\t\t\t\t\t\t\t\t\t\t\t<!-- <img decoding=\"async\" src=\"\n\t\t\t\t\t\t\t\t\t\t\t\t\t\t\t\t\t\t\t\t\" alt=\"\n\t\t\t\t\t\t\t\t\t\t\t\t\t\t\t\t\t\t\t\t\t\t\t\t\t\t\t\"> -->\n\t\t\t\t\t\t\t\t<div class=\"card-body\">\n\t\t\t\t\t\t\t\t\t\t\t\t\t\t\t\t\t\t\t<h6>Semester med hund i fj\u00e4llen<\/h6>\n\t\t\t\t\t\t\t\t\t\t\t\t\t\t\t\t\t\t\t<a href=\"https:\/\/bozita.com\/se\/hund\/aktivera-hunden\/att-tanka-pa-nar-du-tar-med-hunden-pa-fjallsemester\/\">L\u00e4s mer &nbsp; ><\/a>\n\t\t\t\t\t\t\t\t<\/div>\n\t\t\t\t\t\t\t<\/div>\n\t\t\t\t\t\t<\/div>\n\n\t\t\t\t\t\t\t\t\t\t\t<div class=\"col-sm-6 col-md-6 col-lg-3\">\n\t\t\t\t\t\t\t\t\t\t\t\t\t\t<div class=\"card \">\n\t\t\t\t\t\t\t\t\t\t\t\t\t\t\t\t\t<img decoding=\"async\"  src=\"https:\/\/bozita.com\/se\/wp-content\/uploads\/sites\/5\/2021\/07\/bozita-hund-reflexer-reflexvast.jpeg\" alt=\"\">\n\t\t\t\t\t\t\t\t\t\t\t\t\t\t\t\t\t<!-- <img decoding=\"async\" src=\"\n\t\t\t\t\t\t\t\t\t\t\t\t\t\t\t\t\t\t\t\t\" alt=\"\n\t\t\t\t\t\t\t\t\t\t\t\t\t\t\t\t\t\t\t\t\t\t\t\t\t\t\t\"> -->\n\t\t\t\t\t\t\t\t<div class=\"card-body\">\n\t\t\t\t\t\t\t\t\t\t\t\t\t\t\t\t\t\t\t<h6>Reflexer hund &#8211; en billig livf\u00f6rs\u00e4kring<\/h6>\n\t\t\t\t\t\t\t\t\t\t\t\t\t\t\t\t\t\t\t<a href=\"https:\/\/bozita.com\/se\/hund\/aktivera-hunden\/syns-i-morkret-med-reflexer\/\">L\u00e4s mer &nbsp; ><\/a>\n\t\t\t\t\t\t\t\t<\/div>\n\t\t\t\t\t\t\t<\/div>\n\t\t\t\t\t\t<\/div>\n\n\t\t\t\t\t\t\t\t\t\t\t\t<\/div>\n\t\t<\/div>\n\t<\/section>\n","protected":false},"excerpt":{"rendered":"","protected":false},"author":1,"featured_media":3497,"parent":61,"menu_order":0,"comment_status":"closed","ping_status":"closed","template":"guternberg.php","meta":{"footnotes":""},"acf":[],"yoast_head":"<!-- This site is optimized with the Yoast SEO plugin v21.3 - https:\/\/yoast.com\/wordpress\/plugins\/seo\/ -->\n<title>Balanstr\u00e4ning med hund - rehabilitering av hund | Bozita<\/title>\n<meta name=\"description\" content=\"L\u00e4s om balanstr\u00e4ning f\u00f6r hundar och m\u00f6t Astrid, som fick diagnosen patellaluxation men som idag \u00e4r frisk och kry hund som \u00e4lskar att springa i skogen.\" \/>\n<meta name=\"robots\" content=\"index, follow, max-snippet:-1, max-image-preview:large, max-video-preview:-1\" \/>\n<link rel=\"canonical\" href=\"https:\/\/bozita.com\/se\/hund\/aktivera-hunden\/balanstrana-med-hund\/\" \/>\n<meta property=\"og:locale\" content=\"sv_SE\" \/>\n<meta property=\"og:type\" content=\"article\" \/>\n<meta property=\"og:title\" content=\"Balanstr\u00e4ning med hund - rehabilitering av hund | Bozita\" \/>\n<meta property=\"og:description\" content=\"L\u00e4s om balanstr\u00e4ning f\u00f6r hundar och m\u00f6t Astrid, som fick diagnosen patellaluxation men som idag \u00e4r frisk och kry hund som \u00e4lskar att springa i skogen.\" \/>\n<meta property=\"og:url\" content=\"https:\/\/bozita.com\/se\/hund\/aktivera-hunden\/balanstrana-med-hund\/\" \/>\n<meta property=\"og:site_name\" content=\"Bozita Sverige\" \/>\n<meta property=\"article:modified_time\" content=\"2021-08-25T07:45:02+00:00\" \/>\n<meta property=\"og:image\" content=\"https:\/\/bozita.com\/se\/wp-content\/uploads\/sites\/5\/2021\/08\/bozita_swedish-natural-quality.jpg\" \/>\n\t<meta property=\"og:image:width\" content=\"800\" \/>\n\t<meta property=\"og:image:height\" content=\"533\" \/>\n\t<meta property=\"og:image:type\" content=\"image\/jpeg\" \/>\n<meta name=\"twitter:card\" content=\"summary_large_image\" \/>\n<!-- \/ Yoast SEO plugin. -->","yoast_head_json":{"title":"Balanstr\u00e4ning med hund - rehabilitering av hund | Bozita","description":"L\u00e4s om balanstr\u00e4ning f\u00f6r hundar och m\u00f6t Astrid, som fick diagnosen patellaluxation men som idag \u00e4r frisk och kry hund som \u00e4lskar att springa i skogen.","robots":{"index":"index","follow":"follow","max-snippet":"max-snippet:-1","max-image-preview":"max-image-preview:large","max-video-preview":"max-video-preview:-1"},"canonical":"https:\/\/bozita.com\/se\/hund\/aktivera-hunden\/balanstrana-med-hund\/","og_locale":"sv_SE","og_type":"article","og_title":"Balanstr\u00e4ning med hund - rehabilitering av hund | Bozita","og_description":"L\u00e4s om balanstr\u00e4ning f\u00f6r hundar och m\u00f6t Astrid, som fick diagnosen patellaluxation men som idag \u00e4r frisk och kry hund som \u00e4lskar att springa i skogen.","og_url":"https:\/\/bozita.com\/se\/hund\/aktivera-hunden\/balanstrana-med-hund\/","og_site_name":"Bozita Sverige","article_modified_time":"2021-08-25T07:45:02+00:00","og_image":[{"width":800,"height":533,"url":"https:\/\/bozita.com\/se\/wp-content\/uploads\/sites\/5\/2021\/08\/bozita_swedish-natural-quality.jpg","type":"image\/jpeg"}],"twitter_card":"summary_large_image","schema":{"@context":"https:\/\/schema.org","@graph":[{"@type":"WebPage","@id":"https:\/\/bozita.com\/se\/hund\/aktivera-hunden\/balanstrana-med-hund\/","url":"https:\/\/bozita.com\/se\/hund\/aktivera-hunden\/balanstrana-med-hund\/","name":"Balanstr\u00e4ning med hund - rehabilitering av hund | Bozita","isPartOf":{"@id":"https:\/\/bozita.com\/se\/#website"},"datePublished":"2021-06-20T09:22:15+00:00","dateModified":"2021-08-25T07:45:02+00:00","description":"L\u00e4s om balanstr\u00e4ning f\u00f6r hundar och m\u00f6t Astrid, som fick diagnosen patellaluxation men som idag \u00e4r frisk och kry hund som \u00e4lskar att springa i skogen.","breadcrumb":{"@id":"https:\/\/bozita.com\/se\/hund\/aktivera-hunden\/balanstrana-med-hund\/#breadcrumb"},"inLanguage":"sv-SE","potentialAction":[{"@type":"ReadAction","target":["https:\/\/bozita.com\/se\/hund\/aktivera-hunden\/balanstrana-med-hund\/"]}]},{"@type":"BreadcrumbList","@id":"https:\/\/bozita.com\/se\/hund\/aktivera-hunden\/balanstrana-med-hund\/#breadcrumb","itemListElement":[{"@type":"ListItem","position":1,"name":"Home","item":"https:\/\/bozita.com\/se\/"},{"@type":"ListItem","position":2,"name":"Livet med hund","item":"https:\/\/bozita.com\/se\/hund\/"},{"@type":"ListItem","position":3,"name":"Aktivera din hund","item":"https:\/\/bozita.com\/se\/hund\/aktivera-hunden\/"},{"@type":"ListItem","position":4,"name":"Balanstr\u00e4ning med hund"}]},{"@type":"WebSite","@id":"https:\/\/bozita.com\/se\/#website","url":"https:\/\/bozita.com\/se\/","name":"Bozita Sverige","description":"","potentialAction":[{"@type":"SearchAction","target":{"@type":"EntryPoint","urlTemplate":"https:\/\/bozita.com\/se\/?s={search_term_string}"},"query-input":"required name=search_term_string"}],"inLanguage":"sv-SE"}]}},"_links":{"self":[{"href":"https:\/\/bozita.com\/se\/wp-json\/wp\/v2\/pages\/1174"}],"collection":[{"href":"https:\/\/bozita.com\/se\/wp-json\/wp\/v2\/pages"}],"about":[{"href":"https:\/\/bozita.com\/se\/wp-json\/wp\/v2\/types\/page"}],"author":[{"embeddable":true,"href":"https:\/\/bozita.com\/se\/wp-json\/wp\/v2\/users\/1"}],"replies":[{"embeddable":true,"href":"https:\/\/bozita.com\/se\/wp-json\/wp\/v2\/comments?post=1174"}],"version-history":[{"count":17,"href":"https:\/\/bozita.com\/se\/wp-json\/wp\/v2\/pages\/1174\/revisions"}],"predecessor-version":[{"id":5962,"href":"https:\/\/bozita.com\/se\/wp-json\/wp\/v2\/pages\/1174\/revisions\/5962"}],"up":[{"embeddable":true,"href":"https:\/\/bozita.com\/se\/wp-json\/wp\/v2\/pages\/61"}],"wp:featuredmedia":[{"embeddable":true,"href":"https:\/\/bozita.com\/se\/wp-json\/wp\/v2\/media\/3497"}],"wp:attachment":[{"href":"https:\/\/bozita.com\/se\/wp-json\/wp\/v2\/media?parent=1174"}],"curies":[{"name":"wp","href":"https:\/\/api.w.org\/{rel}","templated":true}]}}