{"id":1180,"date":"2021-06-20T09:34:18","date_gmt":"2021-06-20T09:34:18","guid":{"rendered":"https:\/\/bozita.com\/se\/?page_id=1180"},"modified":"2022-06-20T13:25:18","modified_gmt":"2022-06-20T13:25:18","slug":"att-tanka-pa-nar-du-vandrar-med-hunden","status":"publish","type":"page","link":"https:\/\/bozita.com\/se\/hund\/aktivera-hunden\/att-tanka-pa-nar-du-vandrar-med-hunden\/","title":{"rendered":"Vandra med hund"},"content":{"rendered":"\t\t<section class=\"small-hero\">\n\t\t\t<div class=\"container\">\n\t\t\t\t<h1 class=\"small-hero-title\">Vandra med hund<\/h1>\t\t\t<\/div>\n\t\t\t<\/div>\n\t\t<\/section>\n\t\n\n\t<div class=\"text-box-warp\">\n\t\t<div class=\"container\">\n\t\t\t<div class=\"text-content\">\n\t\t\t\t<p>Det finns m\u00e5nga olika s\u00e4tt att vara aktiv med sin hund och ett s\u00e4tt som har blivit v\u00e4ldigt popul\u00e4rt den senaste tiden \u00e4r att vandra med sin hund. Det finns m\u00e5nga leder runt om i Sverige och man beh\u00f6ver inte \u00e5ka s\u00e5 l\u00e5ngt f\u00f6r att hitta trevliga turer. Men det finns n\u00e5gra saker att t\u00e4nka p\u00e5 innan ni ger er iv\u00e4g.<\/p>\n<h2>ATT T\u00c4NKA P\u00c5 N\u00c4R DU VANDRAR MED HUND<\/h2>\n<p>Det finns dock n\u00e5gra saker som man ska t\u00e4nka p\u00e5 n\u00e4r man vandrar med hund.<\/p>\n<h3>VAR FYSISKT F\u00d6RBEREDDA<\/h3>\n<p>Det f\u00f6rsta du ska t\u00e4nka p\u00e5 n\u00e4r du ska vandra med din hund \u00e4r att b\u00e5de du och hunden \u00e4r fysiskt f\u00f6rberedda f\u00f6r den led som ni v\u00e4ljer. Var noga med att v\u00e4lja leder som \u00e4r p\u00e5 er niv\u00e5 och ta h\u00e4nsyn till din hunds \u00e5lder och kondition. D\u00e5 minskar risken f\u00f6r skador p\u00e5 b\u00e5de dig och hunden. \u00d6ka l\u00e5ngsamt l\u00e4ngden och sv\u00e5righetsgraden i takt med att er kapacitet \u00f6kar.<\/p>\n<h3>TILLFREDSST\u00c4LL BEHOVET AV ENERGI OCH VATTEN<\/h3>\n<p>D\u00e5 hunden r\u00f6r p\u00e5 sig mer under sin hundvandring \u00e4n till vardags b\u00f6r du anpassa m\u00e4ngden mat efter aktivitetsniv\u00e5n. Ett tips p\u00e5 ett enkelt mellanm\u00e5l n\u00e4r ni pausar \u00e4r <a title=\"V\u00e5tfoder\" href=\"https:\/\/bozita.com\/se\/hundfoder\/vatfoder\/\" data-id=\"15806\">Bozitas v\u00e5tfoder<\/a>. Det \u00e4r en bra l\u00f6sning\u00a0f\u00f6r att f\u00e5 i hunden inte bara extra energi under vandringen, utan \u00e4ven extra vatten d\u00e5\u00a0du kan blanda ut en del av v\u00e5tfodret i vattensk\u00e5len f\u00f6r att &#8221;lura&#8221; hunden att dricka lite mer.<\/p>\n<p>N\u00e4r du ger dig ut f\u00f6r att vandra med din hund \u00e4r v\u00e4tska v\u00e4ldigt viktigt f\u00f6r b\u00e5de dig och hunden, s\u00e5 packa g\u00e4rna med mer vatten \u00e4n vad du tror att ni kommer g\u00f6ra av med. F\u00f6r att spara plats i ryggs\u00e4cken finns det ihopf\u00e4llbara sk\u00e5lar som kan anv\u00e4ndas b\u00e5de till vatten och foder till hunden. Om hunden har tr\u00e4nats i att anv\u00e4nda sig av en kl\u00f6vjev\u00e4ska kan hunden b\u00e4ra sin egen mat och vatten.<\/p>\n<h3>VANDRA MED HUND &#8211; HA KOLL P\u00c5 KOPPELREGLER<\/h3>\n<p>Andra saker som kan vara bra att g\u00f6ra innan ni tar er ut i naturen \u00e4r att se \u00f6ver vad det \u00e4r f\u00f6r koppelregler d\u00e4r ni ska g\u00e5.\u00a0Det finns vissa st\u00e4llen, till exempel naturreservat, d\u00e4r hunden alltid ska vara kopplad.<\/p>\n<h3>L\u00c4S P\u00c5 OM NATIONALPARKERS REGLER<\/h3>\n<p>Om du ska vandra med hund i n\u00e5gon av Sveriges nationalparker beh\u00f6ver du l\u00e4sa p\u00e5 vilka regler som g\u00e4ller f\u00f6r hund i just den parken. Mer information hittar du p\u00e5 <a title=\"Om Sveriges nationalparker\" href=\"http:\/\/sverigesnationalparker.se\/om-sveriges-nationalparker\/\" target=\"_blank\" rel=\"noopener\">sverigesnationalparker.se\/om-sveriges-nationalparker<\/a>.<\/p>\n<h3>PACKA F\u00d6RSTA HJ\u00c4LPEN-KIT INF\u00d6R DIN HUNDVANDRING<\/h3>\n<p>Packa med ett f\u00f6rsta hj\u00e4lpen-kit till hunden och \u00e4ven tasskydd. Om hunden skulle skada tassarna kan det vara l\u00e5ng v\u00e4g att b\u00e4ra den.<\/p>\n<h3>TA MED NUMMER TILL JOURVETERIN\u00c4R<\/h3>\n<p>Ha telefonnummer till n\u00e4rmsta jourveterin\u00e4r n\u00e4ra till hands om olyckan skulle vara framme n\u00e4r du \u00e4r ute f\u00f6r att vandra med din hund.<\/p>\n<p><strong>Vidare l\u00e4sning<\/strong><\/p>\n<ul>\n<li><a href=\"https:\/\/bozita.com\/se\/hund\/aktivera-hunden\/\">Aktivera hunden och olika hundaktiviteter<\/a><\/li>\n<\/ul>\n\t\t\t<\/div>\n\t\t<\/div>\n\t<\/div>\n\n\n\n\t<section class=\"block related-articles\">\n\t\t<div class=\"container\">\n\t\t\t<h2>Relaterade artiklar<\/h2>\n\t\t\t<div class=\"row justify-content-center\">\n\t\t\t\t\t\t\t\t\t\t<div class=\"col-sm-6 col-md-6 col-lg-3\">\n\t\t\t\t\t\t\t\t\t\t\t\t\t\t<div class=\"card \">\n\t\t\t\t\t\t\t\t\t\t\t\t\t\t\t\t\t<img decoding=\"async\"  src=\"https:\/\/bozita.com\/se\/wp-content\/uploads\/sites\/5\/2021\/07\/bozita-hund-reflexer-reflexvast.jpeg\" alt=\"\">\n\t\t\t\t\t\t\t\t\t\t\t\t\t\t\t\t\t<!-- <img decoding=\"async\" src=\"\n\t\t\t\t\t\t\t\t\t\t\t\t\t\t\t\t\t\t\t\t\" alt=\"\n\t\t\t\t\t\t\t\t\t\t\t\t\t\t\t\t\t\t\t\t\t\t\t\t\t\t\t\"> -->\n\t\t\t\t\t\t\t\t<div class=\"card-body\">\n\t\t\t\t\t\t\t\t\t\t\t\t\t\t\t\t\t\t\t<h6>Reflexer hund &#8211; en billig livf\u00f6rs\u00e4kring<\/h6>\n\t\t\t\t\t\t\t\t\t\t\t\t\t\t\t\t\t\t\t<a href=\"https:\/\/bozita.com\/se\/hund\/aktivera-hunden\/syns-i-morkret-med-reflexer\/\">L\u00e4s mer &nbsp; ><\/a>\n\t\t\t\t\t\t\t\t<\/div>\n\t\t\t\t\t\t\t<\/div>\n\t\t\t\t\t\t<\/div>\n\n\t\t\t\t\t\t\t\t\t\t\t<div class=\"col-sm-6 col-md-6 col-lg-3\">\n\t\t\t\t\t\t\t\t\t\t\t\t\t\t<div class=\"card \">\n\t\t\t\t\t\t\t\t\t\t\t\t\t\t\t\t\t<img decoding=\"async\"  src=\"https:\/\/bozita.com\/se\/wp-content\/uploads\/sites\/5\/2021\/07\/bozita-ta-med-hunden-till-fjallen.jpeg\" alt=\"\">\n\t\t\t\t\t\t\t\t\t\t\t\t\t\t\t\t\t<!-- <img decoding=\"async\" src=\"\n\t\t\t\t\t\t\t\t\t\t\t\t\t\t\t\t\t\t\t\t\" alt=\"\n\t\t\t\t\t\t\t\t\t\t\t\t\t\t\t\t\t\t\t\t\t\t\t\t\t\t\t\"> -->\n\t\t\t\t\t\t\t\t<div class=\"card-body\">\n\t\t\t\t\t\t\t\t\t\t\t\t\t\t\t\t\t\t\t<h6>Semester med hund i fj\u00e4llen<\/h6>\n\t\t\t\t\t\t\t\t\t\t\t\t\t\t\t\t\t\t\t<a href=\"https:\/\/bozita.com\/se\/hund\/aktivera-hunden\/att-tanka-pa-nar-du-tar-med-hunden-pa-fjallsemester\/\">L\u00e4s mer &nbsp; ><\/a>\n\t\t\t\t\t\t\t\t<\/div>\n\t\t\t\t\t\t\t<\/div>\n\t\t\t\t\t\t<\/div>\n\n\t\t\t\t\t\t\t\t\t\t\t<div class=\"col-sm-6 col-md-6 col-lg-3\">\n\t\t\t\t\t\t\t\t\t\t\t\t\t\t<div class=\"card \">\n\t\t\t\t\t\t\t\t\t\t\t\t\t\t\t\t\t<img decoding=\"async\"  src=\"https:\/\/bozita.com\/se\/wp-content\/uploads\/sites\/5\/2021\/06\/bozita-smakgaranti-hundmat-kattmat.jpeg\" alt=\"\">\n\t\t\t\t\t\t\t\t\t\t\t\t\t\t\t\t\t<!-- <img decoding=\"async\" src=\"\n\t\t\t\t\t\t\t\t\t\t\t\t\t\t\t\t\t\t\t\t\" alt=\"\n\t\t\t\t\t\t\t\t\t\t\t\t\t\t\t\t\t\t\t\t\t\t\t\t\t\t\t\"> -->\n\t\t\t\t\t\t\t\t<div class=\"card-body\">\n\t\t\t\t\t\t\t\t\t\t\t\t\t\t\t\t\t\t\t<h6>Hundkurser och aktiviteter<\/h6>\n\t\t\t\t\t\t\t\t\t\t\t\t\t\t\t\t\t\t\t<a href=\"https:\/\/bozita.com\/se\/hund\/aktivera-hunden\/forbattra-samspelet-med-din-hund-med-hjalp-av-aktiviteter-och-kurser\/\">L\u00e4s mer &nbsp; ><\/a>\n\t\t\t\t\t\t\t\t<\/div>\n\t\t\t\t\t\t\t<\/div>\n\t\t\t\t\t\t<\/div>\n\n\t\t\t\t\t\t\t\t\t\t\t\t<\/div>\n\t\t<\/div>\n\t<\/section>\n","protected":false},"excerpt":{"rendered":"","protected":false},"author":1,"featured_media":3366,"parent":61,"menu_order":0,"comment_status":"closed","ping_status":"closed","template":"guternberg.php","meta":{"footnotes":""},"acf":[],"yoast_head":"<!-- This site is optimized with the Yoast SEO plugin v21.3 - https:\/\/yoast.com\/wordpress\/plugins\/seo\/ -->\n<title>Vandra med hunden \u2013 det h\u00e4r \u00e4r bra att k\u00e4nna till | Bozita<\/title>\n<meta name=\"description\" content=\"N\u00e4r man ska ut och vandra med hunden \u00e4r det viktigt att vara v\u00e4l f\u00f6rberedd s\u00e5 att ni f\u00e5r en h\u00e4rlig upplevelse. Vi hj\u00e4lper dig med vad du beh\u00f6ver t\u00e4nka p\u00e5.\" \/>\n<meta name=\"robots\" content=\"index, follow, max-snippet:-1, max-image-preview:large, max-video-preview:-1\" \/>\n<link rel=\"canonical\" href=\"https:\/\/bozita.com\/se\/hund\/aktivera-hunden\/att-tanka-pa-nar-du-vandrar-med-hunden\/\" \/>\n<meta property=\"og:locale\" content=\"sv_SE\" \/>\n<meta property=\"og:type\" content=\"article\" \/>\n<meta property=\"og:title\" content=\"Vandra med hunden \u2013 det h\u00e4r \u00e4r bra att k\u00e4nna till | Bozita\" \/>\n<meta property=\"og:description\" content=\"N\u00e4r man ska ut och vandra med hunden \u00e4r det viktigt att vara v\u00e4l f\u00f6rberedd s\u00e5 att ni f\u00e5r en h\u00e4rlig upplevelse. Vi hj\u00e4lper dig med vad du beh\u00f6ver t\u00e4nka p\u00e5.\" \/>\n<meta property=\"og:url\" content=\"https:\/\/bozita.com\/se\/hund\/aktivera-hunden\/att-tanka-pa-nar-du-vandrar-med-hunden\/\" \/>\n<meta property=\"og:site_name\" content=\"Bozita Sverige\" \/>\n<meta property=\"article:modified_time\" content=\"2022-06-20T13:25:18+00:00\" \/>\n<meta property=\"og:image\" content=\"https:\/\/bozita.com\/se\/wp-content\/uploads\/sites\/5\/2021\/07\/bozita-vandra-med-hund.jpeg\" \/>\n\t<meta property=\"og:image:width\" content=\"800\" \/>\n\t<meta property=\"og:image:height\" content=\"533\" \/>\n\t<meta property=\"og:image:type\" content=\"image\/jpeg\" \/>\n<meta name=\"twitter:card\" content=\"summary_large_image\" \/>\n<!-- \/ Yoast SEO plugin. -->","yoast_head_json":{"title":"Vandra med hunden \u2013 det h\u00e4r \u00e4r bra att k\u00e4nna till | Bozita","description":"N\u00e4r man ska ut och vandra med hunden \u00e4r det viktigt att vara v\u00e4l f\u00f6rberedd s\u00e5 att ni f\u00e5r en h\u00e4rlig upplevelse. Vi hj\u00e4lper dig med vad du beh\u00f6ver t\u00e4nka p\u00e5.","robots":{"index":"index","follow":"follow","max-snippet":"max-snippet:-1","max-image-preview":"max-image-preview:large","max-video-preview":"max-video-preview:-1"},"canonical":"https:\/\/bozita.com\/se\/hund\/aktivera-hunden\/att-tanka-pa-nar-du-vandrar-med-hunden\/","og_locale":"sv_SE","og_type":"article","og_title":"Vandra med hunden \u2013 det h\u00e4r \u00e4r bra att k\u00e4nna till | Bozita","og_description":"N\u00e4r man ska ut och vandra med hunden \u00e4r det viktigt att vara v\u00e4l f\u00f6rberedd s\u00e5 att ni f\u00e5r en h\u00e4rlig upplevelse. Vi hj\u00e4lper dig med vad du beh\u00f6ver t\u00e4nka p\u00e5.","og_url":"https:\/\/bozita.com\/se\/hund\/aktivera-hunden\/att-tanka-pa-nar-du-vandrar-med-hunden\/","og_site_name":"Bozita Sverige","article_modified_time":"2022-06-20T13:25:18+00:00","og_image":[{"width":800,"height":533,"url":"https:\/\/bozita.com\/se\/wp-content\/uploads\/sites\/5\/2021\/07\/bozita-vandra-med-hund.jpeg","type":"image\/jpeg"}],"twitter_card":"summary_large_image","schema":{"@context":"https:\/\/schema.org","@graph":[{"@type":"WebPage","@id":"https:\/\/bozita.com\/se\/hund\/aktivera-hunden\/att-tanka-pa-nar-du-vandrar-med-hunden\/","url":"https:\/\/bozita.com\/se\/hund\/aktivera-hunden\/att-tanka-pa-nar-du-vandrar-med-hunden\/","name":"Vandra med hunden \u2013 det h\u00e4r \u00e4r bra att k\u00e4nna till | Bozita","isPartOf":{"@id":"https:\/\/bozita.com\/se\/#website"},"datePublished":"2021-06-20T09:34:18+00:00","dateModified":"2022-06-20T13:25:18+00:00","description":"N\u00e4r man ska ut och vandra med hunden \u00e4r det viktigt att vara v\u00e4l f\u00f6rberedd s\u00e5 att ni f\u00e5r en h\u00e4rlig upplevelse. Vi hj\u00e4lper dig med vad du beh\u00f6ver t\u00e4nka p\u00e5.","breadcrumb":{"@id":"https:\/\/bozita.com\/se\/hund\/aktivera-hunden\/att-tanka-pa-nar-du-vandrar-med-hunden\/#breadcrumb"},"inLanguage":"sv-SE","potentialAction":[{"@type":"ReadAction","target":["https:\/\/bozita.com\/se\/hund\/aktivera-hunden\/att-tanka-pa-nar-du-vandrar-med-hunden\/"]}]},{"@type":"BreadcrumbList","@id":"https:\/\/bozita.com\/se\/hund\/aktivera-hunden\/att-tanka-pa-nar-du-vandrar-med-hunden\/#breadcrumb","itemListElement":[{"@type":"ListItem","position":1,"name":"Home","item":"https:\/\/bozita.com\/se\/"},{"@type":"ListItem","position":2,"name":"Livet med hund","item":"https:\/\/bozita.com\/se\/hund\/"},{"@type":"ListItem","position":3,"name":"Aktivera din hund","item":"https:\/\/bozita.com\/se\/hund\/aktivera-hunden\/"},{"@type":"ListItem","position":4,"name":"Vandra med hund"}]},{"@type":"WebSite","@id":"https:\/\/bozita.com\/se\/#website","url":"https:\/\/bozita.com\/se\/","name":"Bozita Sverige","description":"","potentialAction":[{"@type":"SearchAction","target":{"@type":"EntryPoint","urlTemplate":"https:\/\/bozita.com\/se\/?s={search_term_string}"},"query-input":"required name=search_term_string"}],"inLanguage":"sv-SE"}]}},"_links":{"self":[{"href":"https:\/\/bozita.com\/se\/wp-json\/wp\/v2\/pages\/1180"}],"collection":[{"href":"https:\/\/bozita.com\/se\/wp-json\/wp\/v2\/pages"}],"about":[{"href":"https:\/\/bozita.com\/se\/wp-json\/wp\/v2\/types\/page"}],"author":[{"embeddable":true,"href":"https:\/\/bozita.com\/se\/wp-json\/wp\/v2\/users\/1"}],"replies":[{"embeddable":true,"href":"https:\/\/bozita.com\/se\/wp-json\/wp\/v2\/comments?post=1180"}],"version-history":[{"count":19,"href":"https:\/\/bozita.com\/se\/wp-json\/wp\/v2\/pages\/1180\/revisions"}],"predecessor-version":[{"id":7760,"href":"https:\/\/bozita.com\/se\/wp-json\/wp\/v2\/pages\/1180\/revisions\/7760"}],"up":[{"embeddable":true,"href":"https:\/\/bozita.com\/se\/wp-json\/wp\/v2\/pages\/61"}],"wp:featuredmedia":[{"embeddable":true,"href":"https:\/\/bozita.com\/se\/wp-json\/wp\/v2\/media\/3366"}],"wp:attachment":[{"href":"https:\/\/bozita.com\/se\/wp-json\/wp\/v2\/media?parent=1180"}],"curies":[{"name":"wp","href":"https:\/\/api.w.org\/{rel}","templated":true}]}}