{"id":1184,"date":"2021-06-20T09:35:33","date_gmt":"2021-06-20T09:35:33","guid":{"rendered":"https:\/\/bozita.com\/se\/?page_id=1184"},"modified":"2022-06-20T13:27:06","modified_gmt":"2022-06-20T13:27:06","slug":"att-tanka-pa-nar-du-tar-med-hunden-pa-fjallsemester","status":"publish","type":"page","link":"https:\/\/bozita.com\/se\/hund\/aktivera-hunden\/att-tanka-pa-nar-du-tar-med-hunden-pa-fjallsemester\/","title":{"rendered":"Semester med hund i fj\u00e4llen"},"content":{"rendered":"\t\t<section class=\"small-hero\">\n\t\t\t<div class=\"container\">\n\t\t\t\t<h1 class=\"small-hero-title\">Semester med hund i fj\u00e4llen<\/h1>\t\t\t<\/div>\n\t\t\t<\/div>\n\t\t<\/section>\n\t\n\n\t<div class=\"text-box-warp\">\n\t\t<div class=\"container\">\n\t\t\t<div class=\"text-content\">\n\t\t\t\t<p><strong>\u00c4r du en av dem som njuter av sn\u00f6 och vinter och g\u00e4rna packar bilen full med varma kl\u00e4der och pj\u00e4xor f\u00f6r att \u00e5ka till fj\u00e4llen? Kanske planerar du f\u00f6r en semester tillsammans med din hund men funderar p\u00e5 hur det \u00e4r att ha med sin hund i fj\u00e4llen. En fj\u00e4llsemester tillsammans med din hund bjuder in till m\u00e5nga h\u00e4rliga upplevelser. Men det finns ett par saker att ha koll p\u00e5 innan ni beger er mot kallare breddgrader.<\/strong><\/p>\n<h2>\u00c5KA SKIDOR MED HUND<\/h2>\n<p>Det f\u00f6rsta du b\u00f6r ha klart f\u00f6r dig \u00e4r att hundar inte \u00e4r v\u00e4lkomna i pisten. Om du vill uppleva fj\u00e4llv\u00e4rlden tillsammans med din b\u00e4sta v\u00e4n \u00e4r det d\u00e4rf\u00f6r l\u00e4ge att sikta l\u00e5ngt och inte h\u00f6gt. Packa l\u00e4ngdskidorna och g\u00f6r er redo f\u00f6r fj\u00e4llturer i sp\u00e5ren. Det \u00e4r verkligen en h\u00e4rlig upplevelse att \u00e5ka skidor med hunden.<\/p>\n<p>De flesta skidorter erbjuder l\u00e4ngdsp\u00e5r d\u00e4r hundar \u00e4r v\u00e4lkomna, men notera att du allt som oftast beh\u00f6ver ha din hund kopplad. Det finns riktigt strikta regler n\u00e4r det kommer till detta, speciellt p\u00e5 platser d\u00e4r rensk\u00f6tsel \u00e4r till\u00e5tet, s\u00e5 kolla upp vad som g\u00e4ller p\u00e5 f\u00f6rhand.<\/p>\n<h2>KOPPLA HUNDEN R\u00c4TT I FJ\u00c4LLEN<\/h2>\n<p>N\u00e4r du tar med din hund i fj\u00e4llen \u00e4r det bra om du funderar p\u00e5 vilken koppling du vill anv\u00e4nda, det finns en del olika alternativ. Om din hund vill dra \u00e4r det viktigt att inte anv\u00e4nda ett halsband. Vilken sele ni sedan v\u00e4ljer beror lite p\u00e5 vad din hund \u00e4r van vid och vad som passar er. Vill du passa p\u00e5 att f\u00e5 lite draghj\u00e4lp eller bara slippa trasslet med ett koppel i handen, kan vi rekommendera att inf\u00f6rskaffa ett canicross-kit, det vill s\u00e4ga tolkb\u00e4lte och elastisk draglina . L\u00e5t inte en hund som inte v\u00e4xt f\u00e4rdigt g\u00f6ra n\u00e5gon dragtr\u00e4ning, det \u00e4r mer belastning \u00e4n vad en valpkropp klarar av. Om din hund har k\u00e4nsliga trampdynor som g\u00f6r ont mot den vassa skaren, eller tycker det \u00e4r obehagligt om det bildas is under tassarna kan det ocks\u00e5 vara bra att investera i tasskydd. T\u00e4nk p\u00e5 att l\u00e4mna fj\u00e4llskidor med st\u00e5lkanter hemma om du ska \u00e5ka skidor med din hund, det \u00e4r inte en bra kombination ihop med hunden.<\/p>\n<ul>\n<li><a title=\"Canicross l\u00f6ptr\u00e4na med hund i sele\" href=\"https:\/\/bozita.com\/se\/canicross-loptrana-med-hund-i-sele\/\" data-id=\"15657\">L\u00e4s mer om v\u00e5r ambassad\u00f6r Lisa och hur hon tr\u00e4nar canicross<\/a><\/li>\n<\/ul>\n<h2>FJ\u00c4LLSEMESTER MED HUND &#8211; FYLL P\u00c5 MED ENERGI<\/h2>\n<p>Se till att du har r\u00e4tt packning innan ni tar er ut. En skidtur kr\u00e4ver mycket energi, b\u00e5de av dig och din hund. Packa lite proviant att fylla p\u00e5 reserverna med s\u00e5 att ni orkar mer och dessutom f\u00e5r ni en urs\u00e4kt till att pausa och njuta lite extra p\u00e5 v\u00e4gen. Om det \u00e4r kallt och din hund l\u00e4tt fryser \u00e4r det bra att ocks\u00e5 ha med ett t\u00e4cke. Kom ih\u00e5g att rinnande vatten inte alltid \u00e4r l\u00e4tt att hitta p\u00e5 ett fj\u00e4ll i vinterskrud, s\u00e5 packa \u00e4ven ner detta. Gl\u00f6m heller inte att ta med dig bajsp\u00e5sar ut om din hund skulle f\u00e5 f\u00f6r sig att ta en toalettpaus rakt i sp\u00e5ret \u2013 hundbajs \u00e4r n\u00e4mligen inte den b\u00e4sta vallan, om man s\u00e4ger s\u00e5\u2026<\/p>\n<ul>\n<li>Fyll p\u00e5 med energi till din hund &#8211; <a title=\"Hundfoder\" href=\"https:\/\/bozita.com\/se\/hundfoder\/\">v\u00e5rt svensktillverkade hundfoder hittar du h\u00e4r<\/a>.<\/li>\n<\/ul>\n<h2>V\u00c4LJ BARA L\u00c4MPLIGA HUNDSP\u00c5R<\/h2>\n<p>S\u00e5 var det dags att ge sig ut och verkligen njuta av din fj\u00e4llsemester ihop med din hund. T\u00e4nk p\u00e5 att v\u00e4lja en tur som ni b\u00e5da klarar av. Ta hellre en lite kortare sv\u00e4ng till att b\u00f6rja med f\u00f6r att k\u00e4nna efter. \u00c4ven om du \u00e4r en van skid\u00e5kare \u00e4r det en helt annan sak att ha med sig en hund som springer runt omkring dig eller som kanske till och med drar i dig. Tr\u00e4na lite lugnt i b\u00f6rjan f\u00f6r att sedan skruva upp niv\u00e5n. Det \u00e4r bra att t\u00e4nka till avseende vilket sp\u00e5r du v\u00e4ljer att \u00e5ka skidor med din hund i. Fyra tassar kan vara tillr\u00e4ckligt f\u00f6r att kunna f\u00f6rst\u00f6ra ett sp\u00e5r, beroende p\u00e5 sn\u00f6kvalitet. Utg\u00e5 fr\u00e5n de sp\u00e5r som till\u00e5ter hund och ta g\u00e4rna reda p\u00e5 vilka sp\u00e5r som \u00e4r popul\u00e4ra bland \u00e5kare som aktivt ut\u00f6var skidor som en sport och v\u00e4lj bort dessa f\u00f6r att ist\u00e4llet satsa p\u00e5 tursp\u00e5r d\u00e4r folk \u00e5ker lite l\u00e5ngsammare och mer \u201dnjutningsfullt\u201d. P\u00e5 st\u00e4llen d\u00e4r l\u00e4ngdskid\u00e5kningen \u00e4r mer organiserad brukar hundar oftast h\u00e4nvisas till de slingor som har skejtsp\u00e5r f\u00f6r att inte f\u00f6rst\u00f6ra de klassiska sp\u00e5ren.<\/p>\n<p>Slutligen, njut av att ha med din hund i fj\u00e4llen och av att \u00e5ka skidor med din hund! Frisk luft, vidstr\u00e4ckta vintervyer och sk\u00f6n motion tillsammans med din fyrbenta v\u00e4n \u00e4r verkligen n\u00e5gonting alldeles speciellt. En underbar semester med din hund helt enkelt.<\/p>\n<p><strong>Vidare l\u00e4sning<\/strong><\/p>\n<ul>\n<li><a href=\"https:\/\/bozita.com\/se\/hund\/aktivera-hunden\/\">Aktivera hunden och olika hundaktiviteter<\/a><\/li>\n<\/ul>\n\t\t\t<\/div>\n\t\t<\/div>\n\t<\/div>\n\n\n\n\t<section class=\"block related-articles\">\n\t\t<div class=\"container\">\n\t\t\t<h2>Relaterade artiklar<\/h2>\n\t\t\t<div class=\"row justify-content-center\">\n\t\t\t\t\t\t\t\t\t\t<div class=\"col-sm-6 col-md-6 col-lg-3\">\n\t\t\t\t\t\t\t\t\t\t\t\t\t\t<div class=\"card \">\n\t\t\t\t\t\t\t\t\t\t\t\t\t\t\t\t\t<img decoding=\"async\"  src=\"https:\/\/bozita.com\/se\/wp-content\/uploads\/sites\/5\/2021\/07\/bozita-vandra-med-hund.jpeg\" alt=\"\">\n\t\t\t\t\t\t\t\t\t\t\t\t\t\t\t\t\t<!-- <img decoding=\"async\" src=\"\n\t\t\t\t\t\t\t\t\t\t\t\t\t\t\t\t\t\t\t\t\" alt=\"\n\t\t\t\t\t\t\t\t\t\t\t\t\t\t\t\t\t\t\t\t\t\t\t\t\t\t\t\"> -->\n\t\t\t\t\t\t\t\t<div class=\"card-body\">\n\t\t\t\t\t\t\t\t\t\t\t\t\t\t\t\t\t\t\t<h6>Vandra med hund<\/h6>\n\t\t\t\t\t\t\t\t\t\t\t\t\t\t\t\t\t\t\t<a href=\"https:\/\/bozita.com\/se\/hund\/aktivera-hunden\/att-tanka-pa-nar-du-vandrar-med-hunden\/\">L\u00e4s mer &nbsp; ><\/a>\n\t\t\t\t\t\t\t\t<\/div>\n\t\t\t\t\t\t\t<\/div>\n\t\t\t\t\t\t<\/div>\n\n\t\t\t\t\t\t\t\t\t\t\t<div class=\"col-sm-6 col-md-6 col-lg-3\">\n\t\t\t\t\t\t\t\t\t\t\t\t\t\t<div class=\"card \">\n\t\t\t\t\t\t\t\t\t\t\t\t\t\t\t\t\t<img decoding=\"async\"  src=\"https:\/\/bozita.com\/se\/wp-content\/uploads\/sites\/5\/2021\/06\/bozita-smakgaranti-hundmat-kattmat.jpeg\" alt=\"\">\n\t\t\t\t\t\t\t\t\t\t\t\t\t\t\t\t\t<!-- <img decoding=\"async\" src=\"\n\t\t\t\t\t\t\t\t\t\t\t\t\t\t\t\t\t\t\t\t\" alt=\"\n\t\t\t\t\t\t\t\t\t\t\t\t\t\t\t\t\t\t\t\t\t\t\t\t\t\t\t\"> -->\n\t\t\t\t\t\t\t\t<div class=\"card-body\">\n\t\t\t\t\t\t\t\t\t\t\t\t\t\t\t\t\t\t\t<h6>Hundkurser och aktiviteter<\/h6>\n\t\t\t\t\t\t\t\t\t\t\t\t\t\t\t\t\t\t\t<a href=\"https:\/\/bozita.com\/se\/hund\/aktivera-hunden\/forbattra-samspelet-med-din-hund-med-hjalp-av-aktiviteter-och-kurser\/\">L\u00e4s mer &nbsp; ><\/a>\n\t\t\t\t\t\t\t\t<\/div>\n\t\t\t\t\t\t\t<\/div>\n\t\t\t\t\t\t<\/div>\n\n\t\t\t\t\t\t\t\t\t\t\t<div class=\"col-sm-6 col-md-6 col-lg-3\">\n\t\t\t\t\t\t\t\t\t\t\t\t\t\t<div class=\"card \">\n\t\t\t\t\t\t\t\t\t\t\t\t\t\t\t\t\t<img decoding=\"async\"  src=\"https:\/\/bozita.com\/se\/wp-content\/uploads\/sites\/5\/2021\/07\/bozita-hund-reflexer-reflexvast.jpeg\" alt=\"\">\n\t\t\t\t\t\t\t\t\t\t\t\t\t\t\t\t\t<!-- <img decoding=\"async\" src=\"\n\t\t\t\t\t\t\t\t\t\t\t\t\t\t\t\t\t\t\t\t\" alt=\"\n\t\t\t\t\t\t\t\t\t\t\t\t\t\t\t\t\t\t\t\t\t\t\t\t\t\t\t\"> -->\n\t\t\t\t\t\t\t\t<div class=\"card-body\">\n\t\t\t\t\t\t\t\t\t\t\t\t\t\t\t\t\t\t\t<h6>Reflexer hund &#8211; en billig livf\u00f6rs\u00e4kring<\/h6>\n\t\t\t\t\t\t\t\t\t\t\t\t\t\t\t\t\t\t\t<a href=\"https:\/\/bozita.com\/se\/hund\/aktivera-hunden\/syns-i-morkret-med-reflexer\/\">L\u00e4s mer &nbsp; ><\/a>\n\t\t\t\t\t\t\t\t<\/div>\n\t\t\t\t\t\t\t<\/div>\n\t\t\t\t\t\t<\/div>\n\n\t\t\t\t\t\t\t\t\t\t\t\t<\/div>\n\t\t<\/div>\n\t<\/section>\n","protected":false},"excerpt":{"rendered":"","protected":false},"author":1,"featured_media":3369,"parent":61,"menu_order":0,"comment_status":"closed","ping_status":"closed","template":"guternberg.php","meta":{"footnotes":""},"acf":[],"yoast_head":"<!-- This site is optimized with the Yoast SEO plugin v21.3 - https:\/\/yoast.com\/wordpress\/plugins\/seo\/ -->\n<title>Semester med hund i fj\u00e4llen \u2013 3 saker att t\u00e4nka p\u00e5 | Bozita<\/title>\n<meta name=\"description\" content=\"G\u00e5r det att \u00e5ka p\u00e5 fj\u00e4llsemester med hund? Ska du ta med din hund till fj\u00e4llen och kanske till och med \u00e5ka skidor med hunden? L\u00e4s v\u00e5ra 3 viktiga tips.\" \/>\n<meta name=\"robots\" content=\"index, follow, max-snippet:-1, max-image-preview:large, max-video-preview:-1\" \/>\n<link rel=\"canonical\" href=\"https:\/\/bozita.com\/se\/hund\/aktivera-hunden\/att-tanka-pa-nar-du-tar-med-hunden-pa-fjallsemester\/\" \/>\n<meta property=\"og:locale\" content=\"sv_SE\" \/>\n<meta property=\"og:type\" content=\"article\" \/>\n<meta property=\"og:title\" content=\"Semester med hund i fj\u00e4llen \u2013 3 saker att t\u00e4nka p\u00e5 | Bozita\" \/>\n<meta property=\"og:description\" content=\"G\u00e5r det att \u00e5ka p\u00e5 fj\u00e4llsemester med hund? Ska du ta med din hund till fj\u00e4llen och kanske till och med \u00e5ka skidor med hunden? L\u00e4s v\u00e5ra 3 viktiga tips.\" \/>\n<meta property=\"og:url\" content=\"https:\/\/bozita.com\/se\/hund\/aktivera-hunden\/att-tanka-pa-nar-du-tar-med-hunden-pa-fjallsemester\/\" \/>\n<meta property=\"og:site_name\" content=\"Bozita Sverige\" \/>\n<meta property=\"article:modified_time\" content=\"2022-06-20T13:27:06+00:00\" \/>\n<meta property=\"og:image\" content=\"https:\/\/bozita.com\/se\/wp-content\/uploads\/sites\/5\/2021\/07\/bozita-ta-med-hunden-till-fjallen.jpeg\" \/>\n\t<meta property=\"og:image:width\" content=\"800\" \/>\n\t<meta property=\"og:image:height\" content=\"532\" \/>\n\t<meta property=\"og:image:type\" content=\"image\/jpeg\" \/>\n<meta name=\"twitter:card\" content=\"summary_large_image\" \/>\n<!-- \/ Yoast SEO plugin. -->","yoast_head_json":{"title":"Semester med hund i fj\u00e4llen \u2013 3 saker att t\u00e4nka p\u00e5 | Bozita","description":"G\u00e5r det att \u00e5ka p\u00e5 fj\u00e4llsemester med hund? Ska du ta med din hund till fj\u00e4llen och kanske till och med \u00e5ka skidor med hunden? L\u00e4s v\u00e5ra 3 viktiga tips.","robots":{"index":"index","follow":"follow","max-snippet":"max-snippet:-1","max-image-preview":"max-image-preview:large","max-video-preview":"max-video-preview:-1"},"canonical":"https:\/\/bozita.com\/se\/hund\/aktivera-hunden\/att-tanka-pa-nar-du-tar-med-hunden-pa-fjallsemester\/","og_locale":"sv_SE","og_type":"article","og_title":"Semester med hund i fj\u00e4llen \u2013 3 saker att t\u00e4nka p\u00e5 | Bozita","og_description":"G\u00e5r det att \u00e5ka p\u00e5 fj\u00e4llsemester med hund? Ska du ta med din hund till fj\u00e4llen och kanske till och med \u00e5ka skidor med hunden? L\u00e4s v\u00e5ra 3 viktiga tips.","og_url":"https:\/\/bozita.com\/se\/hund\/aktivera-hunden\/att-tanka-pa-nar-du-tar-med-hunden-pa-fjallsemester\/","og_site_name":"Bozita Sverige","article_modified_time":"2022-06-20T13:27:06+00:00","og_image":[{"width":800,"height":532,"url":"https:\/\/bozita.com\/se\/wp-content\/uploads\/sites\/5\/2021\/07\/bozita-ta-med-hunden-till-fjallen.jpeg","type":"image\/jpeg"}],"twitter_card":"summary_large_image","schema":{"@context":"https:\/\/schema.org","@graph":[{"@type":"WebPage","@id":"https:\/\/bozita.com\/se\/hund\/aktivera-hunden\/att-tanka-pa-nar-du-tar-med-hunden-pa-fjallsemester\/","url":"https:\/\/bozita.com\/se\/hund\/aktivera-hunden\/att-tanka-pa-nar-du-tar-med-hunden-pa-fjallsemester\/","name":"Semester med hund i fj\u00e4llen \u2013 3 saker att t\u00e4nka p\u00e5 | Bozita","isPartOf":{"@id":"https:\/\/bozita.com\/se\/#website"},"datePublished":"2021-06-20T09:35:33+00:00","dateModified":"2022-06-20T13:27:06+00:00","description":"G\u00e5r det att \u00e5ka p\u00e5 fj\u00e4llsemester med hund? Ska du ta med din hund till fj\u00e4llen och kanske till och med \u00e5ka skidor med hunden? L\u00e4s v\u00e5ra 3 viktiga tips.","breadcrumb":{"@id":"https:\/\/bozita.com\/se\/hund\/aktivera-hunden\/att-tanka-pa-nar-du-tar-med-hunden-pa-fjallsemester\/#breadcrumb"},"inLanguage":"sv-SE","potentialAction":[{"@type":"ReadAction","target":["https:\/\/bozita.com\/se\/hund\/aktivera-hunden\/att-tanka-pa-nar-du-tar-med-hunden-pa-fjallsemester\/"]}]},{"@type":"BreadcrumbList","@id":"https:\/\/bozita.com\/se\/hund\/aktivera-hunden\/att-tanka-pa-nar-du-tar-med-hunden-pa-fjallsemester\/#breadcrumb","itemListElement":[{"@type":"ListItem","position":1,"name":"Home","item":"https:\/\/bozita.com\/se\/"},{"@type":"ListItem","position":2,"name":"Livet med hund","item":"https:\/\/bozita.com\/se\/hund\/"},{"@type":"ListItem","position":3,"name":"Aktivera din hund","item":"https:\/\/bozita.com\/se\/hund\/aktivera-hunden\/"},{"@type":"ListItem","position":4,"name":"Semester med hund i fj\u00e4llen"}]},{"@type":"WebSite","@id":"https:\/\/bozita.com\/se\/#website","url":"https:\/\/bozita.com\/se\/","name":"Bozita Sverige","description":"","potentialAction":[{"@type":"SearchAction","target":{"@type":"EntryPoint","urlTemplate":"https:\/\/bozita.com\/se\/?s={search_term_string}"},"query-input":"required name=search_term_string"}],"inLanguage":"sv-SE"}]}},"_links":{"self":[{"href":"https:\/\/bozita.com\/se\/wp-json\/wp\/v2\/pages\/1184"}],"collection":[{"href":"https:\/\/bozita.com\/se\/wp-json\/wp\/v2\/pages"}],"about":[{"href":"https:\/\/bozita.com\/se\/wp-json\/wp\/v2\/types\/page"}],"author":[{"embeddable":true,"href":"https:\/\/bozita.com\/se\/wp-json\/wp\/v2\/users\/1"}],"replies":[{"embeddable":true,"href":"https:\/\/bozita.com\/se\/wp-json\/wp\/v2\/comments?post=1184"}],"version-history":[{"count":21,"href":"https:\/\/bozita.com\/se\/wp-json\/wp\/v2\/pages\/1184\/revisions"}],"predecessor-version":[{"id":7763,"href":"https:\/\/bozita.com\/se\/wp-json\/wp\/v2\/pages\/1184\/revisions\/7763"}],"up":[{"embeddable":true,"href":"https:\/\/bozita.com\/se\/wp-json\/wp\/v2\/pages\/61"}],"wp:featuredmedia":[{"embeddable":true,"href":"https:\/\/bozita.com\/se\/wp-json\/wp\/v2\/media\/3369"}],"wp:attachment":[{"href":"https:\/\/bozita.com\/se\/wp-json\/wp\/v2\/media?parent=1184"}],"curies":[{"name":"wp","href":"https:\/\/api.w.org\/{rel}","templated":true}]}}