{"id":1188,"date":"2021-06-20T09:37:01","date_gmt":"2021-06-20T09:37:01","guid":{"rendered":"https:\/\/bozita.com\/se\/?page_id=1188"},"modified":"2022-06-20T13:23:01","modified_gmt":"2022-06-20T13:23:01","slug":"ta-med-hunden-pa-baten","status":"publish","type":"page","link":"https:\/\/bozita.com\/se\/hund\/aktivera-hunden\/ta-med-hunden-pa-baten\/","title":{"rendered":"Hund p\u00e5 b\u00e5t \u2013 4 s\u00e4kerhetstips"},"content":{"rendered":"\t\t<section class=\"small-hero\">\n\t\t\t<div class=\"container\">\n\t\t\t\t<h1 class=\"small-hero-title\">Hund p\u00e5 b\u00e5t &#8211; 4 s\u00e4kerhetstips<\/h1>\t\t\t<\/div>\n\t\t\t<\/div>\n\t\t<\/section>\n\t\n\n\t<div class=\"text-box-warp\">\n\t\t<div class=\"container\">\n\t\t\t<div class=\"text-content\">\n\t\t\t\t<p>Om en sommar ute p\u00e5 b\u00f6ljan den bl\u00e5 \u00e4r vad som v\u00e4ntar och du planerar att ta med din hund ombord p\u00e5 b\u00e5ten g\u00e4ller det att h\u00e5lla tungan r\u00e4tt i mun \u2013 h\u00e4r finns mycket att ha koll p\u00e5 innan ni ger er av!<\/p>\n<p>Det kan tyckas bekymmersfritt att glida fram \u00f6ver spegelblankt vatten utan ett moln i sikte. Och nog vill man som hund\u00e4gare ta med sig sin hund p\u00e5 b\u00e5ten. B\u00e5tlivet p\u00e5 m\u00e5nga s\u00e4tt sk\u00f6nt och kravl\u00f6st, men det st\u00e4ller ocks\u00e5 h\u00f6ga krav p\u00e5 b\u00e5de s\u00e4kerhet och logistik, speciellt om hunden ska vara medpassagerare. Det \u00e4r en ovan upplevelse f\u00f6r en hund att pl\u00f6tsligt befinna sig p\u00e5 en liten, m\u00e4rklig yta ovanp\u00e5 vattnet och det \u00e4r sv\u00e5rt att p\u00e5 f\u00f6rhand veta hur hunden kommer trivas och bete sig.<\/p>\n<h2>FLYTV\u00c4ST HUND &#8211; F\u00d6R S\u00c4KERHETS SKULL<\/h2>\n<p>Det f\u00f6rsta och viktigaste att t\u00e4nka p\u00e5 n\u00e4r du tar med hunden p\u00e5 b\u00e5ten \u00e4r att den m\u00e5ste b\u00e4ra flytv\u00e4st f\u00f6r hundar ombord p\u00e5 b\u00e5t och brygga. Din hund kanske \u00e4lskar att bada och \u00e4r en fena p\u00e5 att simma men om hunden skulle falla \u00f6verbord kan det resultera i en oerh\u00f6rt stressande och skr\u00e4mmande situation. Flytv\u00e4sten ger dig ocks\u00e5 m\u00f6jlighet att l\u00e4ttare f\u00e5 tag i och hj\u00e4lpa din hund. S\u00e5 kom ih\u00e5g, hund p\u00e5 b\u00e5t = flytv\u00e4st p\u00e5 hund.<\/p>\n<p>Valet av flytv\u00e4st f\u00f6r hunden styrs av hundens vikt. T\u00e4nk p\u00e5 att l\u00e4gga p\u00e5 n\u00e5gra extra kilon om hunden \u00e4r l\u00e5ngh\u00e5rig, d\u00e5 den blir tyngre n\u00e4r den \u00e4r bl\u00f6t. En bra flytv\u00e4st ska ha ordentliga handtag p\u00e5 ryggen och ett f\u00e4ste f\u00f6r koppel. Notera att en hund p\u00e5 b\u00e5t eller brygga absolut inte f\u00e5r vara kopplad i ett halsband, d\u00e5 det kan ge f\u00f6r\u00f6dande konsekvenser om hunden skulle ramla i vattnet. Anv\u00e4nd i st\u00e4llet f\u00e4stet som finns p\u00e5 flytv\u00e4sten p\u00e5 hunden att haka fast kopplet i.<\/p>\n<h2>BADA MED HUND &#8211; T\u00c4NK P\u00c5 DET H\u00c4R<\/h2>\n<p>Vissa hundar \u00e4r v\u00e4ldigt badglada och det blir l\u00e4tt m\u00e5nga dopp n\u00e4r vattnet \u00e4r s\u00e5 lockande n\u00e4ra. Simning \u00e4r en v\u00e4ldigt bra motionsform f\u00f6r hundar, s\u00e5 uppmuntra g\u00e4rna tr\u00e4ningen genom att till exempel leka lite apport d\u00e5 och d\u00e5 och genom att bada med din hund. G\u00f6r det dock i hundens egen takt, d\u00e5 simning kan vara v\u00e4ldigt anstr\u00e4ngande, och var uppm\u00e4rksam.<\/p>\n<p>\u00c4r din hund en nyb\u00f6rjarsimmare \u00e4r det vettigt att b\u00f6rja lugnt n\u00e4r du ska bada med hunden. B\u00f6rja g\u00e4rna i grunt vatten. Locka hunden ner i vattnet med hj\u00e4lp av leksaker och h\u00e5ll dig i n\u00e4rheten. T\u00e4nk p\u00e5 att hala klippor inte \u00e4r en h\u00f6jdare f\u00f6r en hund som \u00e4r ovan vid bad och att havstulpaner kan sk\u00e4ra upp trampdynorna.<\/p>\n<h2>TORKA HUNDEN EFTER BAD &#8211; UNDVIK VATTENSVANS<\/h2>\n<p>Det \u00e4r viktigt att torka din hund efter bad. En hund som badar mycket och inte torkas ordentligt kan n\u00e4mligen drabbas av vattensvans. Det \u00e4r en inflammation i svansroten som uppst\u00e5r n\u00e4r hunden blir fuktig och kall. Vattensvans \u00e4r v\u00e4ldigt sm\u00e4rtsamt och g\u00f6r att den blir v\u00e4ldigt \u00f6m om bakdelen. Det g\u00e5r oftast \u00f6ver av sig sj\u00e4lvt efter ett par dagar om hunden h\u00e5lls varm och torr, men om det inte g\u00f6r det b\u00f6r du s\u00f6ka upp veterin\u00e4r f\u00f6r att f\u00e5 sm\u00e4rtstillande och antiinflammatoriskt.<\/p>\n<p>F\u00f6r att undvika vattensvans g\u00e4ller det att vara noga med att torka hunden efter bad och h\u00e5lla den varm mellan baden. F\u00f6rutom att torka sin hund efter bad \u00e4r det ocks\u00e5 viktigt att d\u00e5 och d\u00e5 sk\u00f6lja av hunden ordentligt i f\u00e4rskvatten. Kamma \u00e4ven igenom p\u00e4lsen f\u00f6r att undvika olika bakterier och parasiter som kan finnas i havet.<\/p>\n<h2>HUND P\u00c5 B\u00c5T &#8211; PLANERA RESAN ORDENTLIGT<\/h2>\n<p>Planera er resa ordentligt. Med en hund ombord p\u00e5 b\u00e5ten finns det en del praktiska saker att ha koll p\u00e5. En hund trivs inte f\u00f6r l\u00e4nge ute till havs, s\u00e5 l\u00e5t det inte dr\u00f6ja mer \u00e4n 4\u20135 timmar mellan era stopp. Se till att ni har med er tillr\u00e4ckligt mycket dricksvatten och l\u00e5t hunden dricka ofta, annars kan den bli sugen p\u00e5 att sv\u00e4lja i sig saltvatten, vilket kan leda till saltvattenf\u00f6rgiftning. L\u00e5t heller inte hunden bada om ni misst\u00e4nker algblomning, d\u00e5 \u00e4ven detta kan vara f\u00f6rgiftande. Packa ner ett hundapotek n\u00e4r ni har med hunden p\u00e5 b\u00e5ten ifall n\u00e5got skulle g\u00e5 snett och skriv g\u00e4rna ner nummer till veterin\u00e4rer som finns p\u00e5 v\u00e4gen. L\u00e5t hunden f\u00e5 rasta och aktiveras ordentligt n\u00e4r ni stiger i land och ge den ett lugnt och tryggt st\u00e4lle att vila p\u00e5 ombord.<\/p>\n<p>D\u00e5 s\u00e5, d\u00e5 \u00e4r du redo att kasta loss. Ta med din hund p\u00e5 b\u00e5ten och ha en trevlig b\u00e5tsommar!<\/p>\n<p><strong>Vidare l\u00e4sning<\/strong><\/p>\n<ul>\n<li><a title=\"Algblomning\" href=\"https:\/\/bozita.com\/se\/hund\/hundens-halsa\/algblomning\/\">Algblomning och hundar<\/a><\/li>\n<li><a href=\"https:\/\/bozita.com\/se\/hund\/aktivera-hunden\/\">Aktivera hunden och olika hundaktiviteter<\/a><\/li>\n<\/ul>\n\t\t\t<\/div>\n\t\t<\/div>\n\t<\/div>\n\n\n\n\t<section class=\"block related-articles\">\n\t\t<div class=\"container\">\n\t\t\t<h2>Relaterade artiklar<\/h2>\n\t\t\t<div class=\"row justify-content-center\">\n\t\t\t\t\t\t\t\t\t\t<div class=\"col-sm-6 col-md-6 col-lg-3\">\n\t\t\t\t\t\t\t\t\t\t\t\t\t\t<div class=\"card \">\n\t\t\t\t\t\t\t\t\t\t\t\t\t\t\t\t\t<img decoding=\"async\"  src=\"https:\/\/bozita.com\/se\/wp-content\/uploads\/sites\/5\/2021\/07\/bozita-vandra-med-hund.jpeg\" alt=\"\">\n\t\t\t\t\t\t\t\t\t\t\t\t\t\t\t\t\t<!-- <img decoding=\"async\" src=\"\n\t\t\t\t\t\t\t\t\t\t\t\t\t\t\t\t\t\t\t\t\" alt=\"\n\t\t\t\t\t\t\t\t\t\t\t\t\t\t\t\t\t\t\t\t\t\t\t\t\t\t\t\"> -->\n\t\t\t\t\t\t\t\t<div class=\"card-body\">\n\t\t\t\t\t\t\t\t\t\t\t\t\t\t\t\t\t\t\t<h6>Vandra med hund<\/h6>\n\t\t\t\t\t\t\t\t\t\t\t\t\t\t\t\t\t\t\t<a href=\"https:\/\/bozita.com\/se\/hund\/aktivera-hunden\/att-tanka-pa-nar-du-vandrar-med-hunden\/\">L\u00e4s mer &nbsp; ><\/a>\n\t\t\t\t\t\t\t\t<\/div>\n\t\t\t\t\t\t\t<\/div>\n\t\t\t\t\t\t<\/div>\n\n\t\t\t\t\t\t\t\t\t\t\t<div class=\"col-sm-6 col-md-6 col-lg-3\">\n\t\t\t\t\t\t\t\t\t\t\t\t\t\t<div class=\"card \">\n\t\t\t\t\t\t\t\t\t\t\t\t\t\t\t\t\t<img decoding=\"async\"  src=\"https:\/\/bozita.com\/se\/wp-content\/uploads\/sites\/5\/2021\/07\/bozita-ta-med-hunden-till-fjallen.jpeg\" alt=\"\">\n\t\t\t\t\t\t\t\t\t\t\t\t\t\t\t\t\t<!-- <img decoding=\"async\" src=\"\n\t\t\t\t\t\t\t\t\t\t\t\t\t\t\t\t\t\t\t\t\" alt=\"\n\t\t\t\t\t\t\t\t\t\t\t\t\t\t\t\t\t\t\t\t\t\t\t\t\t\t\t\"> -->\n\t\t\t\t\t\t\t\t<div class=\"card-body\">\n\t\t\t\t\t\t\t\t\t\t\t\t\t\t\t\t\t\t\t<h6>Semester med hund i fj\u00e4llen<\/h6>\n\t\t\t\t\t\t\t\t\t\t\t\t\t\t\t\t\t\t\t<a href=\"https:\/\/bozita.com\/se\/hund\/aktivera-hunden\/att-tanka-pa-nar-du-tar-med-hunden-pa-fjallsemester\/\">L\u00e4s mer &nbsp; ><\/a>\n\t\t\t\t\t\t\t\t<\/div>\n\t\t\t\t\t\t\t<\/div>\n\t\t\t\t\t\t<\/div>\n\n\t\t\t\t\t\t\t\t\t\t\t<div class=\"col-sm-6 col-md-6 col-lg-3\">\n\t\t\t\t\t\t\t\t\t\t\t\t\t\t<div class=\"card \">\n\t\t\t\t\t\t\t\t\t\t\t\t\t\t\t\t\t<img decoding=\"async\"  src=\"https:\/\/bozita.com\/se\/wp-content\/uploads\/sites\/5\/2021\/07\/bozita-hund-reflexer-reflexvast.jpeg\" alt=\"\">\n\t\t\t\t\t\t\t\t\t\t\t\t\t\t\t\t\t<!-- <img decoding=\"async\" src=\"\n\t\t\t\t\t\t\t\t\t\t\t\t\t\t\t\t\t\t\t\t\" alt=\"\n\t\t\t\t\t\t\t\t\t\t\t\t\t\t\t\t\t\t\t\t\t\t\t\t\t\t\t\"> -->\n\t\t\t\t\t\t\t\t<div class=\"card-body\">\n\t\t\t\t\t\t\t\t\t\t\t\t\t\t\t\t\t\t\t<h6>Reflexer hund &#8211; en billig livf\u00f6rs\u00e4kring<\/h6>\n\t\t\t\t\t\t\t\t\t\t\t\t\t\t\t\t\t\t\t<a href=\"https:\/\/bozita.com\/se\/hund\/aktivera-hunden\/syns-i-morkret-med-reflexer\/\">L\u00e4s mer &nbsp; ><\/a>\n\t\t\t\t\t\t\t\t<\/div>\n\t\t\t\t\t\t\t<\/div>\n\t\t\t\t\t\t<\/div>\n\n\t\t\t\t\t\t\t\t\t\t\t\t<\/div>\n\t\t<\/div>\n\t<\/section>\n","protected":false},"excerpt":{"rendered":"","protected":false},"author":1,"featured_media":3373,"parent":61,"menu_order":0,"comment_status":"closed","ping_status":"closed","template":"guternberg.php","meta":{"footnotes":""},"acf":[],"yoast_head":"<!-- This site is optimized with the Yoast SEO plugin v21.3 - https:\/\/yoast.com\/wordpress\/plugins\/seo\/ -->\n<title>Ta med din hund p\u00e5 b\u00e5ten \u2013 det h\u00e4r b\u00f6r du t\u00e4nka p\u00e5 | Bozita<\/title>\n<meta name=\"description\" content=\"Tips f\u00f6r dig som ska ta med din hund p\u00e5 b\u00e5ten och bada med din hund. Du beh\u00f6ver t.ex. ha r\u00e4tt flytv\u00e4st och t\u00e4nka p\u00e5 att torka hunden efter bad. L\u00e4s mer h\u00e4r.\" \/>\n<meta name=\"robots\" content=\"index, follow, max-snippet:-1, max-image-preview:large, max-video-preview:-1\" \/>\n<link rel=\"canonical\" href=\"https:\/\/bozita.com\/se\/hund\/aktivera-hunden\/ta-med-hunden-pa-baten\/\" \/>\n<meta property=\"og:locale\" content=\"sv_SE\" \/>\n<meta property=\"og:type\" content=\"article\" \/>\n<meta property=\"og:title\" content=\"Ta med din hund p\u00e5 b\u00e5ten \u2013 det h\u00e4r b\u00f6r du t\u00e4nka p\u00e5 | Bozita\" \/>\n<meta property=\"og:description\" content=\"Tips f\u00f6r dig som ska ta med din hund p\u00e5 b\u00e5ten och bada med din hund. Du beh\u00f6ver t.ex. ha r\u00e4tt flytv\u00e4st och t\u00e4nka p\u00e5 att torka hunden efter bad. L\u00e4s mer h\u00e4r.\" \/>\n<meta property=\"og:url\" content=\"https:\/\/bozita.com\/se\/hund\/aktivera-hunden\/ta-med-hunden-pa-baten\/\" \/>\n<meta property=\"og:site_name\" content=\"Bozita Sverige\" \/>\n<meta property=\"article:modified_time\" content=\"2022-06-20T13:23:01+00:00\" \/>\n<meta property=\"og:image\" content=\"https:\/\/bozita.com\/se\/wp-content\/uploads\/sites\/5\/2021\/07\/bozita-ta-med-hunde-pa-baten.jpeg\" \/>\n\t<meta property=\"og:image:width\" content=\"800\" \/>\n\t<meta property=\"og:image:height\" content=\"534\" \/>\n\t<meta property=\"og:image:type\" content=\"image\/jpeg\" \/>\n<meta name=\"twitter:card\" content=\"summary_large_image\" \/>\n<!-- \/ Yoast SEO plugin. -->","yoast_head_json":{"title":"Ta med din hund p\u00e5 b\u00e5ten \u2013 det h\u00e4r b\u00f6r du t\u00e4nka p\u00e5 | Bozita","description":"Tips f\u00f6r dig som ska ta med din hund p\u00e5 b\u00e5ten och bada med din hund. Du beh\u00f6ver t.ex. ha r\u00e4tt flytv\u00e4st och t\u00e4nka p\u00e5 att torka hunden efter bad. L\u00e4s mer h\u00e4r.","robots":{"index":"index","follow":"follow","max-snippet":"max-snippet:-1","max-image-preview":"max-image-preview:large","max-video-preview":"max-video-preview:-1"},"canonical":"https:\/\/bozita.com\/se\/hund\/aktivera-hunden\/ta-med-hunden-pa-baten\/","og_locale":"sv_SE","og_type":"article","og_title":"Ta med din hund p\u00e5 b\u00e5ten \u2013 det h\u00e4r b\u00f6r du t\u00e4nka p\u00e5 | Bozita","og_description":"Tips f\u00f6r dig som ska ta med din hund p\u00e5 b\u00e5ten och bada med din hund. Du beh\u00f6ver t.ex. ha r\u00e4tt flytv\u00e4st och t\u00e4nka p\u00e5 att torka hunden efter bad. L\u00e4s mer h\u00e4r.","og_url":"https:\/\/bozita.com\/se\/hund\/aktivera-hunden\/ta-med-hunden-pa-baten\/","og_site_name":"Bozita Sverige","article_modified_time":"2022-06-20T13:23:01+00:00","og_image":[{"width":800,"height":534,"url":"https:\/\/bozita.com\/se\/wp-content\/uploads\/sites\/5\/2021\/07\/bozita-ta-med-hunde-pa-baten.jpeg","type":"image\/jpeg"}],"twitter_card":"summary_large_image","schema":{"@context":"https:\/\/schema.org","@graph":[{"@type":"WebPage","@id":"https:\/\/bozita.com\/se\/hund\/aktivera-hunden\/ta-med-hunden-pa-baten\/","url":"https:\/\/bozita.com\/se\/hund\/aktivera-hunden\/ta-med-hunden-pa-baten\/","name":"Ta med din hund p\u00e5 b\u00e5ten \u2013 det h\u00e4r b\u00f6r du t\u00e4nka p\u00e5 | Bozita","isPartOf":{"@id":"https:\/\/bozita.com\/se\/#website"},"datePublished":"2021-06-20T09:37:01+00:00","dateModified":"2022-06-20T13:23:01+00:00","description":"Tips f\u00f6r dig som ska ta med din hund p\u00e5 b\u00e5ten och bada med din hund. Du beh\u00f6ver t.ex. ha r\u00e4tt flytv\u00e4st och t\u00e4nka p\u00e5 att torka hunden efter bad. L\u00e4s mer h\u00e4r.","breadcrumb":{"@id":"https:\/\/bozita.com\/se\/hund\/aktivera-hunden\/ta-med-hunden-pa-baten\/#breadcrumb"},"inLanguage":"sv-SE","potentialAction":[{"@type":"ReadAction","target":["https:\/\/bozita.com\/se\/hund\/aktivera-hunden\/ta-med-hunden-pa-baten\/"]}]},{"@type":"BreadcrumbList","@id":"https:\/\/bozita.com\/se\/hund\/aktivera-hunden\/ta-med-hunden-pa-baten\/#breadcrumb","itemListElement":[{"@type":"ListItem","position":1,"name":"Home","item":"https:\/\/bozita.com\/se\/"},{"@type":"ListItem","position":2,"name":"Livet med hund","item":"https:\/\/bozita.com\/se\/hund\/"},{"@type":"ListItem","position":3,"name":"Aktivera din hund","item":"https:\/\/bozita.com\/se\/hund\/aktivera-hunden\/"},{"@type":"ListItem","position":4,"name":"Hund p\u00e5 b\u00e5t \u2013 4 s\u00e4kerhetstips"}]},{"@type":"WebSite","@id":"https:\/\/bozita.com\/se\/#website","url":"https:\/\/bozita.com\/se\/","name":"Bozita Sverige","description":"","potentialAction":[{"@type":"SearchAction","target":{"@type":"EntryPoint","urlTemplate":"https:\/\/bozita.com\/se\/?s={search_term_string}"},"query-input":"required name=search_term_string"}],"inLanguage":"sv-SE"}]}},"_links":{"self":[{"href":"https:\/\/bozita.com\/se\/wp-json\/wp\/v2\/pages\/1188"}],"collection":[{"href":"https:\/\/bozita.com\/se\/wp-json\/wp\/v2\/pages"}],"about":[{"href":"https:\/\/bozita.com\/se\/wp-json\/wp\/v2\/types\/page"}],"author":[{"embeddable":true,"href":"https:\/\/bozita.com\/se\/wp-json\/wp\/v2\/users\/1"}],"replies":[{"embeddable":true,"href":"https:\/\/bozita.com\/se\/wp-json\/wp\/v2\/comments?post=1188"}],"version-history":[{"count":14,"href":"https:\/\/bozita.com\/se\/wp-json\/wp\/v2\/pages\/1188\/revisions"}],"predecessor-version":[{"id":7757,"href":"https:\/\/bozita.com\/se\/wp-json\/wp\/v2\/pages\/1188\/revisions\/7757"}],"up":[{"embeddable":true,"href":"https:\/\/bozita.com\/se\/wp-json\/wp\/v2\/pages\/61"}],"wp:featuredmedia":[{"embeddable":true,"href":"https:\/\/bozita.com\/se\/wp-json\/wp\/v2\/media\/3373"}],"wp:attachment":[{"href":"https:\/\/bozita.com\/se\/wp-json\/wp\/v2\/media?parent=1188"}],"curies":[{"name":"wp","href":"https:\/\/api.w.org\/{rel}","templated":true}]}}