{"id":11926,"date":"2025-10-14T07:50:47","date_gmt":"2025-10-14T07:50:47","guid":{"rendered":"https:\/\/bozita.com\/se\/?page_id=11926"},"modified":"2025-10-14T11:41:52","modified_gmt":"2025-10-14T11:41:52","slug":"nar-tappar-valpar-tander","status":"publish","type":"page","link":"https:\/\/bozita.com\/se\/hund\/hundens-halsa\/nar-tappar-valpar-tander\/","title":{"rendered":"N\u00e4r tappar valpar t\u00e4nder?"},"content":{"rendered":"\t\t<section class=\"small-hero\">\n\t\t\t<div class=\"container\">\n\t\t\t\t<h5>Kunskap<\/h5><h1 class=\"small-hero-title\">N\u00e4r tappar valpar t\u00e4nder? <\/h1><p><p><span style=\"font-weight: 400\">Att valpen tappar sina t\u00e4nder \u00e4r en naturlig del av utvecklingen, men det kan ocks\u00e5 vara en period med utmaningar f\u00f6r b\u00e5de valp och \u00e4gare.\u00a0<\/span><\/p>\n<p><span style=\"font-weight: 400\">Valpar f\u00f6ds utan t\u00e4nder, och vid cirka tre veckors \u00e5lder b\u00f6rjar de f\u00e5 sina f\u00f6rsta mj\u00f6lkt\u00e4nder. Vid ungef\u00e4r fyra m\u00e5naders \u00e5lder b\u00f6rjar dessa mj\u00f6lkt\u00e4nder att lossna och ers\u00e4tts av permanenta t\u00e4nder. Detta tandbyte p\u00e5g\u00e5r oftast fram till valpen \u00e4r 6\u20137 m\u00e5nader gammal, d\u00e5 de flesta hundar har f\u00e5tt sina permanenta t\u00e4nder.<\/span><\/p>\n<\/p>\t\t\t<\/div>\n\t\t\t<\/div>\n\t\t<\/section>\n\t\n\n\t<div class=\"text-box-warp\">\n\t\t<div class=\"container\">\n\t\t\t<div class=\"text-content\">\n\t\t\t\t<h2><b>Vanliga symtom n\u00e4r valpen tappar t\u00e4nder<\/b><\/h2>\n<p><span style=\"font-weight: 400\">Under tandv\u00e4xlingsperioden kan valpen uppvisa olika symtom:<\/span><\/p>\n<ul>\n<li style=\"font-weight: 400\"><b>\u00d6kad vilja att tugga<\/b><span style=\"font-weight: 400\">: Valpen tuggar p\u00e5 allt den kommer \u00e5t f\u00f6r att lindra obehaget i munnen.<\/span><\/li>\n<li style=\"font-weight: 400\"><b>\u00d6mhet i munnen<\/b><span style=\"font-weight: 400\">: Valpen kan vara mer k\u00e4nslig n\u00e4r den \u00e4ter eller leker.<\/span><\/li>\n<li style=\"font-weight: 400\"><b>D\u00e5lig andedr\u00e4kt och dregling<\/b><span style=\"font-weight: 400\">: Tandk\u00f6ttet kan vara r\u00f6tt eller svullet.<\/span><\/li>\n<li style=\"font-weight: 400\"><b>Minskad aptit<\/b><span style=\"font-weight: 400\">: Valpen kan vara ovillig att \u00e4ta, s\u00e4rskilt torrfoder.<\/span><\/li>\n<li style=\"font-weight: 400\"><b>Tr\u00f6tthet<\/b><span style=\"font-weight: 400\">: Vissa valpar blir mer tr\u00f6tta \u00e4n vanligt under denna period.<\/span><\/li>\n<li style=\"font-weight: 400\"><b>Kr\u00e4kningar<\/b><span style=\"font-weight: 400\">: \u00c4ven om det \u00e4r ovanligt, kan vissa valpar kr\u00e4kas under tandv\u00e4xlingen.<\/span><\/li>\n<\/ul>\n<p>&nbsp;<\/p>\n<h2><b>Dubbla t\u00e4nder hos valpen &#8211; vad inneb\u00e4r det?<\/b><\/h2>\n<p><span style=\"font-weight: 400\">Det h\u00e4nder att valpens mj\u00f6lkt\u00e4nder ibland sitter kvar trots att de permanenta t\u00e4nderna b\u00f6rjat komma ut. Detta kallas persisterande mj\u00f6lkt\u00e4nder och kan leda till tr\u00e5ngt bett och andra tandproblem. Om du uppt\u00e4cker dubbla t\u00e4nder b\u00f6r du kontakta en veterin\u00e4r f\u00f6r r\u00e5dgivning.<\/span><a href=\"https:\/\/www.agria.se\/hund\/artiklar\/sjukdomar-och-skador\/kvarsittande-mjolktander\/?utm_source=chatgpt.com\"><span style=\"font-weight: 400\">\u00a0<\/span><\/a><\/p>\n<p>&nbsp;<\/p>\n<h2><b>Hur m\u00e5nga t\u00e4nder har en valp?<\/b><\/h2>\n<p><span style=\"font-weight: 400\">En valp har normalt 28 mj\u00f6lkt\u00e4nder, som sedan byts ut mot 42 permanenta t\u00e4nder. Det \u00e4r viktigt att h\u00e5lla koll p\u00e5 valpens tandutveckling f\u00f6r att s\u00e4kerst\u00e4lla ett friskt bett.<\/span><a href=\"https:\/\/www.arkenzoo.se\/goda-rad\/valpen-tappar-tander?utm_source=chatgpt.com\"><span style=\"font-weight: 400\">\u00a0<\/span><\/a><\/p>\n<p>&nbsp;<\/p>\n<h2><b>Vad kan du g\u00f6ra f\u00f6r att hj\u00e4lpa din valp?<\/b><\/h2>\n<p><span style=\"font-weight: 400\">F\u00f6r att underl\u00e4tta f\u00f6r din valp under tandv\u00e4xlingsperioden kan du:<\/span><\/p>\n<ul>\n<li style=\"font-weight: 400\"><b>Erbjuda tuggleksaker<\/b><span style=\"font-weight: 400\">: Mjuka tuggleksaker kan hj\u00e4lpa till att lindra obehaget.<\/span><\/li>\n<li style=\"font-weight: 400\"><b>Ge mjuk mat<\/b><span style=\"font-weight: 400\">: Bl\u00f6tl\u00e4gg torrfoder eller ge mjukare alternativ f\u00f6r att underl\u00e4tta \u00e4tandet.<\/span><\/li>\n<li style=\"font-weight: 400\"><b>Borsta t\u00e4nderna<\/b><span style=\"font-weight: 400\">: B\u00f6rja tidigt med tandborstning f\u00f6r att v\u00e4nja valpen vid det och f\u00f6rhindra tandproblem.<\/span><\/li>\n<li style=\"font-weight: 400\"><b>Kontrollera t\u00e4nderna regelbundet<\/b><span style=\"font-weight: 400\">: Titta i valpens mun f\u00f6r att uppt\u00e4cka eventuella problem i ett tidigt skede<\/span><\/li>\n<\/ul>\n\t\t\t<\/div>\n\t\t<\/div>\n\t<\/div>\n\n\n\n\t<section class=\"block related-articles\">\n\t\t<div class=\"container\">\n\t\t\t<h2><\/h2>\n\t\t\t<div class=\"row justify-content-center\">\n\t\t\t\t\t\t\t<\/div>\n\t\t<\/div>\n\t<\/section>\n\n\n\n\t<section class=\"block related-articles\">\n\t\t<div class=\"container\">\n\t\t\t<h2>Relaterade artiklar<\/h2>\n\t\t\t<div class=\"row justify-content-center\">\n\t\t\t\t\t\t\t\t\t\t<div class=\"col-sm-6 col-md-6 col-lg-3\">\n\t\t\t\t\t\t\t\t\t\t\t\t\t\t<div class=\"card \">\n\t\t\t\t\t\t\t\t\t\t\t\t\t\t\t\t\t<img decoding=\"async\"  src=\"https:\/\/bozita.com\/se\/wp-content\/uploads\/sites\/5\/2021\/07\/bozita-hund-borsta-tander-hygien.jpeg\" alt=\"\">\n\t\t\t\t\t\t\t\t\t\t\t\t\t\t\t\t\t<!-- <img decoding=\"async\" src=\"\n\t\t\t\t\t\t\t\t\t\t\t\t\t\t\t\t\t\t\t\t\" alt=\"\n\t\t\t\t\t\t\t\t\t\t\t\t\t\t\t\t\t\t\t\t\t\t\t\t\t\t\t\"> -->\n\t\t\t\t\t\t\t\t<div class=\"card-body\">\n\t\t\t\t\t\t\t\t\t\t\t\t\t\t\t\t\t\t\t<h6>Tandsten hos hund &#8211; hundens t\u00e4nder<\/h6>\n\t\t\t\t\t\t\t\t\t\t\t\t\t\t\t\t\t\t\t<a href=\"https:\/\/bozita.com\/se\/hund\/hundens-halsa\/hundens-munhygien-tander-tandborstning\/\">L\u00e4s mer &nbsp; ><\/a>\n\t\t\t\t\t\t\t\t<\/div>\n\t\t\t\t\t\t\t<\/div>\n\t\t\t\t\t\t<\/div>\n\n\t\t\t\t\t\t\t\t\t\t\t<div class=\"col-sm-6 col-md-6 col-lg-3\">\n\t\t\t\t\t\t\t\t\t\t\t\t\t\t<div class=\"card \">\n\t\t\t\t\t\t\t\t\t\t\t\t\t\t\t\t\t<img decoding=\"async\"  src=\"https:\/\/bozita.com\/se\/wp-content\/uploads\/sites\/5\/2021\/08\/bozita_swedish-natural-quality.jpg\" alt=\"\">\n\t\t\t\t\t\t\t\t\t\t\t\t\t\t\t\t\t<!-- <img decoding=\"async\" src=\"\n\t\t\t\t\t\t\t\t\t\t\t\t\t\t\t\t\t\t\t\t\" alt=\"\n\t\t\t\t\t\t\t\t\t\t\t\t\t\t\t\t\t\t\t\t\t\t\t\t\t\t\t\"> -->\n\t\t\t\t\t\t\t\t<div class=\"card-body\">\n\t\t\t\t\t\t\t\t\t\t\t\t\t\t\t\t\t\t\t<h6>Vad f\u00e5r hundar inte \u00e4ta<\/h6>\n\t\t\t\t\t\t\t\t\t\t\t\t\t\t\t\t\t\t\t<a href=\"https:\/\/bozita.com\/se\/hundfoder\/nutrition-och-kost\/vad-far-hundar-inte-ata\/\">L\u00e4s mer &nbsp; ><\/a>\n\t\t\t\t\t\t\t\t<\/div>\n\t\t\t\t\t\t\t<\/div>\n\t\t\t\t\t\t<\/div>\n\n\t\t\t\t\t\t\t\t\t\t\t<div class=\"col-sm-6 col-md-6 col-lg-3\">\n\t\t\t\t\t\t\t\t\t\t\t\t\t\t<div class=\"card \">\n\t\t\t\t\t\t\t\t\t\t\t\t\t\t\t\t\t<img decoding=\"async\"  src=\"https:\/\/bozita.com\/se\/wp-content\/uploads\/sites\/5\/2025\/10\/doggyinomhus-scaled.jpg\" alt=\"\">\n\t\t\t\t\t\t\t\t\t\t\t\t\t\t\t\t\t<!-- <img decoding=\"async\" src=\"\n\t\t\t\t\t\t\t\t\t\t\t\t\t\t\t\t\t\t\t\t\" alt=\"\n\t\t\t\t\t\t\t\t\t\t\t\t\t\t\t\t\t\t\t\t\t\t\t\t\t\t\t\"> -->\n\t\t\t\t\t\t\t\t<div class=\"card-body\">\n\t\t\t\t\t\t\t\t\t\t\t\t\t\t\t\t\t\t\t<h6>Hundens h\u00e4lsa<\/h6>\n\t\t\t\t\t\t\t\t\t\t\t\t\t\t\t\t\t\t\t<a href=\"https:\/\/bozita.com\/se\/hund\/hundens-halsa\/\">L\u00e4s mer &nbsp; ><\/a>\n\t\t\t\t\t\t\t\t<\/div>\n\t\t\t\t\t\t\t<\/div>\n\t\t\t\t\t\t<\/div>\n\n\t\t\t\t\t\t\t\t\t\t\t\t<\/div>\n\t\t<\/div>\n\t<\/section>\n","protected":false},"excerpt":{"rendered":"","protected":false},"author":40,"featured_media":0,"parent":59,"menu_order":0,"comment_status":"closed","ping_status":"closed","template":"guternberg.php","meta":{"footnotes":""},"acf":[],"yoast_head":"<!-- This site is optimized with the Yoast SEO plugin v21.3 - https:\/\/yoast.com\/wordpress\/plugins\/seo\/ -->\n<title>N\u00e4r tappar valpar t\u00e4nder? | Bozita<\/title>\n<meta name=\"description\" content=\"L\u00e4r dig allt om n\u00e4r din valp tappar sina mj\u00f6lkt\u00e4nder och hur du som \u00e4gare kan hj\u00e4lpa till eller underl\u00e4tta f\u00f6r din valp.\" \/>\n<meta name=\"robots\" content=\"index, follow, max-snippet:-1, max-image-preview:large, max-video-preview:-1\" \/>\n<link rel=\"canonical\" href=\"https:\/\/bozita.com\/se\/hund\/hundens-halsa\/nar-tappar-valpar-tander\/\" \/>\n<meta property=\"og:locale\" content=\"sv_SE\" \/>\n<meta property=\"og:type\" content=\"article\" \/>\n<meta property=\"og:title\" content=\"N\u00e4r tappar valpar t\u00e4nder? | Bozita\" \/>\n<meta property=\"og:description\" content=\"L\u00e4r dig allt om n\u00e4r din valp tappar sina mj\u00f6lkt\u00e4nder och hur du som \u00e4gare kan hj\u00e4lpa till eller underl\u00e4tta f\u00f6r din valp.\" \/>\n<meta property=\"og:url\" content=\"https:\/\/bozita.com\/se\/hund\/hundens-halsa\/nar-tappar-valpar-tander\/\" \/>\n<meta property=\"og:site_name\" content=\"Bozita Sverige\" \/>\n<meta property=\"article:modified_time\" content=\"2025-10-14T11:41:52+00:00\" \/>\n<meta name=\"twitter:card\" content=\"summary_large_image\" \/>\n<!-- \/ Yoast SEO plugin. -->","yoast_head_json":{"title":"N\u00e4r tappar valpar t\u00e4nder? | Bozita","description":"L\u00e4r dig allt om n\u00e4r din valp tappar sina mj\u00f6lkt\u00e4nder och hur du som \u00e4gare kan hj\u00e4lpa till eller underl\u00e4tta f\u00f6r din valp.","robots":{"index":"index","follow":"follow","max-snippet":"max-snippet:-1","max-image-preview":"max-image-preview:large","max-video-preview":"max-video-preview:-1"},"canonical":"https:\/\/bozita.com\/se\/hund\/hundens-halsa\/nar-tappar-valpar-tander\/","og_locale":"sv_SE","og_type":"article","og_title":"N\u00e4r tappar valpar t\u00e4nder? | Bozita","og_description":"L\u00e4r dig allt om n\u00e4r din valp tappar sina mj\u00f6lkt\u00e4nder och hur du som \u00e4gare kan hj\u00e4lpa till eller underl\u00e4tta f\u00f6r din valp.","og_url":"https:\/\/bozita.com\/se\/hund\/hundens-halsa\/nar-tappar-valpar-tander\/","og_site_name":"Bozita Sverige","article_modified_time":"2025-10-14T11:41:52+00:00","twitter_card":"summary_large_image","schema":{"@context":"https:\/\/schema.org","@graph":[{"@type":"WebPage","@id":"https:\/\/bozita.com\/se\/hund\/hundens-halsa\/nar-tappar-valpar-tander\/","url":"https:\/\/bozita.com\/se\/hund\/hundens-halsa\/nar-tappar-valpar-tander\/","name":"N\u00e4r tappar valpar t\u00e4nder? | Bozita","isPartOf":{"@id":"https:\/\/bozita.com\/se\/#website"},"datePublished":"2025-10-14T07:50:47+00:00","dateModified":"2025-10-14T11:41:52+00:00","description":"L\u00e4r dig allt om n\u00e4r din valp tappar sina mj\u00f6lkt\u00e4nder och hur du som \u00e4gare kan hj\u00e4lpa till eller underl\u00e4tta f\u00f6r din valp.","breadcrumb":{"@id":"https:\/\/bozita.com\/se\/hund\/hundens-halsa\/nar-tappar-valpar-tander\/#breadcrumb"},"inLanguage":"sv-SE","potentialAction":[{"@type":"ReadAction","target":["https:\/\/bozita.com\/se\/hund\/hundens-halsa\/nar-tappar-valpar-tander\/"]}]},{"@type":"BreadcrumbList","@id":"https:\/\/bozita.com\/se\/hund\/hundens-halsa\/nar-tappar-valpar-tander\/#breadcrumb","itemListElement":[{"@type":"ListItem","position":1,"name":"Home","item":"https:\/\/bozita.com\/se\/"},{"@type":"ListItem","position":2,"name":"Livet med hund","item":"https:\/\/bozita.com\/se\/hund\/"},{"@type":"ListItem","position":3,"name":"Hundens h\u00e4lsa","item":"https:\/\/bozita.com\/se\/hund\/hundens-halsa\/"},{"@type":"ListItem","position":4,"name":"N\u00e4r tappar valpar t\u00e4nder?"}]},{"@type":"WebSite","@id":"https:\/\/bozita.com\/se\/#website","url":"https:\/\/bozita.com\/se\/","name":"Bozita Sverige","description":"","potentialAction":[{"@type":"SearchAction","target":{"@type":"EntryPoint","urlTemplate":"https:\/\/bozita.com\/se\/?s={search_term_string}"},"query-input":"required name=search_term_string"}],"inLanguage":"sv-SE"},{"@type":"Person","@id":"https:\/\/bozita.com\/se\/#\/schema\/person\/849750c17ebf5083ddb8ee8f61da8f81","name":"mattiasseo","image":{"@type":"ImageObject","inLanguage":"sv-SE","@id":"https:\/\/bozita.com\/se\/#\/schema\/person\/image\/","url":"https:\/\/secure.gravatar.com\/avatar\/624325a2bf21ae33eaf018c7cbaede3f?s=96&d=mm&r=g","contentUrl":"https:\/\/secure.gravatar.com\/avatar\/624325a2bf21ae33eaf018c7cbaede3f?s=96&d=mm&r=g","caption":"mattiasseo"},"url":"https:\/\/bozita.com\/se\/author\/mattiasseo\/"}]}},"_links":{"self":[{"href":"https:\/\/bozita.com\/se\/wp-json\/wp\/v2\/pages\/11926"}],"collection":[{"href":"https:\/\/bozita.com\/se\/wp-json\/wp\/v2\/pages"}],"about":[{"href":"https:\/\/bozita.com\/se\/wp-json\/wp\/v2\/types\/page"}],"author":[{"embeddable":true,"href":"https:\/\/bozita.com\/se\/wp-json\/wp\/v2\/users\/40"}],"replies":[{"embeddable":true,"href":"https:\/\/bozita.com\/se\/wp-json\/wp\/v2\/comments?post=11926"}],"version-history":[{"count":24,"href":"https:\/\/bozita.com\/se\/wp-json\/wp\/v2\/pages\/11926\/revisions"}],"predecessor-version":[{"id":11967,"href":"https:\/\/bozita.com\/se\/wp-json\/wp\/v2\/pages\/11926\/revisions\/11967"}],"up":[{"embeddable":true,"href":"https:\/\/bozita.com\/se\/wp-json\/wp\/v2\/pages\/59"}],"wp:attachment":[{"href":"https:\/\/bozita.com\/se\/wp-json\/wp\/v2\/media?parent=11926"}],"curies":[{"name":"wp","href":"https:\/\/api.w.org\/{rel}","templated":true}]}}