{"id":12266,"date":"2025-12-17T12:47:17","date_gmt":"2025-12-17T12:47:17","guid":{"rendered":"https:\/\/bozita.com\/se\/?page_id=12266"},"modified":"2025-12-17T12:47:18","modified_gmt":"2025-12-17T12:47:18","slug":"fa-valp-rumsren","status":"publish","type":"page","link":"https:\/\/bozita.com\/se\/hund\/hundens-utveckling\/fa-valp-rumsren\/","title":{"rendered":"Rumsren valp"},"content":{"rendered":"\t\t<section class=\"small-hero\">\n\t\t\t<div class=\"container\">\n\t\t\t\t<h1 class=\"small-hero-title\">Rumsren valp<\/h1><p><p><span style=\"font-weight: 400\">En rumsren valp \u00e4r en valp som har l\u00e4rt sig att kissa och bajsa utomhus vid r\u00e4tt tidpunkter. F\u00f6r att f\u00e5 din valp rumsren kr\u00e4vs tydliga rutiner, regelbundna kisspauser, positiv f\u00f6rst\u00e4rkning och t\u00e5lamod. De flesta valpar kan bli grundl\u00e4ggande rumsrena inom n\u00e5gra veckor med r\u00e4tt tr\u00e4ning och konsekvens. Genom att anv\u00e4nda ett enkelt schema, bel\u00f6na \u00f6nskat beteende direkt och vara uppm\u00e4rksam p\u00e5 signaler som sniffande och cirklande, minskar olyckorna snabbt. Rumsrenhet \u00e4r en av de f\u00f6rsta och viktigaste delarna i valpuppfostran.<\/span><\/p>\n<\/p>\t\t\t<\/div>\n\t\t\t<\/div>\n\t\t<\/section>\n\t\n\n\t<div class=\"text-box-warp\">\n\t\t<div class=\"container\">\n\t\t\t<div class=\"text-content\">\n\t\t\t\t<h2><b>Snabbfakta:\u00a0<\/b><\/h2>\n<ul>\n<li style=\"font-weight: 400\"><span style=\"font-weight: 400\">En rumsren valp vet var den ska kissa och bajsa och g\u00f6r sitt b\u00e4sta f\u00f6r att den g\u00f6r sina behov utomhus.<\/span><\/li>\n<li style=\"font-weight: 400\"><span style=\"font-weight: 400\">De flesta valpar kan bli ganska s\u00e4kra inne efter 2-4 m\u00e5naders tr\u00e4ning, men full p\u00e5litlighet kan ta upp till 6-12 m\u00e5nader.<\/span><\/li>\n<li style=\"font-weight: 400\"><span style=\"font-weight: 400\">Valpar beh\u00f6ver ofta kissa minst en g\u00e5ng i timmen n\u00e4r de \u00e4r vakna, samt direkt efter s\u00f6mn, lek och mat.<\/span><\/li>\n<li style=\"font-weight: 400\"><span style=\"font-weight: 400\">Nyckeln till rumsren valp \u00e4r: rutin, f\u00f6rebygg olyckor, flera korta rastningar, bel\u00f6na r\u00e4tt beteende och var lugn vid misstag.<\/span><\/li>\n<li style=\"font-weight: 400\"><span style=\"font-weight: 400\">Sk\u00e4ll och straff f\u00f6rst\u00f6r f\u00f6rtroendet och g\u00f6r oftast rumsrenheten s\u00e4mre, inte b\u00e4ttre.<\/span><\/li>\n<\/ul>\n<h2><b>Vad menas med att en hund \u00e4r rumsren?<\/b><\/h2>\n<p><b>Att en hund \u00e4r rumsren betyder att den har l\u00e4rt sig att kissa och bajsa p\u00e5 r\u00e4tt plats vid r\u00e4tt tillf\u00e4llen och att den normalt inte g\u00f6r sina behov inomhus.<\/b><\/p>\n<p><span style=\"font-weight: 500\">F\u00f6r en valp handlar rumsrenhet b\u00e5de om fysisk f\u00f6rm\u00e5ga och inl\u00e4rning. Bl\u00e5sa och tarmar m\u00e5ste klara av att h\u00e5lla t\u00e4tt en stund, men valpen beh\u00f6ver ocks\u00e5 f\u00f6rst\u00e5 var den f\u00e5r g\u00f6ra sina behov. Det \u00e4r du som l\u00e4r hunden detta genom att skapa tydliga rutiner med samma platser och tider, genom att ta ut valpen i tid innan olyckan hinner ske och genom att bel\u00f6na gener\u00f6st varje g\u00e5ng den kissar eller bajsar d\u00e4r du vill att den ska g\u00f6ra det.<\/span><\/p>\n<p><span style=\"font-weight: 500\">Det \u00e4r viktigt att komma ih\u00e5g att sm\u00e5 valpar inte \u00e4r busiga n\u00e4r de kissar inne. Oftast kan de helt enkelt inte h\u00e5lla sig l\u00e4ngre eller s\u00e5 har de \u00e4nnu inte f\u00f6rst\u00e5tt vad som f\u00f6rv\u00e4ntas av dem. Rumsrenhet \u00e4r en stegvis process, inte n\u00e5got som sker direkt.<\/span><\/p>\n<h2><b>F\u00e5 din valp att bli rumsren &#8211; Guide &amp; tips<\/b><\/h2>\n<p><span style=\"font-weight: 500\">F\u00f6r att f\u00e5 din valp rumsren beh\u00f6ver du skapa f\u00f6ruts\u00e4gbarhet: samma rutiner, samma platser och samma reaktion fr\u00e5n dig varje g\u00e5ng.<\/span><\/p>\n<p><b>1. Skapa ett enkelt rastschema<\/b><\/p>\n<p><span style=\"font-weight: 500\">Utg\u00e5 fr\u00e5n att valpen beh\u00f6ver g\u00e5 ut:<\/span><\/p>\n<ul>\n<li style=\"font-weight: 500\"><span style=\"font-weight: 500\">direkt n\u00e4r den vaknar<\/span><span style=\"font-weight: 500\"><br \/>\n<\/span><\/li>\n<li style=\"font-weight: 500\"><span style=\"font-weight: 500\">efter lek och bus<\/span><span style=\"font-weight: 500\"><br \/>\n<\/span><\/li>\n<li style=\"font-weight: 500\"><span style=\"font-weight: 500\">5\u201315 minuter efter <a href=\"https:\/\/bozita.com\/se\/hundfoder\/\">mat<\/a><\/span><span style=\"font-weight: 500\"><br \/>\n<\/span><\/li>\n<li style=\"font-weight: 500\"><span style=\"font-weight: 500\">innan vilor och natt<\/span><span style=\"font-weight: 500\"><br \/>\n<\/span><\/li>\n<li style=\"font-weight: 500\"><span style=\"font-weight: 500\">plus ungef\u00e4r en g\u00e5ng i timmen n\u00e4r den \u00e4r vaken i b\u00f6rjan<\/span><span style=\"font-weight: 500\"><br \/>\n<\/span><\/li>\n<\/ul>\n<p><span style=\"font-weight: 500\">Ju yngre valp, desto mer frekventa raster. Det \u00e4r b\u00e4ttre att g\u00e5 ut f\u00f6r ofta \u00e4n f\u00f6r s\u00e4llan.<\/span><\/p>\n<p><b>2. Ha en tydlig toalettplats<\/b><\/p>\n<p><span style=\"font-weight: 500\">V\u00e4lj en, eller ett par fasta platser ute d\u00e4r valpen oftast f\u00e5r kissa och bajsa. G\u00e5 lugnt dit, ge valpen tid att nosa och v\u00e4nta tyst s\u00e5 att valpen inte blir distraherad.<\/span><\/p>\n<p><b>3. Bel\u00f6na direkt<\/b><\/p>\n<p><span style=\"font-weight: 500\">Nyckeln till rumsrenhet \u00e4r att bel\u00f6na r\u00e4tt beteende i r\u00e4tt sekund. S\u00e5 fort valpen \u00e4r klar:<\/span><\/p>\n<ul>\n<li style=\"font-weight: 500\"><span style=\"font-weight: 500\">ber\u00f6m med ljus, glad r\u00f6st<\/span><span style=\"font-weight: 500\"><br \/>\n<\/span><\/li>\n<li style=\"font-weight: 500\"><span style=\"font-weight: 500\">ge en liten godbit eller lek en kort stund<\/span><span style=\"font-weight: 500\"><br \/>\n<\/span><\/li>\n<\/ul>\n<p><span style=\"font-weight: 500\">Bel\u00f6ningen ska komma direkt efter att valpen gjort klart, fortfarande p\u00e5 \u201ctoalettplatsen\u201d s\u00e5 att hunden f\u00f6rst\u00e5r att det \u00e4r r\u00e4tt beteende. Om bel\u00f6ningen kommer f\u00f6rst n\u00e4r ni \u00e4r p\u00e5 v\u00e4g hem f\u00f6rst\u00e5r valpen inte vad den bel\u00f6nas f\u00f6r.<\/span><\/p>\n<p><b>4. F\u00f6rhindra olyckor inomhus<\/b><\/p>\n<p><span style=\"font-weight: 500\">Ju f\u00e4rre olyckor som sker inomhus, desto snabbare brukar en valp bli rumsren. D\u00e4rf\u00f6r handlar mycket om att f\u00f6rebygga. F\u00f6rs\u00f6k att h\u00e5lla noggrann koll n\u00e4r valpen \u00e4r vaken. Om din valp b\u00f6rjar cirkla, nosa intensivt, gn\u00e4lla eller pl\u00f6tsligt smita iv\u00e4g \u00e4r det ofta ett tecken p\u00e5 att det \u00e4r dags att kissa eller bajsa. Vid minsta misstanke om att den beh\u00f6ver g\u00f6ra ifr\u00e5n sig \u00e4r det klokt att ta ut den direkt, \u00e4ven om ni nyss har varit ute. Om du vet att du inte kan ha uppsikt under en stund \u00e4r det b\u00e4ttre att l\u00e5ta valpen vila i en trygg, mindre del av hemmet \u00e4n att den har tillg\u00e5ng till hela huset och fler st\u00e4llen att r\u00e5ka g\u00f6ra sina behov p\u00e5.<\/span><\/p>\n<p><b>5. H\u00e5ll natten s\u00e5 enkel som m\u00f6jligt<\/b><\/p>\n<p><span style=\"font-weight: 500\">M\u00e5nga unga valpar klarar inte hela natten utan att kissa, och d\u00e4rf\u00f6r kan du beh\u00f6va hj\u00e4lpa dem lite extra i b\u00f6rjan. Ett bra s\u00e4tt \u00e4r att ta ut valpen sent p\u00e5 kv\u00e4llen, precis innan du l\u00e4gger dig, s\u00e5 att bl\u00e5san \u00e4r s\u00e5 tom som m\u00f6jligt.\u00a0<\/span><\/p>\n<p><span style=\"font-weight: 500\">Under de f\u00f6rsta veckorna kan det ocks\u00e5 vara klokt att st\u00e4lla klockan f\u00f6r en kort nattlig rasttur, s\u00e4rskilt om valpen \u00e4r v\u00e4ldigt ung. F\u00f6rs\u00f6k att h\u00e5lla nattningarna lugna och stillsamma, utan lek eller bus. G\u00e5 bara ut s\u00e5 att valpen f\u00e5r kissa, ber\u00f6m den l\u00e4tt n\u00e4r den \u00e4r klar och g\u00e5 sedan direkt in igen s\u00e5 att den f\u00f6rst\u00e5r att natten \u00e4r till f\u00f6r att sova. Med tiden kommer valpen att klara l\u00e4ngre och l\u00e4ngre perioder p\u00e5 natten.<\/span><\/p>\n<p><b>6. Var konsekvent och t\u00e5lmodig<\/b><\/p>\n<p><span style=\"font-weight: 500\">Rumsrenhet kommer inte \u00f6ver en natt. Vissa dagar kan det k\u00e4nnas som att du inte g\u00f6r framsteg, men det \u00e4r viktigt att se det l\u00e5ngsiktigt. Forts\u00e4tt bara med samma rutin: Samma schema, plats, och bel\u00f6ning. Att vara lugn och f\u00f6ruts\u00e4gbar \u00e4r det b\u00e4sta du kan g\u00f6ra f\u00f6r din valp.<\/span><\/p>\n<p>&nbsp;<\/p>\n<h2><b>Hur l\u00e5ng tid tar det att f\u00e5 en valp rumsren?<\/b><\/h2>\n<p><b>Det tar oftast mellan tv\u00e5 till fyra m\u00e5nader att f\u00e5 en valp n\u00e5gorlunda rumsren i vardagen, men att bli helt p\u00e5litlig kan ta upp till sex till tolv m\u00e5nader.<\/b><span style=\"font-weight: 500\"> Hur l\u00e5ng tid det faktiskt tar beror p\u00e5 flera saker. <a href=\"https:\/\/bozita.com\/se\/hund\/hundens-utveckling\/valpens-utveckling-fran-valp-till-vuxen-hund\/\">Valpens \u00e5lder<\/a> och fysiska mognad spelar stor roll, eftersom mycket unga valpar helt enkelt inte kan h\u00e5lla sig s\u00e4rskilt l\u00e4nge. \u00c4ven storleken har betydelse, d\u00e5 sm\u00e5 raser ofta har mindre bl\u00e5sa och d\u00e4rf\u00f6r kan beh\u00f6va komma ut oftare. Rutiner fr\u00e5n din sida \u00e4r ocks\u00e5 avg\u00f6rande, ju mer noggrann du \u00e4r med rastschema och bel\u00f6ning n\u00e4r valpen g\u00f6r r\u00e4tt, desto snabbare brukar utvecklingen g\u00e5.\u00a0<\/span><\/p>\n<p><span style=\"font-weight: 500\">Det viktigaste \u00e4r inte exakt vilken vecka allt \u201cklickar\u201d, utan att du ser en tydlig utveckling \u00f6ver tid: f\u00e4rre olyckor inne och allt mer kiss och bajs p\u00e5 r\u00e4tt st\u00e4lle.<\/span><\/p>\n<h2><span style=\"font-weight: 400\"><br \/>\n<\/span><b>Hur ofta beh\u00f6ver en valp kissa eller bajsa?<\/b><\/h2>\n<p><span style=\"font-weight: 400\">En ung valp beh\u00f6ver som regel kissa minst en g\u00e5ng i timmen n\u00e4r den \u00e4r vaken, och dessutom vid s\u00e4rskilda tillf\u00e4llen som efter s\u00f6mn, efter en m\u00e5ltid och efter lek eller bus. Ibland brukar man s\u00e4ga som en grov tumregel att en valp kan h\u00e5lla sig ungef\u00e4r sin \u00e5lder i m\u00e5nader plus en timme, till exempel omkring fyra timmar f\u00f6r en tre m\u00e5nader gammal valp. Men detta b\u00f6r endast appliceras n\u00e4r det verkligen beh\u00f6vs, och inte som en norm i vardagen.<\/span><\/p>\n<p><span style=\"font-weight: 400\">I praktiken \u00e4r det enklare att t\u00e4nka i ungef\u00e4rliga tidsintervall beroende p\u00e5 valpens \u00e5lder:<\/span><\/p>\n<ul>\n<li style=\"font-weight: 400\"><b>8\u201312 veckor (ca 2-3 m\u00e5nader):<\/b><span style=\"font-weight: 400\"> Beh\u00f6ver oftast g\u00e5 ut ungef\u00e4r <\/span><b>varje timme<\/b><span style=\"font-weight: 400\"> n\u00e4r den \u00e4r vaken.<\/span><\/li>\n<li style=\"font-weight: 400\"><b>12\u201316 veckor (ca 3-4 m\u00e5nader):<\/b><span style=\"font-weight: 400\"> Klarar ofta <\/span><b>1-2 timmar<\/b><span style=\"font-weight: 400\"> mellan rastningarna.<\/span><\/li>\n<li style=\"font-weight: 400\"><b>20\u201324 veckor (ca 5-6 m\u00e5nader):<\/b><span style=\"font-weight: 400\"> Vissa valpar kan h\u00e5lla sig <\/span><b>3-4 timmar<\/b><span style=\"font-weight: 400\">, men de beh\u00f6ver \u00e4nd\u00e5 regelbundna pauser under dagen.<\/span><span style=\"font-weight: 400\"><br \/>\n<\/span><\/li>\n<\/ul>\n<p><span style=\"font-weight: 400\">Detta \u00e4r endast riktlinjer, vissa valpar beh\u00f6ver t\u00e4tare rastning \u00e4n s\u00e5, s\u00e4rskilt vid aktivitet, v\u00e4rme eller om n\u00e5got k\u00e4nns lite extra stressande.<\/span><\/p>\n<p><span style=\"font-weight: 400\">N\u00e4r det g\u00e4ller bajs kommer det ofta p\u00e5 morgonen, ganska snart efter f\u00f6rsta rastningen, samt ungef\u00e4r fem till trettio minuter efter att valpen har \u00e4tit. Ibland kan \u00e4ven intensiv lek trigga tarmr\u00f6relser s\u00e5 att den beh\u00f6ver bajsa d\u00e5. Det b\u00e4sta du kan g\u00f6ra \u00e4r att l\u00e4ra k\u00e4nna just din valps rytm. Om du under n\u00e5gra dagar skriver upp n\u00e4r den kissar och bajsar brukar det snabbt framtr\u00e4da tydliga m\u00f6nster, och d\u00e5 kan du l\u00e4ttare ligga steget f\u00f6re och hinna ut i tid innan en olycka sker inomhus.<\/span><\/p>\n<p>&nbsp;<\/p>\n<h2><b>Vanliga Fr\u00e5gor<\/b><\/h2>\n<h3><b>Kan man f\u00e5 en valp rumsren snabbt?<\/b><\/h3>\n<p><span style=\"font-weight: 500\">Du kan l\u00e4gga en stabil grund p\u00e5 cirka 2-4 veckor med t\u00e4ta rastningar (var 1\u20132 timme dagtid), konsekventa rutiner och bel\u00f6ning varje g\u00e5ng valpen g\u00f6r r\u00e4tt. De flesta valpar beh\u00f6ver dock 2-4 m\u00e5nader f\u00f6r att vara hyfsat rumsrena i vardagen och upp till 6-12 m\u00e5nader f\u00f6r att vara HELT s\u00e4kra i alla situationer.<\/span><\/p>\n<h3><b>Hur l\u00e5ng tid tar det att g\u00f6ra en valp rumsren?<\/b><\/h3>\n<p><span style=\"font-weight: 500\">De flesta valpar \u00e4r ganska rumsrena efter 2 till 4 m\u00e5nader med konsekvent tr\u00e4ning och rutin. Full rumsrenhet, \u00e4ven i nya milj\u00f6er och vid st\u00f6rning, kan ta upp till 6-12 m\u00e5nader.<\/span><\/p>\n<h3><b>Vad ska du g\u00f6ra om din valp kissar eller bajsar inomhus?<\/b><\/h3>\n<p><span style=\"font-weight: 500\">Om du ser det h\u00e4nda: avbryt lugnt, ta ut valpen direkt och ber\u00f6m om den g\u00f6r klart ute. Om du hittar det i efterhand: s\u00e4g inget till valpen, st\u00e4da noggrant och se \u00f6ver rutinerna s\u00e5 att du kan ta ut den tidigare n\u00e4sta g\u00e5ng. Om du straffar valpen i efterhand s\u00e5 kommer den inte f\u00f6rst\u00e5 varf\u00f6r.<\/span><\/p>\n<h3><b>Vid vilken \u00e5lder b\u00f6r en valp normalt vara rumsren?<\/b><\/h3>\n<p><span style=\"font-weight: 500\">De flesta valpar \u00e4r v\u00e4ldigt rumsrena dagtid vid 4-5 m\u00e5naders \u00e5lder och oftast p\u00e5litliga b\u00e5de dag och natt efter 6-7 m\u00e5nader. Blir valpen \u00e4ldre \u00e4n ca 8 m\u00e5nader och har fortfarande regelbundna olyckor inomhus, eller pl\u00f6tsligt b\u00f6rjar kissa inne igen, b\u00f6r du kontakta veterin\u00e4r f\u00f6r att utesluta medicinska orsaker och sedan eventuellt ta hj\u00e4lp av instrukt\u00f6r.<\/span><\/p>\n\t\t\t<\/div>\n\t\t<\/div>\n\t<\/div>\n\n\n\n\t<section class=\"block related-articles\">\n\t\t<div class=\"container\">\n\t\t\t<h2>Relaterade artiklar<\/h2>\n\t\t\t<div class=\"row justify-content-center\">\n\t\t\t\t\t\t\t\t\t\t<div class=\"col-sm-6 col-md-6 col-lg-3\">\n\t\t\t\t\t\t\t\t\t\t\t\t\t\t<div class=\"card \">\n\t\t\t\t\t\t\t\t\t\t\t\t\t\t\t\t\t<img decoding=\"async\"  src=\"https:\/\/bozita.com\/se\/wp-content\/uploads\/sites\/5\/2021\/07\/bozita-hundens-utveckling-stadier.jpeg\" alt=\"\">\n\t\t\t\t\t\t\t\t\t\t\t\t\t\t\t\t\t<!-- <img decoding=\"async\" src=\"\n\t\t\t\t\t\t\t\t\t\t\t\t\t\t\t\t\t\t\t\t\" alt=\"\n\t\t\t\t\t\t\t\t\t\t\t\t\t\t\t\t\t\t\t\t\t\t\t\t\t\t\t\"> -->\n\t\t\t\t\t\t\t\t<div class=\"card-body\">\n\t\t\t\t\t\t\t\t\t\t\t\t\t\t\t\t\t\t\t<h6>Valpens utveckling &#8211; fr\u00e5n valp till vuxen hund<\/h6>\n\t\t\t\t\t\t\t\t\t\t\t\t\t\t\t\t\t\t\t<a href=\"https:\/\/bozita.com\/se\/hund\/hundens-utveckling\/valpens-utveckling-fran-valp-till-vuxen-hund\/\">L\u00e4s mer &nbsp; ><\/a>\n\t\t\t\t\t\t\t\t<\/div>\n\t\t\t\t\t\t\t<\/div>\n\t\t\t\t\t\t<\/div>\n\n\t\t\t\t\t\t\t\t\t\t\t<div class=\"col-sm-6 col-md-6 col-lg-3\">\n\t\t\t\t\t\t\t\t\t\t\t\t\t\t<div class=\"card \">\n\t\t\t\t\t\t\t\t\t\t\t\t\t\t\t\t\t<img decoding=\"async\"  src=\"https:\/\/bozita.com\/se\/wp-content\/uploads\/sites\/5\/2021\/06\/bozita-aktivera-hund.jpg\" alt=\"\">\n\t\t\t\t\t\t\t\t\t\t\t\t\t\t\t\t\t<!-- <img decoding=\"async\" src=\"\n\t\t\t\t\t\t\t\t\t\t\t\t\t\t\t\t\t\t\t\t\" alt=\"\n\t\t\t\t\t\t\t\t\t\t\t\t\t\t\t\t\t\t\t\t\t\t\t\t\t\t\t\"> -->\n\t\t\t\t\t\t\t\t<div class=\"card-body\">\n\t\t\t\t\t\t\t\t\t\t\t\t\t\t\t\t\t\t\t<h6>Aktivera din hund<\/h6>\n\t\t\t\t\t\t\t\t\t\t\t\t\t\t\t\t\t\t\t<a href=\"https:\/\/bozita.com\/se\/hund\/aktivera-hunden\/\">L\u00e4s mer &nbsp; ><\/a>\n\t\t\t\t\t\t\t\t<\/div>\n\t\t\t\t\t\t\t<\/div>\n\t\t\t\t\t\t<\/div>\n\n\t\t\t\t\t\t\t\t\t\t\t<div class=\"col-sm-6 col-md-6 col-lg-3\">\n\t\t\t\t\t\t\t\t\t\t\t\t\t\t<div class=\"card \">\n\t\t\t\t\t\t\t\t\t\t\t\t\t\t\t\t\t<img decoding=\"async\"  src=\"https:\/\/bozita.com\/se\/wp-content\/uploads\/sites\/5\/2021\/07\/bozita-hundvalp-ensam-trana.jpeg\" alt=\"\">\n\t\t\t\t\t\t\t\t\t\t\t\t\t\t\t\t\t<!-- <img decoding=\"async\" src=\"\n\t\t\t\t\t\t\t\t\t\t\t\t\t\t\t\t\t\t\t\t\" alt=\"\n\t\t\t\t\t\t\t\t\t\t\t\t\t\t\t\t\t\t\t\t\t\t\t\t\t\t\t\"> -->\n\t\t\t\t\t\t\t\t<div class=\"card-body\">\n\t\t\t\t\t\t\t\t\t\t\t\t\t\t\t\t\t\t\t<h6>Ensamhetstr\u00e4ning valp &#8211; l\u00e4ra hunden vara ensam<\/h6>\n\t\t\t\t\t\t\t\t\t\t\t\t\t\t\t\t\t\t\t<a href=\"https:\/\/bozita.com\/se\/hund\/hundens-utveckling\/lara-hund-vara-ensam\/\">L\u00e4s mer &nbsp; ><\/a>\n\t\t\t\t\t\t\t\t<\/div>\n\t\t\t\t\t\t\t<\/div>\n\t\t\t\t\t\t<\/div>\n\n\t\t\t\t\t\t\t\t\t\t\t\t<\/div>\n\t\t<\/div>\n\t<\/section>\n","protected":false},"excerpt":{"rendered":"","protected":false},"author":40,"featured_media":12267,"parent":57,"menu_order":0,"comment_status":"closed","ping_status":"closed","template":"guternberg.php","meta":{"footnotes":""},"acf":[],"yoast_head":"<!-- This site is optimized with the Yoast SEO plugin v21.3 - https:\/\/yoast.com\/wordpress\/plugins\/seo\/ -->\n<title>F\u00e5 valp rumsren - Tr\u00e4na valpen att bli rumsren | Bozita<\/title>\n<meta name=\"description\" content=\"S\u00e5 f\u00e5r du din valp rumsren med rutiner, t\u00e4ta rastningar och bel\u00f6ning. F\u00f6rst\u00e5 valpens behov, f\u00f6rebygg olyckor inne och skapa trygga vardagsvanor.\" \/>\n<meta name=\"robots\" content=\"index, follow, max-snippet:-1, max-image-preview:large, max-video-preview:-1\" \/>\n<link rel=\"canonical\" href=\"https:\/\/bozita.com\/se\/hund\/hundens-utveckling\/fa-valp-rumsren\/\" \/>\n<meta property=\"og:locale\" content=\"sv_SE\" \/>\n<meta property=\"og:type\" content=\"article\" \/>\n<meta property=\"og:title\" content=\"F\u00e5 valp rumsren - Tr\u00e4na valpen att bli rumsren | Bozita\" \/>\n<meta property=\"og:description\" content=\"S\u00e5 f\u00e5r du din valp rumsren med rutiner, t\u00e4ta rastningar och bel\u00f6ning. F\u00f6rst\u00e5 valpens behov, f\u00f6rebygg olyckor inne och skapa trygga vardagsvanor.\" \/>\n<meta property=\"og:url\" content=\"https:\/\/bozita.com\/se\/hund\/hundens-utveckling\/fa-valp-rumsren\/\" \/>\n<meta property=\"og:site_name\" content=\"Bozita Sverige\" \/>\n<meta property=\"article:modified_time\" content=\"2025-12-17T12:47:18+00:00\" \/>\n<meta property=\"og:image\" content=\"https:\/\/bozita.com\/se\/wp-content\/uploads\/sites\/5\/2025\/12\/Valprumsren.jpg\" \/>\n\t<meta property=\"og:image:width\" content=\"2122\" \/>\n\t<meta property=\"og:image:height\" content=\"1412\" \/>\n\t<meta property=\"og:image:type\" content=\"image\/jpeg\" \/>\n<meta name=\"twitter:card\" content=\"summary_large_image\" \/>\n<!-- \/ Yoast SEO plugin. -->","yoast_head_json":{"title":"F\u00e5 valp rumsren - Tr\u00e4na valpen att bli rumsren | Bozita","description":"S\u00e5 f\u00e5r du din valp rumsren med rutiner, t\u00e4ta rastningar och bel\u00f6ning. F\u00f6rst\u00e5 valpens behov, f\u00f6rebygg olyckor inne och skapa trygga vardagsvanor.","robots":{"index":"index","follow":"follow","max-snippet":"max-snippet:-1","max-image-preview":"max-image-preview:large","max-video-preview":"max-video-preview:-1"},"canonical":"https:\/\/bozita.com\/se\/hund\/hundens-utveckling\/fa-valp-rumsren\/","og_locale":"sv_SE","og_type":"article","og_title":"F\u00e5 valp rumsren - Tr\u00e4na valpen att bli rumsren | Bozita","og_description":"S\u00e5 f\u00e5r du din valp rumsren med rutiner, t\u00e4ta rastningar och bel\u00f6ning. F\u00f6rst\u00e5 valpens behov, f\u00f6rebygg olyckor inne och skapa trygga vardagsvanor.","og_url":"https:\/\/bozita.com\/se\/hund\/hundens-utveckling\/fa-valp-rumsren\/","og_site_name":"Bozita Sverige","article_modified_time":"2025-12-17T12:47:18+00:00","og_image":[{"width":2122,"height":1412,"url":"https:\/\/bozita.com\/se\/wp-content\/uploads\/sites\/5\/2025\/12\/Valprumsren.jpg","type":"image\/jpeg"}],"twitter_card":"summary_large_image","schema":{"@context":"https:\/\/schema.org","@graph":[{"@type":"WebPage","@id":"https:\/\/bozita.com\/se\/hund\/hundens-utveckling\/fa-valp-rumsren\/","url":"https:\/\/bozita.com\/se\/hund\/hundens-utveckling\/fa-valp-rumsren\/","name":"F\u00e5 valp rumsren - Tr\u00e4na valpen att bli rumsren | Bozita","isPartOf":{"@id":"https:\/\/bozita.com\/se\/#website"},"datePublished":"2025-12-17T12:47:17+00:00","dateModified":"2025-12-17T12:47:18+00:00","description":"S\u00e5 f\u00e5r du din valp rumsren med rutiner, t\u00e4ta rastningar och bel\u00f6ning. F\u00f6rst\u00e5 valpens behov, f\u00f6rebygg olyckor inne och skapa trygga vardagsvanor.","breadcrumb":{"@id":"https:\/\/bozita.com\/se\/hund\/hundens-utveckling\/fa-valp-rumsren\/#breadcrumb"},"inLanguage":"sv-SE","potentialAction":[{"@type":"ReadAction","target":["https:\/\/bozita.com\/se\/hund\/hundens-utveckling\/fa-valp-rumsren\/"]}]},{"@type":"BreadcrumbList","@id":"https:\/\/bozita.com\/se\/hund\/hundens-utveckling\/fa-valp-rumsren\/#breadcrumb","itemListElement":[{"@type":"ListItem","position":1,"name":"Home","item":"https:\/\/bozita.com\/se\/"},{"@type":"ListItem","position":2,"name":"Livet med hund","item":"https:\/\/bozita.com\/se\/hund\/"},{"@type":"ListItem","position":3,"name":"Hundens utveckling","item":"https:\/\/bozita.com\/se\/hund\/hundens-utveckling\/"},{"@type":"ListItem","position":4,"name":"Rumsren valp"}]},{"@type":"WebSite","@id":"https:\/\/bozita.com\/se\/#website","url":"https:\/\/bozita.com\/se\/","name":"Bozita Sverige","description":"","potentialAction":[{"@type":"SearchAction","target":{"@type":"EntryPoint","urlTemplate":"https:\/\/bozita.com\/se\/?s={search_term_string}"},"query-input":"required name=search_term_string"}],"inLanguage":"sv-SE"},{"@type":"Person","@id":"https:\/\/bozita.com\/se\/#\/schema\/person\/849750c17ebf5083ddb8ee8f61da8f81","name":"mattiasseo","image":{"@type":"ImageObject","inLanguage":"sv-SE","@id":"https:\/\/bozita.com\/se\/#\/schema\/person\/image\/","url":"https:\/\/secure.gravatar.com\/avatar\/624325a2bf21ae33eaf018c7cbaede3f?s=96&d=mm&r=g","contentUrl":"https:\/\/secure.gravatar.com\/avatar\/624325a2bf21ae33eaf018c7cbaede3f?s=96&d=mm&r=g","caption":"mattiasseo"},"url":"https:\/\/bozita.com\/se\/author\/mattiasseo\/"}]}},"_links":{"self":[{"href":"https:\/\/bozita.com\/se\/wp-json\/wp\/v2\/pages\/12266"}],"collection":[{"href":"https:\/\/bozita.com\/se\/wp-json\/wp\/v2\/pages"}],"about":[{"href":"https:\/\/bozita.com\/se\/wp-json\/wp\/v2\/types\/page"}],"author":[{"embeddable":true,"href":"https:\/\/bozita.com\/se\/wp-json\/wp\/v2\/users\/40"}],"replies":[{"embeddable":true,"href":"https:\/\/bozita.com\/se\/wp-json\/wp\/v2\/comments?post=12266"}],"version-history":[{"count":7,"href":"https:\/\/bozita.com\/se\/wp-json\/wp\/v2\/pages\/12266\/revisions"}],"predecessor-version":[{"id":12274,"href":"https:\/\/bozita.com\/se\/wp-json\/wp\/v2\/pages\/12266\/revisions\/12274"}],"up":[{"embeddable":true,"href":"https:\/\/bozita.com\/se\/wp-json\/wp\/v2\/pages\/57"}],"wp:featuredmedia":[{"embeddable":true,"href":"https:\/\/bozita.com\/se\/wp-json\/wp\/v2\/media\/12267"}],"wp:attachment":[{"href":"https:\/\/bozita.com\/se\/wp-json\/wp\/v2\/media?parent=12266"}],"curies":[{"name":"wp","href":"https:\/\/api.w.org\/{rel}","templated":true}]}}