{"id":12305,"date":"2026-01-12T10:50:32","date_gmt":"2026-01-12T10:50:32","guid":{"rendered":"https:\/\/bozita.com\/se\/?page_id=12305"},"modified":"2026-03-06T11:59:18","modified_gmt":"2026-03-06T11:59:18","slug":"jagsomkatt","status":"publish","type":"page","link":"https:\/\/bozita.com\/se\/jagsomkatt\/","title":{"rendered":"Jag som katt"},"content":{"rendered":"\t<div class=\"text-box-warp\">\n\t\t<div class=\"container\">\n\t\t\t<div class=\"text-content\">\n\t\t\t\t\t\t\t<\/div>\n\t\t<\/div>\n\t<\/div>\n\n\n\t\t\t<section class=\"block big-hero-block\" style=\"background-image: url('https:\/\/bozita.com\/se\/wp-content\/uploads\/sites\/5\/2026\/01\/kattherodesktopny.jpg');\">\n\t\t\t\t\t\t\t\t\t\t\t\t<div class=\"overlay-v1 \">\n\t\t\t\t<div class=\"container \">\n\t\t\t\t\t<div class=\"row \">\n\t\t\t\t\t\t<div class=\"col-md-8 col-lg-6\">\n\t\t\t\t\t\t\t<h5><\/h5>\t\t\t\t\t\t\t<div class=\"media\">\n\t\t\t\t\t\t\t\t\t\t\t\t\t\t\t\t<div class=\"media-body\">\n\t\t\t\t\t\t\t\t\t\t\t\t\t\t\t\t\t<\/div>\n\t\t\t\t\t\t\t<\/div>\n\t\t\t\t\t\t\t\t\t\t\t\t\t<\/div>\n\t\t\t\t\t<\/div>\n\t\t\t\t<\/div>\n\t\t\t<\/div>\n\t\t\t<\/section>\n\t\t\n\n    <div class=\"text-box-warp\">\n        <div class=\"container\">\n            <div class=\"text-content\">\n               <iframe loading=\"lazy\"\r\n  src=\"https:\/\/creative-work-019beb5c-fa0f-7436-ab.vercel.app\/\"\r\n  width=\"100%\"\r\n  height=\"600\"\r\n  allow=\"web-share\"\r\n  allow=\"scripts\"\r\n  allow=\"popups\"\r\n  allow=\"downloads\"\r\n><\/iframe>            <\/div>\n        <\/div>\n    <\/div>\n","protected":false},"excerpt":{"rendered":"","protected":false},"author":45,"featured_media":1118,"parent":0,"menu_order":0,"comment_status":"closed","ping_status":"closed","template":"guternberg.php","meta":{"footnotes":""},"acf":[],"yoast_head":"<!-- This site is optimized with the Yoast SEO plugin v21.3 - https:\/\/yoast.com\/wordpress\/plugins\/seo\/ -->\n<title>K\u00f6pa hund eller skaffa hund - vad ska du t\u00e4nka p\u00e5 | Bozita<\/title>\n<meta name=\"description\" content=\"Att k\u00f6pa eller skaffa en hund eller hundvalp kr\u00e4ver lite f\u00f6rberedelse och du beh\u00f6ver vara p\u00e5l\u00e4st innan. Bozita v\u00e4gleder dig i vad du beh\u00f6ver t\u00e4nka p\u00e5.\" \/>\n<meta name=\"robots\" content=\"index, follow, max-snippet:-1, max-image-preview:large, max-video-preview:-1\" \/>\n<link rel=\"canonical\" href=\"https:\/\/bozita.com\/se\/jagsomkatt\/\" \/>\n<meta property=\"og:locale\" content=\"sv_SE\" \/>\n<meta property=\"og:type\" content=\"article\" \/>\n<meta property=\"og:title\" content=\"K\u00f6pa hund eller skaffa hund - vad ska du t\u00e4nka p\u00e5 | Bozita\" \/>\n<meta property=\"og:description\" content=\"Att k\u00f6pa eller skaffa en hund eller hundvalp kr\u00e4ver lite f\u00f6rberedelse och du beh\u00f6ver vara p\u00e5l\u00e4st innan. Bozita v\u00e4gleder dig i vad du beh\u00f6ver t\u00e4nka p\u00e5.\" \/>\n<meta property=\"og:url\" content=\"https:\/\/bozita.com\/se\/jagsomkatt\/\" \/>\n<meta property=\"og:site_name\" content=\"Bozita Sverige\" \/>\n<meta property=\"article:modified_time\" content=\"2026-03-06T11:59:18+00:00\" \/>\n<meta property=\"og:image\" content=\"https:\/\/bozita.com\/se\/wp-content\/uploads\/sites\/5\/2021\/06\/bozita-kopa-hund.jpg\" \/>\n\t<meta property=\"og:image:width\" content=\"800\" \/>\n\t<meta property=\"og:image:height\" content=\"532\" \/>\n\t<meta property=\"og:image:type\" content=\"image\/jpeg\" \/>\n<meta name=\"twitter:card\" content=\"summary_large_image\" \/>\n<!-- \/ Yoast SEO plugin. -->","yoast_head_json":{"title":"K\u00f6pa hund eller skaffa hund - vad ska du t\u00e4nka p\u00e5 | Bozita","description":"Att k\u00f6pa eller skaffa en hund eller hundvalp kr\u00e4ver lite f\u00f6rberedelse och du beh\u00f6ver vara p\u00e5l\u00e4st innan. Bozita v\u00e4gleder dig i vad du beh\u00f6ver t\u00e4nka p\u00e5.","robots":{"index":"index","follow":"follow","max-snippet":"max-snippet:-1","max-image-preview":"max-image-preview:large","max-video-preview":"max-video-preview:-1"},"canonical":"https:\/\/bozita.com\/se\/jagsomkatt\/","og_locale":"sv_SE","og_type":"article","og_title":"K\u00f6pa hund eller skaffa hund - vad ska du t\u00e4nka p\u00e5 | Bozita","og_description":"Att k\u00f6pa eller skaffa en hund eller hundvalp kr\u00e4ver lite f\u00f6rberedelse och du beh\u00f6ver vara p\u00e5l\u00e4st innan. Bozita v\u00e4gleder dig i vad du beh\u00f6ver t\u00e4nka p\u00e5.","og_url":"https:\/\/bozita.com\/se\/jagsomkatt\/","og_site_name":"Bozita Sverige","article_modified_time":"2026-03-06T11:59:18+00:00","og_image":[{"width":800,"height":532,"url":"https:\/\/bozita.com\/se\/wp-content\/uploads\/sites\/5\/2021\/06\/bozita-kopa-hund.jpg","type":"image\/jpeg"}],"twitter_card":"summary_large_image","schema":{"@context":"https:\/\/schema.org","@graph":[{"@type":"WebPage","@id":"https:\/\/bozita.com\/se\/jagsomkatt\/","url":"https:\/\/bozita.com\/se\/jagsomkatt\/","name":"K\u00f6pa hund eller skaffa hund - vad ska du t\u00e4nka p\u00e5 | Bozita","isPartOf":{"@id":"https:\/\/bozita.com\/se\/#website"},"datePublished":"2026-01-12T10:50:32+00:00","dateModified":"2026-03-06T11:59:18+00:00","description":"Att k\u00f6pa eller skaffa en hund eller hundvalp kr\u00e4ver lite f\u00f6rberedelse och du beh\u00f6ver vara p\u00e5l\u00e4st innan. Bozita v\u00e4gleder dig i vad du beh\u00f6ver t\u00e4nka p\u00e5.","breadcrumb":{"@id":"https:\/\/bozita.com\/se\/jagsomkatt\/#breadcrumb"},"inLanguage":"sv-SE","potentialAction":[{"@type":"ReadAction","target":["https:\/\/bozita.com\/se\/jagsomkatt\/"]}]},{"@type":"BreadcrumbList","@id":"https:\/\/bozita.com\/se\/jagsomkatt\/#breadcrumb","itemListElement":[{"@type":"ListItem","position":1,"name":"Home","item":"https:\/\/bozita.com\/se\/"},{"@type":"ListItem","position":2,"name":"Jag som katt"}]},{"@type":"WebSite","@id":"https:\/\/bozita.com\/se\/#website","url":"https:\/\/bozita.com\/se\/","name":"Bozita Sverige","description":"","potentialAction":[{"@type":"SearchAction","target":{"@type":"EntryPoint","urlTemplate":"https:\/\/bozita.com\/se\/?s={search_term_string}"},"query-input":"required name=search_term_string"}],"inLanguage":"sv-SE"}]}},"_links":{"self":[{"href":"https:\/\/bozita.com\/se\/wp-json\/wp\/v2\/pages\/12305"}],"collection":[{"href":"https:\/\/bozita.com\/se\/wp-json\/wp\/v2\/pages"}],"about":[{"href":"https:\/\/bozita.com\/se\/wp-json\/wp\/v2\/types\/page"}],"author":[{"embeddable":true,"href":"https:\/\/bozita.com\/se\/wp-json\/wp\/v2\/users\/45"}],"replies":[{"embeddable":true,"href":"https:\/\/bozita.com\/se\/wp-json\/wp\/v2\/comments?post=12305"}],"version-history":[{"count":28,"href":"https:\/\/bozita.com\/se\/wp-json\/wp\/v2\/pages\/12305\/revisions"}],"predecessor-version":[{"id":12457,"href":"https:\/\/bozita.com\/se\/wp-json\/wp\/v2\/pages\/12305\/revisions\/12457"}],"wp:featuredmedia":[{"embeddable":true,"href":"https:\/\/bozita.com\/se\/wp-json\/wp\/v2\/media\/1118"}],"wp:attachment":[{"href":"https:\/\/bozita.com\/se\/wp-json\/wp\/v2\/media?parent=12305"}],"curies":[{"name":"wp","href":"https:\/\/api.w.org\/{rel}","templated":true}]}}