{"id":1265,"date":"2021-06-20T19:28:51","date_gmt":"2021-06-20T19:28:51","guid":{"rendered":"https:\/\/bozita.com\/se\/?page_id=1265"},"modified":"2021-08-25T07:47:52","modified_gmt":"2021-08-25T07:47:52","slug":"algblomning","status":"publish","type":"page","link":"https:\/\/bozita.com\/se\/hund\/hundens-halsa\/algblomning\/","title":{"rendered":"Algblomning hund &#8211; det h\u00e4r beh\u00f6ver du veta"},"content":{"rendered":"\t\t<section class=\"small-hero\">\n\t\t\t<div class=\"container\">\n\t\t\t\t<h5>Kunskap<\/h5><h1 class=\"small-hero-title\">Algblomning hund &#8211; det h\u00e4r beh\u00f6ver du veta<\/h1><p><p>Med sommaren kommer (f\u00f6rhoppningsvis) v\u00e4rmen. Vad passar d\u00e5 inte b\u00e4ttre f\u00f6r b\u00e5de dig och hunden \u00e4n att ta ett svalkande bad i n\u00e5gon av Sveriges 100 000 sj\u00f6ar eller kanske rentav i havet&#8230;<\/p>\n<\/p>\t\t\t<\/div>\n\t\t\t<\/div>\n\t\t<\/section>\n\t\n\n\t<div class=\"text-box-warp\">\n\t\t<div class=\"container\">\n\t\t\t<div class=\"text-content\">\n\t\t\t\t<p>Eller kanske ska man f\u00f6rst t\u00e4nka sig f\u00f6r? Under h\u00f6gsommaren och h\u00f6sten \u00e4r det bra att h\u00e5lla lite koll p\u00e5 algblomningsprognoserna och ta en extra titt i vattnet innan du sl\u00e4pper i hunden. F\u00f6r algblomning och hundar h\u00f6r inte ihop d\u00e5 algblomning kan orsaka f\u00f6rgiftning hos hundar.<\/p>\n<h2>ALGF\u00d6RGIFTNING HUND<\/h2>\n<p>N\u00e4r algerna blommar frisl\u00e4pps en del toxiner som kan orsaka algf\u00f6rgiftning hos din hund. Dessa toxiner kan p\u00e5verka nervsystemet eller levern, vilket i sin tur kan p\u00e5verka andningen, r\u00f6relsem\u00f6nstret och organen. I slut\u00e4ndan kan en algf\u00f6rgiftning hos hunden tyv\u00e4rr leda till att den avlider.<\/p>\n<p>Algerna finns i b\u00e5de sj\u00f6ar och hav och n\u00e4r de blommar bildas en bl\u00e5gr\u00f6n, gr\u00f6n eller gulgr\u00f6n hinna som \u00e4r t\u00e4cker vattenytan. Gifterna kan dock dr\u00f6ja sig kvar i flera dagar efter att vattnet har klarnat och d\u00e4rf\u00f6r \u00e4r det bra att vara f\u00f6rsiktig. S\u00e5 under perioden n\u00e4r det \u00e4r algblomning, h\u00e5ll din hund under uppsikt och titta en extra g\u00e5ng i vattnet innan bad.<\/p>\n<h2>KONTAKTA VETERIN\u00c4R<\/h2>\n<p>Misst\u00e4nker du att det \u00e4r algblomning och att din hund har drabbats av algf\u00f6rgiftning? Kontakta n\u00e4rmaste veterin\u00e4r direkt.<\/p>\n<h2>F\u00d6LJ ALGBLOMNINGSRAPPORTEN<\/h2>\n<p>Ett tips n\u00e4r det \u00e4r algblomning f\u00f6r dig som har hund \u00e4r att h\u00e5lla koll p\u00e5 algblomningsrapporten. P\u00e5 <a href=\"https:\/\/www.smhi.se\/vadret\/hav-och-kust\/algsituationen\" target=\"_blank\" rel=\"noopener\">shmi.se kan du se hur algblomningsl\u00e4get ser ut<\/a>\u00a0i Sverige dag f\u00f6r dag. Kartan uppdateras dagligen.<\/p>\n\t\t\t<\/div>\n\t\t<\/div>\n\t<\/div>\n\n\n\n\t<section class=\"block related-articles\">\n\t\t<div class=\"container\">\n\t\t\t<h2>Relaterade artiklar<\/h2>\n\t\t\t<div class=\"row justify-content-center\">\n\t\t\t\t\t\t\t\t\t\t<div class=\"col-sm-6 col-md-6 col-lg-3\">\n\t\t\t\t\t\t\t\t\t\t\t\t\t\t<div class=\"card \">\n\t\t\t\t\t\t\t\t\t\t\t\t\t\t\t\t\t<img decoding=\"async\"  src=\"https:\/\/bozita.com\/se\/wp-content\/uploads\/sites\/5\/2021\/06\/bozita-avmaska-hundvalp-hund.jpg\" alt=\"\">\n\t\t\t\t\t\t\t\t\t\t\t\t\t\t\t\t\t<!-- <img decoding=\"async\" src=\"\n\t\t\t\t\t\t\t\t\t\t\t\t\t\t\t\t\t\t\t\t\" alt=\"\n\t\t\t\t\t\t\t\t\t\t\t\t\t\t\t\t\t\t\t\t\t\t\t\t\t\t\t\"> -->\n\t\t\t\t\t\t\t\t<div class=\"card-body\">\n\t\t\t\t\t\t\t\t\t\t\t\t\t\t\t\t\t\t\t<h6>Avmaskning av hund och valp<\/h6>\n\t\t\t\t\t\t\t\t\t\t\t\t\t\t\t\t\t\t\t<a href=\"https:\/\/bozita.com\/se\/hund\/hundens-halsa\/avmaska-hund-valp\/\">L\u00e4s mer &nbsp; ><\/a>\n\t\t\t\t\t\t\t\t<\/div>\n\t\t\t\t\t\t\t<\/div>\n\t\t\t\t\t\t<\/div>\n\n\t\t\t\t\t\t\t\t\t\t\t<div class=\"col-sm-6 col-md-6 col-lg-3\">\n\t\t\t\t\t\t\t\t\t\t\t\t\t\t<div class=\"card \">\n\t\t\t\t\t\t\t\t\t\t\t\t\t\t\t\t\t<img decoding=\"async\"  src=\"https:\/\/bozita.com\/se\/wp-content\/uploads\/sites\/5\/2021\/07\/bozita-hund-vaccinera.jpeg\" alt=\"\">\n\t\t\t\t\t\t\t\t\t\t\t\t\t\t\t\t\t<!-- <img decoding=\"async\" src=\"\n\t\t\t\t\t\t\t\t\t\t\t\t\t\t\t\t\t\t\t\t\" alt=\"\n\t\t\t\t\t\t\t\t\t\t\t\t\t\t\t\t\t\t\t\t\t\t\t\t\t\t\t\"> -->\n\t\t\t\t\t\t\t\t<div class=\"card-body\">\n\t\t\t\t\t\t\t\t\t\t\t\t\t\t\t\t\t\t\t<h6>Vaccination av hund och valp<\/h6>\n\t\t\t\t\t\t\t\t\t\t\t\t\t\t\t\t\t\t\t<a href=\"https:\/\/bozita.com\/se\/hund\/hundens-halsa\/vaccinera-hund\/\">L\u00e4s mer &nbsp; ><\/a>\n\t\t\t\t\t\t\t\t<\/div>\n\t\t\t\t\t\t\t<\/div>\n\t\t\t\t\t\t<\/div>\n\n\t\t\t\t\t\t\t\t\t\t\t<div class=\"col-sm-6 col-md-6 col-lg-3\">\n\t\t\t\t\t\t\t\t\t\t\t\t\t\t<div class=\"card \">\n\t\t\t\t\t\t\t\t\t\t\t\t\t\t\t\t\t<img decoding=\"async\"  src=\"https:\/\/bozita.com\/se\/wp-content\/uploads\/sites\/5\/2021\/07\/bozita-forgiftning-svamp-hund.jpeg\" alt=\"\">\n\t\t\t\t\t\t\t\t\t\t\t\t\t\t\t\t\t<!-- <img decoding=\"async\" src=\"\n\t\t\t\t\t\t\t\t\t\t\t\t\t\t\t\t\t\t\t\t\" alt=\"\n\t\t\t\t\t\t\t\t\t\t\t\t\t\t\t\t\t\t\t\t\t\t\t\t\t\t\t\"> -->\n\t\t\t\t\t\t\t\t<div class=\"card-body\">\n\t\t\t\t\t\t\t\t\t\t\t\t\t\t\t\t\t\t\t<h6>Svampf\u00f6rgiftning hund &#8211; se upp i svampskogen<\/h6>\n\t\t\t\t\t\t\t\t\t\t\t\t\t\t\t\t\t\t\t<a href=\"https:\/\/bozita.com\/se\/hund\/hundens-halsa\/svampforgiftning\/\">L\u00e4s mer &nbsp; ><\/a>\n\t\t\t\t\t\t\t\t<\/div>\n\t\t\t\t\t\t\t<\/div>\n\t\t\t\t\t\t<\/div>\n\n\t\t\t\t\t\t\t\t\t\t\t\t<\/div>\n\t\t<\/div>\n\t<\/section>\n","protected":false},"excerpt":{"rendered":"","protected":false},"author":1,"featured_media":3289,"parent":59,"menu_order":0,"comment_status":"closed","ping_status":"closed","template":"guternberg.php","meta":{"footnotes":""},"acf":[],"yoast_head":"<!-- This site is optimized with the Yoast SEO plugin v21.3 - https:\/\/yoast.com\/wordpress\/plugins\/seo\/ -->\n<title>Algblomning kan orsaka algf\u00f6rgiftning hos hundar | Bozita<\/title>\n<meta name=\"description\" content=\"H\u00e5ll koll p\u00e5 algblomning och din hund. Algf\u00f6rgiftning hos hundar p\u00e5verkar nervsystemet och levern och kan vara d\u00f6dligt. Kontakta veterin\u00e4r vid symptom.\" \/>\n<meta name=\"robots\" content=\"index, follow, max-snippet:-1, max-image-preview:large, max-video-preview:-1\" \/>\n<link rel=\"canonical\" href=\"https:\/\/bozita.com\/se\/hund\/hundens-halsa\/algblomning\/\" \/>\n<meta property=\"og:locale\" content=\"sv_SE\" \/>\n<meta property=\"og:type\" content=\"article\" \/>\n<meta property=\"og:title\" content=\"Algblomning kan orsaka algf\u00f6rgiftning hos hundar | Bozita\" \/>\n<meta property=\"og:description\" content=\"H\u00e5ll koll p\u00e5 algblomning och din hund. Algf\u00f6rgiftning hos hundar p\u00e5verkar nervsystemet och levern och kan vara d\u00f6dligt. Kontakta veterin\u00e4r vid symptom.\" \/>\n<meta property=\"og:url\" content=\"https:\/\/bozita.com\/se\/hund\/hundens-halsa\/algblomning\/\" \/>\n<meta property=\"og:site_name\" content=\"Bozita Sverige\" \/>\n<meta property=\"article:modified_time\" content=\"2021-08-25T07:47:52+00:00\" \/>\n<meta property=\"og:image\" content=\"https:\/\/bozita.com\/se\/wp-content\/uploads\/sites\/5\/2021\/07\/bozita-algblomning-algforgiftning.jpeg\" \/>\n\t<meta property=\"og:image:width\" content=\"800\" \/>\n\t<meta property=\"og:image:height\" content=\"533\" \/>\n\t<meta property=\"og:image:type\" content=\"image\/jpeg\" \/>\n<meta name=\"twitter:card\" content=\"summary_large_image\" \/>\n<!-- \/ Yoast SEO plugin. -->","yoast_head_json":{"title":"Algblomning kan orsaka algf\u00f6rgiftning hos hundar | Bozita","description":"H\u00e5ll koll p\u00e5 algblomning och din hund. Algf\u00f6rgiftning hos hundar p\u00e5verkar nervsystemet och levern och kan vara d\u00f6dligt. Kontakta veterin\u00e4r vid symptom.","robots":{"index":"index","follow":"follow","max-snippet":"max-snippet:-1","max-image-preview":"max-image-preview:large","max-video-preview":"max-video-preview:-1"},"canonical":"https:\/\/bozita.com\/se\/hund\/hundens-halsa\/algblomning\/","og_locale":"sv_SE","og_type":"article","og_title":"Algblomning kan orsaka algf\u00f6rgiftning hos hundar | Bozita","og_description":"H\u00e5ll koll p\u00e5 algblomning och din hund. Algf\u00f6rgiftning hos hundar p\u00e5verkar nervsystemet och levern och kan vara d\u00f6dligt. Kontakta veterin\u00e4r vid symptom.","og_url":"https:\/\/bozita.com\/se\/hund\/hundens-halsa\/algblomning\/","og_site_name":"Bozita Sverige","article_modified_time":"2021-08-25T07:47:52+00:00","og_image":[{"width":800,"height":533,"url":"https:\/\/bozita.com\/se\/wp-content\/uploads\/sites\/5\/2021\/07\/bozita-algblomning-algforgiftning.jpeg","type":"image\/jpeg"}],"twitter_card":"summary_large_image","schema":{"@context":"https:\/\/schema.org","@graph":[{"@type":"WebPage","@id":"https:\/\/bozita.com\/se\/hund\/hundens-halsa\/algblomning\/","url":"https:\/\/bozita.com\/se\/hund\/hundens-halsa\/algblomning\/","name":"Algblomning kan orsaka algf\u00f6rgiftning hos hundar | Bozita","isPartOf":{"@id":"https:\/\/bozita.com\/se\/#website"},"datePublished":"2021-06-20T19:28:51+00:00","dateModified":"2021-08-25T07:47:52+00:00","description":"H\u00e5ll koll p\u00e5 algblomning och din hund. Algf\u00f6rgiftning hos hundar p\u00e5verkar nervsystemet och levern och kan vara d\u00f6dligt. Kontakta veterin\u00e4r vid symptom.","breadcrumb":{"@id":"https:\/\/bozita.com\/se\/hund\/hundens-halsa\/algblomning\/#breadcrumb"},"inLanguage":"sv-SE","potentialAction":[{"@type":"ReadAction","target":["https:\/\/bozita.com\/se\/hund\/hundens-halsa\/algblomning\/"]}]},{"@type":"BreadcrumbList","@id":"https:\/\/bozita.com\/se\/hund\/hundens-halsa\/algblomning\/#breadcrumb","itemListElement":[{"@type":"ListItem","position":1,"name":"Home","item":"https:\/\/bozita.com\/se\/"},{"@type":"ListItem","position":2,"name":"Livet med hund","item":"https:\/\/bozita.com\/se\/hund\/"},{"@type":"ListItem","position":3,"name":"Hundens h\u00e4lsa","item":"https:\/\/bozita.com\/se\/hund\/hundens-halsa\/"},{"@type":"ListItem","position":4,"name":"Algblomning hund &#8211; det h\u00e4r beh\u00f6ver du veta"}]},{"@type":"WebSite","@id":"https:\/\/bozita.com\/se\/#website","url":"https:\/\/bozita.com\/se\/","name":"Bozita Sverige","description":"","potentialAction":[{"@type":"SearchAction","target":{"@type":"EntryPoint","urlTemplate":"https:\/\/bozita.com\/se\/?s={search_term_string}"},"query-input":"required name=search_term_string"}],"inLanguage":"sv-SE"}]}},"_links":{"self":[{"href":"https:\/\/bozita.com\/se\/wp-json\/wp\/v2\/pages\/1265"}],"collection":[{"href":"https:\/\/bozita.com\/se\/wp-json\/wp\/v2\/pages"}],"about":[{"href":"https:\/\/bozita.com\/se\/wp-json\/wp\/v2\/types\/page"}],"author":[{"embeddable":true,"href":"https:\/\/bozita.com\/se\/wp-json\/wp\/v2\/users\/1"}],"replies":[{"embeddable":true,"href":"https:\/\/bozita.com\/se\/wp-json\/wp\/v2\/comments?post=1265"}],"version-history":[{"count":14,"href":"https:\/\/bozita.com\/se\/wp-json\/wp\/v2\/pages\/1265\/revisions"}],"predecessor-version":[{"id":5977,"href":"https:\/\/bozita.com\/se\/wp-json\/wp\/v2\/pages\/1265\/revisions\/5977"}],"up":[{"embeddable":true,"href":"https:\/\/bozita.com\/se\/wp-json\/wp\/v2\/pages\/59"}],"wp:featuredmedia":[{"embeddable":true,"href":"https:\/\/bozita.com\/se\/wp-json\/wp\/v2\/media\/3289"}],"wp:attachment":[{"href":"https:\/\/bozita.com\/se\/wp-json\/wp\/v2\/media?parent=1265"}],"curies":[{"name":"wp","href":"https:\/\/api.w.org\/{rel}","templated":true}]}}