{"id":1277,"date":"2021-06-20T19:34:42","date_gmt":"2021-06-20T19:34:42","guid":{"rendered":"https:\/\/bozita.com\/se\/?page_id=1277"},"modified":"2022-06-20T09:18:32","modified_gmt":"2022-06-20T09:18:32","slug":"vaccinera-hund","status":"publish","type":"page","link":"https:\/\/bozita.com\/se\/hund\/hundens-halsa\/vaccinera-hund\/","title":{"rendered":"Vaccination av hund och valp"},"content":{"rendered":"\t\t<section class=\"small-hero\">\n\t\t\t<div class=\"container\">\n\t\t\t\t<h1 class=\"small-hero-title\">Vaccination av hund och valp<\/h1>\t\t\t<\/div>\n\t\t\t<\/div>\n\t\t<\/section>\n\t\n\n\t<div class=\"text-box-warp\">\n\t\t<div class=\"container\">\n\t\t\t<div class=\"text-content\">\n\t\t\t\t<p><strong>Genom vaccination av din hund f\u00f6rhindrar du att den beh\u00f6ver lida i on\u00f6dan och att sjukdomar sprids. En valp \u00e4r vanligtvis grundvaccinerad n\u00e4r den h\u00e4mtas hem fr\u00e5n uppf\u00f6daren men efter det \u00e4r det den nya \u00e4garens ansvar att vaccinera sin hund. F\u00f6r utst\u00e4llnings- och t\u00e4vlingshundar finns s\u00e4rskilda regler som m\u00e5ste f\u00f6ljas f\u00f6r att hunden ska f\u00e5 delta och om du ska resa utomlands med din hund m\u00e5ste du ta reda p\u00e5 vilka regler som g\u00e4ller vid in- och utresa.<\/strong><\/p>\n<h2>VACCINATION HUND &#8211; HUR OFTA?<\/h2>\n<p>Den f\u00f6rsta vaccinationen av din hund sker redan n\u00e4r den \u00e4r valp. Hundar ska f\u00e5 f\u00f6rsta dosen vaccin mot parvovirus, valpsjuka och hepatit n\u00e4r de \u00e4r runt 7\u20138 veckor. Eftersom valpar inte ska l\u00e4mna sin mamma innan de \u00e4r 8 veckor gamla hanteras vaccination av valpen vanligtvis av uppf\u00f6daren. Att en valp \u00e4r vaccinerad ska st\u00e5 i k\u00f6peavtalet. Vid k\u00f6pet ska det ocks\u00e5 medf\u00f6lja ett vaccinationsintyg fr\u00e5n veterin\u00e4ren. Om uppf\u00f6daren av n\u00e5gon anledning inte sett till att vaccinera valpen vid 8 veckors \u00e5lder \u00e4r det den nya \u00e4garens ansvar att se till att s\u00e5 sker s\u00e5 snart som m\u00f6jligt.<\/p>\n<p>Vaccinet ska sedan fyllas p\u00e5 n\u00e4r hunden \u00e4r 12 veckor och 1 \u00e5r gammal. F\u00f6r att ha ett fullgott skydd ska hunden sedan vaccineras med j\u00e4mna mellanrum. Rekommenderat intervall f\u00f6r vaccination av din hund \u00e4r vart tredje \u00e5r.<\/p>\n<h2>VACCINERA HUNDEN MOT PARVOVIRUS, VALPSJUKA OCH HEPATIT<\/h2>\n<p>Vaccinering mot parvovirus, valpsjuka och hepatit \u00e4r extra viktigt om hunden vistas i omr\u00e5den och milj\u00f6er d\u00e4r det finns m\u00e5nga andra hundar, exempelvis i hundparker eller p\u00e5 utst\u00e4llningar och t\u00e4vlingar.<\/p>\n<h3>PARVOVIRUS HOS HUNDAR<\/h3>\n<p>Parvovirus (vardagligt parvo eller hundpest) angriper huvudsakligen hundar och \u00e4r mycket smittsamt. Valpar \u00e4r s\u00e4rskilt k\u00e4nsliga. Typiska symptom \u00e4r h\u00f6g feber, kr\u00e4kningar och diarr\u00e9. Parvoviruset uts\u00f6ndras via hundens avf\u00f6ring och kan \u00f6verleva i s\u00e5 kallad infekti\u00f6s form (smittsam form) b\u00e5de inom- och utomhus under l\u00e5ng tid. Tack vare h\u00f6g vaccinationsgrad ses parvovirus s\u00e4llan hos hundar i Sverige.<\/p>\n<h3>VALPSJUKA HOS HUNDAR<\/h3>\n<p>Valpsjuka angriper huvudsakligen unga hundar mellan 2\u201318 m\u00e5nader. Viruset f\u00f6rekommer i sekret fr\u00e5n n\u00e4sa och \u00f6ron och smittar antingen direkt fr\u00e5n hund till hund eller indirekt via personer och f\u00f6rem\u00e5l. Sjukdomen b\u00f6rjar med h\u00f6g feber, matthet och minskad matlust. Senare symptom \u00e4r kr\u00e4kningar, diarr\u00e9, flytningar fr\u00e5n \u00f6gonen, sv\u00e5r hosta och hudutslag med varfyllda bl\u00e5sor. Ibland angrips \u00e4ven nervsystemet. En vaccination av din valp i tidig \u00e5lder \u00e4r d\u00e4rmed viktig. Tack vare h\u00f6g vaccinationsgrad ses valpsjuka s\u00e4llan hos hundar i Sverige.<\/p>\n<h3>HEPATIT HOS HUNDAR<\/h3>\n<p>Vaccinera hunden mot hepatit. Infekti\u00f6s hepatit hos hund (HCC, hepatit contagiosa canis) orsakas av ett virus som sprids genom olika kroppsv\u00e4tskor. Vanliga symptom \u00e4r diarr\u00e9, illam\u00e5ende och buksm\u00e4rtor som g\u00f6r att hunden inte vill r\u00f6ra sig. Slemhinnorna i munnen och \u00f6gonen kan vara bleka och\/eller gula. Bl\u00f6dningar och svullnader i nacke, huvud eller kropp \u00e4r ocks\u00e5 vanligt. Ofta utvecklas en allvarlig \u00f6goninflammation. En del smittspridande hundar uppvisar dock inga symptom alls. Tack vare h\u00f6g vaccinationsgrad f\u00f6rekommer endast ett f\u00e5tal fall av infekti\u00f6s hepatit i Sverige varje \u00e5r.<\/p>\n<h2>VACCINERA HUNDEN MOT KENNELHOSTA<\/h2>\n<p>Kennelhosta \u00e4r ett samlingsnamn f\u00f6r kikhosteliknande symptom hos hundar. Ett typiskt symptom \u00e4r akut ins\u00e4ttande hostattacker som ibland leder till kv\u00e4ljningar eller att hunden hostar upp vitt slem. Korta febertoppar kan ocks\u00e5 f\u00f6rekomma.<\/p>\n<p>Hundar som lever i hundrika milj\u00f6er b\u00f6r vaccineras mot kennelhosta \u00e5rligen. \u00c4ven om sjukdom inte \u00e4r direkt livshotande \u00e4r den oerh\u00f6rt jobbig f\u00f6r hunden och dessutom mycket smittsam. Vaccinet skyddar inte mot alla typer av smitto\u00e4mnen som kan ge kennelhosta, men en vaccination av din hund minskar risken f\u00f6r att den ska drabbas och g\u00f6r symptom betydligt lindrigare.<\/p>\n<h2>VACCINERING AV T\u00c4VLINGSHUNDAR<\/h2>\n<p>F\u00f6r hundar som deltar i t\u00e4vlingar, prov och\/eller utst\u00e4llning finns s\u00e4rskilda regler som m\u00e5ste f\u00f6ljas f\u00f6r att hunden ska f\u00e5 delta. Mer information hittar du i Svenska Kennelklubbens Utst\u00e4llnings- och championatregler, avsnittet Allm\u00e4nna regler f\u00f6r utst\u00e4llningar, prov och t\u00e4vlingar, punkt 1 Vaccinationer.<\/p>\n<ul>\n<li><a title=\"Svenska kennelklubbens utst\u00e4llnings- och championatregler\" href=\"https:\/\/www.skk.se\/sv\/Vara-dokument\/Regler--riktlinjer\/Utstallnings--och-championatregler\/\" target=\"_blank\" rel=\"noopener\">Svenska Kennelklubbens utst\u00e4llnings- och championatregler<\/a><\/li>\n<\/ul>\n<h2>VACCINATION AV HUNDEN VID RESA UTOMLANDS<\/h2>\n<p>N\u00e4r du ska resa utomlands \u00e4r det av yttersta vikt att ta reda p\u00e5 vilka regler som g\u00e4ller f\u00f6r vaccination av hunden vid in- och utf\u00f6rsel i respektive land. Du kan kontakta landets ambassad f\u00f6r fullst\u00e4ndig information och \u00e4ven r\u00e5dfr\u00e5ga din veterin\u00e4r. Var ute i god tid! Vissa vaccin m\u00e5ste tas l\u00e5ngt i f\u00f6rv\u00e4g. Kom ocks\u00e5 ih\u00e5g att i vissa l\u00e4nder f\u00f6rekommer sjukdomar som inte finns i Sverige och som \u00e4ven kan smitta m\u00e4nniskor.<\/p>\n<ul>\n<li><a title=\"Resa utomlands med hund, Svenska kennelklubben\" href=\"https:\/\/www.skk.se\/sv\/hundagande\/tips-och-rad\/att-resa-med-hund\/resa-utomlands\/\" target=\"_blank\" rel=\"noopener\">L\u00e4s g\u00e4rna mer hos Svenska Kennelklubben, Resa utomlands med hund<\/a><\/li>\n<\/ul>\n\t\t\t<\/div>\n\t\t<\/div>\n\t<\/div>\n\n\n\n\t<section class=\"block related-articles\">\n\t\t<div class=\"container\">\n\t\t\t<h2>Relaterade artiklar<\/h2>\n\t\t\t<div class=\"row justify-content-center\">\n\t\t\t\t\t\t\t\t\t\t<div class=\"col-sm-6 col-md-6 col-lg-3\">\n\t\t\t\t\t\t\t\t\t\t\t\t\t\t<div class=\"card \">\n\t\t\t\t\t\t\t\t\t\t\t\t\t\t\t\t\t<img decoding=\"async\"  src=\"https:\/\/bozita.com\/se\/wp-content\/uploads\/sites\/5\/2021\/06\/bozita-avmaska-hundvalp-hund.jpg\" alt=\"\">\n\t\t\t\t\t\t\t\t\t\t\t\t\t\t\t\t\t<!-- <img decoding=\"async\" src=\"\n\t\t\t\t\t\t\t\t\t\t\t\t\t\t\t\t\t\t\t\t\" alt=\"\n\t\t\t\t\t\t\t\t\t\t\t\t\t\t\t\t\t\t\t\t\t\t\t\t\t\t\t\"> -->\n\t\t\t\t\t\t\t\t<div class=\"card-body\">\n\t\t\t\t\t\t\t\t\t\t\t\t\t\t\t\t\t\t\t<h6>Avmaskning av hund och valp<\/h6>\n\t\t\t\t\t\t\t\t\t\t\t\t\t\t\t\t\t\t\t<a href=\"https:\/\/bozita.com\/se\/hund\/hundens-halsa\/avmaska-hund-valp\/\">L\u00e4s mer &nbsp; ><\/a>\n\t\t\t\t\t\t\t\t<\/div>\n\t\t\t\t\t\t\t<\/div>\n\t\t\t\t\t\t<\/div>\n\n\t\t\t\t\t\t\t\t\t\t\t<div class=\"col-sm-6 col-md-6 col-lg-3\">\n\t\t\t\t\t\t\t\t\t\t\t\t\t\t<div class=\"card \">\n\t\t\t\t\t\t\t\t\t\t\t\t\t\t\t\t\t<img decoding=\"async\"  src=\"https:\/\/bozita.com\/se\/wp-content\/uploads\/sites\/5\/2021\/07\/bozita-forgiftning-svamp-hund.jpeg\" alt=\"\">\n\t\t\t\t\t\t\t\t\t\t\t\t\t\t\t\t\t<!-- <img decoding=\"async\" src=\"\n\t\t\t\t\t\t\t\t\t\t\t\t\t\t\t\t\t\t\t\t\" alt=\"\n\t\t\t\t\t\t\t\t\t\t\t\t\t\t\t\t\t\t\t\t\t\t\t\t\t\t\t\"> -->\n\t\t\t\t\t\t\t\t<div class=\"card-body\">\n\t\t\t\t\t\t\t\t\t\t\t\t\t\t\t\t\t\t\t<h6>Svampf\u00f6rgiftning hund &#8211; se upp i svampskogen<\/h6>\n\t\t\t\t\t\t\t\t\t\t\t\t\t\t\t\t\t\t\t<a href=\"https:\/\/bozita.com\/se\/hund\/hundens-halsa\/svampforgiftning\/\">L\u00e4s mer &nbsp; ><\/a>\n\t\t\t\t\t\t\t\t<\/div>\n\t\t\t\t\t\t\t<\/div>\n\t\t\t\t\t\t<\/div>\n\n\t\t\t\t\t\t\t\t\t\t\t<div class=\"col-sm-6 col-md-6 col-lg-3\">\n\t\t\t\t\t\t\t\t\t\t\t\t\t\t<div class=\"card \">\n\t\t\t\t\t\t\t\t\t\t\t\t\t\t\t\t\t<img decoding=\"async\"  src=\"https:\/\/bozita.com\/se\/wp-content\/uploads\/sites\/5\/2021\/07\/bozita-algblomning-algforgiftning.jpeg\" alt=\"\">\n\t\t\t\t\t\t\t\t\t\t\t\t\t\t\t\t\t<!-- <img decoding=\"async\" src=\"\n\t\t\t\t\t\t\t\t\t\t\t\t\t\t\t\t\t\t\t\t\" alt=\"\n\t\t\t\t\t\t\t\t\t\t\t\t\t\t\t\t\t\t\t\t\t\t\t\t\t\t\t\"> -->\n\t\t\t\t\t\t\t\t<div class=\"card-body\">\n\t\t\t\t\t\t\t\t\t\t\t\t\t\t\t\t\t\t\t<h6>Algblomning hund &#8211; det h\u00e4r beh\u00f6ver du veta<\/h6>\n\t\t\t\t\t\t\t\t\t\t\t\t\t\t\t\t\t\t\t<a href=\"https:\/\/bozita.com\/se\/hund\/hundens-halsa\/algblomning\/\">L\u00e4s mer &nbsp; ><\/a>\n\t\t\t\t\t\t\t\t<\/div>\n\t\t\t\t\t\t\t<\/div>\n\t\t\t\t\t\t<\/div>\n\n\t\t\t\t\t\t\t\t\t\t\t\t<\/div>\n\t\t<\/div>\n\t<\/section>\n","protected":false},"excerpt":{"rendered":"","protected":false},"author":1,"featured_media":3285,"parent":59,"menu_order":0,"comment_status":"closed","ping_status":"closed","template":"guternberg.php","meta":{"footnotes":""},"acf":[],"yoast_head":"<!-- This site is optimized with the Yoast SEO plugin v21.3 - https:\/\/yoast.com\/wordpress\/plugins\/seo\/ -->\n<title>Vaccination hund och valp - det h\u00e4r beh\u00f6ver du veta | Bozita<\/title>\n<meta name=\"description\" content=\"R\u00e5d om vaccination av hund och valp. Hur ofta och n\u00e4r ska du vaccinera din hund? Det \u00e4r viktigt att vaccinera hunden mot valpsjuka, parvovirus och hepatit.\" \/>\n<meta name=\"robots\" content=\"index, follow, max-snippet:-1, max-image-preview:large, max-video-preview:-1\" \/>\n<link rel=\"canonical\" href=\"https:\/\/bozita.com\/se\/hund\/hundens-halsa\/vaccinera-hund\/\" \/>\n<meta property=\"og:locale\" content=\"sv_SE\" \/>\n<meta property=\"og:type\" content=\"article\" \/>\n<meta property=\"og:title\" content=\"Vaccination hund och valp - det h\u00e4r beh\u00f6ver du veta | Bozita\" \/>\n<meta property=\"og:description\" content=\"R\u00e5d om vaccination av hund och valp. Hur ofta och n\u00e4r ska du vaccinera din hund? Det \u00e4r viktigt att vaccinera hunden mot valpsjuka, parvovirus och hepatit.\" \/>\n<meta property=\"og:url\" content=\"https:\/\/bozita.com\/se\/hund\/hundens-halsa\/vaccinera-hund\/\" \/>\n<meta property=\"og:site_name\" content=\"Bozita Sverige\" \/>\n<meta property=\"article:modified_time\" content=\"2022-06-20T09:18:32+00:00\" \/>\n<meta property=\"og:image\" content=\"https:\/\/bozita.com\/se\/wp-content\/uploads\/sites\/5\/2021\/07\/bozita-hund-vaccinera.jpeg\" \/>\n\t<meta property=\"og:image:width\" content=\"800\" \/>\n\t<meta property=\"og:image:height\" content=\"532\" \/>\n\t<meta property=\"og:image:type\" content=\"image\/jpeg\" \/>\n<meta name=\"twitter:card\" content=\"summary_large_image\" \/>\n<!-- \/ Yoast SEO plugin. -->","yoast_head_json":{"title":"Vaccination hund och valp - det h\u00e4r beh\u00f6ver du veta | Bozita","description":"R\u00e5d om vaccination av hund och valp. Hur ofta och n\u00e4r ska du vaccinera din hund? Det \u00e4r viktigt att vaccinera hunden mot valpsjuka, parvovirus och hepatit.","robots":{"index":"index","follow":"follow","max-snippet":"max-snippet:-1","max-image-preview":"max-image-preview:large","max-video-preview":"max-video-preview:-1"},"canonical":"https:\/\/bozita.com\/se\/hund\/hundens-halsa\/vaccinera-hund\/","og_locale":"sv_SE","og_type":"article","og_title":"Vaccination hund och valp - det h\u00e4r beh\u00f6ver du veta | Bozita","og_description":"R\u00e5d om vaccination av hund och valp. Hur ofta och n\u00e4r ska du vaccinera din hund? Det \u00e4r viktigt att vaccinera hunden mot valpsjuka, parvovirus och hepatit.","og_url":"https:\/\/bozita.com\/se\/hund\/hundens-halsa\/vaccinera-hund\/","og_site_name":"Bozita Sverige","article_modified_time":"2022-06-20T09:18:32+00:00","og_image":[{"width":800,"height":532,"url":"https:\/\/bozita.com\/se\/wp-content\/uploads\/sites\/5\/2021\/07\/bozita-hund-vaccinera.jpeg","type":"image\/jpeg"}],"twitter_card":"summary_large_image","schema":{"@context":"https:\/\/schema.org","@graph":[{"@type":"WebPage","@id":"https:\/\/bozita.com\/se\/hund\/hundens-halsa\/vaccinera-hund\/","url":"https:\/\/bozita.com\/se\/hund\/hundens-halsa\/vaccinera-hund\/","name":"Vaccination hund och valp - det h\u00e4r beh\u00f6ver du veta | Bozita","isPartOf":{"@id":"https:\/\/bozita.com\/se\/#website"},"datePublished":"2021-06-20T19:34:42+00:00","dateModified":"2022-06-20T09:18:32+00:00","description":"R\u00e5d om vaccination av hund och valp. Hur ofta och n\u00e4r ska du vaccinera din hund? Det \u00e4r viktigt att vaccinera hunden mot valpsjuka, parvovirus och hepatit.","breadcrumb":{"@id":"https:\/\/bozita.com\/se\/hund\/hundens-halsa\/vaccinera-hund\/#breadcrumb"},"inLanguage":"sv-SE","potentialAction":[{"@type":"ReadAction","target":["https:\/\/bozita.com\/se\/hund\/hundens-halsa\/vaccinera-hund\/"]}]},{"@type":"BreadcrumbList","@id":"https:\/\/bozita.com\/se\/hund\/hundens-halsa\/vaccinera-hund\/#breadcrumb","itemListElement":[{"@type":"ListItem","position":1,"name":"Home","item":"https:\/\/bozita.com\/se\/"},{"@type":"ListItem","position":2,"name":"Livet med hund","item":"https:\/\/bozita.com\/se\/hund\/"},{"@type":"ListItem","position":3,"name":"Hundens h\u00e4lsa","item":"https:\/\/bozita.com\/se\/hund\/hundens-halsa\/"},{"@type":"ListItem","position":4,"name":"Vaccination av hund och valp"}]},{"@type":"WebSite","@id":"https:\/\/bozita.com\/se\/#website","url":"https:\/\/bozita.com\/se\/","name":"Bozita Sverige","description":"","potentialAction":[{"@type":"SearchAction","target":{"@type":"EntryPoint","urlTemplate":"https:\/\/bozita.com\/se\/?s={search_term_string}"},"query-input":"required name=search_term_string"}],"inLanguage":"sv-SE"}]}},"_links":{"self":[{"href":"https:\/\/bozita.com\/se\/wp-json\/wp\/v2\/pages\/1277"}],"collection":[{"href":"https:\/\/bozita.com\/se\/wp-json\/wp\/v2\/pages"}],"about":[{"href":"https:\/\/bozita.com\/se\/wp-json\/wp\/v2\/types\/page"}],"author":[{"embeddable":true,"href":"https:\/\/bozita.com\/se\/wp-json\/wp\/v2\/users\/1"}],"replies":[{"embeddable":true,"href":"https:\/\/bozita.com\/se\/wp-json\/wp\/v2\/comments?post=1277"}],"version-history":[{"count":13,"href":"https:\/\/bozita.com\/se\/wp-json\/wp\/v2\/pages\/1277\/revisions"}],"predecessor-version":[{"id":7725,"href":"https:\/\/bozita.com\/se\/wp-json\/wp\/v2\/pages\/1277\/revisions\/7725"}],"up":[{"embeddable":true,"href":"https:\/\/bozita.com\/se\/wp-json\/wp\/v2\/pages\/59"}],"wp:featuredmedia":[{"embeddable":true,"href":"https:\/\/bozita.com\/se\/wp-json\/wp\/v2\/media\/3285"}],"wp:attachment":[{"href":"https:\/\/bozita.com\/se\/wp-json\/wp\/v2\/media?parent=1277"}],"curies":[{"name":"wp","href":"https:\/\/api.w.org\/{rel}","templated":true}]}}