{"id":1281,"date":"2021-06-20T19:37:50","date_gmt":"2021-06-20T19:37:50","guid":{"rendered":"https:\/\/bozita.com\/se\/?page_id=1281"},"modified":"2021-08-25T07:49:32","modified_gmt":"2021-08-25T07:49:32","slug":"hundens-munhygien-tander-tandborstning","status":"publish","type":"page","link":"https:\/\/bozita.com\/se\/hund\/hundens-halsa\/hundens-munhygien-tander-tandborstning\/","title":{"rendered":"Tandsten hos hund &#8211; hundens t\u00e4nder"},"content":{"rendered":"\t\t<section class=\"small-hero\">\n\t\t\t<div class=\"container\">\n\t\t\t\t<h1 class=\"small-hero-title\">Tandsten hos hund &#8211; hundens t\u00e4nder<\/h1>\t\t\t<\/div>\n\t\t\t<\/div>\n\t\t<\/section>\n\t\n\n\t<div class=\"text-box-warp\">\n\t\t<div class=\"container\">\n\t\t\t<div class=\"text-content\">\n\t\t\t\t<p><strong>Hundens permanenta t\u00e4nder v\u00e4xer fram n\u00e4r den \u00e4r runt fyra m\u00e5nader och ska sedan h\u00e5lla livet ut. F\u00f6r att h\u00e5lla en god munh\u00e4lsa, undvika tandsten hos din hund och f\u00f6rebygga andra problem \u00e4r den b\u00e4sta metoden att borsta hundens t\u00e4nder regelbundet. Kontrollera \u00e4ven hundens t\u00e4nder, bett och munh\u00e5la med j\u00e4mna mellanrum. Hundar visar ofta inga symptom n\u00e4r de har besv\u00e4r med t\u00e4nder och mun och d\u00e4rf\u00f6r kan problem vara sv\u00e5ra att uppt\u00e4cka.<\/strong><\/p>\n<h2>SK\u00d6T OM HUNDENS T\u00c4NDER OCH MUNHYGIEN<\/h2>\n<p>Hundens permanenta t\u00e4nder ska h\u00e5lla livet ut och d\u00e4rf\u00f6r b\u00f6r de sk\u00f6tas om p\u00e5 b\u00e4sta s\u00e4tt.<\/p>\n<p>G\u00f6r det till en god vana att borsta t\u00e4nderna p\u00e5 din hund varje dag och kontrollera t\u00e4nderna och munnen med j\u00e4mna mellanrum. B\u00f6rja \u00f6va redan n\u00e4r hunden \u00e4r valp genom att titta i dess mun. Att tugga p\u00e5 saker som h\u00e5ller tandstenen borta \u00e4r ocks\u00e5 bra, men det ers\u00e4tter inte tandborstningen. Undvik alltf\u00f6r h\u00e5rda m\u00e4rgben som kan skada t\u00e4nderna.<\/p>\n<p>M\u00e5nga hundar visar inga symptom n\u00e4r de har problem i munnen och d\u00e4rf\u00f6r kan det vara sv\u00e5rt att uppt\u00e4cka. Tecken p\u00e5 att n\u00e5gonting \u00e4r fel kan vara att hunden f\u00f6redrar mjukt foder framf\u00f6r h\u00e5rt, att den bara tuggar p\u00e5 ena sidan eller inte alls, d\u00e5lig lukt och att den dreglar \u00f6verdrivet, nedsatt aptit eller att den klapprar med t\u00e4nderna. Kontakta veterin\u00e4r om du misst\u00e4nker att din hund har problem.<\/p>\n<h2>ANV\u00c4ND TANDBORSTE P\u00c5 DIN HUND OCH UNDVIK TANDSTEN<\/h2>\n<p>\u00c4ven hundar f\u00e5r plack p\u00e5 t\u00e4nderna av matrester och saliv. Om placken inte avl\u00e4gsnas blir den till tandsten och hunden kan ibland ocks\u00e5 drabbas av allvarligare problem som inflammation i tandk\u00f6ttet och tandlossning. Ben\u00e4genheten att bilda tandsten varierar fr\u00e5n hund till hund. Raser vars t\u00e4nder sitter t\u00e4tare ihop kan exempelvis ha l\u00e4ttare f\u00f6r att f\u00e5 tandsten. \u00c4ldre hundar har ocks\u00e5 en tendens att l\u00e4ttare drabbas av tandsten. L\u00e4ttare tandsten kan avl\u00e4gsnas genom att du anv\u00e4nder en tandborste p\u00e5 din hund men sv\u00e5rare tandsten m\u00e5ste en veterin\u00e4r ta hand om och d\u00e5 b\u00f6r hundens s\u00f6vas.<\/p>\n<p>Det allra b\u00e4sta s\u00e4ttet att h\u00e5lla hundens munh\u00e4lsa tipp topp \u00e4r att f\u00f6rebygga tandsten med hj\u00e4lp av en daglig tandborstningsrutin d\u00e4r du reng\u00f6r hundens mun fr\u00e5n plack. B\u00f6rja redan n\u00e4r hunden \u00e4r valp, v\u00e4nj din hund vid tandborsten och g\u00f6r tandborstningen till en god vana. I b\u00f6rjan kan det r\u00e4cka med att borsta i 10 sekunder. \u00d6ka tiden efterhand tills du kan borsta hundens alla t\u00e4nder utan problem.<\/p>\n<p>Det finns speciella tandkr\u00e4mer f\u00f6r hundar som luktar och smakar gott, men det \u00e4r egentligen den mekaniska r\u00f6relsen som \u00e4r det viktigaste. Anv\u00e4nd inte en tandkr\u00e4m f\u00f6r m\u00e4nniskor eftersom fluor och andra ingredienser i m\u00e4nniskotandkr\u00e4m inte \u00e4r bra f\u00f6r hunden. Vad g\u00e4ller vilken tandborste du ska anv\u00e4nda till din hund s\u00e5 g\u00e5r det i princip bra med vilken typ av tandborste som helst. T\u00e4nk bara p\u00e5 att den inte f\u00e5r vara f\u00f6r h\u00e5rd. Det finns ocks\u00e5 speciella tandborstar f\u00f6r hundar som kan g\u00f6ra det l\u00e4ttare att komma \u00e5t \u00f6verallt.<\/p>\n<p>Hundens t\u00e4nder ska vara vita och tandk\u00f6ttet ljust rosa. Hundar kan ha m\u00f6rkare pigmenteringar i munnen, precis som hud och p\u00e4ls.<\/p>\n<h2>HUNDENS VALPT\u00c4NDER<\/h2>\n<p>Hundens valpt\u00e4nder b\u00f6rjar framtr\u00e4da n\u00e4r den \u00e4r runt tre veckor gammal. Det brukar sammanfalla med n\u00e4r tikens mj\u00f6lkproduktion b\u00f6rjar avta. Runt sex veckors \u00e5lder \u00e4r alla valpt\u00e4nderna framme. Totalt f\u00e5r valpar 28 t\u00e4nder, 14 stycken i \u00f6verk\u00e4ken och 14 stycken i underk\u00e4ken. Vanligtvis kommer \u00f6vre k\u00e4kens tv\u00e5 h\u00f6rnt\u00e4nder fram f\u00f6rst, f\u00f6ljt av de sex framt\u00e4nderna. Kindt\u00e4nderna brukar komma fram i underk\u00e4ken f\u00f6rst.<\/p>\n<h2>HUNDENS PERMANENTA T\u00c4NDER<\/h2>\n<p>N\u00e4r hunden \u00e4r ungef\u00e4r fyra m\u00e5nader b\u00f6rjar valpt\u00e4nderna ers\u00e4ttas med hundens permanenta t\u00e4nder. N\u00e4r hunden\u00e4r runt sex m\u00e5nader brukar samtliga permanenta t\u00e4nder ha vuxit ut, totalt 42 stycken.<\/p>\n<p>Kontrollera att de permanenta t\u00e4nderna v\u00e4xer fram som de ska. Ibland h\u00e4nder det att den permanenta tanden v\u00e4xer fram bredvid mj\u00f6lktanden, s\u00e5 kallat persisterande mj\u00f6lkt\u00e4nder. Fenomenet \u00e4r vanligare hos mindre hundraser. Kontakta alltid veterin\u00e4r f\u00f6r att dra ut mj\u00f6lkt\u00e4nder som inte lossnar. F\u00f6rtr\u00e4ngningar kan leda till inflammation och tandsten hos din hund. Veterin\u00e4ren kan ocks\u00e5 se om n\u00e5gon tand saknas och uppt\u00e4cka eventuella bettfel i tid.<\/p>\n<p>Det \u00e4r vanligt att valpens vilja att tugga p\u00e5 olika saker blir extra stark precis innan valpt\u00e4nderna byts ut. N\u00e4r processen att byta t\u00e4nder v\u00e4l drar ig\u00e5ng kan valpens mun bli s\u00e5 \u00f6m att aptiten f\u00f6rs\u00e4mras under en tid. F\u00f6r att underl\u00e4tta kan du bl\u00f6tl\u00e4gga torrfodret eller erbjuda ett mjukare foder tillf\u00e4lligt.<\/p>\n<ul>\n<li><a title=\"V\u00e5tfoder\" href=\"https:\/\/bozita.com\/se\/hundfoder\/vatfoder\/\" >Bozita v\u00e5tfoder till hundar<\/a><\/li>\n<\/ul>\n<p>Tandens rotspetskanal sluter sig f\u00f6rst n\u00e4r hunden \u00e4r 1,5\u20132 \u00e5r och innan det sker \u00e4r hundens t\u00e4nder sk\u00f6rare. T\u00e4nk d\u00e4rf\u00f6r p\u00e5 att inte ge hunden f\u00f6r h\u00e5rda ben eller apportera tunga saker innan dess.<\/p>\n<h2>VIKTIGT ATT HUNDENS BETT \u00c4R R\u00c4TT<\/h2>\n<p>Det \u00e4r viktigt att hundens bett \u00e4r korrekt f\u00f6r att den inte ska f\u00e5 n\u00e5gra problem med exempelvis \u00f6kat slitage p\u00e5 t\u00e4nderna, sm\u00e4rtor eller problem att \u00e4ta.<\/p>\n<p>N\u00e4r hunden biter ihop k\u00e4karna ska \u00f6verk\u00e4kens framt\u00e4nder r\u00f6ra vid vid underk\u00e4kens framt\u00e4nder, men de \u00f6vre framt\u00e4nderna ska precis glida framf\u00f6r de undre framt\u00e4nderna.<\/p>\n<h2>HUNDENS T\u00c4NDER OCH FUNKTION<\/h2>\n<p>En vuxen hund har 42 t\u00e4nder, 12 framt\u00e4nder, fyra h\u00f6rnt\u00e4nder, 16 fr\u00e4mre kindt\u00e4nder och 10 bakre kindt\u00e4nder.<\/p>\n<p>Hunden anv\u00e4nder de 12 framt\u00e4nderna (sex uppe och sex nere) f\u00f6r att gnaga av k\u00f6tt fr\u00e5n ett ben eller f\u00f6r att klia sig med.<\/p>\n<p>H\u00f6rnt\u00e4nderna (tv\u00e5 i \u00f6verk\u00e4ken och tv\u00e5 i underk\u00e4ken) eller \u201chuggt\u00e4nderna\u201d \u00e4r hundens l\u00e4ngsta t\u00e4nder och anv\u00e4nds f\u00f6r att hugga tag i och h\u00e5lla fast saker. H\u00f6rnt\u00e4nderna \u00e4r ocks\u00e5 de t\u00e4nder som den anv\u00e4nder i kamp med andra hundar och som kan orsaka djupa s\u00e5r. H\u00f6rnt\u00e4ndernas r\u00f6tter \u00e4r mycket l\u00e5nga och t\u00e4ndernas f\u00e4ste mycket starkt.<\/p>\n<p>De fr\u00e4mre kindt\u00e4nderna \u00e4r 16 till antalet, \u00e5tta i \u00f6verk\u00e4ken och \u00e5tta i underk\u00e4ken. De fr\u00e4mre kindt\u00e4nderna anv\u00e4nder hunden fr\u00e4mst f\u00f6r att greppa med, medan de bakre kindt\u00e4nderna har en bredare tuggyta och prim\u00e4rt anv\u00e4nds f\u00f6r att tugga med.<\/p>\n<p>De bakre kindt\u00e4nderna \u00e4r 10 till antalet, fyra i \u00f6verk\u00e4ken och sex i underk\u00e4ken. Dessa t\u00e4nder har en stor tuggyta och \u00e4r fr\u00e4mst till f\u00f6r att mala och krossa f\u00f6da. De tv\u00e5 st\u00f6rsta bakre kindt\u00e4nderna i underk\u00e4ken och de tv\u00e5 st\u00f6rsta fr\u00e4mre kindt\u00e4nderna i \u00f6verk\u00e4ken kallas ofta f\u00f6r rovt\u00e4nderna. De \u00e4r tillsammans mycket starka.<\/p>\n\t\t\t<\/div>\n\t\t<\/div>\n\t<\/div>\n\n\n\n\t<section class=\"block related-articles\">\n\t\t<div class=\"container\">\n\t\t\t<h2>Relaterade artiklar<\/h2>\n\t\t\t<div class=\"row justify-content-center\">\n\t\t\t\t\t\t\t\t\t\t<div class=\"col-sm-6 col-md-6 col-lg-3\">\n\t\t\t\t\t\t\t\t\t\t\t\t\t\t<div class=\"card \">\n\t\t\t\t\t\t\t\t\t\t\t\t\t\t\t\t\t<img decoding=\"async\"  src=\"https:\/\/bozita.com\/se\/wp-content\/uploads\/sites\/5\/2021\/06\/bozita-avmaska-hundvalp-hund.jpg\" alt=\"\">\n\t\t\t\t\t\t\t\t\t\t\t\t\t\t\t\t\t<!-- <img decoding=\"async\" src=\"\n\t\t\t\t\t\t\t\t\t\t\t\t\t\t\t\t\t\t\t\t\" alt=\"\n\t\t\t\t\t\t\t\t\t\t\t\t\t\t\t\t\t\t\t\t\t\t\t\t\t\t\t\"> -->\n\t\t\t\t\t\t\t\t<div class=\"card-body\">\n\t\t\t\t\t\t\t\t\t\t\t\t\t\t\t\t\t\t\t<h6>Avmaskning av hund och valp<\/h6>\n\t\t\t\t\t\t\t\t\t\t\t\t\t\t\t\t\t\t\t<a href=\"https:\/\/bozita.com\/se\/hund\/hundens-halsa\/avmaska-hund-valp\/\">L\u00e4s mer &nbsp; ><\/a>\n\t\t\t\t\t\t\t\t<\/div>\n\t\t\t\t\t\t\t<\/div>\n\t\t\t\t\t\t<\/div>\n\n\t\t\t\t\t\t\t\t\t\t\t<div class=\"col-sm-6 col-md-6 col-lg-3\">\n\t\t\t\t\t\t\t\t\t\t\t\t\t\t<div class=\"card \">\n\t\t\t\t\t\t\t\t\t\t\t\t\t\t\t\t\t<img decoding=\"async\"  src=\"https:\/\/bozita.com\/se\/wp-content\/uploads\/sites\/5\/2021\/07\/bozita-hund-vaccinera.jpeg\" alt=\"\">\n\t\t\t\t\t\t\t\t\t\t\t\t\t\t\t\t\t<!-- <img decoding=\"async\" src=\"\n\t\t\t\t\t\t\t\t\t\t\t\t\t\t\t\t\t\t\t\t\" alt=\"\n\t\t\t\t\t\t\t\t\t\t\t\t\t\t\t\t\t\t\t\t\t\t\t\t\t\t\t\"> -->\n\t\t\t\t\t\t\t\t<div class=\"card-body\">\n\t\t\t\t\t\t\t\t\t\t\t\t\t\t\t\t\t\t\t<h6>Vaccination av hund och valp<\/h6>\n\t\t\t\t\t\t\t\t\t\t\t\t\t\t\t\t\t\t\t<a href=\"https:\/\/bozita.com\/se\/hund\/hundens-halsa\/vaccinera-hund\/\">L\u00e4s mer &nbsp; ><\/a>\n\t\t\t\t\t\t\t\t<\/div>\n\t\t\t\t\t\t\t<\/div>\n\t\t\t\t\t\t<\/div>\n\n\t\t\t\t\t\t\t\t\t\t\t<div class=\"col-sm-6 col-md-6 col-lg-3\">\n\t\t\t\t\t\t\t\t\t\t\t\t\t\t<div class=\"card \">\n\t\t\t\t\t\t\t\t\t\t\t\t\t\t\t\t\t<img decoding=\"async\"  src=\"https:\/\/bozita.com\/se\/wp-content\/uploads\/sites\/5\/2021\/07\/bozita-new-wet-food-range-for-dogs.jpeg\" alt=\"\">\n\t\t\t\t\t\t\t\t\t\t\t\t\t\t\t\t\t<!-- <img decoding=\"async\" src=\"\n\t\t\t\t\t\t\t\t\t\t\t\t\t\t\t\t\t\t\t\t\" alt=\"\n\t\t\t\t\t\t\t\t\t\t\t\t\t\t\t\t\t\t\t\t\t\t\t\t\t\t\t\"> -->\n\t\t\t\t\t\t\t\t<div class=\"card-body\">\n\t\t\t\t\t\t\t\t\t\t\t\t\t\t\t\t\t\t\t<h6>Bozita v\u00e5tfoder hund<\/h6>\n\t\t\t\t\t\t\t\t\t\t\t\t\t\t\t\t\t\t\t<a href=\"https:\/\/bozita.com\/se\/hundfoder\/vatfoder\/\">L\u00e4s mer &nbsp; ><\/a>\n\t\t\t\t\t\t\t\t<\/div>\n\t\t\t\t\t\t\t<\/div>\n\t\t\t\t\t\t<\/div>\n\n\t\t\t\t\t\t\t\t\t\t\t\t<\/div>\n\t\t<\/div>\n\t<\/section>\n","protected":false},"excerpt":{"rendered":"","protected":false},"author":1,"featured_media":3268,"parent":59,"menu_order":0,"comment_status":"closed","ping_status":"closed","template":"guternberg.php","meta":{"footnotes":""},"acf":[],"yoast_head":"<!-- This site is optimized with the Yoast SEO plugin v21.3 - https:\/\/yoast.com\/wordpress\/plugins\/seo\/ -->\n<title>Tandsten hund - ta hand om hundens t\u00e4nder | Bozita<\/title>\n<meta name=\"description\" content=\"F\u00f6rebygg tandsten hos din hund genom att borsta hundens t\u00e4nder dagligen. L\u00e4s mer om hundens tandh\u00e4lsa, valpt\u00e4nder, tandborstning och tandborste till hund.\" \/>\n<meta name=\"robots\" content=\"index, follow, max-snippet:-1, max-image-preview:large, max-video-preview:-1\" \/>\n<link rel=\"canonical\" href=\"https:\/\/bozita.com\/se\/hund\/hundens-halsa\/hundens-munhygien-tander-tandborstning\/\" \/>\n<meta property=\"og:locale\" content=\"sv_SE\" \/>\n<meta property=\"og:type\" content=\"article\" \/>\n<meta property=\"og:title\" content=\"Tandsten hund - ta hand om hundens t\u00e4nder | Bozita\" \/>\n<meta property=\"og:description\" content=\"F\u00f6rebygg tandsten hos din hund genom att borsta hundens t\u00e4nder dagligen. L\u00e4s mer om hundens tandh\u00e4lsa, valpt\u00e4nder, tandborstning och tandborste till hund.\" \/>\n<meta property=\"og:url\" content=\"https:\/\/bozita.com\/se\/hund\/hundens-halsa\/hundens-munhygien-tander-tandborstning\/\" \/>\n<meta property=\"og:site_name\" content=\"Bozita Sverige\" \/>\n<meta property=\"article:modified_time\" content=\"2021-08-25T07:49:32+00:00\" \/>\n<meta property=\"og:image\" content=\"https:\/\/bozita.com\/se\/wp-content\/uploads\/sites\/5\/2021\/07\/bozita-hund-borsta-tander-hygien.jpeg\" \/>\n\t<meta property=\"og:image:width\" content=\"800\" \/>\n\t<meta property=\"og:image:height\" content=\"533\" \/>\n\t<meta property=\"og:image:type\" content=\"image\/jpeg\" \/>\n<meta name=\"twitter:card\" content=\"summary_large_image\" \/>\n<!-- \/ Yoast SEO plugin. -->","yoast_head_json":{"title":"Tandsten hund - ta hand om hundens t\u00e4nder | Bozita","description":"F\u00f6rebygg tandsten hos din hund genom att borsta hundens t\u00e4nder dagligen. L\u00e4s mer om hundens tandh\u00e4lsa, valpt\u00e4nder, tandborstning och tandborste till hund.","robots":{"index":"index","follow":"follow","max-snippet":"max-snippet:-1","max-image-preview":"max-image-preview:large","max-video-preview":"max-video-preview:-1"},"canonical":"https:\/\/bozita.com\/se\/hund\/hundens-halsa\/hundens-munhygien-tander-tandborstning\/","og_locale":"sv_SE","og_type":"article","og_title":"Tandsten hund - ta hand om hundens t\u00e4nder | Bozita","og_description":"F\u00f6rebygg tandsten hos din hund genom att borsta hundens t\u00e4nder dagligen. L\u00e4s mer om hundens tandh\u00e4lsa, valpt\u00e4nder, tandborstning och tandborste till hund.","og_url":"https:\/\/bozita.com\/se\/hund\/hundens-halsa\/hundens-munhygien-tander-tandborstning\/","og_site_name":"Bozita Sverige","article_modified_time":"2021-08-25T07:49:32+00:00","og_image":[{"width":800,"height":533,"url":"https:\/\/bozita.com\/se\/wp-content\/uploads\/sites\/5\/2021\/07\/bozita-hund-borsta-tander-hygien.jpeg","type":"image\/jpeg"}],"twitter_card":"summary_large_image","schema":{"@context":"https:\/\/schema.org","@graph":[{"@type":"WebPage","@id":"https:\/\/bozita.com\/se\/hund\/hundens-halsa\/hundens-munhygien-tander-tandborstning\/","url":"https:\/\/bozita.com\/se\/hund\/hundens-halsa\/hundens-munhygien-tander-tandborstning\/","name":"Tandsten hund - ta hand om hundens t\u00e4nder | Bozita","isPartOf":{"@id":"https:\/\/bozita.com\/se\/#website"},"datePublished":"2021-06-20T19:37:50+00:00","dateModified":"2021-08-25T07:49:32+00:00","description":"F\u00f6rebygg tandsten hos din hund genom att borsta hundens t\u00e4nder dagligen. L\u00e4s mer om hundens tandh\u00e4lsa, valpt\u00e4nder, tandborstning och tandborste till hund.","breadcrumb":{"@id":"https:\/\/bozita.com\/se\/hund\/hundens-halsa\/hundens-munhygien-tander-tandborstning\/#breadcrumb"},"inLanguage":"sv-SE","potentialAction":[{"@type":"ReadAction","target":["https:\/\/bozita.com\/se\/hund\/hundens-halsa\/hundens-munhygien-tander-tandborstning\/"]}]},{"@type":"BreadcrumbList","@id":"https:\/\/bozita.com\/se\/hund\/hundens-halsa\/hundens-munhygien-tander-tandborstning\/#breadcrumb","itemListElement":[{"@type":"ListItem","position":1,"name":"Home","item":"https:\/\/bozita.com\/se\/"},{"@type":"ListItem","position":2,"name":"Livet med hund","item":"https:\/\/bozita.com\/se\/hund\/"},{"@type":"ListItem","position":3,"name":"Hundens h\u00e4lsa","item":"https:\/\/bozita.com\/se\/hund\/hundens-halsa\/"},{"@type":"ListItem","position":4,"name":"Tandsten hos hund &#8211; hundens t\u00e4nder"}]},{"@type":"WebSite","@id":"https:\/\/bozita.com\/se\/#website","url":"https:\/\/bozita.com\/se\/","name":"Bozita Sverige","description":"","potentialAction":[{"@type":"SearchAction","target":{"@type":"EntryPoint","urlTemplate":"https:\/\/bozita.com\/se\/?s={search_term_string}"},"query-input":"required name=search_term_string"}],"inLanguage":"sv-SE"}]}},"_links":{"self":[{"href":"https:\/\/bozita.com\/se\/wp-json\/wp\/v2\/pages\/1281"}],"collection":[{"href":"https:\/\/bozita.com\/se\/wp-json\/wp\/v2\/pages"}],"about":[{"href":"https:\/\/bozita.com\/se\/wp-json\/wp\/v2\/types\/page"}],"author":[{"embeddable":true,"href":"https:\/\/bozita.com\/se\/wp-json\/wp\/v2\/users\/1"}],"replies":[{"embeddable":true,"href":"https:\/\/bozita.com\/se\/wp-json\/wp\/v2\/comments?post=1281"}],"version-history":[{"count":10,"href":"https:\/\/bozita.com\/se\/wp-json\/wp\/v2\/pages\/1281\/revisions"}],"predecessor-version":[{"id":3996,"href":"https:\/\/bozita.com\/se\/wp-json\/wp\/v2\/pages\/1281\/revisions\/3996"}],"up":[{"embeddable":true,"href":"https:\/\/bozita.com\/se\/wp-json\/wp\/v2\/pages\/59"}],"wp:featuredmedia":[{"embeddable":true,"href":"https:\/\/bozita.com\/se\/wp-json\/wp\/v2\/media\/3268"}],"wp:attachment":[{"href":"https:\/\/bozita.com\/se\/wp-json\/wp\/v2\/media?parent=1281"}],"curies":[{"name":"wp","href":"https:\/\/api.w.org\/{rel}","templated":true}]}}