{"id":1289,"date":"2021-06-20T19:39:42","date_gmt":"2021-06-20T19:39:42","guid":{"rendered":"https:\/\/bozita.com\/se\/?page_id=1289"},"modified":"2021-08-25T07:49:04","modified_gmt":"2021-08-25T07:49:04","slug":"hundar-och-sommarvarme","status":"publish","type":"page","link":"https:\/\/bozita.com\/se\/hund\/hundens-halsa\/hundar-och-sommarvarme\/","title":{"rendered":"V\u00e4rmeslag hund &#8211; h\u00e5ll hunden sval i sommar"},"content":{"rendered":"\t\t<section class=\"small-hero\">\n\t\t\t<div class=\"container\">\n\t\t\t\t<h1 class=\"small-hero-title\">V\u00e4rmeslag hund &#8211; h\u00e5ll hunden sval i sommar<\/h1>\t\t\t<\/div>\n\t\t\t<\/div>\n\t\t<\/section>\n\t\n\n\t<div class=\"text-box-warp\">\n\t\t<div class=\"container\">\n\t\t\t<div class=\"text-content\">\n\t\t\t\t<p>V\u00e4rmen \u00e4r n\u00e5got vi g\u00e4rna njuter av och \u00e4ven en del hundar tycker att det \u00e4r h\u00e4rligt n\u00e4r v\u00e5rv\u00e4rmen b\u00f6rjar komma. Men hundars s\u00e4tt att v\u00e4rmereglera \u00e4r lite annorlunda \u00e4n m\u00e4nniskors och inte lika effektivt. D\u00e4rf\u00f6r drabbas de l\u00e4ttare av v\u00e4rmeslag, och v\u00e4rmeslag hos din hund kan vara ett livshotande tillst\u00e5nd. H\u00e4r f\u00e5r du tips om hur du hj\u00e4lper din hund att h\u00e5lla sig sval.<\/p>\n<h2>V\u00c4RMESLAG &#8211; HUNDAR DRABBAS L\u00c4TTARE<\/h2>\n<p>Hundars s\u00e4tt att bli av med \u00f6verskottsv\u00e4rme skiljer sig fr\u00e5n m\u00e4nniskors. Vi m\u00e4nniskor svettas och kan p\u00e5 s\u00e5 s\u00e4tt avge v\u00e4rme och inte bli f\u00f6r varma. Hundar har inte n\u00e5gon m\u00f6jlighet att svettas utan reglerar sin kroppstemperatur genom bland annat h\u00e4ssjning. H\u00e4ssjning \u00e4r dock inte lika effektivt som att svettas och d\u00e4rf\u00f6r l\u00f6per hundar st\u00f6rre risk att drabbas av v\u00e4rmeslag.<\/p>\n<p>N\u00e4r temperaturen stiger kan det d\u00e4rf\u00f6r vara bra att t\u00e4nka till lite extra s\u00e5 att din hund slipper v\u00e4rmeslag.<\/p>\n<h2>HUNDAR OCH V\u00c4RME &#8211; TIPS<\/h2>\n<ul>\n<li><strong>Promenera p\u00e5 morgonen eller kv\u00e4llen<\/strong> \u2013 Ta dagens l\u00e4ngre promenader p\u00e5 morgonen eller sent kv\u00e4llen d\u00e5 temperaturen oftast \u00e4r l\u00e4gre. Hunden kan d\u00e5 klara av l\u00e4ngre promenader utan att riskera att drabbas av v\u00e4rmeslag. Ta endast kortare promenader mitt p\u00e5 dagen.<\/li>\n<li><strong>Undvik asfalt<\/strong> \u2013 Asfalt blir ofta v\u00e4ldigt varm och hunden kan br\u00e4nna sig och skada sina tassar. F\u00f6rs\u00f6k att hitta andra underlag att g\u00e5 p\u00e5.<\/li>\n<li><strong>Skugga och vatten<\/strong> \u2013 Se till att hunden alltid har tillg\u00e5ng till en skuggig plats och f\u00e4rskt vatten. F\u00f6r att f\u00e5 i hunden lite extra v\u00e4tska kan v\u00e5tfoder vara en god id\u00e9. H\u00e4r hittar du <a title=\"V\u00e5tfoder\" href=\"https:\/\/bozita.com\/se\/hundfoder\/vatfoder\/\" >Bozitas v\u00e5tfoder f\u00f6r hundar<\/a>. Risken att din hund f\u00e5r v\u00e4rmeslag \u00e4r stor!<\/li>\n<li><strong>L\u00e4mna aldrig hunden\u00a0ensam i en varm bil<\/strong> \u2013 Det t\u00e5l att upprepas om och om igen, en varm bil \u00e4r ingen plats f\u00f6r en hund.<\/li>\n<li><strong>Undvik kollektivtrafiken<\/strong> \u2013 Bussar, t\u00e5g och sp\u00e5rvagnar blir ofta v\u00e4ldigt varma n\u00e4r det \u00e4r varmt ute. Undvik kollektivtrafiken under dygnets varmaste timmar.<\/li>\n<\/ul>\n<h2>V\u00c4RMESLAG HUND &#8211; SYMPTOM<\/h2>\n<ul>\n<li>Hunden s\u00f6ker sig till vatten, kalla golv eller annat som kan ge svalka<\/li>\n<li>Hunden h\u00e4ssjar, dreglar och \u00e4r orolig<\/li>\n<li>H\u00f6g puls<\/li>\n<li>Torra och r\u00f6da slemhinnor i munnen<\/li>\n<li>I allvarliga fall av uttorkning kan hunden bli vinglig, f\u00e5 sv\u00e5rt att andas samt drabbas av kr\u00e4kningar och diarr\u00e9. Om man inte s\u00e4tter in \u00e5tg\u00e4rder riskerar man att hunden hamnar i chock och blir medvetsl\u00f6s.<\/li>\n<\/ul>\n<h2>KONTAKTA VETERIN\u00c4R<\/h2>\n<p>Om du misst\u00e4nker att din hund har drabbats av v\u00e4rmeslag, kontakta din n\u00e4rmaste veterin\u00e4r f\u00f6r att f\u00e5 r\u00e5d.<\/p>\n\t\t\t<\/div>\n\t\t<\/div>\n\t<\/div>\n\n\n\n\t<section class=\"block related-articles\">\n\t\t<div class=\"container\">\n\t\t\t<h2>Relaterade artiklar<\/h2>\n\t\t\t<div class=\"row justify-content-center\">\n\t\t\t\t\t\t\t\t\t\t<div class=\"col-sm-6 col-md-6 col-lg-3\">\n\t\t\t\t\t\t\t\t\t\t\t\t\t\t<div class=\"card \">\n\t\t\t\t\t\t\t\t\t\t\t\t\t\t\t\t\t<img decoding=\"async\"  src=\"https:\/\/bozita.com\/se\/wp-content\/uploads\/sites\/5\/2021\/07\/bozita-algblomning-algforgiftning.jpeg\" alt=\"\">\n\t\t\t\t\t\t\t\t\t\t\t\t\t\t\t\t\t<!-- <img decoding=\"async\" src=\"\n\t\t\t\t\t\t\t\t\t\t\t\t\t\t\t\t\t\t\t\t\" alt=\"\n\t\t\t\t\t\t\t\t\t\t\t\t\t\t\t\t\t\t\t\t\t\t\t\t\t\t\t\"> -->\n\t\t\t\t\t\t\t\t<div class=\"card-body\">\n\t\t\t\t\t\t\t\t\t\t\t\t\t\t\t\t\t\t\t<h6>Algblomning hund &#8211; det h\u00e4r beh\u00f6ver du veta<\/h6>\n\t\t\t\t\t\t\t\t\t\t\t\t\t\t\t\t\t\t\t<a href=\"https:\/\/bozita.com\/se\/hund\/hundens-halsa\/algblomning\/\">L\u00e4s mer &nbsp; ><\/a>\n\t\t\t\t\t\t\t\t<\/div>\n\t\t\t\t\t\t\t<\/div>\n\t\t\t\t\t\t<\/div>\n\n\t\t\t\t\t\t\t\t\t\t\t<div class=\"col-sm-6 col-md-6 col-lg-3\">\n\t\t\t\t\t\t\t\t\t\t\t\t\t\t<div class=\"card \">\n\t\t\t\t\t\t\t\t\t\t\t\t\t\t\t\t\t<img decoding=\"async\"  src=\"https:\/\/bozita.com\/se\/wp-content\/uploads\/sites\/5\/2021\/07\/bozita-hund-huggormsbiten.jpeg\" alt=\"\">\n\t\t\t\t\t\t\t\t\t\t\t\t\t\t\t\t\t<!-- <img decoding=\"async\" src=\"\n\t\t\t\t\t\t\t\t\t\t\t\t\t\t\t\t\t\t\t\t\" alt=\"\n\t\t\t\t\t\t\t\t\t\t\t\t\t\t\t\t\t\t\t\t\t\t\t\t\t\t\t\"> -->\n\t\t\t\t\t\t\t\t<div class=\"card-body\">\n\t\t\t\t\t\t\t\t\t\t\t\t\t\t\t\t\t\t\t<h6>Huggormsbett hund &#8211; s\u00e5 skyddar ni er<\/h6>\n\t\t\t\t\t\t\t\t\t\t\t\t\t\t\t\t\t\t\t<a href=\"https:\/\/bozita.com\/se\/hund\/hundens-halsa\/i-solen-trivs-huggormarna\/\">L\u00e4s mer &nbsp; ><\/a>\n\t\t\t\t\t\t\t\t<\/div>\n\t\t\t\t\t\t\t<\/div>\n\t\t\t\t\t\t<\/div>\n\n\t\t\t\t\t\t\t\t\t\t\t<div class=\"col-sm-6 col-md-6 col-lg-3\">\n\t\t\t\t\t\t\t\t\t\t\t\t\t\t<div class=\"card \">\n\t\t\t\t\t\t\t\t\t\t\t\t\t\t\t\t\t<img decoding=\"async\"  src=\"https:\/\/bozita.com\/se\/wp-content\/uploads\/sites\/5\/2021\/07\/bozita-hund-vaccinera.jpeg\" alt=\"\">\n\t\t\t\t\t\t\t\t\t\t\t\t\t\t\t\t\t<!-- <img decoding=\"async\" src=\"\n\t\t\t\t\t\t\t\t\t\t\t\t\t\t\t\t\t\t\t\t\" alt=\"\n\t\t\t\t\t\t\t\t\t\t\t\t\t\t\t\t\t\t\t\t\t\t\t\t\t\t\t\"> -->\n\t\t\t\t\t\t\t\t<div class=\"card-body\">\n\t\t\t\t\t\t\t\t\t\t\t\t\t\t\t\t\t\t\t<h6>Vaccination av hund och valp<\/h6>\n\t\t\t\t\t\t\t\t\t\t\t\t\t\t\t\t\t\t\t<a href=\"https:\/\/bozita.com\/se\/hund\/hundens-halsa\/vaccinera-hund\/\">L\u00e4s mer &nbsp; ><\/a>\n\t\t\t\t\t\t\t\t<\/div>\n\t\t\t\t\t\t\t<\/div>\n\t\t\t\t\t\t<\/div>\n\n\t\t\t\t\t\t\t\t\t\t\t\t<\/div>\n\t\t<\/div>\n\t<\/section>\n","protected":false},"excerpt":{"rendered":"","protected":false},"author":1,"featured_media":3388,"parent":59,"menu_order":0,"comment_status":"closed","ping_status":"closed","template":"guternberg.php","meta":{"footnotes":""},"acf":[],"yoast_head":"<!-- This site is optimized with the Yoast SEO plugin v21.3 - https:\/\/yoast.com\/wordpress\/plugins\/seo\/ -->\n<title>V\u00e4rmeslag hund - tips och r\u00e5d kring hundar och v\u00e4rme | Bozita<\/title>\n<meta name=\"description\" content=\"Hundar drabbas l\u00e4ttare av v\u00e4rmeslag \u00e4n m\u00e4nniskor. H\u00e5ll hunden sval - l\u00e4s v\u00e5ra tips om hundar och v\u00e4rme f\u00f6r att undvika att din hund drabbas av v\u00e4rmeslag.\" \/>\n<meta name=\"robots\" content=\"index, follow, max-snippet:-1, max-image-preview:large, max-video-preview:-1\" \/>\n<link rel=\"canonical\" href=\"https:\/\/bozita.com\/se\/hund\/hundens-halsa\/hundar-och-sommarvarme\/\" \/>\n<meta property=\"og:locale\" content=\"sv_SE\" \/>\n<meta property=\"og:type\" content=\"article\" \/>\n<meta property=\"og:title\" content=\"V\u00e4rmeslag hund - tips och r\u00e5d kring hundar och v\u00e4rme | Bozita\" \/>\n<meta property=\"og:description\" content=\"Hundar drabbas l\u00e4ttare av v\u00e4rmeslag \u00e4n m\u00e4nniskor. H\u00e5ll hunden sval - l\u00e4s v\u00e5ra tips om hundar och v\u00e4rme f\u00f6r att undvika att din hund drabbas av v\u00e4rmeslag.\" \/>\n<meta property=\"og:url\" content=\"https:\/\/bozita.com\/se\/hund\/hundens-halsa\/hundar-och-sommarvarme\/\" \/>\n<meta property=\"og:site_name\" content=\"Bozita Sverige\" \/>\n<meta property=\"article:modified_time\" content=\"2021-08-25T07:49:04+00:00\" \/>\n<meta property=\"og:image\" content=\"https:\/\/bozita.com\/se\/wp-content\/uploads\/sites\/5\/2021\/07\/bozita-hund-sommarvarme-varmeslag.jpeg\" \/>\n\t<meta property=\"og:image:width\" content=\"800\" \/>\n\t<meta property=\"og:image:height\" content=\"535\" \/>\n\t<meta property=\"og:image:type\" content=\"image\/jpeg\" \/>\n<meta name=\"twitter:card\" content=\"summary_large_image\" \/>\n<!-- \/ Yoast SEO plugin. -->","yoast_head_json":{"title":"V\u00e4rmeslag hund - tips och r\u00e5d kring hundar och v\u00e4rme | Bozita","description":"Hundar drabbas l\u00e4ttare av v\u00e4rmeslag \u00e4n m\u00e4nniskor. H\u00e5ll hunden sval - l\u00e4s v\u00e5ra tips om hundar och v\u00e4rme f\u00f6r att undvika att din hund drabbas av v\u00e4rmeslag.","robots":{"index":"index","follow":"follow","max-snippet":"max-snippet:-1","max-image-preview":"max-image-preview:large","max-video-preview":"max-video-preview:-1"},"canonical":"https:\/\/bozita.com\/se\/hund\/hundens-halsa\/hundar-och-sommarvarme\/","og_locale":"sv_SE","og_type":"article","og_title":"V\u00e4rmeslag hund - tips och r\u00e5d kring hundar och v\u00e4rme | Bozita","og_description":"Hundar drabbas l\u00e4ttare av v\u00e4rmeslag \u00e4n m\u00e4nniskor. H\u00e5ll hunden sval - l\u00e4s v\u00e5ra tips om hundar och v\u00e4rme f\u00f6r att undvika att din hund drabbas av v\u00e4rmeslag.","og_url":"https:\/\/bozita.com\/se\/hund\/hundens-halsa\/hundar-och-sommarvarme\/","og_site_name":"Bozita Sverige","article_modified_time":"2021-08-25T07:49:04+00:00","og_image":[{"width":800,"height":535,"url":"https:\/\/bozita.com\/se\/wp-content\/uploads\/sites\/5\/2021\/07\/bozita-hund-sommarvarme-varmeslag.jpeg","type":"image\/jpeg"}],"twitter_card":"summary_large_image","schema":{"@context":"https:\/\/schema.org","@graph":[{"@type":"WebPage","@id":"https:\/\/bozita.com\/se\/hund\/hundens-halsa\/hundar-och-sommarvarme\/","url":"https:\/\/bozita.com\/se\/hund\/hundens-halsa\/hundar-och-sommarvarme\/","name":"V\u00e4rmeslag hund - tips och r\u00e5d kring hundar och v\u00e4rme | Bozita","isPartOf":{"@id":"https:\/\/bozita.com\/se\/#website"},"datePublished":"2021-06-20T19:39:42+00:00","dateModified":"2021-08-25T07:49:04+00:00","description":"Hundar drabbas l\u00e4ttare av v\u00e4rmeslag \u00e4n m\u00e4nniskor. H\u00e5ll hunden sval - l\u00e4s v\u00e5ra tips om hundar och v\u00e4rme f\u00f6r att undvika att din hund drabbas av v\u00e4rmeslag.","breadcrumb":{"@id":"https:\/\/bozita.com\/se\/hund\/hundens-halsa\/hundar-och-sommarvarme\/#breadcrumb"},"inLanguage":"sv-SE","potentialAction":[{"@type":"ReadAction","target":["https:\/\/bozita.com\/se\/hund\/hundens-halsa\/hundar-och-sommarvarme\/"]}]},{"@type":"BreadcrumbList","@id":"https:\/\/bozita.com\/se\/hund\/hundens-halsa\/hundar-och-sommarvarme\/#breadcrumb","itemListElement":[{"@type":"ListItem","position":1,"name":"Home","item":"https:\/\/bozita.com\/se\/"},{"@type":"ListItem","position":2,"name":"Livet med hund","item":"https:\/\/bozita.com\/se\/hund\/"},{"@type":"ListItem","position":3,"name":"Hundens h\u00e4lsa","item":"https:\/\/bozita.com\/se\/hund\/hundens-halsa\/"},{"@type":"ListItem","position":4,"name":"V\u00e4rmeslag hund &#8211; h\u00e5ll hunden sval i sommar"}]},{"@type":"WebSite","@id":"https:\/\/bozita.com\/se\/#website","url":"https:\/\/bozita.com\/se\/","name":"Bozita Sverige","description":"","potentialAction":[{"@type":"SearchAction","target":{"@type":"EntryPoint","urlTemplate":"https:\/\/bozita.com\/se\/?s={search_term_string}"},"query-input":"required name=search_term_string"}],"inLanguage":"sv-SE"}]}},"_links":{"self":[{"href":"https:\/\/bozita.com\/se\/wp-json\/wp\/v2\/pages\/1289"}],"collection":[{"href":"https:\/\/bozita.com\/se\/wp-json\/wp\/v2\/pages"}],"about":[{"href":"https:\/\/bozita.com\/se\/wp-json\/wp\/v2\/types\/page"}],"author":[{"embeddable":true,"href":"https:\/\/bozita.com\/se\/wp-json\/wp\/v2\/users\/1"}],"replies":[{"embeddable":true,"href":"https:\/\/bozita.com\/se\/wp-json\/wp\/v2\/comments?post=1289"}],"version-history":[{"count":10,"href":"https:\/\/bozita.com\/se\/wp-json\/wp\/v2\/pages\/1289\/revisions"}],"predecessor-version":[{"id":4000,"href":"https:\/\/bozita.com\/se\/wp-json\/wp\/v2\/pages\/1289\/revisions\/4000"}],"up":[{"embeddable":true,"href":"https:\/\/bozita.com\/se\/wp-json\/wp\/v2\/pages\/59"}],"wp:featuredmedia":[{"embeddable":true,"href":"https:\/\/bozita.com\/se\/wp-json\/wp\/v2\/media\/3388"}],"wp:attachment":[{"href":"https:\/\/bozita.com\/se\/wp-json\/wp\/v2\/media?parent=1289"}],"curies":[{"name":"wp","href":"https:\/\/api.w.org\/{rel}","templated":true}]}}