{"id":1294,"date":"2021-06-20T19:40:47","date_gmt":"2021-06-20T19:40:47","guid":{"rendered":"https:\/\/bozita.com\/se\/?page_id=1294"},"modified":"2021-08-25T07:55:18","modified_gmt":"2021-08-25T07:55:18","slug":"svampforgiftning","status":"publish","type":"page","link":"https:\/\/bozita.com\/se\/hund\/hundens-halsa\/svampforgiftning\/","title":{"rendered":"Svampf\u00f6rgiftning hund &#8211; se upp i svampskogen"},"content":{"rendered":"\t\t<section class=\"small-hero\">\n\t\t\t<div class=\"container\">\n\t\t\t\t<h1 class=\"small-hero-title\">Svampf\u00f6rgiftning hund &#8211; se upp i svampskogen<\/h1>\t\t\t<\/div>\n\t\t\t<\/div>\n\t\t<\/section>\n\t\n\n\t<div class=\"text-box-warp\">\n\t\t<div class=\"container\">\n\t\t\t<div class=\"text-content\">\n\t\t\t\t<p>Enligt Agria djurf\u00f6rs\u00e4kring drabbas minst ett femtiotal hundar av svampf\u00f6rgiftning varje \u00e5r. Vanligtvis \u00e4r symptomen lindriga och kortvariga, men i vissa fall kan f\u00f6rgiftningen orsaka d\u00f6dsfall.<\/p>\n<p>L\u00f6ven faller, regnskurarna l\u00f6ser av varandra och temperaturerna sjunker. H\u00f6sten st\u00e5r f\u00f6r d\u00f6rren. N\u00e4r dagarna blir b\u00e5de kortare och kyligare v\u00e4ljer vissa att kura ihop sig inomhus medan andra ger sig iv\u00e4g p\u00e5 skattjakt i skogen. Svampplockning lockar m\u00e5nga utanf\u00f6r d\u00f6rren, och visst \u00e4r det tacksamt att l\u00e5ta hunden f\u00e5 springa sig tr\u00f6tt mellan tr\u00e4den samtidigt som du f\u00e5r en chans att leta efter skogens guld? Men det finns anledning till att vara minst lika uppm\u00e4rksam p\u00e5 din hund som p\u00e5 svampspaningen. Det finns n\u00e4mligen giftig svamp f\u00f6r b\u00e5de hund och m\u00e4nniska, och svampf\u00f6rgiftning f\u00f6r din hund kan vara riktigt farligt.<\/p>\n<h2>MATGLADA HUNDAR I FAROZONEN F\u00d6R SVAMPF\u00d6RGIFTNING<\/h2>\n<p>Varje \u00e5r drabbas ett femtiotal hundar av svampf\u00f6rgiftning. Har man riktig otur kan svampf\u00f6rgiftningen vara livsfarlig f\u00f6r din hund. \u00c4r du \u00e4gare till en matglad hund b\u00f6r du ha extra koll. Ibland r\u00e4cker det med att hunden bara nosar eller slickar p\u00e5 svampen f\u00f6r att den ska bli riktigt f\u00f6rgiftad.<\/p>\n<h2>VISSA SYMPTOM M\u00c4RKS INTE DIREKT<\/h2>\n<p>Symptomen \u00e4r oftast kr\u00e4kningar och diarr\u00e9. I vissa fall \u00e4r det ocks\u00e5 sv\u00e5rt att veta om en f\u00f6rgiftning faktiskt har intr\u00e4ffat, eftersom det kan ta ett tag f\u00f6r hunden att bli d\u00e5lig. Spindelskivlingen, en av Sveriges giftigaste svampar f\u00f6r hundar s\u00e5v\u00e4l som m\u00e4nniskor, \u00e4r en svampsort vars symptom inte m\u00e4rks av f\u00f6rr\u00e4n n\u00e5gra dagar senare. Den ger sig p\u00e5 levern i ett f\u00f6rsta skede och n\u00e4r du v\u00e4l m\u00e4rker av att hunden blivit svampf\u00f6rgiftad kan skadorna redan vara kroniska eller till och med livsavg\u00f6rande.<\/p>\n<h2>SVAMPF\u00d6RGIFTNING HUND &#8211; UPPS\u00d6K VETERIN\u00c4R<\/h2>\n<p>Misst\u00e4nker du att din hund har f\u00e5tt i sig en giftig svamp b\u00f6r du ta hunden till veterin\u00e4r omg\u00e5ende. Om du vet vilken svamp den har f\u00e5tt i sig \u00e4r det ocks\u00e5 bra att ta med en s\u00e5dan. Svampar som \u00e4r giftiga f\u00f6r oss m\u00e4nniskor \u00e4r i regel \u00e4ven farliga f\u00f6r hundar. P\u00e5 <a title=\"Giftinformationcentralen\" href=\"https:\/\/giftinformation.se\/svampregister\/\" target=\"_blank\" rel=\"noopener\">Giftinformationscentralen<\/a> kan du l\u00e4sa mer om vad du ska undvika p\u00e5 din skattjakt.<\/p>\n<h2>SVERIGES FARLIGASTE SVAMPAR<\/h2>\n<ul>\n<li><a title=\"R\u00f6d flugsvamp\" href=\"https:\/\/giftinformation.se\/svampregister\/rod-flugsvamp\/?listPageId=1563\" target=\"_blank\" rel=\"noopener\">R\u00f6d flugsvamp<\/a><\/li>\n<li><a title=\"Brun flugsvamp\" href=\"https:\/\/giftinformation.se\/svampregister\/brun-flugsvamp\/?listPageId=1563\" target=\"_blank\" rel=\"noopener\">Brun flugsvamp<\/a><\/li>\n<li><a title=\"Panterflugsvamp\" href=\"https:\/\/giftinformation.se\/svampregister\/panterflackig-flugsvamp\/?listPageId=1563\" target=\"_blank\" rel=\"noopener\">Panterflugsvamp<\/a><\/li>\n<li><a title=\"Vit flugsvamp\" href=\"https:\/\/giftinformation.se\/svampregister\/vit-flugsvamp\/?listPageId=1563\" target=\"_blank\" rel=\"noopener\">Vit flugsvamp<\/a><\/li>\n<li><a title=\"L\u00f6msk flugsvamp\" href=\"https:\/\/giftinformation.se\/svampregister\/lomsk-flugsvamp\/?listPageId=1563\" target=\"_blank\" rel=\"noopener\">L\u00f6msk flugsvamp<\/a><\/li>\n<li><a title=\"Spindelskivling\" href=\"https:\/\/giftinformation.se\/svampregister\/orangebrun-giftspindling\/?listPageId=1563\" target=\"_blank\" rel=\"noopener\">Spindelskivling<\/a><\/li>\n<li><a title=\"Toppig giftspindling\" href=\"https:\/\/giftinformation.se\/svampregister\/toppig-giftspindling\/?listPageId=1563\" target=\"_blank\" rel=\"noopener\">Toppig giftspindling<\/a><\/li>\n<li><a title=\"Stenmurkla\" href=\"https:\/\/giftinformation.se\/svampregister\/stenmurkla\/?listPageId=1563\" target=\"_blank\" rel=\"noopener\">Stenmurkla<\/a><\/li>\n<\/ul>\n\t\t\t<\/div>\n\t\t<\/div>\n\t<\/div>\n\n\n\n\t<section class=\"block related-articles\">\n\t\t<div class=\"container\">\n\t\t\t<h2>Relaterade artiklar<\/h2>\n\t\t\t<div class=\"row justify-content-center\">\n\t\t\t\t\t\t\t\t\t\t<div class=\"col-sm-6 col-md-6 col-lg-3\">\n\t\t\t\t\t\t\t\t\t\t\t\t\t\t<div class=\"card \">\n\t\t\t\t\t\t\t\t\t\t\t\t\t\t\t\t\t<img decoding=\"async\"  src=\"https:\/\/bozita.com\/se\/wp-content\/uploads\/sites\/5\/2021\/07\/bozita-algblomning-algforgiftning.jpeg\" alt=\"\">\n\t\t\t\t\t\t\t\t\t\t\t\t\t\t\t\t\t<!-- <img decoding=\"async\" src=\"\n\t\t\t\t\t\t\t\t\t\t\t\t\t\t\t\t\t\t\t\t\" alt=\"\n\t\t\t\t\t\t\t\t\t\t\t\t\t\t\t\t\t\t\t\t\t\t\t\t\t\t\t\"> -->\n\t\t\t\t\t\t\t\t<div class=\"card-body\">\n\t\t\t\t\t\t\t\t\t\t\t\t\t\t\t\t\t\t\t<h6>Algblomning hund &#8211; det h\u00e4r beh\u00f6ver du veta<\/h6>\n\t\t\t\t\t\t\t\t\t\t\t\t\t\t\t\t\t\t\t<a href=\"https:\/\/bozita.com\/se\/hund\/hundens-halsa\/algblomning\/\">L\u00e4s mer &nbsp; ><\/a>\n\t\t\t\t\t\t\t\t<\/div>\n\t\t\t\t\t\t\t<\/div>\n\t\t\t\t\t\t<\/div>\n\n\t\t\t\t\t\t\t\t\t\t\t<div class=\"col-sm-6 col-md-6 col-lg-3\">\n\t\t\t\t\t\t\t\t\t\t\t\t\t\t<div class=\"card \">\n\t\t\t\t\t\t\t\t\t\t\t\t\t\t\t\t\t<img decoding=\"async\"  src=\"https:\/\/bozita.com\/se\/wp-content\/uploads\/sites\/5\/2021\/07\/bozita-hund-huggormsbiten.jpeg\" alt=\"\">\n\t\t\t\t\t\t\t\t\t\t\t\t\t\t\t\t\t<!-- <img decoding=\"async\" src=\"\n\t\t\t\t\t\t\t\t\t\t\t\t\t\t\t\t\t\t\t\t\" alt=\"\n\t\t\t\t\t\t\t\t\t\t\t\t\t\t\t\t\t\t\t\t\t\t\t\t\t\t\t\"> -->\n\t\t\t\t\t\t\t\t<div class=\"card-body\">\n\t\t\t\t\t\t\t\t\t\t\t\t\t\t\t\t\t\t\t<h6>Huggormsbett hund &#8211; s\u00e5 skyddar ni er<\/h6>\n\t\t\t\t\t\t\t\t\t\t\t\t\t\t\t\t\t\t\t<a href=\"https:\/\/bozita.com\/se\/hund\/hundens-halsa\/i-solen-trivs-huggormarna\/\">L\u00e4s mer &nbsp; ><\/a>\n\t\t\t\t\t\t\t\t<\/div>\n\t\t\t\t\t\t\t<\/div>\n\t\t\t\t\t\t<\/div>\n\n\t\t\t\t\t\t\t\t\t\t\t<div class=\"col-sm-6 col-md-6 col-lg-3\">\n\t\t\t\t\t\t\t\t\t\t\t\t\t\t<div class=\"card \">\n\t\t\t\t\t\t\t\t\t\t\t\t\t\t\t\t\t<img decoding=\"async\"  src=\"https:\/\/bozita.com\/se\/wp-content\/uploads\/sites\/5\/2021\/07\/bozita-hund-vaccinera.jpeg\" alt=\"\">\n\t\t\t\t\t\t\t\t\t\t\t\t\t\t\t\t\t<!-- <img decoding=\"async\" src=\"\n\t\t\t\t\t\t\t\t\t\t\t\t\t\t\t\t\t\t\t\t\" alt=\"\n\t\t\t\t\t\t\t\t\t\t\t\t\t\t\t\t\t\t\t\t\t\t\t\t\t\t\t\"> -->\n\t\t\t\t\t\t\t\t<div class=\"card-body\">\n\t\t\t\t\t\t\t\t\t\t\t\t\t\t\t\t\t\t\t<h6>Vaccination av hund och valp<\/h6>\n\t\t\t\t\t\t\t\t\t\t\t\t\t\t\t\t\t\t\t<a href=\"https:\/\/bozita.com\/se\/hund\/hundens-halsa\/vaccinera-hund\/\">L\u00e4s mer &nbsp; ><\/a>\n\t\t\t\t\t\t\t\t<\/div>\n\t\t\t\t\t\t\t<\/div>\n\t\t\t\t\t\t<\/div>\n\n\t\t\t\t\t\t\t\t\t\t\t\t<\/div>\n\t\t<\/div>\n\t<\/section>\n","protected":false},"excerpt":{"rendered":"","protected":false},"author":1,"featured_media":3341,"parent":59,"menu_order":0,"comment_status":"closed","ping_status":"closed","template":"guternberg.php","meta":{"footnotes":""},"acf":[],"yoast_head":"<!-- This site is optimized with the Yoast SEO plugin v21.3 - https:\/\/yoast.com\/wordpress\/plugins\/seo\/ -->\n<title>Svampf\u00f6rgiftning hund - se upp i svampskogen | Bozita<\/title>\n<meta name=\"description\" content=\"Giftiga svampar kan ge din hund svampf\u00f6rgiftning. Om du misst\u00e4nker att din hund blivit svampf\u00f6rgiftad ska du genast ta den till veterin\u00e4ren. L\u00e4s mer h\u00e4r.\" \/>\n<meta name=\"robots\" content=\"index, follow, max-snippet:-1, max-image-preview:large, max-video-preview:-1\" \/>\n<link rel=\"canonical\" href=\"https:\/\/bozita.com\/se\/hund\/hundens-halsa\/svampforgiftning\/\" \/>\n<meta property=\"og:locale\" content=\"sv_SE\" \/>\n<meta property=\"og:type\" content=\"article\" \/>\n<meta property=\"og:title\" content=\"Svampf\u00f6rgiftning hund - se upp i svampskogen | Bozita\" \/>\n<meta property=\"og:description\" content=\"Giftiga svampar kan ge din hund svampf\u00f6rgiftning. Om du misst\u00e4nker att din hund blivit svampf\u00f6rgiftad ska du genast ta den till veterin\u00e4ren. L\u00e4s mer h\u00e4r.\" \/>\n<meta property=\"og:url\" content=\"https:\/\/bozita.com\/se\/hund\/hundens-halsa\/svampforgiftning\/\" \/>\n<meta property=\"og:site_name\" content=\"Bozita Sverige\" \/>\n<meta property=\"article:modified_time\" content=\"2021-08-25T07:55:18+00:00\" \/>\n<meta property=\"og:image\" content=\"https:\/\/bozita.com\/se\/wp-content\/uploads\/sites\/5\/2021\/07\/bozita-forgiftning-svamp-hund.jpeg\" \/>\n\t<meta property=\"og:image:width\" content=\"800\" \/>\n\t<meta property=\"og:image:height\" content=\"534\" \/>\n\t<meta property=\"og:image:type\" content=\"image\/jpeg\" \/>\n<meta name=\"twitter:card\" content=\"summary_large_image\" \/>\n<!-- \/ Yoast SEO plugin. -->","yoast_head_json":{"title":"Svampf\u00f6rgiftning hund - se upp i svampskogen | Bozita","description":"Giftiga svampar kan ge din hund svampf\u00f6rgiftning. Om du misst\u00e4nker att din hund blivit svampf\u00f6rgiftad ska du genast ta den till veterin\u00e4ren. L\u00e4s mer h\u00e4r.","robots":{"index":"index","follow":"follow","max-snippet":"max-snippet:-1","max-image-preview":"max-image-preview:large","max-video-preview":"max-video-preview:-1"},"canonical":"https:\/\/bozita.com\/se\/hund\/hundens-halsa\/svampforgiftning\/","og_locale":"sv_SE","og_type":"article","og_title":"Svampf\u00f6rgiftning hund - se upp i svampskogen | Bozita","og_description":"Giftiga svampar kan ge din hund svampf\u00f6rgiftning. Om du misst\u00e4nker att din hund blivit svampf\u00f6rgiftad ska du genast ta den till veterin\u00e4ren. L\u00e4s mer h\u00e4r.","og_url":"https:\/\/bozita.com\/se\/hund\/hundens-halsa\/svampforgiftning\/","og_site_name":"Bozita Sverige","article_modified_time":"2021-08-25T07:55:18+00:00","og_image":[{"width":800,"height":534,"url":"https:\/\/bozita.com\/se\/wp-content\/uploads\/sites\/5\/2021\/07\/bozita-forgiftning-svamp-hund.jpeg","type":"image\/jpeg"}],"twitter_card":"summary_large_image","schema":{"@context":"https:\/\/schema.org","@graph":[{"@type":"WebPage","@id":"https:\/\/bozita.com\/se\/hund\/hundens-halsa\/svampforgiftning\/","url":"https:\/\/bozita.com\/se\/hund\/hundens-halsa\/svampforgiftning\/","name":"Svampf\u00f6rgiftning hund - se upp i svampskogen | Bozita","isPartOf":{"@id":"https:\/\/bozita.com\/se\/#website"},"datePublished":"2021-06-20T19:40:47+00:00","dateModified":"2021-08-25T07:55:18+00:00","description":"Giftiga svampar kan ge din hund svampf\u00f6rgiftning. Om du misst\u00e4nker att din hund blivit svampf\u00f6rgiftad ska du genast ta den till veterin\u00e4ren. L\u00e4s mer h\u00e4r.","breadcrumb":{"@id":"https:\/\/bozita.com\/se\/hund\/hundens-halsa\/svampforgiftning\/#breadcrumb"},"inLanguage":"sv-SE","potentialAction":[{"@type":"ReadAction","target":["https:\/\/bozita.com\/se\/hund\/hundens-halsa\/svampforgiftning\/"]}]},{"@type":"BreadcrumbList","@id":"https:\/\/bozita.com\/se\/hund\/hundens-halsa\/svampforgiftning\/#breadcrumb","itemListElement":[{"@type":"ListItem","position":1,"name":"Home","item":"https:\/\/bozita.com\/se\/"},{"@type":"ListItem","position":2,"name":"Livet med hund","item":"https:\/\/bozita.com\/se\/hund\/"},{"@type":"ListItem","position":3,"name":"Hundens h\u00e4lsa","item":"https:\/\/bozita.com\/se\/hund\/hundens-halsa\/"},{"@type":"ListItem","position":4,"name":"Svampf\u00f6rgiftning hund &#8211; se upp i svampskogen"}]},{"@type":"WebSite","@id":"https:\/\/bozita.com\/se\/#website","url":"https:\/\/bozita.com\/se\/","name":"Bozita Sverige","description":"","potentialAction":[{"@type":"SearchAction","target":{"@type":"EntryPoint","urlTemplate":"https:\/\/bozita.com\/se\/?s={search_term_string}"},"query-input":"required name=search_term_string"}],"inLanguage":"sv-SE"}]}},"_links":{"self":[{"href":"https:\/\/bozita.com\/se\/wp-json\/wp\/v2\/pages\/1294"}],"collection":[{"href":"https:\/\/bozita.com\/se\/wp-json\/wp\/v2\/pages"}],"about":[{"href":"https:\/\/bozita.com\/se\/wp-json\/wp\/v2\/types\/page"}],"author":[{"embeddable":true,"href":"https:\/\/bozita.com\/se\/wp-json\/wp\/v2\/users\/1"}],"replies":[{"embeddable":true,"href":"https:\/\/bozita.com\/se\/wp-json\/wp\/v2\/comments?post=1294"}],"version-history":[{"count":9,"href":"https:\/\/bozita.com\/se\/wp-json\/wp\/v2\/pages\/1294\/revisions"}],"predecessor-version":[{"id":3994,"href":"https:\/\/bozita.com\/se\/wp-json\/wp\/v2\/pages\/1294\/revisions\/3994"}],"up":[{"embeddable":true,"href":"https:\/\/bozita.com\/se\/wp-json\/wp\/v2\/pages\/59"}],"wp:featuredmedia":[{"embeddable":true,"href":"https:\/\/bozita.com\/se\/wp-json\/wp\/v2\/media\/3341"}],"wp:attachment":[{"href":"https:\/\/bozita.com\/se\/wp-json\/wp\/v2\/media?parent=1294"}],"curies":[{"name":"wp","href":"https:\/\/api.w.org\/{rel}","templated":true}]}}