{"id":1298,"date":"2021-06-20T19:41:53","date_gmt":"2021-06-20T19:41:53","guid":{"rendered":"https:\/\/bozita.com\/se\/?page_id=1298"},"modified":"2021-08-25T07:50:01","modified_gmt":"2021-08-25T07:50:01","slug":"i-solen-trivs-huggormarna","status":"publish","type":"page","link":"https:\/\/bozita.com\/se\/hund\/hundens-halsa\/i-solen-trivs-huggormarna\/","title":{"rendered":"Huggormsbett hund &#8211; s\u00e5 skyddar ni er"},"content":{"rendered":"\t\t<section class=\"small-hero\">\n\t\t\t<div class=\"container\">\n\t\t\t\t<h1 class=\"small-hero-title\">Huggormsbett hund &#8211; s\u00e5 skyddar ni er<\/h1>\t\t\t<\/div>\n\t\t\t<\/div>\n\t\t<\/section>\n\t\n\n\t<div class=\"text-box-warp\">\n\t\t<div class=\"container\">\n\t\t\t<div class=\"text-content\">\n\t\t\t\t<p>\u00c4r du medveten om riskerna med huggormsbett f\u00f6r din hund och vet du hur du kan skydda dig och din hund fr\u00e5n huggormar? Varje \u00e5r d\u00f6r hundar av huggormsbett i Sverige. Se upp vid varma h\u00e4llar, i h\u00f6gt gr\u00e4s, l\u00f6vh\u00f6gar och skrymslen \u2013\u00a0och t\u00e4nk p\u00e5 att en huggormsbiten hund beh\u00f6ver komma till en veterin\u00e4r genast.<\/p>\n<h2>SE UPP MED VARMA H\u00c4LLAR OCH H\u00d6GT GR\u00c4S<\/h2>\n<p>Det \u00e4r under den varmare delen av \u00e5ret som man beh\u00f6ver vara uppm\u00e4rksam p\u00e5 huggormsbett hos hundar. Huggormar trivs p\u00e5 varma h\u00e4llar d\u00e4r de g\u00e4rna ligger och solar. De gillar ocks\u00e5 h\u00f6gt gr\u00e4s, l\u00f6vh\u00f6gar och skrymslen som husgrunder och uthus. G\u00f6r din tr\u00e4dg\u00e5rd mindre trivsam f\u00f6r huggormarna genom att ha kortklippt gr\u00e4s och v\u00e4lkrattad tomt utan br\u00e5te och rish\u00f6gar.<\/p>\n<p>T\u00e4nk p\u00e5 att huggormen \u00e4r fridlyst och ska behandlas med respekt.\u00a0Den biter bara i hotat l\u00e4ge och \u00e4r inget aggressivt djur.<\/p>\n<h2>HUGGORMSBITEN HUND &#8211; UPPS\u00d6K GENAST VETERIN\u00c4R<\/h2>\n<p>Det vanligaste \u00e4r att hunden blir biten i nosen eller frambenen. Ett huggormsbett i hundens nos ger oftast lindrigare symtom \u00e4n ett bett i benen. Det beror p\u00e5 att ben och tassar har effektivare blodcirkulation.<\/p>\n<p>Om din hund blir huggormbiten ska du upps\u00f6ka veterin\u00e4r omedelbart. Hos veterin\u00e4ren blir hunden behandlad mot chock och man \u00f6vervakar \u00e4ven giftets p\u00e5verkan p\u00e5 blodkropparna.<\/p>\n<h2>HUGGORMSBETT HUND &#8211; SYMPTOM<\/h2>\n<ul>\n<li>Svullnad och \u00f6mhet kring det drabbade omr\u00e5det<\/li>\n<li>Svullnaden kan \u00f6ka under de n\u00e4rmaste dagarna innan det avtar<\/li>\n<li>Hunden blir vanligtvis tr\u00f6tt en stund efter huggormsbettet<\/li>\n<li>F\u00f6rs\u00e4mrat allm\u00e4ntillst\u00e5nd, yrsel och sl\u00f6het<\/li>\n<li>Ibland kan du hitta tv\u00e5 sm\u00e5 prickar p\u00e5 hunden efter ormbettet<\/li>\n<li>Kr\u00e4kningar och diarr\u00e9<\/li>\n<li>H\u00e4lta och sm\u00e4rta<\/li>\n<\/ul>\n<p>Vilka symptom som uppst\u00e5r och hur kraftiga de blir \u00e4r beroende p\u00e5 hur mycket ormgift som injicerats. Upps\u00f6k alltid veterin\u00e4r omg\u00e5ende om du misst\u00e4nker att att din hund \u00e4r huggormsbiten!<\/p>\n<h2>KAN\u00a0DU SE SKILLNAD P\u00c5 ORMARNA?<\/h2>\n<p>I Sverige \u00e4r det endast huggormen som \u00e4r giftig. Ser du skillnad p\u00e5 Sveriges ormar? L\u00e4r dig mer p\u00e5 Skansens hemsida.<\/p>\n<ul>\n<li><a href=\"https:\/\/www.skansen.se\/sv\/huggorm\" target=\"_blank\" rel=\"noopener\">S\u00e5 k\u00e4nner du igen en huggorm<\/a><\/li>\n<li><a href=\"https:\/\/www.skansen.se\/sv\/snok\" target=\"_blank\" rel=\"noopener\">S\u00e5 k\u00e4nner du igen en snok<\/a><\/li>\n<\/ul>\n\t\t\t<\/div>\n\t\t<\/div>\n\t<\/div>\n\n\n\n\t<section class=\"block related-articles\">\n\t\t<div class=\"container\">\n\t\t\t<h2>Relaterade artiklar<\/h2>\n\t\t\t<div class=\"row justify-content-center\">\n\t\t\t\t\t\t\t\t\t\t<div class=\"col-sm-6 col-md-6 col-lg-3\">\n\t\t\t\t\t\t\t\t\t\t\t\t\t\t<div class=\"card \">\n\t\t\t\t\t\t\t\t\t\t\t\t\t\t\t\t\t<img decoding=\"async\"  src=\"https:\/\/bozita.com\/se\/wp-content\/uploads\/sites\/5\/2021\/07\/bozita-forgiftning-svamp-hund.jpeg\" alt=\"\">\n\t\t\t\t\t\t\t\t\t\t\t\t\t\t\t\t\t<!-- <img decoding=\"async\" src=\"\n\t\t\t\t\t\t\t\t\t\t\t\t\t\t\t\t\t\t\t\t\" alt=\"\n\t\t\t\t\t\t\t\t\t\t\t\t\t\t\t\t\t\t\t\t\t\t\t\t\t\t\t\"> -->\n\t\t\t\t\t\t\t\t<div class=\"card-body\">\n\t\t\t\t\t\t\t\t\t\t\t\t\t\t\t\t\t\t\t<h6>Svampf\u00f6rgiftning hund &#8211; se upp i svampskogen<\/h6>\n\t\t\t\t\t\t\t\t\t\t\t\t\t\t\t\t\t\t\t<a href=\"https:\/\/bozita.com\/se\/hund\/hundens-halsa\/svampforgiftning\/\">L\u00e4s mer &nbsp; ><\/a>\n\t\t\t\t\t\t\t\t<\/div>\n\t\t\t\t\t\t\t<\/div>\n\t\t\t\t\t\t<\/div>\n\n\t\t\t\t\t\t\t\t\t\t\t<div class=\"col-sm-6 col-md-6 col-lg-3\">\n\t\t\t\t\t\t\t\t\t\t\t\t\t\t<div class=\"card \">\n\t\t\t\t\t\t\t\t\t\t\t\t\t\t\t\t\t<img decoding=\"async\"  src=\"https:\/\/bozita.com\/se\/wp-content\/uploads\/sites\/5\/2021\/07\/bozita-algblomning-algforgiftning.jpeg\" alt=\"\">\n\t\t\t\t\t\t\t\t\t\t\t\t\t\t\t\t\t<!-- <img decoding=\"async\" src=\"\n\t\t\t\t\t\t\t\t\t\t\t\t\t\t\t\t\t\t\t\t\" alt=\"\n\t\t\t\t\t\t\t\t\t\t\t\t\t\t\t\t\t\t\t\t\t\t\t\t\t\t\t\"> -->\n\t\t\t\t\t\t\t\t<div class=\"card-body\">\n\t\t\t\t\t\t\t\t\t\t\t\t\t\t\t\t\t\t\t<h6>Algblomning hund &#8211; det h\u00e4r beh\u00f6ver du veta<\/h6>\n\t\t\t\t\t\t\t\t\t\t\t\t\t\t\t\t\t\t\t<a href=\"https:\/\/bozita.com\/se\/hund\/hundens-halsa\/algblomning\/\">L\u00e4s mer &nbsp; ><\/a>\n\t\t\t\t\t\t\t\t<\/div>\n\t\t\t\t\t\t\t<\/div>\n\t\t\t\t\t\t<\/div>\n\n\t\t\t\t\t\t\t\t\t\t\t<div class=\"col-sm-6 col-md-6 col-lg-3\">\n\t\t\t\t\t\t\t\t\t\t\t\t\t\t<div class=\"card \">\n\t\t\t\t\t\t\t\t\t\t\t\t\t\t\t\t\t<img decoding=\"async\"  src=\"https:\/\/bozita.com\/se\/wp-content\/uploads\/sites\/5\/2021\/07\/bozita-hund-sommarvarme-varmeslag.jpeg\" alt=\"\">\n\t\t\t\t\t\t\t\t\t\t\t\t\t\t\t\t\t<!-- <img decoding=\"async\" src=\"\n\t\t\t\t\t\t\t\t\t\t\t\t\t\t\t\t\t\t\t\t\" alt=\"\n\t\t\t\t\t\t\t\t\t\t\t\t\t\t\t\t\t\t\t\t\t\t\t\t\t\t\t\"> -->\n\t\t\t\t\t\t\t\t<div class=\"card-body\">\n\t\t\t\t\t\t\t\t\t\t\t\t\t\t\t\t\t\t\t<h6>V\u00e4rmeslag hund &#8211; h\u00e5ll hunden sval i sommar<\/h6>\n\t\t\t\t\t\t\t\t\t\t\t\t\t\t\t\t\t\t\t<a href=\"https:\/\/bozita.com\/se\/hund\/hundens-halsa\/hundar-och-sommarvarme\/\">L\u00e4s mer &nbsp; ><\/a>\n\t\t\t\t\t\t\t\t<\/div>\n\t\t\t\t\t\t\t<\/div>\n\t\t\t\t\t\t<\/div>\n\n\t\t\t\t\t\t\t\t\t\t\t\t<\/div>\n\t\t<\/div>\n\t<\/section>\n","protected":false},"excerpt":{"rendered":"","protected":false},"author":1,"featured_media":3287,"parent":59,"menu_order":0,"comment_status":"closed","ping_status":"closed","template":"guternberg.php","meta":{"footnotes":""},"acf":[],"yoast_head":"<!-- This site is optimized with the Yoast SEO plugin v21.3 - https:\/\/yoast.com\/wordpress\/plugins\/seo\/ -->\n<title>Huggormsbett hund - skydda din hund fr\u00e5n huggormar | Bozita<\/title>\n<meta name=\"description\" content=\"Varje \u00e5r d\u00f6r hundar av huggormsbett. Upps\u00f6k genast veterin\u00e4r om du har en huggormsbiten hund. L\u00e4s mer om hur du skyddar dig och din hund fr\u00e5n huggormar.\" \/>\n<meta name=\"robots\" content=\"index, follow, max-snippet:-1, max-image-preview:large, max-video-preview:-1\" \/>\n<link rel=\"canonical\" href=\"https:\/\/bozita.com\/se\/hund\/hundens-halsa\/i-solen-trivs-huggormarna\/\" \/>\n<meta property=\"og:locale\" content=\"sv_SE\" \/>\n<meta property=\"og:type\" content=\"article\" \/>\n<meta property=\"og:title\" content=\"Huggormsbett hund - skydda din hund fr\u00e5n huggormar | Bozita\" \/>\n<meta property=\"og:description\" content=\"Varje \u00e5r d\u00f6r hundar av huggormsbett. Upps\u00f6k genast veterin\u00e4r om du har en huggormsbiten hund. L\u00e4s mer om hur du skyddar dig och din hund fr\u00e5n huggormar.\" \/>\n<meta property=\"og:url\" content=\"https:\/\/bozita.com\/se\/hund\/hundens-halsa\/i-solen-trivs-huggormarna\/\" \/>\n<meta property=\"og:site_name\" content=\"Bozita Sverige\" \/>\n<meta property=\"article:modified_time\" content=\"2021-08-25T07:50:01+00:00\" \/>\n<meta property=\"og:image\" content=\"https:\/\/bozita.com\/se\/wp-content\/uploads\/sites\/5\/2021\/07\/bozita-hund-huggormsbiten.jpeg\" \/>\n\t<meta property=\"og:image:width\" content=\"800\" \/>\n\t<meta property=\"og:image:height\" content=\"533\" \/>\n\t<meta property=\"og:image:type\" content=\"image\/jpeg\" \/>\n<meta name=\"twitter:card\" content=\"summary_large_image\" \/>\n<!-- \/ Yoast SEO plugin. -->","yoast_head_json":{"title":"Huggormsbett hund - skydda din hund fr\u00e5n huggormar | Bozita","description":"Varje \u00e5r d\u00f6r hundar av huggormsbett. Upps\u00f6k genast veterin\u00e4r om du har en huggormsbiten hund. L\u00e4s mer om hur du skyddar dig och din hund fr\u00e5n huggormar.","robots":{"index":"index","follow":"follow","max-snippet":"max-snippet:-1","max-image-preview":"max-image-preview:large","max-video-preview":"max-video-preview:-1"},"canonical":"https:\/\/bozita.com\/se\/hund\/hundens-halsa\/i-solen-trivs-huggormarna\/","og_locale":"sv_SE","og_type":"article","og_title":"Huggormsbett hund - skydda din hund fr\u00e5n huggormar | Bozita","og_description":"Varje \u00e5r d\u00f6r hundar av huggormsbett. Upps\u00f6k genast veterin\u00e4r om du har en huggormsbiten hund. L\u00e4s mer om hur du skyddar dig och din hund fr\u00e5n huggormar.","og_url":"https:\/\/bozita.com\/se\/hund\/hundens-halsa\/i-solen-trivs-huggormarna\/","og_site_name":"Bozita Sverige","article_modified_time":"2021-08-25T07:50:01+00:00","og_image":[{"width":800,"height":533,"url":"https:\/\/bozita.com\/se\/wp-content\/uploads\/sites\/5\/2021\/07\/bozita-hund-huggormsbiten.jpeg","type":"image\/jpeg"}],"twitter_card":"summary_large_image","schema":{"@context":"https:\/\/schema.org","@graph":[{"@type":"WebPage","@id":"https:\/\/bozita.com\/se\/hund\/hundens-halsa\/i-solen-trivs-huggormarna\/","url":"https:\/\/bozita.com\/se\/hund\/hundens-halsa\/i-solen-trivs-huggormarna\/","name":"Huggormsbett hund - skydda din hund fr\u00e5n huggormar | Bozita","isPartOf":{"@id":"https:\/\/bozita.com\/se\/#website"},"datePublished":"2021-06-20T19:41:53+00:00","dateModified":"2021-08-25T07:50:01+00:00","description":"Varje \u00e5r d\u00f6r hundar av huggormsbett. Upps\u00f6k genast veterin\u00e4r om du har en huggormsbiten hund. L\u00e4s mer om hur du skyddar dig och din hund fr\u00e5n huggormar.","breadcrumb":{"@id":"https:\/\/bozita.com\/se\/hund\/hundens-halsa\/i-solen-trivs-huggormarna\/#breadcrumb"},"inLanguage":"sv-SE","potentialAction":[{"@type":"ReadAction","target":["https:\/\/bozita.com\/se\/hund\/hundens-halsa\/i-solen-trivs-huggormarna\/"]}]},{"@type":"BreadcrumbList","@id":"https:\/\/bozita.com\/se\/hund\/hundens-halsa\/i-solen-trivs-huggormarna\/#breadcrumb","itemListElement":[{"@type":"ListItem","position":1,"name":"Home","item":"https:\/\/bozita.com\/se\/"},{"@type":"ListItem","position":2,"name":"Livet med hund","item":"https:\/\/bozita.com\/se\/hund\/"},{"@type":"ListItem","position":3,"name":"Hundens h\u00e4lsa","item":"https:\/\/bozita.com\/se\/hund\/hundens-halsa\/"},{"@type":"ListItem","position":4,"name":"Huggormsbett hund &#8211; s\u00e5 skyddar ni er"}]},{"@type":"WebSite","@id":"https:\/\/bozita.com\/se\/#website","url":"https:\/\/bozita.com\/se\/","name":"Bozita Sverige","description":"","potentialAction":[{"@type":"SearchAction","target":{"@type":"EntryPoint","urlTemplate":"https:\/\/bozita.com\/se\/?s={search_term_string}"},"query-input":"required name=search_term_string"}],"inLanguage":"sv-SE"}]}},"_links":{"self":[{"href":"https:\/\/bozita.com\/se\/wp-json\/wp\/v2\/pages\/1298"}],"collection":[{"href":"https:\/\/bozita.com\/se\/wp-json\/wp\/v2\/pages"}],"about":[{"href":"https:\/\/bozita.com\/se\/wp-json\/wp\/v2\/types\/page"}],"author":[{"embeddable":true,"href":"https:\/\/bozita.com\/se\/wp-json\/wp\/v2\/users\/1"}],"replies":[{"embeddable":true,"href":"https:\/\/bozita.com\/se\/wp-json\/wp\/v2\/comments?post=1298"}],"version-history":[{"count":8,"href":"https:\/\/bozita.com\/se\/wp-json\/wp\/v2\/pages\/1298\/revisions"}],"predecessor-version":[{"id":3992,"href":"https:\/\/bozita.com\/se\/wp-json\/wp\/v2\/pages\/1298\/revisions\/3992"}],"up":[{"embeddable":true,"href":"https:\/\/bozita.com\/se\/wp-json\/wp\/v2\/pages\/59"}],"wp:featuredmedia":[{"embeddable":true,"href":"https:\/\/bozita.com\/se\/wp-json\/wp\/v2\/media\/3287"}],"wp:attachment":[{"href":"https:\/\/bozita.com\/se\/wp-json\/wp\/v2\/media?parent=1298"}],"curies":[{"name":"wp","href":"https:\/\/api.w.org\/{rel}","templated":true}]}}