{"id":1303,"date":"2021-06-20T19:42:57","date_gmt":"2021-06-20T19:42:57","guid":{"rendered":"https:\/\/bozita.com\/se\/?page_id=1303"},"modified":"2021-08-25T07:50:41","modified_gmt":"2021-08-25T07:50:41","slug":"skjutsa-valpen-i-ryggsacken","status":"publish","type":"page","link":"https:\/\/bozita.com\/se\/hund\/hundens-halsa\/skjutsa-valpen-i-ryggsacken\/","title":{"rendered":"Ryggs\u00e4ck f\u00f6r hunden under vandringen"},"content":{"rendered":"\t\t<section class=\"small-hero\">\n\t\t\t<div class=\"container\">\n\t\t\t\t<h1 class=\"small-hero-title\">Ryggs\u00e4ck f\u00f6r hunden under vandringen<\/h1><p><p>En bra ryggs\u00e4ck f\u00f6r hund\u00e4garen vid vandring \u00e4r en bra investering. Men ibland kan en ryggs\u00e4ck ocks\u00e5 vara bra f\u00f6r att b\u00e4ra en liten hund eller valp n\u00e4r du ger dig ut p\u00e5 en l\u00e4ngre vandring. <\/p>\n<\/p>\t\t\t<\/div>\n\t\t\t<\/div>\n\t\t<\/section>\n\t\n\n\t<div class=\"text-box-warp\">\n\t\t<div class=\"container\">\n\t\t\t<div class=\"text-content\">\n\t\t\t\t<p>Sm\u00e5 valpar blir snabbt tr\u00f6tta. Ett tips \u00e4r att l\u00e5ta den mindre hunden eller valpen \u00e5ka i en ryggs\u00e4ck n\u00e4r promenaderna blir f\u00f6r slitsamma.<\/p>\n<h2>B\u00c4RA HUND OCH VALP I RYGGS\u00c4CK<\/h2>\n<p>Om du tycker om att vara ute i naturen och ge dig iv\u00e4g p\u00e5 lite l\u00e4ngre vandringar kan det vara bra att ha med en bra ryggs\u00e4ck att b\u00e4ra en liten hund eller valp i. F\u00f6r s\u00e5klart vill du ha med dem p\u00e5 dina \u00e4ventyr. Men varken den lilla hunden eller valpen \u00e4r s\u00e4rskilt v\u00e4l rustade f\u00f6r l\u00e5nga och slitsamma strapatser. D\u00e5 \u00e4r det sk\u00f6nt f\u00f6r b\u00e5de hunden och husse eller matte att ha ett alternativ s\u00e5 att man kan forts\u00e4tta promenaden. B\u00e4r ryggs\u00e4cken p\u00e5 ryggen eller h\u00e4ng den p\u00e5 magen om du vill ha lite mer koll.<\/p>\n\t\t\t<\/div>\n\t\t<\/div>\n\t<\/div>\n\n\n<section class=\"block full-section-promo\">\n\t<div class=\"container\">\n\t\t<div class=\"mb-3 row align-items-center \n\t\t\t\t\">\n\t\t\t<div class=\"col-md-6\">\n\t\t\t\t\t\t\t\t\t<img decoding=\"async\" src=\"https:\/\/bozita.com\/se\/wp-content\/uploads\/sites\/5\/2021\/08\/bozita-bara-hundvalp-i-ryggsack.jpg\" alt=\"\">\n\t\t\t\t\t\n\t\t\t<\/div>\n\t\t\t<div class=\"col-md-6\">\n\t\t\t\t<h2>VALPEN TUVA \u00c5KER I RYGGS\u00c4CKEN <\/h2><p>Det h\u00e4r \u00e4r valpen Tuva. Hon bor hemma hos Cecilia som arbetar som produktutvecklare p\u00e5 Bozita. Ibland beh\u00f6ver Tuva en paus p\u00e5 de l\u00e5nga skogspromenaderna med Cecilia och hennes andra hund Astrid. D\u00e5 \u00e4r det bra att man som valp kan f\u00e5 skjuts i ryggs\u00e4cken! <\/p>\t\t\t<\/div>\n\t\t<\/div>\n\n\n\t<\/div>\n<\/section>\n\n\n\n\t<section class=\"block related-articles\">\n\t\t<div class=\"container\">\n\t\t\t<h2>Relaterade artiklar<\/h2>\n\t\t\t<div class=\"row justify-content-center\">\n\t\t\t\t\t\t\t\t\t\t<div class=\"col-sm-6 col-md-6 col-lg-3\">\n\t\t\t\t\t\t\t\t\t\t\t\t\t\t<div class=\"card \">\n\t\t\t\t\t\t\t\t\t\t\t\t\t\t\t\t\t<img decoding=\"async\"  src=\"https:\/\/bozita.com\/se\/wp-content\/uploads\/sites\/5\/2021\/06\/bozita-smakgaranti-hundmat-kattmat.jpeg\" alt=\"\">\n\t\t\t\t\t\t\t\t\t\t\t\t\t\t\t\t\t<!-- <img decoding=\"async\" src=\"\n\t\t\t\t\t\t\t\t\t\t\t\t\t\t\t\t\t\t\t\t\" alt=\"\n\t\t\t\t\t\t\t\t\t\t\t\t\t\t\t\t\t\t\t\t\t\t\t\t\t\t\t\"> -->\n\t\t\t\t\t\t\t\t<div class=\"card-body\">\n\t\t\t\t\t\t\t\t\t\t\t\t\t\t\t\t\t\t\t<h6>Hundkurser och aktiviteter<\/h6>\n\t\t\t\t\t\t\t\t\t\t\t\t\t\t\t\t\t\t\t<a href=\"https:\/\/bozita.com\/se\/hund\/aktivera-hunden\/forbattra-samspelet-med-din-hund-med-hjalp-av-aktiviteter-och-kurser\/\">L\u00e4s mer &nbsp; ><\/a>\n\t\t\t\t\t\t\t\t<\/div>\n\t\t\t\t\t\t\t<\/div>\n\t\t\t\t\t\t<\/div>\n\n\t\t\t\t\t\t\t\t\t\t\t<div class=\"col-sm-6 col-md-6 col-lg-3\">\n\t\t\t\t\t\t\t\t\t\t\t\t\t\t<div class=\"card \">\n\t\t\t\t\t\t\t\t\t\t\t\t\t\t\t\t\t<img decoding=\"async\"  src=\"https:\/\/bozita.com\/se\/wp-content\/uploads\/sites\/5\/2021\/07\/bozita-vandra-med-hund.jpeg\" alt=\"\">\n\t\t\t\t\t\t\t\t\t\t\t\t\t\t\t\t\t<!-- <img decoding=\"async\" src=\"\n\t\t\t\t\t\t\t\t\t\t\t\t\t\t\t\t\t\t\t\t\" alt=\"\n\t\t\t\t\t\t\t\t\t\t\t\t\t\t\t\t\t\t\t\t\t\t\t\t\t\t\t\"> -->\n\t\t\t\t\t\t\t\t<div class=\"card-body\">\n\t\t\t\t\t\t\t\t\t\t\t\t\t\t\t\t\t\t\t<h6>Vandra med hund<\/h6>\n\t\t\t\t\t\t\t\t\t\t\t\t\t\t\t\t\t\t\t<a href=\"https:\/\/bozita.com\/se\/hund\/aktivera-hunden\/att-tanka-pa-nar-du-vandrar-med-hunden\/\">L\u00e4s mer &nbsp; ><\/a>\n\t\t\t\t\t\t\t\t<\/div>\n\t\t\t\t\t\t\t<\/div>\n\t\t\t\t\t\t<\/div>\n\n\t\t\t\t\t\t\t\t\t\t\t<div class=\"col-sm-6 col-md-6 col-lg-3\">\n\t\t\t\t\t\t\t\t\t\t\t\t\t\t<div class=\"card \">\n\t\t\t\t\t\t\t\t\t\t\t\t\t\t\t\t\t<img decoding=\"async\"  src=\"https:\/\/bozita.com\/se\/wp-content\/uploads\/sites\/5\/2021\/07\/bozita-ta-med-hunden-till-fjallen.jpeg\" alt=\"\">\n\t\t\t\t\t\t\t\t\t\t\t\t\t\t\t\t\t<!-- <img decoding=\"async\" src=\"\n\t\t\t\t\t\t\t\t\t\t\t\t\t\t\t\t\t\t\t\t\" alt=\"\n\t\t\t\t\t\t\t\t\t\t\t\t\t\t\t\t\t\t\t\t\t\t\t\t\t\t\t\"> -->\n\t\t\t\t\t\t\t\t<div class=\"card-body\">\n\t\t\t\t\t\t\t\t\t\t\t\t\t\t\t\t\t\t\t<h6>Semester med hund i fj\u00e4llen<\/h6>\n\t\t\t\t\t\t\t\t\t\t\t\t\t\t\t\t\t\t\t<a href=\"https:\/\/bozita.com\/se\/hund\/aktivera-hunden\/att-tanka-pa-nar-du-tar-med-hunden-pa-fjallsemester\/\">L\u00e4s mer &nbsp; ><\/a>\n\t\t\t\t\t\t\t\t<\/div>\n\t\t\t\t\t\t\t<\/div>\n\t\t\t\t\t\t<\/div>\n\n\t\t\t\t\t\t\t\t\t\t\t\t<\/div>\n\t\t<\/div>\n\t<\/section>\n","protected":false},"excerpt":{"rendered":"","protected":false},"author":1,"featured_media":3497,"parent":59,"menu_order":0,"comment_status":"closed","ping_status":"closed","template":"guternberg.php","meta":{"footnotes":""},"acf":[],"yoast_head":"<!-- This site is optimized with the Yoast SEO plugin v21.3 - https:\/\/yoast.com\/wordpress\/plugins\/seo\/ -->\n<title>Att b\u00e4ra valpen i ryggs\u00e4ck p\u00e5 din hundvandring | Bozita<\/title>\n<meta name=\"description\" content=\"Tips vid promenader med din valp. Ska du g\u00e5 lite l\u00e4ngre \u00e4r det bra att ha med en ryggs\u00e4ck p\u00e5 din hundvandring s\u00e5 du kan b\u00e4ra valpen eller den lilla hunden.\" \/>\n<meta name=\"robots\" content=\"index, follow, max-snippet:-1, max-image-preview:large, max-video-preview:-1\" \/>\n<link rel=\"canonical\" href=\"https:\/\/bozita.com\/se\/hund\/hundens-halsa\/skjutsa-valpen-i-ryggsacken\/\" \/>\n<meta property=\"og:locale\" content=\"sv_SE\" \/>\n<meta property=\"og:type\" content=\"article\" \/>\n<meta property=\"og:title\" content=\"Att b\u00e4ra valpen i ryggs\u00e4ck p\u00e5 din hundvandring | Bozita\" \/>\n<meta property=\"og:description\" content=\"Tips vid promenader med din valp. Ska du g\u00e5 lite l\u00e4ngre \u00e4r det bra att ha med en ryggs\u00e4ck p\u00e5 din hundvandring s\u00e5 du kan b\u00e4ra valpen eller den lilla hunden.\" \/>\n<meta property=\"og:url\" content=\"https:\/\/bozita.com\/se\/hund\/hundens-halsa\/skjutsa-valpen-i-ryggsacken\/\" \/>\n<meta property=\"og:site_name\" content=\"Bozita Sverige\" \/>\n<meta property=\"article:modified_time\" content=\"2021-08-25T07:50:41+00:00\" \/>\n<meta property=\"og:image\" content=\"https:\/\/bozita.com\/se\/wp-content\/uploads\/sites\/5\/2021\/08\/bozita_swedish-natural-quality.jpg\" \/>\n\t<meta property=\"og:image:width\" content=\"800\" \/>\n\t<meta property=\"og:image:height\" content=\"533\" \/>\n\t<meta property=\"og:image:type\" content=\"image\/jpeg\" \/>\n<meta name=\"twitter:card\" content=\"summary_large_image\" \/>\n<!-- \/ Yoast SEO plugin. -->","yoast_head_json":{"title":"Att b\u00e4ra valpen i ryggs\u00e4ck p\u00e5 din hundvandring | Bozita","description":"Tips vid promenader med din valp. Ska du g\u00e5 lite l\u00e4ngre \u00e4r det bra att ha med en ryggs\u00e4ck p\u00e5 din hundvandring s\u00e5 du kan b\u00e4ra valpen eller den lilla hunden.","robots":{"index":"index","follow":"follow","max-snippet":"max-snippet:-1","max-image-preview":"max-image-preview:large","max-video-preview":"max-video-preview:-1"},"canonical":"https:\/\/bozita.com\/se\/hund\/hundens-halsa\/skjutsa-valpen-i-ryggsacken\/","og_locale":"sv_SE","og_type":"article","og_title":"Att b\u00e4ra valpen i ryggs\u00e4ck p\u00e5 din hundvandring | Bozita","og_description":"Tips vid promenader med din valp. Ska du g\u00e5 lite l\u00e4ngre \u00e4r det bra att ha med en ryggs\u00e4ck p\u00e5 din hundvandring s\u00e5 du kan b\u00e4ra valpen eller den lilla hunden.","og_url":"https:\/\/bozita.com\/se\/hund\/hundens-halsa\/skjutsa-valpen-i-ryggsacken\/","og_site_name":"Bozita Sverige","article_modified_time":"2021-08-25T07:50:41+00:00","og_image":[{"width":800,"height":533,"url":"https:\/\/bozita.com\/se\/wp-content\/uploads\/sites\/5\/2021\/08\/bozita_swedish-natural-quality.jpg","type":"image\/jpeg"}],"twitter_card":"summary_large_image","schema":{"@context":"https:\/\/schema.org","@graph":[{"@type":"WebPage","@id":"https:\/\/bozita.com\/se\/hund\/hundens-halsa\/skjutsa-valpen-i-ryggsacken\/","url":"https:\/\/bozita.com\/se\/hund\/hundens-halsa\/skjutsa-valpen-i-ryggsacken\/","name":"Att b\u00e4ra valpen i ryggs\u00e4ck p\u00e5 din hundvandring | Bozita","isPartOf":{"@id":"https:\/\/bozita.com\/se\/#website"},"datePublished":"2021-06-20T19:42:57+00:00","dateModified":"2021-08-25T07:50:41+00:00","description":"Tips vid promenader med din valp. Ska du g\u00e5 lite l\u00e4ngre \u00e4r det bra att ha med en ryggs\u00e4ck p\u00e5 din hundvandring s\u00e5 du kan b\u00e4ra valpen eller den lilla hunden.","breadcrumb":{"@id":"https:\/\/bozita.com\/se\/hund\/hundens-halsa\/skjutsa-valpen-i-ryggsacken\/#breadcrumb"},"inLanguage":"sv-SE","potentialAction":[{"@type":"ReadAction","target":["https:\/\/bozita.com\/se\/hund\/hundens-halsa\/skjutsa-valpen-i-ryggsacken\/"]}]},{"@type":"BreadcrumbList","@id":"https:\/\/bozita.com\/se\/hund\/hundens-halsa\/skjutsa-valpen-i-ryggsacken\/#breadcrumb","itemListElement":[{"@type":"ListItem","position":1,"name":"Home","item":"https:\/\/bozita.com\/se\/"},{"@type":"ListItem","position":2,"name":"Livet med hund","item":"https:\/\/bozita.com\/se\/hund\/"},{"@type":"ListItem","position":3,"name":"Hundens h\u00e4lsa","item":"https:\/\/bozita.com\/se\/hund\/hundens-halsa\/"},{"@type":"ListItem","position":4,"name":"Ryggs\u00e4ck f\u00f6r hunden under vandringen"}]},{"@type":"WebSite","@id":"https:\/\/bozita.com\/se\/#website","url":"https:\/\/bozita.com\/se\/","name":"Bozita Sverige","description":"","potentialAction":[{"@type":"SearchAction","target":{"@type":"EntryPoint","urlTemplate":"https:\/\/bozita.com\/se\/?s={search_term_string}"},"query-input":"required name=search_term_string"}],"inLanguage":"sv-SE"}]}},"_links":{"self":[{"href":"https:\/\/bozita.com\/se\/wp-json\/wp\/v2\/pages\/1303"}],"collection":[{"href":"https:\/\/bozita.com\/se\/wp-json\/wp\/v2\/pages"}],"about":[{"href":"https:\/\/bozita.com\/se\/wp-json\/wp\/v2\/types\/page"}],"author":[{"embeddable":true,"href":"https:\/\/bozita.com\/se\/wp-json\/wp\/v2\/users\/1"}],"replies":[{"embeddable":true,"href":"https:\/\/bozita.com\/se\/wp-json\/wp\/v2\/comments?post=1303"}],"version-history":[{"count":12,"href":"https:\/\/bozita.com\/se\/wp-json\/wp\/v2\/pages\/1303\/revisions"}],"predecessor-version":[{"id":6293,"href":"https:\/\/bozita.com\/se\/wp-json\/wp\/v2\/pages\/1303\/revisions\/6293"}],"up":[{"embeddable":true,"href":"https:\/\/bozita.com\/se\/wp-json\/wp\/v2\/pages\/59"}],"wp:featuredmedia":[{"embeddable":true,"href":"https:\/\/bozita.com\/se\/wp-json\/wp\/v2\/media\/3497"}],"wp:attachment":[{"href":"https:\/\/bozita.com\/se\/wp-json\/wp\/v2\/media?parent=1303"}],"curies":[{"name":"wp","href":"https:\/\/api.w.org\/{rel}","templated":true}]}}