{"id":1353,"date":"2021-06-20T20:10:48","date_gmt":"2021-06-20T20:10:48","guid":{"rendered":"https:\/\/bozita.com\/se\/?page_id=1353"},"modified":"2021-08-26T13:29:36","modified_gmt":"2021-08-26T13:29:36","slug":"miljotrana-hund","status":"publish","type":"page","link":"https:\/\/bozita.com\/se\/hund\/hundens-utveckling\/miljotrana-hund\/","title":{"rendered":"Socialisera valpen &#8211; milj\u00f6tr\u00e4na din hund"},"content":{"rendered":"\t\t<section class=\"small-hero\">\n\t\t\t<div class=\"container\">\n\t\t\t\t<h1 class=\"small-hero-title\">Socialisera valpen &#8211; milj\u00f6tr\u00e4na din hund<\/h1>\t\t\t<\/div>\n\t\t\t<\/div>\n\t\t<\/section>\n\t\n\n\t<div class=\"text-box-warp\">\n\t\t<div class=\"container\">\n\t\t\t<div class=\"text-content\">\n\t\t\t\t<p>N\u00e4r och hur ska du b\u00f6rja socialisera din valp och milj\u00f6tr\u00e4na din hund? I tidig \u00e5lder \u00e4r hundvalpar extremt mottagliga f\u00f6r social stimuli vilket g\u00f6r det till en perfekt tid f\u00f6r milj\u00f6tr\u00e4ning, det vill s\u00e4ga att v\u00e4nja valpen vid v\u00e4rlden omkring oss. N\u00e4r du milj\u00f6tr\u00e4nar din valp l\u00e4gger du grunden f\u00f6r att forma en harmonisk vuxen hund som fungerar bra i olika milj\u00f6er och med olika m\u00e4nniskor. Bozita har satt ihop en praktisk \u201cchecklista\u201d \u00f6ver n\u00e5gra vanliga f\u00f6reteelser som det \u00e4r bra att uts\u00e4tta en valp f\u00f6r under socialiseringen och milj\u00f6tr\u00e4ningen.<\/p>\n<h2>VALPTR\u00c4NING &#8211; MILJ\u00d6TR\u00c4NING HOS UPPF\u00d6DAREN<\/h2>\n<p>Forskning visar att det valpen upplever under den s\u00e5 kallade socialiseringsperioden (den tid d\u00e5 valpen \u00e4r som mest mottaglig f\u00f6r social stimuli) starkt p\u00e5verkar dess \u00f6vriga utveckling. Uppf\u00f6daren har d\u00e4rf\u00f6r ett stort ansvar att socialisera valpen och inleda milj\u00f6tr\u00e4ningen p\u00e5 ett bra s\u00e4tt genom att l\u00e5ta valpen vara en del av vardagslivet med allt vad det inneb\u00e4r.<\/p>\n<p>Fr\u00e5n 5\u20136 veckors \u00e5lder ska kontakten med m\u00e4nniskor \u00f6kas successivt. Kel, lek och hantering \u00e4r viktiga inslag i socialisering av valpen och b\u00f6r ske \u00e4ven p\u00e5 egen hand, utan st\u00f6d av kullsyskonen. Valpar som har bristande kontakt med m\u00e4nniskor blir ofta sv\u00e5rare att handskas med och att dressera med n\u00e5gon st\u00f6rre framg\u00e5ng.<\/p>\n<p>N\u00e4r valpen vid 8\u20139 veckors \u00e5lder flyttar till sitt nya hem \u00e4r det dags f\u00f6r den nya \u00e4garen att ta \u00f6ver och forts\u00e4tta arbetet med att socialisera och milj\u00f6tr\u00e4na valpen som uppf\u00f6daren p\u00e5b\u00f6rjat. Perioden mellan 8\u201312 veckor \u00e4r en bra inl\u00e4rningsperiod d\u00e5 upplevelser allt oftare blir till best\u00e5ende minnesbilder. Det \u00e4r ocks\u00e5 en viktig period ur social synvinkel. Det \u00e4r nu grunden f\u00f6r hundens framtida mentalitet l\u00e4ggs.<\/p>\n<h2>SOCIALISERA DIN VALP MED EN MILJ\u00d6TR\u00c4NINGSPLAN<\/h2>\n<p>Arbetet med att milj\u00f6tr\u00e4na och socialisera en hundvalp beh\u00f6ver inte vara s\u00e4rskilt komplicerat. Om hunden f\u00e5r f\u00f6lja med matte\/husse i alla m\u00f6jliga situationer kommer det mesta ganska naturligt. Men s\u00e4tt g\u00e4rna ihop en \u201cmilj\u00f6tr\u00e4ningsplan\u201d, en slags checklista \u00f6ver vad du ska exponera din valp f\u00f6r. Du beh\u00f6ver inte f\u00f6lja den slaviskt och om du skulle missa n\u00e5gonting \u00e4r det aldrig f\u00f6r sent att v\u00e4nja och milj\u00f6tr\u00e4na hunden senare i livet. Hunden \u00e4r formbar hela sitt liv. Det kr\u00e4ver bara lite mer tid och t\u00e5lamod och det kan vara sv\u00e5rt att l\u00e4ra bort beteenden som den haft i flera \u00e5r.<\/p>\n<p>Anpassa milj\u00f6tr\u00e4ningen efter din och hundens livssituation. Om ni bor p\u00e5 landet fokuserar du p\u00e5 att f\u00f6rst och fr\u00e4mst v\u00e4nja den vid s\u00e5dant som ni kommer tr\u00e4ffa p\u00e5 d\u00e4r, och tv\u00e4rtom om ni bor i stan.<\/p>\n<h3>CHECKLISTA VID SOCIALISERING OCH MILJ\u00d6TR\u00c4NING AV VALP OCH HUND<\/h3>\n<p>H\u00e4r \u00e4r 11 punkter som \u00e4r bra att ha med i milj\u00f6tr\u00e4ningsplanen f\u00f6r din hund. Ju fler saker du v\u00e4njer din hund vid nu, desto l\u00e4ttare kommer den ha att hantera nya f\u00f6reteelser resten av livet.<\/p>\n<ol>\n<li><strong>Uts\u00e4tt hunden vid olika ljud i hemmet<\/strong><br \/>\nTassa inte runt p\u00e5 t\u00e5 i hemmet f\u00f6r att inte st\u00f6ra valpen utan l\u00e5t livet rulla p\u00e5 som vanligt. V\u00e4nj valpen vid TV, dammsugare, gr\u00e4sklippare, h\u00e5rf\u00f6n, telefonen, d\u00f6rrklockan, slammer med kastruller och allt annat som l\u00e5ter i ett hem.<\/li>\n<li><strong>L\u00e5t hunden tr\u00e4ffa olika m\u00e4nniskor<\/strong><br \/>\nDin hund beh\u00f6ver vara ok med att umg\u00e5s med och hanteras av andra m\u00e4nniskor \u00e4n du (klappa, ta i, lyfta, peta i munnen, titta i \u00f6ronen och s\u00e5 vidare). Inte minst \u00e4r det n\u00f6dv\u00e4ndigt n\u00e4r du ska bes\u00f6ka veterin\u00e4ren. Det kan ocks\u00e5 uppst\u00e5 situationer n\u00e4r du m\u00e5ste f\u00f6rlita dig p\u00e5 att andra m\u00e4nniskor kan ta hand om din hund, till exempel om du skulle bli sjuk\/skada dig eller vara tvungen att resa bort en l\u00e4ngre tid.<\/p>\n<p>Valpen beh\u00f6ver ocks\u00e5 v\u00e4nja sig vi m\u00e4nniskor som ser ut och r\u00f6r sig p\u00e5 annorlunda s\u00e4tt, till exempel personer i rullstol, cyklister, inlines\u00e5kare och s\u00e5 vidare.<\/li>\n<li><strong>V\u00e4nj hunden vid barn<\/strong><br \/>\nBarn l\u00e5ter mer \u00e4n vuxna m\u00e4nniskor och de r\u00f6r sig annorlunda. Om du inte har barn i din n\u00e4rhet kan du promenera f\u00f6rbi en skola och l\u00e5ta barnen d\u00e4r komma fram och klappa valpen, n\u00e5gra i taget.<\/p>\n<p>L\u00e4mna aldrig sm\u00e5 barn ensamma med en hund!<\/li>\n<li><strong>Hundm\u00f6ten &#8211; l\u00e5t hunden tr\u00e4ffa andra hundar<\/strong><br \/>\nValpen m\u00e5ste l\u00e4ra sig hundspr\u00e5ket och det \u00e4r vi m\u00e4nniskor \u2013 av f\u00f6rklarliga sk\u00e4l \u2013 d\u00e5liga p\u00e5 att l\u00e4ra ut. Ju fler v\u00e4nliga hundar \u2013 stora som sm\u00e5 \u2013 den tr\u00e4ffar som liten, desto b\u00e4ttre f\u00f6rtroende f\u00e5r den f\u00f6r ok\u00e4nda hundar. L\u00e5t g\u00e4rna valpen leka lite med en annan \u00e4ldre hund om den \u00e4r v\u00e4nlig.<\/p>\n<p>Brist p\u00e5 kontakt med andra hundar efter \u00e5tta veckor har visat sig f\u00f6rs\u00e4mra hundens spr\u00e5k. V\u00e4nta d\u00e4rf\u00f6r inte tills efter 12-veckorsvaccineringen. Valpen har antikroppar kvar fr\u00e5n tiken som redan har f\u00e5tt vaccinet och risken \u00e4r mycket liten att den blir smittad om den \u00e4ldre hunden har fullgoda vacciner. Nyttan med socialisering \u00e4r mycket st\u00f6rre \u00e4n risken f\u00f6r smitta.<\/li>\n<li><strong>L\u00e5t hunden g\u00e5 p\u00e5 olika underlag<\/strong><br \/>\nL\u00e5t valpen r\u00f6ra sig p\u00e5 gr\u00e4s, grus, asfalt, sn\u00f6, tr\u00e4golv, mattor, sten, sand, vatten och s\u00e5 vidare. D\u00e5 blir olika underlag ingen stor grej och den kan r\u00f6ra sig obehindrat i olika milj\u00f6er.<\/li>\n<li><strong>\u00c5k bil, buss, t\u00e5g och b\u00e5t med hunden<\/strong><br \/>\nJu fler transportmedel du v\u00e4njer din hund vid, desto st\u00f6rre r\u00f6relsefrihet har ni.<\/p>\n<p>B\u00f6rja alltid med korta turer, kanske bara 5 minuter, och se g\u00e4rna till att det h\u00e4nder n\u00e5got kul i andra \u00e4nden, till exempel en skogspromenad. D\u00e5 associerar valpen att \u00e5ka bil\/buss\/t\u00e5g\/b\u00e5t med sp\u00e4nnande \u00e4ventyr. G\u00f6r turerna l\u00e4ngre efter hand.<\/p>\n<p>Kom ih\u00e5g att hunden alltid ska vara fastsp\u00e4nd i sele eller sitta i en bur vid bilf\u00e4rd. I Sverige \u00e4r det olagligt att ha hunden l\u00f6s i bilen.<\/li>\n<li><strong>Ta med hunden i folksamlingar<\/strong><br \/>\nFolksamlingar f\u00f6rekommer ofta i vardagen, oavsett var man bor, och de inneb\u00e4r m\u00e5nga ljud- och doftintryck f\u00f6r en hund. Dessutom ser de mest bara m\u00e4nniskoben. V\u00e4nj l\u00e5ngsamt hunden vid att det kan bli tr\u00e5ngt ibland. En liten hund kan vara bra att b\u00e4ra d\u00e5 det har h\u00e4nt att hundar blivit nedtrampade i folksamlingar.<\/li>\n<li><strong>Promenera med hunden \u00f6ver broar och genom tunnlar<\/strong><br \/>\nPromenera \u00f6ver broar och genom tunnlar f\u00f6r att v\u00e4nja valpen vid att det r\u00f6r sig trafik under och \u00f6ver den. I tunnlar \u00e4r det dessutom m\u00f6rkt och ljudet f\u00f6rvr\u00e4ngs p\u00e5 ett konstigt s\u00e4tt.<\/li>\n<li><strong>G\u00e5 med hunden i trappor och \u00e5k hiss<\/strong><br \/>\nTr\u00e4na p\u00e5 att g\u00e5 upp och ner f\u00f6r trappor men g\u00f6r det i lagom utstr\u00e4ckning. Den konstiga belastningen frestar p\u00e5 hundens leder och muskler som inte \u00e4r fullt utvecklade. Undvik g\u00e4rna rulltrappor om hunden inte \u00e4r s\u00e5 liten att du kan b\u00e4ra den. Det \u00e4r l\u00e4tt att svansen eller en tass kommer i kl\u00e4m.<\/p>\n<p>\u00d6va g\u00e4rna ocks\u00e5 p\u00e5 att \u00e5ka hiss s\u00e5 att det inte blir en (obehaglig) \u00f6verraskning senare i livet.<\/li>\n<li><strong>Uts\u00e4tt hunden f\u00f6r landsbygd och stadsmilj\u00f6<\/strong><br \/>\nByt milj\u00f6 med j\u00e4mna mellanrum! Ta med dig hunden till landet\/stan (beroende p\u00e5 var du bor) och introducera valpen f\u00f6r s\u00e5dant som f\u00f6rekommer d\u00e4r, till exempel andra djur, m\u00e4nniskor som ropar, stora fordon och maskiner, byggen\/v\u00e4garbeten och s\u00e5 vidare.<\/li>\n<li><strong>V\u00e4nj hunden vid extra h\u00f6ga, pl\u00f6tsliga ljud<\/strong><br \/>\nAtt v\u00e4nja en hund vid h\u00f6ga och pl\u00f6tsliga ljud som \u00e5ska, skott och fyrverkerier tar tid och m\u00e5ste g\u00f6ras gradvis. Det finns s\u00e4rskilda appar och cd-skivor med olika ljud som du kan anv\u00e4nda dig. B\u00f6rja med mycket l\u00e5g volym och h\u00f6j allt eftersom hunden v\u00e4njer sig.<\/li>\n<\/ol>\n<h2>MILJ\u00d6TR\u00c4NA HUNDEN I HUNDENS TEMPO<\/h2>\n<p>Det absolut viktigaste n\u00e4r du ska socialisera din valp och milj\u00f6tr\u00e4na din hund \u00e4r att beh\u00e5lla r\u00e4tt sinnesst\u00e4mning och att l\u00e5ta alla introduktioner ske p\u00e5 ett lugnt och trivsamt s\u00e4tt. Ge valpen tid att v\u00e4nja sig vid nya f\u00f6reteelser i ett tempo som funkar f\u00f6r den och se till att den alltid har en utv\u00e4g om det skulle bli f\u00f6r mycket. Den f\u00e5r aldrig k\u00e4nna sig tr\u00e4ngd eller hotad. D\u00e5 \u00e4r det b\u00e4ttre att backa och f\u00f6rs\u00f6ka igen vid ett senare tillf\u00e4lle. Om valpen under den h\u00e4r perioden blir utsatt f\u00f6r starka sinnesintryck som skr\u00e4mmer den kan den bli chockad och p\u00e5verkad f\u00f6r resten av livet.<\/p>\n<p>Som husse\/matte ska du hela tiden f\u00f6rs\u00f6ka att upptr\u00e4da lugnt och beh\u00e4rskat under milj\u00f6tr\u00e4ningen och socialiseringen av din valp. N\u00e4r n\u00e5got of\u00f6rutsett h\u00e4nder s\u00f6ker hundar kontakt med sin ledare och om du hetsar upp dig eller blir r\u00e4dd kommer du att smitta av dig p\u00e5 hunden s\u00e5 att \u00e4ven den blir r\u00e4dd och orolig. Du ska st\u00e5 f\u00f6r trygghet och signalera att det inte finns n\u00e5gon fara.<\/p>\n\t\t\t<\/div>\n\t\t<\/div>\n\t<\/div>\n\n\n\n\t<section class=\"block related-articles\">\n\t\t<div class=\"container\">\n\t\t\t<h2>Relaterade artiklar<\/h2>\n\t\t\t<div class=\"row justify-content-center\">\n\t\t\t\t\t\t\t\t\t\t<div class=\"col-sm-6 col-md-6 col-lg-3\">\n\t\t\t\t\t\t\t\t\t\t\t\t\t\t<div class=\"card \">\n\t\t\t\t\t\t\t\t\t\t\t\t\t\t\t\t\t<img decoding=\"async\"  src=\"https:\/\/bozita.com\/se\/wp-content\/uploads\/sites\/5\/2021\/06\/bozita-smakgaranti-hundmat-kattmat.jpeg\" alt=\"\">\n\t\t\t\t\t\t\t\t\t\t\t\t\t\t\t\t\t<!-- <img decoding=\"async\" src=\"\n\t\t\t\t\t\t\t\t\t\t\t\t\t\t\t\t\t\t\t\t\" alt=\"\n\t\t\t\t\t\t\t\t\t\t\t\t\t\t\t\t\t\t\t\t\t\t\t\t\t\t\t\"> -->\n\t\t\t\t\t\t\t\t<div class=\"card-body\">\n\t\t\t\t\t\t\t\t\t\t\t\t\t\t\t\t\t\t\t<h6>Hundkurser och aktiviteter<\/h6>\n\t\t\t\t\t\t\t\t\t\t\t\t\t\t\t\t\t\t\t<a href=\"https:\/\/bozita.com\/se\/hund\/aktivera-hunden\/forbattra-samspelet-med-din-hund-med-hjalp-av-aktiviteter-och-kurser\/\">L\u00e4s mer &nbsp; ><\/a>\n\t\t\t\t\t\t\t\t<\/div>\n\t\t\t\t\t\t\t<\/div>\n\t\t\t\t\t\t<\/div>\n\n\t\t\t\t\t\t\t\t\t\t\t<div class=\"col-sm-6 col-md-6 col-lg-3\">\n\t\t\t\t\t\t\t\t\t\t\t\t\t\t<div class=\"card \">\n\t\t\t\t\t\t\t\t\t\t\t\t\t\t\t\t\t<img decoding=\"async\"  src=\"https:\/\/bozita.com\/se\/wp-content\/uploads\/sites\/5\/2021\/07\/bozita-hundvalp-spokalder-plotsliga-radslor.jpeg\" alt=\"\">\n\t\t\t\t\t\t\t\t\t\t\t\t\t\t\t\t\t<!-- <img decoding=\"async\" src=\"\n\t\t\t\t\t\t\t\t\t\t\t\t\t\t\t\t\t\t\t\t\" alt=\"\n\t\t\t\t\t\t\t\t\t\t\t\t\t\t\t\t\t\t\t\t\t\t\t\t\t\t\t\"> -->\n\t\t\t\t\t\t\t\t<div class=\"card-body\">\n\t\t\t\t\t\t\t\t\t\t\t\t\t\t\t\t\t\t\t<h6>Sp\u00f6k\u00e5lder hund &#8211; blir din hund pl\u00f6tsligt r\u00e4dd f\u00f6r allt?<\/h6>\n\t\t\t\t\t\t\t\t\t\t\t\t\t\t\t\t\t\t\t<a href=\"https:\/\/bozita.com\/se\/hund\/hundens-utveckling\/plotsliga-radslor-hundens-spokalder\/\">L\u00e4s mer &nbsp; ><\/a>\n\t\t\t\t\t\t\t\t<\/div>\n\t\t\t\t\t\t\t<\/div>\n\t\t\t\t\t\t<\/div>\n\n\t\t\t\t\t\t\t\t\t\t\t<div class=\"col-sm-6 col-md-6 col-lg-3\">\n\t\t\t\t\t\t\t\t\t\t\t\t\t\t<div class=\"card \">\n\t\t\t\t\t\t\t\t\t\t\t\t\t\t\t\t\t<img decoding=\"async\"  src=\"https:\/\/bozita.com\/se\/wp-content\/uploads\/sites\/5\/2021\/07\/bozita-hund-tonaring.jpeg\" alt=\"\">\n\t\t\t\t\t\t\t\t\t\t\t\t\t\t\t\t\t<!-- <img decoding=\"async\" src=\"\n\t\t\t\t\t\t\t\t\t\t\t\t\t\t\t\t\t\t\t\t\" alt=\"\n\t\t\t\t\t\t\t\t\t\t\t\t\t\t\t\t\t\t\t\t\t\t\t\t\t\t\t\"> -->\n\t\t\t\t\t\t\t\t<div class=\"card-body\">\n\t\t\t\t\t\t\t\t\t\t\t\t\t\t\t\t\t\t\t<h6>Slyngel\u00e5ldern hund &#8211; tips f\u00f6r hundens ton\u00e5rsperiod<\/h6>\n\t\t\t\t\t\t\t\t\t\t\t\t\t\t\t\t\t\t\t<a href=\"https:\/\/bozita.com\/se\/hund\/hundens-utveckling\/hund-tonaring\/\">L\u00e4s mer &nbsp; ><\/a>\n\t\t\t\t\t\t\t\t<\/div>\n\t\t\t\t\t\t\t<\/div>\n\t\t\t\t\t\t<\/div>\n\n\t\t\t\t\t\t\t\t\t\t\t\t<\/div>\n\t\t<\/div>\n\t<\/section>\n","protected":false},"excerpt":{"rendered":"","protected":false},"author":1,"featured_media":3310,"parent":57,"menu_order":0,"comment_status":"closed","ping_status":"closed","template":"guternberg.php","meta":{"footnotes":""},"acf":[],"yoast_head":"<!-- This site is optimized with the Yoast SEO plugin v21.3 - https:\/\/yoast.com\/wordpress\/plugins\/seo\/ -->\n<title>Socialisera valpen - milj\u00f6tr\u00e4na din hund. Checklista | Bozita<\/title>\n<meta name=\"description\" content=\"Milj\u00f6tr\u00e4na och socialisera din valp. L\u00e5t din valp tr\u00e4ffa andra hundar och v\u00e4nj den vid hundm\u00f6ten. F\u00f6lj v\u00e5r praktiska checklista f\u00f6r att milj\u00f6tr\u00e4na din hund.\" \/>\n<meta name=\"robots\" content=\"index, follow, max-snippet:-1, max-image-preview:large, max-video-preview:-1\" \/>\n<link rel=\"canonical\" href=\"https:\/\/bozita.com\/se\/hund\/hundens-utveckling\/miljotrana-hund\/\" \/>\n<meta property=\"og:locale\" content=\"sv_SE\" \/>\n<meta property=\"og:type\" content=\"article\" \/>\n<meta property=\"og:title\" content=\"Socialisera valpen - milj\u00f6tr\u00e4na din hund. Checklista | Bozita\" \/>\n<meta property=\"og:description\" content=\"Milj\u00f6tr\u00e4na och socialisera din valp. L\u00e5t din valp tr\u00e4ffa andra hundar och v\u00e4nj den vid hundm\u00f6ten. F\u00f6lj v\u00e5r praktiska checklista f\u00f6r att milj\u00f6tr\u00e4na din hund.\" \/>\n<meta property=\"og:url\" content=\"https:\/\/bozita.com\/se\/hund\/hundens-utveckling\/miljotrana-hund\/\" \/>\n<meta property=\"og:site_name\" content=\"Bozita Sverige\" \/>\n<meta property=\"article:modified_time\" content=\"2021-08-26T13:29:36+00:00\" \/>\n<meta property=\"og:image\" content=\"https:\/\/bozita.com\/se\/wp-content\/uploads\/sites\/5\/2021\/07\/bozita-hundvalp-miljotraning-socialisering.jpeg\" \/>\n\t<meta property=\"og:image:width\" content=\"800\" \/>\n\t<meta property=\"og:image:height\" content=\"533\" \/>\n\t<meta property=\"og:image:type\" content=\"image\/jpeg\" \/>\n<meta name=\"twitter:card\" content=\"summary_large_image\" \/>\n<!-- \/ Yoast SEO plugin. -->","yoast_head_json":{"title":"Socialisera valpen - milj\u00f6tr\u00e4na din hund. Checklista | Bozita","description":"Milj\u00f6tr\u00e4na och socialisera din valp. L\u00e5t din valp tr\u00e4ffa andra hundar och v\u00e4nj den vid hundm\u00f6ten. F\u00f6lj v\u00e5r praktiska checklista f\u00f6r att milj\u00f6tr\u00e4na din hund.","robots":{"index":"index","follow":"follow","max-snippet":"max-snippet:-1","max-image-preview":"max-image-preview:large","max-video-preview":"max-video-preview:-1"},"canonical":"https:\/\/bozita.com\/se\/hund\/hundens-utveckling\/miljotrana-hund\/","og_locale":"sv_SE","og_type":"article","og_title":"Socialisera valpen - milj\u00f6tr\u00e4na din hund. Checklista | Bozita","og_description":"Milj\u00f6tr\u00e4na och socialisera din valp. L\u00e5t din valp tr\u00e4ffa andra hundar och v\u00e4nj den vid hundm\u00f6ten. F\u00f6lj v\u00e5r praktiska checklista f\u00f6r att milj\u00f6tr\u00e4na din hund.","og_url":"https:\/\/bozita.com\/se\/hund\/hundens-utveckling\/miljotrana-hund\/","og_site_name":"Bozita Sverige","article_modified_time":"2021-08-26T13:29:36+00:00","og_image":[{"width":800,"height":533,"url":"https:\/\/bozita.com\/se\/wp-content\/uploads\/sites\/5\/2021\/07\/bozita-hundvalp-miljotraning-socialisering.jpeg","type":"image\/jpeg"}],"twitter_card":"summary_large_image","schema":{"@context":"https:\/\/schema.org","@graph":[{"@type":"WebPage","@id":"https:\/\/bozita.com\/se\/hund\/hundens-utveckling\/miljotrana-hund\/","url":"https:\/\/bozita.com\/se\/hund\/hundens-utveckling\/miljotrana-hund\/","name":"Socialisera valpen - milj\u00f6tr\u00e4na din hund. Checklista | Bozita","isPartOf":{"@id":"https:\/\/bozita.com\/se\/#website"},"datePublished":"2021-06-20T20:10:48+00:00","dateModified":"2021-08-26T13:29:36+00:00","description":"Milj\u00f6tr\u00e4na och socialisera din valp. L\u00e5t din valp tr\u00e4ffa andra hundar och v\u00e4nj den vid hundm\u00f6ten. F\u00f6lj v\u00e5r praktiska checklista f\u00f6r att milj\u00f6tr\u00e4na din hund.","breadcrumb":{"@id":"https:\/\/bozita.com\/se\/hund\/hundens-utveckling\/miljotrana-hund\/#breadcrumb"},"inLanguage":"sv-SE","potentialAction":[{"@type":"ReadAction","target":["https:\/\/bozita.com\/se\/hund\/hundens-utveckling\/miljotrana-hund\/"]}]},{"@type":"BreadcrumbList","@id":"https:\/\/bozita.com\/se\/hund\/hundens-utveckling\/miljotrana-hund\/#breadcrumb","itemListElement":[{"@type":"ListItem","position":1,"name":"Home","item":"https:\/\/bozita.com\/se\/"},{"@type":"ListItem","position":2,"name":"Livet med hund","item":"https:\/\/bozita.com\/se\/hund\/"},{"@type":"ListItem","position":3,"name":"Hundens utveckling","item":"https:\/\/bozita.com\/se\/hund\/hundens-utveckling\/"},{"@type":"ListItem","position":4,"name":"Socialisera valpen &#8211; milj\u00f6tr\u00e4na din hund"}]},{"@type":"WebSite","@id":"https:\/\/bozita.com\/se\/#website","url":"https:\/\/bozita.com\/se\/","name":"Bozita Sverige","description":"","potentialAction":[{"@type":"SearchAction","target":{"@type":"EntryPoint","urlTemplate":"https:\/\/bozita.com\/se\/?s={search_term_string}"},"query-input":"required name=search_term_string"}],"inLanguage":"sv-SE"}]}},"_links":{"self":[{"href":"https:\/\/bozita.com\/se\/wp-json\/wp\/v2\/pages\/1353"}],"collection":[{"href":"https:\/\/bozita.com\/se\/wp-json\/wp\/v2\/pages"}],"about":[{"href":"https:\/\/bozita.com\/se\/wp-json\/wp\/v2\/types\/page"}],"author":[{"embeddable":true,"href":"https:\/\/bozita.com\/se\/wp-json\/wp\/v2\/users\/1"}],"replies":[{"embeddable":true,"href":"https:\/\/bozita.com\/se\/wp-json\/wp\/v2\/comments?post=1353"}],"version-history":[{"count":9,"href":"https:\/\/bozita.com\/se\/wp-json\/wp\/v2\/pages\/1353\/revisions"}],"predecessor-version":[{"id":4008,"href":"https:\/\/bozita.com\/se\/wp-json\/wp\/v2\/pages\/1353\/revisions\/4008"}],"up":[{"embeddable":true,"href":"https:\/\/bozita.com\/se\/wp-json\/wp\/v2\/pages\/57"}],"wp:featuredmedia":[{"embeddable":true,"href":"https:\/\/bozita.com\/se\/wp-json\/wp\/v2\/media\/3310"}],"wp:attachment":[{"href":"https:\/\/bozita.com\/se\/wp-json\/wp\/v2\/media?parent=1353"}],"curies":[{"name":"wp","href":"https:\/\/api.w.org\/{rel}","templated":true}]}}