{"id":1362,"date":"2021-06-20T20:14:07","date_gmt":"2021-06-20T20:14:07","guid":{"rendered":"https:\/\/bozita.com\/se\/?page_id=1362"},"modified":"2022-11-18T08:27:27","modified_gmt":"2022-11-18T08:27:27","slug":"plotsliga-radslor-hundens-spokalder","status":"publish","type":"page","link":"https:\/\/bozita.com\/se\/hund\/hundens-utveckling\/plotsliga-radslor-hundens-spokalder\/","title":{"rendered":"Sp\u00f6k\u00e5lder hund &#8211; blir din hund pl\u00f6tsligt r\u00e4dd f\u00f6r allt?"},"content":{"rendered":"\t\t<section class=\"small-hero\">\n\t\t\t<div class=\"container\">\n\t\t\t\t<h1 class=\"small-hero-title\">Sp\u00f6k\u00e5lder hund &#8211; blir din hund pl\u00f6tsligt r\u00e4dd f\u00f6r allt?<\/h1>\t\t\t<\/div>\n\t\t\t<\/div>\n\t\t<\/section>\n\t\n\n\t<div class=\"text-box-warp\">\n\t\t<div class=\"container\">\n\t\t\t<div class=\"text-content\">\n\t\t\t\t<p>Om du n\u00e4r valpen \u00e4r runt 5 m\u00e5nader gammal upplever att den helt utan egentlig orsak pl\u00f6tsligt blir r\u00e4dd f\u00f6r saker som den tidigare varit helt ok med s\u00e5 beror det antagligen p\u00e5 att den kommit in i den s\u00e5 kallade sp\u00f6k\u00e5ldern. Sp\u00f6k\u00e5ldern hos hund intr\u00e4ffar samtidigt som hunden n\u00e4rmar sig ton\u00e5ren och k\u00f6nsmognaden, men varar inte lika l\u00e4nge. Med r\u00e4tt kunskaper kan du lotsa din hund genom sp\u00f6k\u00e5ldern utan att riskera kvarvarande problem i vuxen \u00e5lder.<\/p>\n<h2>N\u00c4R INTR\u00c4FFAR SP\u00d6K\u00c5LDERN HOS HUNDAR OCH VALPAR?<\/h2>\n<p>Sp\u00f6k\u00e5ldern hos hundar intr\u00e4ffar runt 5\u20137 m\u00e5naders \u00e5lder, i gr\u00e4nslandet mellan den juvenila perioden och hundens ton\u00e5rsperiod \u2013 samtidigt som k\u00f6nsmognaden. N\u00e4r k\u00f6nsmognaden hos hunden intr\u00e4ffar \u00e4r det lite allm\u00e4nt kaos i hj\u00e4rnan p\u00e5 grund av hormonp\u00e5slaget (halterna av bland annat hormonerna \u00f6strogen respektive testosteron \u00f6kar och fluktuerar) och hunden blir ofta mindre social och fientligt inst\u00e4lld mot fr\u00e4mmande hundar.<\/p>\n<p><strong>Vidare l\u00e4sning<\/strong><\/p>\n<ul>\n<li><a href=\"https:\/\/bozita.com\/se\/hund\/hundens-utveckling\/valpens-utveckling-fran-valp-till-vuxen-hund\/\">Hundens juvenila period<\/a><\/li>\n<li><a href=\"https:\/\/bozita.com\/se\/hund\/hundens-utveckling\/valpens-utveckling-fran-valp-till-vuxen-hund\/\">Hundens ton\u00e5rsperiod<\/a><\/li>\n<\/ul>\n<h2>HUNDEN BLIR PL\u00d6TSLIGT R\u00c4DD F\u00d6R ALLT<\/h2>\n<p>Under sp\u00f6k\u00e5ldern kan hunden helt pl\u00f6tsligt och of\u00f6rklarligt bli r\u00e4dd f\u00f6r saker och f\u00f6reteelser som den tidigare inte haft n\u00e5gra problem med, till exempel en soptunna eller ett fladdrande l\u00f6v. Andra hundar kan pl\u00f6tsligt uppfattas som ett hot mot flocken. Du kan ocks\u00e5 uppleva att den slutar att lyda dig och sl\u00e5r d\u00f6v\u00f6rat till n\u00e4r du f\u00f6rs\u00f6ker f\u00e5 den att lyssna.<\/p>\n<p>Det finns teorier som s\u00e4ger att sp\u00f6k\u00e5ldern hos hundar \u00e4r en rest fr\u00e5n n\u00e4r de levde vilda i flock. N\u00e4r k\u00f6nsmogna hanar b\u00f6rjade ge sig iv\u00e4g p\u00e5 utflykter utanf\u00f6r flocken p\u00e5 egen hand beh\u00f6vde de vara extra vaksamma mot faror och att det \u00e4r det m\u00f6nstret finns kvar hos dagens tamhundar.<\/p>\n<h2>UNDER SP\u00d6K\u00c5LDERN &#8211; BEM\u00d6T HUNDENS R\u00c4DSLOR P\u00c5 R\u00c4TT S\u00c4TT<\/h2>\n<p>Att k\u00e4nna till de olika faser som en hund g\u00e5r igenom p\u00e5 resan fr\u00e5n valp till vuxen hund \u00e4r viktigt f\u00f6r att det f\u00f6rklarar hundens beteenden och g\u00f6r det l\u00e4ttare att acceptera och njuta av alla faser. Men man f\u00e5r f\u00f6r den sakens skull inte tro att problembeteenden g\u00e5r \u00f6ver av sig sj\u00e4lva. Det \u00e4r viktigt att arbeta bort beteenden som inte \u00e4r \u00f6nskv\u00e4rda s\u00e5 att de inte blir ett st\u00f6rre bekymmer l\u00e4ngre fram i hundens liv. S\u00e5 h\u00e4r tacklar du problemen p\u00e5 r\u00e4tt s\u00e4tt.<\/p>\n<h3>VAR KONSEKVENT MED REGLER UNDER SP\u00d6K\u00c5LDERN<\/h3>\n<p>F\u00f6r att du och din hund ska ta er igenom sp\u00f6k\u00e5ldern utan kvarvarande problem i vuxen \u00e5lder \u00e4r det extra viktigt att du och \u00f6vriga familjemedlemmar \u00e4r konsekventa i ert beteende och med vilka regler som g\u00e4ller. Om kommandon inte fungerar l\u00e4ngre, backa bandet och g\u00e5 tillbaka till valptr\u00e4ningen och det ni l\u00e4rde er d\u00e4r.<\/p>\n<h3>FORTS\u00c4TT MILJ\u00d6TR\u00c4NA MED DIN HUND<\/h3>\n<p>Forts\u00e4tt ta med dig hunden \u00f6verallt s\u00e5 att den f\u00e5r \u00f6va p\u00e5 att vistas i olika milj\u00f6er.<\/p>\n<p><strong>Vidare l\u00e4sning<\/strong><\/p>\n<ul>\n<li><a title=\"Milj\u00f6tr\u00e4na med hundvalp\" href=\"https:\/\/bozita.com\/se\/hund\/hundens-utveckling\/miljotrana-hund\/\" >Praktisk checklista n\u00e4r du ska milj\u00f6tr\u00e4na och socialisera din valp<\/a><\/li>\n<\/ul>\n<h3>KONFRONTERA FAROR OCH \u00d6MKA INTE HUNDEN<\/h3>\n<p>Konfrontera skr\u00e4mmande saker genom att visa hunden att det inte \u00e4r farligt. Klappa p\u00e5 den farliga soptunnan och prata med den som om det vore den naturligaste saken i v\u00e4rlden. F\u00f6rst\u00e4rk inte hundens r\u00e4dsla f\u00f6r saker och f\u00f6reteelser genom att \u00f6mka eller lyfta upp den.<\/p>\n<p>Tvinga aldrig fram hunden till n\u00e5got som den upplever som skr\u00e4mmande. F\u00f6rs\u00f6k ist\u00e4llet \u00f6vertyga den genom att g\u00f6ra den nyfiken och l\u00e5t nyfikenheten ta \u00f6ver.<\/p>\n<p>N\u00e4r hunden skr\u00e4ms av n\u00e5gonting som du inte har n\u00e5gon kontroll \u00f6ver, till exempel en f\u00f6rbipasserande cyklist, f\u00f6rs\u00f6k avleda hundens uppm\u00e4rksamhet med hj\u00e4lp av en leksak eller lite godis.<\/p>\n<p>Om hunden inte \u00f6vervinner sin r\u00e4dsla med en g\u00e5ng, kom tillbaka till samma plats om och om igen tills det inte l\u00e4ngre \u00e4r n\u00e5gon stor sak. Bel\u00f6na n\u00e4r den \u00f6vervinner sin r\u00e4dsla.<\/p>\n<p>Och gl\u00f6m inte att ha kul tillsammans! Hitta aktiviteter som b\u00e5de hunden och du gillar.<\/p>\n<p><strong>Vidare l\u00e4sning<\/strong><\/p>\n<ul>\n<li><a title=\"F\u00f6rb\u00e4ttra samspelet med din hund med hj\u00e4lp av aktiviteter och kurser\" href=\"https:\/\/bozita.com\/se\/hund\/aktivera-hunden\/forbattra-samspelet-med-din-hund-med-hjalp-av-aktiviteter-och-kurser\/\" >F\u00f6rb\u00e4ttra samspelet med din hund med hj\u00e4lp av roliga aktiviteter<\/a><\/li>\n<\/ul>\n\t\t\t<\/div>\n\t\t<\/div>\n\t<\/div>\n\n\n\n\t<section class=\"block related-articles\">\n\t\t<div class=\"container\">\n\t\t\t<h2>Relaterade artiklar<\/h2>\n\t\t\t<div class=\"row justify-content-center\">\n\t\t\t\t\t\t\t\t\t\t<div class=\"col-sm-6 col-md-6 col-lg-3\">\n\t\t\t\t\t\t\t\t\t\t\t\t\t\t<div class=\"card \">\n\t\t\t\t\t\t\t\t\t\t\t\t\t\t\t\t\t<img decoding=\"async\"  src=\"https:\/\/bozita.com\/se\/wp-content\/uploads\/sites\/5\/2021\/07\/bozita-hundens-utveckling-stadier.jpeg\" alt=\"\">\n\t\t\t\t\t\t\t\t\t\t\t\t\t\t\t\t\t<!-- <img decoding=\"async\" src=\"\n\t\t\t\t\t\t\t\t\t\t\t\t\t\t\t\t\t\t\t\t\" alt=\"\n\t\t\t\t\t\t\t\t\t\t\t\t\t\t\t\t\t\t\t\t\t\t\t\t\t\t\t\"> -->\n\t\t\t\t\t\t\t\t<div class=\"card-body\">\n\t\t\t\t\t\t\t\t\t\t\t\t\t\t\t\t\t\t\t<h6>Valpens utveckling &#8211; fr\u00e5n valp till vuxen hund<\/h6>\n\t\t\t\t\t\t\t\t\t\t\t\t\t\t\t\t\t\t\t<a href=\"https:\/\/bozita.com\/se\/hund\/hundens-utveckling\/valpens-utveckling-fran-valp-till-vuxen-hund\/\">L\u00e4s mer &nbsp; ><\/a>\n\t\t\t\t\t\t\t\t<\/div>\n\t\t\t\t\t\t\t<\/div>\n\t\t\t\t\t\t<\/div>\n\n\t\t\t\t\t\t\t\t\t\t\t<div class=\"col-sm-6 col-md-6 col-lg-3\">\n\t\t\t\t\t\t\t\t\t\t\t\t\t\t<div class=\"card \">\n\t\t\t\t\t\t\t\t\t\t\t\t\t\t\t\t\t<img decoding=\"async\"  src=\"https:\/\/bozita.com\/se\/wp-content\/uploads\/sites\/5\/2021\/07\/bozita-hund-tonaring.jpeg\" alt=\"\">\n\t\t\t\t\t\t\t\t\t\t\t\t\t\t\t\t\t<!-- <img decoding=\"async\" src=\"\n\t\t\t\t\t\t\t\t\t\t\t\t\t\t\t\t\t\t\t\t\" alt=\"\n\t\t\t\t\t\t\t\t\t\t\t\t\t\t\t\t\t\t\t\t\t\t\t\t\t\t\t\"> -->\n\t\t\t\t\t\t\t\t<div class=\"card-body\">\n\t\t\t\t\t\t\t\t\t\t\t\t\t\t\t\t\t\t\t<h6>Slyngel\u00e5ldern hund &#8211; tips f\u00f6r hundens ton\u00e5rsperiod<\/h6>\n\t\t\t\t\t\t\t\t\t\t\t\t\t\t\t\t\t\t\t<a href=\"https:\/\/bozita.com\/se\/hund\/hundens-utveckling\/hund-tonaring\/\">L\u00e4s mer &nbsp; ><\/a>\n\t\t\t\t\t\t\t\t<\/div>\n\t\t\t\t\t\t\t<\/div>\n\t\t\t\t\t\t<\/div>\n\n\t\t\t\t\t\t\t\t\t\t\t<div class=\"col-sm-6 col-md-6 col-lg-3\">\n\t\t\t\t\t\t\t\t\t\t\t\t\t\t<div class=\"card \">\n\t\t\t\t\t\t\t\t\t\t\t\t\t\t\t\t\t<img decoding=\"async\"  src=\"https:\/\/bozita.com\/se\/wp-content\/uploads\/sites\/5\/2021\/07\/bozita-hundvalp-ensam-trana.jpeg\" alt=\"\">\n\t\t\t\t\t\t\t\t\t\t\t\t\t\t\t\t\t<!-- <img decoding=\"async\" src=\"\n\t\t\t\t\t\t\t\t\t\t\t\t\t\t\t\t\t\t\t\t\" alt=\"\n\t\t\t\t\t\t\t\t\t\t\t\t\t\t\t\t\t\t\t\t\t\t\t\t\t\t\t\"> -->\n\t\t\t\t\t\t\t\t<div class=\"card-body\">\n\t\t\t\t\t\t\t\t\t\t\t\t\t\t\t\t\t\t\t<h6>Ensamhetstr\u00e4ning valp &#8211; l\u00e4ra hunden vara ensam<\/h6>\n\t\t\t\t\t\t\t\t\t\t\t\t\t\t\t\t\t\t\t<a href=\"https:\/\/bozita.com\/se\/hund\/hundens-utveckling\/lara-hund-vara-ensam\/\">L\u00e4s mer &nbsp; ><\/a>\n\t\t\t\t\t\t\t\t<\/div>\n\t\t\t\t\t\t\t<\/div>\n\t\t\t\t\t\t<\/div>\n\n\t\t\t\t\t\t\t\t\t\t\t\t<\/div>\n\t\t<\/div>\n\t<\/section>\n","protected":false},"excerpt":{"rendered":"","protected":false},"author":1,"featured_media":3300,"parent":57,"menu_order":0,"comment_status":"closed","ping_status":"closed","template":"guternberg.php","meta":{"footnotes":""},"acf":[],"yoast_head":"<!-- This site is optimized with the Yoast SEO plugin v21.3 - https:\/\/yoast.com\/wordpress\/plugins\/seo\/ -->\n<title>Sp\u00f6k\u00e5lder hund, \u00e4r din hund pl\u00f6tsligt r\u00e4dd f\u00f6r allt? | Bozita<\/title>\n<meta name=\"description\" content=\"Sp\u00f6k\u00e5ldern kan vara f\u00f6rklaringen om din hund pl\u00f6tsligt blir r\u00e4dd f\u00f6r allt. Sp\u00f6k\u00e5ldern intr\u00e4ffar n\u00e4r valpen \u00e4r ca 5-7 m\u00e5nader gammal. L\u00e4s Bozitas r\u00e5d.\" \/>\n<meta name=\"robots\" content=\"index, follow, max-snippet:-1, max-image-preview:large, max-video-preview:-1\" \/>\n<link rel=\"canonical\" href=\"https:\/\/bozita.com\/se\/hund\/hundens-utveckling\/plotsliga-radslor-hundens-spokalder\/\" \/>\n<meta property=\"og:locale\" content=\"sv_SE\" \/>\n<meta property=\"og:type\" content=\"article\" \/>\n<meta property=\"og:title\" content=\"Sp\u00f6k\u00e5lder hund, \u00e4r din hund pl\u00f6tsligt r\u00e4dd f\u00f6r allt? | Bozita\" \/>\n<meta property=\"og:description\" content=\"Sp\u00f6k\u00e5ldern kan vara f\u00f6rklaringen om din hund pl\u00f6tsligt blir r\u00e4dd f\u00f6r allt. Sp\u00f6k\u00e5ldern intr\u00e4ffar n\u00e4r valpen \u00e4r ca 5-7 m\u00e5nader gammal. L\u00e4s Bozitas r\u00e5d.\" \/>\n<meta property=\"og:url\" content=\"https:\/\/bozita.com\/se\/hund\/hundens-utveckling\/plotsliga-radslor-hundens-spokalder\/\" \/>\n<meta property=\"og:site_name\" content=\"Bozita Sverige\" \/>\n<meta property=\"article:modified_time\" content=\"2022-11-18T08:27:27+00:00\" \/>\n<meta property=\"og:image\" content=\"https:\/\/bozita.com\/se\/wp-content\/uploads\/sites\/5\/2021\/07\/bozita-hundvalp-spokalder-plotsliga-radslor.jpeg\" \/>\n\t<meta property=\"og:image:width\" content=\"800\" \/>\n\t<meta property=\"og:image:height\" content=\"533\" \/>\n\t<meta property=\"og:image:type\" content=\"image\/jpeg\" \/>\n<meta name=\"twitter:card\" content=\"summary_large_image\" \/>\n<!-- \/ Yoast SEO plugin. -->","yoast_head_json":{"title":"Sp\u00f6k\u00e5lder hund, \u00e4r din hund pl\u00f6tsligt r\u00e4dd f\u00f6r allt? | Bozita","description":"Sp\u00f6k\u00e5ldern kan vara f\u00f6rklaringen om din hund pl\u00f6tsligt blir r\u00e4dd f\u00f6r allt. Sp\u00f6k\u00e5ldern intr\u00e4ffar n\u00e4r valpen \u00e4r ca 5-7 m\u00e5nader gammal. L\u00e4s Bozitas r\u00e5d.","robots":{"index":"index","follow":"follow","max-snippet":"max-snippet:-1","max-image-preview":"max-image-preview:large","max-video-preview":"max-video-preview:-1"},"canonical":"https:\/\/bozita.com\/se\/hund\/hundens-utveckling\/plotsliga-radslor-hundens-spokalder\/","og_locale":"sv_SE","og_type":"article","og_title":"Sp\u00f6k\u00e5lder hund, \u00e4r din hund pl\u00f6tsligt r\u00e4dd f\u00f6r allt? | Bozita","og_description":"Sp\u00f6k\u00e5ldern kan vara f\u00f6rklaringen om din hund pl\u00f6tsligt blir r\u00e4dd f\u00f6r allt. Sp\u00f6k\u00e5ldern intr\u00e4ffar n\u00e4r valpen \u00e4r ca 5-7 m\u00e5nader gammal. L\u00e4s Bozitas r\u00e5d.","og_url":"https:\/\/bozita.com\/se\/hund\/hundens-utveckling\/plotsliga-radslor-hundens-spokalder\/","og_site_name":"Bozita Sverige","article_modified_time":"2022-11-18T08:27:27+00:00","og_image":[{"width":800,"height":533,"url":"https:\/\/bozita.com\/se\/wp-content\/uploads\/sites\/5\/2021\/07\/bozita-hundvalp-spokalder-plotsliga-radslor.jpeg","type":"image\/jpeg"}],"twitter_card":"summary_large_image","schema":{"@context":"https:\/\/schema.org","@graph":[{"@type":"WebPage","@id":"https:\/\/bozita.com\/se\/hund\/hundens-utveckling\/plotsliga-radslor-hundens-spokalder\/","url":"https:\/\/bozita.com\/se\/hund\/hundens-utveckling\/plotsliga-radslor-hundens-spokalder\/","name":"Sp\u00f6k\u00e5lder hund, \u00e4r din hund pl\u00f6tsligt r\u00e4dd f\u00f6r allt? | Bozita","isPartOf":{"@id":"https:\/\/bozita.com\/se\/#website"},"datePublished":"2021-06-20T20:14:07+00:00","dateModified":"2022-11-18T08:27:27+00:00","description":"Sp\u00f6k\u00e5ldern kan vara f\u00f6rklaringen om din hund pl\u00f6tsligt blir r\u00e4dd f\u00f6r allt. Sp\u00f6k\u00e5ldern intr\u00e4ffar n\u00e4r valpen \u00e4r ca 5-7 m\u00e5nader gammal. L\u00e4s Bozitas r\u00e5d.","breadcrumb":{"@id":"https:\/\/bozita.com\/se\/hund\/hundens-utveckling\/plotsliga-radslor-hundens-spokalder\/#breadcrumb"},"inLanguage":"sv-SE","potentialAction":[{"@type":"ReadAction","target":["https:\/\/bozita.com\/se\/hund\/hundens-utveckling\/plotsliga-radslor-hundens-spokalder\/"]}]},{"@type":"BreadcrumbList","@id":"https:\/\/bozita.com\/se\/hund\/hundens-utveckling\/plotsliga-radslor-hundens-spokalder\/#breadcrumb","itemListElement":[{"@type":"ListItem","position":1,"name":"Home","item":"https:\/\/bozita.com\/se\/"},{"@type":"ListItem","position":2,"name":"Livet med hund","item":"https:\/\/bozita.com\/se\/hund\/"},{"@type":"ListItem","position":3,"name":"Hundens utveckling","item":"https:\/\/bozita.com\/se\/hund\/hundens-utveckling\/"},{"@type":"ListItem","position":4,"name":"Sp\u00f6k\u00e5lder hund &#8211; blir din hund pl\u00f6tsligt r\u00e4dd f\u00f6r allt?"}]},{"@type":"WebSite","@id":"https:\/\/bozita.com\/se\/#website","url":"https:\/\/bozita.com\/se\/","name":"Bozita Sverige","description":"","potentialAction":[{"@type":"SearchAction","target":{"@type":"EntryPoint","urlTemplate":"https:\/\/bozita.com\/se\/?s={search_term_string}"},"query-input":"required name=search_term_string"}],"inLanguage":"sv-SE"}]}},"_links":{"self":[{"href":"https:\/\/bozita.com\/se\/wp-json\/wp\/v2\/pages\/1362"}],"collection":[{"href":"https:\/\/bozita.com\/se\/wp-json\/wp\/v2\/pages"}],"about":[{"href":"https:\/\/bozita.com\/se\/wp-json\/wp\/v2\/types\/page"}],"author":[{"embeddable":true,"href":"https:\/\/bozita.com\/se\/wp-json\/wp\/v2\/users\/1"}],"replies":[{"embeddable":true,"href":"https:\/\/bozita.com\/se\/wp-json\/wp\/v2\/comments?post=1362"}],"version-history":[{"count":12,"href":"https:\/\/bozita.com\/se\/wp-json\/wp\/v2\/pages\/1362\/revisions"}],"predecessor-version":[{"id":8878,"href":"https:\/\/bozita.com\/se\/wp-json\/wp\/v2\/pages\/1362\/revisions\/8878"}],"up":[{"embeddable":true,"href":"https:\/\/bozita.com\/se\/wp-json\/wp\/v2\/pages\/57"}],"wp:featuredmedia":[{"embeddable":true,"href":"https:\/\/bozita.com\/se\/wp-json\/wp\/v2\/media\/3300"}],"wp:attachment":[{"href":"https:\/\/bozita.com\/se\/wp-json\/wp\/v2\/media?parent=1362"}],"curies":[{"name":"wp","href":"https:\/\/api.w.org\/{rel}","templated":true}]}}