{"id":1366,"date":"2021-06-20T20:15:38","date_gmt":"2021-06-20T20:15:38","guid":{"rendered":"https:\/\/bozita.com\/se\/?page_id=1366"},"modified":"2021-08-26T13:28:35","modified_gmt":"2021-08-26T13:28:35","slug":"hund-tonaring","status":"publish","type":"page","link":"https:\/\/bozita.com\/se\/hund\/hundens-utveckling\/hund-tonaring\/","title":{"rendered":"Slyngel\u00e5ldern hund &#8211; tips f\u00f6r hundens ton\u00e5rsperiod"},"content":{"rendered":"\t\t<section class=\"small-hero\">\n\t\t\t<div class=\"container\">\n\t\t\t\t<h1 class=\"small-hero-title\">Slyngel\u00e5ldern hund &#8211; tips f\u00f6r hundens ton\u00e5rsperiod<\/h1>\t\t\t<\/div>\n\t\t\t<\/div>\n\t\t<\/section>\n\t\n\n\t<div class=\"text-box-warp\">\n\t\t<div class=\"container\">\n\t\t\t<div class=\"text-content\">\n\t\t\t\t<p>Den gulliga valpen v\u00e4xer upp och f\u00f6r\u00e4ndras helt pl\u00f6tsligt till en strulig ton\u00e5rshund som inte lyssnar p\u00e5 dig. B\u00e4sta s\u00e4ttet att hantera en hund som kommit in i vad som brukar kallas trots\u00e5ldern eller slyngel\u00e5ldern \u00e4r att f\u00f6rst\u00e5 att hunden inte \u00e4r vuxen \u00e4nnu och forts\u00e4tta bygga p\u00e5 den relation ni redan skapat. H\u00e4r \u00e4r tipsen f\u00f6r hur du kan hantera slyngel\u00e5ldern hos din hund.<\/p>\n<h2>BEH\u00c5LL GL\u00c4DJEN UNDER HUNDENS TROTS\u00c5LDER<\/h2>\n<p>Slyngel\u00e5ldern hos en hund, hundens trots\u00e5lder, m\u00e4rker du av n\u00e4r hunden helt pl\u00f6tsligt tycks sluta lyssna p\u00e5 dig. Nu hamnar m\u00e5nga hund\u00e4gare i en negativ spiral d\u00e4r irritation och sk\u00e4ll blir en del av vardagen. D\u00e5 \u00e4r det viktigt att stanna upp och t\u00e4nka om. Irritation och bannor g\u00f6r varken dig eller hunden n\u00e5gon nytta n\u00e4r hunden g\u00e5r in i slyngel\u00e5ldern.<\/p>\n<p>Fundera ist\u00e4llet p\u00e5 hur du uppfattas av din hund. Hur rolig \u00e4r du att umg\u00e5s med? Vad kan du g\u00f6ra f\u00f6r att vara mer intressant \u00e4n allt annat som pockar p\u00e5 hundens uppm\u00e4rksamhet? Fokusera mer p\u00e5 vad du vill att hunden ska g\u00f6ra och mindre p\u00e5 vad du inte vill att den ska g\u00f6ra. F\u00f6rs\u00f6k beh\u00e5lla gl\u00e4djen i relationen med din hund, \u00e4ven n\u00e4r du har att g\u00f6ra med en ton\u00e5rshund. Slyngel\u00e5ldern \u00e4r ingen l\u00e4tt period varken f\u00f6r hunden eller hund\u00e4garen. Men med gl\u00e4dje och roliga aktiviteter blir den l\u00e4ttare att ta sig igenom.<\/p>\n<p>G\u00f6r inkallningen till en rolig kurrag\u00f6mmalek, balansera p\u00e5 en mur i st\u00e4llet f\u00f6r att g\u00e5 p\u00e5 g\u00e5ngstigen, \u00f6ver\u00f6s hunden med ber\u00f6m n\u00e4r den g\u00f6r r\u00e4tt. Kanske fungerar det inte varje g\u00e5ng, men med t\u00e5lamod l\u00e4r sig hunden s\u00e5 sm\u00e5ningom att det \u00e4r hos dig det roliga h\u00e4nder och alla distraktioner blir mindre intressanta.<\/p>\n<p><strong>Vidare l\u00e4sning<\/strong><\/p>\n<ul>\n<li><a title=\"F\u00f6rb\u00e4ttra samspelet med din hund med hj\u00e4lp av aktiviteter och kurser\" href=\"https:\/\/bozita.com\/se\/hund\/aktivera-hunden\/forbattra-samspelet-med-din-hund-med-hjalp-av-aktiviteter-och-kurser\/\" >Sugen p\u00e5 en ny aktivitet? Hitta hundkurser f\u00f6r dig och din hund<\/a><\/li>\n<li><a title=\"Pl\u00f6tsliga r\u00e4dslor hundens sp\u00f6k\u00e5lder\" href=\"https:\/\/bozita.com\/se\/hund\/hundens-utveckling\/plotsliga-radslor-hundens-spokalder\/\" >Pl\u00f6tsliga r\u00e4dslor? L\u00e4s mer om sp\u00f6k\u00e5ldern hos hundar<\/a><\/li>\n<\/ul>\n<h2>SLYNGEL\u00c5LDERN &#8211; KOM IH\u00c5G ATT HUNDEN INTE \u00c4R VUXEN<\/h2>\n<p>Ton\u00e5rshunden brottas p\u00e5 m\u00e5nga s\u00e4tt med samma utmaningar som ton\u00e5rsm\u00e4nniskan. Under hundens slyngel\u00e5lder \u00e4r hj\u00e4rnan inte fullt utvecklad \u00e4nnu samtidigt som hormonerna sprutar i kroppen. N\u00e4r du upplever det som att hunden sl\u00e5r d\u00f6v\u00f6rat till \u00e4r det viktigt att komma ih\u00e5g att bara f\u00f6r att hunden inte ser ut som en valp l\u00e4ngre s\u00e5 \u00e4r den heller inte vuxen. Du kan inte h\u00f6ja kraven f\u00f6r mycket under slyngel\u00e5ldern och beg\u00e4ra att hunden ska f\u00f6rst\u00e5 alla dina kommandon. Hunden beh\u00f6ver helt enkelt lite tid p\u00e5 sig f\u00f6r att hitta sig sj\u00e4lv och sin plats i v\u00e4rlden.<\/p>\n<p><strong>Vidare l\u00e4sning<\/strong><\/p>\n<ul>\n<li><a title=\"Fr\u00e5n valp till vuxen hund\" href=\"https:\/\/bozita.com\/se\/hund\/hundens-utveckling\/valpens-utveckling-fran-valp-till-vuxen-hund\/\" >Valpens utveckling &#8211; fr\u00e5n valp till vuxen hund<\/a><\/li>\n<\/ul>\n\t\t\t<\/div>\n\t\t<\/div>\n\t<\/div>\n\n\n\n\t<section class=\"block related-articles\">\n\t\t<div class=\"container\">\n\t\t\t<h2>Relaterade artiklar<\/h2>\n\t\t\t<div class=\"row justify-content-center\">\n\t\t\t\t\t\t\t\t\t\t<div class=\"col-sm-6 col-md-6 col-lg-3\">\n\t\t\t\t\t\t\t\t\t\t\t\t\t\t<div class=\"card \">\n\t\t\t\t\t\t\t\t\t\t\t\t\t\t\t\t\t<img decoding=\"async\"  src=\"https:\/\/bozita.com\/se\/wp-content\/uploads\/sites\/5\/2021\/07\/bozita-hundens-utveckling-stadier.jpeg\" alt=\"\">\n\t\t\t\t\t\t\t\t\t\t\t\t\t\t\t\t\t<!-- <img decoding=\"async\" src=\"\n\t\t\t\t\t\t\t\t\t\t\t\t\t\t\t\t\t\t\t\t\" alt=\"\n\t\t\t\t\t\t\t\t\t\t\t\t\t\t\t\t\t\t\t\t\t\t\t\t\t\t\t\"> -->\n\t\t\t\t\t\t\t\t<div class=\"card-body\">\n\t\t\t\t\t\t\t\t\t\t\t\t\t\t\t\t\t\t\t<h6>Valpens utveckling &#8211; fr\u00e5n valp till vuxen hund<\/h6>\n\t\t\t\t\t\t\t\t\t\t\t\t\t\t\t\t\t\t\t<a href=\"https:\/\/bozita.com\/se\/hund\/hundens-utveckling\/valpens-utveckling-fran-valp-till-vuxen-hund\/\">L\u00e4s mer &nbsp; ><\/a>\n\t\t\t\t\t\t\t\t<\/div>\n\t\t\t\t\t\t\t<\/div>\n\t\t\t\t\t\t<\/div>\n\n\t\t\t\t\t\t\t\t\t\t\t<div class=\"col-sm-6 col-md-6 col-lg-3\">\n\t\t\t\t\t\t\t\t\t\t\t\t\t\t<div class=\"card \">\n\t\t\t\t\t\t\t\t\t\t\t\t\t\t\t\t\t<img decoding=\"async\"  src=\"https:\/\/bozita.com\/se\/wp-content\/uploads\/sites\/5\/2021\/07\/bozita-hundvalp-spokalder-plotsliga-radslor.jpeg\" alt=\"\">\n\t\t\t\t\t\t\t\t\t\t\t\t\t\t\t\t\t<!-- <img decoding=\"async\" src=\"\n\t\t\t\t\t\t\t\t\t\t\t\t\t\t\t\t\t\t\t\t\" alt=\"\n\t\t\t\t\t\t\t\t\t\t\t\t\t\t\t\t\t\t\t\t\t\t\t\t\t\t\t\"> -->\n\t\t\t\t\t\t\t\t<div class=\"card-body\">\n\t\t\t\t\t\t\t\t\t\t\t\t\t\t\t\t\t\t\t<h6>Sp\u00f6k\u00e5lder hund &#8211; blir din hund pl\u00f6tsligt r\u00e4dd f\u00f6r allt?<\/h6>\n\t\t\t\t\t\t\t\t\t\t\t\t\t\t\t\t\t\t\t<a href=\"https:\/\/bozita.com\/se\/hund\/hundens-utveckling\/plotsliga-radslor-hundens-spokalder\/\">L\u00e4s mer &nbsp; ><\/a>\n\t\t\t\t\t\t\t\t<\/div>\n\t\t\t\t\t\t\t<\/div>\n\t\t\t\t\t\t<\/div>\n\n\t\t\t\t\t\t\t\t\t\t\t<div class=\"col-sm-6 col-md-6 col-lg-3\">\n\t\t\t\t\t\t\t\t\t\t\t\t\t\t<div class=\"card \">\n\t\t\t\t\t\t\t\t\t\t\t\t\t\t\t\t\t<img decoding=\"async\"  src=\"https:\/\/bozita.com\/se\/wp-content\/uploads\/sites\/5\/2021\/06\/bozita-smakgaranti-hundmat-kattmat.jpeg\" alt=\"\">\n\t\t\t\t\t\t\t\t\t\t\t\t\t\t\t\t\t<!-- <img decoding=\"async\" src=\"\n\t\t\t\t\t\t\t\t\t\t\t\t\t\t\t\t\t\t\t\t\" alt=\"\n\t\t\t\t\t\t\t\t\t\t\t\t\t\t\t\t\t\t\t\t\t\t\t\t\t\t\t\"> -->\n\t\t\t\t\t\t\t\t<div class=\"card-body\">\n\t\t\t\t\t\t\t\t\t\t\t\t\t\t\t\t\t\t\t<h6>Hundkurser och aktiviteter<\/h6>\n\t\t\t\t\t\t\t\t\t\t\t\t\t\t\t\t\t\t\t<a href=\"https:\/\/bozita.com\/se\/hund\/aktivera-hunden\/forbattra-samspelet-med-din-hund-med-hjalp-av-aktiviteter-och-kurser\/\">L\u00e4s mer &nbsp; ><\/a>\n\t\t\t\t\t\t\t\t<\/div>\n\t\t\t\t\t\t\t<\/div>\n\t\t\t\t\t\t<\/div>\n\n\t\t\t\t\t\t\t\t\t\t\t\t<\/div>\n\t\t<\/div>\n\t<\/section>\n","protected":false},"excerpt":{"rendered":"","protected":false},"author":1,"featured_media":3298,"parent":57,"menu_order":0,"comment_status":"closed","ping_status":"closed","template":"guternberg.php","meta":{"footnotes":""},"acf":[],"yoast_head":"<!-- This site is optimized with the Yoast SEO plugin v21.3 - https:\/\/yoast.com\/wordpress\/plugins\/seo\/ -->\n<title>Slyngel\u00e5ldern hund - ton\u00e5rshundar och trots\u00e5lder | Bozita<\/title>\n<meta name=\"description\" content=\"Slyngel\u00e5ldern f\u00f6r hundar \u00e4r en naturlig del utvecklingen - hundens ton\u00e5rsperiod. M\u00e5nga hund\u00e4gare upplever att de har en hund i trots\u00e5ldern. L\u00e4s v\u00e5ra tips.\" \/>\n<meta name=\"robots\" content=\"index, follow, max-snippet:-1, max-image-preview:large, max-video-preview:-1\" \/>\n<link rel=\"canonical\" href=\"https:\/\/bozita.com\/se\/hund\/hundens-utveckling\/hund-tonaring\/\" \/>\n<meta property=\"og:locale\" content=\"sv_SE\" \/>\n<meta property=\"og:type\" content=\"article\" \/>\n<meta property=\"og:title\" content=\"Slyngel\u00e5ldern hund - ton\u00e5rshundar och trots\u00e5lder | Bozita\" \/>\n<meta property=\"og:description\" content=\"Slyngel\u00e5ldern f\u00f6r hundar \u00e4r en naturlig del utvecklingen - hundens ton\u00e5rsperiod. M\u00e5nga hund\u00e4gare upplever att de har en hund i trots\u00e5ldern. L\u00e4s v\u00e5ra tips.\" \/>\n<meta property=\"og:url\" content=\"https:\/\/bozita.com\/se\/hund\/hundens-utveckling\/hund-tonaring\/\" \/>\n<meta property=\"og:site_name\" content=\"Bozita Sverige\" \/>\n<meta property=\"article:modified_time\" content=\"2021-08-26T13:28:35+00:00\" \/>\n<meta property=\"og:image\" content=\"https:\/\/bozita.com\/se\/wp-content\/uploads\/sites\/5\/2021\/07\/bozita-hund-tonaring.jpeg\" \/>\n\t<meta property=\"og:image:width\" content=\"800\" \/>\n\t<meta property=\"og:image:height\" content=\"533\" \/>\n\t<meta property=\"og:image:type\" content=\"image\/jpeg\" \/>\n<meta name=\"twitter:card\" content=\"summary_large_image\" \/>\n<!-- \/ Yoast SEO plugin. -->","yoast_head_json":{"title":"Slyngel\u00e5ldern hund - ton\u00e5rshundar och trots\u00e5lder | Bozita","description":"Slyngel\u00e5ldern f\u00f6r hundar \u00e4r en naturlig del utvecklingen - hundens ton\u00e5rsperiod. M\u00e5nga hund\u00e4gare upplever att de har en hund i trots\u00e5ldern. L\u00e4s v\u00e5ra tips.","robots":{"index":"index","follow":"follow","max-snippet":"max-snippet:-1","max-image-preview":"max-image-preview:large","max-video-preview":"max-video-preview:-1"},"canonical":"https:\/\/bozita.com\/se\/hund\/hundens-utveckling\/hund-tonaring\/","og_locale":"sv_SE","og_type":"article","og_title":"Slyngel\u00e5ldern hund - ton\u00e5rshundar och trots\u00e5lder | Bozita","og_description":"Slyngel\u00e5ldern f\u00f6r hundar \u00e4r en naturlig del utvecklingen - hundens ton\u00e5rsperiod. M\u00e5nga hund\u00e4gare upplever att de har en hund i trots\u00e5ldern. L\u00e4s v\u00e5ra tips.","og_url":"https:\/\/bozita.com\/se\/hund\/hundens-utveckling\/hund-tonaring\/","og_site_name":"Bozita Sverige","article_modified_time":"2021-08-26T13:28:35+00:00","og_image":[{"width":800,"height":533,"url":"https:\/\/bozita.com\/se\/wp-content\/uploads\/sites\/5\/2021\/07\/bozita-hund-tonaring.jpeg","type":"image\/jpeg"}],"twitter_card":"summary_large_image","schema":{"@context":"https:\/\/schema.org","@graph":[{"@type":"WebPage","@id":"https:\/\/bozita.com\/se\/hund\/hundens-utveckling\/hund-tonaring\/","url":"https:\/\/bozita.com\/se\/hund\/hundens-utveckling\/hund-tonaring\/","name":"Slyngel\u00e5ldern hund - ton\u00e5rshundar och trots\u00e5lder | Bozita","isPartOf":{"@id":"https:\/\/bozita.com\/se\/#website"},"datePublished":"2021-06-20T20:15:38+00:00","dateModified":"2021-08-26T13:28:35+00:00","description":"Slyngel\u00e5ldern f\u00f6r hundar \u00e4r en naturlig del utvecklingen - hundens ton\u00e5rsperiod. M\u00e5nga hund\u00e4gare upplever att de har en hund i trots\u00e5ldern. L\u00e4s v\u00e5ra tips.","breadcrumb":{"@id":"https:\/\/bozita.com\/se\/hund\/hundens-utveckling\/hund-tonaring\/#breadcrumb"},"inLanguage":"sv-SE","potentialAction":[{"@type":"ReadAction","target":["https:\/\/bozita.com\/se\/hund\/hundens-utveckling\/hund-tonaring\/"]}]},{"@type":"BreadcrumbList","@id":"https:\/\/bozita.com\/se\/hund\/hundens-utveckling\/hund-tonaring\/#breadcrumb","itemListElement":[{"@type":"ListItem","position":1,"name":"Home","item":"https:\/\/bozita.com\/se\/"},{"@type":"ListItem","position":2,"name":"Livet med hund","item":"https:\/\/bozita.com\/se\/hund\/"},{"@type":"ListItem","position":3,"name":"Hundens utveckling","item":"https:\/\/bozita.com\/se\/hund\/hundens-utveckling\/"},{"@type":"ListItem","position":4,"name":"Slyngel\u00e5ldern hund &#8211; tips f\u00f6r hundens ton\u00e5rsperiod"}]},{"@type":"WebSite","@id":"https:\/\/bozita.com\/se\/#website","url":"https:\/\/bozita.com\/se\/","name":"Bozita Sverige","description":"","potentialAction":[{"@type":"SearchAction","target":{"@type":"EntryPoint","urlTemplate":"https:\/\/bozita.com\/se\/?s={search_term_string}"},"query-input":"required name=search_term_string"}],"inLanguage":"sv-SE"}]}},"_links":{"self":[{"href":"https:\/\/bozita.com\/se\/wp-json\/wp\/v2\/pages\/1366"}],"collection":[{"href":"https:\/\/bozita.com\/se\/wp-json\/wp\/v2\/pages"}],"about":[{"href":"https:\/\/bozita.com\/se\/wp-json\/wp\/v2\/types\/page"}],"author":[{"embeddable":true,"href":"https:\/\/bozita.com\/se\/wp-json\/wp\/v2\/users\/1"}],"replies":[{"embeddable":true,"href":"https:\/\/bozita.com\/se\/wp-json\/wp\/v2\/comments?post=1366"}],"version-history":[{"count":15,"href":"https:\/\/bozita.com\/se\/wp-json\/wp\/v2\/pages\/1366\/revisions"}],"predecessor-version":[{"id":4134,"href":"https:\/\/bozita.com\/se\/wp-json\/wp\/v2\/pages\/1366\/revisions\/4134"}],"up":[{"embeddable":true,"href":"https:\/\/bozita.com\/se\/wp-json\/wp\/v2\/pages\/57"}],"wp:featuredmedia":[{"embeddable":true,"href":"https:\/\/bozita.com\/se\/wp-json\/wp\/v2\/media\/3298"}],"wp:attachment":[{"href":"https:\/\/bozita.com\/se\/wp-json\/wp\/v2\/media?parent=1366"}],"curies":[{"name":"wp","href":"https:\/\/api.w.org\/{rel}","templated":true}]}}