{"id":1383,"date":"2021-06-20T20:25:34","date_gmt":"2021-06-20T20:25:34","guid":{"rendered":"https:\/\/bozita.com\/se\/?page_id=1383"},"modified":"2021-08-26T13:50:35","modified_gmt":"2021-08-26T13:50:35","slug":"draktiga-och-digivande-tikar","status":"publish","type":"page","link":"https:\/\/bozita.com\/se\/hundfoder\/nutrition-och-kost\/draktiga-och-digivande-tikar\/","title":{"rendered":"Foder till dr\u00e4ktiga och digivande tikar"},"content":{"rendered":"\t\t<section class=\"small-hero\">\n\t\t\t<div class=\"container\">\n\t\t\t\t<h1 class=\"small-hero-title\">Foder till dr\u00e4ktiga och digivande tikar<\/h1>\t\t\t<\/div>\n\t\t\t<\/div>\n\t\t<\/section>\n\t\n\n\t<div class=\"text-box-warp\">\n\t\t<div class=\"container\">\n\t\t\t<div class=\"text-content\">\n\t\t\t\t<p>Mycket fokus l\u00e4ggs ofta p\u00e5 vad hundvalparna ska \u00e4ta f\u00f6r att kunna \u00f6verleva och v\u00e4xa upp till friska hundar. Minst lika viktigt \u00e4r det att ge r\u00e4tt foder till en dr\u00e4ktig tik. Som hund\u00e4gare vill man se till att tiken f\u00e5r r\u00e4tt utfodring och h\u00e5ller r\u00e4tt hull inf\u00f6r parning, under dr\u00e4ktigheten och under digivningen. En frisk tik \u00e4r en f\u00f6ruts\u00e4ttning f\u00f6r friska och sunda valpar. Men vilken mat ska man d\u00e5 ge en dr\u00e4ktig tik?<\/p>\n<h2>TIKEN SKA HA LAGOM HULL<\/h2>\n<p>Inf\u00f6r parningen och under dr\u00e4ktigheten \u00e4r det viktigt att tiken h\u00e5ller ett lagom hull. \u00c4r tiken underviktig finns det risk att\u00a0hon inte kommer kunna \u00e4ta tillr\u00e4ckligt f\u00f6r att tillgodose behovet hos sig sj\u00e4lv och de v\u00e4xande valparna i livmodern. Det kan leda till\u00a0l\u00e4gre f\u00f6delsevikter och \u00f6kad d\u00f6dlighet hos valparna\u00a0samt att tiken f\u00e5r sv\u00e5rt att h\u00e5lla hullet under laktationen. \u00c4r tiken d\u00e4remot \u00f6verviktig \u00f6kar risken f\u00f6r att valparna \u00e4r v\u00e4ldigt stora och det leder till en sv\u00e5r f\u00f6rlossning f\u00f6r tiken.<\/p>\n<h2>ANPASSAT FODER TILL DR\u00c4KTIG TIK<\/h2>\n<p>Under f\u00f6rsta halvan av dr\u00e4ktigheten v\u00e4xer valparna i livmodern endast 30 procent av vad de kommer att g\u00f6ra innan valpningen. D\u00e4rf\u00f6r har tiken inget \u00f6kat behov av foder under denna period, d\u00e4remot kan det vara bra att under denna period l\u00e5ngsamt fasa in valpfodret. Valpfodret \u00e4r anpassat \u00e4ven f\u00f6r dr\u00e4ktiga och digivande tikar med h\u00f6gre protein och fettniv\u00e5er och ger p\u00e5 s\u00e5 s\u00e4tt ett foder med h\u00f6gre energit\u00e4thet. Orsaken till att man har ett foder till dr\u00e4ktiga tikar med h\u00f6gre energit\u00e4thet \u00e4r f\u00f6r att m\u00f6jligg\u00f6ra att tiken kan \u00e4ta den m\u00e4ngd foder som kr\u00e4vs. Det beh\u00f6vs f\u00f6r att valparna ska kunna tillv\u00e4xa bra under dr\u00e4ktigheten och f\u00f6r att tiken sedan kan tillgodose dem med tillr\u00e4ckligt med mj\u00f6lk utan att tappa f\u00f6r mycket i hull under laktationen.<\/p>\n<p>Efter halva dr\u00e4ktigheten b\u00f6rjar valparnas tillv\u00e4xttakt att \u00f6ka och d\u00e4rf\u00f6r kan man b\u00f6rja \u00f6ka m\u00e4ngden foder som den dr\u00e4ktiga tiken f\u00e5r. En rekommendation \u00e4r att fr\u00e5n halva dr\u00e4ktigheten och fram till valpning ge tiken 30\u201350 procent mer foder. Men tiken ska inte g\u00e5 upp mer \u00e4n 15\u201325 procent av sin normala kroppsvikt under denna period.<\/p>\n<ul>\n<li><a title=\"Valpfoder\" href=\"https:\/\/bozita.com\/se\/hundfoder\/valpfoder\/\" >Valpfoder och foder f\u00f6r dr\u00e4ktiga och digivande tik<\/a><\/li>\n<\/ul>\n<h2>VATTEN EXTRA VIKTIGT UNDER LAKTATIONEN<\/h2>\n<p>Efter valpningen b\u00f6rjar laktationen och d\u00e5 \u00e4r det viktigt att tiken f\u00e5r i sig tillr\u00e4ckligt med v\u00e4tska d\u00e5 mj\u00f6lken som valparna dricker inneh\u00e5ller cirka 78\u00a0procent vatten. T\u00e4nk dock p\u00e5 att st\u00e4lla vattensk\u00e5len p\u00e5 ett st\u00e4lle d\u00e4r valparna inte kommer \u00e5t s\u00e5 det inte sker n\u00e5gra olyckor. \u00c4r det sv\u00e5rt att f\u00e5 i tiken v\u00e4tska \u00e4r det ocks\u00e5 en bra id\u00e9 att bl\u00f6tl\u00e4gga maten s\u00e5 att hon automatiskt f\u00e5r i sig v\u00e4tska.<\/p>\n<p>Hur mycket tiken ska \u00e4ta under laktationen beror p\u00e5 hur m\u00e5nga valpar hon har f\u00e5tt, men en tumregel \u00e4r att hon ska \u00e4ta 2-3 g\u00e5nger mer \u00e4n vanligt n\u00e4r hon ger som mest mj\u00f6lk. Detta brukar infalla vid vecka 3-4 och sedan kan man l\u00e5ngsamt minska ner p\u00e5 maten d\u00e5 valparna b\u00f6rjar g\u00e5 \u00f6ver\u00a0till foder och v\u00e4nja sig av\u00a0med mj\u00f6lken. B\u00f6rjar valparna bli d\u00e5liga i magen under laktationen beror det oftast p\u00e5 att tiken f\u00e5r f\u00f6r mycket mat.\u00a0Minska ner givan till tiken lite och se om valparnas magar f\u00f6rb\u00e4ttras.<\/p>\n<h2>FODER DR\u00c4KTIG TIK &#8211; BOZITA ROBUR MOTHER &amp; PUPPY<\/h2>\n<p>Bozita Robur mother &amp; puppy \u00e4r ett\u00a0helfoder anpassat f\u00f6r valpar, v\u00e4xande unghundar och dr\u00e4ktiga eller digivande tikar. Fodret \u00e4r vetefritt och har en h\u00f6g proteinhalt. Bozita Robur mother &amp; puppy XL har lite st\u00f6rre bitar f\u00f6r att passa st\u00f6rre hundraser.<\/p>\n\t\t\t<\/div>\n\t\t<\/div>\n\t<\/div>\n\n\n<section class=\"block product-promos\">\n\t<div class=\"container\">\n\t\t<div class=\"row align-items-center\">\n\t\t\t<div class=\"col-md-5\">\n\t\t\t\t<div class=\"prdt__promos-heading\">\n\t\t\t\t\t<h3>\n\t\t\t\t\t\tBra foder f\u00f6r valpar och v\u00e4xande unghundar\t\t\t\t\t<\/h3>\n\t\t\t\t\t\t\t\t\t<\/div>\n\t\t\t<\/div>\n\t\t\t<div class=\"col-md-7\">\n\t\t\t\t\t\t\t\t\t<div class=\"owl-carousel owl-theme product-promo-carousel\">\n\t\t\t\t\t\t\t\t\t\t\t\t\t<a href=\"https:\/\/bozita.com\/se\/?post_type=products&#038;p=708\">\n\t\t\t\t\t\t\t\t<div class=\"blk__prdt-item\">\n\t\t\t\t\t\t\t\t\t<figure>\n\t\t\t\t\t\t\t\t\t\t<img loading=\"lazy\" decoding=\"async\" width=\"400\" height=\"457\" src=\"https:\/\/bozita.com\/se\/wp-content\/uploads\/sites\/5\/2021\/06\/2035-bozita-robur-mother-puppy.png\" class=\"attachment-post-thumbnail size-post-thumbnail wp-post-image\" alt=\"ACTIVE &amp; STERILISERAD MED LAMM\" srcset=\"https:\/\/bozita.com\/se\/wp-content\/uploads\/sites\/5\/2021\/06\/2035-bozita-robur-mother-puppy.png 400w, https:\/\/bozita.com\/se\/wp-content\/uploads\/sites\/5\/2021\/06\/2035-bozita-robur-mother-puppy-263x300.png 263w\" sizes=\"(max-width: 400px) 100vw, 400px\" \/>\t\t\t\t\t\t\t\t\t\t\t\t\t\t\t\t\t\t\t<\/figure>\n\t\t\t\t\t\t\t\t\t<h4 class=\"carousel-title\"><\/h4>\n\t\t\t\t\t\t\t\t\t<span class=\"carousel-category\">ROBUR MOTHER &#038; PUPPY<\/span>\n\t\t\t\t\t\t\t\t\t  \n\t\t\t\t\t\t\t\t\t<ul class=\"category-list\">\n\t\t\t\t\t\t\t\t\t\t\t\t\t\t\t\t\t\t\t\t\t\t\t<li class=\"svg-image\">\n\t\t\t\t\t\t\t\t\t\t\t\t\t\t<img decoding=\"async\" src=\"https:\/\/bozita.com\/se\/wp-content\/uploads\/sites\/5\/2021\/06\/icon-wheat-free.svg\" \/>\n\t\t\t\t\t\t\t\t\t\t\t\t\t<\/li>\n\t\t\t\t\t\t\t\t\t\t\t\t\t\t\t\t\t\t\t\t\t\t\t\t\t\t\t\t\t\t\t\t\t\t\t\t<li class=\"svg-image\">\n\t\t\t\t\t\t\t\t\t\t\t\t\t\t<img decoding=\"async\" src=\"https:\/\/bozita.com\/se\/wp-content\/uploads\/sites\/5\/2021\/06\/icon-flavour-chicken.svg\" \/>\n\t\t\t\t\t\t\t\t\t\t\t\t\t<\/li>\n\t\t\t\t\t\t\t\t\t\t\t\t\t\t\t\t\t\t\t\t\t\t<\/ul>       \n\n\t\t\t\t\t\t\t\t<\/div>\n\t\t\t\t\t\t\t<\/a>\n\t\t\t\t\t\t\t\t\t\t\t\t\t\t\t\t\t\t\t\t<a href=\"https:\/\/bozita.com\/se\/hundfoder\/bozita-robur-mother-puppy-xl-old\/\">\n\t\t\t\t\t\t\t\t<div class=\"blk__prdt-item\">\n\t\t\t\t\t\t\t\t\t<figure>\n\t\t\t\t\t\t\t\t\t\t<img loading=\"lazy\" decoding=\"async\" width=\"400\" height=\"457\" src=\"https:\/\/bozita.com\/se\/wp-content\/uploads\/sites\/5\/2021\/06\/2036-bozita-robur-mother-puppy-xl.png\" class=\"attachment-post-thumbnail size-post-thumbnail wp-post-image\" alt=\"ACTIVE &amp; STERILISERAD MED LAMM\" srcset=\"https:\/\/bozita.com\/se\/wp-content\/uploads\/sites\/5\/2021\/06\/2036-bozita-robur-mother-puppy-xl.png 400w, https:\/\/bozita.com\/se\/wp-content\/uploads\/sites\/5\/2021\/06\/2036-bozita-robur-mother-puppy-xl-263x300.png 263w\" sizes=\"(max-width: 400px) 100vw, 400px\" \/>\t\t\t\t\t\t\t\t\t\t\t\t\t\t\t\t\t\t\t<\/figure>\n\t\t\t\t\t\t\t\t\t<h4 class=\"carousel-title\"><\/h4>\n\t\t\t\t\t\t\t\t\t<span class=\"carousel-category\">ROBUR MOTHER &#038; PUPPY XL<\/span>\n\t\t\t\t\t\t\t\t\t  \n\t\t\t\t\t\t\t\t\t<ul class=\"category-list\">\n\t\t\t\t\t\t\t\t\t\t\t\t\t\t\t\t\t\t\t\t\t\t\t<li class=\"svg-image\">\n\t\t\t\t\t\t\t\t\t\t\t\t\t\t<img decoding=\"async\" src=\"https:\/\/bozita.com\/se\/wp-content\/uploads\/sites\/5\/2021\/06\/icon-wheat-free.svg\" \/>\n\t\t\t\t\t\t\t\t\t\t\t\t\t<\/li>\n\t\t\t\t\t\t\t\t\t\t\t\t\t\t\t\t\t\t\t\t\t\t\t\t\t\t\t\t\t\t\t\t\t\t\t\t<li class=\"svg-image\">\n\t\t\t\t\t\t\t\t\t\t\t\t\t\t<img decoding=\"async\" src=\"https:\/\/bozita.com\/se\/wp-content\/uploads\/sites\/5\/2021\/06\/icon-flavour-chicken.svg\" \/>\n\t\t\t\t\t\t\t\t\t\t\t\t\t<\/li>\n\t\t\t\t\t\t\t\t\t\t\t\t\t\t\t\t\t\t\t\t\t\t<\/ul>       \n\n\t\t\t\t\t\t\t\t<\/div>\n\t\t\t\t\t\t\t<\/a>\n\t\t\t\t\t\t\t\t\t\t\t\t\t\t\t\t\t\t<\/div>\n\t\t\t\t\t\t\t<\/div>\n\t\t<\/div>\n\t<\/div>\n<\/section>\n<script>\njQuery(document).ready(function($) {\n\tjQuery('.product-promo-carousel').owlCarousel({\n\tloop: true,\n\tmargin: 10,\n\tresponsiveClass: true,\n\tresponsive: {\n\t\t0: {\n\t\titems: 1,\n\t\tnav: true\n\t\t},\n\t\t600: {\n\t\titems: 1,\n\t\tnav: true\n\t\t},\n\t\t1000: {\n\t\titems: 2,\n\t\tnav: true,\n\t\t}\n\t}\n\t})\n\tjQuery(\".owl-prev\").html('<span><<\/span>');\n\tjQuery(\".owl-next\").html('<span>><\/span>');\n\n\tvar slider = jQuery('.promo-slider-list');\n\tslider.owlCarousel();\n\tjQuery('.nextbtn-a').click(function() {\n\tslider.trigger('next.owl.carousel');\n\t})\n\t\/\/ Go to the previous item\n\tjQuery('.prebtn-a').click(function() {\n\tslider.trigger('prev.owl.carousel', [300]);\n\t})\n});\n<\/script>\n\n\n\t<div class=\"text-box-warp\">\n\t\t<div class=\"container\">\n\t\t\t<div class=\"text-content\">\n\t\t\t\t<h2>UTFODRING AV VALP<\/h2>\n<p>Vad dina hundvalpar ska \u00e4ta och hur mycket foder de ska ha varje dag kan du l\u00e4sa mer om h\u00e4r.<\/p>\n<ul>\n<li><a title=\"Utfodring av valp\" href=\"https:\/\/bozita.com\/se\/hundfoder\/nutrition-och-kost\/utfodring-av-valp\/\" >Hur mycket ska en valp \u00e4ta och vad \u00e4r b\u00e4sta valpfodret?<\/a><\/li>\n<\/ul>\n\t\t\t<\/div>\n\t\t<\/div>\n\t<\/div>\n\n\n\n\t<section class=\"block related-articles\">\n\t\t<div class=\"container\">\n\t\t\t<h2>Relaterade artiklar<\/h2>\n\t\t\t<div class=\"row justify-content-center\">\n\t\t\t\t\t\t\t\t\t\t<div class=\"col-sm-6 col-md-6 col-lg-3\">\n\t\t\t\t\t\t\t\t\t\t\t\t\t\t<div class=\"card \">\n\t\t\t\t\t\t\t\t\t\t\t\t\t\t\t\t\t<img decoding=\"async\"  src=\"https:\/\/bozita.com\/se\/wp-content\/uploads\/sites\/5\/2021\/06\/bozita-utfodra-valp.jpg\" alt=\"\">\n\t\t\t\t\t\t\t\t\t\t\t\t\t\t\t\t\t<!-- <img decoding=\"async\" src=\"\n\t\t\t\t\t\t\t\t\t\t\t\t\t\t\t\t\t\t\t\t\" alt=\"\n\t\t\t\t\t\t\t\t\t\t\t\t\t\t\t\t\t\t\t\t\t\t\t\t\t\t\t\"> -->\n\t\t\t\t\t\t\t\t<div class=\"card-body\">\n\t\t\t\t\t\t\t\t\t\t\t\t\t\t\t\t\t\t\t<h6>Hur mycket ska en valp \u00e4ta och vad \u00e4r b\u00e4sta valpfodret?<\/h6>\n\t\t\t\t\t\t\t\t\t\t\t\t\t\t\t\t\t\t\t<a href=\"https:\/\/bozita.com\/se\/hundfoder\/nutrition-och-kost\/utfodring-av-valp\/\">L\u00e4s mer &nbsp; ><\/a>\n\t\t\t\t\t\t\t\t<\/div>\n\t\t\t\t\t\t\t<\/div>\n\t\t\t\t\t\t<\/div>\n\n\t\t\t\t\t\t\t\t\t\t\t<div class=\"col-sm-6 col-md-6 col-lg-3\">\n\t\t\t\t\t\t\t\t\t\t\t\t\t\t<div class=\"card \">\n\t\t\t\t\t\t\t\t\t\t\t\t\t\t\t\t\t<img decoding=\"async\"  src=\"https:\/\/bozita.com\/se\/wp-content\/uploads\/sites\/5\/2021\/07\/bozita-hund-byta-valpfoder-vuxenfoder.jpeg\" alt=\"\">\n\t\t\t\t\t\t\t\t\t\t\t\t\t\t\t\t\t<!-- <img decoding=\"async\" src=\"\n\t\t\t\t\t\t\t\t\t\t\t\t\t\t\t\t\t\t\t\t\" alt=\"\n\t\t\t\t\t\t\t\t\t\t\t\t\t\t\t\t\t\t\t\t\t\t\t\t\t\t\t\"> -->\n\t\t\t\t\t\t\t\t<div class=\"card-body\">\n\t\t\t\t\t\t\t\t\t\t\t\t\t\t\t\t\t\t\t<h6>Byta fr\u00e5n valpfoder till vuxenfoder<\/h6>\n\t\t\t\t\t\t\t\t\t\t\t\t\t\t\t\t\t\t\t<a href=\"https:\/\/bozita.com\/se\/hundfoder\/nutrition-och-kost\/byta-fran-valpfoder-till-vuxenfoder\/\">L\u00e4s mer &nbsp; ><\/a>\n\t\t\t\t\t\t\t\t<\/div>\n\t\t\t\t\t\t\t<\/div>\n\t\t\t\t\t\t<\/div>\n\n\t\t\t\t\t\t\t\t\t\t\t<div class=\"col-sm-6 col-md-6 col-lg-3\">\n\t\t\t\t\t\t\t\t\t\t\t\t\t\t<div class=\"card \">\n\t\t\t\t\t\t\t\t\t\t\t\t\t\t\t\t\t<img decoding=\"async\"  src=\"https:\/\/bozita.com\/se\/wp-content\/uploads\/sites\/5\/2021\/07\/bozita-hund-borsta-tander-hygien.jpeg\" alt=\"\">\n\t\t\t\t\t\t\t\t\t\t\t\t\t\t\t\t\t<!-- <img decoding=\"async\" src=\"\n\t\t\t\t\t\t\t\t\t\t\t\t\t\t\t\t\t\t\t\t\" alt=\"\n\t\t\t\t\t\t\t\t\t\t\t\t\t\t\t\t\t\t\t\t\t\t\t\t\t\t\t\"> -->\n\t\t\t\t\t\t\t\t<div class=\"card-body\">\n\t\t\t\t\t\t\t\t\t\t\t\t\t\t\t\t\t\t\t<h6>Tandsten hos hund &#8211; hundens t\u00e4nder<\/h6>\n\t\t\t\t\t\t\t\t\t\t\t\t\t\t\t\t\t\t\t<a href=\"https:\/\/bozita.com\/se\/hund\/hundens-halsa\/hundens-munhygien-tander-tandborstning\/\">L\u00e4s mer &nbsp; ><\/a>\n\t\t\t\t\t\t\t\t<\/div>\n\t\t\t\t\t\t\t<\/div>\n\t\t\t\t\t\t<\/div>\n\n\t\t\t\t\t\t\t\t\t\t\t\t<\/div>\n\t\t<\/div>\n\t<\/section>\n","protected":false},"excerpt":{"rendered":"","protected":false},"author":1,"featured_media":3270,"parent":51,"menu_order":0,"comment_status":"closed","ping_status":"closed","template":"guternberg.php","meta":{"footnotes":""},"acf":[],"yoast_head":"<!-- This site is optimized with the Yoast SEO plugin v21.3 - https:\/\/yoast.com\/wordpress\/plugins\/seo\/ -->\n<title>Foder till dr\u00e4ktig tik - utfodring av digivande tik | Bozita<\/title>\n<meta name=\"description\" content=\"Vad ska en dr\u00e4ktig tik \u00e4ta f\u00f6r mat? En frisk tik \u00e4r en f\u00f6ruts\u00e4ttning f\u00f6r friska och sunda valpar. L\u00e4s mer om foder till dr\u00e4ktig tik och digivande tikar.\" \/>\n<meta name=\"robots\" content=\"index, follow, max-snippet:-1, max-image-preview:large, max-video-preview:-1\" \/>\n<link rel=\"canonical\" href=\"https:\/\/bozita.com\/se\/hundfoder\/nutrition-och-kost\/draktiga-och-digivande-tikar\/\" \/>\n<meta property=\"og:locale\" content=\"sv_SE\" \/>\n<meta property=\"og:type\" content=\"article\" \/>\n<meta property=\"og:title\" content=\"Foder till dr\u00e4ktig tik - utfodring av digivande tik | Bozita\" \/>\n<meta property=\"og:description\" content=\"Vad ska en dr\u00e4ktig tik \u00e4ta f\u00f6r mat? En frisk tik \u00e4r en f\u00f6ruts\u00e4ttning f\u00f6r friska och sunda valpar. L\u00e4s mer om foder till dr\u00e4ktig tik och digivande tikar.\" \/>\n<meta property=\"og:url\" content=\"https:\/\/bozita.com\/se\/hundfoder\/nutrition-och-kost\/draktiga-och-digivande-tikar\/\" \/>\n<meta property=\"og:site_name\" content=\"Bozita Sverige\" \/>\n<meta property=\"article:modified_time\" content=\"2021-08-26T13:50:35+00:00\" \/>\n<meta property=\"og:image\" content=\"https:\/\/bozita.com\/se\/wp-content\/uploads\/sites\/5\/2021\/07\/bozita-utfodring-tik-draktig-digivande.jpeg\" \/>\n\t<meta property=\"og:image:width\" content=\"800\" \/>\n\t<meta property=\"og:image:height\" content=\"533\" \/>\n\t<meta property=\"og:image:type\" content=\"image\/jpeg\" \/>\n<meta name=\"twitter:card\" content=\"summary_large_image\" \/>\n<!-- \/ Yoast SEO plugin. -->","yoast_head_json":{"title":"Foder till dr\u00e4ktig tik - utfodring av digivande tik | Bozita","description":"Vad ska en dr\u00e4ktig tik \u00e4ta f\u00f6r mat? En frisk tik \u00e4r en f\u00f6ruts\u00e4ttning f\u00f6r friska och sunda valpar. L\u00e4s mer om foder till dr\u00e4ktig tik och digivande tikar.","robots":{"index":"index","follow":"follow","max-snippet":"max-snippet:-1","max-image-preview":"max-image-preview:large","max-video-preview":"max-video-preview:-1"},"canonical":"https:\/\/bozita.com\/se\/hundfoder\/nutrition-och-kost\/draktiga-och-digivande-tikar\/","og_locale":"sv_SE","og_type":"article","og_title":"Foder till dr\u00e4ktig tik - utfodring av digivande tik | Bozita","og_description":"Vad ska en dr\u00e4ktig tik \u00e4ta f\u00f6r mat? En frisk tik \u00e4r en f\u00f6ruts\u00e4ttning f\u00f6r friska och sunda valpar. L\u00e4s mer om foder till dr\u00e4ktig tik och digivande tikar.","og_url":"https:\/\/bozita.com\/se\/hundfoder\/nutrition-och-kost\/draktiga-och-digivande-tikar\/","og_site_name":"Bozita Sverige","article_modified_time":"2021-08-26T13:50:35+00:00","og_image":[{"width":800,"height":533,"url":"https:\/\/bozita.com\/se\/wp-content\/uploads\/sites\/5\/2021\/07\/bozita-utfodring-tik-draktig-digivande.jpeg","type":"image\/jpeg"}],"twitter_card":"summary_large_image","schema":{"@context":"https:\/\/schema.org","@graph":[{"@type":"WebPage","@id":"https:\/\/bozita.com\/se\/hundfoder\/nutrition-och-kost\/draktiga-och-digivande-tikar\/","url":"https:\/\/bozita.com\/se\/hundfoder\/nutrition-och-kost\/draktiga-och-digivande-tikar\/","name":"Foder till dr\u00e4ktig tik - utfodring av digivande tik | Bozita","isPartOf":{"@id":"https:\/\/bozita.com\/se\/#website"},"datePublished":"2021-06-20T20:25:34+00:00","dateModified":"2021-08-26T13:50:35+00:00","description":"Vad ska en dr\u00e4ktig tik \u00e4ta f\u00f6r mat? En frisk tik \u00e4r en f\u00f6ruts\u00e4ttning f\u00f6r friska och sunda valpar. L\u00e4s mer om foder till dr\u00e4ktig tik och digivande tikar.","breadcrumb":{"@id":"https:\/\/bozita.com\/se\/hundfoder\/nutrition-och-kost\/draktiga-och-digivande-tikar\/#breadcrumb"},"inLanguage":"sv-SE","potentialAction":[{"@type":"ReadAction","target":["https:\/\/bozita.com\/se\/hundfoder\/nutrition-och-kost\/draktiga-och-digivande-tikar\/"]}]},{"@type":"BreadcrumbList","@id":"https:\/\/bozita.com\/se\/hundfoder\/nutrition-och-kost\/draktiga-och-digivande-tikar\/#breadcrumb","itemListElement":[{"@type":"ListItem","position":1,"name":"Home","item":"https:\/\/bozita.com\/se\/"},{"@type":"ListItem","position":2,"name":"Hundfoder","item":"https:\/\/bozita.com\/se\/hundfoder\/"},{"@type":"ListItem","position":3,"name":"Nutrition och kost","item":"https:\/\/bozita.com\/se\/hundfoder\/nutrition-och-kost\/"},{"@type":"ListItem","position":4,"name":"Foder till dr\u00e4ktiga och digivande tikar"}]},{"@type":"WebSite","@id":"https:\/\/bozita.com\/se\/#website","url":"https:\/\/bozita.com\/se\/","name":"Bozita Sverige","description":"","potentialAction":[{"@type":"SearchAction","target":{"@type":"EntryPoint","urlTemplate":"https:\/\/bozita.com\/se\/?s={search_term_string}"},"query-input":"required name=search_term_string"}],"inLanguage":"sv-SE"}]}},"_links":{"self":[{"href":"https:\/\/bozita.com\/se\/wp-json\/wp\/v2\/pages\/1383"}],"collection":[{"href":"https:\/\/bozita.com\/se\/wp-json\/wp\/v2\/pages"}],"about":[{"href":"https:\/\/bozita.com\/se\/wp-json\/wp\/v2\/types\/page"}],"author":[{"embeddable":true,"href":"https:\/\/bozita.com\/se\/wp-json\/wp\/v2\/users\/1"}],"replies":[{"embeddable":true,"href":"https:\/\/bozita.com\/se\/wp-json\/wp\/v2\/comments?post=1383"}],"version-history":[{"count":17,"href":"https:\/\/bozita.com\/se\/wp-json\/wp\/v2\/pages\/1383\/revisions"}],"predecessor-version":[{"id":3921,"href":"https:\/\/bozita.com\/se\/wp-json\/wp\/v2\/pages\/1383\/revisions\/3921"}],"up":[{"embeddable":true,"href":"https:\/\/bozita.com\/se\/wp-json\/wp\/v2\/pages\/51"}],"wp:featuredmedia":[{"embeddable":true,"href":"https:\/\/bozita.com\/se\/wp-json\/wp\/v2\/media\/3270"}],"wp:attachment":[{"href":"https:\/\/bozita.com\/se\/wp-json\/wp\/v2\/media?parent=1383"}],"curies":[{"name":"wp","href":"https:\/\/api.w.org\/{rel}","templated":true}]}}