{"id":1445,"date":"2021-06-20T21:23:57","date_gmt":"2021-06-20T21:23:57","guid":{"rendered":"https:\/\/bozita.com\/se\/?page_id=1445"},"modified":"2021-08-26T13:52:06","modified_gmt":"2021-08-26T13:52:06","slug":"utfodring-av-valp","status":"publish","type":"page","link":"https:\/\/bozita.com\/se\/hundfoder\/nutrition-och-kost\/utfodring-av-valp\/","title":{"rendered":"Hur mycket ska en valp \u00e4ta och vad \u00e4r b\u00e4sta valpfodret?"},"content":{"rendered":"\t\t<section class=\"small-hero\">\n\t\t\t<div class=\"container\">\n\t\t\t\t<h1 class=\"small-hero-title\">Hur mycket ska en valp \u00e4ta och vad \u00e4r b\u00e4sta valpfodret?<\/h1><p><p>Hur mycket ska en valp \u00e4ta? Hur v\u00e4ljer jag b\u00e4sta valpfodret till min valp? Hur ofta ska valpen \u00e4ta?<\/p>\n<\/p>\t\t\t<\/div>\n\t\t\t<\/div>\n\t\t<\/section>\n\t\n\n\t<div class=\"text-box-warp\">\n\t\t<div class=\"container\">\n\t\t\t<div class=\"text-content\">\n\t\t\t\t<p><strong>Ja, detta \u00e4r n\u00e5gra av de m\u00e5nga saker som du beh\u00f6ver t\u00e4nka p\u00e5 som ny hund\u00e4gare. En v\u00e4xande hundvalp ska ha ett foder som \u00e4r anpassat f\u00f6r dess fas i livet, ett bra valpfoder helt enkelt. D\u00e5 kan du vara s\u00e4ker p\u00e5 att den f\u00e5r i sig allt den beh\u00f6ver, i r\u00e4tt m\u00e4ngd.<\/strong><\/p>\n<h2>ATT V\u00c4LJA B\u00c4STA VALPFODRET TILL SIN VALP<\/h2>\n<p>Hundar beh\u00f6ver ett foder som \u00e4r anpassat f\u00f6r det livsstadium de befinner sig i. F\u00f6r valpar rekommenderas ett foder som \u00e4r speciellt utvecklat f\u00f6r just valpar och v\u00e4xande hundar d\u00e5 valpens behov skiljer sig fr\u00e5n den vuxna hundens. Den ska p\u00e5 kort tid bygga upp hela kroppen \u2013 skelett, muskler, organ, v\u00e4vnader \u2013 och det \u00e4r d\u00e4rf\u00f6r viktigt att den f\u00e5r en v\u00e4l sammansatt kost.<\/p>\n<p>Valpfoder har r\u00e4tt niv\u00e5er av protein, fett och energi samt en balanserad kvot av kalcium och fosfor. Med ett bra valpfoder kan du lita p\u00e5 att hunden f\u00e5r i sig allt den beh\u00f6ver och i r\u00e4tt m\u00e4ngd s\u00e5 att den kan v\u00e4xa upp till en frisk individ.<\/p>\n<p>Storvuxna raser v\u00e4xer p\u00e5 ett lite annorlunda s\u00e4tt och l\u00f6per st\u00f6rre risk att drabbas av utvecklingsrubbningar i skelettet om de utfodras med ett foder som \u00e4r f\u00f6r kraftigt avseende energiinneh\u00e5ll och kalcium- och fosforniv\u00e5er. D\u00e4rf\u00f6r finns specialanpassade foder f\u00f6r just stora raser.<\/p>\n<ul>\n<li><a title=\"Valpfoder\" href=\"https:\/\/bozita.com\/se\/hundfoder\/valpfoder\/\" >Bozita valpfoder<\/a><\/li>\n<\/ul>\n<h2>HUR MYCKET OCH HUR OFTA SKA VALPEN \u00c4TA?<\/h2>\n<p>Hur mycket foder valpen ska \u00e4ta best\u00e4ms av dess nuvarande vikt, hur mycket den ska v\u00e4ga som vuxen och aktivitetsniv\u00e5. Titta g\u00e4rna p\u00e5 utfodringstabellen som brukar finnas p\u00e5 de flesta foderp\u00e5sar. Den fungerar som en bra guide f\u00f6r hur mycket foder din valp beh\u00f6ver \u00e4ta varje dag.<\/p>\n<p>Valpar har vanligtvis sin st\u00f6rsta tillv\u00e4xtkurva upp till 3\u20136 m\u00e5nader och det st\u00f6rsta energibehovet per kroppsvikt upp till 50 procent av sin vuxna vikt. Samtidigt har en valp inte lika stor mags\u00e4ck som en vuxen hund och dess matsm\u00e4ltning \u00e4r inte helt f\u00e4rdigutvecklad. S\u00e5 n\u00e4r det g\u00e4ller hur ofta valpen ska \u00e4ta, kan du med f\u00f6rdel f\u00f6rdela valpens dagsgiva \u00f6ver ett flertal mindre m\u00e5ltider under dagen, ungef\u00e4r 4\u20135 tillf\u00e4llen. D\u00e5 f\u00e5r valpen i sig tillr\u00e4ckligt med energi utan att f\u00e5 problem med magen. Du kan g\u00e4rna ocks\u00e5 bl\u00f6ta upp maten s\u00e5 att den blir l\u00e4ttare att b\u00e5de tugga och sm\u00e4lta. Runt 8 m\u00e5nader kan du minska ner till 2 givor per dag.<\/p>\n<p>Valpar ska inte h\u00e5llas f\u00f6r h\u00f6gt i hull d\u00e5 \u00f6verbelastningen som det inneb\u00e4r riskerar att skada det omogna skelettet. \u00d6vervikt har ocks\u00e5 en tendens att f\u00f6lja med hunden in i vuxen \u00e5lder. Du ska inte kunna se valpens revben, men du ska med l\u00e4tthet kunna k\u00e4nna dem.<\/p>\n<p>Om din hund \u00e4r frisk och pigg i allm\u00e4nhet och p\u00e4lsen \u00e4r i god kondition fungerar sannolikt det foder du ger den bra.<\/p>\n<h2>N\u00c4R SKA MAN BYTA FR\u00c5N VALPFODER TILL VUXENFODER<\/h2>\n<p>N\u00e4r du ska sluta ge din valp valpfoder och byta till ett vuxenfoder i st\u00e4llet beror lite p\u00e5 vilken hundras du har. Bytet fr\u00e5n valpfoder till vuxenfoder b\u00f6r ske n\u00e4r hunden uppn\u00e5tt sin fulla vuxenvikt. Dv\u00e4rghundar och sm\u00e5 och medelstora raser har v\u00e4xt f\u00e4rdigt runt 8\u201312 m\u00e5naders \u00e5lder. F\u00f6r stora raser tar det n\u00e5got l\u00e4ngre tid att v\u00e4xa f\u00e4rdigt, ungef\u00e4r 12\u201315 m\u00e5nader och f\u00f6r riktigt stora raser kan det dr\u00f6ja upp till 18\u201324 m\u00e5nader innan de n\u00e5tt sin fulla kroppsvikt.<\/p>\n<p><strong>Vidare l\u00e4sning<\/strong><\/p>\n<ul>\n<li><a title=\"Fr\u00e5n valp till vuxen hund\" href=\"https:\/\/bozita.com\/se\/hund\/hundens-utveckling\/valpens-utveckling-fran-valp-till-vuxen-hund\/\" >Valpens utveckling fr\u00e5n valp till vuxen hund<\/a><\/li>\n<li><a title=\"Byta fr\u00e5n valpfoder till vuxenfoder\" href=\"https:\/\/bozita.com\/se\/byta-fran-valpfoder-till-vuxenfoder\/\" >Byta fr\u00e5n valpfoder till vuxenfoder, s\u00e5 g\u00f6r du<\/a><\/li>\n<\/ul>\n<h2>VAD SKA VALPEN \u00c4TA N\u00c4R VI F\u00c5TT HEM DEN?<\/h2>\n<p>Den f\u00f6rsta tiden efter flytten fr\u00e5n uppf\u00f6daren och hem till sitt permanenta hem b\u00f6r valpen \u00e4ta samma foder som den fick hos uppf\u00f6daren. Att l\u00e4mna sin mamma och sin ursprungliga trygghet \u00e4r en tillr\u00e4ckligt stor omst\u00e4llning. Om du byter foder i samband med flytten \u00e4r risken stor att den sammanlagda stressen orsakar st\u00f6rningar i valpens mag- och tarmkanal.<\/p>\n<h2>BYT FODER L\u00c5NGSAMT<\/h2>\n<p>N\u00e4r man byter foder till en hund \u00e4r det viktigt att inte byta \u00f6ver till det nya fodret direkt utan l\u00e5ter foderbytet ske l\u00e5ngsamt. B\u00f6rja ge lite av det nya fodret tillsammans med det gamla och \u00f6ka sedan m\u00e4ngden av det nya fodret tills hunden utfodras fullt ut med det nya fodret.<\/p>\n<p><strong>Vidare l\u00e4sning<\/strong><\/p>\n<ul>\n<li><a title=\"Byta fr\u00e5n valpfoder till vuxenfoder\" href=\"https:\/\/bozita.com\/se\/byta-fran-valpfoder-till-vuxenfoder\/\" >Byta fr\u00e5n valpfoder till vuxenfoder, s\u00e5 g\u00f6r du<\/a><\/li>\n<\/ul>\n\t\t\t<\/div>\n\t\t<\/div>\n\t<\/div>\n\n\n<section class=\"block product-promos\">\n\t<div class=\"container\">\n\t\t<div class=\"row align-items-center\">\n\t\t\t<div class=\"col-md-5\">\n\t\t\t\t<div class=\"prdt__promos-heading\">\n\t\t\t\t\t<h3>\n\t\t\t\t\t\tBra foder f\u00f6r valpar och v\u00e4xande unghundar\t\t\t\t\t<\/h3>\n\t\t\t\t\t\t\t\t\t<\/div>\n\t\t\t<\/div>\n\t\t\t<div class=\"col-md-7\">\n\t\t\t\t\t\t\t\t\t<div class=\"owl-carousel owl-theme product-promo-carousel\">\n\t\t\t\t\t\t\t\t\t\t\t\t\t<a href=\"https:\/\/bozita.com\/se\/?post_type=products&#038;p=708\">\n\t\t\t\t\t\t\t\t<div class=\"blk__prdt-item\">\n\t\t\t\t\t\t\t\t\t<figure>\n\t\t\t\t\t\t\t\t\t\t<img loading=\"lazy\" decoding=\"async\" width=\"400\" height=\"457\" src=\"https:\/\/bozita.com\/se\/wp-content\/uploads\/sites\/5\/2021\/06\/2035-bozita-robur-mother-puppy.png\" class=\"attachment-post-thumbnail size-post-thumbnail wp-post-image\" alt=\"ACTIVE &amp; STERILISERAD MED LAMM\" srcset=\"https:\/\/bozita.com\/se\/wp-content\/uploads\/sites\/5\/2021\/06\/2035-bozita-robur-mother-puppy.png 400w, https:\/\/bozita.com\/se\/wp-content\/uploads\/sites\/5\/2021\/06\/2035-bozita-robur-mother-puppy-263x300.png 263w\" sizes=\"(max-width: 400px) 100vw, 400px\" \/>\t\t\t\t\t\t\t\t\t\t\t\t\t\t\t\t\t\t\t<\/figure>\n\t\t\t\t\t\t\t\t\t<h4 class=\"carousel-title\"><\/h4>\n\t\t\t\t\t\t\t\t\t<span class=\"carousel-category\">ROBUR MOTHER &#038; PUPPY<\/span>\n\t\t\t\t\t\t\t\t\t  \n\t\t\t\t\t\t\t\t\t<ul class=\"category-list\">\n\t\t\t\t\t\t\t\t\t\t\t\t\t\t\t\t\t\t\t\t\t\t\t<li class=\"svg-image\">\n\t\t\t\t\t\t\t\t\t\t\t\t\t\t<img decoding=\"async\" src=\"https:\/\/bozita.com\/se\/wp-content\/uploads\/sites\/5\/2021\/06\/icon-wheat-free.svg\" \/>\n\t\t\t\t\t\t\t\t\t\t\t\t\t<\/li>\n\t\t\t\t\t\t\t\t\t\t\t\t\t\t\t\t\t\t\t\t\t\t\t\t\t\t\t\t\t\t\t\t\t\t\t\t<li class=\"svg-image\">\n\t\t\t\t\t\t\t\t\t\t\t\t\t\t<img decoding=\"async\" src=\"https:\/\/bozita.com\/se\/wp-content\/uploads\/sites\/5\/2021\/06\/icon-flavour-chicken.svg\" \/>\n\t\t\t\t\t\t\t\t\t\t\t\t\t<\/li>\n\t\t\t\t\t\t\t\t\t\t\t\t\t\t\t\t\t\t\t\t\t\t<\/ul>       \n\n\t\t\t\t\t\t\t\t<\/div>\n\t\t\t\t\t\t\t<\/a>\n\t\t\t\t\t\t\t\t\t\t\t\t\t\t\t\t\t\t\t\t<a href=\"https:\/\/bozita.com\/se\/hundfoder\/bozita-robur-mother-puppy-xl-old\/\">\n\t\t\t\t\t\t\t\t<div class=\"blk__prdt-item\">\n\t\t\t\t\t\t\t\t\t<figure>\n\t\t\t\t\t\t\t\t\t\t<img loading=\"lazy\" decoding=\"async\" width=\"400\" height=\"457\" src=\"https:\/\/bozita.com\/se\/wp-content\/uploads\/sites\/5\/2021\/06\/2036-bozita-robur-mother-puppy-xl.png\" class=\"attachment-post-thumbnail size-post-thumbnail wp-post-image\" alt=\"ACTIVE &amp; STERILISERAD MED LAMM\" srcset=\"https:\/\/bozita.com\/se\/wp-content\/uploads\/sites\/5\/2021\/06\/2036-bozita-robur-mother-puppy-xl.png 400w, https:\/\/bozita.com\/se\/wp-content\/uploads\/sites\/5\/2021\/06\/2036-bozita-robur-mother-puppy-xl-263x300.png 263w\" sizes=\"(max-width: 400px) 100vw, 400px\" \/>\t\t\t\t\t\t\t\t\t\t\t\t\t\t\t\t\t\t\t<\/figure>\n\t\t\t\t\t\t\t\t\t<h4 class=\"carousel-title\"><\/h4>\n\t\t\t\t\t\t\t\t\t<span class=\"carousel-category\">ROBUR MOTHER &#038; PUPPY XL<\/span>\n\t\t\t\t\t\t\t\t\t  \n\t\t\t\t\t\t\t\t\t<ul class=\"category-list\">\n\t\t\t\t\t\t\t\t\t\t\t\t\t\t\t\t\t\t\t\t\t\t\t<li class=\"svg-image\">\n\t\t\t\t\t\t\t\t\t\t\t\t\t\t<img decoding=\"async\" src=\"https:\/\/bozita.com\/se\/wp-content\/uploads\/sites\/5\/2021\/06\/icon-wheat-free.svg\" \/>\n\t\t\t\t\t\t\t\t\t\t\t\t\t<\/li>\n\t\t\t\t\t\t\t\t\t\t\t\t\t\t\t\t\t\t\t\t\t\t\t\t\t\t\t\t\t\t\t\t\t\t\t\t<li class=\"svg-image\">\n\t\t\t\t\t\t\t\t\t\t\t\t\t\t<img decoding=\"async\" src=\"https:\/\/bozita.com\/se\/wp-content\/uploads\/sites\/5\/2021\/06\/icon-flavour-chicken.svg\" \/>\n\t\t\t\t\t\t\t\t\t\t\t\t\t<\/li>\n\t\t\t\t\t\t\t\t\t\t\t\t\t\t\t\t\t\t\t\t\t\t<\/ul>       \n\n\t\t\t\t\t\t\t\t<\/div>\n\t\t\t\t\t\t\t<\/a>\n\t\t\t\t\t\t\t\t\t\t\t\t\t\t\t\t\t\t\t\t\t\t\t\t\t\t\t<a href=\"https:\/\/bozita.com\/se\/hundfoder\/bozita-puppy-junior-wheat-free\/\">\n\t\t\t\t\t\t\t\t<div class=\"blk__prdt-item\">\n\t\t\t\t\t\t\t\t\t<figure>\n\t\t\t\t\t\t\t\t\t\t<img loading=\"lazy\" decoding=\"async\" width=\"400\" height=\"400\" src=\"https:\/\/bozita.com\/se\/wp-content\/uploads\/sites\/5\/2021\/06\/4043-bozita-puppy-junior-wheat-free-12-5-kg.png\" class=\"attachment-post-thumbnail size-post-thumbnail wp-post-image\" alt=\"ACTIVE &amp; STERILISERAD MED LAMM\" srcset=\"https:\/\/bozita.com\/se\/wp-content\/uploads\/sites\/5\/2021\/06\/4043-bozita-puppy-junior-wheat-free-12-5-kg.png 400w, https:\/\/bozita.com\/se\/wp-content\/uploads\/sites\/5\/2021\/06\/4043-bozita-puppy-junior-wheat-free-12-5-kg-300x300.png 300w, https:\/\/bozita.com\/se\/wp-content\/uploads\/sites\/5\/2021\/06\/4043-bozita-puppy-junior-wheat-free-12-5-kg-150x150.png 150w\" sizes=\"(max-width: 400px) 100vw, 400px\" \/>\t\t\t\t\t\t\t\t\t\t\t\t\t\t\t\t\t\t\t<\/figure>\n\t\t\t\t\t\t\t\t\t<h4 class=\"carousel-title\"><\/h4>\n\t\t\t\t\t\t\t\t\t<span class=\"carousel-category\">BOZITA PUPPY &#038; JUNIOR WHEAT FREE<\/span>\n\t\t\t\t\t\t\t\t\t  \n\t\t\t\t\t\t\t\t\t<ul class=\"category-list\">\n\t\t\t\t\t\t\t\t\t\t\t\t\t\t\t\t\t\t\t\t\t\t\t<li class=\"svg-image\">\n\t\t\t\t\t\t\t\t\t\t\t\t\t\t<img decoding=\"async\" src=\"https:\/\/bozita.com\/se\/wp-content\/uploads\/sites\/5\/2021\/06\/icon-wheat-free.svg\" \/>\n\t\t\t\t\t\t\t\t\t\t\t\t\t<\/li>\n\t\t\t\t\t\t\t\t\t\t\t\t\t\t\t\t\t\t\t\t\t\t\t\t\t\t\t\t\t\t\t\t\t\t\t\t<li class=\"svg-image\">\n\t\t\t\t\t\t\t\t\t\t\t\t\t\t<img decoding=\"async\" src=\"https:\/\/bozita.com\/se\/wp-content\/uploads\/sites\/5\/2021\/06\/icon-flavour-chicken.svg\" \/>\n\t\t\t\t\t\t\t\t\t\t\t\t\t<\/li>\n\t\t\t\t\t\t\t\t\t\t\t\t\t\t\t\t\t\t\t\t\t\t<\/ul>       \n\n\t\t\t\t\t\t\t\t<\/div>\n\t\t\t\t\t\t\t<\/a>\n\t\t\t\t\t\t\t\t\t\t\t\t\t\t\t\t\t\t<\/div>\n\t\t\t\t\t\t\t<\/div>\n\t\t<\/div>\n\t<\/div>\n<\/section>\n<script>\njQuery(document).ready(function($) {\n\tjQuery('.product-promo-carousel').owlCarousel({\n\tloop: true,\n\tmargin: 10,\n\tresponsiveClass: true,\n\tresponsive: {\n\t\t0: {\n\t\titems: 1,\n\t\tnav: true\n\t\t},\n\t\t600: {\n\t\titems: 1,\n\t\tnav: true\n\t\t},\n\t\t1000: {\n\t\titems: 2,\n\t\tnav: true,\n\t\t}\n\t}\n\t})\n\tjQuery(\".owl-prev\").html('<span><<\/span>');\n\tjQuery(\".owl-next\").html('<span>><\/span>');\n\n\tvar slider = jQuery('.promo-slider-list');\n\tslider.owlCarousel();\n\tjQuery('.nextbtn-a').click(function() {\n\tslider.trigger('next.owl.carousel');\n\t})\n\t\/\/ Go to the previous item\n\tjQuery('.prebtn-a').click(function() {\n\tslider.trigger('prev.owl.carousel', [300]);\n\t})\n});\n<\/script>\n\n\n\n\t<section class=\"block related-articles\">\n\t\t<div class=\"container\">\n\t\t\t<h2>Relaterade artiklar<\/h2>\n\t\t\t<div class=\"row justify-content-center\">\n\t\t\t\t\t\t\t\t\t\t<div class=\"col-sm-6 col-md-6 col-lg-3\">\n\t\t\t\t\t\t\t\t\t\t\t\t\t\t<div class=\"card \">\n\t\t\t\t\t\t\t\t\t\t\t\t\t\t\t\t\t<img decoding=\"async\"  src=\"https:\/\/bozita.com\/se\/wp-content\/uploads\/sites\/5\/2021\/07\/bozita-hund-byta-valpfoder-vuxenfoder.jpeg\" alt=\"\">\n\t\t\t\t\t\t\t\t\t\t\t\t\t\t\t\t\t<!-- <img decoding=\"async\" src=\"\n\t\t\t\t\t\t\t\t\t\t\t\t\t\t\t\t\t\t\t\t\" alt=\"\n\t\t\t\t\t\t\t\t\t\t\t\t\t\t\t\t\t\t\t\t\t\t\t\t\t\t\t\"> -->\n\t\t\t\t\t\t\t\t<div class=\"card-body\">\n\t\t\t\t\t\t\t\t\t\t\t\t\t\t\t\t\t\t\t<h6>Byta fr\u00e5n valpfoder till vuxenfoder<\/h6>\n\t\t\t\t\t\t\t\t\t\t\t\t\t\t\t\t\t\t\t<a href=\"https:\/\/bozita.com\/se\/hundfoder\/nutrition-och-kost\/byta-fran-valpfoder-till-vuxenfoder\/\">L\u00e4s mer &nbsp; ><\/a>\n\t\t\t\t\t\t\t\t<\/div>\n\t\t\t\t\t\t\t<\/div>\n\t\t\t\t\t\t<\/div>\n\n\t\t\t\t\t\t\t\t\t\t\t<div class=\"col-sm-6 col-md-6 col-lg-3\">\n\t\t\t\t\t\t\t\t\t\t\t\t\t\t<div class=\"card \">\n\t\t\t\t\t\t\t\t\t\t\t\t\t\t\t\t\t<img decoding=\"async\"  src=\"https:\/\/bozita.com\/se\/wp-content\/uploads\/sites\/5\/2021\/07\/bozita-utfodring-tik-draktig-digivande.jpeg\" alt=\"\">\n\t\t\t\t\t\t\t\t\t\t\t\t\t\t\t\t\t<!-- <img decoding=\"async\" src=\"\n\t\t\t\t\t\t\t\t\t\t\t\t\t\t\t\t\t\t\t\t\" alt=\"\n\t\t\t\t\t\t\t\t\t\t\t\t\t\t\t\t\t\t\t\t\t\t\t\t\t\t\t\"> -->\n\t\t\t\t\t\t\t\t<div class=\"card-body\">\n\t\t\t\t\t\t\t\t\t\t\t\t\t\t\t\t\t\t\t<h6>Foder till dr\u00e4ktiga och digivande tikar<\/h6>\n\t\t\t\t\t\t\t\t\t\t\t\t\t\t\t\t\t\t\t<a href=\"https:\/\/bozita.com\/se\/hundfoder\/nutrition-och-kost\/draktiga-och-digivande-tikar\/\">L\u00e4s mer &nbsp; ><\/a>\n\t\t\t\t\t\t\t\t<\/div>\n\t\t\t\t\t\t\t<\/div>\n\t\t\t\t\t\t<\/div>\n\n\t\t\t\t\t\t\t\t\t\t\t<div class=\"col-sm-6 col-md-6 col-lg-3\">\n\t\t\t\t\t\t\t\t\t\t\t\t\t\t<div class=\"card \">\n\t\t\t\t\t\t\t\t\t\t\t\t\t\t\t\t\t<img decoding=\"async\"  src=\"https:\/\/bozita.com\/se\/wp-content\/uploads\/sites\/5\/2021\/07\/bozita-hund-borsta-tander-hygien.jpeg\" alt=\"\">\n\t\t\t\t\t\t\t\t\t\t\t\t\t\t\t\t\t<!-- <img decoding=\"async\" src=\"\n\t\t\t\t\t\t\t\t\t\t\t\t\t\t\t\t\t\t\t\t\" alt=\"\n\t\t\t\t\t\t\t\t\t\t\t\t\t\t\t\t\t\t\t\t\t\t\t\t\t\t\t\"> -->\n\t\t\t\t\t\t\t\t<div class=\"card-body\">\n\t\t\t\t\t\t\t\t\t\t\t\t\t\t\t\t\t\t\t<h6>Tandsten hos hund &#8211; hundens t\u00e4nder<\/h6>\n\t\t\t\t\t\t\t\t\t\t\t\t\t\t\t\t\t\t\t<a href=\"https:\/\/bozita.com\/se\/hund\/hundens-halsa\/hundens-munhygien-tander-tandborstning\/\">L\u00e4s mer &nbsp; ><\/a>\n\t\t\t\t\t\t\t\t<\/div>\n\t\t\t\t\t\t\t<\/div>\n\t\t\t\t\t\t<\/div>\n\n\t\t\t\t\t\t\t\t\t\t\t\t<\/div>\n\t\t<\/div>\n\t<\/section>\n","protected":false},"excerpt":{"rendered":"","protected":false},"author":1,"featured_media":1430,"parent":51,"menu_order":0,"comment_status":"closed","ping_status":"closed","template":"guternberg.php","meta":{"footnotes":""},"acf":[],"yoast_head":"<!-- This site is optimized with the Yoast SEO plugin v21.3 - https:\/\/yoast.com\/wordpress\/plugins\/seo\/ -->\n<title>Hur mycket ska en valp \u00e4ta? Vad \u00e4r b\u00e4sta valpfodret? | Bozita<\/title>\n<meta name=\"description\" content=\"Vad ska valpen \u00e4ta? Hur mycket ska en valp \u00e4ta och hur v\u00e4ljer jag det b\u00e4sta valpfodret? Hur ofta ska valpen \u00e4ta? Bozita ger r\u00e5d och svarar p\u00e5 dina fr\u00e5gor.\" \/>\n<meta name=\"robots\" content=\"index, follow, max-snippet:-1, max-image-preview:large, max-video-preview:-1\" \/>\n<link rel=\"canonical\" href=\"https:\/\/bozita.com\/se\/hundfoder\/nutrition-och-kost\/utfodring-av-valp\/\" \/>\n<meta property=\"og:locale\" content=\"sv_SE\" \/>\n<meta property=\"og:type\" content=\"article\" \/>\n<meta property=\"og:title\" content=\"Hur mycket ska en valp \u00e4ta? Vad \u00e4r b\u00e4sta valpfodret? | Bozita\" \/>\n<meta property=\"og:description\" content=\"Vad ska valpen \u00e4ta? Hur mycket ska en valp \u00e4ta och hur v\u00e4ljer jag det b\u00e4sta valpfodret? Hur ofta ska valpen \u00e4ta? Bozita ger r\u00e5d och svarar p\u00e5 dina fr\u00e5gor.\" \/>\n<meta property=\"og:url\" content=\"https:\/\/bozita.com\/se\/hundfoder\/nutrition-och-kost\/utfodring-av-valp\/\" \/>\n<meta property=\"og:site_name\" content=\"Bozita Sverige\" \/>\n<meta property=\"article:modified_time\" content=\"2021-08-26T13:52:06+00:00\" \/>\n<meta property=\"og:image\" content=\"https:\/\/bozita.com\/se\/wp-content\/uploads\/sites\/5\/2021\/06\/bozita-utfodra-valp.jpg\" \/>\n\t<meta property=\"og:image:width\" content=\"1600\" \/>\n\t<meta property=\"og:image:height\" content=\"578\" \/>\n\t<meta property=\"og:image:type\" content=\"image\/jpeg\" \/>\n<meta name=\"twitter:card\" content=\"summary_large_image\" \/>\n<!-- \/ Yoast SEO plugin. -->","yoast_head_json":{"title":"Hur mycket ska en valp \u00e4ta? Vad \u00e4r b\u00e4sta valpfodret? | Bozita","description":"Vad ska valpen \u00e4ta? Hur mycket ska en valp \u00e4ta och hur v\u00e4ljer jag det b\u00e4sta valpfodret? Hur ofta ska valpen \u00e4ta? Bozita ger r\u00e5d och svarar p\u00e5 dina fr\u00e5gor.","robots":{"index":"index","follow":"follow","max-snippet":"max-snippet:-1","max-image-preview":"max-image-preview:large","max-video-preview":"max-video-preview:-1"},"canonical":"https:\/\/bozita.com\/se\/hundfoder\/nutrition-och-kost\/utfodring-av-valp\/","og_locale":"sv_SE","og_type":"article","og_title":"Hur mycket ska en valp \u00e4ta? Vad \u00e4r b\u00e4sta valpfodret? | Bozita","og_description":"Vad ska valpen \u00e4ta? Hur mycket ska en valp \u00e4ta och hur v\u00e4ljer jag det b\u00e4sta valpfodret? Hur ofta ska valpen \u00e4ta? Bozita ger r\u00e5d och svarar p\u00e5 dina fr\u00e5gor.","og_url":"https:\/\/bozita.com\/se\/hundfoder\/nutrition-och-kost\/utfodring-av-valp\/","og_site_name":"Bozita Sverige","article_modified_time":"2021-08-26T13:52:06+00:00","og_image":[{"width":1600,"height":578,"url":"https:\/\/bozita.com\/se\/wp-content\/uploads\/sites\/5\/2021\/06\/bozita-utfodra-valp.jpg","type":"image\/jpeg"}],"twitter_card":"summary_large_image","schema":{"@context":"https:\/\/schema.org","@graph":[{"@type":"WebPage","@id":"https:\/\/bozita.com\/se\/hundfoder\/nutrition-och-kost\/utfodring-av-valp\/","url":"https:\/\/bozita.com\/se\/hundfoder\/nutrition-och-kost\/utfodring-av-valp\/","name":"Hur mycket ska en valp \u00e4ta? Vad \u00e4r b\u00e4sta valpfodret? | Bozita","isPartOf":{"@id":"https:\/\/bozita.com\/se\/#website"},"datePublished":"2021-06-20T21:23:57+00:00","dateModified":"2021-08-26T13:52:06+00:00","description":"Vad ska valpen \u00e4ta? Hur mycket ska en valp \u00e4ta och hur v\u00e4ljer jag det b\u00e4sta valpfodret? Hur ofta ska valpen \u00e4ta? Bozita ger r\u00e5d och svarar p\u00e5 dina fr\u00e5gor.","breadcrumb":{"@id":"https:\/\/bozita.com\/se\/hundfoder\/nutrition-och-kost\/utfodring-av-valp\/#breadcrumb"},"inLanguage":"sv-SE","potentialAction":[{"@type":"ReadAction","target":["https:\/\/bozita.com\/se\/hundfoder\/nutrition-och-kost\/utfodring-av-valp\/"]}]},{"@type":"BreadcrumbList","@id":"https:\/\/bozita.com\/se\/hundfoder\/nutrition-och-kost\/utfodring-av-valp\/#breadcrumb","itemListElement":[{"@type":"ListItem","position":1,"name":"Home","item":"https:\/\/bozita.com\/se\/"},{"@type":"ListItem","position":2,"name":"Hundfoder","item":"https:\/\/bozita.com\/se\/hundfoder\/"},{"@type":"ListItem","position":3,"name":"Nutrition och kost","item":"https:\/\/bozita.com\/se\/hundfoder\/nutrition-och-kost\/"},{"@type":"ListItem","position":4,"name":"Hur mycket ska en valp \u00e4ta och vad \u00e4r b\u00e4sta valpfodret?"}]},{"@type":"WebSite","@id":"https:\/\/bozita.com\/se\/#website","url":"https:\/\/bozita.com\/se\/","name":"Bozita Sverige","description":"","potentialAction":[{"@type":"SearchAction","target":{"@type":"EntryPoint","urlTemplate":"https:\/\/bozita.com\/se\/?s={search_term_string}"},"query-input":"required name=search_term_string"}],"inLanguage":"sv-SE"}]}},"_links":{"self":[{"href":"https:\/\/bozita.com\/se\/wp-json\/wp\/v2\/pages\/1445"}],"collection":[{"href":"https:\/\/bozita.com\/se\/wp-json\/wp\/v2\/pages"}],"about":[{"href":"https:\/\/bozita.com\/se\/wp-json\/wp\/v2\/types\/page"}],"author":[{"embeddable":true,"href":"https:\/\/bozita.com\/se\/wp-json\/wp\/v2\/users\/1"}],"replies":[{"embeddable":true,"href":"https:\/\/bozita.com\/se\/wp-json\/wp\/v2\/comments?post=1445"}],"version-history":[{"count":22,"href":"https:\/\/bozita.com\/se\/wp-json\/wp\/v2\/pages\/1445\/revisions"}],"predecessor-version":[{"id":4085,"href":"https:\/\/bozita.com\/se\/wp-json\/wp\/v2\/pages\/1445\/revisions\/4085"}],"up":[{"embeddable":true,"href":"https:\/\/bozita.com\/se\/wp-json\/wp\/v2\/pages\/51"}],"wp:featuredmedia":[{"embeddable":true,"href":"https:\/\/bozita.com\/se\/wp-json\/wp\/v2\/media\/1430"}],"wp:attachment":[{"href":"https:\/\/bozita.com\/se\/wp-json\/wp\/v2\/media?parent=1445"}],"curies":[{"name":"wp","href":"https:\/\/api.w.org\/{rel}","templated":true}]}}