{"id":1458,"date":"2021-06-20T21:32:33","date_gmt":"2021-06-20T21:32:33","guid":{"rendered":"https:\/\/bozita.com\/se\/?page_id=1458"},"modified":"2022-06-20T13:32:17","modified_gmt":"2022-06-20T13:32:17","slug":"hundfoder-for-kanslig-mage","status":"publish","type":"page","link":"https:\/\/bozita.com\/se\/hundfoder\/nutrition-och-kost\/hundfoder-for-kanslig-mage\/","title":{"rendered":"Hundfoder f\u00f6r k\u00e4nslig mage"},"content":{"rendered":"\t\t<section class=\"small-hero\">\n\t\t\t<div class=\"container\">\n\t\t\t\t<h1 class=\"small-hero-title\">Hundfoder f\u00f6r k\u00e4nslig mage<\/h1>\t\t\t<\/div>\n\t\t\t<\/div>\n\t\t<\/section>\n\t\n\n\t<div class=\"text-box-warp\">\n\t\t<div class=\"container\">\n\t\t\t<div class=\"text-content\">\n\t\t\t\t<p><strong>Precis som oss m\u00e4nniskor kan hundar ha k\u00e4nslig mage, bli d\u00e5liga i magen, l\u00f6sa i magen eller f\u00e5 diarr\u00e9. Har hunden en k\u00e4nslig mage \u00e4r det viktigt att den f\u00e5r r\u00e4tt foder f\u00f6r att ha en bra balanserad mage, kunna ta upp n\u00e4rings\u00e4mnena optimalt och h\u00e5lla sig frisk och kry. En obalanserad mage under en l\u00e4ngre period kan leda till andra symptom och problem \u00e4n de v\u00e4ldigt uppenbara. Detta d\u00e5 motst\u00e5ndet hos immunf\u00f6rsvaret minskar om din hund har en obalanserad mage.<\/strong><\/p>\n<h2>HUNDMAT TILL HUND SOM \u00c4R D\u00c5LIG I MAGEN<\/h2>\n<p>Vilket hundfoder en hund med k\u00e4nslig mage beh\u00f6ver beror lite p\u00e5 fr\u00e5n individ till individ och vad det \u00e4r som g\u00f6r att hundens mage reagerar som den g\u00f6r. Generellt kan m\u00e5nga hundar reagera p\u00e5 f\u00f6r energit\u00e4ta foder, det vill s\u00e4ga foder med h\u00f6g fetthalt. Man brukar ocks\u00e5 f\u00f6rs\u00f6ka byta animalisk proteink\u00e4lla f\u00f6r att se om det fungerar b\u00e4ttre.<\/p>\n<h2>HUR VET MAN OM HUNDEN BEH\u00d6VER HUNDFODER F\u00d6R K\u00c4NSLIG MAGE?<\/h2>\n<p>Hundens avf\u00f6ring \u00e4r den b\u00e4sta ledtr\u00e5den till hur hundens mage m\u00e5r. En l\u00f6sare avf\u00f6ring under en l\u00e4ngre period \u00e4r ett tecken p\u00e5 att hundens mage inte \u00e4r riktigt i balans med det foder som den \u00e4ter. En hund med k\u00e4nslig mage kan ocks\u00e5 reagera starkare vid ett foderbyte eller p\u00e5 att f\u00e5 lite nya tuggben och godis. En hund med k\u00e4nslig mage ska alltid ha foderbyte under en l\u00e4ngre period f\u00f6r att magen ska hinna v\u00e4nja sig. Dock ska man vara uppm\u00e4rksam p\u00e5 under foderbytet om hunden blir d\u00e5lig i magen, d\u00e5 kan det vara ett tecken p\u00e5 att hunden inte riktigt klarar det nya fodret.<\/p>\n<h2>DIARR\u00c9 HOS HUND<\/h2>\n<p>Hundar f\u00e5r emellan\u00e5t diarr\u00e9 eller blir l\u00f6sa i magen. I de allra flesta fall \u00e4r det helt ofarligt och kan bero p\u00e5 saker som att man bytt foder eller att hunden \u00e4tit n\u00e5got som rubbat tarmfloran.<\/p>\n<p>Det g\u00e5r ocks\u00e5 ofta snabbt \u00f6ver. Det man kan g\u00f6ra om hunden uppvisar symptom p\u00e5 diarr\u00e9 \u00e4r att ta bort maten och avvakta med att ge n\u00e5got innan det har lugnat ner sig. Hunden ska alltid ha fri tillg\u00e5ng till vatten d\u00e5 man f\u00f6rlorar mycket v\u00e4tska vid diarre. N\u00e4r magen verkar ha lugnat ner sig kan man successivt b\u00f6rja ge lite foder eller koka lite ris och ge v\u00e4ldigt sm\u00e5 portioner i taget. Var uppm\u00e4rksam p\u00e5 om hundens mage b\u00f6rjar reagera igen. D\u00e5 har du gett f\u00f6r snabbt eller f\u00f6r mycket.<\/p>\n<h2>HUND MED DIARR\u00c9 &#8211; N\u00c4R SKA JAG UPPS\u00d6KA VETERIN\u00c4R?<\/h2>\n<p>H\u00e5ll noga uppsikt \u00f6ver hunden vid diarr\u00e9 och upps\u00f6k alltid veterin\u00e4r om det finns blod i avf\u00f6ringen, om hunden har nedsatt allm\u00e4ntillst\u00e5nd, f\u00f6rlorar mycket v\u00e4tska eller inte blir b\u00e4ttre. F\u00f6r valpar \u00e4r det extra viktigt att tidigt upps\u00f6ka veterin\u00e4r vid diarr\u00e9 d\u00e5 det snabbt kan bli livshotande f\u00f6r en liten valp som f\u00f6rlorar v\u00e4tska snabbt. Kontakta alltid din veterin\u00e4r om du k\u00e4nner dig os\u00e4ker.<\/p>\n<h2>F\u00d6REBYGG ATT HUNDEN BLIR L\u00d6S I MAGEN<\/h2>\n<p>Att f\u00f6rebygga att hunden blir l\u00f6s i magen eller f\u00e5r diarr\u00e9 kan ibland vara l\u00e4ttare sagt \u00e4n gjort. V\u00e5ra hundar kan vara duktiga p\u00e5 att snabbt hitta saker att smaska i sig p\u00e5 promenaden som kan g\u00f6ra att magen blir obalanserad och som ett resultat kan bli l\u00f6s i magen eller f\u00e5 diarr\u00e9. Det b\u00e4sta \u00e4r dock att hitta ett hundfoder som fungerar f\u00f6r din hunds mage och som h\u00e5ller magen i balans. Den har d\u00e5 st\u00f6rre motst\u00e5ndskraft mot ov\u00e4ntade saker. F\u00f6rs\u00f6k ocks\u00e5 att h\u00e5lla koll p\u00e5 hunden n\u00e4r ni \u00e4r ute s\u00e5 den inte stoppar n\u00e5got i munnen som den inte ska.<\/p>\n<h2>BOZITAS HUNDMAT OCH HUNDFODER F\u00d6R K\u00c4NSLIG MAGE<\/h2>\n<p>Vad hundens mage \u00e4r k\u00e4nslig f\u00f6r varierar fr\u00e5n hund till hund och f\u00f6r en ordentlig utredning b\u00f6r man kontakta veterin\u00e4r. Generellt s\u00e5 brukar v\u00e4ldigt energit\u00e4ta foder (foder som har h\u00f6g fetthalt) och vissa protein- och spannm\u00e5lsk\u00e4llor g\u00f6ra att hundens mage reagerar. Vi p\u00e5 Bozita har tillsammans med v\u00e5ra nutritionister tagit fram foder f\u00f6r hundar som \u00e4r skonsamt f\u00f6r magen.<\/p>\n<p>F\u00f6r att hitta Bozita hundfoder f\u00f6r k\u00e4nslig mage, bes\u00f6k v\u00e5r sida f\u00f6r hundfoder och anv\u00e4nd filterfunktionen f\u00f6r att sortera fram v\u00e5rt sortiment f\u00f6r k\u00e4nslig mage.<\/p>\n<p><strong>Vidare l\u00e4sning<\/strong><\/p>\n<ul>\n<li><a title=\"Spannm\u00e5lsfritt hundfoder - allt du beh\u00f6ver veta\" href=\"https:\/\/bozita.com\/se\/hundfoder\/nutrition-och-kost\/spannmalsfritt-hundfoder-allt-du-behover-veta\/\">Spannm\u00e5lsfritt hundfoder &#8211; allt du beh\u00f6ver veta<\/a><\/li>\n<li><a title=\"V\u00e5tfoder\" href=\"https:\/\/bozita.com\/se\/hundfoder\/vatfoder\/\">Bozita v\u00e5tfoder hund<\/a><\/li>\n<li><a title=\"Torrfoder\" href=\"https:\/\/bozita.com\/se\/hundfoder\/torrfoder\/\">Bozita torrfoder hund<\/a><\/li>\n<li><a title=\"Valpfoder\" href=\"https:\/\/bozita.com\/se\/hundfoder\/valpfoder\/\">Bozita valpfoder<\/a><\/li>\n<\/ul>\n\t\t\t<\/div>\n\t\t<\/div>\n\t<\/div>\n\n\n<section class=\"block full-section-promo\">\n\t<div class=\"container\">\n\t\t<div class=\"mb-3 row align-items-center \n\t\t\t\t\">\n\t\t\t<div class=\"col-md-6\">\n\t\t\t\t\t\t\t\t\t<img decoding=\"async\" src=\"https:\/\/bozita.com\/se\/wp-content\/uploads\/sites\/5\/2021\/08\/cecilia-hjelm-promo.jpg\" alt=\"\">\n\t\t\t\t\t\n\t\t\t<\/div>\n\t\t\t<div class=\"col-md-6\">\n\t\t\t\t<h2>CECILIA HJELM <\/h2><p>Utbildad husdjursagronom och produktutvecklare med specialistkompetens inom nutrition <\/p>\t\t\t<\/div>\n\t\t<\/div>\n\n\n\t<\/div>\n<\/section>\n","protected":false},"excerpt":{"rendered":"","protected":false},"author":1,"featured_media":3497,"parent":51,"menu_order":0,"comment_status":"closed","ping_status":"closed","template":"guternberg.php","meta":{"footnotes":""},"acf":[],"yoast_head":"<!-- This site is optimized with the Yoast SEO plugin v21.3 - https:\/\/yoast.com\/wordpress\/plugins\/seo\/ -->\n<title>Hundmat och hundfoder f\u00f6r k\u00e4nslig mage | Bozita<\/title>\n<meta name=\"description\" content=\"Har hunden k\u00e4nslig mage, \u00e4r d\u00e5lig i magen eller l\u00f6s i magen \u00e4r det viktigt att den f\u00e5r r\u00e4tt hundfoder f\u00f6r att kunna ta upp n\u00e4rings\u00e4mnen och h\u00e5lla sig frisk.\" \/>\n<meta name=\"robots\" content=\"index, follow, max-snippet:-1, max-image-preview:large, max-video-preview:-1\" \/>\n<link rel=\"canonical\" href=\"https:\/\/bozita.com\/se\/hundfoder\/nutrition-och-kost\/hundfoder-for-kanslig-mage\/\" \/>\n<meta property=\"og:locale\" content=\"sv_SE\" \/>\n<meta property=\"og:type\" content=\"article\" \/>\n<meta property=\"og:title\" content=\"Hundmat och hundfoder f\u00f6r k\u00e4nslig mage | Bozita\" \/>\n<meta property=\"og:description\" content=\"Har hunden k\u00e4nslig mage, \u00e4r d\u00e5lig i magen eller l\u00f6s i magen \u00e4r det viktigt att den f\u00e5r r\u00e4tt hundfoder f\u00f6r att kunna ta upp n\u00e4rings\u00e4mnen och h\u00e5lla sig frisk.\" \/>\n<meta property=\"og:url\" content=\"https:\/\/bozita.com\/se\/hundfoder\/nutrition-och-kost\/hundfoder-for-kanslig-mage\/\" \/>\n<meta property=\"og:site_name\" content=\"Bozita Sverige\" \/>\n<meta property=\"article:modified_time\" content=\"2022-06-20T13:32:17+00:00\" \/>\n<meta property=\"og:image\" content=\"https:\/\/bozita.com\/se\/wp-content\/uploads\/sites\/5\/2021\/08\/bozita_swedish-natural-quality.jpg\" \/>\n\t<meta property=\"og:image:width\" content=\"800\" \/>\n\t<meta property=\"og:image:height\" content=\"533\" \/>\n\t<meta property=\"og:image:type\" content=\"image\/jpeg\" \/>\n<meta name=\"twitter:card\" content=\"summary_large_image\" \/>\n<!-- \/ Yoast SEO plugin. -->","yoast_head_json":{"title":"Hundmat och hundfoder f\u00f6r k\u00e4nslig mage | Bozita","description":"Har hunden k\u00e4nslig mage, \u00e4r d\u00e5lig i magen eller l\u00f6s i magen \u00e4r det viktigt att den f\u00e5r r\u00e4tt hundfoder f\u00f6r att kunna ta upp n\u00e4rings\u00e4mnen och h\u00e5lla sig frisk.","robots":{"index":"index","follow":"follow","max-snippet":"max-snippet:-1","max-image-preview":"max-image-preview:large","max-video-preview":"max-video-preview:-1"},"canonical":"https:\/\/bozita.com\/se\/hundfoder\/nutrition-och-kost\/hundfoder-for-kanslig-mage\/","og_locale":"sv_SE","og_type":"article","og_title":"Hundmat och hundfoder f\u00f6r k\u00e4nslig mage | Bozita","og_description":"Har hunden k\u00e4nslig mage, \u00e4r d\u00e5lig i magen eller l\u00f6s i magen \u00e4r det viktigt att den f\u00e5r r\u00e4tt hundfoder f\u00f6r att kunna ta upp n\u00e4rings\u00e4mnen och h\u00e5lla sig frisk.","og_url":"https:\/\/bozita.com\/se\/hundfoder\/nutrition-och-kost\/hundfoder-for-kanslig-mage\/","og_site_name":"Bozita Sverige","article_modified_time":"2022-06-20T13:32:17+00:00","og_image":[{"width":800,"height":533,"url":"https:\/\/bozita.com\/se\/wp-content\/uploads\/sites\/5\/2021\/08\/bozita_swedish-natural-quality.jpg","type":"image\/jpeg"}],"twitter_card":"summary_large_image","schema":{"@context":"https:\/\/schema.org","@graph":[{"@type":"WebPage","@id":"https:\/\/bozita.com\/se\/hundfoder\/nutrition-och-kost\/hundfoder-for-kanslig-mage\/","url":"https:\/\/bozita.com\/se\/hundfoder\/nutrition-och-kost\/hundfoder-for-kanslig-mage\/","name":"Hundmat och hundfoder f\u00f6r k\u00e4nslig mage | Bozita","isPartOf":{"@id":"https:\/\/bozita.com\/se\/#website"},"datePublished":"2021-06-20T21:32:33+00:00","dateModified":"2022-06-20T13:32:17+00:00","description":"Har hunden k\u00e4nslig mage, \u00e4r d\u00e5lig i magen eller l\u00f6s i magen \u00e4r det viktigt att den f\u00e5r r\u00e4tt hundfoder f\u00f6r att kunna ta upp n\u00e4rings\u00e4mnen och h\u00e5lla sig frisk.","breadcrumb":{"@id":"https:\/\/bozita.com\/se\/hundfoder\/nutrition-och-kost\/hundfoder-for-kanslig-mage\/#breadcrumb"},"inLanguage":"sv-SE","potentialAction":[{"@type":"ReadAction","target":["https:\/\/bozita.com\/se\/hundfoder\/nutrition-och-kost\/hundfoder-for-kanslig-mage\/"]}]},{"@type":"BreadcrumbList","@id":"https:\/\/bozita.com\/se\/hundfoder\/nutrition-och-kost\/hundfoder-for-kanslig-mage\/#breadcrumb","itemListElement":[{"@type":"ListItem","position":1,"name":"Home","item":"https:\/\/bozita.com\/se\/"},{"@type":"ListItem","position":2,"name":"Hundfoder","item":"https:\/\/bozita.com\/se\/hundfoder\/"},{"@type":"ListItem","position":3,"name":"Nutrition och kost","item":"https:\/\/bozita.com\/se\/hundfoder\/nutrition-och-kost\/"},{"@type":"ListItem","position":4,"name":"Hundfoder f\u00f6r k\u00e4nslig mage"}]},{"@type":"WebSite","@id":"https:\/\/bozita.com\/se\/#website","url":"https:\/\/bozita.com\/se\/","name":"Bozita Sverige","description":"","potentialAction":[{"@type":"SearchAction","target":{"@type":"EntryPoint","urlTemplate":"https:\/\/bozita.com\/se\/?s={search_term_string}"},"query-input":"required name=search_term_string"}],"inLanguage":"sv-SE"}]}},"_links":{"self":[{"href":"https:\/\/bozita.com\/se\/wp-json\/wp\/v2\/pages\/1458"}],"collection":[{"href":"https:\/\/bozita.com\/se\/wp-json\/wp\/v2\/pages"}],"about":[{"href":"https:\/\/bozita.com\/se\/wp-json\/wp\/v2\/types\/page"}],"author":[{"embeddable":true,"href":"https:\/\/bozita.com\/se\/wp-json\/wp\/v2\/users\/1"}],"replies":[{"embeddable":true,"href":"https:\/\/bozita.com\/se\/wp-json\/wp\/v2\/comments?post=1458"}],"version-history":[{"count":17,"href":"https:\/\/bozita.com\/se\/wp-json\/wp\/v2\/pages\/1458\/revisions"}],"predecessor-version":[{"id":7768,"href":"https:\/\/bozita.com\/se\/wp-json\/wp\/v2\/pages\/1458\/revisions\/7768"}],"up":[{"embeddable":true,"href":"https:\/\/bozita.com\/se\/wp-json\/wp\/v2\/pages\/51"}],"wp:featuredmedia":[{"embeddable":true,"href":"https:\/\/bozita.com\/se\/wp-json\/wp\/v2\/media\/3497"}],"wp:attachment":[{"href":"https:\/\/bozita.com\/se\/wp-json\/wp\/v2\/media?parent=1458"}],"curies":[{"name":"wp","href":"https:\/\/api.w.org\/{rel}","templated":true}]}}