{"id":1459,"date":"2021-06-20T21:31:24","date_gmt":"2021-06-20T21:31:24","guid":{"rendered":"https:\/\/bozita.com\/se\/?page_id=1459"},"modified":"2022-06-20T13:42:10","modified_gmt":"2022-06-20T13:42:10","slug":"spannmalsfritt-hundfoder-allt-du-behover-veta","status":"publish","type":"page","link":"https:\/\/bozita.com\/se\/hundfoder\/nutrition-och-kost\/spannmalsfritt-hundfoder-allt-du-behover-veta\/","title":{"rendered":"Spannm\u00e5lsfritt hundfoder &#8211; allt du beh\u00f6ver veta"},"content":{"rendered":"\t\t<section class=\"small-hero\">\n\t\t\t<div class=\"container\">\n\t\t\t\t<h1 class=\"small-hero-title\">Spannm\u00e5lsfritt hundfoder &#8211; allt du beh\u00f6ver veta<\/h1>\t\t\t<\/div>\n\t\t\t<\/div>\n\t\t<\/section>\n\t\n\n\t<div class=\"text-box-warp\">\n\t\t<div class=\"container\">\n\t\t\t<div class=\"text-content\">\n\t\t\t\t<p>Samtidigt som vi m\u00e4nniskor blir allt mer medvetna om vad vi stoppar i oss, t\u00e4nker vi p\u00e5 samma s\u00e4tt med v\u00e5ra hundar och det hundfoder vi ger dem. P\u00e5 senare \u00e5r har efterfr\u00e5gan p\u00e5 h\u00f6gkvalitativt spannm\u00e5lsfritt hundfoder \u00f6kat kraftigt. Men varf\u00f6r ger man det till sin hund, vilka \u00e4r f\u00f6rdelarna och vad ska man t\u00e4nka p\u00e5? Bozitas nutritionist Cecilia Hjelm reder ut begreppen. Cecilia \u00e4r produktutvecklare med specialistkompetens inom nutrition och utbildad husdjursagronom. Med sitt brinnande intresse f\u00f6r hundar och djupa kunskaper inom djurens behov av olika n\u00e4rings\u00e4mnen, r\u00e5varor och lagkrav vet Cecilia hur du b\u00e4st utfodrar din hund.<\/p>\n<h2>VAD MENAS MED SPANNM\u00c5LSFRITT HUNDFODER?<\/h2>\n<p>Ett spannm\u00e5lsfritt hundfoder inneh\u00e5ller inte n\u00e5gra r\u00e5varor som klassificeras som spannm\u00e5l. M\u00e5nga tror att spannm\u00e5l bara \u00e4r de klassiska s\u00e4desslagen som vete, korn och \u00e4ven majs. Men ris klassificeras faktiskt ocks\u00e5 in som spannm\u00e5l, vilket \u00e4r n\u00e5got som Bozita inte inkluderar sitt spannm\u00e5lsfria foder. Ist\u00e4llet inneh\u00e5ller fodret ofta olika typer av potatis, \u00e4rtor och linser. Bozita har valt att inkludera potatis och \u00e4rtor i det spannm\u00e5lsfria torrfodret medan det spannm\u00e5lsfria v\u00e5tfodret best\u00e5r av animaliska r\u00e5varor och mineral\u00e4mnen. Anledningen till att Bozita anv\u00e4nder potatis och \u00e4rtor i det spannm\u00e5lsfria torrfodret \u00e4r f\u00f6r att de r\u00e5varorna beh\u00f6vs f\u00f6r att kunna forma en kula. Potatis och \u00e4rtor inneh\u00e5ller st\u00e4rkelse som vid upphettning fungerar lite som klister och hj\u00e4lper till att binda ihop alla r\u00e5varor i recepten till en deg som sedan formas till foderkulor.<\/p>\n<h2>VARF\u00d6R V\u00c4LJA ETT HUNDFODER UTAN SPANNM\u00c5L?<\/h2>\n<p>Ska man v\u00e4lja ett spannm\u00e5lsfritt hundfoder eller inte? Anledningarna till att man vill v\u00e4lja ett foder utan spannm\u00e5l kan vara m\u00e5nga men f\u00f6r hund\u00e4gare med hundar som \u00e4r k\u00e4nsliga mot vete brukar spannm\u00e5lsfria foder vara ett sj\u00e4lvklart val. M\u00e5nga hund\u00e4gare upplever ocks\u00e5 att deras hundar fungerar v\u00e4ldigt bra p\u00e5 just spannm\u00e5lsfria foder. F\u00f6r hund\u00e4gare som letar efter glutenfri hundmat till sin hund kan med f\u00f6rdel utfodra med spannm\u00e5lsfritt foder d\u00e5 det inte inneh\u00e5ller n\u00e5got gluten.<\/p>\n<h2>PASSAR ETT FODER SOM \u00c4R SPANNM\u00c5LSFRITT ALLA HUNDAR?<\/h2>\n<p>Det enkla svaret \u00e4r nej. Hundar \u00e4r individer precis som vi m\u00e4nniskor och medan spannm\u00e5lsfritt foder fungerar f\u00f6r m\u00e5nga hundar m\u00e5r en del hundar b\u00e4ttre av andra foder. Det som \u00e4r viktigt \u00e4r att du hittar ett foder som passar just din hund och som den m\u00e5r bra av. En hund som \u00e4ter ett foder den m\u00e5r bra av orkar leva ett aktivt liv tillsammans med dig. Detta \u00e4r det viktigaste n\u00e4r du som hund\u00e4gare v\u00e4ljer foder till din hund.<br \/>\nBozita erbjuder ett brett sortiment av spannm\u00e5lsfria- och vetefria recept. Alla tillverkade i V\u00e5rg\u00e5rda. <a title=\"mother-puppy\" href=\"https:\/\/bozita.com\/se\/products\/bozita-robur-mother-puppy\/\">Bozita Robur Mother &amp; Puppy<\/a> \u00e4r ett vetefritt hundfoder som \u00e4r speciellt anpassat f\u00f6r valpar och v\u00e4xande unghundar, samt f\u00f6r dr\u00e4ktiga eller digivande tikar.<\/p>\n<h2>VAD SKA JAG T\u00c4NKA P\u00c5 OM JAG GER MIN HUND SPANNM\u00c5LSFRITT HUNDFODER?<\/h2>\n<p>Precis som med andra foder ska man utfodra enligt rekommendationerna och sedan justera efter din hunds hull, aktivitetsniv\u00e5 och individuella behov. Har du en hund som \u00e4r k\u00e4nslig mot gluten eller vete \u00e4r det bra att t\u00e4nka p\u00e5 att \u00e4ven en del godis kan inneh\u00e5lla spannm\u00e5l. L\u00e4s d\u00e4rf\u00f6r noggrant p\u00e5 f\u00f6rpackningen f\u00f6r att s\u00e4kerst\u00e4lla att du ger godis utan spannm\u00e5l till din hund.<\/p>\n<h2>BOZITA V\u00c5TFODER OCH TORRFODER UTAN SPANNM\u00c5L<\/h2>\n<p>Bozita Robur \u00e4r ett svensktillverkat, spannm\u00e5ls- eller vetefritt superpremium torrfoder f\u00f6r hundar, med r\u00e5varor av h\u00f6gsta kvalitet. Fodret inneh\u00e5ller h\u00f6ga halter av f\u00e4rskt svenskt k\u00f6tt f\u00f6r god smak och en f\u00f6rb\u00e4ttrad matsm\u00e4ltningsprocess.<\/p>\n<p><a title=\"Robur\" href=\"https:\/\/bozita.com\/se\/products\/bozita-robur-sensitive-grain-free-chicken\/\">Bozita Robur &#8211; spannm\u00e5lsfritt torrfoder<\/a><\/p>\n<p>Alla Bozitas v\u00e5tfoder f\u00f6r hundar \u00e4r spannm\u00e5lsfria och inneh\u00e5ller h\u00f6ga halter animaliskt protein.<\/p>\n<p><a title=\"V\u00e5tfoder\" href=\"https:\/\/bozita.com\/se\/hundfoder\/vatfoder\/\">Bozita v\u00e5tfoder f\u00f6r hundar<\/a><\/p>\n<h2>SPANNM\u00c5LSFRITT VALPFODER?<\/h2>\n<p>Hur \u00e4r det med valpen d\u00e5 &#8211; ska valpfodret vara spannm\u00e5lsfritt? Vad g\u00e4ller valpar rekommenderas ett foder som \u00e4r speciellt utvecklat f\u00f6r just valpar &#8211; det ska ha r\u00e4tt niv\u00e5er av protein, fett och energi och dessutom en balanserad kvot av kalcium. Om valpen har en k\u00e4nslig mage kan det visst vara v\u00e4rt att prova ett spannm\u00e5lsfritt valpfoder. Men framf\u00f6rallt kan man testa ett vetefritt valpfoder som inte heller inneh\u00e5ller andra spannm\u00e5l som inneh\u00e5ller gluten. Gluten kan n\u00e4mligen ibland kan vara en bidragande anledning till en irriterad valpmage. Bozitas valpfoder <a href=\"https:\/\/bozita.com\/se\/hundfoder\/bozita-robur-mother-puppy\/\">Bozita Robur Mother &amp; Puppy<\/a> och <a href=\"https:\/\/bozita.com\/se\/hundfoder\/bozita-robur-mother-puppy-xl\/\">Bozita Robur Mother &amp; Puppy XL<\/a> \u00e4r vetefria valpfoder med bra balans och h\u00e4lsosamma egenskaper. L\u00e4s g\u00e4rna mer h\u00e4r om <a href=\"https:\/\/bozita.com\/se\/hundfoder\/nutrition-och-kost\/utfodring-av-valp\/\">valpar och utfodring<\/a>.<\/p>\n<p><strong>Vidare l\u00e4sning<\/strong><\/p>\n<ul>\n<li><a href=\"https:\/\/bozita.com\/se\/hundfoder\/nutrition-och-kost\/hundfoder-for-kanslig-mage\/\">Hundmat och hundfoder f\u00f6r k\u00e4nslig mage &#8211; allt du beh\u00f6ver veta<\/a><\/li>\n<\/ul>\n\t\t\t<\/div>\n\t\t<\/div>\n\t<\/div>\n\n\n<section class=\"block full-section-promo\">\n\t<div class=\"container\">\n\t\t<div class=\"mb-3 row align-items-center \n\t\t\t\t\">\n\t\t\t<div class=\"col-md-6\">\n\t\t\t\t\t\t\t\t\t<img decoding=\"async\" src=\"https:\/\/bozita.com\/se\/wp-content\/uploads\/sites\/5\/2021\/08\/cecilia-hjelm-promo.jpg\" alt=\"\">\n\t\t\t\t\t\n\t\t\t<\/div>\n\t\t\t<div class=\"col-md-6\">\n\t\t\t\t<h2>CECILIA HJELM <\/h2><p>Utbildad husdjursagronom och produktutvecklare med specialistkompetens inom nutrition <\/p>\t\t\t<\/div>\n\t\t<\/div>\n\n\n\t<\/div>\n<\/section>\n","protected":false},"excerpt":{"rendered":"","protected":false},"author":1,"featured_media":3497,"parent":51,"menu_order":0,"comment_status":"closed","ping_status":"closed","template":"guternberg.php","meta":{"footnotes":""},"acf":[],"yoast_head":"<!-- This site is optimized with the Yoast SEO plugin v21.3 - https:\/\/yoast.com\/wordpress\/plugins\/seo\/ -->\n<title>Spannm\u00e5lsfritt hundfoder - allt du beh\u00f6ver veta | Bozita<\/title>\n<meta name=\"description\" content=\"Ett spannm\u00e5lsfritt hundfoder inneh\u00e5ller inte n\u00e5gra r\u00e5varor som klassas som spannm\u00e5l. Varf\u00f6r v\u00e4lja hundfoder utan spannm\u00e5l? H\u00e4r \u00e4r allt du beh\u00f6ver veta.\" \/>\n<meta name=\"robots\" content=\"index, follow, max-snippet:-1, max-image-preview:large, max-video-preview:-1\" \/>\n<link rel=\"canonical\" href=\"https:\/\/bozita.com\/se\/hundfoder\/nutrition-och-kost\/spannmalsfritt-hundfoder-allt-du-behover-veta\/\" \/>\n<meta property=\"og:locale\" content=\"sv_SE\" \/>\n<meta property=\"og:type\" content=\"article\" \/>\n<meta property=\"og:title\" content=\"Spannm\u00e5lsfritt hundfoder - allt du beh\u00f6ver veta | Bozita\" \/>\n<meta property=\"og:description\" content=\"Ett spannm\u00e5lsfritt hundfoder inneh\u00e5ller inte n\u00e5gra r\u00e5varor som klassas som spannm\u00e5l. Varf\u00f6r v\u00e4lja hundfoder utan spannm\u00e5l? H\u00e4r \u00e4r allt du beh\u00f6ver veta.\" \/>\n<meta property=\"og:url\" content=\"https:\/\/bozita.com\/se\/hundfoder\/nutrition-och-kost\/spannmalsfritt-hundfoder-allt-du-behover-veta\/\" \/>\n<meta property=\"og:site_name\" content=\"Bozita Sverige\" \/>\n<meta property=\"article:modified_time\" content=\"2022-06-20T13:42:10+00:00\" \/>\n<meta property=\"og:image\" content=\"https:\/\/bozita.com\/se\/wp-content\/uploads\/sites\/5\/2021\/08\/bozita_swedish-natural-quality.jpg\" \/>\n\t<meta property=\"og:image:width\" content=\"800\" \/>\n\t<meta property=\"og:image:height\" content=\"533\" \/>\n\t<meta property=\"og:image:type\" content=\"image\/jpeg\" \/>\n<meta name=\"twitter:card\" content=\"summary_large_image\" \/>\n<!-- \/ Yoast SEO plugin. -->","yoast_head_json":{"title":"Spannm\u00e5lsfritt hundfoder - allt du beh\u00f6ver veta | Bozita","description":"Ett spannm\u00e5lsfritt hundfoder inneh\u00e5ller inte n\u00e5gra r\u00e5varor som klassas som spannm\u00e5l. Varf\u00f6r v\u00e4lja hundfoder utan spannm\u00e5l? H\u00e4r \u00e4r allt du beh\u00f6ver veta.","robots":{"index":"index","follow":"follow","max-snippet":"max-snippet:-1","max-image-preview":"max-image-preview:large","max-video-preview":"max-video-preview:-1"},"canonical":"https:\/\/bozita.com\/se\/hundfoder\/nutrition-och-kost\/spannmalsfritt-hundfoder-allt-du-behover-veta\/","og_locale":"sv_SE","og_type":"article","og_title":"Spannm\u00e5lsfritt hundfoder - allt du beh\u00f6ver veta | Bozita","og_description":"Ett spannm\u00e5lsfritt hundfoder inneh\u00e5ller inte n\u00e5gra r\u00e5varor som klassas som spannm\u00e5l. Varf\u00f6r v\u00e4lja hundfoder utan spannm\u00e5l? H\u00e4r \u00e4r allt du beh\u00f6ver veta.","og_url":"https:\/\/bozita.com\/se\/hundfoder\/nutrition-och-kost\/spannmalsfritt-hundfoder-allt-du-behover-veta\/","og_site_name":"Bozita Sverige","article_modified_time":"2022-06-20T13:42:10+00:00","og_image":[{"width":800,"height":533,"url":"https:\/\/bozita.com\/se\/wp-content\/uploads\/sites\/5\/2021\/08\/bozita_swedish-natural-quality.jpg","type":"image\/jpeg"}],"twitter_card":"summary_large_image","schema":{"@context":"https:\/\/schema.org","@graph":[{"@type":"WebPage","@id":"https:\/\/bozita.com\/se\/hundfoder\/nutrition-och-kost\/spannmalsfritt-hundfoder-allt-du-behover-veta\/","url":"https:\/\/bozita.com\/se\/hundfoder\/nutrition-och-kost\/spannmalsfritt-hundfoder-allt-du-behover-veta\/","name":"Spannm\u00e5lsfritt hundfoder - allt du beh\u00f6ver veta | Bozita","isPartOf":{"@id":"https:\/\/bozita.com\/se\/#website"},"datePublished":"2021-06-20T21:31:24+00:00","dateModified":"2022-06-20T13:42:10+00:00","description":"Ett spannm\u00e5lsfritt hundfoder inneh\u00e5ller inte n\u00e5gra r\u00e5varor som klassas som spannm\u00e5l. Varf\u00f6r v\u00e4lja hundfoder utan spannm\u00e5l? H\u00e4r \u00e4r allt du beh\u00f6ver veta.","breadcrumb":{"@id":"https:\/\/bozita.com\/se\/hundfoder\/nutrition-och-kost\/spannmalsfritt-hundfoder-allt-du-behover-veta\/#breadcrumb"},"inLanguage":"sv-SE","potentialAction":[{"@type":"ReadAction","target":["https:\/\/bozita.com\/se\/hundfoder\/nutrition-och-kost\/spannmalsfritt-hundfoder-allt-du-behover-veta\/"]}]},{"@type":"BreadcrumbList","@id":"https:\/\/bozita.com\/se\/hundfoder\/nutrition-och-kost\/spannmalsfritt-hundfoder-allt-du-behover-veta\/#breadcrumb","itemListElement":[{"@type":"ListItem","position":1,"name":"Home","item":"https:\/\/bozita.com\/se\/"},{"@type":"ListItem","position":2,"name":"Hundfoder","item":"https:\/\/bozita.com\/se\/hundfoder\/"},{"@type":"ListItem","position":3,"name":"Nutrition och kost","item":"https:\/\/bozita.com\/se\/hundfoder\/nutrition-och-kost\/"},{"@type":"ListItem","position":4,"name":"Spannm\u00e5lsfritt hundfoder &#8211; allt du beh\u00f6ver veta"}]},{"@type":"WebSite","@id":"https:\/\/bozita.com\/se\/#website","url":"https:\/\/bozita.com\/se\/","name":"Bozita Sverige","description":"","potentialAction":[{"@type":"SearchAction","target":{"@type":"EntryPoint","urlTemplate":"https:\/\/bozita.com\/se\/?s={search_term_string}"},"query-input":"required name=search_term_string"}],"inLanguage":"sv-SE"}]}},"_links":{"self":[{"href":"https:\/\/bozita.com\/se\/wp-json\/wp\/v2\/pages\/1459"}],"collection":[{"href":"https:\/\/bozita.com\/se\/wp-json\/wp\/v2\/pages"}],"about":[{"href":"https:\/\/bozita.com\/se\/wp-json\/wp\/v2\/types\/page"}],"author":[{"embeddable":true,"href":"https:\/\/bozita.com\/se\/wp-json\/wp\/v2\/users\/1"}],"replies":[{"embeddable":true,"href":"https:\/\/bozita.com\/se\/wp-json\/wp\/v2\/comments?post=1459"}],"version-history":[{"count":23,"href":"https:\/\/bozita.com\/se\/wp-json\/wp\/v2\/pages\/1459\/revisions"}],"predecessor-version":[{"id":7774,"href":"https:\/\/bozita.com\/se\/wp-json\/wp\/v2\/pages\/1459\/revisions\/7774"}],"up":[{"embeddable":true,"href":"https:\/\/bozita.com\/se\/wp-json\/wp\/v2\/pages\/51"}],"wp:featuredmedia":[{"embeddable":true,"href":"https:\/\/bozita.com\/se\/wp-json\/wp\/v2\/media\/3497"}],"wp:attachment":[{"href":"https:\/\/bozita.com\/se\/wp-json\/wp\/v2\/media?parent=1459"}],"curies":[{"name":"wp","href":"https:\/\/api.w.org\/{rel}","templated":true}]}}