{"id":1478,"date":"2021-06-20T21:39:41","date_gmt":"2021-06-20T21:39:41","guid":{"rendered":"https:\/\/bozita.com\/se\/?page_id=1478"},"modified":"2022-06-20T09:32:37","modified_gmt":"2022-06-20T09:32:37","slug":"vad-far-hundar-inte-ata","status":"publish","type":"page","link":"https:\/\/bozita.com\/se\/hundfoder\/nutrition-och-kost\/vad-far-hundar-inte-ata\/","title":{"rendered":"Vad f\u00e5r hundar inte \u00e4ta"},"content":{"rendered":"\t\t<section class=\"small-hero\">\n\t\t\t<div class=\"container\">\n\t\t\t\t<h1 class=\"small-hero-title\">Vad f\u00e5r hundar inte \u00e4ta<\/h1>\t\t\t<\/div>\n\t\t\t<\/div>\n\t\t<\/section>\n\t\n\n\t<div class=\"text-box-warp\">\n\t\t<div class=\"container\">\n\t\t\t<div class=\"text-content\">\n\t\t\t\t<p>Hundar b\u00f6r egentligen bara utfodras med hundfoder anpassat f\u00f6r dem och deras livsstil. Men det kanske h\u00e4nder d\u00e5 och d\u00e5 att din hund f\u00e5r en liten smakbit av dig n\u00e5gon g\u00e5ng som du v\u00e4ljer ut bland din egen mat eller vanliga livsmedel i k\u00f6ket. Men d\u00e5 m\u00e5ste du vara observant p\u00e5 att vissa vanliga livsmedel kan g\u00f6ra din hund sjuk och vara direkt giftiga. D\u00e4rf\u00f6r \u00e4r det viktigt att du har koll p\u00e5 vad hundar inte f\u00e5r \u00e4ta och vad som \u00e4r giftigt f\u00f6r hundar. Bozitas nutritionist Cecilia Hjelm som \u00e4r utbildad husdjursagronom och produktutvecklare med specialistkompetens inom nutrition hj\u00e4lper dig h\u00e5lla koll.<\/p>\n<h2>VAD \u00c4R GIFTIGT OCH FARLIGT F\u00d6R HUNDAR ATT \u00c4TA<\/h2>\n<p>Det finns tyv\u00e4rr en hel del livsmedel och \u00e4mnen som finns med p\u00e5 listan \u00f6ver saker som \u00e4r skadliga eller rentav giftiga f\u00f6r hundar. M\u00e5nga k\u00e4nner till att choklad och l\u00f6k \u00e4r absolut f\u00f6rbjudet att ge till sin hund. M\u00e5nga g\u00e5nger inneh\u00e5ller v\u00e5r mat mycket salt och fett som kan vara skadligt f\u00f6r din hund. Men k\u00e4nner du till resten och har koll p\u00e5 vad som \u00e4r giftigt f\u00f6r hundar?<\/p>\n<h2>HUNDAR OCH CHOKLAD &#8211; VAD SKA HUNDAR INTE \u00c4TA<\/h2>\n<p>Choklad, eller egentligen kakao \u00e4r giftigt f\u00f6r hunden d\u00e5 det inneh\u00e5ller teobromin. Hur hunden reagerar beror t.ex. p\u00e5 hur mycket den f\u00e5tt i sig i f\u00f6rh\u00e5llande till sin storlek och om det var ljus eller m\u00f6rk choklad. Men grundregeln \u00e4r &#8211; se till s\u00e5 att din hund absolut inte f\u00e5r i sig choklad. Symptom p\u00e5 f\u00f6rgiftning \u00e4r hj\u00e4rtklappning, muskelskakningar, diarr\u00e9 och att hunden kissar mycket.<\/p>\n<h2>KAN HUNDAR \u00c4TA VINDRUVOR<\/h2>\n<p>En enstaka vindruva \u00e4r inte farligt f\u00f6r din hund, men en st\u00f6rre m\u00e4ngd vindruvor kan vara skadligt och orsaka njursvikt hos hunden. Olika hundar kan vara olika k\u00e4nsliga, men undvik att ge din hund vindruvor. Det g\u00e4ller b\u00e5de vita, gr\u00f6na eller r\u00f6da och b\u00e5de vindruvor med eller utan k\u00e4rnor.<\/p>\n<h2>\u00c4R DET FARLIGT F\u00d6R HUNDAR ATT \u00c4TA POTATIS<\/h2>\n<p>Det \u00e4r inte farligt f\u00f6r hundar att \u00e4ta kokt potatis. D\u00e4remot ska du aldrig ge din hund r\u00e5 potatis d\u00e5 hundar precis som m\u00e4nniskor har sv\u00e5rt att sm\u00e4lta potatis. Gr\u00f6n potatis kan ocks\u00e5 inneh\u00e5lla f\u00f6rh\u00f6jda halter av solanin som inte \u00e4r bra f\u00f6r hundar. Symptom p\u00e5 att hunden f\u00e5tt i sig r\u00e5 potatis kan vara kr\u00e4kningar, diar\u00e9, yrsel och kramper.<\/p>\n<h2>\u00c4R AVOKADO FARLIGT F\u00d6R HUNDAR<\/h2>\n<p>Ta det f\u00f6rsiktig med avokado d\u00e5 den inneh\u00e5ller \u00e4mnet persin, ett \u00e4mne som kan p\u00e5verka hundens mj\u00f6lkk\u00f6rtlar och hj\u00e4rta. S\u00e5 ja, avokado \u00e4r farligt f\u00f6r hundar. \u00c4mnet \u00e4r oskadligt f\u00f6r m\u00e4nniskor men giftigt f\u00f6r n\u00e4stan alla s\u00e4llskapsdjur. Symptom p\u00e5 f\u00f6rgiftning \u00e4r andn\u00f6d, diarr\u00e9, kr\u00e4kningar och hosta.<\/p>\n<h2>GIFTIG OCH FARLIG MAT F\u00d6R HUNDAR &#8211; LISTA<\/h2>\n<p>Leta efter det livsmedel du undrar \u00f6ver i nedan lista som inneh\u00e5ller b\u00e5de giftig och farlig mat f\u00f6r hundar. Misst\u00e4nker du att din hund f\u00e5tt i sig n\u00e5got giftigt eller om hunden uppvisar symptom ska du alltid kontakta din veterin\u00e4r genast. T\u00e4nk p\u00e5 att det finns mat som sj\u00e4lvklart inte \u00e4r bra mat f\u00f6r din hund men som inte n\u00f6dv\u00e4ndigtvis st\u00e5r med p\u00e5 listan &#8211; s\u00e5 som t.ex. chips, jordn\u00f6tsringar, kakor och andra godsaker, sockerrika livsmedel, stark mat med mycket chilli eller jalapeno, friterad mat och all mat som \u00e4r salt och fet. Om du k\u00e4nner dig os\u00e4ker kring ett visst livsmedel b\u00f6r du alltid avst\u00e5 fr\u00e5n att ge din hund det.<\/p>\n<ul>\n<li><strong>Aprikoser<\/strong> &#8211; se stenfrukter.<\/li>\n<li><strong>Avokado<\/strong> &#8211; inneh\u00e5ller persin som kan p\u00e5verka hundens mj\u00f6lkk\u00f6rtlar och hj\u00e4rta.<\/li>\n<li><strong>Bakpulver<\/strong> &#8211; inneh\u00e5ller natriumbikarbonat som i st\u00f6rre m\u00e4ngd kan orsaka muskelkramp och hj\u00e4rtsvikt.<\/li>\n<li><strong>Broccoli<\/strong> <strong>r\u00e5<\/strong> &#8211; kokt broccoli g\u00e5r bra, medan r\u00e5 kan rubba hundens sk\u00f6ldk\u00f6rtelfunktion.<\/li>\n<li><strong>Choklad<\/strong> <strong>och kakao<\/strong> &#8211; inneh\u00e5ller teobromin som \u00e4r giftigt f\u00f6r din hund.<\/li>\n<li><strong>Citrusfrukter<\/strong> &#8211; kan leda till allergier och mag- tarmproblem. Mindre m\u00e4ngd \u00e4r ej farligt.<\/li>\n<li><strong>Deg<\/strong> &#8211; deg som j\u00e4ser \u00e4r skadligt f\u00f6r din hund.<\/li>\n<li><strong>Ekollon<\/strong> &#8211; inneh\u00e5ller tannin som vid stort intag kan vara d\u00f6dligt. Redan mindre m\u00e4ngd kan ge f\u00f6rgiftningssymptom.<\/li>\n<li><strong>Glykol<\/strong> &#8211; kan tyckas m\u00e4rkligt, men \u00e4r s\u00f6tt och hunden kan mycket v\u00e4l slicka i sig det om du spiller. \u00c4r mycket giftigt redan vid sm\u00e5 m\u00e4ngder.<\/li>\n<li><strong>Gr\u00e4sl\u00f6k<\/strong> &#8211; se l\u00f6kv\u00e4xter.<\/li>\n<li><strong>Gr\u00f6nm\u00f6gelost<\/strong> &#8211; inneh\u00e5ller roquefortin som \u00e4r en giftig m\u00f6gelsvamp.<\/li>\n<li><strong>Kakao<\/strong> &#8211; se choklad.<\/li>\n<li><strong>Kanel<\/strong> &#8211; \u00e4r inte giftigt men kan orsaka irritation i mun och mag-tarmkanalen.<\/li>\n<li><strong>Koffein och kaffe<\/strong><\/li>\n<li><strong>K\u00f6rsb\u00e4r<\/strong> &#8211; se stenfrukter.<\/li>\n<li><strong>L\u00f6kv\u00e4xter<\/strong> som l\u00f6k, vitl\u00f6k och gr\u00e4sl\u00f6k \u00e4r verkligen giftigt f\u00f6r din hund. G\u00e4ller b\u00e5de r\u00e5 och tillagad l\u00f6k. Inneh\u00e5ller alicin som \u00e4r giftigt f\u00f6r hundar.<\/li>\n<li><strong>Majskolvar<\/strong> &#8211; sj\u00e4lva kolven, majskorn \u00e4r bra mat. Men l\u00e5t inte hunden tugga p\u00e5 kolven. Kolven kan fastna i tarmarna och hunden kan beh\u00f6va akutopereras.<\/li>\n<li><strong>N\u00f6tter<\/strong> &#8211; undvik n\u00f6tter i alla former s\u00e5som jordn\u00f6tter, macadamian\u00f6tter och valn\u00f6tter.<\/li>\n<li><strong>Plommon<\/strong> &#8211; se stenfrukter.<\/li>\n<li><strong>Potatis<\/strong> <strong>r\u00e5<\/strong> &#8211; inneh\u00e5ller solanin som hundar kan vara k\u00e4nslig mot. G\u00e4ller r\u00e5 potatis.<\/li>\n<li><strong>Rabarber<\/strong> &#8211; inneh\u00e5ller flera \u00e4mnen som inte \u00e4r bra f\u00f6r din hund.<\/li>\n<li><strong>Russin<\/strong> &#8211; kan orsaka akut njursvikt hos hundar.<\/li>\n<li><strong>Saffran<\/strong> &#8211; kan ge mildare f\u00f6rgiftningssymptom.<\/li>\n<li><strong>Salt<\/strong> &#8211; \u00e4ven saltvatten och mat med mycket salt som bacon.<\/li>\n<li><strong>Stenfrukter<\/strong> &#8211; exempelvis aprikos, k\u00f6rsb\u00e4r och plommon. K\u00e4rnan inneh\u00e5ller amygdalin.<\/li>\n<li><strong>Spenat<\/strong> &#8211; \u00e4r inte giftigt men b\u00f6r begr\u00e4nsas.<\/li>\n<li><strong>Svamp<\/strong> &#8211; giftiga svampar \u00e4r farliga f\u00f6r b\u00e5de dig och din hund.<\/li>\n<li><strong>Tomater<\/strong> &#8211; undvik att ge din hund gr\u00f6na tomater som kan inneh\u00e5lla mindre m\u00e4ngder av tomatin som kan vara skadligt f\u00f6r hundar.<\/li>\n<li><strong>Vindruvor<\/strong> &#8211; kan orsaka njursvikt. N\u00e5gon enstaka druva \u00e4r ej farligt, men i st\u00f6rre m\u00e4ngd.<\/li>\n<li><strong>Vitl\u00f6k<\/strong> &#8211; se l\u00f6kv\u00e4xter.<\/li>\n<li><strong>V\u00e4rktabletter<\/strong> med paracetamol eller acetylsalicylsyra och annan medicin.<\/li>\n<li><strong>Xylitol<\/strong> &#8211; s\u00f6tningsmedel som \u00e5terfinns i tandkr\u00e4m, tuggummi och sockerfritt godis.<\/li>\n<li><strong>\u00c4ggvita<\/strong> <strong>r\u00e5<\/strong> &#8211; inneh\u00e5ller avidin. Kokt eller stekt \u00e4ggvita \u00e4r ofarligt f\u00f6r hunden.<\/li>\n<\/ul>\n<div><\/div>\n<div class=\"quoute-wrapper\"><q class=\"h2 quote\">Om du misst\u00e4nker att din hund blivit f\u00f6rgiftad &#8211; kontakta alltid veterin\u00e4r.<\/q><\/div>\n<div><\/div>\n<p><strong><br \/>Vidare l\u00e4sning om farligheter f\u00f6r hundar<\/strong><\/p>\n<ul>\n<li><a title=\"Algblomning\" href=\"https:\/\/bozita.com\/se\/hund\/hundens-halsa\/algblomning\/\">Algblomning kan orsaka algf\u00f6rgiftning hos hundar<\/a><\/li>\n<li><a title=\"Hundar och sommarv\u00e4rme\" href=\"https:\/\/bozita.com\/se\/hund\/hundens-halsa\/hundar-och-sommarvarme\/\">V\u00e4rmeslag hund &#8211; tips och r\u00e5d kring hundar och v\u00e4rme<\/a><\/li>\n<li><a title=\"I solen trivs huggormarna\" href=\"https:\/\/bozita.com\/se\/hund\/hundens-halsa\/i-solen-trivs-huggormarna\/\">Huggormsbett hund &#8211; s\u00e5 skyddar ni er<\/a><\/li>\n<li><a title=\"Svampf\u00f6rgiftning\" href=\"https:\/\/bozita.com\/se\/hund\/hundens-halsa\/svampforgiftning\/\">Svampf\u00f6rgiftning hund &#8211; se upp i svampskogen<\/a><\/li>\n<\/ul>\n\t\t\t<\/div>\n\t\t<\/div>\n\t<\/div>\n\n\n<section class=\"block full-section-promo\">\n\t<div class=\"container\">\n\t\t<div class=\"mb-3 row align-items-center \n\t\t\t\t\">\n\t\t\t<div class=\"col-md-6\">\n\t\t\t\t\t\t\t\t\t<img decoding=\"async\" src=\"https:\/\/bozita.com\/se\/wp-content\/uploads\/sites\/5\/2021\/08\/cecilia-hjelm-promo.jpg\" alt=\"\">\n\t\t\t\t\t\n\t\t\t<\/div>\n\t\t\t<div class=\"col-md-6\">\n\t\t\t\t<h2>CECILIA HJELM <\/h2><p>Utbildad husdjursagronom och produktutvecklare med specialistkompetens inom nutrition <\/p>\t\t\t<\/div>\n\t\t<\/div>\n\n\n\t<\/div>\n<\/section>\n","protected":false},"excerpt":{"rendered":"","protected":false},"author":1,"featured_media":3497,"parent":51,"menu_order":0,"comment_status":"closed","ping_status":"closed","template":"guternberg.php","meta":{"footnotes":""},"acf":[],"yoast_head":"<!-- This site is optimized with the Yoast SEO plugin v21.3 - https:\/\/yoast.com\/wordpress\/plugins\/seo\/ -->\n<title>Vad f\u00e5r hundar inte \u00e4ta - choklad och andra faror | Bozita<\/title>\n<meta name=\"description\" content=\"Hur \u00e4r det med hundar och choklad? Kan hundar \u00e4ta vindruvor? Vad f\u00e5r hundar inte \u00e4ta och vad \u00e4r giftigt f\u00f6r hundar att \u00e4ta? Bozita hj\u00e4lper dig med svaren.\" \/>\n<meta name=\"robots\" content=\"index, follow, max-snippet:-1, max-image-preview:large, max-video-preview:-1\" \/>\n<link rel=\"canonical\" href=\"https:\/\/bozita.com\/se\/hundfoder\/nutrition-och-kost\/vad-far-hundar-inte-ata\/\" \/>\n<meta property=\"og:locale\" content=\"sv_SE\" \/>\n<meta property=\"og:type\" content=\"article\" \/>\n<meta property=\"og:title\" content=\"Vad f\u00e5r hundar inte \u00e4ta - choklad och andra faror | Bozita\" \/>\n<meta property=\"og:description\" content=\"Hur \u00e4r det med hundar och choklad? Kan hundar \u00e4ta vindruvor? Vad f\u00e5r hundar inte \u00e4ta och vad \u00e4r giftigt f\u00f6r hundar att \u00e4ta? Bozita hj\u00e4lper dig med svaren.\" \/>\n<meta property=\"og:url\" content=\"https:\/\/bozita.com\/se\/hundfoder\/nutrition-och-kost\/vad-far-hundar-inte-ata\/\" \/>\n<meta property=\"og:site_name\" content=\"Bozita Sverige\" \/>\n<meta property=\"article:modified_time\" content=\"2022-06-20T09:32:37+00:00\" \/>\n<meta property=\"og:image\" content=\"https:\/\/bozita.com\/se\/wp-content\/uploads\/sites\/5\/2021\/08\/bozita_swedish-natural-quality.jpg\" \/>\n\t<meta property=\"og:image:width\" content=\"800\" \/>\n\t<meta property=\"og:image:height\" content=\"533\" \/>\n\t<meta property=\"og:image:type\" content=\"image\/jpeg\" \/>\n<meta name=\"twitter:card\" content=\"summary_large_image\" \/>\n<!-- \/ Yoast SEO plugin. -->","yoast_head_json":{"title":"Vad f\u00e5r hundar inte \u00e4ta - choklad och andra faror | Bozita","description":"Hur \u00e4r det med hundar och choklad? Kan hundar \u00e4ta vindruvor? Vad f\u00e5r hundar inte \u00e4ta och vad \u00e4r giftigt f\u00f6r hundar att \u00e4ta? Bozita hj\u00e4lper dig med svaren.","robots":{"index":"index","follow":"follow","max-snippet":"max-snippet:-1","max-image-preview":"max-image-preview:large","max-video-preview":"max-video-preview:-1"},"canonical":"https:\/\/bozita.com\/se\/hundfoder\/nutrition-och-kost\/vad-far-hundar-inte-ata\/","og_locale":"sv_SE","og_type":"article","og_title":"Vad f\u00e5r hundar inte \u00e4ta - choklad och andra faror | Bozita","og_description":"Hur \u00e4r det med hundar och choklad? Kan hundar \u00e4ta vindruvor? Vad f\u00e5r hundar inte \u00e4ta och vad \u00e4r giftigt f\u00f6r hundar att \u00e4ta? Bozita hj\u00e4lper dig med svaren.","og_url":"https:\/\/bozita.com\/se\/hundfoder\/nutrition-och-kost\/vad-far-hundar-inte-ata\/","og_site_name":"Bozita Sverige","article_modified_time":"2022-06-20T09:32:37+00:00","og_image":[{"width":800,"height":533,"url":"https:\/\/bozita.com\/se\/wp-content\/uploads\/sites\/5\/2021\/08\/bozita_swedish-natural-quality.jpg","type":"image\/jpeg"}],"twitter_card":"summary_large_image","schema":{"@context":"https:\/\/schema.org","@graph":[{"@type":"WebPage","@id":"https:\/\/bozita.com\/se\/hundfoder\/nutrition-och-kost\/vad-far-hundar-inte-ata\/","url":"https:\/\/bozita.com\/se\/hundfoder\/nutrition-och-kost\/vad-far-hundar-inte-ata\/","name":"Vad f\u00e5r hundar inte \u00e4ta - choklad och andra faror | Bozita","isPartOf":{"@id":"https:\/\/bozita.com\/se\/#website"},"datePublished":"2021-06-20T21:39:41+00:00","dateModified":"2022-06-20T09:32:37+00:00","description":"Hur \u00e4r det med hundar och choklad? Kan hundar \u00e4ta vindruvor? Vad f\u00e5r hundar inte \u00e4ta och vad \u00e4r giftigt f\u00f6r hundar att \u00e4ta? Bozita hj\u00e4lper dig med svaren.","breadcrumb":{"@id":"https:\/\/bozita.com\/se\/hundfoder\/nutrition-och-kost\/vad-far-hundar-inte-ata\/#breadcrumb"},"inLanguage":"sv-SE","potentialAction":[{"@type":"ReadAction","target":["https:\/\/bozita.com\/se\/hundfoder\/nutrition-och-kost\/vad-far-hundar-inte-ata\/"]}]},{"@type":"BreadcrumbList","@id":"https:\/\/bozita.com\/se\/hundfoder\/nutrition-och-kost\/vad-far-hundar-inte-ata\/#breadcrumb","itemListElement":[{"@type":"ListItem","position":1,"name":"Home","item":"https:\/\/bozita.com\/se\/"},{"@type":"ListItem","position":2,"name":"Hundfoder","item":"https:\/\/bozita.com\/se\/hundfoder\/"},{"@type":"ListItem","position":3,"name":"Nutrition och kost","item":"https:\/\/bozita.com\/se\/hundfoder\/nutrition-och-kost\/"},{"@type":"ListItem","position":4,"name":"Vad f\u00e5r hundar inte \u00e4ta"}]},{"@type":"WebSite","@id":"https:\/\/bozita.com\/se\/#website","url":"https:\/\/bozita.com\/se\/","name":"Bozita Sverige","description":"","potentialAction":[{"@type":"SearchAction","target":{"@type":"EntryPoint","urlTemplate":"https:\/\/bozita.com\/se\/?s={search_term_string}"},"query-input":"required name=search_term_string"}],"inLanguage":"sv-SE"}]}},"_links":{"self":[{"href":"https:\/\/bozita.com\/se\/wp-json\/wp\/v2\/pages\/1478"}],"collection":[{"href":"https:\/\/bozita.com\/se\/wp-json\/wp\/v2\/pages"}],"about":[{"href":"https:\/\/bozita.com\/se\/wp-json\/wp\/v2\/types\/page"}],"author":[{"embeddable":true,"href":"https:\/\/bozita.com\/se\/wp-json\/wp\/v2\/users\/1"}],"replies":[{"embeddable":true,"href":"https:\/\/bozita.com\/se\/wp-json\/wp\/v2\/comments?post=1478"}],"version-history":[{"count":29,"href":"https:\/\/bozita.com\/se\/wp-json\/wp\/v2\/pages\/1478\/revisions"}],"predecessor-version":[{"id":7744,"href":"https:\/\/bozita.com\/se\/wp-json\/wp\/v2\/pages\/1478\/revisions\/7744"}],"up":[{"embeddable":true,"href":"https:\/\/bozita.com\/se\/wp-json\/wp\/v2\/pages\/51"}],"wp:featuredmedia":[{"embeddable":true,"href":"https:\/\/bozita.com\/se\/wp-json\/wp\/v2\/media\/3497"}],"wp:attachment":[{"href":"https:\/\/bozita.com\/se\/wp-json\/wp\/v2\/media?parent=1478"}],"curies":[{"name":"wp","href":"https:\/\/api.w.org\/{rel}","templated":true}]}}