{"id":1485,"date":"2021-06-20T21:55:56","date_gmt":"2021-06-20T21:55:56","guid":{"rendered":"https:\/\/bozita.com\/se\/?page_id=1485"},"modified":"2025-03-13T13:46:19","modified_gmt":"2025-03-13T13:46:19","slug":"vad-och-hur-mycket-ska-en-hund-ata-per-dag","status":"publish","type":"page","link":"https:\/\/bozita.com\/se\/hundfoder\/nutrition-och-kost\/vad-och-hur-mycket-ska-en-hund-ata-per-dag\/","title":{"rendered":"Vad och hur mycket ska en hund \u00e4ta per dag"},"content":{"rendered":"\t\t<section class=\"small-hero\">\n\t\t\t<div class=\"container\">\n\t\t\t\t<h1 class=\"small-hero-title\">Vad och hur mycket ska en hund \u00e4ta per dag<\/h1>\t\t\t<\/div>\n\t\t\t<\/div>\n\t\t<\/section>\n\t\n\n\t<div class=\"text-box-warp\">\n\t\t<div class=\"container\">\n\t\t\t<div class=\"text-content\">\n\t\t\t\t<p>Ett bra och v\u00e4lbalanserat hundfoder \u00e4r viktigt f\u00f6r att din hund ska m\u00e5 bra. Precis som vi m\u00e4nniskor beh\u00f6ver hunden en bra och v\u00e4l sammansatt kost och det \u00e4r viktigt att den f\u00e5r i sig alla n\u00e4rings\u00e4mnen den beh\u00f6ver i olika stadier i livet.<\/p>\n<h2>VAD \u00c4TER HUNDAR<\/h2>\n<p>Hunden h\u00e4rstammar fr\u00e5n vargen som \u00e4r en karnivor och vars f\u00f6da best\u00e5r av k\u00f6tt. Det var f\u00f6r ungef\u00e4r 15 000 \u2013 30 000 \u00e5r sedan som de f\u00f6rsta vargarna b\u00f6rjade domesticeras och bli hundar. Sedan dess har mycket h\u00e4nt och m\u00e5nga hundar \u00e4r till utseendet v\u00e4ldigt olik vargen. En annan skillnad \u00e4r ocks\u00e5 att hunden har en b\u00e4ttre f\u00f6rm\u00e5ga att sm\u00e4lta st\u00e4rkelse \u00e4n vad vargen har. Detta har medf\u00f6rt diskussioner kring om hunden verkligen ska klassas som en karnivor eller om den egentligen \u00e4r en omnivor (all\u00e4tare). Oavsett vad hunden klassas som s\u00e5 beh\u00f6ver den ett noggrant sammansatt hundfoder f\u00f6r att m\u00e5 bra och kunna prestera.<\/p>\n<p>Alla <a title=\"Hundfoder\" href=\"https:\/\/bozita.com\/se\/hundfoder\/\">Bozitas hundfoder<\/a> \u00e4r helfoder som \u00e4r tillverkade i Sverige efter recept som tagits fram av nutritionister specialiserade p\u00e5 hundar. Helfoder inneb\u00e4r att fodret inneh\u00e5ller alla de n\u00e4rings\u00e4mnen som hunden beh\u00f6ver och i r\u00e4tt m\u00e4ngder. I fabriken i V\u00e5rg\u00e5rda tillverkas b\u00e5de torrfoder och v\u00e5tfoder. F\u00f6r mer l\u00e4sning om vad du ska v\u00e4lja l\u00e4s nedan.<\/p>\n<h3>TORRFODER<\/h3>\n<p>Torrfoder \u00e4r den vanligaste formen av hundfoder. Alla ingredienser kn\u00e5das till en deg som sedan formas till en kula. Torrfoder \u00e4r l\u00e4tt att hantera, f\u00f6rvara och det finns varianter f\u00f6r alla behov hos din hund. Du kan v\u00e4lja foder baserat p\u00e5 hundens \u00e5lder, aktivitetsniv\u00e5 och storlek. Dessutom finns foder f\u00f6r hundar med specialbehov, s\u00e5som alternativ utan vete eller spannm\u00e5l, foder f\u00f6r hundar som besv\u00e4ras av k\u00e4nslig hud eller mage, foder med bara en proteink\u00e4lla (s\u00e5 kallade single protein) och foder f\u00f6r hundar som har l\u00e4tt f\u00f6r att l\u00e4gga p\u00e5 sig extra kilon och bli \u00f6verviktiga. Se <a title=\"Torrfoder\" href=\"https:\/\/bozita.com\/se\/hundfoder\/torrfoder\/\">Bozitas utbud av torrfoder<\/a> och hitta r\u00e4tt foder f\u00f6r just din hund.<\/p>\n<h2>HUR MYCKET TORRFODER PER DAG?<\/h2>\n<p>Hur mycket torrfoder en hund ska \u00e4ta per dag beror p\u00e5 flera faktorer, inklusive hundens <strong data-start=\"88\" data-end=\"156\">storlek, vikt, \u00e5lder och aktivitetsniv\u00e5. <\/strong>N\u00e4r du v\u00e4ljer <a href=\"https:\/\/bozita.com\/se\/hundfoder\/\">hundfoder fr\u00e5n Bozita<\/a> kan du enkelt filtrera efter livsstadie, fodertyp, aktivitetsniv\u00e5 och storlek, vilket hj\u00e4lper dig att hitta det b\u00e4sta fodret f\u00f6r din hund.<\/p>\n<h3>V\u00c5TFODER<\/h3>\n<p>V\u00e5tfoder \u00e4r en bra k\u00e4lla till extra v\u00e4tska och energi f\u00f6r din hund och kan anv\u00e4ndas som helfoder eller som topping p\u00e5 torrfodret. Man ska t\u00e4nka p\u00e5 att h\u00e5llbarheten \u00e4r kortare n\u00e4r man \u00f6ppnat f\u00f6rpackningen. H\u00e4r hittar du <a title=\"V\u00e5tfoder\" href=\"https:\/\/bozita.com\/se\/hundfoder\/vatfoder\/\">Bozitas v\u00e5tfoder<\/a>.<\/p>\n<p><strong>Vidare l\u00e4sning<\/strong><\/p>\n<ul>\n<li><a title=\"Valpfoder\" href=\"https:\/\/bozita.com\/se\/hundfoder\/valpfoder\/\">Valpfoder och foder f\u00f6r dr\u00e4ktiga och digivande tikar<\/a><\/li>\n<li><a title=\"Vad f\u00e5r hundar inte \u00e4ta\" href=\"https:\/\/bozita.com\/se\/hundfoder\/nutrition-och-kost\/vad-far-hundar-inte-ata\/\">Vad f\u00e5r hundar inte \u00e4ta<\/a><\/li>\n<\/ul>\n<h2>VAD \u00c4TER HUNDAR &#8211; PROTEIN OCH FETT<\/h2>\n<p>Hunden beh\u00f6ver en viss m\u00e4ngd protein och r\u00e4tt m\u00e4ngd av de essentiella aminosyrorna i sitt foder f\u00f6r att kunna prestera och m\u00e5 bra. Protein \u00e4r ett n\u00e4rings\u00e4mne som best\u00e5r av aminosyror. Det finns 20 aminosyror och 10 av dessa \u00e4r essentiella, vilket betyder att hunden m\u00e5ste f\u00e5 i sig dessa via kosten d\u00e5 den inte kan tillverka dessa sj\u00e4lv.<\/p>\n<p>I kroppen \u00e4r protein en viktig byggsten f\u00f6r muskler och v\u00e4vnad och beh\u00f6vs i en viss m\u00e4ngd f\u00f6r att bibeh\u00e5lla muskelmassa, ha fin hud, p\u00e4ls och klor. Om hunden f\u00e5r i sig mer protein \u00e4n vad den beh\u00f6ver g\u00e5r \u00f6verskottet till energi. Protein finns b\u00e5de i animaliska r\u00e5varor och i vegetabiliska, men generellt s\u00e4tt har de animaliska r\u00e5varorna ett h\u00f6gre inneh\u00e5ll av protein \u00e4n de vegetabiliska.<\/p>\n<p>Fett \u00e4r ett n\u00e4rings\u00e4mne som \u00e4r v\u00e4ldigt energirikt, faktiskt dubbelt s\u00e5 energirikt som protein och kolhydrater. D\u00e4rf\u00f6r brukar ocks\u00e5 fetthalten vara h\u00f6gre i produkter f\u00f6r aktiva hundar och valpar som har ett h\u00f6gre energibehov. Fett bidrar inte bara med energi till hunden utan \u00e4r \u00e4ven en byggsten i cellmembran, transporterar n\u00e4rings\u00e4mnen och har en isolerande f\u00f6rm\u00e5ga. F\u00f6r hundar finns det tv\u00e5 fettsyror som \u00e4r livsn\u00f6dv\u00e4ndiga, omega 3 och omega 6. Dessa m\u00e5ste hunden f\u00e5 i sig via kosten. Omega 3 och omega 6 \u00e4r bland annat viktiga f\u00f6r p\u00e4lsen och huden.<\/p>\n<h2>VAD \u00c4TER HUNDAR &#8211; ST\u00c4RKELSE<\/h2>\n<p>St\u00e4rkelse ing\u00e5r i gruppen kolhydrater tillsammans med fiber och olika sockerarter. Hunden har en god f\u00f6rm\u00e5ga att bryta ner st\u00e4rkelse och man har sett att hunden har en st\u00f6rre aktivitet av enzymet amylas som bryter ner st\u00e4rkelse \u00e4n vad vargen har. \u00c4ven om hunden har god f\u00f6rm\u00e5ga att bryta ner st\u00e4rkelsen \u00e4r det viktigt att den \u00e4r v\u00e4l tillagad i fodret f\u00f6r en bra sm\u00e4ltbarhet. F\u00f6rutom att bidra med n\u00e4rings\u00e4mnen s\u00e5 bidrar st\u00e4rkelse med en funktion vid tillverkning av torrfoder. Vid upphettning av st\u00e4rkelse blir den som ett klister som hj\u00e4lper till att binda ihop de olika ingredienserna och m\u00f6jligg\u00f6r bildandet av en foderkula. R\u00e5varor som t.ex. ris och potatis inneh\u00e5ller naturligt en h\u00f6g andel st\u00e4rkelse.<\/p>\n<h2>VAD \u00c4TER HUNDAR &#8211; VITAMINER OCH MINERALER<\/h2>\n<p>Vitaminer och mineraler \u00e4r en stor grupp n\u00e4rings\u00e4mnen som har en m\u00e4ngd olika funktioner i kroppen. D-vitamin t.ex. \u00e4r viktigt f\u00f6r skelettet och vitamin A f\u00f6r synen och immunf\u00f6rsvaret. En stor del av de vitaminer och mineraler som finns i fodret kommer naturligt fr\u00e5n r\u00e5varorna s\u00e5 som animalier och vegetabilier. F\u00f6r att s\u00e4kerst\u00e4lla att hunden f\u00e5r i sig alla de vitaminer och mineraler som den beh\u00f6ver tills\u00e4tter Bozita lite extra s\u00e5 att hunden ska h\u00e5lla sig frisk och stark.<\/p>\n<h2>HUR MYCKET SKA EN HUND \u00c4TA PER DAG?<\/h2>\n<p>Hur mycket din hund ska \u00e4ta per dag beror bland annat p\u00e5 storlek, ras, livsfas och aktivitetsniv\u00e5. Se till att du v\u00e4ljer ett foder anpassat f\u00f6r just din hund och f\u00f6lj sedan utfodringsguiden f\u00f6r fodret. T\u00e4nk dock p\u00e5 att m\u00e4ngderna i utfodringsguiden \u00e4r riktv\u00e4rden och att godis och liknande som ges mellan m\u00e5ltiderna ocks\u00e5 bidrar med energi till hunden. Behovet \u00e4r individuellt och p\u00e5verkas av hur aktiv hunden \u00e4r. Det b\u00e4sta du kan g\u00f6ra \u00e4r att anpassa m\u00e4ngden efter din hunds hull och kondition.<\/p>\n<p>N\u00e4r du v\u00e4ljer bland <a title=\"Hundfoder\" href=\"https:\/\/bozita.com\/se\/hundfoder\/\">Bozitas hundfoder<\/a> kan du filtrera p\u00e5 livsstadie, fodertyp, aktivitetsniv\u00e5 och storlek. Det g\u00f6r det l\u00e4ttare att hitta ett foder som passar din hund. Har hunden smakpreferenser s\u00e5 g\u00e5r det bra att filtrera \u00e4ven p\u00e5 det.<\/p>\n<h2>HUR OFTA SKA HUNDEN \u00c4TA?<\/h2>\n<p>Det vanliga \u00e4r att en hund \u00e4ter 2 g\u00e5nger per dag men f\u00f6r hundar som har sv\u00e5rt att f\u00e5 i sig sin m\u00e5ltid kan man med f\u00f6rdel dela upp m\u00e5ltiderna p\u00e5 flera g\u00e5nger per dag ist\u00e4llet. Det man ska t\u00e4nka p\u00e5 \u00e4r att hunden vill ha regelbundna mattider och tillg\u00e5ng till rent och friskt vatten. F\u00f6r en frisk hund som h\u00e5ller vikten ska du ocks\u00e5 t\u00e4nka p\u00e5 att inte ers\u00e4tta hundens huvudm\u00e5l med godsaker mellan m\u00e5ltiderna.<\/p>\n<p>Har du en valp \u00e4ter den oftare. F\u00f6r att inte \u00f6verbelasta den lilla magen kan du med f\u00f6rdel ge valpen mindre portioner 3-4 g\u00e5nger per dag. Den f\u00f6rsta tiden brukar man ocks\u00e5 ge fodret uppbl\u00f6tt.<\/p>\n<p><strong>Vidare l\u00e4sning<\/strong><\/p>\n<ul>\n<li><a title=\"Utfodring av valp\" href=\"https:\/\/bozita.com\/se\/hundfoder\/nutrition-och-kost\/utfodring-av-valp\/\">Vad hundvalpar ska \u00e4ta, hur mycket och hur ofta<\/a><\/li>\n<\/ul>\n<h2>VAD SKA HUNDAR \u00c4TA &#8211; BOZITAS REKOMMENDATIONER<\/h2>\n<ul>\n<li>Utfodra med ett helfoder anpassat f\u00f6r din hunds storlek, ras, livsfas och aktivitetsniv\u00e5.<\/li>\n<li>Ge hunden mat avsedd f\u00f6r hundar och inte f\u00f6r andra husdjur.<\/li>\n<li>H\u00e5ll matsk\u00e5lar och matplats rena och fr\u00e4scha och st\u00e4da bort mat som hunden inte \u00e4tit upp.<\/li>\n<li>Se till att hunden alltid har tillg\u00e5ng till f\u00e4rskt vatten. Ge g\u00e4rna v\u00e5tfoder som komplement till torrfoder.<\/li>\n<li>H\u00e5ll hunden normalviktig f\u00f6r att undvika viktrelaterade sjukdomar.<\/li>\n<li>H\u00e5ll dig uppdaterad p\u00e5 saker som \u00e4r giftiga eller skadliga f\u00f6r din hund.<\/li>\n<li>Anv\u00e4nd specialfoder f\u00f6r hundar med k\u00e4nslig mage.<\/li>\n<\/ul>\n<p><strong>Vidare l\u00e4sning<\/strong><\/p>\n<ul>\n<li><a title=\"Vad f\u00e5r hundar inte \u00e4ta\" href=\"https:\/\/bozita.com\/se\/hundfoder\/nutrition-och-kost\/vad-far-hundar-inte-ata\/\">Vad f\u00e5r hundar inte \u00e4ta<\/a><\/li>\n<li><a title=\"Dr\u00e4ktiga och digivande tikar\" href=\"https:\/\/bozita.com\/se\/hundfoder\/nutrition-och-kost\/draktiga-och-digivande-tikar\/\">Utfodring av dr\u00e4ktiga och digivande tikar<\/a><\/li>\n<li><a title=\"Byta fr\u00e5n valpfoder till vuxenfoder\" href=\"https:\/\/bozita.com\/se\/byta-fran-valpfoder-till-vuxenfoder\/\">Byta fr\u00e5n valpfoder till vuxenfoder<\/a><\/li>\n<li><a title=\"Hundfoder f\u00f6r k\u00e4nslig mage\" href=\"https:\/\/bozita.com\/se\/hundfoder\/nutrition-och-kost\/hundfoder-for-kanslig-mage\/\">Hundfoder f\u00f6r k\u00e4nslig mage<\/a><\/li>\n<li><a title=\"Spannm\u00e5lsfritt hundfoder - allt du beh\u00f6ver veta\" href=\"https:\/\/bozita.com\/se\/hundfoder\/nutrition-och-kost\/spannmalsfritt-hundfoder-allt-du-behover-veta\/\">Spannm\u00e5lsfritt hundfoder &#8211; allt du beh\u00f6ver veta<\/a><\/li>\n<li><a title=\"Hundfoder\" href=\"https:\/\/bozita.com\/se\/hundfoder\/\">Bozita hundfoder &#8211; torrfoder och v\u00e5tfoder<\/a><\/li>\n<\/ul>\n\t\t\t<\/div>\n\t\t<\/div>\n\t<\/div>\n\n\n<section class=\"block full-section-promo\">\n\t<div class=\"container\">\n\t\t<div class=\"mb-3 row align-items-center \n\t\t\t\t\">\n\t\t\t<div class=\"col-md-6\">\n\t\t\t\t\t\t\t\t\t<img decoding=\"async\" src=\"https:\/\/bozita.com\/se\/wp-content\/uploads\/sites\/5\/2021\/08\/cecilia-hjelm-promo.jpg\" alt=\"\">\n\t\t\t\t\t\n\t\t\t<\/div>\n\t\t\t<div class=\"col-md-6\">\n\t\t\t\t<h2>CECILIA HJELM <\/h2><p>Utbildad husdjursagronom och produktutvecklare med specialistkompetens inom nutrition\r\n <\/p>\t\t\t<\/div>\n\t\t<\/div>\n\n\n\t<\/div>\n<\/section>\n","protected":false},"excerpt":{"rendered":"","protected":false},"author":1,"featured_media":3497,"parent":51,"menu_order":0,"comment_status":"closed","ping_status":"closed","template":"guternberg.php","meta":{"footnotes":""},"acf":[],"yoast_head":"<!-- This site is optimized with the Yoast SEO plugin v21.3 - https:\/\/yoast.com\/wordpress\/plugins\/seo\/ -->\n<title>Vad \u00e4ter hundar? Hur mycket ska en hund \u00e4ta per dag? | Bozita<\/title>\n<meta name=\"description\" content=\"Ett bra och v\u00e4lbalanserat hundfoder \u00e4r viktigt f\u00f6r att din hund ska m\u00e5 bra. Bozita hj\u00e4lper dig med vad, hur mycket och hur ofta en hund ska \u00e4ta per dag.\" \/>\n<meta name=\"robots\" content=\"index, follow, max-snippet:-1, max-image-preview:large, max-video-preview:-1\" \/>\n<link rel=\"canonical\" href=\"https:\/\/bozita.com\/se\/hundfoder\/nutrition-och-kost\/vad-och-hur-mycket-ska-en-hund-ata-per-dag\/\" \/>\n<meta property=\"og:locale\" content=\"sv_SE\" \/>\n<meta property=\"og:type\" content=\"article\" \/>\n<meta property=\"og:title\" content=\"Vad \u00e4ter hundar? Hur mycket ska en hund \u00e4ta per dag? | Bozita\" \/>\n<meta property=\"og:description\" content=\"Ett bra och v\u00e4lbalanserat hundfoder \u00e4r viktigt f\u00f6r att din hund ska m\u00e5 bra. Bozita hj\u00e4lper dig med vad, hur mycket och hur ofta en hund ska \u00e4ta per dag.\" \/>\n<meta property=\"og:url\" content=\"https:\/\/bozita.com\/se\/hundfoder\/nutrition-och-kost\/vad-och-hur-mycket-ska-en-hund-ata-per-dag\/\" \/>\n<meta property=\"og:site_name\" content=\"Bozita Sverige\" \/>\n<meta property=\"article:modified_time\" content=\"2025-03-13T13:46:19+00:00\" \/>\n<meta property=\"og:image\" content=\"https:\/\/bozita.com\/se\/wp-content\/uploads\/sites\/5\/2021\/08\/bozita_swedish-natural-quality.jpg\" \/>\n\t<meta property=\"og:image:width\" content=\"800\" \/>\n\t<meta property=\"og:image:height\" content=\"533\" \/>\n\t<meta property=\"og:image:type\" content=\"image\/jpeg\" \/>\n<meta name=\"twitter:card\" content=\"summary_large_image\" \/>\n<!-- \/ Yoast SEO plugin. -->","yoast_head_json":{"title":"Vad \u00e4ter hundar? Hur mycket ska en hund \u00e4ta per dag? | Bozita","description":"Ett bra och v\u00e4lbalanserat hundfoder \u00e4r viktigt f\u00f6r att din hund ska m\u00e5 bra. Bozita hj\u00e4lper dig med vad, hur mycket och hur ofta en hund ska \u00e4ta per dag.","robots":{"index":"index","follow":"follow","max-snippet":"max-snippet:-1","max-image-preview":"max-image-preview:large","max-video-preview":"max-video-preview:-1"},"canonical":"https:\/\/bozita.com\/se\/hundfoder\/nutrition-och-kost\/vad-och-hur-mycket-ska-en-hund-ata-per-dag\/","og_locale":"sv_SE","og_type":"article","og_title":"Vad \u00e4ter hundar? Hur mycket ska en hund \u00e4ta per dag? | Bozita","og_description":"Ett bra och v\u00e4lbalanserat hundfoder \u00e4r viktigt f\u00f6r att din hund ska m\u00e5 bra. Bozita hj\u00e4lper dig med vad, hur mycket och hur ofta en hund ska \u00e4ta per dag.","og_url":"https:\/\/bozita.com\/se\/hundfoder\/nutrition-och-kost\/vad-och-hur-mycket-ska-en-hund-ata-per-dag\/","og_site_name":"Bozita Sverige","article_modified_time":"2025-03-13T13:46:19+00:00","og_image":[{"width":800,"height":533,"url":"https:\/\/bozita.com\/se\/wp-content\/uploads\/sites\/5\/2021\/08\/bozita_swedish-natural-quality.jpg","type":"image\/jpeg"}],"twitter_card":"summary_large_image","schema":{"@context":"https:\/\/schema.org","@graph":[{"@type":"WebPage","@id":"https:\/\/bozita.com\/se\/hundfoder\/nutrition-och-kost\/vad-och-hur-mycket-ska-en-hund-ata-per-dag\/","url":"https:\/\/bozita.com\/se\/hundfoder\/nutrition-och-kost\/vad-och-hur-mycket-ska-en-hund-ata-per-dag\/","name":"Vad \u00e4ter hundar? Hur mycket ska en hund \u00e4ta per dag? | Bozita","isPartOf":{"@id":"https:\/\/bozita.com\/se\/#website"},"datePublished":"2021-06-20T21:55:56+00:00","dateModified":"2025-03-13T13:46:19+00:00","description":"Ett bra och v\u00e4lbalanserat hundfoder \u00e4r viktigt f\u00f6r att din hund ska m\u00e5 bra. Bozita hj\u00e4lper dig med vad, hur mycket och hur ofta en hund ska \u00e4ta per dag.","breadcrumb":{"@id":"https:\/\/bozita.com\/se\/hundfoder\/nutrition-och-kost\/vad-och-hur-mycket-ska-en-hund-ata-per-dag\/#breadcrumb"},"inLanguage":"sv-SE","potentialAction":[{"@type":"ReadAction","target":["https:\/\/bozita.com\/se\/hundfoder\/nutrition-och-kost\/vad-och-hur-mycket-ska-en-hund-ata-per-dag\/"]}]},{"@type":"BreadcrumbList","@id":"https:\/\/bozita.com\/se\/hundfoder\/nutrition-och-kost\/vad-och-hur-mycket-ska-en-hund-ata-per-dag\/#breadcrumb","itemListElement":[{"@type":"ListItem","position":1,"name":"Home","item":"https:\/\/bozita.com\/se\/"},{"@type":"ListItem","position":2,"name":"Hundfoder","item":"https:\/\/bozita.com\/se\/hundfoder\/"},{"@type":"ListItem","position":3,"name":"Nutrition och kost","item":"https:\/\/bozita.com\/se\/hundfoder\/nutrition-och-kost\/"},{"@type":"ListItem","position":4,"name":"Vad och hur mycket ska en hund \u00e4ta per dag"}]},{"@type":"WebSite","@id":"https:\/\/bozita.com\/se\/#website","url":"https:\/\/bozita.com\/se\/","name":"Bozita Sverige","description":"","potentialAction":[{"@type":"SearchAction","target":{"@type":"EntryPoint","urlTemplate":"https:\/\/bozita.com\/se\/?s={search_term_string}"},"query-input":"required name=search_term_string"}],"inLanguage":"sv-SE"}]}},"_links":{"self":[{"href":"https:\/\/bozita.com\/se\/wp-json\/wp\/v2\/pages\/1485"}],"collection":[{"href":"https:\/\/bozita.com\/se\/wp-json\/wp\/v2\/pages"}],"about":[{"href":"https:\/\/bozita.com\/se\/wp-json\/wp\/v2\/types\/page"}],"author":[{"embeddable":true,"href":"https:\/\/bozita.com\/se\/wp-json\/wp\/v2\/users\/1"}],"replies":[{"embeddable":true,"href":"https:\/\/bozita.com\/se\/wp-json\/wp\/v2\/comments?post=1485"}],"version-history":[{"count":27,"href":"https:\/\/bozita.com\/se\/wp-json\/wp\/v2\/pages\/1485\/revisions"}],"predecessor-version":[{"id":11207,"href":"https:\/\/bozita.com\/se\/wp-json\/wp\/v2\/pages\/1485\/revisions\/11207"}],"up":[{"embeddable":true,"href":"https:\/\/bozita.com\/se\/wp-json\/wp\/v2\/pages\/51"}],"wp:featuredmedia":[{"embeddable":true,"href":"https:\/\/bozita.com\/se\/wp-json\/wp\/v2\/media\/3497"}],"wp:attachment":[{"href":"https:\/\/bozita.com\/se\/wp-json\/wp\/v2\/media?parent=1485"}],"curies":[{"name":"wp","href":"https:\/\/api.w.org\/{rel}","templated":true}]}}