{"id":1580,"date":"2021-06-20T23:56:17","date_gmt":"2021-06-20T23:56:17","guid":{"rendered":"https:\/\/bozita.com\/se\/?page_id=1580"},"modified":"2021-08-26T20:40:28","modified_gmt":"2021-08-26T20:40:28","slug":"aktivera-katten","status":"publish","type":"page","link":"https:\/\/bozita.com\/se\/katt\/aktivera-katten\/","title":{"rendered":"Aktivera katten"},"content":{"rendered":"\n\t\t<section class=\"small-hero-with-image\">\n\t\t\t\t\t\t\t<img decoding=\"async\" class=\"background-image\" src=\"https:\/\/bozita.com\/se\/wp-content\/uploads\/sites\/5\/2021\/06\/bozita-aktivera-katt.jpg\" alt=\"\">\n\t\t\t\t\t\t\t<div class=\"overlay-v1 \">\n\t\t\t\t<div class=\"container\">\n\t\t\t\t\t<div class=\"row\">\n\t\t\t\t\t\t<div class=\"col-md-6 col-lg-5\">\n\t\t\t\t\t\t\t<h5>Kunskap<\/h5><h1>Aktivera katten<\/h1>\t\t\t\t\t\t<\/div>\n\t\t\t\t\t<\/div>\n\t\t\t\t<\/div>\n\t\t\t<\/div>\n\t\t<\/section>\n\t\t\n\n\t<div class=\"text-box-warp\">\n\t\t<div class=\"container\">\n\t\t\t<div class=\"text-content\">\n\t\t\t\t<h2><a href=\"https:\/\/bozita.com\/se\/katt\/aktivera-katten\/aktivera-katten-for-att-den-ska-ma-bra\/\">Aktivera din katt<\/a><\/h2>\n<p>Katten \u00e4r ett rovdjur och har d\u00e4rmed en naturlig jaktinstinkt. F\u00f6r att katten ska m\u00e5 bra beh\u00f6ver du aktivera din katt s\u00e5 att jaktbeteendet tillgodoses genom b\u00e5de fysisk och mental stimulans. En understimulerad katt lider ofta av stress och uppvisar det exempelvis via planl\u00f6st jamande, \u00f6verdrivet tv\u00e4ttande eller genom att g\u00e5 utanf\u00f6r l\u00e5dan. S\u00e4rskilt viktigt \u00e4r det att aktivera en innekatt. De kan i de flesta fall inte tillgodose jaktbeteendet p\u00e5 egen hand och d\u00e5 \u00e4r det extra viktigt att du hj\u00e4lper till.<\/p>\n\t\t\t<\/div>\n\t\t<\/div>\n\t<\/div>\n","protected":false},"excerpt":{"rendered":"","protected":false},"author":1,"featured_media":1581,"parent":73,"menu_order":0,"comment_status":"closed","ping_status":"closed","template":"guternberg.php","meta":{"footnotes":""},"acf":[],"yoast_head":"<!-- This site is optimized with the Yoast SEO plugin v21.3 - https:\/\/yoast.com\/wordpress\/plugins\/seo\/ -->\n<title>Tips och r\u00e5d om hur du h\u00e5ller din katt aktiv | Bozita<\/title>\n<meta name=\"description\" content=\"Katter m\u00e5ste aktiveras b\u00e5de i huvudet och kroppen och f\u00e5 utlopp f\u00f6r deras instinkter (jakt, kl\u00f6sning, kl\u00e4ttring) f\u00f6r att m\u00e5 bra. Och det \u00e4r extra viktigt att hj\u00e4lpa innekatter med detta.\" \/>\n<meta name=\"robots\" content=\"index, follow, max-snippet:-1, max-image-preview:large, max-video-preview:-1\" \/>\n<link rel=\"canonical\" href=\"https:\/\/bozita.com\/se\/katt\/aktivera-katten\/\" \/>\n<meta property=\"og:locale\" content=\"sv_SE\" \/>\n<meta property=\"og:type\" content=\"article\" \/>\n<meta property=\"og:title\" content=\"Tips och r\u00e5d om hur du h\u00e5ller din katt aktiv | Bozita\" \/>\n<meta property=\"og:description\" content=\"Katter m\u00e5ste aktiveras b\u00e5de i huvudet och kroppen och f\u00e5 utlopp f\u00f6r deras instinkter (jakt, kl\u00f6sning, kl\u00e4ttring) f\u00f6r att m\u00e5 bra. Och det \u00e4r extra viktigt att hj\u00e4lpa innekatter med detta.\" \/>\n<meta property=\"og:url\" content=\"https:\/\/bozita.com\/se\/katt\/aktivera-katten\/\" \/>\n<meta property=\"og:site_name\" content=\"Bozita Sverige\" \/>\n<meta property=\"article:modified_time\" content=\"2021-08-26T20:40:28+00:00\" \/>\n<meta property=\"og:image\" content=\"https:\/\/bozita.com\/se\/wp-content\/uploads\/sites\/5\/2021\/06\/bozita-aktivera-katt.jpg\" \/>\n\t<meta property=\"og:image:width\" content=\"1600\" \/>\n\t<meta property=\"og:image:height\" content=\"578\" \/>\n\t<meta property=\"og:image:type\" content=\"image\/jpeg\" \/>\n<meta name=\"twitter:card\" content=\"summary_large_image\" \/>\n<!-- \/ Yoast SEO plugin. -->","yoast_head_json":{"title":"Tips och r\u00e5d om hur du h\u00e5ller din katt aktiv | Bozita","description":"Katter m\u00e5ste aktiveras b\u00e5de i huvudet och kroppen och f\u00e5 utlopp f\u00f6r deras instinkter (jakt, kl\u00f6sning, kl\u00e4ttring) f\u00f6r att m\u00e5 bra. Och det \u00e4r extra viktigt att hj\u00e4lpa innekatter med detta.","robots":{"index":"index","follow":"follow","max-snippet":"max-snippet:-1","max-image-preview":"max-image-preview:large","max-video-preview":"max-video-preview:-1"},"canonical":"https:\/\/bozita.com\/se\/katt\/aktivera-katten\/","og_locale":"sv_SE","og_type":"article","og_title":"Tips och r\u00e5d om hur du h\u00e5ller din katt aktiv | Bozita","og_description":"Katter m\u00e5ste aktiveras b\u00e5de i huvudet och kroppen och f\u00e5 utlopp f\u00f6r deras instinkter (jakt, kl\u00f6sning, kl\u00e4ttring) f\u00f6r att m\u00e5 bra. Och det \u00e4r extra viktigt att hj\u00e4lpa innekatter med detta.","og_url":"https:\/\/bozita.com\/se\/katt\/aktivera-katten\/","og_site_name":"Bozita Sverige","article_modified_time":"2021-08-26T20:40:28+00:00","og_image":[{"width":1600,"height":578,"url":"https:\/\/bozita.com\/se\/wp-content\/uploads\/sites\/5\/2021\/06\/bozita-aktivera-katt.jpg","type":"image\/jpeg"}],"twitter_card":"summary_large_image","schema":{"@context":"https:\/\/schema.org","@graph":[{"@type":"WebPage","@id":"https:\/\/bozita.com\/se\/katt\/aktivera-katten\/","url":"https:\/\/bozita.com\/se\/katt\/aktivera-katten\/","name":"Tips och r\u00e5d om hur du h\u00e5ller din katt aktiv | Bozita","isPartOf":{"@id":"https:\/\/bozita.com\/se\/#website"},"datePublished":"2021-06-20T23:56:17+00:00","dateModified":"2021-08-26T20:40:28+00:00","description":"Katter m\u00e5ste aktiveras b\u00e5de i huvudet och kroppen och f\u00e5 utlopp f\u00f6r deras instinkter (jakt, kl\u00f6sning, kl\u00e4ttring) f\u00f6r att m\u00e5 bra. Och det \u00e4r extra viktigt att hj\u00e4lpa innekatter med detta.","breadcrumb":{"@id":"https:\/\/bozita.com\/se\/katt\/aktivera-katten\/#breadcrumb"},"inLanguage":"sv-SE","potentialAction":[{"@type":"ReadAction","target":["https:\/\/bozita.com\/se\/katt\/aktivera-katten\/"]}]},{"@type":"BreadcrumbList","@id":"https:\/\/bozita.com\/se\/katt\/aktivera-katten\/#breadcrumb","itemListElement":[{"@type":"ListItem","position":1,"name":"Home","item":"https:\/\/bozita.com\/se\/"},{"@type":"ListItem","position":2,"name":"Livet med katt","item":"https:\/\/bozita.com\/se\/katt\/"},{"@type":"ListItem","position":3,"name":"Aktivera katten"}]},{"@type":"WebSite","@id":"https:\/\/bozita.com\/se\/#website","url":"https:\/\/bozita.com\/se\/","name":"Bozita Sverige","description":"","potentialAction":[{"@type":"SearchAction","target":{"@type":"EntryPoint","urlTemplate":"https:\/\/bozita.com\/se\/?s={search_term_string}"},"query-input":"required name=search_term_string"}],"inLanguage":"sv-SE"}]}},"_links":{"self":[{"href":"https:\/\/bozita.com\/se\/wp-json\/wp\/v2\/pages\/1580"}],"collection":[{"href":"https:\/\/bozita.com\/se\/wp-json\/wp\/v2\/pages"}],"about":[{"href":"https:\/\/bozita.com\/se\/wp-json\/wp\/v2\/types\/page"}],"author":[{"embeddable":true,"href":"https:\/\/bozita.com\/se\/wp-json\/wp\/v2\/users\/1"}],"replies":[{"embeddable":true,"href":"https:\/\/bozita.com\/se\/wp-json\/wp\/v2\/comments?post=1580"}],"version-history":[{"count":16,"href":"https:\/\/bozita.com\/se\/wp-json\/wp\/v2\/pages\/1580\/revisions"}],"predecessor-version":[{"id":6343,"href":"https:\/\/bozita.com\/se\/wp-json\/wp\/v2\/pages\/1580\/revisions\/6343"}],"up":[{"embeddable":true,"href":"https:\/\/bozita.com\/se\/wp-json\/wp\/v2\/pages\/73"}],"wp:featuredmedia":[{"embeddable":true,"href":"https:\/\/bozita.com\/se\/wp-json\/wp\/v2\/media\/1581"}],"wp:attachment":[{"href":"https:\/\/bozita.com\/se\/wp-json\/wp\/v2\/media?parent=1580"}],"curies":[{"name":"wp","href":"https:\/\/api.w.org\/{rel}","templated":true}]}}