{"id":1585,"date":"2021-06-21T00:07:19","date_gmt":"2021-06-21T00:07:19","guid":{"rendered":"https:\/\/bozita.com\/se\/?page_id=1585"},"modified":"2021-08-26T20:41:37","modified_gmt":"2021-08-26T20:41:37","slug":"aktivera-katten-for-att-den-ska-ma-bra","status":"publish","type":"page","link":"https:\/\/bozita.com\/se\/katt\/aktivera-katten\/aktivera-katten-for-att-den-ska-ma-bra\/","title":{"rendered":"Aktivera din katt"},"content":{"rendered":"\t\t<section class=\"small-hero\">\n\t\t\t<div class=\"container\">\n\t\t\t\t<h5>Kunskap<\/h5><h1 class=\"small-hero-title\">Aktivera din katt<\/h1><p><p>Katten \u00e4r ett rovdjur och har d\u00e4rmed en naturlig jaktinstinkt. F\u00f6r att katten ska m\u00e5 bra beh\u00f6ver du aktivera din katt s\u00e5 att jaktbeteendet tillgodoses genom b\u00e5de fysisk och mental stimulans.<\/p>\n<\/p>\t\t\t<\/div>\n\t\t\t<\/div>\n\t\t<\/section>\n\t\n\n\t<div class=\"text-box-warp\">\n\t\t<div class=\"container\">\n\t\t\t<div class=\"text-content\">\n\t\t\t\t<p>En understimulerad katt lider ofta av stress och uppvisar det exempelvis via planl\u00f6st jamande, \u00f6verdrivet tv\u00e4ttande eller genom att g\u00e5 utanf\u00f6r l\u00e5dan. S\u00e4rskilt viktigt \u00e4r det att aktivera en innekatt. De kan i de flesta fall inte tillgodose jaktbeteendet p\u00e5 egen hand och d\u00e5 \u00e4r det extra viktigt att du hj\u00e4lper till.<\/p>\n<h2>EN STIMULERANDE MILJ\u00d6 AKTIVERAR DIN KATT<\/h2>\n<p>Alla katter har en naturlig instinkt som beh\u00f6ver stimulans och enligt Djurskyddslagen m\u00e5ste du se till att din katt har tillr\u00e4cklig milj\u00f6berikning. Det inneb\u00e4r att katter som inte vistas utomhus ocks\u00e5 beh\u00f6ver tillg\u00e5ng till en utmanande milj\u00f6 &#8211; som exempelvis upph\u00f6jda sitt- och liggplatser, kl\u00f6str\u00e4d eller kl\u00f6sbr\u00e4da samt st\u00e4llen den kan g\u00f6mma sig p\u00e5. Har du en inomhuskatt \u00e4r det allts\u00e5 extra viktigt att den f\u00e5r tillr\u00e4ckligt med aktivering i vardagen och har n\u00e5got att syssels\u00e4tta sig med, b\u00e5de fysiskt och mentalt.<\/p>\n<h2>DIN KATT KAN AKTIVERA SIG P\u00c5 EGEN HAND<\/h2>\n<p>Att aktivera sin katt handlar ocks\u00e5 om att f\u00e5 katten att aktivera sig sj\u00e4lv. Det beh\u00f6ver inte vara sv\u00e5rt. Det finns m\u00e5nga olika roliga kattleksaker, b\u00e5de att k\u00f6pa i butik men \u00e4ven fr\u00e5n hemmet, d\u00e4r saker som pappkartonger och toarullar kan fungera utm\u00e4rkt f\u00f6r att aktivera din innekatt och utekatt. T\u00e4nk d\u00e4remot p\u00e5 att din katt ska vara under uppsyn n\u00e4r den leker med garn, sn\u00f6ren eller andra saker som den kan trassla in sig i eller sv\u00e4lja.<\/p>\n<p>Mat \u00e4r alltid ett bra tips f\u00f6r att aktivera din katt. G\u00f6m godbitar runt om i hemmet s\u00e5 att din katt f\u00e5r s\u00f6ka p\u00e5 samma s\u00e4tt som rovdjur letar efter byten ute i det vilda. L\u00e4gg ut n\u00e5gra bitar torrfoder ovanp\u00e5 kl\u00f6str\u00e4det, under bordet eller bakom f\u00e5t\u00f6ljen och l\u00e5t katten sk\u00f6ta resten. Ett annat enkelt s\u00e4tt att f\u00e5 din katt att jobba lite extra f\u00f6r maten \u00e4r att anv\u00e4nda aktiveringsmatsk\u00e5lar. Det \u00e4r en utm\u00e4rkt utmaning i vardagen som stimulerar b\u00e5de kropp och knopp. Det finns till och med studier som har visat att aktiveringsmatsk\u00e5lar kan minska stress och stressbeteenden hos b\u00e5de katt- och hunddjur som lever i inh\u00e4gnad.<\/p>\n<p>Har du sv\u00e5rt att aktivera din katt och f\u00e5 den att vilja leka med aktiveringsleksaker kan du anv\u00e4nda dig av kattmynta som inneh\u00e5ller ett \u00e4mne vilket katter ofta reagerar v\u00e4ldigt positivt p\u00e5. Den \u00f6kade sinnesst\u00e4mningen g\u00f6r att katten blir mer intresserad av leksaken.<\/p>\n<h2>LEK TILLSAMMANS F\u00d6R ATT ST\u00c4RKA BANDEN MELLAN ER<\/h2>\n<p>Katter beh\u00f6ver inte bara utlopp f\u00f6r sin jaktinstinkt utan \u00e4r \u00e4ven i behov av daglig social kontakt. Hitta p\u00e5 roliga aktiviteter tillsammans f\u00f6r att aktivera din katt och samtidigt st\u00e4rka banden mellan er och ge din katt den dagliga motion den beh\u00f6ver.<\/p>\n<p>Kattagility \u00e4r en lek f\u00f6r den lite aktivare katten. Du kan enkelt bygga en bana av det du har hemma och anv\u00e4nda b\u00f6cker eller stolar som hinder. Locka katten \u00f6ver, under eller runt dessa f\u00f6rem\u00e5l.<\/p>\n\t\t\t<\/div>\n\t\t<\/div>\n\t<\/div>\n\n\n\t<section class=\"block section-promos\">\n\t\t<div class=\"container\">\n\t\t\t<div class=\"row\">\n\t\t\t\t\t\t\t\t\t\t<div class=\"col-md-6\">\n\t\t\t\t\t\t\t<div class=\"card\">\n\t\t\t\t\t\t\t\t\t\t\t\t\t\t\t\t\t<img decoding=\"async\" class=\"card-img-top\" src=\"https:\/\/bozita.com\/se\/wp-content\/uploads\/sites\/5\/2021\/06\/bozita-katt-halsa.jpg\" alt=\"\">\n\t\t\t\t\t\t\t\t\t\t\t\t\t\t\t\t<div class=\"card-body\">\n\t\t\t\t\t\t\t\t\t<h5 class=\"card-title\">Kattens h\u00e4lsa<\/h5>\n\t\t\t\t\t\t\t\t\t<p class=\"card-text\"><\/p>\n\t\t\t\t\t\t\t\t\t\t\t\t\t\t\t\t\t\t\t<a target=\"\" href=\"https:\/\/bozita.com\/se\/katt\/kattens-halsa\/\" class=\"btn btn-white\">Kattens h\u00e4lsa<\/a>\n\t\t\t\t\t\t\t\t\t\t\t\t\t\t\t\t\t\t<\/div>\n\t\t\t\t\t\t\t<\/div>\n\t\t\t\t\t\t<\/div>\n\t\t\t\t\t\t\t\t\t\t\t\t<div class=\"col-md-6\">\n\t\t\t\t\t\t\t<div class=\"card\">\n\t\t\t\t\t\t\t\t\t\t\t\t\t\t\t\t\t<img decoding=\"async\" class=\"card-img-top\" src=\"https:\/\/bozita.com\/se\/wp-content\/uploads\/sites\/5\/2021\/06\/bozita-nutrition-kost-katt.jpg\" alt=\"\">\n\t\t\t\t\t\t\t\t\t\t\t\t\t\t\t\t<div class=\"card-body\">\n\t\t\t\t\t\t\t\t\t<h5 class=\"card-title\">Nutrition &#038; kost<\/h5>\n\t\t\t\t\t\t\t\t\t<p class=\"card-text\"><\/p>\n\t\t\t\t\t\t\t\t\t\t\t\t\t\t\t\t\t\t\t<a target=\"\" href=\"https:\/\/bozita.com\/se\/kattfoder\/nutrition-och-kost\/\" class=\"btn btn-white\">Nutrition och kost<\/a>\n\t\t\t\t\t\t\t\t\t\t\t\t\t\t\t\t\t\t<\/div>\n\t\t\t\t\t\t\t<\/div>\n\t\t\t\t\t\t<\/div>\n\t\t\t\t\t\t\t\t\t\t\t\t<div class=\"col-md-6\">\n\t\t\t\t\t\t\t<div class=\"card\">\n\t\t\t\t\t\t\t\t\t\t\t\t\t\t\t\t\t<img decoding=\"async\" class=\"card-img-top\" src=\"https:\/\/bozita.com\/se\/wp-content\/uploads\/sites\/5\/2021\/06\/bozita-katt-utveckling.jpg\" alt=\"\">\n\t\t\t\t\t\t\t\t\t\t\t\t\t\t\t\t<div class=\"card-body\">\n\t\t\t\t\t\t\t\t\t<h5 class=\"card-title\">Kattens utveckling<\/h5>\n\t\t\t\t\t\t\t\t\t<p class=\"card-text\"><\/p>\n\t\t\t\t\t\t\t\t\t\t\t\t\t\t\t\t\t\t\t<a target=\"\" href=\"https:\/\/bozita.com\/se\/katt\/kattens-utveckling\/\" class=\"btn btn-white\">Kattens utveckling<\/a>\n\t\t\t\t\t\t\t\t\t\t\t\t\t\t\t\t\t\t<\/div>\n\t\t\t\t\t\t\t<\/div>\n\t\t\t\t\t\t<\/div>\n\t\t\t\t\t\t\t\t\t\t\t\t<div class=\"col-md-6\">\n\t\t\t\t\t\t\t<div class=\"card\">\n\t\t\t\t\t\t\t\t\t\t\t\t\t\t\t\t\t<img decoding=\"async\" class=\"card-img-top\" src=\"https:\/\/bozita.com\/se\/wp-content\/uploads\/sites\/5\/2021\/08\/Bozita_Kitten_lax_optimized-new.png\" alt=\"\">\n\t\t\t\t\t\t\t\t\t\t\t\t\t\t\t\t<div class=\"card-body\">\n\t\t\t\t\t\t\t\t\t<h5 class=\"card-title\">K\u00f6pa katt<\/h5>\n\t\t\t\t\t\t\t\t\t<p class=\"card-text\"><\/p>\n\t\t\t\t\t\t\t\t\t\t\t\t\t\t\t\t\t\t\t<a target=\"\" href=\"https:\/\/bozita.com\/se\/katt\/kopa-katt\/\" class=\"btn btn-white\">K\u00f6pa katt<\/a>\n\t\t\t\t\t\t\t\t\t\t\t\t\t\t\t\t\t\t<\/div>\n\t\t\t\t\t\t\t<\/div>\n\t\t\t\t\t\t<\/div>\n\t\t\t\t\t\t\t\t\t<\/div>\n\t\t<\/div>\n\t<\/section>\n","protected":false},"excerpt":{"rendered":"","protected":false},"author":1,"featured_media":3548,"parent":1580,"menu_order":0,"comment_status":"closed","ping_status":"closed","template":"guternberg.php","meta":{"footnotes":""},"acf":[],"yoast_head":"<!-- This site is optimized with the Yoast SEO plugin v21.3 - https:\/\/yoast.com\/wordpress\/plugins\/seo\/ -->\n<title>Aktivera din katt, framf\u00f6rallt din innekatt | Bozita<\/title>\n<meta name=\"description\" content=\"Aktivera din katt. B\u00e5de kattens huvud och kropp beh\u00f6ver utlopp f\u00f6r sina instinkter f\u00f6r att katten ska m\u00e5 bra. Det \u00e4r s\u00e4rskilt viktigt att aktivera inomhuskatter.\" \/>\n<meta name=\"robots\" content=\"index, follow, max-snippet:-1, max-image-preview:large, max-video-preview:-1\" \/>\n<link rel=\"canonical\" href=\"https:\/\/bozita.com\/se\/katt\/aktivera-katten\/aktivera-katten-for-att-den-ska-ma-bra\/\" \/>\n<meta property=\"og:locale\" content=\"sv_SE\" \/>\n<meta property=\"og:type\" content=\"article\" \/>\n<meta property=\"og:title\" content=\"Aktivera din katt, framf\u00f6rallt din innekatt | Bozita\" \/>\n<meta property=\"og:description\" content=\"Aktivera din katt. B\u00e5de kattens huvud och kropp beh\u00f6ver utlopp f\u00f6r sina instinkter f\u00f6r att katten ska m\u00e5 bra. Det \u00e4r s\u00e4rskilt viktigt att aktivera inomhuskatter.\" \/>\n<meta property=\"og:url\" content=\"https:\/\/bozita.com\/se\/katt\/aktivera-katten\/aktivera-katten-for-att-den-ska-ma-bra\/\" \/>\n<meta property=\"og:site_name\" content=\"Bozita Sverige\" \/>\n<meta property=\"article:modified_time\" content=\"2021-08-26T20:41:37+00:00\" \/>\n<meta property=\"og:image\" content=\"https:\/\/bozita.com\/se\/wp-content\/uploads\/sites\/5\/2021\/08\/bozita-aktivera-innekatt.jpg\" \/>\n\t<meta property=\"og:image:width\" content=\"800\" \/>\n\t<meta property=\"og:image:height\" content=\"534\" \/>\n\t<meta property=\"og:image:type\" content=\"image\/jpeg\" \/>\n<meta name=\"twitter:card\" content=\"summary_large_image\" \/>\n<!-- \/ Yoast SEO plugin. -->","yoast_head_json":{"title":"Aktivera din katt, framf\u00f6rallt din innekatt | Bozita","description":"Aktivera din katt. B\u00e5de kattens huvud och kropp beh\u00f6ver utlopp f\u00f6r sina instinkter f\u00f6r att katten ska m\u00e5 bra. Det \u00e4r s\u00e4rskilt viktigt att aktivera inomhuskatter.","robots":{"index":"index","follow":"follow","max-snippet":"max-snippet:-1","max-image-preview":"max-image-preview:large","max-video-preview":"max-video-preview:-1"},"canonical":"https:\/\/bozita.com\/se\/katt\/aktivera-katten\/aktivera-katten-for-att-den-ska-ma-bra\/","og_locale":"sv_SE","og_type":"article","og_title":"Aktivera din katt, framf\u00f6rallt din innekatt | Bozita","og_description":"Aktivera din katt. B\u00e5de kattens huvud och kropp beh\u00f6ver utlopp f\u00f6r sina instinkter f\u00f6r att katten ska m\u00e5 bra. Det \u00e4r s\u00e4rskilt viktigt att aktivera inomhuskatter.","og_url":"https:\/\/bozita.com\/se\/katt\/aktivera-katten\/aktivera-katten-for-att-den-ska-ma-bra\/","og_site_name":"Bozita Sverige","article_modified_time":"2021-08-26T20:41:37+00:00","og_image":[{"width":800,"height":534,"url":"https:\/\/bozita.com\/se\/wp-content\/uploads\/sites\/5\/2021\/08\/bozita-aktivera-innekatt.jpg","type":"image\/jpeg"}],"twitter_card":"summary_large_image","schema":{"@context":"https:\/\/schema.org","@graph":[{"@type":"WebPage","@id":"https:\/\/bozita.com\/se\/katt\/aktivera-katten\/aktivera-katten-for-att-den-ska-ma-bra\/","url":"https:\/\/bozita.com\/se\/katt\/aktivera-katten\/aktivera-katten-for-att-den-ska-ma-bra\/","name":"Aktivera din katt, framf\u00f6rallt din innekatt | Bozita","isPartOf":{"@id":"https:\/\/bozita.com\/se\/#website"},"datePublished":"2021-06-21T00:07:19+00:00","dateModified":"2021-08-26T20:41:37+00:00","description":"Aktivera din katt. B\u00e5de kattens huvud och kropp beh\u00f6ver utlopp f\u00f6r sina instinkter f\u00f6r att katten ska m\u00e5 bra. Det \u00e4r s\u00e4rskilt viktigt att aktivera inomhuskatter.","breadcrumb":{"@id":"https:\/\/bozita.com\/se\/katt\/aktivera-katten\/aktivera-katten-for-att-den-ska-ma-bra\/#breadcrumb"},"inLanguage":"sv-SE","potentialAction":[{"@type":"ReadAction","target":["https:\/\/bozita.com\/se\/katt\/aktivera-katten\/aktivera-katten-for-att-den-ska-ma-bra\/"]}]},{"@type":"BreadcrumbList","@id":"https:\/\/bozita.com\/se\/katt\/aktivera-katten\/aktivera-katten-for-att-den-ska-ma-bra\/#breadcrumb","itemListElement":[{"@type":"ListItem","position":1,"name":"Home","item":"https:\/\/bozita.com\/se\/"},{"@type":"ListItem","position":2,"name":"Livet med katt","item":"https:\/\/bozita.com\/se\/katt\/"},{"@type":"ListItem","position":3,"name":"Aktivera katten","item":"https:\/\/bozita.com\/se\/katt\/aktivera-katten\/"},{"@type":"ListItem","position":4,"name":"Aktivera din katt"}]},{"@type":"WebSite","@id":"https:\/\/bozita.com\/se\/#website","url":"https:\/\/bozita.com\/se\/","name":"Bozita Sverige","description":"","potentialAction":[{"@type":"SearchAction","target":{"@type":"EntryPoint","urlTemplate":"https:\/\/bozita.com\/se\/?s={search_term_string}"},"query-input":"required name=search_term_string"}],"inLanguage":"sv-SE"}]}},"_links":{"self":[{"href":"https:\/\/bozita.com\/se\/wp-json\/wp\/v2\/pages\/1585"}],"collection":[{"href":"https:\/\/bozita.com\/se\/wp-json\/wp\/v2\/pages"}],"about":[{"href":"https:\/\/bozita.com\/se\/wp-json\/wp\/v2\/types\/page"}],"author":[{"embeddable":true,"href":"https:\/\/bozita.com\/se\/wp-json\/wp\/v2\/users\/1"}],"replies":[{"embeddable":true,"href":"https:\/\/bozita.com\/se\/wp-json\/wp\/v2\/comments?post=1585"}],"version-history":[{"count":21,"href":"https:\/\/bozita.com\/se\/wp-json\/wp\/v2\/pages\/1585\/revisions"}],"predecessor-version":[{"id":6278,"href":"https:\/\/bozita.com\/se\/wp-json\/wp\/v2\/pages\/1585\/revisions\/6278"}],"up":[{"embeddable":true,"href":"https:\/\/bozita.com\/se\/wp-json\/wp\/v2\/pages\/1580"}],"wp:featuredmedia":[{"embeddable":true,"href":"https:\/\/bozita.com\/se\/wp-json\/wp\/v2\/media\/3548"}],"wp:attachment":[{"href":"https:\/\/bozita.com\/se\/wp-json\/wp\/v2\/media?parent=1585"}],"curies":[{"name":"wp","href":"https:\/\/api.w.org\/{rel}","templated":true}]}}