{"id":1613,"date":"2021-06-21T21:25:30","date_gmt":"2021-06-21T21:25:30","guid":{"rendered":"https:\/\/bozita.com\/se\/?page_id=1613"},"modified":"2025-03-13T13:05:19","modified_gmt":"2025-03-13T13:05:19","slug":"vaccinera-din-katt-for-att-minska-risken-for-vanliga-sjukdomar","status":"publish","type":"page","link":"https:\/\/bozita.com\/se\/katt\/kattens-halsa\/vaccinera-din-katt-for-att-minska-risken-for-vanliga-sjukdomar\/","title":{"rendered":"Vaccinera din katt"},"content":{"rendered":"\t\t<section class=\"small-hero\">\n\t\t\t<div class=\"container\">\n\t\t\t\t<h1 class=\"small-hero-title\">Vaccinera din katt<\/h1>\t\t\t<\/div>\n\t\t\t<\/div>\n\t\t<\/section>\n\t\n\n\t<div class=\"text-box-warp\">\n\t\t<div class=\"container\">\n\t\t\t<div class=\"text-content\">\n\t\t\t\t<p><strong>Vaccination \u00e4r viktigt b\u00e5de f\u00f6r din och andra katters skull. Genom att vaccinera din katt minskar du risken f\u00f6r spridning av vanliga sjukdomar s\u00e5som kattpest och kattsnuva, \u00e4ven kallat kattinfluensa.<\/strong><\/p>\n<h2>M\u00c5STE MAN VACCINERA SIN KATT?<\/h2>\n<p>Att vaccinera sin katt \u00e4r inte ett lagkrav i Sverige, men det rekommenderas starkt av veterin\u00e4rer f\u00f6r att skydda katten mot allvarliga sjukdomar. Grundvaccinationen skyddar mot kattpest och kattsnuva, som \u00e4r smittsamma och kan vara livshotande, s\u00e4rskilt f\u00f6r kattungar och \u00e4ldre katter. Om katten vistas utomhus eller tr\u00e4ffar andra katter \u00e4r risken f\u00f6r smitta st\u00f6rre, och d\u00e5 blir vaccination \u00e4nnu viktigare. F\u00f6r katter som ska resa utomlands eller delta i utst\u00e4llningar kan vissa vaccinationer vara obligatoriska, exempelvis rabiesvaccin.<\/p>\n<h2>VACCINATION AV KATTEN STOPPAR SJUKDOMAR<\/h2>\n<p>Kattpest \u00e4r en vanlig och mycket allvarlig mag- och tarmsjukdom som orsakas av ett parvovirus. Denna sjukdom \u00e4r mycket smittsam och har h\u00f6g d\u00f6dlighet och det \u00e4r d\u00e4rf\u00f6r viktigt att du vaccinerar din katt. Viruset sprids oftast genom kontakt med infekterade katters avf\u00f6ring och \u00e4r d\u00e4rf\u00f6r v\u00e4ldigt vanligt f\u00f6rekommande.<\/p>\n<p>Kattsnuva \u00e4r som en m\u00e4nsklig f\u00f6rkylning och kan orsaka bland annat hosta, feber, v\u00e4rk i muskler och leder, s\u00e5r i munnen och andningsbesv\u00e4r. Denna sjukdomen \u00e4r \u00e4nnu vanligare \u00e4n kattpest och orsakas oftast av herpesvirus eller calicivirus. \u00c4ven detta \u00e4r en smittsam sjukdom och vaccination av din katt \u00e4r viktig. Smittspridningen sker framf\u00f6rallt genom nos, \u00f6gon och saliv. I en gynnsam milj\u00f6 kan partiklarna dessutom \u00f6verleva i flera veckor, s\u00e5 katter beh\u00f6ver inte ens m\u00f6tas f\u00f6r att smitta eller smittas.<\/p>\n<h2>N\u00c4R SKA MAN VACCINERA KATTUNGAR?<\/h2>\n<p>Vaccinera din kattunge f\u00f6rsta g\u00e5ngen vid 7\u20138 veckors \u00e5lder och \u00e4nnu en g\u00e5ng efter vecka 12. Det \u00e4r viktigt att st\u00e4mma av med uppf\u00f6daren att kattungen verkligen \u00e4r vaccinerad innan du h\u00e4mtar hem den och \u00e4ven vad den f\u00e5tt vaccin mot. Ta inte f\u00f6r givet att detta \u00e4r gjort och \u00e4r du os\u00e4ker ska du beg\u00e4ra vaccinationsintyg.<\/p>\n<h2>HUR OFTA SKA MAN VACCINERA SIN KATT?<\/h2>\n<p>Hur ofta din katt sedan ska vaccineras beror p\u00e5 vilket sorts vaccin veterin\u00e4rkliniken anv\u00e4nder s\u00e5 r\u00e5dfr\u00e5ga alltid din veterin\u00e4r. Vissa vaccintillverkare rekommenderar en \u00e5rlig vaccination medan andra skyddar upp till tre \u00e5r.<\/p>\n<p>Eventuella biverkningar kan komma efter 1\u20132 dagar och d\u00e5 i form av svullnad vid injektionsst\u00e4llet och ibland \u00e4ven feber. Detta \u00e4r vanligt och ingenting att oroa sig \u00f6ver.<\/p>\n<h2>VACCINATION AV KATT VID UTLANDSRESA<\/h2>\n<p>Till\u00e4ggsvaccinera din katt om du ska resa utomlands. Grundvaccinationen i Sverige skyddar mot kattpest och kattsnuva\/kattinfluensa. F\u00f6r vissa l\u00e4nder utanf\u00f6r EU kr\u00e4vs det dock att din katt tar ett blodprov minst 120 dagar efter grundvaccinationen f\u00f6r att s\u00e4kerst\u00e4lla tillr\u00e4ckligt skydd. Ska du resa inom EU kr\u00e4vs det att katten har en giltig vaccination samt \u00e4r grundvaccinerad mot rabies.<\/p>\n<p>Kontakta din veterin\u00e4r f\u00f6r att ta reda p\u00e5 vilka vaccinationer som kr\u00e4vs f\u00f6r ditt resm\u00e5l och se till att vaccinera i god tid f\u00f6re avresa.<\/p>\n<h2>\u00c4VEN INNEKATTER BEH\u00d6VER VACCINERAS<\/h2>\n<p>Det \u00e4r viktigt att b\u00e5de utekatter och innekatter vaccineras. \u00c4ven om din katt s\u00e4llan eller aldrig vistas utomhus finns fortfarande en risk att den smittas av vanliga sjukdomar. En oskyddad innekatt kan insjukna genom att man sj\u00e4lv dragit hem smittopartiklar som fastnat p\u00e5 skor eller kl\u00e4der, exempelvis via avf\u00f6ring.<\/p>\n<h2>VAD KOSTAR DET ATT VACCINERA EN KATT?<\/h2>\n<p>Priset f\u00f6r att vaccinera en katt varierar beroende p\u00e5 klinik och vilken typ av vaccin som ges. En grundvaccination, som vanligtvis ges i tv\u00e5 doser med n\u00e5gra veckors mellanrum, kostar oftast mellan 400 och 700 kronor per dos. Efter grundvaccinationen beh\u00f6vs p\u00e5fyllnadsdoser \u00e5rligen eller vart tredje \u00e5r, beroende p\u00e5 vaccinets skyddstid. Rabiesvaccination och andra specialvaccin kan vara n\u00e5got dyrare. M\u00e5nga veterin\u00e4rkliniker erbjuder ocks\u00e5 vaccination som en del av ett h\u00e4lsokontrollpaket, vilket kan vara ett kostnadseffektivt alternativ.<\/p>\n\t\t\t<\/div>\n\t\t<\/div>\n\t<\/div>\n\n\n\n\t<section class=\"block related-articles\">\n\t\t<div class=\"container\">\n\t\t\t<h2>Relaterade artiklar<\/h2>\n\t\t\t<div class=\"row justify-content-center\">\n\t\t\t\t\t\t\t\t\t\t<div class=\"col-sm-6 col-md-6 col-lg-3\">\n\t\t\t\t\t\t\t\t\t\t\t\t\t\t<div class=\"card \">\n\t\t\t\t\t\t\t\t\t\t\t\t\t\t\t\t\t<img decoding=\"async\"  src=\"https:\/\/bozita.com\/se\/wp-content\/uploads\/sites\/5\/2021\/07\/bozita-kastrera-katt.jpeg\" alt=\"\">\n\t\t\t\t\t\t\t\t\t\t\t\t\t\t\t\t\t<!-- <img decoding=\"async\" src=\"\n\t\t\t\t\t\t\t\t\t\t\t\t\t\t\t\t\t\t\t\t\" alt=\"\n\t\t\t\t\t\t\t\t\t\t\t\t\t\t\t\t\t\t\t\t\t\t\t\t\t\t\t\"> -->\n\t\t\t\t\t\t\t\t<div class=\"card-body\">\n\t\t\t\t\t\t\t\t\t\t\t\t\t\t\t\t\t\t\t<h6>Att kastrera katten har m\u00e5nga f\u00f6rdelar<\/h6>\n\t\t\t\t\t\t\t\t\t\t\t\t\t\t\t\t\t\t\t<a href=\"https:\/\/bozita.com\/se\/katt\/kattens-halsa\/att-kastrera-katten-har-manga-fordelar\/\">L\u00e4s mer &nbsp; ><\/a>\n\t\t\t\t\t\t\t\t<\/div>\n\t\t\t\t\t\t\t<\/div>\n\t\t\t\t\t\t<\/div>\n\n\t\t\t\t\t\t\t\t\t\t\t<div class=\"col-sm-6 col-md-6 col-lg-3\">\n\t\t\t\t\t\t\t\t\t\t\t\t\t\t<div class=\"card \">\n\t\t\t\t\t\t\t\t\t\t\t\t\t\t\t\t\t<img decoding=\"async\"  src=\"https:\/\/bozita.com\/se\/wp-content\/uploads\/sites\/5\/2021\/07\/bozita-katt-ratt-hull-guide.jpeg\" alt=\"\">\n\t\t\t\t\t\t\t\t\t\t\t\t\t\t\t\t\t<!-- <img decoding=\"async\" src=\"\n\t\t\t\t\t\t\t\t\t\t\t\t\t\t\t\t\t\t\t\t\" alt=\"\n\t\t\t\t\t\t\t\t\t\t\t\t\t\t\t\t\t\t\t\t\t\t\t\t\t\t\t\"> -->\n\t\t\t\t\t\t\t\t<div class=\"card-body\">\n\t\t\t\t\t\t\t\t\t\t\t\t\t\t\t\t\t\t\t<h6>Hur mycket ska en katt v\u00e4ga?<\/h6>\n\t\t\t\t\t\t\t\t\t\t\t\t\t\t\t\t\t\t\t<a href=\"https:\/\/bozita.com\/se\/katt\/kattens-halsa\/haller-din-katt-ratt-vikt-ta-hjalp-av-var-bedomningsguide\/\">L\u00e4s mer &nbsp; ><\/a>\n\t\t\t\t\t\t\t\t<\/div>\n\t\t\t\t\t\t\t<\/div>\n\t\t\t\t\t\t<\/div>\n\n\t\t\t\t\t\t\t\t\t\t\t<div class=\"col-sm-6 col-md-6 col-lg-3\">\n\t\t\t\t\t\t\t\t\t\t\t\t\t\t<div class=\"card \">\n\t\t\t\t\t\t\t\t\t\t\t\t\t\t\t\t\t<img decoding=\"async\"  src=\"https:\/\/bozita.com\/se\/wp-content\/uploads\/sites\/5\/2021\/07\/bozita_swedish-natural-quality.jpeg\" alt=\"\">\n\t\t\t\t\t\t\t\t\t\t\t\t\t\t\t\t\t<!-- <img decoding=\"async\" src=\"\n\t\t\t\t\t\t\t\t\t\t\t\t\t\t\t\t\t\t\t\t\" alt=\"\n\t\t\t\t\t\t\t\t\t\t\t\t\t\t\t\t\t\t\t\t\t\t\t\t\t\t\t\"> -->\n\t\t\t\t\t\t\t\t<div class=\"card-body\">\n\t\t\t\t\t\t\t\t\t\t\t\t\t\t\t\t\t\t\t<h6>Avmaskning katt och kattunge<\/h6>\n\t\t\t\t\t\t\t\t\t\t\t\t\t\t\t\t\t\t\t<a href=\"https:\/\/bozita.com\/se\/katt\/kattens-halsa\/avmaskning-katt-och-kattunge\/\">L\u00e4s mer &nbsp; ><\/a>\n\t\t\t\t\t\t\t\t<\/div>\n\t\t\t\t\t\t\t<\/div>\n\t\t\t\t\t\t<\/div>\n\n\t\t\t\t\t\t\t\t\t\t\t\t<\/div>\n\t\t<\/div>\n\t<\/section>\n","protected":false},"excerpt":{"rendered":"","protected":false},"author":1,"featured_media":3563,"parent":77,"menu_order":0,"comment_status":"closed","ping_status":"closed","template":"guternberg.php","meta":{"footnotes":""},"acf":[],"yoast_head":"<!-- This site is optimized with the Yoast SEO plugin v21.3 - https:\/\/yoast.com\/wordpress\/plugins\/seo\/ -->\n<title>Vaccinera katt - n\u00e4r och hur ofta? Allt om vaccin f\u00f6r katter | Bozita<\/title>\n<meta name=\"description\" content=\"R\u00e5d om hur ofta och n\u00e4r man b\u00f6r vaccinera en katt. Vilka regler som g\u00e4ller om du ska resa utomlands f\u00f6r vaccination av din katt.\" \/>\n<meta name=\"robots\" content=\"index, follow, max-snippet:-1, max-image-preview:large, max-video-preview:-1\" \/>\n<link rel=\"canonical\" href=\"https:\/\/bozita.com\/se\/katt\/kattens-halsa\/vaccinera-din-katt-for-att-minska-risken-for-vanliga-sjukdomar\/\" \/>\n<meta property=\"og:locale\" content=\"sv_SE\" \/>\n<meta property=\"og:type\" content=\"article\" \/>\n<meta property=\"og:title\" content=\"Vaccinera katt - n\u00e4r och hur ofta? Allt om vaccin f\u00f6r katter | Bozita\" \/>\n<meta property=\"og:description\" content=\"R\u00e5d om hur ofta och n\u00e4r man b\u00f6r vaccinera en katt. Vilka regler som g\u00e4ller om du ska resa utomlands f\u00f6r vaccination av din katt.\" \/>\n<meta property=\"og:url\" content=\"https:\/\/bozita.com\/se\/katt\/kattens-halsa\/vaccinera-din-katt-for-att-minska-risken-for-vanliga-sjukdomar\/\" \/>\n<meta property=\"og:site_name\" content=\"Bozita Sverige\" \/>\n<meta property=\"article:modified_time\" content=\"2025-03-13T13:05:19+00:00\" \/>\n<meta property=\"og:image\" content=\"https:\/\/bozita.com\/se\/wp-content\/uploads\/sites\/5\/2021\/08\/bozita-vaccinera-katt.jpg\" \/>\n\t<meta property=\"og:image:width\" content=\"800\" \/>\n\t<meta property=\"og:image:height\" content=\"535\" \/>\n\t<meta property=\"og:image:type\" content=\"image\/jpeg\" \/>\n<meta name=\"twitter:card\" content=\"summary_large_image\" \/>\n<!-- \/ Yoast SEO plugin. -->","yoast_head_json":{"title":"Vaccinera katt - n\u00e4r och hur ofta? Allt om vaccin f\u00f6r katter | Bozita","description":"R\u00e5d om hur ofta och n\u00e4r man b\u00f6r vaccinera en katt. Vilka regler som g\u00e4ller om du ska resa utomlands f\u00f6r vaccination av din katt.","robots":{"index":"index","follow":"follow","max-snippet":"max-snippet:-1","max-image-preview":"max-image-preview:large","max-video-preview":"max-video-preview:-1"},"canonical":"https:\/\/bozita.com\/se\/katt\/kattens-halsa\/vaccinera-din-katt-for-att-minska-risken-for-vanliga-sjukdomar\/","og_locale":"sv_SE","og_type":"article","og_title":"Vaccinera katt - n\u00e4r och hur ofta? Allt om vaccin f\u00f6r katter | Bozita","og_description":"R\u00e5d om hur ofta och n\u00e4r man b\u00f6r vaccinera en katt. Vilka regler som g\u00e4ller om du ska resa utomlands f\u00f6r vaccination av din katt.","og_url":"https:\/\/bozita.com\/se\/katt\/kattens-halsa\/vaccinera-din-katt-for-att-minska-risken-for-vanliga-sjukdomar\/","og_site_name":"Bozita Sverige","article_modified_time":"2025-03-13T13:05:19+00:00","og_image":[{"width":800,"height":535,"url":"https:\/\/bozita.com\/se\/wp-content\/uploads\/sites\/5\/2021\/08\/bozita-vaccinera-katt.jpg","type":"image\/jpeg"}],"twitter_card":"summary_large_image","schema":{"@context":"https:\/\/schema.org","@graph":[{"@type":"WebPage","@id":"https:\/\/bozita.com\/se\/katt\/kattens-halsa\/vaccinera-din-katt-for-att-minska-risken-for-vanliga-sjukdomar\/","url":"https:\/\/bozita.com\/se\/katt\/kattens-halsa\/vaccinera-din-katt-for-att-minska-risken-for-vanliga-sjukdomar\/","name":"Vaccinera katt - n\u00e4r och hur ofta? Allt om vaccin f\u00f6r katter | Bozita","isPartOf":{"@id":"https:\/\/bozita.com\/se\/#website"},"datePublished":"2021-06-21T21:25:30+00:00","dateModified":"2025-03-13T13:05:19+00:00","description":"R\u00e5d om hur ofta och n\u00e4r man b\u00f6r vaccinera en katt. Vilka regler som g\u00e4ller om du ska resa utomlands f\u00f6r vaccination av din katt.","breadcrumb":{"@id":"https:\/\/bozita.com\/se\/katt\/kattens-halsa\/vaccinera-din-katt-for-att-minska-risken-for-vanliga-sjukdomar\/#breadcrumb"},"inLanguage":"sv-SE","potentialAction":[{"@type":"ReadAction","target":["https:\/\/bozita.com\/se\/katt\/kattens-halsa\/vaccinera-din-katt-for-att-minska-risken-for-vanliga-sjukdomar\/"]}]},{"@type":"BreadcrumbList","@id":"https:\/\/bozita.com\/se\/katt\/kattens-halsa\/vaccinera-din-katt-for-att-minska-risken-for-vanliga-sjukdomar\/#breadcrumb","itemListElement":[{"@type":"ListItem","position":1,"name":"Home","item":"https:\/\/bozita.com\/se\/"},{"@type":"ListItem","position":2,"name":"Livet med katt","item":"https:\/\/bozita.com\/se\/katt\/"},{"@type":"ListItem","position":3,"name":"H\u00e5ll katten frisk","item":"https:\/\/bozita.com\/se\/katt\/kattens-halsa\/"},{"@type":"ListItem","position":4,"name":"Vaccinera din katt"}]},{"@type":"WebSite","@id":"https:\/\/bozita.com\/se\/#website","url":"https:\/\/bozita.com\/se\/","name":"Bozita Sverige","description":"","potentialAction":[{"@type":"SearchAction","target":{"@type":"EntryPoint","urlTemplate":"https:\/\/bozita.com\/se\/?s={search_term_string}"},"query-input":"required name=search_term_string"}],"inLanguage":"sv-SE"}]}},"_links":{"self":[{"href":"https:\/\/bozita.com\/se\/wp-json\/wp\/v2\/pages\/1613"}],"collection":[{"href":"https:\/\/bozita.com\/se\/wp-json\/wp\/v2\/pages"}],"about":[{"href":"https:\/\/bozita.com\/se\/wp-json\/wp\/v2\/types\/page"}],"author":[{"embeddable":true,"href":"https:\/\/bozita.com\/se\/wp-json\/wp\/v2\/users\/1"}],"replies":[{"embeddable":true,"href":"https:\/\/bozita.com\/se\/wp-json\/wp\/v2\/comments?post=1613"}],"version-history":[{"count":15,"href":"https:\/\/bozita.com\/se\/wp-json\/wp\/v2\/pages\/1613\/revisions"}],"predecessor-version":[{"id":11185,"href":"https:\/\/bozita.com\/se\/wp-json\/wp\/v2\/pages\/1613\/revisions\/11185"}],"up":[{"embeddable":true,"href":"https:\/\/bozita.com\/se\/wp-json\/wp\/v2\/pages\/77"}],"wp:featuredmedia":[{"embeddable":true,"href":"https:\/\/bozita.com\/se\/wp-json\/wp\/v2\/media\/3563"}],"wp:attachment":[{"href":"https:\/\/bozita.com\/se\/wp-json\/wp\/v2\/media?parent=1613"}],"curies":[{"name":"wp","href":"https:\/\/api.w.org\/{rel}","templated":true}]}}