{"id":1618,"date":"2021-06-21T21:27:01","date_gmt":"2021-06-21T21:27:01","guid":{"rendered":"https:\/\/bozita.com\/se\/?page_id=1618"},"modified":"2025-03-12T13:35:46","modified_gmt":"2025-03-12T13:35:46","slug":"att-kastrera-katten-har-manga-fordelar","status":"publish","type":"page","link":"https:\/\/bozita.com\/se\/katt\/kattens-halsa\/att-kastrera-katten-har-manga-fordelar\/","title":{"rendered":"Att kastrera katten har m\u00e5nga f\u00f6rdelar"},"content":{"rendered":"\t\t<section class=\"small-hero\">\n\t\t\t<div class=\"container\">\n\t\t\t\t<h5>Kunskap<\/h5><h1 class=\"small-hero-title\">Att kastrera katten har m\u00e5nga f\u00f6rdelar<\/h1><p><p>Enligt statens nya djurskyddsregler ska djurh\u00e5llare f\u00f6rhindra att katter som r\u00f6r sig fritt utomhus f\u00f6r\u00f6kar sig oplanerat, o\u00f6nskat eller \u00f6verdrivet. Detta kan uppn\u00e5s genom att katten \u00e4r kastrerad, steriliserad eller p\u00e5 annat s\u00e4tt f\u00f6rhindrade fr\u00e5n att kunna f\u00f6r\u00f6ka sig okontrollerat. Men det kan finnas fler anledningar att kastrera katten.<\/p>\n<\/p>\t\t\t<\/div>\n\t\t\t<\/div>\n\t\t<\/section>\n\t\n\n\t<div class=\"text-box-warp\">\n\t\t<div class=\"container\">\n\t\t\t<div class=\"text-content\">\n\t\t\t\t<p>Om du inte ska anv\u00e4nda din katt till avel finns det m\u00e5nga f\u00f6rdelar med att kastrera din katt &#8211; b\u00e5de honkatt och hankatt.\u00a0Artikel baserad p\u00e5 samtal med Bozitas egen kattexpert Elin Hirsch, doktor i etologi med inriktning katters beteende.<\/p>\n<h2>N\u00c4R KAN MAN STERILISERA ELLER KASTRERA KATTEN?<\/h2>\n<p>I Sverige finns en rekommendation om att inte sterilisera eller kastrera sin katt innan fyra m\u00e5naders \u00e5lder. Katter blir k\u00f6nsmogna n\u00e4r de \u00e4r runt 6 m\u00e5nader gamla och veterin\u00e4ren rekommenderar ofta att kastrera precis n\u00e4r katten passerat den \u00e5ldern.<\/p>\n<h2>KASTRERA KATT &#8211; H\u00c4LSOF\u00d6RDELAR OCH BETEENDE<\/h2>\n<p>Genom kastrering av katten undviker du o\u00f6nskade kattungar och bidrar till minskad heml\u00f6shet bland katter, men kastrering har \u00e4ven m\u00e5nga h\u00e4lsof\u00f6rdelar.<\/p>\n<p>Dessutom medf\u00f6r kastrering eller sterilisering av katt en m\u00e4ngd positiva f\u00f6r\u00e4ndringar i kattens beteende och risken att katten urinmarkerar inomhus och utomhus minskar. Kastrerade utekatter g\u00e5r kortare str\u00e4ckor fr\u00e5n huset och interagerar mindre med andra katter, vilket i sin tur minskar risken f\u00f6r smittor och slagsm\u00e5lsskador. Har du en kastrerad honkatt upph\u00f6r l\u00f6pet och du slipper d\u00e4rmed en frustrerad katt och eventuella s\u00f6mnl\u00f6sa n\u00e4tter. L\u00f6pande honkatter \u00e4r inte l\u00e5gm\u00e4lda.<\/p>\n<p>Kastrerade katter brukar \u00e4ven bli mer k\u00e4rv\u00e4nliga mot sina \u00e4gare, s\u00e5 att kastrera din katt \u00e4r inte bara positivt f\u00f6r katten utan \u00e4ven f\u00f6r er relation.<\/p>\n<h2>RISKEN F\u00d6R \u00d6VERVIKT \u00d6KAR<\/h2>\n<p>En sak man ska t\u00e4nka p\u00e5 efter kastrering eller sterilisering \u00e4r att katten f\u00e5r en f\u00f6r\u00e4ndrad metabolism, verkar \u00f6ka sitt foderintag och sannolikt kommer att bli mindre aktiv. Risken \u00f6kar d\u00e4rmed f\u00f6r \u00f6vervikt. Byt g\u00e4rna till ett foder speciellt anpassat f\u00f6r kastrerade eller steriliserade katter \u2013 till exempel <a href=\"https:\/\/bozita.com\/se\/products\/bozita-indoor-sterilised-spannmalsfri-ren\/\">Bozita indoor &amp; sterilised spannm\u00e5lsfri ren<\/a> \u2013 och h\u00e5ll ett st\u00e4ndigt \u00f6ga p\u00e5 kattens hull. <a title=\"Hullbed\u00f6mning\" href=\"https:\/\/bozita.com\/se\/katt\/kattens-halsa\/haller-din-katt-ratt-vikt-ta-hjalp-av-var-bedomningsguide\/\">Ta hj\u00e4lp av Bozitas hullbed\u00f6mningsguide<\/a><\/p>\n<h2>KASTRERING AV KATT &#8211; S\u00c5 G\u00c5R DET TILL<\/h2>\n<p>Kastrering, sterilisering eller kemisk kastrering \u2013 det finns m\u00e5nga olika metoder f\u00f6r att f\u00f6rhindra att katter kan f\u00f6r\u00f6ka sig. Som katt\u00e4gare kan det vara sk\u00f6nt att veta hur kastrering av katten g\u00e5r till och hur du b\u00f6r ta hand om din katt f\u00f6re och efter operationen.<\/p>\n<p>F\u00f6r att din katt inte ska kr\u00e4kas under narkosen ska den fasta fr\u00e5n midnatt kv\u00e4llen innan ingreppet. Det \u00e4r d\u00e4remot okej f\u00f6r den att dricka vatten samma morgon som operationen. H\u00e5ll din katt inomhus s\u00e5 att du har koll p\u00e5 den.<\/p>\n<h2>KASTRERA HONKATT<\/h2>\n<p>F\u00f6r en honkatt inneb\u00e4r en kastrering en operation under narkos, men det \u00e4r ett rutiningrepp som veterin\u00e4rer utf\u00f6r dagligen. Oftast \u00e5ker man till kliniken p\u00e5 morgonen och f\u00e5r h\u00e4mta hem katten p\u00e5 eftermiddagen. Innan operationen s\u00e4kerst\u00e4ller man att hon \u00e4r i tillr\u00e4ckligt god form f\u00f6r kastreringen.<\/p>\n<p>Din katt f\u00e5r sm\u00e4rtstillande medicin, b\u00e5de f\u00f6re och efter ingreppet. P\u00e4lsen p\u00e5 magen rakas bort och ytan tv\u00e4ttas noggrant. Under operationen tas \u00e4ggledare, \u00e4ggstockar och livmoder bort och buks\u00e5ret sys sedan igen.<\/p>\n<p>N\u00e4r din katt sedan har vaknat ordentligt unders\u00f6ks operationss\u00e5ret en sista g\u00e5ng innan hon f\u00e5r \u00e5ka hem.<\/p>\n<h2>KASTRERA HANKATT<\/h2>\n<p>F\u00f6r en hankatt inneb\u00e4r en kastrering ett lite mindre ingrepp \u00e4n f\u00f6r en honkatt. Rutinen vid ankomst till veterin\u00e4ren \u00e4r densamma och katten blir f\u00f6rst unders\u00f6kt av en veterin\u00e4r innan den s\u00f6vs ner. Omr\u00e5det runt pungen rakas och steriltv\u00e4ttas. Under operationen \u00f6ppnas kattens pung upp, s\u00e4desledaren kapas och testiklarna avl\u00e4gsnas genom tv\u00e5 sm\u00e5 snitt i pungen. Efter ingreppet sys inte s\u00e5ret ihop utan pungen f\u00e5r l\u00e4ka sj\u00e4lv.<\/p>\n<p>Katten f\u00e5r sm\u00e4rtstillande medicin b\u00e5de innan och efter ingreppet och n\u00e4r den har vaknat ordentligt blir den unders\u00f6kt en sista g\u00e5ng innan den f\u00e5r \u00e5ka hem.<\/p>\n<h2>TA HAND OM KATTEN EFTER KASTRERINGEN<\/h2>\n<p>N\u00e4r du kommer hem efter kastrering av katten b\u00f6r du l\u00e5ta den vara ifred i ett m\u00f6rkt rum tills den vaknat till ordentligt. Ge den mat och vatten f\u00f6rst efter att den b\u00f6rjat piggna till och \u00e4r stadig igen, och d\u00e5 i sm\u00e5 portioner.<\/p>\n<p>Katten kommer forts\u00e4tta \u00e4ta sm\u00e4rtstillande medicin de kommande dagarna och f\u00f6r att undvika problem med s\u00e5ret b\u00f6r du l\u00e5ta den vara inomhus tills s\u00e5ret \u00e4r l\u00e4kt.<\/p>\n<p>Om du m\u00e4rker att din katt b\u00f6rjar slicka p\u00e5 s\u00e5ret \u00e4r det viktigt att den anv\u00e4nder krage. Skulle du m\u00e4rka att det uppst\u00e5r problem med s\u00e5ret b\u00f6r du kontakta din veterin\u00e4r. Huden \u00e4r vanligtvis l\u00e4kt efter 10\u201312 dagar och eventuella stygn \u00e4r oftast s\u00e5dana som l\u00f6ses upp av sig sj\u00e4lv. Kontakta din veterin\u00e4r om du \u00e4r os\u00e4ker.<\/p>\n\t\t\t<\/div>\n\t\t<\/div>\n\t<\/div>\n\n\n<section class=\"block product-promos\">\n\t<div class=\"container\">\n\t\t<div class=\"row align-items-center\">\n\t\t\t<div class=\"col-md-5\">\n\t\t\t\t<div class=\"prdt__promos-heading\">\n\t\t\t\t\t<h3>\n\t\t\t\t\t\tSpecialfoder f\u00f6r kastrerade katter\t\t\t\t\t<\/h3>\n\t\t\t\t\t\t\t\t\t<\/div>\n\t\t\t<\/div>\n\t\t\t<div class=\"col-md-7\">\n\t\t\t\t\t\t\t\t\t<div class=\"owl-carousel owl-theme product-promo-carousel\">\n\t\t\t\t\t\t\t\t\t\t\t\t\t<a href=\"https:\/\/bozita.com\/se\/kattfoder\/bozita-indoor-sterilised-kyckling\/\">\n\t\t\t\t\t\t\t\t<div class=\"blk__prdt-item\">\n\t\t\t\t\t\t\t\t\t<figure>\n\t\t\t\t\t\t\t\t\t\t<img loading=\"lazy\" decoding=\"async\" width=\"600\" height=\"600\" src=\"https:\/\/bozita.com\/se\/wp-content\/uploads\/sites\/5\/2021\/06\/230529-bozita-cat-dry-indoor-sterilised-rich-in-chicken.jpg\" class=\"attachment-post-thumbnail size-post-thumbnail wp-post-image\" alt=\"Torrfoder katt till steriliserade innekatter\" srcset=\"https:\/\/bozita.com\/se\/wp-content\/uploads\/sites\/5\/2021\/06\/230529-bozita-cat-dry-indoor-sterilised-rich-in-chicken.jpg 600w, https:\/\/bozita.com\/se\/wp-content\/uploads\/sites\/5\/2021\/06\/230529-bozita-cat-dry-indoor-sterilised-rich-in-chicken-300x300.jpg 300w, https:\/\/bozita.com\/se\/wp-content\/uploads\/sites\/5\/2021\/06\/230529-bozita-cat-dry-indoor-sterilised-rich-in-chicken-150x150.jpg 150w\" sizes=\"(max-width: 600px) 100vw, 600px\" \/>\t\t\t\t\t\t\t\t\t\t\t\t\t\t\t\t\t\t\t<\/figure>\n\t\t\t\t\t\t\t\t\t<h4 class=\"carousel-title\"><\/h4>\n\t\t\t\t\t\t\t\t\t<span class=\"carousel-category\">INDOOR &amp; STERILISED &#8211; KYCKLING<\/span>\n\t\t\t\t\t\t\t\t\t  \n\t\t\t\t\t\t\t\t\t<ul class=\"category-list\">\n\t\t\t\t\t\t\t\t\t\t\t\t\t\t\t\t\t\t\t\t\t\t\t\t\t\t\t\t\t\t\t\t\t<li class=\"svg-image\">\n\t\t\t\t\t\t\t\t\t\t\t\t\t\t<img decoding=\"async\" src=\"https:\/\/bozita.com\/se\/wp-content\/uploads\/sites\/5\/2021\/06\/icon-flavour-chicken.svg\" \/>\n\t\t\t\t\t\t\t\t\t\t\t\t\t<\/li>\n\t\t\t\t\t\t\t\t\t\t\t\t\t\t\t\t\t\t\t\t\t\t<\/ul>       \n\n\t\t\t\t\t\t\t\t<\/div>\n\t\t\t\t\t\t\t<\/a>\n\t\t\t\t\t\t\t\t\t\t\t\t\t\t\t\t\t\t\t\t<a href=\"https:\/\/bozita.com\/se\/kattfoder\/bozita-indoor-sterilised-spannmalsfri-ren\/\">\n\t\t\t\t\t\t\t\t<div class=\"blk__prdt-item\">\n\t\t\t\t\t\t\t\t\t<figure>\n\t\t\t\t\t\t\t\t\t\t<img loading=\"lazy\" decoding=\"async\" width=\"600\" height=\"600\" src=\"https:\/\/bozita.com\/se\/wp-content\/uploads\/sites\/5\/2024\/07\/31221-03-Bozita-Dry-Cat-Indoor-Sterilised-Reindeer-GF-2kg-Bag.jpg\" class=\"attachment-post-thumbnail size-post-thumbnail wp-post-image\" alt=\"INDOOR &amp; STERILISED SPANNM\u00c5LSFRITT RECEPT MED REN\" srcset=\"https:\/\/bozita.com\/se\/wp-content\/uploads\/sites\/5\/2024\/07\/31221-03-Bozita-Dry-Cat-Indoor-Sterilised-Reindeer-GF-2kg-Bag.jpg 600w, https:\/\/bozita.com\/se\/wp-content\/uploads\/sites\/5\/2024\/07\/31221-03-Bozita-Dry-Cat-Indoor-Sterilised-Reindeer-GF-2kg-Bag-300x300.jpg 300w, https:\/\/bozita.com\/se\/wp-content\/uploads\/sites\/5\/2024\/07\/31221-03-Bozita-Dry-Cat-Indoor-Sterilised-Reindeer-GF-2kg-Bag-150x150.jpg 150w\" sizes=\"(max-width: 600px) 100vw, 600px\" \/>\t\t\t\t\t\t\t\t\t\t\t\t\t\t\t\t\t\t\t<\/figure>\n\t\t\t\t\t\t\t\t\t<h4 class=\"carousel-title\"><\/h4>\n\t\t\t\t\t\t\t\t\t<span class=\"carousel-category\">INDOOR &amp; STERILISED SPANNM\u00c5LSFRITT RECEPT MED REN<\/span>\n\t\t\t\t\t\t\t\t\t  \n\t\t\t\t\t\t\t\t\t<ul class=\"category-list\">\n\t\t\t\t\t\t\t\t\t\t\t\t\t\t\t\t\t\t\t\t\t\t\t<li class=\"svg-image\">\n\t\t\t\t\t\t\t\t\t\t\t\t\t\t<img decoding=\"async\" src=\"https:\/\/bozita.com\/se\/wp-content\/uploads\/sites\/5\/2021\/06\/icon-grain-free.svg\" \/>\n\t\t\t\t\t\t\t\t\t\t\t\t\t<\/li>\n\t\t\t\t\t\t\t\t\t\t\t\t\t\t\t\t\t\t\t\t\t\t\t\t\t\t\t\t\t\t\t\t\t\t\t\t<li class=\"svg-image\">\n\t\t\t\t\t\t\t\t\t\t\t\t\t\t<img decoding=\"async\" src=\"https:\/\/bozita.com\/se\/wp-content\/uploads\/sites\/5\/2021\/06\/icon-flavour-reindeer.svg\" \/>\n\t\t\t\t\t\t\t\t\t\t\t\t\t<\/li>\n\t\t\t\t\t\t\t\t\t\t\t\t\t\t\t\t\t\t\t\t\t\t<\/ul>       \n\n\t\t\t\t\t\t\t\t<\/div>\n\t\t\t\t\t\t\t<\/a>\n\t\t\t\t\t\t\t\t\t\t\t\t\t\t\t\t\t\t\t\t\t\t\t\t\t\t\t<a href=\"https:\/\/bozita.com\/se\/kattfoder\/bozita-active-sterilised-spannmalsfri-lamm\/\">\n\t\t\t\t\t\t\t\t<div class=\"blk__prdt-item\">\n\t\t\t\t\t\t\t\t\t<figure>\n\t\t\t\t\t\t\t\t\t\t<img loading=\"lazy\" decoding=\"async\" width=\"600\" height=\"600\" src=\"https:\/\/bozita.com\/se\/wp-content\/uploads\/sites\/5\/2021\/06\/bozita-dry-cat-active-sterilised-lamb-gf-2kg-bag-31321.jpg\" class=\"attachment-post-thumbnail size-post-thumbnail wp-post-image\" alt=\"ACTIVE &amp; STERILISERAD MED LAMM\" srcset=\"https:\/\/bozita.com\/se\/wp-content\/uploads\/sites\/5\/2021\/06\/bozita-dry-cat-active-sterilised-lamb-gf-2kg-bag-31321.jpg 600w, https:\/\/bozita.com\/se\/wp-content\/uploads\/sites\/5\/2021\/06\/bozita-dry-cat-active-sterilised-lamb-gf-2kg-bag-31321-300x300.jpg 300w, https:\/\/bozita.com\/se\/wp-content\/uploads\/sites\/5\/2021\/06\/bozita-dry-cat-active-sterilised-lamb-gf-2kg-bag-31321-150x150.jpg 150w\" sizes=\"(max-width: 600px) 100vw, 600px\" \/>\t\t\t\t\t\t\t\t\t\t\t\t\t\t\t\t\t\t\t<\/figure>\n\t\t\t\t\t\t\t\t\t<h4 class=\"carousel-title\"><\/h4>\n\t\t\t\t\t\t\t\t\t<span class=\"carousel-category\">ACTIVE &amp; STERILISERAD MED LAMM<\/span>\n\t\t\t\t\t\t\t\t\t  \n\t\t\t\t\t\t\t\t\t<ul class=\"category-list\">\n\t\t\t\t\t\t\t\t\t\t\t\t\t\t\t\t\t\t\t\t\t\t\t<li class=\"svg-image\">\n\t\t\t\t\t\t\t\t\t\t\t\t\t\t<img decoding=\"async\" src=\"https:\/\/bozita.com\/se\/wp-content\/uploads\/sites\/5\/2021\/06\/icon-grain-free.svg\" \/>\n\t\t\t\t\t\t\t\t\t\t\t\t\t<\/li>\n\t\t\t\t\t\t\t\t\t\t\t\t\t\t\t\t\t\t\t\t\t\t\t\t\t\t\t\t\t\t\t\t\t\t\t\t<li class=\"svg-image\">\n\t\t\t\t\t\t\t\t\t\t\t\t\t\t<img decoding=\"async\" src=\"https:\/\/bozita.com\/se\/wp-content\/uploads\/sites\/5\/2021\/06\/icon-flavour-lamb.svg\" \/>\n\t\t\t\t\t\t\t\t\t\t\t\t\t<\/li>\n\t\t\t\t\t\t\t\t\t\t\t\t\t\t\t\t\t\t\t\t\t\t<\/ul>       \n\n\t\t\t\t\t\t\t\t<\/div>\n\t\t\t\t\t\t\t<\/a>\n\t\t\t\t\t\t\t\t\t\t\t\t\t\t\t\t\t\t\t\t<a href=\"https:\/\/bozita.com\/se\/kattfoder\/bozita-indoor-sterilised-bitar-i-gele\/\">\n\t\t\t\t\t\t\t\t<div class=\"blk__prdt-item\">\n\t\t\t\t\t\t\t\t\t<figure>\n\t\t\t\t\t\t\t\t\t\t<img loading=\"lazy\" decoding=\"async\" width=\"400\" height=\"400\" src=\"https:\/\/bozita.com\/se\/wp-content\/uploads\/sites\/5\/2021\/06\/3009-bozita-feline-indoor-sterilised-tetra.png\" class=\"attachment-post-thumbnail size-post-thumbnail wp-post-image\" alt=\"ACTIVE &amp; STERILISERAD MED LAMM\" srcset=\"https:\/\/bozita.com\/se\/wp-content\/uploads\/sites\/5\/2021\/06\/3009-bozita-feline-indoor-sterilised-tetra.png 400w, https:\/\/bozita.com\/se\/wp-content\/uploads\/sites\/5\/2021\/06\/3009-bozita-feline-indoor-sterilised-tetra-300x300.png 300w, https:\/\/bozita.com\/se\/wp-content\/uploads\/sites\/5\/2021\/06\/3009-bozita-feline-indoor-sterilised-tetra-150x150.png 150w\" sizes=\"(max-width: 400px) 100vw, 400px\" \/>\t\t\t\t\t\t\t\t\t\t\t\t\t\t\t\t\t\t\t<\/figure>\n\t\t\t\t\t\t\t\t\t<h4 class=\"carousel-title\"><\/h4>\n\t\t\t\t\t\t\t\t\t<span class=\"carousel-category\">Privat: INDOOR &#038; STERILISED BITAR I GEL\u00c9<\/span>\n\t\t\t\t\t\t\t\t\t  \n\t\t\t\t\t\t\t\t\t<ul class=\"category-list\">\n\t\t\t\t\t\t\t\t\t\t\t\t\t\t\t\t\t\t\t\t\t\t\t<li class=\"svg-image\">\n\t\t\t\t\t\t\t\t\t\t\t\t\t\t<img decoding=\"async\" src=\"https:\/\/bozita.com\/se\/wp-content\/uploads\/sites\/5\/2021\/06\/icon-grain-free.svg\" \/>\n\t\t\t\t\t\t\t\t\t\t\t\t\t<\/li>\n\t\t\t\t\t\t\t\t\t\t\t\t\t\t\t\t\t\t\t\t\t\t\t\t\t\t\t\t\t\t\t\t\t\t\t\t<li class=\"svg-image\">\n\t\t\t\t\t\t\t\t\t\t\t\t\t\t<img decoding=\"async\" src=\"https:\/\/bozita.com\/se\/wp-content\/uploads\/sites\/5\/2021\/06\/icon-flavour-chicken.svg\" \/>\n\t\t\t\t\t\t\t\t\t\t\t\t\t<\/li>\n\t\t\t\t\t\t\t\t\t\t\t\t\t\t\t\t\t\t\t\t\t\t<\/ul>       \n\n\t\t\t\t\t\t\t\t<\/div>\n\t\t\t\t\t\t\t<\/a>\n\t\t\t\t\t\t\t\t\t\t\t\t\t\t\t\t\t\t<\/div>\n\t\t\t\t\t\t\t<\/div>\n\t\t<\/div>\n\t<\/div>\n<\/section>\n<script>\njQuery(document).ready(function($) {\n\tjQuery('.product-promo-carousel').owlCarousel({\n\tloop: true,\n\tmargin: 10,\n\tresponsiveClass: true,\n\tresponsive: {\n\t\t0: {\n\t\titems: 1,\n\t\tnav: true\n\t\t},\n\t\t600: {\n\t\titems: 1,\n\t\tnav: true\n\t\t},\n\t\t1000: {\n\t\titems: 2,\n\t\tnav: true,\n\t\t}\n\t}\n\t})\n\tjQuery(\".owl-prev\").html('<span><<\/span>');\n\tjQuery(\".owl-next\").html('<span>><\/span>');\n\n\tvar slider = jQuery('.promo-slider-list');\n\tslider.owlCarousel();\n\tjQuery('.nextbtn-a').click(function() {\n\tslider.trigger('next.owl.carousel');\n\t})\n\t\/\/ Go to the previous item\n\tjQuery('.prebtn-a').click(function() {\n\tslider.trigger('prev.owl.carousel', [300]);\n\t})\n});\n<\/script>\n\n\n\n\t<section class=\"block related-articles\">\n\t\t<div class=\"container\">\n\t\t\t<h2>Relaterade artiklar<\/h2>\n\t\t\t<div class=\"row justify-content-center\">\n\t\t\t\t\t\t\t\t\t\t<div class=\"col-sm-6 col-md-6 col-lg-3\">\n\t\t\t\t\t\t\t\t\t\t\t\t\t\t<div class=\"card \">\n\t\t\t\t\t\t\t\t\t\t\t\t\t\t\t\t\t<img decoding=\"async\"  src=\"https:\/\/bozita.com\/se\/wp-content\/uploads\/sites\/5\/2021\/07\/bozita-katt-ratt-hull-guide.jpeg\" alt=\"\">\n\t\t\t\t\t\t\t\t\t\t\t\t\t\t\t\t\t<!-- <img decoding=\"async\" src=\"\n\t\t\t\t\t\t\t\t\t\t\t\t\t\t\t\t\t\t\t\t\" alt=\"\n\t\t\t\t\t\t\t\t\t\t\t\t\t\t\t\t\t\t\t\t\t\t\t\t\t\t\t\"> -->\n\t\t\t\t\t\t\t\t<div class=\"card-body\">\n\t\t\t\t\t\t\t\t\t\t\t\t\t\t\t\t\t\t\t<h6>Hur mycket ska en katt v\u00e4ga?<\/h6>\n\t\t\t\t\t\t\t\t\t\t\t\t\t\t\t\t\t\t\t<a href=\"https:\/\/bozita.com\/se\/katt\/kattens-halsa\/haller-din-katt-ratt-vikt-ta-hjalp-av-var-bedomningsguide\/\">L\u00e4s mer &nbsp; ><\/a>\n\t\t\t\t\t\t\t\t<\/div>\n\t\t\t\t\t\t\t<\/div>\n\t\t\t\t\t\t<\/div>\n\n\t\t\t\t\t\t\t\t\t\t\t<div class=\"col-sm-6 col-md-6 col-lg-3\">\n\t\t\t\t\t\t\t\t\t\t\t\t\t\t<div class=\"card \">\n\t\t\t\t\t\t\t\t\t\t\t\t\t\t\t\t\t<img decoding=\"async\"  src=\"https:\/\/bozita.com\/se\/wp-content\/uploads\/sites\/5\/2021\/08\/bozita-palsvard-fibrer-motverkar-harbollar.jpg\" alt=\"\">\n\t\t\t\t\t\t\t\t\t\t\t\t\t\t\t\t\t<!-- <img decoding=\"async\" src=\"\n\t\t\t\t\t\t\t\t\t\t\t\t\t\t\t\t\t\t\t\t\" alt=\"\n\t\t\t\t\t\t\t\t\t\t\t\t\t\t\t\t\t\t\t\t\t\t\t\t\t\t\t\"> -->\n\t\t\t\t\t\t\t\t<div class=\"card-body\">\n\t\t\t\t\t\t\t\t\t\t\t\t\t\t\t\t\t\t\t<h6>Har du en katt som kr\u00e4ks h\u00e5rbollar?<\/h6>\n\t\t\t\t\t\t\t\t\t\t\t\t\t\t\t\t\t\t\t<a href=\"https:\/\/bozita.com\/se\/katt\/kattens-halsa\/fibrer-i-maten-och-palsvard-forebygger-harbollar\/\">L\u00e4s mer &nbsp; ><\/a>\n\t\t\t\t\t\t\t\t<\/div>\n\t\t\t\t\t\t\t<\/div>\n\t\t\t\t\t\t<\/div>\n\n\t\t\t\t\t\t\t\t\t\t\t<div class=\"col-sm-6 col-md-6 col-lg-3\">\n\t\t\t\t\t\t\t\t\t\t\t\t\t\t<div class=\"card \">\n\t\t\t\t\t\t\t\t\t\t\t\t\t\t\t\t\t<img decoding=\"async\"  src=\"https:\/\/bozita.com\/se\/wp-content\/uploads\/sites\/5\/2021\/08\/bozita_swedish-natural-quality.jpg\" alt=\"\">\n\t\t\t\t\t\t\t\t\t\t\t\t\t\t\t\t\t<!-- <img decoding=\"async\" src=\"\n\t\t\t\t\t\t\t\t\t\t\t\t\t\t\t\t\t\t\t\t\" alt=\"\n\t\t\t\t\t\t\t\t\t\t\t\t\t\t\t\t\t\t\t\t\t\t\t\t\t\t\t\"> -->\n\t\t\t\t\t\t\t\t<div class=\"card-body\">\n\t\t\t\t\t\t\t\t\t\t\t\t\t\t\t\t\t\t\t<h6>D\u00e4rf\u00f6r b\u00f6r du ha ID-m\u00e4rkning p\u00e5 din katt<\/h6>\n\t\t\t\t\t\t\t\t\t\t\t\t\t\t\t\t\t\t\t<a href=\"https:\/\/bozita.com\/se\/katt\/kopa-katt\/darfor-bor-du-ha-id-markning-pa-din-katt\/\">L\u00e4s mer &nbsp; ><\/a>\n\t\t\t\t\t\t\t\t<\/div>\n\t\t\t\t\t\t\t<\/div>\n\t\t\t\t\t\t<\/div>\n\n\t\t\t\t\t\t\t\t\t\t\t\t<\/div>\n\t\t<\/div>\n\t<\/section>\n","protected":false},"excerpt":{"rendered":"","protected":false},"author":1,"featured_media":2502,"parent":77,"menu_order":0,"comment_status":"closed","ping_status":"closed","template":"guternberg.php","meta":{"footnotes":""},"acf":[],"yoast_head":"<!-- This site is optimized with the Yoast SEO plugin v21.3 - https:\/\/yoast.com\/wordpress\/plugins\/seo\/ -->\n<title>Kastrera katt - Ska du kastrera din hon- eller hankatt? | Bozita<\/title>\n<meta name=\"description\" content=\"Kastrering katt - varf\u00f6r ska du sterilisera eller kastrera din honkatt eller hankatt? Hur fungerar det? L\u00e4s v\u00e5ra tips och r\u00e5d.\" \/>\n<meta name=\"robots\" content=\"index, follow, max-snippet:-1, max-image-preview:large, max-video-preview:-1\" \/>\n<link rel=\"canonical\" href=\"https:\/\/bozita.com\/se\/katt\/kattens-halsa\/att-kastrera-katten-har-manga-fordelar\/\" \/>\n<meta property=\"og:locale\" content=\"sv_SE\" \/>\n<meta property=\"og:type\" content=\"article\" \/>\n<meta property=\"og:title\" content=\"Kastrera katt - Ska du kastrera din hon- eller hankatt? | Bozita\" \/>\n<meta property=\"og:description\" content=\"Kastrering katt - varf\u00f6r ska du sterilisera eller kastrera din honkatt eller hankatt? Hur fungerar det? L\u00e4s v\u00e5ra tips och r\u00e5d.\" \/>\n<meta property=\"og:url\" content=\"https:\/\/bozita.com\/se\/katt\/kattens-halsa\/att-kastrera-katten-har-manga-fordelar\/\" \/>\n<meta property=\"og:site_name\" content=\"Bozita Sverige\" \/>\n<meta property=\"article:modified_time\" content=\"2025-03-12T13:35:46+00:00\" \/>\n<meta property=\"og:image\" content=\"https:\/\/bozita.com\/se\/wp-content\/uploads\/sites\/5\/2021\/07\/bozita-kastrera-katt.jpeg\" \/>\n\t<meta property=\"og:image:width\" content=\"800\" \/>\n\t<meta property=\"og:image:height\" content=\"533\" \/>\n\t<meta property=\"og:image:type\" content=\"image\/jpeg\" \/>\n<meta name=\"twitter:card\" content=\"summary_large_image\" \/>\n<!-- \/ Yoast SEO plugin. -->","yoast_head_json":{"title":"Kastrera katt - Ska du kastrera din hon- eller hankatt? | Bozita","description":"Kastrering katt - varf\u00f6r ska du sterilisera eller kastrera din honkatt eller hankatt? Hur fungerar det? L\u00e4s v\u00e5ra tips och r\u00e5d.","robots":{"index":"index","follow":"follow","max-snippet":"max-snippet:-1","max-image-preview":"max-image-preview:large","max-video-preview":"max-video-preview:-1"},"canonical":"https:\/\/bozita.com\/se\/katt\/kattens-halsa\/att-kastrera-katten-har-manga-fordelar\/","og_locale":"sv_SE","og_type":"article","og_title":"Kastrera katt - Ska du kastrera din hon- eller hankatt? | Bozita","og_description":"Kastrering katt - varf\u00f6r ska du sterilisera eller kastrera din honkatt eller hankatt? Hur fungerar det? L\u00e4s v\u00e5ra tips och r\u00e5d.","og_url":"https:\/\/bozita.com\/se\/katt\/kattens-halsa\/att-kastrera-katten-har-manga-fordelar\/","og_site_name":"Bozita Sverige","article_modified_time":"2025-03-12T13:35:46+00:00","og_image":[{"width":800,"height":533,"url":"https:\/\/bozita.com\/se\/wp-content\/uploads\/sites\/5\/2021\/07\/bozita-kastrera-katt.jpeg","type":"image\/jpeg"}],"twitter_card":"summary_large_image","schema":{"@context":"https:\/\/schema.org","@graph":[{"@type":"WebPage","@id":"https:\/\/bozita.com\/se\/katt\/kattens-halsa\/att-kastrera-katten-har-manga-fordelar\/","url":"https:\/\/bozita.com\/se\/katt\/kattens-halsa\/att-kastrera-katten-har-manga-fordelar\/","name":"Kastrera katt - Ska du kastrera din hon- eller hankatt? | Bozita","isPartOf":{"@id":"https:\/\/bozita.com\/se\/#website"},"datePublished":"2021-06-21T21:27:01+00:00","dateModified":"2025-03-12T13:35:46+00:00","description":"Kastrering katt - varf\u00f6r ska du sterilisera eller kastrera din honkatt eller hankatt? Hur fungerar det? L\u00e4s v\u00e5ra tips och r\u00e5d.","breadcrumb":{"@id":"https:\/\/bozita.com\/se\/katt\/kattens-halsa\/att-kastrera-katten-har-manga-fordelar\/#breadcrumb"},"inLanguage":"sv-SE","potentialAction":[{"@type":"ReadAction","target":["https:\/\/bozita.com\/se\/katt\/kattens-halsa\/att-kastrera-katten-har-manga-fordelar\/"]}]},{"@type":"BreadcrumbList","@id":"https:\/\/bozita.com\/se\/katt\/kattens-halsa\/att-kastrera-katten-har-manga-fordelar\/#breadcrumb","itemListElement":[{"@type":"ListItem","position":1,"name":"Home","item":"https:\/\/bozita.com\/se\/"},{"@type":"ListItem","position":2,"name":"Livet med katt","item":"https:\/\/bozita.com\/se\/katt\/"},{"@type":"ListItem","position":3,"name":"H\u00e5ll katten frisk","item":"https:\/\/bozita.com\/se\/katt\/kattens-halsa\/"},{"@type":"ListItem","position":4,"name":"Att kastrera katten har m\u00e5nga f\u00f6rdelar"}]},{"@type":"WebSite","@id":"https:\/\/bozita.com\/se\/#website","url":"https:\/\/bozita.com\/se\/","name":"Bozita Sverige","description":"","potentialAction":[{"@type":"SearchAction","target":{"@type":"EntryPoint","urlTemplate":"https:\/\/bozita.com\/se\/?s={search_term_string}"},"query-input":"required name=search_term_string"}],"inLanguage":"sv-SE"}]}},"_links":{"self":[{"href":"https:\/\/bozita.com\/se\/wp-json\/wp\/v2\/pages\/1618"}],"collection":[{"href":"https:\/\/bozita.com\/se\/wp-json\/wp\/v2\/pages"}],"about":[{"href":"https:\/\/bozita.com\/se\/wp-json\/wp\/v2\/types\/page"}],"author":[{"embeddable":true,"href":"https:\/\/bozita.com\/se\/wp-json\/wp\/v2\/users\/1"}],"replies":[{"embeddable":true,"href":"https:\/\/bozita.com\/se\/wp-json\/wp\/v2\/comments?post=1618"}],"version-history":[{"count":20,"href":"https:\/\/bozita.com\/se\/wp-json\/wp\/v2\/pages\/1618\/revisions"}],"predecessor-version":[{"id":11181,"href":"https:\/\/bozita.com\/se\/wp-json\/wp\/v2\/pages\/1618\/revisions\/11181"}],"up":[{"embeddable":true,"href":"https:\/\/bozita.com\/se\/wp-json\/wp\/v2\/pages\/77"}],"wp:featuredmedia":[{"embeddable":true,"href":"https:\/\/bozita.com\/se\/wp-json\/wp\/v2\/media\/2502"}],"wp:attachment":[{"href":"https:\/\/bozita.com\/se\/wp-json\/wp\/v2\/media?parent=1618"}],"curies":[{"name":"wp","href":"https:\/\/api.w.org\/{rel}","templated":true}]}}