{"id":1626,"date":"2021-06-21T21:30:08","date_gmt":"2021-06-21T21:30:08","guid":{"rendered":"https:\/\/bozita.com\/se\/?page_id=1626"},"modified":"2021-08-26T20:53:26","modified_gmt":"2021-08-26T20:53:26","slug":"fibrer-i-maten-och-palsvard-forebygger-harbollar","status":"publish","type":"page","link":"https:\/\/bozita.com\/se\/katt\/kattens-halsa\/fibrer-i-maten-och-palsvard-forebygger-harbollar\/","title":{"rendered":"Har du en katt som kr\u00e4ks h\u00e5rbollar?"},"content":{"rendered":"\t\t<section class=\"small-hero\">\n\t\t\t<div class=\"container\">\n\t\t\t\t<h1 class=\"small-hero-title\">Har du en katt som kr\u00e4ks h\u00e5rbollar?<\/h1>\t\t\t<\/div>\n\t\t\t<\/div>\n\t\t<\/section>\n\t\n\n\t<div class=\"text-box-warp\">\n\t\t<div class=\"container\">\n\t\t\t<div class=\"text-content\">\n\t\t\t\t<p><strong>N\u00e4r katten putsar sig f\u00f6ljer l\u00f6st sittande p\u00e4ls med ner i mags\u00e4cken och bildar h\u00e5rbollar. Katten f\u00f6rs\u00f6ker d\u00e5 kr\u00e4kas upp h\u00e5ret den svalt, men om inte det lyckas m\u00e5ste h\u00e5ret passera ut genom kroppen. Med hj\u00e4lp av p\u00e4lsv\u00e5rd och en fiberrik kost kan du hj\u00e4lpa din katt att minska eventuella besv\u00e4r med h\u00e5rbollar.<\/strong><\/p>\n<h2>H\u00c5RBOLLAR KAN ORSAKA\u00a0MATSM\u00c4LTNINGSPROBLEM<\/h2>\n<p>Katter \u00e4r noga med att h\u00e5lla sig rena och \u00e4gnar m\u00e5nga timmar per dag \u00e5t p\u00e4lsv\u00e5rd. En risk med putsandet av kroppen \u00e4r dock att l\u00f6st sittande p\u00e4ls f\u00f6ljer med ner i mags\u00e4cken och bildar h\u00e5rbollar.\u00a0Eftersom h\u00e5rbollar inte bryts inte ner i magtarmsystemet kan de orsaka problem s\u00e5som minskad aptit, kr\u00e4kningar, diarr\u00e9er och f\u00f6rstoppning n\u00e4r de passerar genom kroppen.<\/p>\n<h2>FIBRER I MATEN\u00a0HJ\u00c4LPER<\/h2>\n<p>F\u00f6r att underl\u00e4tta processen tills\u00e4tts en mindre m\u00e4ngd fibrer i kattmaten.\u00a0Fibrerna hj\u00e4lper h\u00e5rbollar att l\u00e4ttare ta sig igenom kroppen och minskar risken f\u00f6r h\u00e5rbollsrelaterade problem och minskar i till\u00e4gg uppst\u00f6tning av h\u00e5r.\u00a0En v\u00e4l fungerande tarm \u00e4r viktigt, s\u00e5 se till att aktivera katten och att den f\u00e5r i sig mycket v\u00e4tska. Kom ih\u00e5g att placera vattnet en bit ifr\u00e5n matsk\u00e5len. D\u00e5 \u00f6kar chansen att katten dricker ordentligt.<\/p>\n<ul>\n<li><a title=\"Kattfoder\" href=\"https:\/\/bozita.com\/se\/kattfoder\/\" >Bozitas kattmat inneh\u00e5ller allt din katt beh\u00f6ver f\u00f6r att m\u00e5 bra<\/a><\/li>\n<li><a title=\"Vad ska man g\u00f6ra med en katt som inte \u00e4ter eller dricker\" href=\"https:\/\/bozita.com\/se\/kattfoder\/nutrition-och-kost\/vad-ska-man-gora-med-en-katt-som-inte-ater-eller-dricker\/\" >Vad ska man g\u00f6ra med en katt som inte \u00e4ter eller dricker &#8211; tips och r\u00e5d<\/a><\/li>\n<\/ul>\n<h2>HJ\u00c4LP KATTEN MED P\u00c4LSV\u00c5RDEN<\/h2>\n<p>Du kan sj\u00e4lv hj\u00e4lpa till att minska risken f\u00f6r h\u00e5rbollar hos din katt, framf\u00f6rallt genom att hj\u00e4lpa katten med p\u00e4lsv\u00e5rden. Kamma katten ofta med underh\u00e5rsborste och vanlig borste s\u00e5 minskar m\u00e4ngden p\u00e4ls som lossnar n\u00e4r den tv\u00e4ttar sig, och d\u00e4rmed ocks\u00e5 m\u00e4ngden p\u00e4ls som hamnar i kattens mags\u00e4ck.<\/p>\n<ul>\n<li><a title=\"Kattens h\u00e4lsa\" href=\"https:\/\/bozita.com\/se\/katt\/kattens-halsa\/\" >Fler tips om hur du tar hand om din katt<\/a><\/li>\n<\/ul>\n\t\t\t<\/div>\n\t\t<\/div>\n\t<\/div>\n\n\n\n\t<section class=\"block related-articles\">\n\t\t<div class=\"container\">\n\t\t\t<h2>Relaterade artiklar<\/h2>\n\t\t\t<div class=\"row justify-content-center\">\n\t\t\t\t\t\t\t\t\t\t<div class=\"col-sm-6 col-md-6 col-lg-3\">\n\t\t\t\t\t\t\t\t\t\t\t\t\t\t<div class=\"card \">\n\t\t\t\t\t\t\t\t\t\t\t\t\t\t\t\t\t<img decoding=\"async\"  src=\"https:\/\/bozita.com\/se\/wp-content\/uploads\/sites\/5\/2021\/08\/bozita-vaccinera-katt.jpg\" alt=\"\">\n\t\t\t\t\t\t\t\t\t\t\t\t\t\t\t\t\t<!-- <img decoding=\"async\" src=\"\n\t\t\t\t\t\t\t\t\t\t\t\t\t\t\t\t\t\t\t\t\" alt=\"\n\t\t\t\t\t\t\t\t\t\t\t\t\t\t\t\t\t\t\t\t\t\t\t\t\t\t\t\"> -->\n\t\t\t\t\t\t\t\t<div class=\"card-body\">\n\t\t\t\t\t\t\t\t\t\t\t\t\t\t\t\t\t\t\t<h6>Vaccinera din katt<\/h6>\n\t\t\t\t\t\t\t\t\t\t\t\t\t\t\t\t\t\t\t<a href=\"https:\/\/bozita.com\/se\/katt\/kattens-halsa\/vaccinera-din-katt-for-att-minska-risken-for-vanliga-sjukdomar\/\">L\u00e4s mer &nbsp; ><\/a>\n\t\t\t\t\t\t\t\t<\/div>\n\t\t\t\t\t\t\t<\/div>\n\t\t\t\t\t\t<\/div>\n\n\t\t\t\t\t\t\t\t\t\t\t<div class=\"col-sm-6 col-md-6 col-lg-3\">\n\t\t\t\t\t\t\t\t\t\t\t\t\t\t<div class=\"card \">\n\t\t\t\t\t\t\t\t\t\t\t\t\t\t\t\t\t<img decoding=\"async\"  src=\"https:\/\/bozita.com\/se\/wp-content\/uploads\/sites\/5\/2021\/08\/bozita-katter-ar-kottatare.jpg\" alt=\"\">\n\t\t\t\t\t\t\t\t\t\t\t\t\t\t\t\t\t<!-- <img decoding=\"async\" src=\"\n\t\t\t\t\t\t\t\t\t\t\t\t\t\t\t\t\t\t\t\t\" alt=\"\n\t\t\t\t\t\t\t\t\t\t\t\t\t\t\t\t\t\t\t\t\t\t\t\t\t\t\t\"> -->\n\t\t\t\t\t\t\t\t<div class=\"card-body\">\n\t\t\t\t\t\t\t\t\t\t\t\t\t\t\t\t\t\t\t<h6>Vad \u00e4ter katter?<\/h6>\n\t\t\t\t\t\t\t\t\t\t\t\t\t\t\t\t\t\t\t<a href=\"https:\/\/bozita.com\/se\/kattfoder\/nutrition-och-kost\/protein-och-starkelse-ar-viktiga-komponenter-i-en-katts-diet\/\">L\u00e4s mer &nbsp; ><\/a>\n\t\t\t\t\t\t\t\t<\/div>\n\t\t\t\t\t\t\t<\/div>\n\t\t\t\t\t\t<\/div>\n\n\t\t\t\t\t\t\t\t\t\t\t<div class=\"col-sm-6 col-md-6 col-lg-3\">\n\t\t\t\t\t\t\t\t\t\t\t\t\t\t<div class=\"card \">\n\t\t\t\t\t\t\t\t\t\t\t\t\t\t\t\t\t<img decoding=\"async\"  src=\"https:\/\/bozita.com\/se\/wp-content\/uploads\/sites\/5\/2021\/07\/bozita-katt-ratt-hull-guide.jpeg\" alt=\"\">\n\t\t\t\t\t\t\t\t\t\t\t\t\t\t\t\t\t<!-- <img decoding=\"async\" src=\"\n\t\t\t\t\t\t\t\t\t\t\t\t\t\t\t\t\t\t\t\t\" alt=\"\n\t\t\t\t\t\t\t\t\t\t\t\t\t\t\t\t\t\t\t\t\t\t\t\t\t\t\t\"> -->\n\t\t\t\t\t\t\t\t<div class=\"card-body\">\n\t\t\t\t\t\t\t\t\t\t\t\t\t\t\t\t\t\t\t<h6>Hur mycket ska en katt v\u00e4ga?<\/h6>\n\t\t\t\t\t\t\t\t\t\t\t\t\t\t\t\t\t\t\t<a href=\"https:\/\/bozita.com\/se\/katt\/kattens-halsa\/haller-din-katt-ratt-vikt-ta-hjalp-av-var-bedomningsguide\/\">L\u00e4s mer &nbsp; ><\/a>\n\t\t\t\t\t\t\t\t<\/div>\n\t\t\t\t\t\t\t<\/div>\n\t\t\t\t\t\t<\/div>\n\n\t\t\t\t\t\t\t\t\t\t\t\t<\/div>\n\t\t<\/div>\n\t<\/section>\n","protected":false},"excerpt":{"rendered":"","protected":false},"author":1,"featured_media":3477,"parent":77,"menu_order":0,"comment_status":"closed","ping_status":"closed","template":"guternberg.php","meta":{"footnotes":""},"acf":[],"yoast_head":"<!-- This site is optimized with the Yoast SEO plugin v21.3 - https:\/\/yoast.com\/wordpress\/plugins\/seo\/ -->\n<title>Problem med katt som kr\u00e4ks h\u00e5rboll? F\u00f6rebygg s\u00e5h\u00e4r | Bozita<\/title>\n<meta name=\"description\" content=\"H\u00e5rbollar kan ge katter problem med matsm\u00e4ltningen. Ett foder med h\u00f6gt fiberinneh\u00e5ll och god p\u00e4lsv\u00e5rd verkar f\u00f6rebyggande.\" \/>\n<meta name=\"robots\" content=\"index, follow, max-snippet:-1, max-image-preview:large, max-video-preview:-1\" \/>\n<link rel=\"canonical\" href=\"https:\/\/bozita.com\/se\/katt\/kattens-halsa\/fibrer-i-maten-och-palsvard-forebygger-harbollar\/\" \/>\n<meta property=\"og:locale\" content=\"sv_SE\" \/>\n<meta property=\"og:type\" content=\"article\" \/>\n<meta property=\"og:title\" content=\"Problem med katt som kr\u00e4ks h\u00e5rboll? F\u00f6rebygg s\u00e5h\u00e4r | Bozita\" \/>\n<meta property=\"og:description\" content=\"H\u00e5rbollar kan ge katter problem med matsm\u00e4ltningen. Ett foder med h\u00f6gt fiberinneh\u00e5ll och god p\u00e4lsv\u00e5rd verkar f\u00f6rebyggande.\" \/>\n<meta property=\"og:url\" content=\"https:\/\/bozita.com\/se\/katt\/kattens-halsa\/fibrer-i-maten-och-palsvard-forebygger-harbollar\/\" \/>\n<meta property=\"og:site_name\" content=\"Bozita Sverige\" \/>\n<meta property=\"article:modified_time\" content=\"2021-08-26T20:53:26+00:00\" \/>\n<meta property=\"og:image\" content=\"https:\/\/bozita.com\/se\/wp-content\/uploads\/sites\/5\/2021\/08\/bozita-palsvard-fibrer-motverkar-harbollar.jpg\" \/>\n\t<meta property=\"og:image:width\" content=\"800\" \/>\n\t<meta property=\"og:image:height\" content=\"533\" \/>\n\t<meta property=\"og:image:type\" content=\"image\/jpeg\" \/>\n<meta name=\"twitter:card\" content=\"summary_large_image\" \/>\n<!-- \/ Yoast SEO plugin. -->","yoast_head_json":{"title":"Problem med katt som kr\u00e4ks h\u00e5rboll? F\u00f6rebygg s\u00e5h\u00e4r | Bozita","description":"H\u00e5rbollar kan ge katter problem med matsm\u00e4ltningen. Ett foder med h\u00f6gt fiberinneh\u00e5ll och god p\u00e4lsv\u00e5rd verkar f\u00f6rebyggande.","robots":{"index":"index","follow":"follow","max-snippet":"max-snippet:-1","max-image-preview":"max-image-preview:large","max-video-preview":"max-video-preview:-1"},"canonical":"https:\/\/bozita.com\/se\/katt\/kattens-halsa\/fibrer-i-maten-och-palsvard-forebygger-harbollar\/","og_locale":"sv_SE","og_type":"article","og_title":"Problem med katt som kr\u00e4ks h\u00e5rboll? F\u00f6rebygg s\u00e5h\u00e4r | Bozita","og_description":"H\u00e5rbollar kan ge katter problem med matsm\u00e4ltningen. Ett foder med h\u00f6gt fiberinneh\u00e5ll och god p\u00e4lsv\u00e5rd verkar f\u00f6rebyggande.","og_url":"https:\/\/bozita.com\/se\/katt\/kattens-halsa\/fibrer-i-maten-och-palsvard-forebygger-harbollar\/","og_site_name":"Bozita Sverige","article_modified_time":"2021-08-26T20:53:26+00:00","og_image":[{"width":800,"height":533,"url":"https:\/\/bozita.com\/se\/wp-content\/uploads\/sites\/5\/2021\/08\/bozita-palsvard-fibrer-motverkar-harbollar.jpg","type":"image\/jpeg"}],"twitter_card":"summary_large_image","schema":{"@context":"https:\/\/schema.org","@graph":[{"@type":"WebPage","@id":"https:\/\/bozita.com\/se\/katt\/kattens-halsa\/fibrer-i-maten-och-palsvard-forebygger-harbollar\/","url":"https:\/\/bozita.com\/se\/katt\/kattens-halsa\/fibrer-i-maten-och-palsvard-forebygger-harbollar\/","name":"Problem med katt som kr\u00e4ks h\u00e5rboll? F\u00f6rebygg s\u00e5h\u00e4r | Bozita","isPartOf":{"@id":"https:\/\/bozita.com\/se\/#website"},"datePublished":"2021-06-21T21:30:08+00:00","dateModified":"2021-08-26T20:53:26+00:00","description":"H\u00e5rbollar kan ge katter problem med matsm\u00e4ltningen. Ett foder med h\u00f6gt fiberinneh\u00e5ll och god p\u00e4lsv\u00e5rd verkar f\u00f6rebyggande.","breadcrumb":{"@id":"https:\/\/bozita.com\/se\/katt\/kattens-halsa\/fibrer-i-maten-och-palsvard-forebygger-harbollar\/#breadcrumb"},"inLanguage":"sv-SE","potentialAction":[{"@type":"ReadAction","target":["https:\/\/bozita.com\/se\/katt\/kattens-halsa\/fibrer-i-maten-och-palsvard-forebygger-harbollar\/"]}]},{"@type":"BreadcrumbList","@id":"https:\/\/bozita.com\/se\/katt\/kattens-halsa\/fibrer-i-maten-och-palsvard-forebygger-harbollar\/#breadcrumb","itemListElement":[{"@type":"ListItem","position":1,"name":"Home","item":"https:\/\/bozita.com\/se\/"},{"@type":"ListItem","position":2,"name":"Livet med katt","item":"https:\/\/bozita.com\/se\/katt\/"},{"@type":"ListItem","position":3,"name":"H\u00e5ll katten frisk","item":"https:\/\/bozita.com\/se\/katt\/kattens-halsa\/"},{"@type":"ListItem","position":4,"name":"Har du en katt som kr\u00e4ks h\u00e5rbollar?"}]},{"@type":"WebSite","@id":"https:\/\/bozita.com\/se\/#website","url":"https:\/\/bozita.com\/se\/","name":"Bozita Sverige","description":"","potentialAction":[{"@type":"SearchAction","target":{"@type":"EntryPoint","urlTemplate":"https:\/\/bozita.com\/se\/?s={search_term_string}"},"query-input":"required name=search_term_string"}],"inLanguage":"sv-SE"}]}},"_links":{"self":[{"href":"https:\/\/bozita.com\/se\/wp-json\/wp\/v2\/pages\/1626"}],"collection":[{"href":"https:\/\/bozita.com\/se\/wp-json\/wp\/v2\/pages"}],"about":[{"href":"https:\/\/bozita.com\/se\/wp-json\/wp\/v2\/types\/page"}],"author":[{"embeddable":true,"href":"https:\/\/bozita.com\/se\/wp-json\/wp\/v2\/users\/1"}],"replies":[{"embeddable":true,"href":"https:\/\/bozita.com\/se\/wp-json\/wp\/v2\/comments?post=1626"}],"version-history":[{"count":14,"href":"https:\/\/bozita.com\/se\/wp-json\/wp\/v2\/pages\/1626\/revisions"}],"predecessor-version":[{"id":4025,"href":"https:\/\/bozita.com\/se\/wp-json\/wp\/v2\/pages\/1626\/revisions\/4025"}],"up":[{"embeddable":true,"href":"https:\/\/bozita.com\/se\/wp-json\/wp\/v2\/pages\/77"}],"wp:featuredmedia":[{"embeddable":true,"href":"https:\/\/bozita.com\/se\/wp-json\/wp\/v2\/media\/3477"}],"wp:attachment":[{"href":"https:\/\/bozita.com\/se\/wp-json\/wp\/v2\/media?parent=1626"}],"curies":[{"name":"wp","href":"https:\/\/api.w.org\/{rel}","templated":true}]}}