{"id":1631,"date":"2021-06-21T21:31:30","date_gmt":"2021-06-21T21:31:30","guid":{"rendered":"https:\/\/bozita.com\/se\/?page_id=1631"},"modified":"2021-08-26T20:54:53","modified_gmt":"2021-08-26T20:54:53","slug":"julsaker-som-ar-farliga-for-en-katt","status":"publish","type":"page","link":"https:\/\/bozita.com\/se\/katt\/kattens-halsa\/julsaker-som-ar-farliga-for-en-katt\/","title":{"rendered":"Julsaker som \u00e4r farliga f\u00f6r en katt"},"content":{"rendered":"\t\t<section class=\"small-hero\">\n\t\t\t<div class=\"container\">\n\t\t\t\t<h1 class=\"small-hero-title\">Julsaker som \u00e4r farliga f\u00f6r en katt<\/h1>\t\t\t<\/div>\n\t\t\t<\/div>\n\t\t<\/section>\n\t\n\n\t<div class=\"text-box-warp\">\n\t\t<div class=\"container\">\n\t\t\t<div class=\"text-content\">\n\t\t\t\t<p>Julen \u00e4r en supermysig tid med v\u00e4xter, pynt och ljus, men den inneb\u00e4r ocks\u00e5 en hel del risker f\u00f6r din katt. H\u00e4r har vi samlat n\u00e5gra av julens vanligaste farligheter med f\u00f6reslagna l\u00f6sningar \u2013 allt f\u00f6r att ge b\u00e4ttre f\u00f6ruts\u00e4ttningar f\u00f6r ett riktigt mysigt helgfirande med din katt.<\/p>\n<h2>SN\u00d6REN<\/h2>\n<ul>\n<li><strong>Risk<\/strong> \u2013 Att katten sv\u00e4ljer sn\u00f6ret. Det kan orsaka stor skada i magtarmsystemet.<\/li>\n<li><strong>Exempel<\/strong> \u2013\u00a0Presentsn\u00f6ren, glitter, garndekorationer<\/li>\n<li><strong>\u00c5tg\u00e4rd<\/strong> \u2013\u00a0Ha uppsyn\u00a0\u00f6ver katten vid paketinslagning. F\u00f6rvara paket och sn\u00f6ren p\u00e5 on\u00e5bart st\u00e4lle. Undvik glitter i granen eller dekorera s\u00e5 att katten inte n\u00e5r.<\/li>\n<\/ul>\n<h2>SLADDAR<\/h2>\n<ul>\n<li><strong>Risk<\/strong> \u2013 Katten biter i sladdarna vilket kan ge elchock.<\/li>\n<li><strong>Exempel<\/strong> \u2013\u00a0Ljusslingor<\/li>\n<li><strong>\u00c5tg\u00e4rd<\/strong> \u2013 G\u00f6m sladdarna s\u00e5 gott det g\u00e5r med hj\u00e4lp av exempelvis m\u00f6bler och mattor. Spreja sladdarna med en naturlig bitterspray f\u00f6r katter.<\/li>\n<\/ul>\n<h2>V\u00c4XTER<\/h2>\n<ul>\n<li><strong>Risk<\/strong> \u2013 F\u00f6rgiftning om plantan \u00e4ts eller tuggas p\u00e5. Liljor kan orsaka f\u00f6rgiftning via luftburet pollen. F\u00f6rgiftning syns framf\u00f6rallt i form av kr\u00e4kningar, diarr\u00e9 och d\u00e5sighet.<\/li>\n<li><strong>Exempel<\/strong> \u2013\u00a0Amaryllis, hyacint, julros, julstj\u00e4rna, liljor, mistel, oleander, tulpan, \u00e4nglatrumpet<\/li>\n<li><strong>\u00c5tg\u00e4rd<\/strong> \u2013 Undvik giftiga v\u00e4xter, alternativt placera p\u00e5 on\u00e5bart st\u00e4lle f\u00f6r katten. Ha aldrig liljor av n\u00e5got slag i hemmet.<\/li>\n<\/ul>\n<h2>LEVANDE LJUS<\/h2>\n<ul>\n<li><strong>Risk<\/strong> \u2013 Att kattens p\u00e4ls eller morrh\u00e5r\u00a0fattar eld, vilket kan resultera i sv\u00e5ra br\u00e4nnskador. Dessutom finns risk f\u00f6r bostadsbrand.<\/li>\n<li><strong>Exempel<\/strong> \u2013\u00a0Alla levande ljus<\/li>\n<li><strong>\u00c5tg\u00e4rd<\/strong> \u2013 Anv\u00e4nd ljuslyktor eller placera ljus p\u00e5 st\u00e4llen som \u00e4r on\u00e5bara f\u00f6r katten. Ha alltid levande ljus under uppsikt.<\/li>\n<\/ul>\n\t\t\t<\/div>\n\t\t<\/div>\n\t<\/div>\n\n\n\n\t<section class=\"block related-articles\">\n\t\t<div class=\"container\">\n\t\t\t<h2>Relaterade artiklar<\/h2>\n\t\t\t<div class=\"row justify-content-center\">\n\t\t\t\t\t\t\t\t\t\t<div class=\"col-sm-6 col-md-6 col-lg-3\">\n\t\t\t\t\t\t\t\t\t\t\t\t\t\t<div class=\"card \">\n\t\t\t\t\t\t\t\t\t\t\t\t\t\t\t\t\t<img decoding=\"async\"  src=\"https:\/\/bozita.com\/se\/wp-content\/uploads\/sites\/5\/2021\/08\/bozita-kattens-historia-domesticering.jpg\" alt=\"\">\n\t\t\t\t\t\t\t\t\t\t\t\t\t\t\t\t\t<!-- <img decoding=\"async\" src=\"\n\t\t\t\t\t\t\t\t\t\t\t\t\t\t\t\t\t\t\t\t\" alt=\"\n\t\t\t\t\t\t\t\t\t\t\t\t\t\t\t\t\t\t\t\t\t\t\t\t\t\t\t\"> -->\n\t\t\t\t\t\t\t\t<div class=\"card-body\">\n\t\t\t\t\t\t\t\t\t\t\t\t\t\t\t\t\t\t\t<h6>Kattens historia<\/h6>\n\t\t\t\t\t\t\t\t\t\t\t\t\t\t\t\t\t\t\t<a href=\"https:\/\/bozita.com\/se\/katt\/kattens-utveckling\/kattens-historia\/\">L\u00e4s mer &nbsp; ><\/a>\n\t\t\t\t\t\t\t\t<\/div>\n\t\t\t\t\t\t\t<\/div>\n\t\t\t\t\t\t<\/div>\n\n\t\t\t\t\t\t\t\t\t\t\t<div class=\"col-sm-6 col-md-6 col-lg-3\">\n\t\t\t\t\t\t\t\t\t\t\t\t\t\t<div class=\"card \">\n\t\t\t\t\t\t\t\t\t\t\t\t\t\t\t\t\t<img decoding=\"async\"  src=\"https:\/\/bozita.com\/se\/wp-content\/uploads\/sites\/5\/2021\/08\/bozita-introducera-katt-till-nytt-hem.jpg\" alt=\"\">\n\t\t\t\t\t\t\t\t\t\t\t\t\t\t\t\t\t<!-- <img decoding=\"async\" src=\"\n\t\t\t\t\t\t\t\t\t\t\t\t\t\t\t\t\t\t\t\t\" alt=\"\n\t\t\t\t\t\t\t\t\t\t\t\t\t\t\t\t\t\t\t\t\t\t\t\t\t\t\t\"> -->\n\t\t\t\t\t\t\t\t<div class=\"card-body\">\n\t\t\t\t\t\t\t\t\t\t\t\t\t\t\t\t\t\t\t<h6>Introducera en katt till ett nytt hem<\/h6>\n\t\t\t\t\t\t\t\t\t\t\t\t\t\t\t\t\t\t\t<a href=\"https:\/\/bozita.com\/se\/katt\/kopa-katt\/introducera-en-kattunge-eller-vuxen-katt-till-ett-nytt-hem\/\">L\u00e4s mer &nbsp; ><\/a>\n\t\t\t\t\t\t\t\t<\/div>\n\t\t\t\t\t\t\t<\/div>\n\t\t\t\t\t\t<\/div>\n\n\t\t\t\t\t\t\t\t\t\t\t<div class=\"col-sm-6 col-md-6 col-lg-3\">\n\t\t\t\t\t\t\t\t\t\t\t\t\t\t<div class=\"card \">\n\t\t\t\t\t\t\t\t\t\t\t\t\t\t\t\t\t<img decoding=\"async\"  src=\"https:\/\/bozita.com\/se\/wp-content\/uploads\/sites\/5\/2021\/08\/bozita-katt-ater-inte-dricker-inte-krasen-dalig-aptit.jpg\" alt=\"\">\n\t\t\t\t\t\t\t\t\t\t\t\t\t\t\t\t\t<!-- <img decoding=\"async\" src=\"\n\t\t\t\t\t\t\t\t\t\t\t\t\t\t\t\t\t\t\t\t\" alt=\"\n\t\t\t\t\t\t\t\t\t\t\t\t\t\t\t\t\t\t\t\t\t\t\t\t\t\t\t\"> -->\n\t\t\t\t\t\t\t\t<div class=\"card-body\">\n\t\t\t\t\t\t\t\t\t\t\t\t\t\t\t\t\t\t\t<h6>Katt som inte \u00e4ter eller dricker?<\/h6>\n\t\t\t\t\t\t\t\t\t\t\t\t\t\t\t\t\t\t\t<a href=\"https:\/\/bozita.com\/se\/kattfoder\/nutrition-och-kost\/vad-ska-man-gora-med-en-katt-som-inte-ater-eller-dricker\/\">L\u00e4s mer &nbsp; ><\/a>\n\t\t\t\t\t\t\t\t<\/div>\n\t\t\t\t\t\t\t<\/div>\n\t\t\t\t\t\t<\/div>\n\n\t\t\t\t\t\t\t\t\t\t\t\t<\/div>\n\t\t<\/div>\n\t<\/section>\n","protected":false},"excerpt":{"rendered":"","protected":false},"author":1,"featured_media":3497,"parent":77,"menu_order":0,"comment_status":"closed","ping_status":"closed","template":"guternberg.php","meta":{"footnotes":""},"acf":[],"yoast_head":"<!-- This site is optimized with the Yoast SEO plugin v21.3 - https:\/\/yoast.com\/wordpress\/plugins\/seo\/ -->\n<title>Julsaker som \u00e4r farliga f\u00f6r en katt | Katts\u00e4kra julpyntet | Bozita<\/title>\n<meta name=\"description\" content=\"Sn\u00f6ren, glitter, levande ljus, sladdar och olika julblommor kan alla vara farliga f\u00f6r en katt. F\u00e5 tips och r\u00e5d om hur du katts\u00e4krar ditt hem i juletid.\" \/>\n<meta name=\"robots\" content=\"index, follow, max-snippet:-1, max-image-preview:large, max-video-preview:-1\" \/>\n<link rel=\"canonical\" href=\"https:\/\/bozita.com\/se\/katt\/kattens-halsa\/julsaker-som-ar-farliga-for-en-katt\/\" \/>\n<meta property=\"og:locale\" content=\"sv_SE\" \/>\n<meta property=\"og:type\" content=\"article\" \/>\n<meta property=\"og:title\" content=\"Julsaker som \u00e4r farliga f\u00f6r en katt | Katts\u00e4kra julpyntet | Bozita\" \/>\n<meta property=\"og:description\" content=\"Sn\u00f6ren, glitter, levande ljus, sladdar och olika julblommor kan alla vara farliga f\u00f6r en katt. F\u00e5 tips och r\u00e5d om hur du katts\u00e4krar ditt hem i juletid.\" \/>\n<meta property=\"og:url\" content=\"https:\/\/bozita.com\/se\/katt\/kattens-halsa\/julsaker-som-ar-farliga-for-en-katt\/\" \/>\n<meta property=\"og:site_name\" content=\"Bozita Sverige\" \/>\n<meta property=\"article:modified_time\" content=\"2021-08-26T20:54:53+00:00\" \/>\n<meta property=\"og:image\" content=\"https:\/\/bozita.com\/se\/wp-content\/uploads\/sites\/5\/2021\/08\/bozita_swedish-natural-quality.jpg\" \/>\n\t<meta property=\"og:image:width\" content=\"800\" \/>\n\t<meta property=\"og:image:height\" content=\"533\" \/>\n\t<meta property=\"og:image:type\" content=\"image\/jpeg\" \/>\n<meta name=\"twitter:card\" content=\"summary_large_image\" \/>\n<!-- \/ Yoast SEO plugin. -->","yoast_head_json":{"title":"Julsaker som \u00e4r farliga f\u00f6r en katt | Katts\u00e4kra julpyntet | Bozita","description":"Sn\u00f6ren, glitter, levande ljus, sladdar och olika julblommor kan alla vara farliga f\u00f6r en katt. F\u00e5 tips och r\u00e5d om hur du katts\u00e4krar ditt hem i juletid.","robots":{"index":"index","follow":"follow","max-snippet":"max-snippet:-1","max-image-preview":"max-image-preview:large","max-video-preview":"max-video-preview:-1"},"canonical":"https:\/\/bozita.com\/se\/katt\/kattens-halsa\/julsaker-som-ar-farliga-for-en-katt\/","og_locale":"sv_SE","og_type":"article","og_title":"Julsaker som \u00e4r farliga f\u00f6r en katt | Katts\u00e4kra julpyntet | Bozita","og_description":"Sn\u00f6ren, glitter, levande ljus, sladdar och olika julblommor kan alla vara farliga f\u00f6r en katt. F\u00e5 tips och r\u00e5d om hur du katts\u00e4krar ditt hem i juletid.","og_url":"https:\/\/bozita.com\/se\/katt\/kattens-halsa\/julsaker-som-ar-farliga-for-en-katt\/","og_site_name":"Bozita Sverige","article_modified_time":"2021-08-26T20:54:53+00:00","og_image":[{"width":800,"height":533,"url":"https:\/\/bozita.com\/se\/wp-content\/uploads\/sites\/5\/2021\/08\/bozita_swedish-natural-quality.jpg","type":"image\/jpeg"}],"twitter_card":"summary_large_image","schema":{"@context":"https:\/\/schema.org","@graph":[{"@type":"WebPage","@id":"https:\/\/bozita.com\/se\/katt\/kattens-halsa\/julsaker-som-ar-farliga-for-en-katt\/","url":"https:\/\/bozita.com\/se\/katt\/kattens-halsa\/julsaker-som-ar-farliga-for-en-katt\/","name":"Julsaker som \u00e4r farliga f\u00f6r en katt | Katts\u00e4kra julpyntet | Bozita","isPartOf":{"@id":"https:\/\/bozita.com\/se\/#website"},"datePublished":"2021-06-21T21:31:30+00:00","dateModified":"2021-08-26T20:54:53+00:00","description":"Sn\u00f6ren, glitter, levande ljus, sladdar och olika julblommor kan alla vara farliga f\u00f6r en katt. F\u00e5 tips och r\u00e5d om hur du katts\u00e4krar ditt hem i juletid.","breadcrumb":{"@id":"https:\/\/bozita.com\/se\/katt\/kattens-halsa\/julsaker-som-ar-farliga-for-en-katt\/#breadcrumb"},"inLanguage":"sv-SE","potentialAction":[{"@type":"ReadAction","target":["https:\/\/bozita.com\/se\/katt\/kattens-halsa\/julsaker-som-ar-farliga-for-en-katt\/"]}]},{"@type":"BreadcrumbList","@id":"https:\/\/bozita.com\/se\/katt\/kattens-halsa\/julsaker-som-ar-farliga-for-en-katt\/#breadcrumb","itemListElement":[{"@type":"ListItem","position":1,"name":"Home","item":"https:\/\/bozita.com\/se\/"},{"@type":"ListItem","position":2,"name":"Livet med katt","item":"https:\/\/bozita.com\/se\/katt\/"},{"@type":"ListItem","position":3,"name":"H\u00e5ll katten frisk","item":"https:\/\/bozita.com\/se\/katt\/kattens-halsa\/"},{"@type":"ListItem","position":4,"name":"Julsaker som \u00e4r farliga f\u00f6r en katt"}]},{"@type":"WebSite","@id":"https:\/\/bozita.com\/se\/#website","url":"https:\/\/bozita.com\/se\/","name":"Bozita Sverige","description":"","potentialAction":[{"@type":"SearchAction","target":{"@type":"EntryPoint","urlTemplate":"https:\/\/bozita.com\/se\/?s={search_term_string}"},"query-input":"required name=search_term_string"}],"inLanguage":"sv-SE"}]}},"_links":{"self":[{"href":"https:\/\/bozita.com\/se\/wp-json\/wp\/v2\/pages\/1631"}],"collection":[{"href":"https:\/\/bozita.com\/se\/wp-json\/wp\/v2\/pages"}],"about":[{"href":"https:\/\/bozita.com\/se\/wp-json\/wp\/v2\/types\/page"}],"author":[{"embeddable":true,"href":"https:\/\/bozita.com\/se\/wp-json\/wp\/v2\/users\/1"}],"replies":[{"embeddable":true,"href":"https:\/\/bozita.com\/se\/wp-json\/wp\/v2\/comments?post=1631"}],"version-history":[{"count":7,"href":"https:\/\/bozita.com\/se\/wp-json\/wp\/v2\/pages\/1631\/revisions"}],"predecessor-version":[{"id":4032,"href":"https:\/\/bozita.com\/se\/wp-json\/wp\/v2\/pages\/1631\/revisions\/4032"}],"up":[{"embeddable":true,"href":"https:\/\/bozita.com\/se\/wp-json\/wp\/v2\/pages\/77"}],"wp:featuredmedia":[{"embeddable":true,"href":"https:\/\/bozita.com\/se\/wp-json\/wp\/v2\/media\/3497"}],"wp:attachment":[{"href":"https:\/\/bozita.com\/se\/wp-json\/wp\/v2\/media?parent=1631"}],"curies":[{"name":"wp","href":"https:\/\/api.w.org\/{rel}","templated":true}]}}