{"id":1635,"date":"2021-06-21T21:32:43","date_gmt":"2021-06-21T21:32:43","guid":{"rendered":"https:\/\/bozita.com\/se\/?page_id=1635"},"modified":"2025-03-13T13:36:06","modified_gmt":"2025-03-13T13:36:06","slug":"hur-ofta-ska-man-klippa-klorna-pa-en-katt","status":"publish","type":"page","link":"https:\/\/bozita.com\/se\/katt\/kattens-halsa\/hur-ofta-ska-man-klippa-klorna-pa-en-katt\/","title":{"rendered":"Hur ofta ska man klippa klorna p\u00e5 en katt?"},"content":{"rendered":"\t\t<section class=\"small-hero\">\n\t\t\t<div class=\"container\">\n\t\t\t\t<h1 class=\"small-hero-title\">Hur ofta ska man klippa klorna p\u00e5 en katt?<\/h1>\t\t\t<\/div>\n\t\t\t<\/div>\n\t\t<\/section>\n\t\n\n\t<div class=\"text-box-warp\">\n\t\t<div class=\"container\">\n\t\t\t<div class=\"text-content\">\n\t\t\t\t<p><strong>Att klippa klorna p\u00e5 en katt kan kr\u00e4va lite t\u00e5lamod, s\u00e4rskilt de f\u00f6rsta g\u00e5ngerna d\u00e5 katten \u00e4nnu inte hunnit v\u00e4nja sig. Hur ofta du sedan beh\u00f6ver klippa din katts klor beror p\u00e5 hur den lever. En innekatt beh\u00f6ver st\u00f6rre underh\u00e5ll \u00e4n en utekatt, som sliter ner klorna p\u00e5 ett naturligt s\u00e4tt n\u00e4r den r\u00f6r sig ute i naturen.<\/strong><\/p>\n<h2>BEHOVET AV KLOKLIPPNING \u00c4R OLIKA F\u00d6R UTEKATTER OCH INNEKATTER<\/h2>\n<p>En katt anv\u00e4nder klorna f\u00f6r att bland annat jaga, kl\u00e4ttra och fly. D\u00e4rf\u00f6r brukar man inte rekommendera att klippa klorna p\u00e5 en utekatt. Utekatten har ett st\u00f6rre behov av att ha klorna kvar och dessutom sliter den ner klorna helt naturligt.<\/p>\n<p>Har du d\u00e4remot en \u00e4ldre utekatt som inte \u00e4r s\u00e4rskilt aktiv och d\u00e4rmed inte anv\u00e4nder klorna lika mycket som en yngre katt kan du beh\u00f6va kontrollera dem regelbundet. Se efter s\u00e5 att klorna inte v\u00e4xer in i trampdynan eller \u00e4r skadade.<\/p>\n<p>En innekatt som inte sliter p\u00e5 klorna mot tr\u00e4dstammar och asfalt kan i st\u00e4llet beh\u00f6va kl\u00f6str\u00e4d eller en kl\u00f6sbr\u00e4da att kunna v\u00e4ssa dem mot. Ibland kan detta r\u00e4cka f\u00f6r att h\u00e5lla klorna i trim men ofta kan du beh\u00f6va hj\u00e4lpa till p\u00e5 traven genom att klippa klorna p\u00e5 din katt.<\/p>\n<p>Ha som rutin att kontrollera din katts klor n\u00e4r ni myser tillsammans. Du kommer f\u00f6rmodligen att l\u00e4ra dig hur snabbt klorna v\u00e4xer och hur ofta du beh\u00f6ver klippa kattens klor.<\/p>\n<h2>S\u00c5 V\u00c4NJER DU KATTEN VI ATT F\u00c5 KLORNA KLIPPTA<\/h2>\n<p>B\u00f6rja v\u00e4nja din katt vid att f\u00e5 klorna klippta redan n\u00e4r den \u00e4r kattunge, om du har m\u00f6jlighet. Du beh\u00f6ver inte ta fram klosaxen med en g\u00e5ng. Inled ist\u00e4llet med att v\u00e4nja katten vid att du r\u00f6r vid tassarna. Massera trampdynorna och k\u00e4nn lite p\u00e5 t\u00e5rna. Upprepa s\u00e5 ofta du kan, g\u00e4rna n\u00e4r katten \u00e4r lugn och kelsugen.<\/p>\n<p>N\u00e4r du sedan m\u00e4rker att din katt inte l\u00e4ngre bryr sig eller g\u00f6r motst\u00e5nd kan du f\u00f6rsiktigt ta tag i en t\u00e5 och trycka lite l\u00e4tt s\u00e5 att hela klon visar sig. Om din katt forts\u00e4tter vara lugn kan du klippa kattens klor en klo i taget. Om den reagerar negativt eller b\u00f6rjar sprattla \u00e4r det b\u00e4ttre att avsluta och f\u00f6rs\u00f6ka igen vid ett senare tillf\u00e4lle.<\/p>\n<p>G\u00e5 inte f\u00f6r snabbt fram. D\u00e5 finns det risk f\u00f6r att katten tycker att det \u00e4r obehagligt och inte vill att du ska r\u00f6ra vid dess tassar alls.<\/p>\n<p><strong>Vidare l\u00e4sning<\/strong><\/p>\n<ul>\n<li>Med lite tr\u00e4ning kan du v\u00e4nja din katt vid nya saker &#8211; l\u00e4s Bozitas kattexpert Elin Hirschs b\u00e4sta tips i <a title=\"Kan man tr\u00e4na sin katt eller kattunge\" href=\"https:\/\/bozita.com\/se\/katt\/kattens-utveckling\/kan-man-trana-sin-katt-eller-kattunge\/\">Kan man tr\u00e4na en katt eller kattunge?<\/a><\/li>\n<\/ul>\n<h2>KLIPPA KLOR P\u00c5 EN KATT SOM INTE VILL<\/h2>\n<p>Vissa katter vill bara inte att n\u00e5gon ska r\u00f6ra vid tassarna eller klorna. Du kan d\u00e5 testa att f\u00f6rst klappa din katt \u00f6ver hela kroppen s\u00e5 att den k\u00e4nner sig lugn och trygg med att du r\u00f6r vid den. F\u00f6rs\u00f6k sedan att \u00f6verg\u00e5 till att klappa p\u00e5 din katts ben och d\u00e4refter till att massera tassarna.<\/p>\n<p>Om din katt fortfarande tycker att kloklippningen \u00e4r obehaglig trots flera f\u00f6rs\u00f6k kan du kontakta din veterin\u00e4r s\u00e5 hj\u00e4lper de dig att klippa klorna p\u00e5 din katt.<\/p>\n<h2>KLIPPA KLOR P\u00c5 BAKTASSAR<\/h2>\n<p>Att klippa klorna p\u00e5 kattens baktassar skiljer sig n\u00e5got fr\u00e5n framtassarna, eftersom det kan upplevas sv\u00e5rare. Med n\u00e5gra enkla knep kan du underl\u00e4tta kloklippningen av baktassarna:<\/p>\n<ul>\n<li>Se till att katten \u00e4r avslappnad &#8211; g\u00e4rna efter en lek eller tupplur<\/li>\n<li>V\u00e4lj en vass klosax f\u00f6r katter f\u00f6r ett rent snitt<\/li>\n<li>Lyft f\u00f6rsiktigt upp en baktass och st\u00f6d kattens kropp s\u00e5 att den k\u00e4nner sig trygg<\/li>\n<li>Tryck l\u00e4tt p\u00e5 trampdynan f\u00f6r att f\u00e5 klorna att skjuta ut<\/li>\n<li>Klipp i en rak vinkel f\u00f6r att undvika flisning<\/li>\n<li>Ta en paus om katten blir orolig och bel\u00f6na den n\u00e4r du \u00e4r klar<\/li>\n<\/ul>\n<p>Eftersom klorna p\u00e5 baktassarna ofta n\u00f6ts ner naturligt beh\u00f6ver de inte klippas lika ofta som framtassarna. En kontroll varannan vecka r\u00e4cker f\u00f6r att se om klippning beh\u00f6vs.<\/p>\n<p>&nbsp;<\/p>\n\t\t\t<\/div>\n\t\t<\/div>\n\t<\/div>\n\n\n<section class=\"block product-promos\">\n\t<div class=\"container\">\n\t\t<div class=\"row align-items-center\">\n\t\t\t<div class=\"col-md-5\">\n\t\t\t\t<div class=\"prdt__promos-heading\">\n\t\t\t\t\t<h3>\n\t\t\t\t\t\tFodertips f\u00f6r utekatter\t\t\t\t\t<\/h3>\n\t\t\t\t\t\t\t\t\t<\/div>\n\t\t\t<\/div>\n\t\t\t<div class=\"col-md-7\">\n\t\t\t\t\t\t\t\t\t<div class=\"owl-carousel owl-theme product-promo-carousel\">\n\t\t\t\t\t\t\t\t\t\t\t\t\t<a href=\"https:\/\/bozita.com\/se\/kattfoder\/bozita-outdoor-active-alg\/\">\n\t\t\t\t\t\t\t\t<div class=\"blk__prdt-item\">\n\t\t\t\t\t\t\t\t\t<figure>\n\t\t\t\t\t\t\t\t\t\t<img loading=\"lazy\" decoding=\"async\" width=\"600\" height=\"600\" src=\"https:\/\/bozita.com\/se\/wp-content\/uploads\/sites\/5\/2024\/07\/31821-03-Bozita-Dry-Cat-Outdoor-Active-Elk-2kg-Bag.jpg\" class=\"attachment-post-thumbnail size-post-thumbnail wp-post-image\" alt=\"OUTDOOR &#038; ACTIVE \u00c4LG\" srcset=\"https:\/\/bozita.com\/se\/wp-content\/uploads\/sites\/5\/2024\/07\/31821-03-Bozita-Dry-Cat-Outdoor-Active-Elk-2kg-Bag.jpg 600w, https:\/\/bozita.com\/se\/wp-content\/uploads\/sites\/5\/2024\/07\/31821-03-Bozita-Dry-Cat-Outdoor-Active-Elk-2kg-Bag-300x300.jpg 300w, https:\/\/bozita.com\/se\/wp-content\/uploads\/sites\/5\/2024\/07\/31821-03-Bozita-Dry-Cat-Outdoor-Active-Elk-2kg-Bag-150x150.jpg 150w\" sizes=\"(max-width: 600px) 100vw, 600px\" \/>\t\t\t\t\t\t\t\t\t\t\t\t\t\t\t\t\t\t\t<\/figure>\n\t\t\t\t\t\t\t\t\t<h4 class=\"carousel-title\"><\/h4>\n\t\t\t\t\t\t\t\t\t<span class=\"carousel-category\">OUTDOOR &amp; ACTIVE \u00c4LG<\/span>\n\t\t\t\t\t\t\t\t\t  \n\t\t\t\t\t\t\t\t\t<ul class=\"category-list\">\n\t\t\t\t\t\t\t\t\t\t\t\t\t\t\t\t\t\t\t\t\t\t\t\t\t\t\t\t\t\t\t\t\t<li class=\"svg-image\">\n\t\t\t\t\t\t\t\t\t\t\t\t\t\t<img decoding=\"async\" src=\"https:\/\/bozita.com\/se\/wp-content\/uploads\/sites\/5\/2021\/06\/icon-flavour-elk.svg\" \/>\n\t\t\t\t\t\t\t\t\t\t\t\t\t<\/li>\n\t\t\t\t\t\t\t\t\t\t\t\t\t\t\t\t\t\t\t\t\t\t<\/ul>       \n\n\t\t\t\t\t\t\t\t<\/div>\n\t\t\t\t\t\t\t<\/a>\n\t\t\t\t\t\t\t\t\t\t\t\t\t\t\t\t\t\t\t\t<a href=\"https:\/\/bozita.com\/se\/kattfoder\/bozita-outdoor-active-bitar-i-gele\/\">\n\t\t\t\t\t\t\t\t<div class=\"blk__prdt-item\">\n\t\t\t\t\t\t\t\t\t<figure>\n\t\t\t\t\t\t\t\t\t\t<img loading=\"lazy\" decoding=\"async\" width=\"400\" height=\"400\" src=\"https:\/\/bozita.com\/se\/wp-content\/uploads\/sites\/5\/2021\/06\/3008-bozita-feline-outdoor-active-tetra.png\" class=\"attachment-post-thumbnail size-post-thumbnail wp-post-image\" alt=\"ACTIVE &amp; STERILISERAD MED LAMM\" srcset=\"https:\/\/bozita.com\/se\/wp-content\/uploads\/sites\/5\/2021\/06\/3008-bozita-feline-outdoor-active-tetra.png 400w, https:\/\/bozita.com\/se\/wp-content\/uploads\/sites\/5\/2021\/06\/3008-bozita-feline-outdoor-active-tetra-300x300.png 300w, https:\/\/bozita.com\/se\/wp-content\/uploads\/sites\/5\/2021\/06\/3008-bozita-feline-outdoor-active-tetra-150x150.png 150w\" sizes=\"(max-width: 400px) 100vw, 400px\" \/>\t\t\t\t\t\t\t\t\t\t\t\t\t\t\t\t\t\t\t<\/figure>\n\t\t\t\t\t\t\t\t\t<h4 class=\"carousel-title\"><\/h4>\n\t\t\t\t\t\t\t\t\t<span class=\"carousel-category\">Privat: OUTDOOR &#038; ACTIVE BITAR I GEL\u00c9<\/span>\n\t\t\t\t\t\t\t\t\t  \n\t\t\t\t\t\t\t\t\t<ul class=\"category-list\">\n\t\t\t\t\t\t\t\t\t\t\t\t\t\t\t\t\t\t\t\t\t\t\t<li class=\"svg-image\">\n\t\t\t\t\t\t\t\t\t\t\t\t\t\t<img decoding=\"async\" src=\"https:\/\/bozita.com\/se\/wp-content\/uploads\/sites\/5\/2021\/06\/icon-grain-free.svg\" \/>\n\t\t\t\t\t\t\t\t\t\t\t\t\t<\/li>\n\t\t\t\t\t\t\t\t\t\t\t\t\t\t\t\t\t\t\t\t\t\t\t\t\t\t<li class=\"svg-image\">\n\t\t\t\t\t\t\t\t\t\t\t\t\t\t<img decoding=\"async\" src=\"https:\/\/bozita.com\/se\/wp-content\/uploads\/sites\/5\/2021\/06\/icon-wheat-free.svg\" \/>\n\t\t\t\t\t\t\t\t\t\t\t\t\t<\/li>\n\t\t\t\t\t\t\t\t\t\t\t\t\t\t\t\t\t\t\t\t\t\t\t\t\t\t\t\t\t\t\t\t\t\t\t\t<li class=\"svg-image\">\n\t\t\t\t\t\t\t\t\t\t\t\t\t\t<img decoding=\"async\" src=\"https:\/\/bozita.com\/se\/wp-content\/uploads\/sites\/5\/2021\/06\/icon-flavour-elk.svg\" \/>\n\t\t\t\t\t\t\t\t\t\t\t\t\t<\/li>\n\t\t\t\t\t\t\t\t\t\t\t\t\t\t\t\t\t\t\t\t\t\t<\/ul>       \n\n\t\t\t\t\t\t\t\t<\/div>\n\t\t\t\t\t\t\t<\/a>\n\t\t\t\t\t\t\t\t\t\t\t\t\t\t\t\t\t\t<\/div>\n\t\t\t\t\t\t\t<\/div>\n\t\t<\/div>\n\t<\/div>\n<\/section>\n<script>\njQuery(document).ready(function($) {\n\tjQuery('.product-promo-carousel').owlCarousel({\n\tloop: true,\n\tmargin: 10,\n\tresponsiveClass: true,\n\tresponsive: {\n\t\t0: {\n\t\titems: 1,\n\t\tnav: true\n\t\t},\n\t\t600: {\n\t\titems: 1,\n\t\tnav: true\n\t\t},\n\t\t1000: {\n\t\titems: 2,\n\t\tnav: true,\n\t\t}\n\t}\n\t})\n\tjQuery(\".owl-prev\").html('<span><<\/span>');\n\tjQuery(\".owl-next\").html('<span>><\/span>');\n\n\tvar slider = jQuery('.promo-slider-list');\n\tslider.owlCarousel();\n\tjQuery('.nextbtn-a').click(function() {\n\tslider.trigger('next.owl.carousel');\n\t})\n\t\/\/ Go to the previous item\n\tjQuery('.prebtn-a').click(function() {\n\tslider.trigger('prev.owl.carousel', [300]);\n\t})\n});\n<\/script>\n\n\n<section class=\"block product-promos\">\n\t<div class=\"container\">\n\t\t<div class=\"row align-items-center\">\n\t\t\t<div class=\"col-md-5\">\n\t\t\t\t<div class=\"prdt__promos-heading\">\n\t\t\t\t\t<h3>\n\t\t\t\t\t\tFodertips f\u00f6r innekatter\t\t\t\t\t<\/h3>\n\t\t\t\t\t\t\t\t\t<\/div>\n\t\t\t<\/div>\n\t\t\t<div class=\"col-md-7\">\n\t\t\t\t\t\t\t\t\t<div class=\"owl-carousel owl-theme product-promo-carousel\">\n\t\t\t\t\t\t\t\t\t\t\t\t\t<a href=\"https:\/\/bozita.com\/se\/kattfoder\/bozita-indoor-sterilised-kyckling\/\">\n\t\t\t\t\t\t\t\t<div class=\"blk__prdt-item\">\n\t\t\t\t\t\t\t\t\t<figure>\n\t\t\t\t\t\t\t\t\t\t<img loading=\"lazy\" decoding=\"async\" width=\"600\" height=\"600\" src=\"https:\/\/bozita.com\/se\/wp-content\/uploads\/sites\/5\/2021\/06\/230529-bozita-cat-dry-indoor-sterilised-rich-in-chicken.jpg\" class=\"attachment-post-thumbnail size-post-thumbnail wp-post-image\" alt=\"Torrfoder katt till steriliserade innekatter\" srcset=\"https:\/\/bozita.com\/se\/wp-content\/uploads\/sites\/5\/2021\/06\/230529-bozita-cat-dry-indoor-sterilised-rich-in-chicken.jpg 600w, https:\/\/bozita.com\/se\/wp-content\/uploads\/sites\/5\/2021\/06\/230529-bozita-cat-dry-indoor-sterilised-rich-in-chicken-300x300.jpg 300w, https:\/\/bozita.com\/se\/wp-content\/uploads\/sites\/5\/2021\/06\/230529-bozita-cat-dry-indoor-sterilised-rich-in-chicken-150x150.jpg 150w\" sizes=\"(max-width: 600px) 100vw, 600px\" \/>\t\t\t\t\t\t\t\t\t\t\t\t\t\t\t\t\t\t\t<\/figure>\n\t\t\t\t\t\t\t\t\t<h4 class=\"carousel-title\"><\/h4>\n\t\t\t\t\t\t\t\t\t<span class=\"carousel-category\">INDOOR &amp; STERILISED &#8211; KYCKLING<\/span>\n\t\t\t\t\t\t\t\t\t  \n\t\t\t\t\t\t\t\t\t<ul class=\"category-list\">\n\t\t\t\t\t\t\t\t\t\t\t\t\t\t\t\t\t\t\t\t\t\t\t\t\t\t\t\t\t\t\t\t\t<li class=\"svg-image\">\n\t\t\t\t\t\t\t\t\t\t\t\t\t\t<img decoding=\"async\" src=\"https:\/\/bozita.com\/se\/wp-content\/uploads\/sites\/5\/2021\/06\/icon-flavour-chicken.svg\" \/>\n\t\t\t\t\t\t\t\t\t\t\t\t\t<\/li>\n\t\t\t\t\t\t\t\t\t\t\t\t\t\t\t\t\t\t\t\t\t\t<\/ul>       \n\n\t\t\t\t\t\t\t\t<\/div>\n\t\t\t\t\t\t\t<\/a>\n\t\t\t\t\t\t\t\t\t\t\t\t\t\t\t\t\t\t\t\t<a href=\"https:\/\/bozita.com\/se\/kattfoder\/bozita-indoor-sterilised-spannmalsfri-ren\/\">\n\t\t\t\t\t\t\t\t<div class=\"blk__prdt-item\">\n\t\t\t\t\t\t\t\t\t<figure>\n\t\t\t\t\t\t\t\t\t\t<img loading=\"lazy\" decoding=\"async\" width=\"600\" height=\"600\" src=\"https:\/\/bozita.com\/se\/wp-content\/uploads\/sites\/5\/2024\/07\/31221-03-Bozita-Dry-Cat-Indoor-Sterilised-Reindeer-GF-2kg-Bag.jpg\" class=\"attachment-post-thumbnail size-post-thumbnail wp-post-image\" alt=\"INDOOR &amp; STERILISED SPANNM\u00c5LSFRITT RECEPT MED REN\" srcset=\"https:\/\/bozita.com\/se\/wp-content\/uploads\/sites\/5\/2024\/07\/31221-03-Bozita-Dry-Cat-Indoor-Sterilised-Reindeer-GF-2kg-Bag.jpg 600w, https:\/\/bozita.com\/se\/wp-content\/uploads\/sites\/5\/2024\/07\/31221-03-Bozita-Dry-Cat-Indoor-Sterilised-Reindeer-GF-2kg-Bag-300x300.jpg 300w, https:\/\/bozita.com\/se\/wp-content\/uploads\/sites\/5\/2024\/07\/31221-03-Bozita-Dry-Cat-Indoor-Sterilised-Reindeer-GF-2kg-Bag-150x150.jpg 150w\" sizes=\"(max-width: 600px) 100vw, 600px\" \/>\t\t\t\t\t\t\t\t\t\t\t\t\t\t\t\t\t\t\t<\/figure>\n\t\t\t\t\t\t\t\t\t<h4 class=\"carousel-title\"><\/h4>\n\t\t\t\t\t\t\t\t\t<span class=\"carousel-category\">INDOOR &amp; STERILISED SPANNM\u00c5LSFRITT RECEPT MED REN<\/span>\n\t\t\t\t\t\t\t\t\t  \n\t\t\t\t\t\t\t\t\t<ul class=\"category-list\">\n\t\t\t\t\t\t\t\t\t\t\t\t\t\t\t\t\t\t\t\t\t\t\t<li class=\"svg-image\">\n\t\t\t\t\t\t\t\t\t\t\t\t\t\t<img decoding=\"async\" src=\"https:\/\/bozita.com\/se\/wp-content\/uploads\/sites\/5\/2021\/06\/icon-grain-free.svg\" \/>\n\t\t\t\t\t\t\t\t\t\t\t\t\t<\/li>\n\t\t\t\t\t\t\t\t\t\t\t\t\t\t\t\t\t\t\t\t\t\t\t\t\t\t\t\t\t\t\t\t\t\t\t\t<li class=\"svg-image\">\n\t\t\t\t\t\t\t\t\t\t\t\t\t\t<img decoding=\"async\" src=\"https:\/\/bozita.com\/se\/wp-content\/uploads\/sites\/5\/2021\/06\/icon-flavour-reindeer.svg\" \/>\n\t\t\t\t\t\t\t\t\t\t\t\t\t<\/li>\n\t\t\t\t\t\t\t\t\t\t\t\t\t\t\t\t\t\t\t\t\t\t<\/ul>       \n\n\t\t\t\t\t\t\t\t<\/div>\n\t\t\t\t\t\t\t<\/a>\n\t\t\t\t\t\t\t\t\t\t\t\t\t\t\t\t\t\t\t\t\t\t\t\t\t\t\t<a href=\"https:\/\/bozita.com\/se\/kattfoder\/bozita-indoor-sterilised-bitar-i-gele\/\">\n\t\t\t\t\t\t\t\t<div class=\"blk__prdt-item\">\n\t\t\t\t\t\t\t\t\t<figure>\n\t\t\t\t\t\t\t\t\t\t<img loading=\"lazy\" decoding=\"async\" width=\"400\" height=\"400\" src=\"https:\/\/bozita.com\/se\/wp-content\/uploads\/sites\/5\/2021\/06\/3009-bozita-feline-indoor-sterilised-tetra.png\" class=\"attachment-post-thumbnail size-post-thumbnail wp-post-image\" alt=\"ACTIVE &amp; STERILISERAD MED LAMM\" srcset=\"https:\/\/bozita.com\/se\/wp-content\/uploads\/sites\/5\/2021\/06\/3009-bozita-feline-indoor-sterilised-tetra.png 400w, https:\/\/bozita.com\/se\/wp-content\/uploads\/sites\/5\/2021\/06\/3009-bozita-feline-indoor-sterilised-tetra-300x300.png 300w, https:\/\/bozita.com\/se\/wp-content\/uploads\/sites\/5\/2021\/06\/3009-bozita-feline-indoor-sterilised-tetra-150x150.png 150w\" sizes=\"(max-width: 400px) 100vw, 400px\" \/>\t\t\t\t\t\t\t\t\t\t\t\t\t\t\t\t\t\t\t<\/figure>\n\t\t\t\t\t\t\t\t\t<h4 class=\"carousel-title\"><\/h4>\n\t\t\t\t\t\t\t\t\t<span class=\"carousel-category\">Privat: INDOOR &#038; STERILISED BITAR I GEL\u00c9<\/span>\n\t\t\t\t\t\t\t\t\t  \n\t\t\t\t\t\t\t\t\t<ul class=\"category-list\">\n\t\t\t\t\t\t\t\t\t\t\t\t\t\t\t\t\t\t\t\t\t\t\t<li class=\"svg-image\">\n\t\t\t\t\t\t\t\t\t\t\t\t\t\t<img decoding=\"async\" src=\"https:\/\/bozita.com\/se\/wp-content\/uploads\/sites\/5\/2021\/06\/icon-grain-free.svg\" \/>\n\t\t\t\t\t\t\t\t\t\t\t\t\t<\/li>\n\t\t\t\t\t\t\t\t\t\t\t\t\t\t\t\t\t\t\t\t\t\t\t\t\t\t\t\t\t\t\t\t\t\t\t\t<li class=\"svg-image\">\n\t\t\t\t\t\t\t\t\t\t\t\t\t\t<img decoding=\"async\" src=\"https:\/\/bozita.com\/se\/wp-content\/uploads\/sites\/5\/2021\/06\/icon-flavour-chicken.svg\" \/>\n\t\t\t\t\t\t\t\t\t\t\t\t\t<\/li>\n\t\t\t\t\t\t\t\t\t\t\t\t\t\t\t\t\t\t\t\t\t\t<\/ul>       \n\n\t\t\t\t\t\t\t\t<\/div>\n\t\t\t\t\t\t\t<\/a>\n\t\t\t\t\t\t\t\t\t\t\t\t\t\t\t\t\t\t<\/div>\n\t\t\t\t\t\t\t<\/div>\n\t\t<\/div>\n\t<\/div>\n<\/section>\n<script>\njQuery(document).ready(function($) {\n\tjQuery('.product-promo-carousel').owlCarousel({\n\tloop: true,\n\tmargin: 10,\n\tresponsiveClass: true,\n\tresponsive: {\n\t\t0: {\n\t\titems: 1,\n\t\tnav: true\n\t\t},\n\t\t600: {\n\t\titems: 1,\n\t\tnav: true\n\t\t},\n\t\t1000: {\n\t\titems: 2,\n\t\tnav: true,\n\t\t}\n\t}\n\t})\n\tjQuery(\".owl-prev\").html('<span><<\/span>');\n\tjQuery(\".owl-next\").html('<span>><\/span>');\n\n\tvar slider = jQuery('.promo-slider-list');\n\tslider.owlCarousel();\n\tjQuery('.nextbtn-a').click(function() {\n\tslider.trigger('next.owl.carousel');\n\t})\n\t\/\/ Go to the previous item\n\tjQuery('.prebtn-a').click(function() {\n\tslider.trigger('prev.owl.carousel', [300]);\n\t})\n});\n<\/script>\n\n\n\n\t<section class=\"block related-articles\">\n\t\t<div class=\"container\">\n\t\t\t<h2>Relaterade artiklar<\/h2>\n\t\t\t<div class=\"row justify-content-center\">\n\t\t\t\t\t\t\t\t\t\t<div class=\"col-sm-6 col-md-6 col-lg-3\">\n\t\t\t\t\t\t\t\t\t\t\t\t\t\t<div class=\"card \">\n\t\t\t\t\t\t\t\t\t\t\t\t\t\t\t\t\t<img decoding=\"async\"  src=\"https:\/\/bozita.com\/se\/wp-content\/uploads\/sites\/5\/2021\/08\/bozita-trana-katt-kattunge.jpg\" alt=\"\">\n\t\t\t\t\t\t\t\t\t\t\t\t\t\t\t\t\t<!-- <img decoding=\"async\" src=\"\n\t\t\t\t\t\t\t\t\t\t\t\t\t\t\t\t\t\t\t\t\" alt=\"\n\t\t\t\t\t\t\t\t\t\t\t\t\t\t\t\t\t\t\t\t\t\t\t\t\t\t\t\"> -->\n\t\t\t\t\t\t\t\t<div class=\"card-body\">\n\t\t\t\t\t\t\t\t\t\t\t\t\t\t\t\t\t\t\t<h6>Kan man tr\u00e4na sin katt eller kattunge?<\/h6>\n\t\t\t\t\t\t\t\t\t\t\t\t\t\t\t\t\t\t\t<a href=\"https:\/\/bozita.com\/se\/katt\/kattens-utveckling\/kan-man-trana-sin-katt-eller-kattunge\/\">L\u00e4s mer &nbsp; ><\/a>\n\t\t\t\t\t\t\t\t<\/div>\n\t\t\t\t\t\t\t<\/div>\n\t\t\t\t\t\t<\/div>\n\n\t\t\t\t\t\t\t\t\t\t\t<div class=\"col-sm-6 col-md-6 col-lg-3\">\n\t\t\t\t\t\t\t\t\t\t\t\t\t\t<div class=\"card \">\n\t\t\t\t\t\t\t\t\t\t\t\t\t\t\t\t\t<img decoding=\"async\"  src=\"https:\/\/bozita.com\/se\/wp-content\/uploads\/sites\/5\/2021\/08\/bozita-katt-rumsren-ga-pa-ladan.jpg\" alt=\"\">\n\t\t\t\t\t\t\t\t\t\t\t\t\t\t\t\t\t<!-- <img decoding=\"async\" src=\"\n\t\t\t\t\t\t\t\t\t\t\t\t\t\t\t\t\t\t\t\t\" alt=\"\n\t\t\t\t\t\t\t\t\t\t\t\t\t\t\t\t\t\t\t\t\t\t\t\t\t\t\t\"> -->\n\t\t\t\t\t\t\t\t<div class=\"card-body\">\n\t\t\t\t\t\t\t\t\t\t\t\t\t\t\t\t\t\t\t<h6>Hur f\u00e5r man en katt rumsren?<\/h6>\n\t\t\t\t\t\t\t\t\t\t\t\t\t\t\t\t\t\t\t<a href=\"https:\/\/bozita.com\/se\/katt\/kopa-katt\/hur-far-man-en-katt-rumsren\/\">L\u00e4s mer &nbsp; ><\/a>\n\t\t\t\t\t\t\t\t<\/div>\n\t\t\t\t\t\t\t<\/div>\n\t\t\t\t\t\t<\/div>\n\n\t\t\t\t\t\t\t\t\t\t\t<div class=\"col-sm-6 col-md-6 col-lg-3\">\n\t\t\t\t\t\t\t\t\t\t\t\t\t\t<div class=\"card \">\n\t\t\t\t\t\t\t\t\t\t\t\t\t\t\t\t\t<img decoding=\"async\"  src=\"https:\/\/bozita.com\/se\/wp-content\/uploads\/sites\/5\/2021\/08\/bozita-lamna-katt-ensam.jpg\" alt=\"\">\n\t\t\t\t\t\t\t\t\t\t\t\t\t\t\t\t\t<!-- <img decoding=\"async\" src=\"\n\t\t\t\t\t\t\t\t\t\t\t\t\t\t\t\t\t\t\t\t\" alt=\"\n\t\t\t\t\t\t\t\t\t\t\t\t\t\t\t\t\t\t\t\t\t\t\t\t\t\t\t\"> -->\n\t\t\t\t\t\t\t\t<div class=\"card-body\">\n\t\t\t\t\t\t\t\t\t\t\t\t\t\t\t\t\t\t\t<h6>Hur l\u00e4nge kan man l\u00e4mna en katt ensam?<\/h6>\n\t\t\t\t\t\t\t\t\t\t\t\t\t\t\t\t\t\t\t<a href=\"https:\/\/bozita.com\/se\/katt\/kopa-katt\/hur-lange-kan-man-lamna-en-katt-ensam\/\">L\u00e4s mer &nbsp; ><\/a>\n\t\t\t\t\t\t\t\t<\/div>\n\t\t\t\t\t\t\t<\/div>\n\t\t\t\t\t\t<\/div>\n\n\t\t\t\t\t\t\t\t\t\t\t\t<\/div>\n\t\t<\/div>\n\t<\/section>\n","protected":false},"excerpt":{"rendered":"","protected":false},"author":1,"featured_media":3497,"parent":77,"menu_order":0,"comment_status":"closed","ping_status":"closed","template":"guternberg.php","meta":{"footnotes":""},"acf":[],"yoast_head":"<!-- This site is optimized with the Yoast SEO plugin v21.3 - https:\/\/yoast.com\/wordpress\/plugins\/seo\/ -->\n<title>Klippa klorna katt - tips f\u00f6r kloklippning av katt | Bozita<\/title>\n<meta name=\"description\" content=\"Hur ofta ska man klippa kattens klor och hur g\u00f6r man? Att klippa klorna p\u00e5 en katt kr\u00e4ver lite t\u00e5lamod. Bozita hj\u00e4lper dig.\" \/>\n<meta name=\"robots\" content=\"index, follow, max-snippet:-1, max-image-preview:large, max-video-preview:-1\" \/>\n<link rel=\"canonical\" href=\"https:\/\/bozita.com\/se\/katt\/kattens-halsa\/hur-ofta-ska-man-klippa-klorna-pa-en-katt\/\" \/>\n<meta property=\"og:locale\" content=\"sv_SE\" \/>\n<meta property=\"og:type\" content=\"article\" \/>\n<meta property=\"og:title\" content=\"Klippa klorna katt - tips f\u00f6r kloklippning av katt | Bozita\" \/>\n<meta property=\"og:description\" content=\"Hur ofta ska man klippa kattens klor och hur g\u00f6r man? Att klippa klorna p\u00e5 en katt kr\u00e4ver lite t\u00e5lamod. Bozita hj\u00e4lper dig.\" \/>\n<meta property=\"og:url\" content=\"https:\/\/bozita.com\/se\/katt\/kattens-halsa\/hur-ofta-ska-man-klippa-klorna-pa-en-katt\/\" \/>\n<meta property=\"og:site_name\" content=\"Bozita Sverige\" \/>\n<meta property=\"article:modified_time\" content=\"2025-03-13T13:36:06+00:00\" \/>\n<meta property=\"og:image\" content=\"https:\/\/bozita.com\/se\/wp-content\/uploads\/sites\/5\/2021\/08\/bozita_swedish-natural-quality.jpg\" \/>\n\t<meta property=\"og:image:width\" content=\"800\" \/>\n\t<meta property=\"og:image:height\" content=\"533\" \/>\n\t<meta property=\"og:image:type\" content=\"image\/jpeg\" \/>\n<meta name=\"twitter:card\" content=\"summary_large_image\" \/>\n<!-- \/ Yoast SEO plugin. -->","yoast_head_json":{"title":"Klippa klorna katt - tips f\u00f6r kloklippning av katt | Bozita","description":"Hur ofta ska man klippa kattens klor och hur g\u00f6r man? Att klippa klorna p\u00e5 en katt kr\u00e4ver lite t\u00e5lamod. Bozita hj\u00e4lper dig.","robots":{"index":"index","follow":"follow","max-snippet":"max-snippet:-1","max-image-preview":"max-image-preview:large","max-video-preview":"max-video-preview:-1"},"canonical":"https:\/\/bozita.com\/se\/katt\/kattens-halsa\/hur-ofta-ska-man-klippa-klorna-pa-en-katt\/","og_locale":"sv_SE","og_type":"article","og_title":"Klippa klorna katt - tips f\u00f6r kloklippning av katt | Bozita","og_description":"Hur ofta ska man klippa kattens klor och hur g\u00f6r man? Att klippa klorna p\u00e5 en katt kr\u00e4ver lite t\u00e5lamod. Bozita hj\u00e4lper dig.","og_url":"https:\/\/bozita.com\/se\/katt\/kattens-halsa\/hur-ofta-ska-man-klippa-klorna-pa-en-katt\/","og_site_name":"Bozita Sverige","article_modified_time":"2025-03-13T13:36:06+00:00","og_image":[{"width":800,"height":533,"url":"https:\/\/bozita.com\/se\/wp-content\/uploads\/sites\/5\/2021\/08\/bozita_swedish-natural-quality.jpg","type":"image\/jpeg"}],"twitter_card":"summary_large_image","schema":{"@context":"https:\/\/schema.org","@graph":[{"@type":"WebPage","@id":"https:\/\/bozita.com\/se\/katt\/kattens-halsa\/hur-ofta-ska-man-klippa-klorna-pa-en-katt\/","url":"https:\/\/bozita.com\/se\/katt\/kattens-halsa\/hur-ofta-ska-man-klippa-klorna-pa-en-katt\/","name":"Klippa klorna katt - tips f\u00f6r kloklippning av katt | Bozita","isPartOf":{"@id":"https:\/\/bozita.com\/se\/#website"},"datePublished":"2021-06-21T21:32:43+00:00","dateModified":"2025-03-13T13:36:06+00:00","description":"Hur ofta ska man klippa kattens klor och hur g\u00f6r man? Att klippa klorna p\u00e5 en katt kr\u00e4ver lite t\u00e5lamod. Bozita hj\u00e4lper dig.","breadcrumb":{"@id":"https:\/\/bozita.com\/se\/katt\/kattens-halsa\/hur-ofta-ska-man-klippa-klorna-pa-en-katt\/#breadcrumb"},"inLanguage":"sv-SE","potentialAction":[{"@type":"ReadAction","target":["https:\/\/bozita.com\/se\/katt\/kattens-halsa\/hur-ofta-ska-man-klippa-klorna-pa-en-katt\/"]}]},{"@type":"BreadcrumbList","@id":"https:\/\/bozita.com\/se\/katt\/kattens-halsa\/hur-ofta-ska-man-klippa-klorna-pa-en-katt\/#breadcrumb","itemListElement":[{"@type":"ListItem","position":1,"name":"Home","item":"https:\/\/bozita.com\/se\/"},{"@type":"ListItem","position":2,"name":"Livet med katt","item":"https:\/\/bozita.com\/se\/katt\/"},{"@type":"ListItem","position":3,"name":"H\u00e5ll katten frisk","item":"https:\/\/bozita.com\/se\/katt\/kattens-halsa\/"},{"@type":"ListItem","position":4,"name":"Hur ofta ska man klippa klorna p\u00e5 en katt?"}]},{"@type":"WebSite","@id":"https:\/\/bozita.com\/se\/#website","url":"https:\/\/bozita.com\/se\/","name":"Bozita Sverige","description":"","potentialAction":[{"@type":"SearchAction","target":{"@type":"EntryPoint","urlTemplate":"https:\/\/bozita.com\/se\/?s={search_term_string}"},"query-input":"required name=search_term_string"}],"inLanguage":"sv-SE"}]}},"_links":{"self":[{"href":"https:\/\/bozita.com\/se\/wp-json\/wp\/v2\/pages\/1635"}],"collection":[{"href":"https:\/\/bozita.com\/se\/wp-json\/wp\/v2\/pages"}],"about":[{"href":"https:\/\/bozita.com\/se\/wp-json\/wp\/v2\/types\/page"}],"author":[{"embeddable":true,"href":"https:\/\/bozita.com\/se\/wp-json\/wp\/v2\/users\/1"}],"replies":[{"embeddable":true,"href":"https:\/\/bozita.com\/se\/wp-json\/wp\/v2\/comments?post=1635"}],"version-history":[{"count":18,"href":"https:\/\/bozita.com\/se\/wp-json\/wp\/v2\/pages\/1635\/revisions"}],"predecessor-version":[{"id":11204,"href":"https:\/\/bozita.com\/se\/wp-json\/wp\/v2\/pages\/1635\/revisions\/11204"}],"up":[{"embeddable":true,"href":"https:\/\/bozita.com\/se\/wp-json\/wp\/v2\/pages\/77"}],"wp:featuredmedia":[{"embeddable":true,"href":"https:\/\/bozita.com\/se\/wp-json\/wp\/v2\/media\/3497"}],"wp:attachment":[{"href":"https:\/\/bozita.com\/se\/wp-json\/wp\/v2\/media?parent=1635"}],"curies":[{"name":"wp","href":"https:\/\/api.w.org\/{rel}","templated":true}]}}