{"id":1658,"date":"2021-06-21T21:50:47","date_gmt":"2021-06-21T21:50:47","guid":{"rendered":"https:\/\/bozita.com\/se\/?page_id=1658"},"modified":"2021-11-16T05:14:18","modified_gmt":"2021-11-16T05:14:18","slug":"vad-ska-man-gora-med-en-katt-som-inte-ater-eller-dricker","status":"publish","type":"page","link":"https:\/\/bozita.com\/se\/kattfoder\/nutrition-och-kost\/vad-ska-man-gora-med-en-katt-som-inte-ater-eller-dricker\/","title":{"rendered":"Katt som inte \u00e4ter eller dricker?"},"content":{"rendered":"\t\t<section class=\"small-hero\">\n\t\t\t<div class=\"container\">\n\t\t\t\t<h1 class=\"small-hero-title\">Katt som inte \u00e4ter eller dricker?<\/h1>\t\t\t<\/div>\n\t\t\t<\/div>\n\t\t<\/section>\n\t\n\n\t<div class=\"text-box-warp\">\n\t\t<div class=\"container\">\n\t\t\t<div class=\"text-content\">\n\t\t\t\t<p>Om du har en kattunge eller vuxen katt som inte \u00e4ter eller dricker tillr\u00e4ckligt beh\u00f6ver du hitta roten till problemet. Det \u00e4r viktigt att skilja p\u00e5 om den d\u00e5liga aptiten beror p\u00e5 att den inte vill \u00e4ta eller p\u00e5 att den helt enkelt inte kan.<\/p>\n<p>Artikel baserad p\u00e5 samtal med Bozitas egen kattexpert Elin Hirsch, doktor i etologi med inriktning katters beteende.<\/p>\n<h2>L\u00c4R KATTEN GODA MATVANOR<\/h2>\n<p>Ge din katt goda matvanor redan fr\u00e5n b\u00f6rjan genom att inr\u00e4tta en bra rutin. Oavsett om du l\u00e5ter den ha fri tillg\u00e5ng till foder eller serverar maten vid best\u00e4mda tider \u00e4r det viktigt att h\u00e5lla sig till rutinen. Annars riskerar du att st\u00e5 d\u00e4r med en katt som matv\u00e4grar eller inte \u00e4ter tillr\u00e4ckligt.<\/p>\n<p>Om du har en katt som inte \u00e4ter \u00e4r det oftast dumt att f\u00f6rs\u00f6ka locka den att \u00e4ta med hj\u00e4lp av extra l\u00e4ckra saker eller godis. D\u00e5 l\u00e4r den sig bara att den f\u00e5r som den vill. L\u00e5t den bli hungrig under n\u00e5gra timmars tid s\u00e5 l\u00e4r den sig f\u00f6rhoppningsvis att \u00e4ta det som serveras.<\/p>\n<h2>TA REDA P\u00c5 VARF\u00d6R KATTEN INTE \u00c4TER ELLER DRICKER<\/h2>\n<p>Det \u00e4r viktigt att skilja p\u00e5 om katten inte \u00e4ter p\u00e5 grund av fodret eller hur det serveras, eller om den inte \u00e4ter eller dricker f\u00f6r att den till exempel har ont n\u00e5gonstans eller \u00e4r sjuk. Var uppm\u00e4rksam p\u00e5 allm\u00e4ntillst\u00e5ndet: \u00e4r den sl\u00f6, f\u00f6rstoppad, sover den mycket? S\u00e4rskilt viktigt \u00e4r det n\u00e4r katten b\u00f6rjar bli gammal. Smak- och luktsinnet f\u00f6rs\u00e4mras med \u00e5ldern vilket kan bidra till minskad aptit.<\/p>\n<p>Har du en utekatt \u00e4r det lite sv\u00e5rare att h\u00e5lla koll p\u00e5 exakt vad den f\u00e5r i sig p\u00e5 en dag. Kanske har den redan fixat middagen p\u00e5 egen hand och helt enkelt inte \u00e4r hungrig?<\/p>\n<p>Om du har en katt som inte \u00e4tit p\u00e5 24 timmar b\u00f6r du kontakta veterin\u00e4r. Matv\u00e4gran under l\u00e4ngre tid \u00e4n ett dygn kan f\u00e5 allvarliga konsekvenser.<\/p>\n<h2>S\u00c5 UPPMUNTRAR DU KATTEN ATT \u00c4TA OCH DRICKA<\/h2>\n<p>Att efterlikna hur katter \u00e4ter och dricker i det vilda \u00e4r ett bra s\u00e4tt att reta matlusten. Katter reglerar inte hur mycket de dricker efter v\u00e4tskehalten i maten, vilket kan \u00f6ka risken f\u00f6r urinsten hos katter som enbart \u00e4ter torrfoder. H\u00e4r har vi listat n\u00e5gra \u201cknep\u201d som du kan prova f\u00f6r att f\u00e5 katten att \u00e4ta och dricka.<\/p>\n<ul>\n<li><strong>Dela p\u00e5 mat, vatten, toalett och lek<\/strong><br \/>\nOm du har en katt som inte \u00e4ter eller dricker ska du vara extra noga med att ha skilda omr\u00e5den f\u00f6r mat, vatten, toalett och lek f\u00f6r att \u00e5terspegla hur katter g\u00f6r i det vilda. Du kan \u00e4ven stimulera kattens dryckesaptit genom att placera vatten p\u00e5 flera st\u00e4llen i huset. Undvik att placera vatten direkt i n\u00e4rhet till matsk\u00e5len och kattl\u00e5dan. Katter vill helst inte dricka p\u00e5 samma st\u00e4lle som de \u00e4ter eller g\u00e5r p\u00e5 toa.<\/li>\n<li><strong>Ge en katt som inte \u00e4ter en ost\u00f6rd matplats<\/strong><br \/>\nSe till att katten har en enskild, trygg och ost\u00f6rd matplats d\u00e4r den kan \u00e4ta i lugn och ro utan stress. Kanske vill den inte ens att du eller n\u00e5gon annan tittar p\u00e5 den n\u00e4r den \u00e4ter?<\/li>\n<li><strong>H\u00e5ll matsk\u00e5larna och matplatsen ren<\/strong><br \/>\nServera alltid maten i rena matsk\u00e5lar och g\u00f6r rent matplatsen ofta med ett milt reng\u00f6ringsmedel. Det uppmuntrar en katt som inte \u00e4ter att faktiskt g\u00f6ra just det. Dessutom skyddar det fr\u00e5n bakterier som kan bildas i matresterna.<\/li>\n<li><strong>Servera maten i \u201cr\u00e4tt\u201d k\u00e4rl<\/strong><br \/>\nFundera p\u00e5 vad din katt gillar att \u00e4ta och dricka fr\u00e5n. M\u00e5nga katter tycker till exempel inte om n\u00e4r morrh\u00e5ren st\u00f6ter emot kanterna p\u00e5 mat- eller vattensk\u00e5len och m\u00e5nga f\u00f6redrar rinnande vatten. Prova dig fram f\u00f6r att hitta vad som fungerar b\u00e4st n\u00e4r just din katt inte \u00e4ter eller dricker. Att investera i en vattenfont\u00e4n och att erbjuda din katt vattenk\u00e4llor p\u00e5 flera st\u00e4llen i hemmet kan \u00f6ka chanserna att katten dricker tillr\u00e4ckligt.<\/li>\n<li><strong>Smak, konsistens och doft<\/strong><br \/>\nV\u00e4lj ett foder som \u00e4r v\u00e4lsmakande och l\u00e4tt att \u00e4ta, det vill s\u00e4ga mat med en struktur som katten gillar och med lagom stora bitar. Testa g\u00e4rna att v\u00e4rma maten n\u00e5gra sekunder. D\u00e5 frig\u00f6rs dofter som retar aptiten. Det \u00e4r ocks\u00e5 mer naturlig f\u00f6r en katt att \u00e4ta \u201ckroppstempererad\u201d mat, likt ett byte i det vilda.<\/li>\n<li><strong><a title=\"V\u00e5tfoder\" href=\"https:\/\/bozita.com\/se\/kattfoder\/vatfoder\/\" >V\u00e5tfoder<\/a> \u00e4r en bra k\u00e4lla till v\u00e4tska<\/strong><br \/>\nVill du vara helt s\u00e4ker p\u00e5 att din katt f\u00e5r i sig ordentligt med v\u00e4tska rekommenderar vi att byta till v\u00e5tfoder som naturligt inneh\u00e5ller en mycket h\u00f6gre m\u00e4ngd vatten. Eller varf\u00f6r inte komplettera ditt <a title=\"Torrfoder\" href=\"https:\/\/bozita.com\/se\/kattfoder\/torrfoder\/\" >torrfoder<\/a> med <a title=\"V\u00e5tfoder\" href=\"https:\/\/bozita.com\/se\/kattfoder\/vatfoder\/\" >v\u00e5tfoder<\/a> vid sidan av. M\u00e5nga katter uppskattar en varierad meny!<\/li>\n<li><strong>Kontrollera fodrets h\u00e5llbarhet<\/strong><br \/>\nTorrfoder absorberar fukt, s\u00e4rskilt n\u00e4r det \u00e4r varmt, vilket kan g\u00f6ra det mindre aptitligt. F\u00f6rvara alltid torrfoder torrt och svalt och kontrollera kvaliteten med j\u00e4mna mellanrum.<\/li>\n<li><strong>Mindre portioner<\/strong><br \/>\nProva att dela upp dagsgivan i flera mindre m\u00e5ltider som du serverar regelbundet s\u00e5 att katten inte beh\u00f6ver \u00e4ta s\u00e5 mycket \u00e5t g\u00e5ngen. Detta speglar kattens naturliga f\u00f6dobeteende med m\u00e5nga sm\u00e5 m\u00e5l spridda \u00f6ver hela dygnet.<\/li>\n<\/ul>\n<h2>OM KATTEN FORTS\u00c4TTER MATV\u00c4GRA, BYT FODER<\/h2>\n<p>Om inga knep hj\u00e4lper kan det vara p\u00e5 sin plats att byta foder. Ibland kan ett receptbyte vara vad som beh\u00f6vs. Om m\u00f6jligt, g\u00f6r \u00f6verg\u00e5ngen fr\u00e5n det gamla till det nya fodret l\u00e5ngsamt s\u00e5 att katten inte f\u00e5r magst\u00f6rningar.<\/p>\n<p><strong>Vidare l\u00e4sning<\/strong><\/p>\n<ul>\n<li><a title=\"Hur byter man foder till en vuxen katt?\" href=\"https:\/\/bozita.com\/se\/kattfoder\/nutrition-och-kost\/hur-byter-man-foder-till-en-vuxen-katt\/\" >S\u00e5 byter du foder till katt<\/a><\/li>\n<\/ul>\n\t\t\t<\/div>\n\t\t<\/div>\n\t<\/div>\n\n\n<section class=\"block product-promos\">\n\t<div class=\"container\">\n\t\t<div class=\"row align-items-center\">\n\t\t\t<div class=\"col-md-5\">\n\t\t\t\t<div class=\"prdt__promos-heading\">\n\t\t\t\t\t<h3>\n\t\t\t\t\t\tV\u00e5tfoder i praktisk enportionsf\u00f6rpackning\t\t\t\t\t<\/h3>\n\t\t\t\t\t\t\t\t\t<\/div>\n\t\t\t<\/div>\n\t\t\t<div class=\"col-md-7\">\n\t\t\t\t\t\t\t\t\t<div class=\"owl-carousel owl-theme product-promo-carousel\">\n\t\t\t\t\t\t\t\t\t\t\t\t\t<a href=\"https:\/\/bozita.com\/se\/kattfoder\/bozita-bitar-i-sas-med-notkott-2\/\">\n\t\t\t\t\t\t\t\t<div class=\"blk__prdt-item\">\n\t\t\t\t\t\t\t\t\t<figure>\n\t\t\t\t\t\t\t\t\t\t<img loading=\"lazy\" decoding=\"async\" width=\"600\" height=\"600\" src=\"https:\/\/bozita.com\/se\/wp-content\/uploads\/sites\/5\/2021\/06\/2406-64931_Bozita-GrassFed-Beef-sauce.jpg\" class=\"attachment-post-thumbnail size-post-thumbnail wp-post-image\" alt=\"Gr\u00e4smatad N\u00f6t i S\u00e5s\" srcset=\"https:\/\/bozita.com\/se\/wp-content\/uploads\/sites\/5\/2021\/06\/2406-64931_Bozita-GrassFed-Beef-sauce.jpg 600w, https:\/\/bozita.com\/se\/wp-content\/uploads\/sites\/5\/2021\/06\/2406-64931_Bozita-GrassFed-Beef-sauce-300x300.jpg 300w, https:\/\/bozita.com\/se\/wp-content\/uploads\/sites\/5\/2021\/06\/2406-64931_Bozita-GrassFed-Beef-sauce-150x150.jpg 150w\" sizes=\"(max-width: 600px) 100vw, 600px\" \/>\t\t\t\t\t\t\t\t\t\t\t\t\t\t\t\t\t\t\t<\/figure>\n\t\t\t\t\t\t\t\t\t<h4 class=\"carousel-title\"><\/h4>\n\t\t\t\t\t\t\t\t\t<span class=\"carousel-category\">Gr\u00e4smatad N\u00f6t i S\u00e5s<\/span>\n\t\t\t\t\t\t\t\t\t  \n\t\t\t\t\t\t\t\t\t<ul class=\"category-list\">\n\t\t\t\t\t\t\t\t\t\t\t\t\t\t\t\t\t\t\t\t\t\t\t<li class=\"svg-image\">\n\t\t\t\t\t\t\t\t\t\t\t\t\t\t<img decoding=\"async\" src=\"https:\/\/bozita.com\/se\/wp-content\/uploads\/sites\/5\/2021\/06\/icon-grain-free.svg\" \/>\n\t\t\t\t\t\t\t\t\t\t\t\t\t<\/li>\n\t\t\t\t\t\t\t\t\t\t\t\t\t\t\t\t\t\t\t\t\t\t\t\t\t\t<li class=\"svg-image\">\n\t\t\t\t\t\t\t\t\t\t\t\t\t\t<img decoding=\"async\" src=\"https:\/\/bozita.com\/se\/wp-content\/uploads\/sites\/5\/2021\/06\/icon-wheat-free.svg\" \/>\n\t\t\t\t\t\t\t\t\t\t\t\t\t<\/li>\n\t\t\t\t\t\t\t\t\t\t\t\t\t\t\t\t\t\t\t\t\t\t\t\t\t\t\t\t\t\t\t\t\t\t\t\t<li class=\"svg-image\">\n\t\t\t\t\t\t\t\t\t\t\t\t\t\t<img decoding=\"async\" src=\"https:\/\/bozita.com\/se\/wp-content\/uploads\/sites\/5\/2021\/06\/icon-flavour-beef.svg\" \/>\n\t\t\t\t\t\t\t\t\t\t\t\t\t<\/li>\n\t\t\t\t\t\t\t\t\t\t\t\t\t\t\t\t\t\t\t\t\t\t<\/ul>       \n\n\t\t\t\t\t\t\t\t<\/div>\n\t\t\t\t\t\t\t<\/a>\n\t\t\t\t\t\t\t\t\t\t\t\t\t\t\t\t\t\t\t\t<a href=\"https:\/\/bozita.com\/se\/kattfoder\/bozita-bitar-i-sas-med-ren-2\/\">\n\t\t\t\t\t\t\t\t<div class=\"blk__prdt-item\">\n\t\t\t\t\t\t\t\t\t<figure>\n\t\t\t\t\t\t\t\t\t\t<img loading=\"lazy\" decoding=\"async\" width=\"600\" height=\"600\" src=\"https:\/\/bozita.com\/se\/wp-content\/uploads\/sites\/5\/2024\/08\/64930_Validoo-Bozita-Reindeer-LoRes-Web.jpg\" class=\"attachment-post-thumbnail size-post-thumbnail wp-post-image\" alt=\"FRITT STR\u00d6VANDE REN I S\u00c5S\" srcset=\"https:\/\/bozita.com\/se\/wp-content\/uploads\/sites\/5\/2024\/08\/64930_Validoo-Bozita-Reindeer-LoRes-Web.jpg 600w, https:\/\/bozita.com\/se\/wp-content\/uploads\/sites\/5\/2024\/08\/64930_Validoo-Bozita-Reindeer-LoRes-Web-300x300.jpg 300w, https:\/\/bozita.com\/se\/wp-content\/uploads\/sites\/5\/2024\/08\/64930_Validoo-Bozita-Reindeer-LoRes-Web-150x150.jpg 150w\" sizes=\"(max-width: 600px) 100vw, 600px\" \/>\t\t\t\t\t\t\t\t\t\t\t\t\t\t\t\t\t\t\t<\/figure>\n\t\t\t\t\t\t\t\t\t<h4 class=\"carousel-title\"><\/h4>\n\t\t\t\t\t\t\t\t\t<span class=\"carousel-category\">FRITT STR\u00d6VANDE REN I S\u00c5S<\/span>\n\t\t\t\t\t\t\t\t\t  \n\t\t\t\t\t\t\t\t\t<ul class=\"category-list\">\n\t\t\t\t\t\t\t\t\t\t\t\t\t\t\t\t\t\t\t\t\t\t\t<li class=\"svg-image\">\n\t\t\t\t\t\t\t\t\t\t\t\t\t\t<img decoding=\"async\" src=\"https:\/\/bozita.com\/se\/wp-content\/uploads\/sites\/5\/2021\/06\/icon-grain-free.svg\" \/>\n\t\t\t\t\t\t\t\t\t\t\t\t\t<\/li>\n\t\t\t\t\t\t\t\t\t\t\t\t\t\t\t\t\t\t\t\t\t\t\t\t\t\t<li class=\"svg-image\">\n\t\t\t\t\t\t\t\t\t\t\t\t\t\t<img decoding=\"async\" src=\"https:\/\/bozita.com\/se\/wp-content\/uploads\/sites\/5\/2021\/06\/icon-wheat-free.svg\" \/>\n\t\t\t\t\t\t\t\t\t\t\t\t\t<\/li>\n\t\t\t\t\t\t\t\t\t\t\t\t\t\t\t\t\t\t\t\t\t\t\t\t\t\t\t\t\t\t\t\t\t\t\t\t<li class=\"svg-image\">\n\t\t\t\t\t\t\t\t\t\t\t\t\t\t<img decoding=\"async\" src=\"https:\/\/bozita.com\/se\/wp-content\/uploads\/sites\/5\/2021\/06\/icon-flavour-reindeer.svg\" \/>\n\t\t\t\t\t\t\t\t\t\t\t\t\t<\/li>\n\t\t\t\t\t\t\t\t\t\t\t\t\t\t\t\t\t\t\t\t\t\t<\/ul>       \n\n\t\t\t\t\t\t\t\t<\/div>\n\t\t\t\t\t\t\t<\/a>\n\t\t\t\t\t\t\t\t\t\t\t\t\t\t\t\t\t\t\t\t\t\t\t\t\t\t\t<a href=\"https:\/\/bozita.com\/se\/kattfoder\/bozita-bitar-i-sas-med-kyckling\/\">\n\t\t\t\t\t\t\t\t<div class=\"blk__prdt-item\">\n\t\t\t\t\t\t\t\t\t<figure>\n\t\t\t\t\t\t\t\t\t\t<img loading=\"lazy\" decoding=\"async\" width=\"600\" height=\"600\" src=\"https:\/\/bozita.com\/se\/wp-content\/uploads\/sites\/5\/2021\/06\/Bozita-cat-pouch-extra-chicken-chunks-in-sauce.jpg\" class=\"attachment-post-thumbnail size-post-thumbnail wp-post-image\" alt=\"V\u00e5tfoder med smak av extra kyckling\" srcset=\"https:\/\/bozita.com\/se\/wp-content\/uploads\/sites\/5\/2021\/06\/Bozita-cat-pouch-extra-chicken-chunks-in-sauce.jpg 600w, https:\/\/bozita.com\/se\/wp-content\/uploads\/sites\/5\/2021\/06\/Bozita-cat-pouch-extra-chicken-chunks-in-sauce-300x300.jpg 300w, https:\/\/bozita.com\/se\/wp-content\/uploads\/sites\/5\/2021\/06\/Bozita-cat-pouch-extra-chicken-chunks-in-sauce-150x150.jpg 150w\" sizes=\"(max-width: 600px) 100vw, 600px\" \/>\t\t\t\t\t\t\t\t\t\t\t\t\t\t\t\t\t\t\t<\/figure>\n\t\t\t\t\t\t\t\t\t<h4 class=\"carousel-title\"><\/h4>\n\t\t\t\t\t\t\t\t\t<span class=\"carousel-category\">BITAR I S\u00c5S MED KYCKLING<\/span>\n\t\t\t\t\t\t\t\t\t  \n\t\t\t\t\t\t\t\t\t<ul class=\"category-list\">\n\t\t\t\t\t\t\t\t\t\t\t\t\t\t\t\t\t\t\t\t\t\t\t<li class=\"svg-image\">\n\t\t\t\t\t\t\t\t\t\t\t\t\t\t<img decoding=\"async\" src=\"https:\/\/bozita.com\/se\/wp-content\/uploads\/sites\/5\/2021\/06\/icon-grain-free.svg\" \/>\n\t\t\t\t\t\t\t\t\t\t\t\t\t<\/li>\n\t\t\t\t\t\t\t\t\t\t\t\t\t\t\t\t\t\t\t\t\t\t\t\t\t\t\t\t\t\t\t\t\t\t\t\t<li class=\"svg-image\">\n\t\t\t\t\t\t\t\t\t\t\t\t\t\t<img decoding=\"async\" src=\"https:\/\/bozita.com\/se\/wp-content\/uploads\/sites\/5\/2021\/06\/icon-flavour-chicken.svg\" \/>\n\t\t\t\t\t\t\t\t\t\t\t\t\t<\/li>\n\t\t\t\t\t\t\t\t\t\t\t\t\t\t\t\t\t\t\t\t\t\t<\/ul>       \n\n\t\t\t\t\t\t\t\t<\/div>\n\t\t\t\t\t\t\t<\/a>\n\t\t\t\t\t\t\t\t\t\t\t\t\t\t\t\t\t\t\t\t<a href=\"https:\/\/bozita.com\/se\/kattfoder\/bozita-bitar-i-sas-med-sill\/\">\n\t\t\t\t\t\t\t\t<div class=\"blk__prdt-item\">\n\t\t\t\t\t\t\t\t\t<figure>\n\t\t\t\t\t\t\t\t\t\t<img loading=\"lazy\" decoding=\"async\" width=\"600\" height=\"600\" src=\"https:\/\/bozita.com\/se\/wp-content\/uploads\/sites\/5\/2021\/06\/Bozita-cat-pouch-herring-sill-chunks-in-sauce.jpg\" class=\"attachment-post-thumbnail size-post-thumbnail wp-post-image\" alt=\"V\u00e5tfoder med smak av sill\" srcset=\"https:\/\/bozita.com\/se\/wp-content\/uploads\/sites\/5\/2021\/06\/Bozita-cat-pouch-herring-sill-chunks-in-sauce.jpg 600w, https:\/\/bozita.com\/se\/wp-content\/uploads\/sites\/5\/2021\/06\/Bozita-cat-pouch-herring-sill-chunks-in-sauce-300x300.jpg 300w, https:\/\/bozita.com\/se\/wp-content\/uploads\/sites\/5\/2021\/06\/Bozita-cat-pouch-herring-sill-chunks-in-sauce-150x150.jpg 150w\" sizes=\"(max-width: 600px) 100vw, 600px\" \/>\t\t\t\t\t\t\t\t\t\t\t\t\t\t\t\t\t\t\t<\/figure>\n\t\t\t\t\t\t\t\t\t<h4 class=\"carousel-title\"><\/h4>\n\t\t\t\t\t\t\t\t\t<span class=\"carousel-category\">BITAR I S\u00c5S MED SILL<\/span>\n\t\t\t\t\t\t\t\t\t  \n\t\t\t\t\t\t\t\t\t<ul class=\"category-list\">\n\t\t\t\t\t\t\t\t\t\t\t\t\t\t\t\t\t\t\t\t\t\t\t<li class=\"svg-image\">\n\t\t\t\t\t\t\t\t\t\t\t\t\t\t<img decoding=\"async\" src=\"https:\/\/bozita.com\/se\/wp-content\/uploads\/sites\/5\/2021\/06\/icon-grain-free.svg\" \/>\n\t\t\t\t\t\t\t\t\t\t\t\t\t<\/li>\n\t\t\t\t\t\t\t\t\t\t\t\t\t\t\t\t\t\t\t\t\t\t\t\t\t\t\t\t\t\t\t\t\t\t\t\t<li class=\"svg-image\">\n\t\t\t\t\t\t\t\t\t\t\t\t\t\t<img decoding=\"async\" src=\"https:\/\/bozita.com\/se\/wp-content\/uploads\/sites\/5\/2021\/06\/icon-flavour-salmon.svg\" \/>\n\t\t\t\t\t\t\t\t\t\t\t\t\t<\/li>\n\t\t\t\t\t\t\t\t\t\t\t\t\t\t\t\t\t\t\t\t\t\t<\/ul>       \n\n\t\t\t\t\t\t\t\t<\/div>\n\t\t\t\t\t\t\t<\/a>\n\t\t\t\t\t\t\t\t\t\t\t\t\t\t\t\t\t\t<\/div>\n\t\t\t\t\t\t\t<\/div>\n\t\t<\/div>\n\t<\/div>\n<\/section>\n<script>\njQuery(document).ready(function($) {\n\tjQuery('.product-promo-carousel').owlCarousel({\n\tloop: true,\n\tmargin: 10,\n\tresponsiveClass: true,\n\tresponsive: {\n\t\t0: {\n\t\titems: 1,\n\t\tnav: true\n\t\t},\n\t\t600: {\n\t\titems: 1,\n\t\tnav: true\n\t\t},\n\t\t1000: {\n\t\titems: 2,\n\t\tnav: true,\n\t\t}\n\t}\n\t})\n\tjQuery(\".owl-prev\").html('<span><<\/span>');\n\tjQuery(\".owl-next\").html('<span>><\/span>');\n\n\tvar slider = jQuery('.promo-slider-list');\n\tslider.owlCarousel();\n\tjQuery('.nextbtn-a').click(function() {\n\tslider.trigger('next.owl.carousel');\n\t})\n\t\/\/ Go to the previous item\n\tjQuery('.prebtn-a').click(function() {\n\tslider.trigger('prev.owl.carousel', [300]);\n\t})\n});\n<\/script>\n\n\n\n\t<section class=\"block related-articles\">\n\t\t<div class=\"container\">\n\t\t\t<h2>Relaterade artiklar<\/h2>\n\t\t\t<div class=\"row justify-content-center\">\n\t\t\t\t\t\t\t\t\t\t<div class=\"col-sm-6 col-md-6 col-lg-3\">\n\t\t\t\t\t\t\t\t\t\t\t\t\t\t<div class=\"card \">\n\t\t\t\t\t\t\t\t\t\t\t\t\t\t\t\t\t<img decoding=\"async\"  src=\"https:\/\/bozita.com\/se\/wp-content\/uploads\/sites\/5\/2021\/07\/bozita-katt-ratt-hull-guide.jpeg\" alt=\"\">\n\t\t\t\t\t\t\t\t\t\t\t\t\t\t\t\t\t<!-- <img decoding=\"async\" src=\"\n\t\t\t\t\t\t\t\t\t\t\t\t\t\t\t\t\t\t\t\t\" alt=\"\n\t\t\t\t\t\t\t\t\t\t\t\t\t\t\t\t\t\t\t\t\t\t\t\t\t\t\t\"> -->\n\t\t\t\t\t\t\t\t<div class=\"card-body\">\n\t\t\t\t\t\t\t\t\t\t\t\t\t\t\t\t\t\t\t<h6>Hur mycket ska en katt v\u00e4ga?<\/h6>\n\t\t\t\t\t\t\t\t\t\t\t\t\t\t\t\t\t\t\t<a href=\"https:\/\/bozita.com\/se\/katt\/kattens-halsa\/haller-din-katt-ratt-vikt-ta-hjalp-av-var-bedomningsguide\/\">L\u00e4s mer &nbsp; ><\/a>\n\t\t\t\t\t\t\t\t<\/div>\n\t\t\t\t\t\t\t<\/div>\n\t\t\t\t\t\t<\/div>\n\n\t\t\t\t\t\t\t\t\t\t\t<div class=\"col-sm-6 col-md-6 col-lg-3\">\n\t\t\t\t\t\t\t\t\t\t\t\t\t\t<div class=\"card \">\n\t\t\t\t\t\t\t\t\t\t\t\t\t\t\t\t\t<img decoding=\"async\"  src=\"https:\/\/bozita.com\/se\/wp-content\/uploads\/sites\/5\/2021\/08\/bozita-byta-foder-vuxen-katt.jpg\" alt=\"\">\n\t\t\t\t\t\t\t\t\t\t\t\t\t\t\t\t\t<!-- <img decoding=\"async\" src=\"\n\t\t\t\t\t\t\t\t\t\t\t\t\t\t\t\t\t\t\t\t\" alt=\"\n\t\t\t\t\t\t\t\t\t\t\t\t\t\t\t\t\t\t\t\t\t\t\t\t\t\t\t\"> -->\n\t\t\t\t\t\t\t\t<div class=\"card-body\">\n\t\t\t\t\t\t\t\t\t\t\t\t\t\t\t\t\t\t\t<h6>Hur byter man foder till sin katt?<\/h6>\n\t\t\t\t\t\t\t\t\t\t\t\t\t\t\t\t\t\t\t<a href=\"https:\/\/bozita.com\/se\/kattfoder\/nutrition-och-kost\/hur-byter-man-foder-till-en-vuxen-katt\/\">L\u00e4s mer &nbsp; ><\/a>\n\t\t\t\t\t\t\t\t<\/div>\n\t\t\t\t\t\t\t<\/div>\n\t\t\t\t\t\t<\/div>\n\n\t\t\t\t\t\t\t\t\t\t\t<div class=\"col-sm-6 col-md-6 col-lg-3\">\n\t\t\t\t\t\t\t\t\t\t\t\t\t\t<div class=\"card \">\n\t\t\t\t\t\t\t\t\t\t\t\t\t\t\t\t\t<img decoding=\"async\"  src=\"https:\/\/bozita.com\/se\/wp-content\/uploads\/sites\/5\/2021\/08\/bozita-katter-ar-kottatare.jpg\" alt=\"\">\n\t\t\t\t\t\t\t\t\t\t\t\t\t\t\t\t\t<!-- <img decoding=\"async\" src=\"\n\t\t\t\t\t\t\t\t\t\t\t\t\t\t\t\t\t\t\t\t\" alt=\"\n\t\t\t\t\t\t\t\t\t\t\t\t\t\t\t\t\t\t\t\t\t\t\t\t\t\t\t\"> -->\n\t\t\t\t\t\t\t\t<div class=\"card-body\">\n\t\t\t\t\t\t\t\t\t\t\t\t\t\t\t\t\t\t\t<h6>Vad \u00e4ter katter?<\/h6>\n\t\t\t\t\t\t\t\t\t\t\t\t\t\t\t\t\t\t\t<a href=\"https:\/\/bozita.com\/se\/kattfoder\/nutrition-och-kost\/protein-och-starkelse-ar-viktiga-komponenter-i-en-katts-diet\/\">L\u00e4s mer &nbsp; ><\/a>\n\t\t\t\t\t\t\t\t<\/div>\n\t\t\t\t\t\t\t<\/div>\n\t\t\t\t\t\t<\/div>\n\n\t\t\t\t\t\t\t\t\t\t\t\t<\/div>\n\t\t<\/div>\n\t<\/section>\n","protected":false},"excerpt":{"rendered":"","protected":false},"author":1,"featured_media":3466,"parent":69,"menu_order":0,"comment_status":"closed","ping_status":"closed","template":"guternberg.php","meta":{"footnotes":""},"acf":[],"yoast_head":"<!-- This site is optimized with the Yoast SEO plugin v21.3 - https:\/\/yoast.com\/wordpress\/plugins\/seo\/ -->\n<title>Katt som inte \u00e4ter eller dricker? Tips och r\u00e5d | Bozita<\/title>\n<meta name=\"description\" content=\"Anledningarna till att en katt matv\u00e4grar, inte \u00e4ter eller dricker kan vara m\u00e5nga. V\u00e5ra experter p\u00e5 Bozita ger dig tips p\u00e5 vad du kan g\u00f6ra.\" \/>\n<meta name=\"robots\" content=\"index, follow, max-snippet:-1, max-image-preview:large, max-video-preview:-1\" \/>\n<link rel=\"canonical\" href=\"https:\/\/bozita.com\/se\/kattfoder\/nutrition-och-kost\/vad-ska-man-gora-med-en-katt-som-inte-ater-eller-dricker\/\" \/>\n<meta property=\"og:locale\" content=\"sv_SE\" \/>\n<meta property=\"og:type\" content=\"article\" \/>\n<meta property=\"og:title\" content=\"Katt som inte \u00e4ter eller dricker? Tips och r\u00e5d | Bozita\" \/>\n<meta property=\"og:description\" content=\"Anledningarna till att en katt matv\u00e4grar, inte \u00e4ter eller dricker kan vara m\u00e5nga. V\u00e5ra experter p\u00e5 Bozita ger dig tips p\u00e5 vad du kan g\u00f6ra.\" \/>\n<meta property=\"og:url\" content=\"https:\/\/bozita.com\/se\/kattfoder\/nutrition-och-kost\/vad-ska-man-gora-med-en-katt-som-inte-ater-eller-dricker\/\" \/>\n<meta property=\"og:site_name\" content=\"Bozita Sverige\" \/>\n<meta property=\"article:modified_time\" content=\"2021-11-16T05:14:18+00:00\" \/>\n<meta property=\"og:image\" content=\"https:\/\/bozita.com\/se\/wp-content\/uploads\/sites\/5\/2021\/08\/bozita-katt-ater-inte-dricker-inte-krasen-dalig-aptit.jpg\" \/>\n\t<meta property=\"og:image:width\" content=\"800\" \/>\n\t<meta property=\"og:image:height\" content=\"533\" \/>\n\t<meta property=\"og:image:type\" content=\"image\/jpeg\" \/>\n<meta name=\"twitter:card\" content=\"summary_large_image\" \/>\n<!-- \/ Yoast SEO plugin. -->","yoast_head_json":{"title":"Katt som inte \u00e4ter eller dricker? Tips och r\u00e5d | Bozita","description":"Anledningarna till att en katt matv\u00e4grar, inte \u00e4ter eller dricker kan vara m\u00e5nga. V\u00e5ra experter p\u00e5 Bozita ger dig tips p\u00e5 vad du kan g\u00f6ra.","robots":{"index":"index","follow":"follow","max-snippet":"max-snippet:-1","max-image-preview":"max-image-preview:large","max-video-preview":"max-video-preview:-1"},"canonical":"https:\/\/bozita.com\/se\/kattfoder\/nutrition-och-kost\/vad-ska-man-gora-med-en-katt-som-inte-ater-eller-dricker\/","og_locale":"sv_SE","og_type":"article","og_title":"Katt som inte \u00e4ter eller dricker? Tips och r\u00e5d | Bozita","og_description":"Anledningarna till att en katt matv\u00e4grar, inte \u00e4ter eller dricker kan vara m\u00e5nga. V\u00e5ra experter p\u00e5 Bozita ger dig tips p\u00e5 vad du kan g\u00f6ra.","og_url":"https:\/\/bozita.com\/se\/kattfoder\/nutrition-och-kost\/vad-ska-man-gora-med-en-katt-som-inte-ater-eller-dricker\/","og_site_name":"Bozita Sverige","article_modified_time":"2021-11-16T05:14:18+00:00","og_image":[{"width":800,"height":533,"url":"https:\/\/bozita.com\/se\/wp-content\/uploads\/sites\/5\/2021\/08\/bozita-katt-ater-inte-dricker-inte-krasen-dalig-aptit.jpg","type":"image\/jpeg"}],"twitter_card":"summary_large_image","schema":{"@context":"https:\/\/schema.org","@graph":[{"@type":"WebPage","@id":"https:\/\/bozita.com\/se\/kattfoder\/nutrition-och-kost\/vad-ska-man-gora-med-en-katt-som-inte-ater-eller-dricker\/","url":"https:\/\/bozita.com\/se\/kattfoder\/nutrition-och-kost\/vad-ska-man-gora-med-en-katt-som-inte-ater-eller-dricker\/","name":"Katt som inte \u00e4ter eller dricker? Tips och r\u00e5d | Bozita","isPartOf":{"@id":"https:\/\/bozita.com\/se\/#website"},"datePublished":"2021-06-21T21:50:47+00:00","dateModified":"2021-11-16T05:14:18+00:00","description":"Anledningarna till att en katt matv\u00e4grar, inte \u00e4ter eller dricker kan vara m\u00e5nga. V\u00e5ra experter p\u00e5 Bozita ger dig tips p\u00e5 vad du kan g\u00f6ra.","breadcrumb":{"@id":"https:\/\/bozita.com\/se\/kattfoder\/nutrition-och-kost\/vad-ska-man-gora-med-en-katt-som-inte-ater-eller-dricker\/#breadcrumb"},"inLanguage":"sv-SE","potentialAction":[{"@type":"ReadAction","target":["https:\/\/bozita.com\/se\/kattfoder\/nutrition-och-kost\/vad-ska-man-gora-med-en-katt-som-inte-ater-eller-dricker\/"]}]},{"@type":"BreadcrumbList","@id":"https:\/\/bozita.com\/se\/kattfoder\/nutrition-och-kost\/vad-ska-man-gora-med-en-katt-som-inte-ater-eller-dricker\/#breadcrumb","itemListElement":[{"@type":"ListItem","position":1,"name":"Home","item":"https:\/\/bozita.com\/se\/"},{"@type":"ListItem","position":2,"name":"Kattfoder","item":"https:\/\/bozita.com\/se\/kattfoder\/"},{"@type":"ListItem","position":3,"name":"Nutrition och kost","item":"https:\/\/bozita.com\/se\/kattfoder\/nutrition-och-kost\/"},{"@type":"ListItem","position":4,"name":"Katt som inte \u00e4ter eller dricker?"}]},{"@type":"WebSite","@id":"https:\/\/bozita.com\/se\/#website","url":"https:\/\/bozita.com\/se\/","name":"Bozita Sverige","description":"","potentialAction":[{"@type":"SearchAction","target":{"@type":"EntryPoint","urlTemplate":"https:\/\/bozita.com\/se\/?s={search_term_string}"},"query-input":"required name=search_term_string"}],"inLanguage":"sv-SE"}]}},"_links":{"self":[{"href":"https:\/\/bozita.com\/se\/wp-json\/wp\/v2\/pages\/1658"}],"collection":[{"href":"https:\/\/bozita.com\/se\/wp-json\/wp\/v2\/pages"}],"about":[{"href":"https:\/\/bozita.com\/se\/wp-json\/wp\/v2\/types\/page"}],"author":[{"embeddable":true,"href":"https:\/\/bozita.com\/se\/wp-json\/wp\/v2\/users\/1"}],"replies":[{"embeddable":true,"href":"https:\/\/bozita.com\/se\/wp-json\/wp\/v2\/comments?post=1658"}],"version-history":[{"count":11,"href":"https:\/\/bozita.com\/se\/wp-json\/wp\/v2\/pages\/1658\/revisions"}],"predecessor-version":[{"id":7375,"href":"https:\/\/bozita.com\/se\/wp-json\/wp\/v2\/pages\/1658\/revisions\/7375"}],"up":[{"embeddable":true,"href":"https:\/\/bozita.com\/se\/wp-json\/wp\/v2\/pages\/69"}],"wp:featuredmedia":[{"embeddable":true,"href":"https:\/\/bozita.com\/se\/wp-json\/wp\/v2\/media\/3466"}],"wp:attachment":[{"href":"https:\/\/bozita.com\/se\/wp-json\/wp\/v2\/media?parent=1658"}],"curies":[{"name":"wp","href":"https:\/\/api.w.org\/{rel}","templated":true}]}}